{"id":2482,"date":"2026-04-02T13:46:44","date_gmt":"2026-04-02T13:46:44","guid":{"rendered":"https:\/\/www.elementlogic.net\/nl\/?page_id=2482"},"modified":"2026-04-02T13:46:45","modified_gmt":"2026-04-02T13:46:45","slug":"cold-storage-industry","status":"publish","type":"page","link":"https:\/\/www.elementlogic.net\/nl\/cold-storage-industry\/","title":{"rendered":"Cold Storage Industry"},"content":{"rendered":"\n\t\t<div style=\"--dekode-hero-dim:0.5; --t2-icon-fill:var(--wp--preset--color--white);\" class=\"alignfull dekode-hero-content-position-center has-media-background wp-block-dekode-hero has-text-color has-white-color\">\n\t\t\t<img loading=\"lazy\" decoding=\"async\" width=\"1024\" height=\"683\" src=\"https:\/\/www.elementlogic.net\/content\/uploads\/sites\/20\/2026\/03\/cold-storage2-1-1024x683.png\" class=\"dekode-hero__image\" alt=\"\" style=\"--focalpoint: 51% 30%;\" srcset=\"https:\/\/www.elementlogic.net\/content\/uploads\/sites\/20\/2026\/03\/cold-storage2-1-1024x683.png 1024w, https:\/\/www.elementlogic.net\/content\/uploads\/sites\/20\/2026\/03\/cold-storage2-1-300x200.png 300w, https:\/\/www.elementlogic.net\/content\/uploads\/sites\/20\/2026\/03\/cold-storage2-1-768x512.png 768w, https:\/\/www.elementlogic.net\/content\/uploads\/sites\/20\/2026\/03\/cold-storage2-1.png 1536w\" sizes=\"(max-width: 1024px) 100vw, 1024px\" \/>\n\t\t\t<div class=\"dekode-hero__content\">\n\t\t\t\t<div class=\"dekode-hero__container\">\n\t\t\t\t\t\n\n<p><\/p>\n\n\n\n<h1 class=\"wp-block-heading\" id=\"h-cold-storage\">Cold Storage<\/h1>\n\n\n<p class=\"t2-ingress wp-block-t2-ingress\">Optimaliseer elke graad in uw magazijn<\/p>\n\n\n<div class=\"wp-block-buttons is-layout-flex wp-block-buttons-is-layout-flex\">\n<div class=\"wp-block-button hs-cta-trigger-button hs-cta-trigger-button-195241208906\"><a class=\"wp-block-button__link wp-element-button\" href=\"https:\/\/www.elementlogic.net\/nl\/contact\/\">Contacteer ons<\/a><\/div>\n<\/div>\n\n\n\t\t\t\t<\/div>\n\t\t\t<\/div>\n\t\t<\/div>\n\t\t\n\n<p class=\"t2-ingress wp-block-t2-ingress\">Koelopslagoperaties staan onder voortdurende druk: stijgende energiekosten, strikte temperatuureisen en personeelsuitdagingen in veeleisende werkomgevingen. Tegelijkertijd neemt de vraag naar diepvries- en gekoelde producten \u2013 van voedsel tot farmaceutica \u2013 snel toe.<\/p>\n\n\n<p><\/p>\n\n\n\n<p>Element Logic helpt aanbieders van koelopslag de capaciteit te maximaliseren, arbeidskosten te minimaliseren en de productintegriteit te beschermen met automatisering die is ontworpen voor diepvries-, gekoelde- en ambientzones. Met meer dan 40 jaar intralogistieke ervaring stellen wij bedrijven in staat goederen effici\u00ebnt te laten doorstromen \u2014 zelfs in extreme omgevingen.<\/p>\n\n\n\n<div class=\"wp-block-group alignwide has-global-padding is-layout-constrained wp-block-group-is-layout-constrained\">\n<h2 class=\"wp-block-heading wp-container-content-1\" id=\"h-uitdagingen-in-cold-storage-operations\">Uitdagingen in Cold Storage Operations<\/h2>\n\n\n\n<ul class=\"wp-block-list\">\n<li><strong>Hoge energiekosten beheersen<\/strong> terwijl de <strong>kubieke opslagruimte wordt geoptimaliseerd<\/strong><\/li>\n\n\n\n<li><strong>Personeelstekorten overwinnen<\/strong> in lage-temperatuuromgevingen<\/li>\n\n\n\n<li><strong>Strikte naleving van temperatuurregels<\/strong> en traceerbaarheid handhaven<\/li>\n\n\n\n<li><strong>Voldoen aan de toenemende vraag<\/strong> naar gekoeld en bevroren voedsel, dranken en farmaceutica<\/li>\n\n\n\n<li><strong>Complexe multi-temperatuurvoorraad<\/strong> effici\u00ebnt beheren<\/li>\n<\/ul>\n<\/div>\n\n\n\n<div class=\"wp-block-group alignwide has-global-padding is-layout-constrained wp-block-group-is-layout-constrained\">\n<h2 class=\"wp-block-heading wp-container-content-2\" id=\"h-waarom-cold-storage-providers-voor-element-logic-kiezen-nbsp-nbsp\"><strong>Waarom Cold Storage Providers voor Element Logic kiezen&nbsp;<\/strong>&nbsp;<\/h2>\n\n\n\n<ul class=\"wp-block-list\">\n<li><strong>Opslagdichtheid maximaliseren<\/strong> om energiekosten per opgeslagen eenheid te verlagen<\/li>\n\n\n\n<li><strong>Afhankelijkheid van arbeid verminderen in extreme omstandigheden<\/strong><\/li>\n\n\n\n<li><strong>Naleving<\/strong> van strikte temperatuurvoorschriften waarborgen<\/li>\n\n\n\n<li><strong>Operaties opschalen<\/strong> over diepvries-, gekoelde- en ambientzones<\/li>\n<\/ul>\n<\/div>\n\n\n\n<div style=\"height:100px\" aria-hidden=\"true\" class=\"wp-block-spacer\"><\/div>\n\n\n\n\t\t<div style=\"--dekode-hero-dim:0.6; --t2-icon-fill:var(--wp--preset--color--white);\" class=\"alignfull dekode-hero-content-position-center has-media-background wp-block-dekode-hero has-text-color has-white-color\">\n\t\t\t<img loading=\"lazy\" decoding=\"async\" width=\"1024\" height=\"324\" src=\"https:\/\/www.elementlogic.net\/content\/uploads\/sites\/20\/2026\/03\/20190730_ElementLogic_ONLINE_DSC_4622-WP-3-1024x324.jpg\" class=\"dekode-hero__image\" alt=\"\" style=\"--focalpoint: 62% 52%;\" srcset=\"https:\/\/www.elementlogic.net\/content\/uploads\/sites\/20\/2026\/03\/20190730_ElementLogic_ONLINE_DSC_4622-WP-3-1024x324.jpg 1024w, https:\/\/www.elementlogic.net\/content\/uploads\/sites\/20\/2026\/03\/20190730_ElementLogic_ONLINE_DSC_4622-WP-3-300x95.jpg 300w, https:\/\/www.elementlogic.net\/content\/uploads\/sites\/20\/2026\/03\/20190730_ElementLogic_ONLINE_DSC_4622-WP-3-768x243.jpg 768w, https:\/\/www.elementlogic.net\/content\/uploads\/sites\/20\/2026\/03\/20190730_ElementLogic_ONLINE_DSC_4622-WP-3-1536x485.jpg 1536w, https:\/\/www.elementlogic.net\/content\/uploads\/sites\/20\/2026\/03\/20190730_ElementLogic_ONLINE_DSC_4622-WP-3.jpg 2000w\" sizes=\"(max-width: 1024px) 100vw, 1024px\" \/>\n\t\t\t<div class=\"dekode-hero__content\">\n\t\t\t\t<div class=\"dekode-hero__container\">\n\t\t\t\t\t\n\n<h1 class=\"wp-block-heading\" id=\"h-hoe-element-logic-de-efficientie-van-cold-storage-verbetert-nbsp\"><strong>Hoe Element Logic de efficientie van Cold Storage verbetert<\/strong>&nbsp;<\/h1>\n\n\n<p class=\"t2-ingress wp-block-t2-ingress\">Wij integreren meerdere technologie\u00ebn in \u00e9\u00e9n naadloos systeem, zodat u kunt opschalen zonder compromissen:<\/p>\n\n\t\t\t\t<\/div>\n\t\t\t<\/div>\n\t\t<\/div>\n\t\t\n\n\n\t\t<div style=\"--link-cards-grid-columns: 3\" class=\"dekode-link-cards has-3-columns alignwide wp-block-dekode-link-cards\">\n\t\t\t<div class=\"dekode-link-cards__items\">\n\t\t\t\t\n<div class=\"wp-block-dekode-link-card has-background has-primary-background-color\"><img loading=\"lazy\" decoding=\"async\" width=\"768\" height=\"512\" src=\"https:\/\/www.elementlogic.net\/content\/uploads\/sites\/20\/2026\/03\/AutoStoreSystem-1920x1080px-_1-1-768x512.jpg\" class=\"\" alt=\"\" \/>\t<div class=\"dekode-link-card__content\">\n\t\t\t\t<p class=\"dekode-link-card__title\">\n\t\t\tAutomated Storage &amp; Retrieval Systems (ASRS)\t\t<\/p>\n\t\t\t\t\t<p class=\"dekode-link-card__description\">Sla meer op in minder ruimte met ultradichte, temperatuurgecontroleerde automatisering \u2014 ideaal voor diepvries- en gekoelde omgevingen.\u00a0<\/p>\n\t\t\t<\/div>\n\t<\/div>\n\n<div class=\"wp-block-dekode-link-card has-background has-primary-background-color\"><img loading=\"lazy\" decoding=\"async\" width=\"768\" height=\"513\" src=\"https:\/\/www.elementlogic.net\/content\/uploads\/sites\/20\/2026\/02\/ElementLogic_Conveyors-in-action-768x513-1.jpg\" class=\"\" alt=\"\" \/>\t<div class=\"dekode-link-card__content\">\n\t\t\t\t<p class=\"dekode-link-card__title\">\n\t\t\tConveyor Solutions\t\t<\/p>\n\t\t\t\t\t<p class=\"dekode-link-card__description\">Houd producten naadloos in beweging tussen picking-, pack- en verzendzones, terwijl de cold chain intact blijft.<\/p>\n\t\t\t<\/div>\n\t<\/div>\n\n<div class=\"wp-block-dekode-link-card has-background has-primary-background-color\"><img loading=\"lazy\" decoding=\"async\" width=\"498\" height=\"332\" src=\"https:\/\/www.elementlogic.net\/content\/uploads\/sites\/20\/2026\/03\/DSCF2940_TSPNT_v2-Custom-2.png\" class=\"\" alt=\"\" \/>\t<div class=\"dekode-link-card__content\">\n\t\t\t\t<p class=\"dekode-link-card__title\">\n\t\t\tPicking &amp; Packing Solutions\t\t<\/p>\n\t\t\t\t\t<p class=\"dekode-link-card__description\">Verminder verwerkingstijd en blootstelling met ergonomische, effici\u00ebnte werkstations die zijn afgestemd op gekoelde en diepvriesoperaties.<\/p>\n\t\t\t<\/div>\n\t<\/div>\n\n<div class=\"wp-block-dekode-link-card has-background has-primary-background-color\"><img loading=\"lazy\" decoding=\"async\" width=\"768\" height=\"513\" src=\"https:\/\/www.elementlogic.net\/content\/uploads\/sites\/20\/2026\/03\/REISSER_Schraubentechnik_DE_ELE_01764-1-1-768x513.jpg\" class=\"\" alt=\"\" \/>\t<div class=\"dekode-link-card__content\">\n\t\t\t\t<p class=\"dekode-link-card__title\">\n\t\t\tAutonomous Vehicles\t\t<\/p>\n\t\t\t\t\t<p class=\"dekode-link-card__description\">Transporteer goederen tussen zones zonder medewerkers bloot te stellen aan extreme kou, waardoor arbeid wordt ontlast en de veiligheid toeneemt.<\/p>\n\t\t\t<\/div>\n\t<\/div>\n\n<div class=\"wp-block-dekode-link-card has-background has-primary-background-color\"><img loading=\"lazy\" decoding=\"async\" width=\"768\" height=\"512\" src=\"https:\/\/www.elementlogic.net\/content\/uploads\/sites\/20\/2026\/03\/EL_Solar_eOperator_robot-1-768x512.jpg\" class=\"\" alt=\"\" \/>\t<div class=\"dekode-link-card__content\">\n\t\t\t\t<p class=\"dekode-link-card__title\">\n\t\t\tRobotic Picking\t\t<\/p>\n\t\t\t\t\t<p class=\"dekode-link-card__description\">Automatiseer repetitieve taken in koude omgevingen om snelheid, nauwkeurigheid en veiligheid van medewerkers te verbeteren.<\/p>\n\t\t\t<\/div>\n\t<\/div>\n\n<div class=\"wp-block-dekode-link-card has-background has-primary-background-color\"><img loading=\"lazy\" decoding=\"async\" width=\"768\" height=\"512\" src=\"https:\/\/www.elementlogic.net\/content\/uploads\/sites\/20\/2026\/03\/Element_logic_FDS_Kalle_warehousev2-4-768x512.jpg\" class=\"\" alt=\"\" \/>\t<div class=\"dekode-link-card__content\">\n\t\t\t\t<p class=\"dekode-link-card__title\">\n\t\t\tStatic Storage Solutions\t\t<\/p>\n\t\t\t\t\t<p class=\"dekode-link-card__description\">Ondersteun omvangrijke, langzaam bewegende of grote goederen met statische rekken die eenvoudig integreren met geautomatiseerde systemen.<\/p>\n\t\t\t<\/div>\n\t<\/div>\n\n\t\t\t<\/div>\n\t\t<\/div>\n\n\n<div style=\"height:100px;width:0px\" aria-hidden=\"true\" class=\"wp-block-spacer\"><\/div>\n\n\n\n\t\t<div style=\"--dekode-hero-dim:0.6; --t2-icon-fill:var(--wp--preset--color--white);\" class=\"alignfull dekode-hero-content-position-center has-media-background wp-block-dekode-hero has-text-color has-white-color\">\n\t\t\t<img loading=\"lazy\" decoding=\"async\" width=\"1024\" height=\"683\" src=\"https:\/\/www.elementlogic.net\/content\/uploads\/sites\/20\/2026\/03\/Fiege_1-4.jpg\" class=\"dekode-hero__image\" alt=\"\" style=\"--focalpoint: 75% 71%;\" srcset=\"https:\/\/www.elementlogic.net\/content\/uploads\/sites\/20\/2026\/03\/Fiege_1-4.jpg 1024w, https:\/\/www.elementlogic.net\/content\/uploads\/sites\/20\/2026\/03\/Fiege_1-4-300x200.jpg 300w, https:\/\/www.elementlogic.net\/content\/uploads\/sites\/20\/2026\/03\/Fiege_1-4-768x512.jpg 768w\" sizes=\"(max-width: 1024px) 100vw, 1024px\" \/>\n\t\t\t<div class=\"dekode-hero__content\">\n\t\t\t\t<div class=\"dekode-hero__container\">\n\t\t\t\t\t\n\n<h1 class=\"wp-block-heading\" id=\"h-keep-your-cold-chain-moving-with-intelligent-automation\"><strong>Keep your cold chain moving with intelligent automation.<\/strong><\/h1>\n\n\n\n<div class=\"wp-block-buttons is-layout-flex wp-block-buttons-is-layout-flex\">\n<div class=\"wp-block-button http:\/\/hs-cta-trigger-button hs-cta-trigger-button-195241208906\"><a class=\"wp-block-button__link wp-element-button\" href=\"https:\/\/www.elementlogic.net\/nl\/contact\/\"><strong>Contacteer ons vandaag<\/strong><\/a><\/div>\n<\/div>\n\n\n\t\t\t\t<\/div>\n\t\t\t<\/div>\n\t\t<\/div>\n\t\t\n\n\n<p><\/p>\n","protected":false},"excerpt":{"rendered":"<p>Element Logic helpt aanbieders van koelopslag de capaciteit te maximaliseren, arbeidskosten te minimaliseren en de productintegriteit te beschermen met automatisering [&hellip;]<\/p>\n","protected":false},"author":2,"featured_media":0,"parent":0,"menu_order":0,"comment_status":"closed","ping_status":"closed","template":"","meta":{"hreflang_relation":0,"_el_cross_publish_source_blog_url":"","_el_cross_publish_source_blog_id":0,"_el_cross_publish_source_post_id":0,"_el_cross_publish_sync_state":"","exclude_from_search":false,"footnotes":""},"class_list":["post-2482","page","type-page","status-publish","hentry"],"yoast_head":"<!-- This site is optimized with the Yoast SEO Premium plugin v23.9 (Yoast SEO v23.9) - https:\/\/yoast.com\/wordpress\/plugins\/seo\/ -->\n<title>Cold Storage Industry - Element Logic BeNeLux<\/title>\n<meta name=\"robots\" content=\"index, follow, max-snippet:-1, max-image-preview:large, max-video-preview:-1\" \/>\n<link rel=\"canonical\" href=\"https:\/\/www.elementlogic.net\/nl\/cold-storage-industry\/\" \/>\n<meta property=\"og:locale\" content=\"en_US\" \/>\n<meta property=\"og:type\" content=\"article\" \/>\n<meta property=\"og:title\" content=\"Cold Storage Industry\" \/>\n<meta property=\"og:description\" content=\"Element Logic helpt aanbieders van koelopslag de capaciteit te maximaliseren, arbeidskosten te minimaliseren en de productintegriteit te beschermen met automatisering [&hellip;]\" \/>\n<meta property=\"og:url\" content=\"https:\/\/www.elementlogic.net\/nl\/cold-storage-industry\/\" \/>\n<meta property=\"og:site_name\" content=\"Element Logic BeNeLux\" \/>\n<meta property=\"article:modified_time\" content=\"2026-04-02T13:46:45+00:00\" \/>\n<meta name=\"twitter:card\" content=\"summary_large_image\" \/>\n<meta name=\"twitter:label1\" content=\"Est. reading time\" \/>\n\t<meta name=\"twitter:data1\" content=\"1 minute\" \/>\n<script type=\"application\/ld+json\" class=\"yoast-schema-graph\">{\"@context\":\"https:\/\/schema.org\",\"@graph\":[{\"@type\":\"WebPage\",\"@id\":\"https:\/\/www.elementlogic.net\/nl\/cold-storage-industry\/\",\"url\":\"https:\/\/www.elementlogic.net\/nl\/cold-storage-industry\/\",\"name\":\"Cold Storage Industry - Element Logic BeNeLux\",\"isPartOf\":{\"@id\":\"https:\/\/www.elementlogic.net\/nl\/#website\"},\"datePublished\":\"2026-04-02T13:46:44+00:00\",\"dateModified\":\"2026-04-02T13:46:45+00:00\",\"inLanguage\":\"en-US\",\"potentialAction\":[{\"@type\":\"ReadAction\",\"target\":[\"https:\/\/www.elementlogic.net\/nl\/cold-storage-industry\/\"]}]},{\"@type\":\"WebSite\",\"@id\":\"https:\/\/www.elementlogic.net\/nl\/#website\",\"url\":\"https:\/\/www.elementlogic.net\/nl\/\",\"name\":\"Element Logic BeNeLux\",\"description\":\"\",\"potentialAction\":[{\"@type\":\"SearchAction\",\"target\":{\"@type\":\"EntryPoint\",\"urlTemplate\":\"https:\/\/www.elementlogic.net\/nl\/?s={search_term_string}\"},\"query-input\":{\"@type\":\"PropertyValueSpecification\",\"valueRequired\":true,\"valueName\":\"search_term_string\"}}],\"inLanguage\":\"en-US\"}]}<\/script>\n<!-- \/ Yoast SEO Premium plugin. -->","yoast_head_json":{"title":"Cold Storage Industry - Element Logic BeNeLux","robots":{"index":"index","follow":"follow","max-snippet":"max-snippet:-1","max-image-preview":"max-image-preview:large","max-video-preview":"max-video-preview:-1"},"canonical":"https:\/\/www.elementlogic.net\/nl\/cold-storage-industry\/","og_locale":"en_US","og_type":"article","og_title":"Cold Storage Industry","og_description":"Element Logic helpt aanbieders van koelopslag de capaciteit te maximaliseren, arbeidskosten te minimaliseren en de productintegriteit te beschermen met automatisering [&hellip;]","og_url":"https:\/\/www.elementlogic.net\/nl\/cold-storage-industry\/","og_site_name":"Element Logic BeNeLux","article_modified_time":"2026-04-02T13:46:45+00:00","twitter_card":"summary_large_image","twitter_misc":{"Est. reading time":"1 minute"},"schema":{"@context":"https:\/\/schema.org","@graph":[{"@type":"WebPage","@id":"https:\/\/www.elementlogic.net\/nl\/cold-storage-industry\/","url":"https:\/\/www.elementlogic.net\/nl\/cold-storage-industry\/","name":"Cold Storage Industry - Element Logic BeNeLux","isPartOf":{"@id":"https:\/\/www.elementlogic.net\/nl\/#website"},"datePublished":"2026-04-02T13:46:44+00:00","dateModified":"2026-04-02T13:46:45+00:00","inLanguage":"en-US","potentialAction":[{"@type":"ReadAction","target":["https:\/\/www.elementlogic.net\/nl\/cold-storage-industry\/"]}]},{"@type":"WebSite","@id":"https:\/\/www.elementlogic.net\/nl\/#website","url":"https:\/\/www.elementlogic.net\/nl\/","name":"Element Logic BeNeLux","description":"","potentialAction":[{"@type":"SearchAction","target":{"@type":"EntryPoint","urlTemplate":"https:\/\/www.elementlogic.net\/nl\/?s={search_term_string}"},"query-input":{"@type":"PropertyValueSpecification","valueRequired":true,"valueName":"search_term_string"}}],"inLanguage":"en-US"}]}},"_links":{"self":[{"href":"https:\/\/www.elementlogic.net\/nl\/wp-json\/wp\/v2\/pages\/2482"}],"collection":[{"href":"https:\/\/www.elementlogic.net\/nl\/wp-json\/wp\/v2\/pages"}],"about":[{"href":"https:\/\/www.elementlogic.net\/nl\/wp-json\/wp\/v2\/types\/page"}],"author":[{"embeddable":true,"href":"https:\/\/www.elementlogic.net\/nl\/wp-json\/wp\/v2\/users\/2"}],"replies":[{"embeddable":true,"href":"https:\/\/www.elementlogic.net\/nl\/wp-json\/wp\/v2\/comments?post=2482"}],"version-history":[{"count":5,"href":"https:\/\/www.elementlogic.net\/nl\/wp-json\/wp\/v2\/pages\/2482\/revisions"}],"predecessor-version":[{"id":2920,"href":"https:\/\/www.elementlogic.net\/nl\/wp-json\/wp\/v2\/pages\/2482\/revisions\/2920"}],"wp:attachment":[{"href":"https:\/\/www.elementlogic.net\/nl\/wp-json\/wp\/v2\/media?parent=2482"}],"curies":[{"name":"wp","href":"https:\/\/api.w.org\/{rel}","templated":true}]}}