{"id":2506,"date":"2026-04-02T10:56:04","date_gmt":"2026-04-02T10:56:04","guid":{"rendered":"https:\/\/www.elementlogic.net\/nl\/?page_id=2506"},"modified":"2026-04-02T14:27:02","modified_gmt":"2026-04-02T14:27:02","slug":"element-logic-warehouse-software","status":"publish","type":"page","link":"https:\/\/www.elementlogic.net\/nl\/element-logic-warehouse-software\/","title":{"rendered":"Element Logic Warehouse Software"},"content":{"rendered":"\n\t\t<div style=\"--dekode-hero-dim:0.5; --t2-icon-fill:var(--wp--preset--color--white);\" class=\"alignfull dekode-hero-content-position-center has-media-background wp-block-dekode-hero has-text-color has-white-color\">\n\t\t\t\t\t<video\n\t\t\tautoplay\n\t\t\tloop\n\t\t\tmuted\n\t\t\tplaysinline\n\t\t\tposter=\"https:\/\/www.elementlogic.net\/content\/uploads\/sites\/20\/2020\/11\/Featured-image-AutoStore-at-Proshop.webp\"\n\t\t\tsrc=\"https:\/\/www.elementlogic.net\/content\/uploads\/2024\/08\/software.mp4\">\n\t\t<\/video>\n\t\t\n\t\t\t<div class=\"dekode-hero__content\">\n\t\t\t\t<div class=\"dekode-hero__container\">\n\t\t\t\t\t\n\n<h1 class=\"wp-block-heading\" id=\"h-element-logic-warehouse-software\"><strong>Element Logic Warehouse Software<\/strong><\/h1>\n\n\n<p class=\"t2-ingress wp-block-t2-ingress\">Optimaliseer elk proces. Maximaliseer uw prestaties.<\/p>\n\n\t\t\t\t<\/div>\n\t\t\t<\/div>\n\t\t<\/div>\n\t\t\n\n\n<p>Tegenwoordig zijn magazijnen afhankelijk van datagedreven precisie om concurrerend te blijven. De magazijnsoftware van Element Logic verbindt elke stap van uw workflow \u2013 van inbound tot outbound \u2013 in \u00e9\u00e9n intelligent systeem dat effici\u00ebntie, nauwkeurigheid en controle verhoogt.<\/p>\n\n\n\n<p>Ons softwareaanbod omvat <a href=\"https:\/\/www.elementlogic.net\/nl\/warehouse-control-systems-wcs\/\">Warehouse Control Systems (WCS)<\/a> en <a href=\"https:\/\/www.elementlogic.net\/nl\/warehouse-intelligence-software\/\">Warehouse Intelligence Software (eLogiq)<\/a>, waarmee mens, robot en data als \u00e9\u00e9n geoptimaliseerd ecosysteem samenwerken.<\/p>\n\n\n\n\t\t<div class=\"alignwide is-mode-constrained is-gap-center has-media-on-the-right wp-block-t2-simple-media-text   \">\n\t\t\t<div class=\"t2-simple-media-text__container\">\n\t\t\t\t<div class=\"t2-simple-media-text__image\"><img loading=\"lazy\" decoding=\"async\" width=\"768\" height=\"721\" src=\"https:\/\/www.elementlogic.net\/content\/uploads\/sites\/20\/2026\/04\/emanager-solutions-1024x961-1-4-768x721.jpg\" class=\"\" alt=\"\" style=\"--focalpoint: 50% 50%;\" srcset=\"https:\/\/www.elementlogic.net\/content\/uploads\/sites\/20\/2026\/04\/emanager-solutions-1024x961-1-4-768x721.jpg 768w, https:\/\/www.elementlogic.net\/content\/uploads\/sites\/20\/2026\/04\/emanager-solutions-1024x961-1-4-300x282.jpg 300w, https:\/\/www.elementlogic.net\/content\/uploads\/sites\/20\/2026\/04\/emanager-solutions-1024x961-1-4.jpg 1024w\" sizes=\"(max-width: 768px) 100vw, 768px\" \/><\/div>\n\t\t\t\t<div class=\"t2-simple-media-text__content-container\">\n\t\t\t\t\t<div class=\"t2-simple-media-text__content\">\n\t\t\t\t\t\t<div class=\"t2-simple-media-text__content-inner\">\n\t\t\t\t\t\t\t\n\n<h3 class=\"wp-block-heading\" id=\"h-totale-controle-door-intelligente-coordinatie\"><strong>Totale controle door intelligente co\u00f6rdinatie<\/strong><\/h3>\n\n\n\n<p><br>Onze Warehouse Control Systems (WCS) zorgen voor naadloze co\u00f6rdinatie tussen geautomatiseerde apparatuur en handmatige taken. Door elke beweging in real-time te monitoren, beheren en synchroniseren, fungeert WCS als de operationele ruggengraat van uw geautomatiseerde magazijn.<\/p>\n\n\n\n<p><strong>Minimize downtime. Maximize flow.<\/strong><\/p>\n\n\n\n<div class=\"wp-block-button\"><a class=\"wp-block-button__link wp-element-button\" href=\"https:\/\/www.elementlogic.net\/nl\/warehouse-control-systems-wcs\/\">Ontdek Warehouse Control Systems<\/a><\/div>\n\n\n\t\t\t\t\t\t<\/div>\n\t\t\t\t\t<\/div>\n\t\t\t\t<\/div>\n\t\t\t<\/div>\n\t\t<\/div>\n\t\t\n\n\n\t\t<div class=\"alignwide is-mode-constrained is-gap-center wp-block-t2-simple-media-text   \">\n\t\t\t<div class=\"t2-simple-media-text__container\">\n\t\t\t\t<div class=\"t2-simple-media-text__image\"><img loading=\"lazy\" decoding=\"async\" width=\"768\" height=\"512\" src=\"https:\/\/www.elementlogic.net\/content\/uploads\/sites\/20\/2026\/04\/image-128-2-1-768x512.png\" class=\"\" alt=\"\" style=\"--focalpoint: 50% 50%;\" srcset=\"https:\/\/www.elementlogic.net\/content\/uploads\/sites\/20\/2026\/04\/image-128-2-1-768x512.png 768w, https:\/\/www.elementlogic.net\/content\/uploads\/sites\/20\/2026\/04\/image-128-2-1-300x200.png 300w, https:\/\/www.elementlogic.net\/content\/uploads\/sites\/20\/2026\/04\/image-128-2-1-1024x683.png 1024w, https:\/\/www.elementlogic.net\/content\/uploads\/sites\/20\/2026\/04\/image-128-2-1-1536x1024.png 1536w, https:\/\/www.elementlogic.net\/content\/uploads\/sites\/20\/2026\/04\/image-128-2-1.png 2048w\" sizes=\"(max-width: 768px) 100vw, 768px\" \/><\/div>\n\t\t\t\t<div class=\"t2-simple-media-text__content-container\">\n\t\t\t\t\t<div class=\"t2-simple-media-text__content\">\n\t\t\t\t\t\t<div class=\"t2-simple-media-text__content-inner\">\n\t\t\t\t\t\t\t\n\n<h3 class=\"wp-block-heading\" id=\"h-slimmere-beslissingen-met-warehouse-intelligence-software-elogiq\"><strong>Slimmere beslissingen met Warehouse Intelligence Software (eLogiq)<\/strong><\/h3>\n\n\n\n<p><br><strong>Warehouse Intelligence Software (eLogiq)<\/strong> zet magazijndata om in bruikbare inzichten. Het biedt realtime prestatie-dashboards, voorspellende analyses en systeemaanbevelingen die u helpen om effici\u00ebntie continu te verbeteren, verspilling te verminderen en het gebruik van personeel te optimaliseren.<\/p>\n\n\n\n<p><strong>Minimize uncertainty. Maximize performance.<\/strong><\/p>\n\n\n\n<div class=\"wp-block-button\"><a class=\"wp-block-button__link wp-element-button\" href=\"https:\/\/www.elementlogic.net\/nl\/warehouse-intelligence-software\/\">Ontdek Warehouse Intelligence Software<\/a><\/div>\n\n\n\t\t\t\t\t\t<\/div>\n\t\t\t\t\t<\/div>\n\t\t\t\t<\/div>\n\t\t\t<\/div>\n\t\t<\/div>\n\t\t\n\n\n<p><\/p>\n","protected":false},"excerpt":{"rendered":"<p>Tegenwoordig zijn magazijnen afhankelijk van datagedreven precisie om concurrerend te blijven. De magazijnsoftware van Element Logic verbindt elke stap van [&hellip;]<\/p>\n","protected":false},"author":2,"featured_media":0,"parent":0,"menu_order":0,"comment_status":"closed","ping_status":"closed","template":"","meta":{"hreflang_relation":0,"_el_cross_publish_source_blog_url":"","_el_cross_publish_source_blog_id":0,"_el_cross_publish_source_post_id":0,"_el_cross_publish_sync_state":"","exclude_from_search":false,"footnotes":""},"class_list":["post-2506","page","type-page","status-publish","hentry"],"yoast_head":"<!-- This site is optimized with the Yoast SEO Premium plugin v23.9 (Yoast SEO v23.9) - https:\/\/yoast.com\/wordpress\/plugins\/seo\/ -->\n<title>Element Logic Warehouse Software - Element Logic BeNeLux<\/title>\n<meta name=\"robots\" content=\"index, follow, max-snippet:-1, max-image-preview:large, max-video-preview:-1\" \/>\n<link rel=\"canonical\" href=\"https:\/\/www.elementlogic.net\/nl\/element-logic-warehouse-software\/\" \/>\n<meta property=\"og:locale\" content=\"en_US\" \/>\n<meta property=\"og:type\" content=\"article\" \/>\n<meta property=\"og:title\" content=\"Element Logic Warehouse Software\" \/>\n<meta property=\"og:description\" content=\"Tegenwoordig zijn magazijnen afhankelijk van datagedreven precisie om concurrerend te blijven. De magazijnsoftware van Element Logic verbindt elke stap van [&hellip;]\" \/>\n<meta property=\"og:url\" content=\"https:\/\/www.elementlogic.net\/nl\/element-logic-warehouse-software\/\" \/>\n<meta property=\"og:site_name\" content=\"Element Logic BeNeLux\" \/>\n<meta property=\"article:modified_time\" content=\"2026-04-02T14:27:02+00:00\" \/>\n<meta name=\"twitter:card\" content=\"summary_large_image\" \/>\n<meta name=\"twitter:label1\" content=\"Est. reading time\" \/>\n\t<meta name=\"twitter:data1\" content=\"1 minute\" \/>\n<script type=\"application\/ld+json\" class=\"yoast-schema-graph\">{\"@context\":\"https:\/\/schema.org\",\"@graph\":[{\"@type\":\"WebPage\",\"@id\":\"https:\/\/www.elementlogic.net\/nl\/element-logic-warehouse-software\/\",\"url\":\"https:\/\/www.elementlogic.net\/nl\/element-logic-warehouse-software\/\",\"name\":\"Element Logic Warehouse Software - Element Logic BeNeLux\",\"isPartOf\":{\"@id\":\"https:\/\/www.elementlogic.net\/nl\/#website\"},\"datePublished\":\"2026-04-02T10:56:04+00:00\",\"dateModified\":\"2026-04-02T14:27:02+00:00\",\"inLanguage\":\"en-US\",\"potentialAction\":[{\"@type\":\"ReadAction\",\"target\":[\"https:\/\/www.elementlogic.net\/nl\/element-logic-warehouse-software\/\"]}]},{\"@type\":\"WebSite\",\"@id\":\"https:\/\/www.elementlogic.net\/nl\/#website\",\"url\":\"https:\/\/www.elementlogic.net\/nl\/\",\"name\":\"Element Logic BeNeLux\",\"description\":\"\",\"potentialAction\":[{\"@type\":\"SearchAction\",\"target\":{\"@type\":\"EntryPoint\",\"urlTemplate\":\"https:\/\/www.elementlogic.net\/nl\/?s={search_term_string}\"},\"query-input\":{\"@type\":\"PropertyValueSpecification\",\"valueRequired\":true,\"valueName\":\"search_term_string\"}}],\"inLanguage\":\"en-US\"}]}<\/script>\n<!-- \/ Yoast SEO Premium plugin. -->","yoast_head_json":{"title":"Element Logic Warehouse Software - Element Logic BeNeLux","robots":{"index":"index","follow":"follow","max-snippet":"max-snippet:-1","max-image-preview":"max-image-preview:large","max-video-preview":"max-video-preview:-1"},"canonical":"https:\/\/www.elementlogic.net\/nl\/element-logic-warehouse-software\/","og_locale":"en_US","og_type":"article","og_title":"Element Logic Warehouse Software","og_description":"Tegenwoordig zijn magazijnen afhankelijk van datagedreven precisie om concurrerend te blijven. De magazijnsoftware van Element Logic verbindt elke stap van [&hellip;]","og_url":"https:\/\/www.elementlogic.net\/nl\/element-logic-warehouse-software\/","og_site_name":"Element Logic BeNeLux","article_modified_time":"2026-04-02T14:27:02+00:00","twitter_card":"summary_large_image","twitter_misc":{"Est. reading time":"1 minute"},"schema":{"@context":"https:\/\/schema.org","@graph":[{"@type":"WebPage","@id":"https:\/\/www.elementlogic.net\/nl\/element-logic-warehouse-software\/","url":"https:\/\/www.elementlogic.net\/nl\/element-logic-warehouse-software\/","name":"Element Logic Warehouse Software - Element Logic BeNeLux","isPartOf":{"@id":"https:\/\/www.elementlogic.net\/nl\/#website"},"datePublished":"2026-04-02T10:56:04+00:00","dateModified":"2026-04-02T14:27:02+00:00","inLanguage":"en-US","potentialAction":[{"@type":"ReadAction","target":["https:\/\/www.elementlogic.net\/nl\/element-logic-warehouse-software\/"]}]},{"@type":"WebSite","@id":"https:\/\/www.elementlogic.net\/nl\/#website","url":"https:\/\/www.elementlogic.net\/nl\/","name":"Element Logic BeNeLux","description":"","potentialAction":[{"@type":"SearchAction","target":{"@type":"EntryPoint","urlTemplate":"https:\/\/www.elementlogic.net\/nl\/?s={search_term_string}"},"query-input":{"@type":"PropertyValueSpecification","valueRequired":true,"valueName":"search_term_string"}}],"inLanguage":"en-US"}]}},"_links":{"self":[{"href":"https:\/\/www.elementlogic.net\/nl\/wp-json\/wp\/v2\/pages\/2506"}],"collection":[{"href":"https:\/\/www.elementlogic.net\/nl\/wp-json\/wp\/v2\/pages"}],"about":[{"href":"https:\/\/www.elementlogic.net\/nl\/wp-json\/wp\/v2\/types\/page"}],"author":[{"embeddable":true,"href":"https:\/\/www.elementlogic.net\/nl\/wp-json\/wp\/v2\/users\/2"}],"replies":[{"embeddable":true,"href":"https:\/\/www.elementlogic.net\/nl\/wp-json\/wp\/v2\/comments?post=2506"}],"version-history":[{"count":4,"href":"https:\/\/www.elementlogic.net\/nl\/wp-json\/wp\/v2\/pages\/2506\/revisions"}],"predecessor-version":[{"id":2937,"href":"https:\/\/www.elementlogic.net\/nl\/wp-json\/wp\/v2\/pages\/2506\/revisions\/2937"}],"wp:attachment":[{"href":"https:\/\/www.elementlogic.net\/nl\/wp-json\/wp\/v2\/media?parent=2506"}],"curies":[{"name":"wp","href":"https:\/\/api.w.org\/{rel}","templated":true}]}}