{"id":134,"date":"2024-09-09T22:41:23","date_gmt":"2024-09-09T20:41:23","guid":{"rendered":"https:\/\/www.elementlogic.net\/?page_id=1581"},"modified":"2025-07-01T14:09:38","modified_gmt":"2025-07-01T14:09:38","slug":"nyhetsbrev","status":"publish","type":"page","link":"https:\/\/www.elementlogic.net\/no\/nyhetsbrev\/","title":{"rendered":"Nyhetsbrev"},"content":{"rendered":"\n\t\t<div style=\"--dekode-hero-dim:0.5; --t2-icon-fill:var(--wp--preset--color--white);\" class=\"alignfull dekode-hero-content-position-center has-media-background wp-block-dekode-hero\">\n\t\t\t<img loading=\"lazy\" decoding=\"async\" width=\"1024\" height=\"684\" src=\"https:\/\/www.elementlogic.net\/content\/uploads\/sites\/10\/\/2024\/09\/Element-Logic-AutoStore-Bergfreunde-7-28173909-1024x684.jpg\" class=\"dekode-hero__image\" alt=\"\" style=\"--focalpoint: 50% 50%;\" srcset=\"https:\/\/www.elementlogic.net\/content\/uploads\/sites\/10\/2024\/09\/Element-Logic-AutoStore-Bergfreunde-7-28173909-1024x684.jpg 1024w, https:\/\/www.elementlogic.net\/content\/uploads\/sites\/10\/2024\/09\/Element-Logic-AutoStore-Bergfreunde-7-28173909-300x200.jpg 300w, https:\/\/www.elementlogic.net\/content\/uploads\/sites\/10\/2024\/09\/Element-Logic-AutoStore-Bergfreunde-7-28173909-768x513.jpg 768w, https:\/\/www.elementlogic.net\/content\/uploads\/sites\/10\/2024\/09\/Element-Logic-AutoStore-Bergfreunde-7-28173909-1536x1025.jpg 1536w, https:\/\/www.elementlogic.net\/content\/uploads\/sites\/10\/2024\/09\/Element-Logic-AutoStore-Bergfreunde-7-28173909.jpg 2000w\" sizes=\"(max-width: 1024px) 100vw, 1024px\" \/>\n\t\t\t<div class=\"dekode-hero__content\">\n\t\t\t\t<div class=\"dekode-hero__container\">\n\t\t\t\t\t\n\n<h1 class=\"wp-block-heading\" id=\"abonner-pa-vart-nyhetsbrev\">Abonner p\u00e5 v\u00e5rt nyhetsbrev<\/h1>\n\n\n\n<p>Hold deg oppdatert, f\u00e5 innsikt og produktnyheter rett i innboksen. <\/p>\n\n\n\t\t\t\t<\/div>\n\t\t\t<\/div>\n\t\t<\/div>\n\t\t\n\n\n\t\t<div class=\"wp-block-dekode-dynamics-form\">\n\t\t\t<div class=\"embedded-form\">\n\t\t\t\t<div\n\t\t\t\t\tdata-form-id=\"f06e9264-9055-f011-877a-6045bd9464a0\"\n\t\t\t\t\tdata-form-api-url=\"https:\/\/public-eur.mkt.dynamics.com\/api\/v1.0\/orgs\/0d653081-4a98-4454-9ade-26f2fbe674ee\/landingpageforms\"\n\t\t\t\t\tdata-cached-form-url=\"https:\/\/assets-eur.mkt.dynamics.com\/0d653081-4a98-4454-9ade-26f2fbe674ee\/digitalassets\/forms\/f06e9264-9055-f011-877a-6045bd9464a0\"\n\t\t\t\t><\/div>\n\t\t\t<\/div>\n\t\t<\/div>","protected":false},"excerpt":{"rendered":"","protected":false},"author":3,"featured_media":0,"parent":0,"menu_order":0,"comment_status":"closed","ping_status":"closed","template":"","meta":{"hreflang_relation":1581,"_el_cross_publish_source_blog_url":"","_el_cross_publish_source_blog_id":0,"_el_cross_publish_source_post_id":0,"_el_cross_publish_sync_state":"","exclude_from_search":false,"footnotes":""},"class_list":["post-134","page","type-page","status-publish","hentry"],"yoast_head":"<!-- This site is optimized with the Yoast SEO Premium plugin v23.9 (Yoast SEO v23.9) - https:\/\/yoast.com\/wordpress\/plugins\/seo\/ -->\n<title>Nyhetsbrev \u2013 hold deg oppdatert | Element Logic<\/title>\n<meta name=\"description\" content=\"Meld deg p\u00e5 v\u00e5rt nyhetsbrev og f\u00e5 de siste nyhetene, innsiktene og trendene innen lagerautomatisering og logistikk direkte i innboksen.\" \/>\n<meta name=\"robots\" content=\"index, follow, max-snippet:-1, max-image-preview:large, max-video-preview:-1\" \/>\n<link rel=\"canonical\" href=\"https:\/\/www.elementlogic.net\/no\/nyhetsbrev\/\" \/>\n<meta property=\"og:locale\" content=\"nb_NO\" \/>\n<meta property=\"og:type\" content=\"article\" \/>\n<meta property=\"og:title\" content=\"Nyhetsbrev\" \/>\n<meta property=\"og:description\" content=\"Meld deg p\u00e5 v\u00e5rt nyhetsbrev og f\u00e5 de siste nyhetene, innsiktene og trendene innen lagerautomatisering og logistikk direkte i innboksen.\" \/>\n<meta property=\"og:url\" content=\"https:\/\/www.elementlogic.net\/no\/nyhetsbrev\/\" \/>\n<meta property=\"og:site_name\" content=\"Element Logic Norway\" \/>\n<meta property=\"article:modified_time\" content=\"2025-07-01T14:09:38+00:00\" \/>\n<meta name=\"twitter:card\" content=\"summary_large_image\" \/>\n<meta name=\"twitter:label1\" content=\"Ansl. lesetid\" \/>\n\t<meta name=\"twitter:data1\" content=\"1 minutt\" \/>\n<script type=\"application\/ld+json\" class=\"yoast-schema-graph\">{\"@context\":\"https:\/\/schema.org\",\"@graph\":[{\"@type\":\"WebPage\",\"@id\":\"https:\/\/www.elementlogic.net\/no\/nyhetsbrev\/\",\"url\":\"https:\/\/www.elementlogic.net\/no\/nyhetsbrev\/\",\"name\":\"Nyhetsbrev \u2013 hold deg oppdatert | Element Logic\",\"isPartOf\":{\"@id\":\"https:\/\/www.elementlogic.net\/no\/#website\"},\"datePublished\":\"2024-09-09T20:41:23+00:00\",\"dateModified\":\"2025-07-01T14:09:38+00:00\",\"description\":\"Meld deg p\u00e5 v\u00e5rt nyhetsbrev og f\u00e5 de siste nyhetene, innsiktene og trendene innen lagerautomatisering og logistikk direkte i innboksen.\",\"inLanguage\":\"nb-NO\",\"potentialAction\":[{\"@type\":\"ReadAction\",\"target\":[\"https:\/\/www.elementlogic.net\/no\/nyhetsbrev\/\"]}]},{\"@type\":\"WebSite\",\"@id\":\"https:\/\/www.elementlogic.net\/no\/#website\",\"url\":\"https:\/\/www.elementlogic.net\/no\/\",\"name\":\"Element Logic Norway\",\"description\":\"\",\"alternateName\":\"Element Logic\",\"potentialAction\":[{\"@type\":\"SearchAction\",\"target\":{\"@type\":\"EntryPoint\",\"urlTemplate\":\"https:\/\/www.elementlogic.net\/no\/?s={search_term_string}\"},\"query-input\":{\"@type\":\"PropertyValueSpecification\",\"valueRequired\":true,\"valueName\":\"search_term_string\"}}],\"inLanguage\":\"nb-NO\"}]}<\/script>\n<!-- \/ Yoast SEO Premium plugin. -->","yoast_head_json":{"title":"Nyhetsbrev \u2013 hold deg oppdatert | Element Logic","description":"Meld deg p\u00e5 v\u00e5rt nyhetsbrev og f\u00e5 de siste nyhetene, innsiktene og trendene innen lagerautomatisering og logistikk direkte i innboksen.","robots":{"index":"index","follow":"follow","max-snippet":"max-snippet:-1","max-image-preview":"max-image-preview:large","max-video-preview":"max-video-preview:-1"},"canonical":"https:\/\/www.elementlogic.net\/no\/nyhetsbrev\/","og_locale":"nb_NO","og_type":"article","og_title":"Nyhetsbrev","og_description":"Meld deg p\u00e5 v\u00e5rt nyhetsbrev og f\u00e5 de siste nyhetene, innsiktene og trendene innen lagerautomatisering og logistikk direkte i innboksen.","og_url":"https:\/\/www.elementlogic.net\/no\/nyhetsbrev\/","og_site_name":"Element Logic Norway","article_modified_time":"2025-07-01T14:09:38+00:00","twitter_card":"summary_large_image","twitter_misc":{"Ansl. lesetid":"1 minutt"},"schema":{"@context":"https:\/\/schema.org","@graph":[{"@type":"WebPage","@id":"https:\/\/www.elementlogic.net\/no\/nyhetsbrev\/","url":"https:\/\/www.elementlogic.net\/no\/nyhetsbrev\/","name":"Nyhetsbrev \u2013 hold deg oppdatert | Element Logic","isPartOf":{"@id":"https:\/\/www.elementlogic.net\/no\/#website"},"datePublished":"2024-09-09T20:41:23+00:00","dateModified":"2025-07-01T14:09:38+00:00","description":"Meld deg p\u00e5 v\u00e5rt nyhetsbrev og f\u00e5 de siste nyhetene, innsiktene og trendene innen lagerautomatisering og logistikk direkte i innboksen.","inLanguage":"nb-NO","potentialAction":[{"@type":"ReadAction","target":["https:\/\/www.elementlogic.net\/no\/nyhetsbrev\/"]}]},{"@type":"WebSite","@id":"https:\/\/www.elementlogic.net\/no\/#website","url":"https:\/\/www.elementlogic.net\/no\/","name":"Element Logic Norway","description":"","alternateName":"Element Logic","potentialAction":[{"@type":"SearchAction","target":{"@type":"EntryPoint","urlTemplate":"https:\/\/www.elementlogic.net\/no\/?s={search_term_string}"},"query-input":{"@type":"PropertyValueSpecification","valueRequired":true,"valueName":"search_term_string"}}],"inLanguage":"nb-NO"}]}},"_links":{"self":[{"href":"https:\/\/www.elementlogic.net\/no\/wp-json\/wp\/v2\/pages\/134"}],"collection":[{"href":"https:\/\/www.elementlogic.net\/no\/wp-json\/wp\/v2\/pages"}],"about":[{"href":"https:\/\/www.elementlogic.net\/no\/wp-json\/wp\/v2\/types\/page"}],"author":[{"embeddable":true,"href":"https:\/\/www.elementlogic.net\/no\/wp-json\/wp\/v2\/users\/3"}],"replies":[{"embeddable":true,"href":"https:\/\/www.elementlogic.net\/no\/wp-json\/wp\/v2\/comments?post=134"}],"version-history":[{"count":4,"href":"https:\/\/www.elementlogic.net\/no\/wp-json\/wp\/v2\/pages\/134\/revisions"}],"predecessor-version":[{"id":21561,"href":"https:\/\/www.elementlogic.net\/no\/wp-json\/wp\/v2\/pages\/134\/revisions\/21561"}],"wp:attachment":[{"href":"https:\/\/www.elementlogic.net\/no\/wp-json\/wp\/v2\/media?parent=134"}],"curies":[{"name":"wp","href":"https:\/\/api.w.org\/{rel}","templated":true}]}}