{"id":140,"date":"2024-09-09T21:59:16","date_gmt":"2024-09-09T19:59:16","guid":{"rendered":"https:\/\/www.elementlogic.net\/?page_id=2190"},"modified":"2025-04-25T12:50:13","modified_gmt":"2025-04-25T12:50:13","slug":"takk","status":"publish","type":"page","link":"https:\/\/www.elementlogic.net\/no\/whitepaper\/8-myter-om-lagerautomasjon\/takk\/","title":{"rendered":"Takk!"},"content":{"rendered":"\n<p>Hyggelig at du er interessert i dette Whitepaper! Vi h\u00e5per den gir deg forst\u00e5else og innsikt til \u00e5 ta gode avgj\u00f8relser om fremtiden til deres lagervirksomhet.<\/p>\n\n\n\n<p>Whitepaperet er tilgjengelig gjennom lenken nedenfor. God lesning!<\/p>\n\n\n\n<div class=\"wp-block-buttons is-layout-flex wp-block-buttons-is-layout-flex\">\n<div class=\"has-icon wp-block-button has-icon has-icon-theme_arrow\"><a class=\"has-icon wp-block-button__link wp-element-button\" href=\"https:\/\/www.elementlogic.net\/content\/uploads\/sites\/10\/2025\/04\/Whitepaper-8-myths-EN.pdf\" target=\"_blank\" rel=\"noreferrer noopener\">Last ned whitepaper<svg xmlns=\"http:\/\/www.w3.org\/2000\/svg\" viewBox=\"0 0 24 24\" height=\"24\" width=\"24\" class=\"has-icon t2-icon t2-icon-theme_arrow\" aria-hidden=\"true\" focusable=\"false\"><path d=\"M16.627 12.75H5.25C5.03717 12.75 4.859 12.6782 4.7155 12.5345C4.57183 12.391 4.5 12.2128 4.5 12C4.5 11.7872 4.57183 11.609 4.7155 11.4655C4.859 11.3218 5.03717 11.25 5.25 11.25H16.627L11.4577 6.08076C11.3091 5.93209 11.2357 5.75809 11.2375 5.55876C11.2395 5.35942 11.318 5.18217 11.473 5.02701C11.6282 4.88217 11.8038 4.80717 12 4.80201C12.1962 4.79684 12.3718 4.87184 12.527 5.02701L18.8673 11.3673C18.9609 11.4609 19.0269 11.5597 19.0652 11.6635C19.1037 11.7673 19.123 11.8795 19.123 12C19.123 12.1205 19.1037 12.2327 19.0652 12.3365C19.0269 12.4403 18.9609 12.5391 18.8673 12.6328L12.527 18.973C12.3885 19.1115 12.217 19.1823 12.0125 19.1855C11.808 19.1887 11.6282 19.1178 11.473 18.973C11.318 18.8178 11.2405 18.6397 11.2405 18.4385C11.2405 18.2372 11.318 18.0589 11.473 17.9038L16.627 12.75Z\" fill=\"var(--t2-icon-fill, #000)\"\/><\/svg><svg xmlns=\"http:\/\/www.w3.org\/2000\/svg\" viewBox=\"0 0 24 24\" height=\"24\" width=\"24\" class=\"has-icon t2-icon t2-icon-theme_open_in_new\" aria-hidden=\"true\" focusable=\"false\"><mask id=\"mask0_2025_760\" style=\"mask-type:alpha\" maskUnits=\"userSpaceOnUse\" x=\"0\" y=\"0\" width=\"24\" height=\"24\"><rect width=\"24\" height=\"24\" fill=\"#D9D9D9\"\/><\/mask><g mask=\"url(#mask0_2025_760)\"><path d=\"M5.30775 20.5C4.80258 20.5 4.375 20.325 4.025 19.975C3.675 19.625 3.5 19.1974 3.5 18.6923V5.30775C3.5 4.80258 3.675 4.375 4.025 4.025C4.375 3.675 4.80258 3.5 5.30775 3.5H10.8652C11.0781 3.5 11.2563 3.57183 11.4 3.7155C11.5435 3.859 11.6152 4.03717 11.6152 4.25C11.6152 4.46283 11.5435 4.641 11.4 4.7845C11.2563 4.92817 11.0781 5 10.8652 5H5.30775C5.23075 5 5.16025 5.03208 5.09625 5.09625C5.03208 5.16025 5 5.23075 5 5.30775V18.6923C5 18.7692 5.03208 18.8398 5.09625 18.9038C5.16025 18.9679 5.23075 19 5.30775 19H18.6923C18.7692 19 18.8398 18.9679 18.9038 18.9038C18.9679 18.8398 19 18.7692 19 18.6923V13.1348C19 12.9219 19.0718 12.7437 19.2155 12.6C19.359 12.4565 19.5372 12.3848 19.75 12.3848C19.9628 12.3848 20.141 12.4565 20.2845 12.6C20.4282 12.7437 20.5 12.9219 20.5 13.1348V18.6923C20.5 19.1974 20.325 19.625 19.975 19.975C19.625 20.325 19.1974 20.5 18.6923 20.5H5.30775ZM19 6.05375L10.2463 14.8077C10.1077 14.9461 9.93367 15.0169 9.724 15.0203C9.5145 15.0234 9.33725 14.9526 9.19225 14.8077C9.04742 14.6627 8.975 14.4871 8.975 14.2808C8.975 14.0744 9.04742 13.8988 9.19225 13.7537L17.9462 5H14.75C14.5372 5 14.359 4.92817 14.2155 4.7845C14.0718 4.641 14 4.46283 14 4.25C14 4.03717 14.0718 3.859 14.2155 3.7155C14.359 3.57183 14.5372 3.5 14.75 3.5H19.596C19.8538 3.5 20.0689 3.58625 20.2413 3.75875C20.4138 3.93108 20.5 4.14617 20.5 4.404V9.25C20.5 9.46283 20.4282 9.641 20.2845 9.7845C20.141 9.92817 19.9628 10 19.75 10C19.5372 10 19.359 9.92817 19.2155 9.7845C19.0718 9.641 19 9.46283 19 9.25V6.05375Z\" fill=\"var(--t2-icon-fill, #000)\"\/><\/g><\/svg><\/a><\/div>\n<\/div>\n","protected":false},"excerpt":{"rendered":"<p>Hyggelig at du er interessert i dette Whitepaper! Vi h\u00e5per den gir deg forst\u00e5else og innsikt til \u00e5 ta gode [&hellip;]<\/p>\n","protected":false},"author":3,"featured_media":0,"parent":141,"menu_order":0,"comment_status":"closed","ping_status":"closed","template":"","meta":{"hreflang_relation":0,"_el_cross_publish_source_blog_url":"","_el_cross_publish_source_blog_id":0,"_el_cross_publish_source_post_id":0,"_el_cross_publish_sync_state":"","exclude_from_search":false,"footnotes":""},"class_list":["post-140","page","type-page","status-publish","hentry"],"yoast_head":"<!-- This site is optimized with the Yoast SEO Premium plugin v23.9 (Yoast SEO v23.9) - https:\/\/yoast.com\/wordpress\/plugins\/seo\/ -->\n<title>Takk! - 8 myter om lagerautomasjon | elementlogic.net<\/title>\n<meta name=\"robots\" content=\"index, follow, max-snippet:-1, max-image-preview:large, max-video-preview:-1\" \/>\n<link rel=\"canonical\" href=\"https:\/\/www.elementlogic.net\/no\/whitepaper\/8-myter-om-lagerautomasjon\/takk\/\" \/>\n<meta property=\"og:locale\" content=\"nb_NO\" \/>\n<meta property=\"og:type\" content=\"article\" \/>\n<meta property=\"og:title\" content=\"Takk!\" \/>\n<meta property=\"og:description\" content=\"Hyggelig at du er interessert i dette Whitepaper! Vi h\u00e5per den gir deg forst\u00e5else og innsikt til \u00e5 ta gode [&hellip;]\" \/>\n<meta property=\"og:url\" content=\"https:\/\/www.elementlogic.net\/no\/whitepaper\/8-myter-om-lagerautomasjon\/takk\/\" \/>\n<meta property=\"og:site_name\" content=\"Element Logic Norway\" \/>\n<meta property=\"article:modified_time\" content=\"2025-04-25T12:50:13+00:00\" \/>\n<meta name=\"twitter:card\" content=\"summary_large_image\" \/>\n<meta name=\"twitter:label1\" content=\"Ansl. lesetid\" \/>\n\t<meta name=\"twitter:data1\" content=\"1 minutt\" \/>\n<script type=\"application\/ld+json\" class=\"yoast-schema-graph\">{\"@context\":\"https:\/\/schema.org\",\"@graph\":[{\"@type\":\"WebPage\",\"@id\":\"https:\/\/www.elementlogic.net\/no\/whitepaper\/8-myter-om-lagerautomasjon\/takk\/\",\"url\":\"https:\/\/www.elementlogic.net\/no\/whitepaper\/8-myter-om-lagerautomasjon\/takk\/\",\"name\":\"Takk! - 8 myter om lagerautomasjon | elementlogic.net\",\"isPartOf\":{\"@id\":\"https:\/\/www.elementlogic.net\/no\/#website\"},\"datePublished\":\"2024-09-09T19:59:16+00:00\",\"dateModified\":\"2025-04-25T12:50:13+00:00\",\"breadcrumb\":{\"@id\":\"https:\/\/www.elementlogic.net\/no\/whitepaper\/8-myter-om-lagerautomasjon\/takk\/#breadcrumb\"},\"inLanguage\":\"nb-NO\",\"potentialAction\":[{\"@type\":\"ReadAction\",\"target\":[\"https:\/\/www.elementlogic.net\/no\/whitepaper\/8-myter-om-lagerautomasjon\/takk\/\"]}]},{\"@type\":\"BreadcrumbList\",\"@id\":\"https:\/\/www.elementlogic.net\/no\/whitepaper\/8-myter-om-lagerautomasjon\/takk\/#breadcrumb\",\"itemListElement\":[{\"@type\":\"ListItem\",\"position\":1,\"name\":\"Whitepaper\",\"item\":\"https:\/\/www.elementlogic.net\/no\/whitepaper\/\"},{\"@type\":\"ListItem\",\"position\":2,\"name\":\"8 myter om lagerautomasjon\",\"item\":\"https:\/\/www.elementlogic.net\/no\/whitepaper\/8-myter-om-lagerautomasjon\/\"},{\"@type\":\"ListItem\",\"position\":3,\"name\":\"Takk!\"}]},{\"@type\":\"WebSite\",\"@id\":\"https:\/\/www.elementlogic.net\/no\/#website\",\"url\":\"https:\/\/www.elementlogic.net\/no\/\",\"name\":\"Element Logic Norway\",\"description\":\"\",\"alternateName\":\"Element Logic\",\"potentialAction\":[{\"@type\":\"SearchAction\",\"target\":{\"@type\":\"EntryPoint\",\"urlTemplate\":\"https:\/\/www.elementlogic.net\/no\/?s={search_term_string}\"},\"query-input\":{\"@type\":\"PropertyValueSpecification\",\"valueRequired\":true,\"valueName\":\"search_term_string\"}}],\"inLanguage\":\"nb-NO\"}]}<\/script>\n<!-- \/ Yoast SEO Premium plugin. -->","yoast_head_json":{"title":"Takk! - 8 myter om lagerautomasjon | elementlogic.net","robots":{"index":"index","follow":"follow","max-snippet":"max-snippet:-1","max-image-preview":"max-image-preview:large","max-video-preview":"max-video-preview:-1"},"canonical":"https:\/\/www.elementlogic.net\/no\/whitepaper\/8-myter-om-lagerautomasjon\/takk\/","og_locale":"nb_NO","og_type":"article","og_title":"Takk!","og_description":"Hyggelig at du er interessert i dette Whitepaper! Vi h\u00e5per den gir deg forst\u00e5else og innsikt til \u00e5 ta gode [&hellip;]","og_url":"https:\/\/www.elementlogic.net\/no\/whitepaper\/8-myter-om-lagerautomasjon\/takk\/","og_site_name":"Element Logic Norway","article_modified_time":"2025-04-25T12:50:13+00:00","twitter_card":"summary_large_image","twitter_misc":{"Ansl. lesetid":"1 minutt"},"schema":{"@context":"https:\/\/schema.org","@graph":[{"@type":"WebPage","@id":"https:\/\/www.elementlogic.net\/no\/whitepaper\/8-myter-om-lagerautomasjon\/takk\/","url":"https:\/\/www.elementlogic.net\/no\/whitepaper\/8-myter-om-lagerautomasjon\/takk\/","name":"Takk! - 8 myter om lagerautomasjon | elementlogic.net","isPartOf":{"@id":"https:\/\/www.elementlogic.net\/no\/#website"},"datePublished":"2024-09-09T19:59:16+00:00","dateModified":"2025-04-25T12:50:13+00:00","breadcrumb":{"@id":"https:\/\/www.elementlogic.net\/no\/whitepaper\/8-myter-om-lagerautomasjon\/takk\/#breadcrumb"},"inLanguage":"nb-NO","potentialAction":[{"@type":"ReadAction","target":["https:\/\/www.elementlogic.net\/no\/whitepaper\/8-myter-om-lagerautomasjon\/takk\/"]}]},{"@type":"BreadcrumbList","@id":"https:\/\/www.elementlogic.net\/no\/whitepaper\/8-myter-om-lagerautomasjon\/takk\/#breadcrumb","itemListElement":[{"@type":"ListItem","position":1,"name":"Whitepaper","item":"https:\/\/www.elementlogic.net\/no\/whitepaper\/"},{"@type":"ListItem","position":2,"name":"8 myter om lagerautomasjon","item":"https:\/\/www.elementlogic.net\/no\/whitepaper\/8-myter-om-lagerautomasjon\/"},{"@type":"ListItem","position":3,"name":"Takk!"}]},{"@type":"WebSite","@id":"https:\/\/www.elementlogic.net\/no\/#website","url":"https:\/\/www.elementlogic.net\/no\/","name":"Element Logic Norway","description":"","alternateName":"Element Logic","potentialAction":[{"@type":"SearchAction","target":{"@type":"EntryPoint","urlTemplate":"https:\/\/www.elementlogic.net\/no\/?s={search_term_string}"},"query-input":{"@type":"PropertyValueSpecification","valueRequired":true,"valueName":"search_term_string"}}],"inLanguage":"nb-NO"}]}},"_links":{"self":[{"href":"https:\/\/www.elementlogic.net\/no\/wp-json\/wp\/v2\/pages\/140"}],"collection":[{"href":"https:\/\/www.elementlogic.net\/no\/wp-json\/wp\/v2\/pages"}],"about":[{"href":"https:\/\/www.elementlogic.net\/no\/wp-json\/wp\/v2\/types\/page"}],"author":[{"embeddable":true,"href":"https:\/\/www.elementlogic.net\/no\/wp-json\/wp\/v2\/users\/3"}],"replies":[{"embeddable":true,"href":"https:\/\/www.elementlogic.net\/no\/wp-json\/wp\/v2\/comments?post=140"}],"version-history":[{"count":3,"href":"https:\/\/www.elementlogic.net\/no\/wp-json\/wp\/v2\/pages\/140\/revisions"}],"predecessor-version":[{"id":2787,"href":"https:\/\/www.elementlogic.net\/no\/wp-json\/wp\/v2\/pages\/140\/revisions\/2787"}],"up":[{"embeddable":true,"href":"https:\/\/www.elementlogic.net\/no\/wp-json\/wp\/v2\/pages\/141"}],"wp:attachment":[{"href":"https:\/\/www.elementlogic.net\/no\/wp-json\/wp\/v2\/media?parent=140"}],"curies":[{"name":"wp","href":"https:\/\/api.w.org\/{rel}","templated":true}]}}