{"id":141,"date":"2024-09-09T21:58:29","date_gmt":"2024-09-09T19:58:29","guid":{"rendered":"https:\/\/www.elementlogic.net\/?page_id=2188"},"modified":"2025-11-27T13:42:41","modified_gmt":"2025-11-27T13:42:41","slug":"8-myter-om-lagerautomasjon","status":"publish","type":"page","link":"https:\/\/www.elementlogic.net\/no\/whitepaper\/8-myter-om-lagerautomasjon\/","title":{"rendered":"8 myter om lagerautomasjon"},"content":{"rendered":"\n\t\t<div style=\"--dekode-hero-dim:0.5; --t2-icon-fill:var(--wp--preset--color--white);\" class=\"alignfull dekode-hero-content-position-center has-media-background wp-block-dekode-hero has-text-color has-white-color\">\n\t\t\t<img loading=\"lazy\" decoding=\"async\" width=\"1024\" height=\"683\" src=\"https:\/\/www.elementlogic.net\/content\/uploads\/sites\/10\/2019\/09\/PETS7189-Edit-TT-1024x683.webp\" class=\"dekode-hero__image\" alt=\"\" style=\"--focalpoint: 22% 14%;\" srcset=\"https:\/\/www.elementlogic.net\/content\/uploads\/sites\/10\/2019\/09\/PETS7189-Edit-TT-1024x683.webp 1024w, https:\/\/www.elementlogic.net\/content\/uploads\/sites\/10\/2019\/09\/PETS7189-Edit-TT-300x200.webp 300w, https:\/\/www.elementlogic.net\/content\/uploads\/sites\/10\/2019\/09\/PETS7189-Edit-TT-768x512.webp 768w, https:\/\/www.elementlogic.net\/content\/uploads\/sites\/10\/2019\/09\/PETS7189-Edit-TT-1536x1024.webp 1536w, https:\/\/www.elementlogic.net\/content\/uploads\/sites\/10\/2019\/09\/PETS7189-Edit-TT.webp 1600w\" sizes=\"(max-width: 1024px) 100vw, 1024px\" \/>\n\t\t\t<div class=\"dekode-hero__content\">\n\t\t\t\t<div class=\"dekode-hero__container\">\n\t\t\t\t\t\n\n<h1 class=\"wp-block-heading\" id=\"8-myter-om-lagerautomasjon\">8 myter om lagerautomasjon<\/h1>\n\n\n\n<p>\u00d8nsker du \u00e5 finne ut hvilke fordeler din virksomhet kan f\u00e5 ved lagerautomasjon? Da m\u00e5 du vite hva som er fakta og hva som er myter.<\/p>\n\n\n\t\t\t\t<\/div>\n\t\t\t<\/div>\n\t\t<\/div>\n\t\t\n\n\n<p>Stadig flere virksomheter vurderer \u00e5 automatisere lagrene sine for \u00e5 bli mer konkurransedyktige i sitt marked. Automasjon er likevel noe som fortsatt blir m\u00f8tt med skepsis i mange styrerom.<\/p>\n\n\n\n<p>\u2013&nbsp;Siden det er en stor investering, kanskje den st\u00f8rste virksomheten noen gang har gjort, er det forst\u00e5elig at mange er skeptiske. V\u00e5r erfaring er imidlertid at skepsisen ofte bunner i myter som ikke holder vann, forteller Dag-Adler Blakseth, CEO i Element Logic.<\/p>\n\n\n\n<p>For \u00e5 avdekke mytene rundt lagerautomasjon har vi skrevet et whitepaper. Vi h\u00e5per den gir deg forst\u00e5else og innsikt til \u00e5 ta gode avgj\u00f8relser om fremtiden til deres lagervirksomhet.<\/p>\n\n\n\n<h3 class=\"wp-block-heading\" id=\"du-vil-blant-annet-laere-om\">Du vil blant annet l\u00e6re om:<\/h3>\n\n\n\n<ul class=\"wp-block-list\">\n<li>Kompleksitetsniv\u00e5ene innen automasjon<\/li>\n\n\n\n<li>Hvordan du lykkes \u00f8konomisk med automasjon<\/li>\n\n\n\n<li>Om du m\u00e5 bygge nytt lager, eller om du kan bruke eksisterende<\/li>\n\n\n\n<li>Hvordan AutoStore fungerer<\/li>\n\n\n\n<li>Hvordan automasjon p\u00e5virker dine ansatte<\/li>\n\n\n\n<li>Hvilke bransjer som kan automatisere<\/li>\n<\/ul>\n\n\n\n<p><em>Nedlastning er gratis, og innholdet er p\u00e5 engelsk.<\/em><\/p>\n\n\n\n\t\t<div class=\"wp-block-dekode-dynamics-form\">\n\t\t\t<div class=\"embedded-form\">\n\t\t\t\t<div\n\t\t\t\t\tdata-form-id=\"7a77f022-6c2a-f011-8c4e-6045bdf51dec\"\n\t\t\t\t\tdata-form-api-url=\"https:\/\/public-eur.mkt.dynamics.com\/api\/v1.0\/orgs\/0d653081-4a98-4454-9ade-26f2fbe674ee\/landingpageforms\"\n\t\t\t\t\tdata-cached-form-url=\"https:\/\/assets-eur.mkt.dynamics.com\/0d653081-4a98-4454-9ade-26f2fbe674ee\/digitalassets\/forms\/7a77f022-6c2a-f011-8c4e-6045bdf51dec\"\n\t\t\t\t><\/div>\n\t\t\t<\/div>\n\t\t<\/div>","protected":false},"excerpt":{"rendered":"<p>Stadig flere virksomheter vurderer \u00e5 automatisere lagrene sine for \u00e5 bli mer konkurransedyktige i sitt marked. Automasjon er likevel noe [&hellip;]<\/p>\n","protected":false},"author":3,"featured_media":0,"parent":155,"menu_order":0,"comment_status":"closed","ping_status":"closed","template":"","meta":{"hreflang_relation":2188,"_el_cross_publish_source_blog_url":"","_el_cross_publish_source_blog_id":0,"_el_cross_publish_source_post_id":0,"_el_cross_publish_sync_state":"","exclude_from_search":false,"footnotes":""},"class_list":["post-141","page","type-page","status-publish","hentry"],"yoast_head":"<!-- This site is optimized with the Yoast SEO Premium plugin v23.9 (Yoast SEO v23.9) - https:\/\/yoast.com\/wordpress\/plugins\/seo\/ -->\n<title>Whitepaper - 8 myter om lagerautomasjon | elementlogic.net<\/title>\n<meta name=\"description\" content=\"\u00d8nsker du \u00e5 finne ut hvilke fordeler din virksomhet kan f\u00e5 ved lagerautomasjon? Da m\u00e5 du vite hva som er fakta og hva som er myter.\" \/>\n<meta name=\"robots\" content=\"index, follow, max-snippet:-1, max-image-preview:large, max-video-preview:-1\" \/>\n<link rel=\"canonical\" href=\"https:\/\/www.elementlogic.net\/no\/whitepaper\/8-myter-om-lagerautomasjon\/\" \/>\n<meta property=\"og:locale\" content=\"nb_NO\" \/>\n<meta property=\"og:type\" content=\"article\" \/>\n<meta property=\"og:title\" content=\"8 myter om lagerautomasjon\" \/>\n<meta property=\"og:description\" content=\"\u00d8nsker du \u00e5 finne ut hvilke fordeler din virksomhet kan f\u00e5 ved lagerautomasjon? Da m\u00e5 du vite hva som er fakta og hva som er myter.\" \/>\n<meta property=\"og:url\" content=\"https:\/\/www.elementlogic.net\/no\/whitepaper\/8-myter-om-lagerautomasjon\/\" \/>\n<meta property=\"og:site_name\" content=\"Element Logic Norway\" \/>\n<meta property=\"article:modified_time\" content=\"2025-11-27T13:42:41+00:00\" \/>\n<meta name=\"twitter:card\" content=\"summary_large_image\" \/>\n<script type=\"application\/ld+json\" class=\"yoast-schema-graph\">{\"@context\":\"https:\/\/schema.org\",\"@graph\":[{\"@type\":\"WebPage\",\"@id\":\"https:\/\/www.elementlogic.net\/no\/whitepaper\/8-myter-om-lagerautomasjon\/\",\"url\":\"https:\/\/www.elementlogic.net\/no\/whitepaper\/8-myter-om-lagerautomasjon\/\",\"name\":\"Whitepaper - 8 myter om lagerautomasjon | elementlogic.net\",\"isPartOf\":{\"@id\":\"https:\/\/www.elementlogic.net\/no\/#website\"},\"datePublished\":\"2024-09-09T19:58:29+00:00\",\"dateModified\":\"2025-11-27T13:42:41+00:00\",\"description\":\"\u00d8nsker du \u00e5 finne ut hvilke fordeler din virksomhet kan f\u00e5 ved lagerautomasjon? Da m\u00e5 du vite hva som er fakta og hva som er myter.\",\"breadcrumb\":{\"@id\":\"https:\/\/www.elementlogic.net\/no\/whitepaper\/8-myter-om-lagerautomasjon\/#breadcrumb\"},\"inLanguage\":\"nb-NO\",\"potentialAction\":[{\"@type\":\"ReadAction\",\"target\":[\"https:\/\/www.elementlogic.net\/no\/whitepaper\/8-myter-om-lagerautomasjon\/\"]}]},{\"@type\":\"BreadcrumbList\",\"@id\":\"https:\/\/www.elementlogic.net\/no\/whitepaper\/8-myter-om-lagerautomasjon\/#breadcrumb\",\"itemListElement\":[{\"@type\":\"ListItem\",\"position\":1,\"name\":\"Whitepaper\",\"item\":\"https:\/\/www.elementlogic.net\/no\/whitepaper\/\"},{\"@type\":\"ListItem\",\"position\":2,\"name\":\"8 myter om lagerautomasjon\"}]},{\"@type\":\"WebSite\",\"@id\":\"https:\/\/www.elementlogic.net\/no\/#website\",\"url\":\"https:\/\/www.elementlogic.net\/no\/\",\"name\":\"Element Logic Norway\",\"description\":\"\",\"alternateName\":\"Element Logic\",\"potentialAction\":[{\"@type\":\"SearchAction\",\"target\":{\"@type\":\"EntryPoint\",\"urlTemplate\":\"https:\/\/www.elementlogic.net\/no\/?s={search_term_string}\"},\"query-input\":{\"@type\":\"PropertyValueSpecification\",\"valueRequired\":true,\"valueName\":\"search_term_string\"}}],\"inLanguage\":\"nb-NO\"}]}<\/script>\n<!-- \/ Yoast SEO Premium plugin. -->","yoast_head_json":{"title":"Whitepaper - 8 myter om lagerautomasjon | elementlogic.net","description":"\u00d8nsker du \u00e5 finne ut hvilke fordeler din virksomhet kan f\u00e5 ved lagerautomasjon? Da m\u00e5 du vite hva som er fakta og hva som er myter.","robots":{"index":"index","follow":"follow","max-snippet":"max-snippet:-1","max-image-preview":"max-image-preview:large","max-video-preview":"max-video-preview:-1"},"canonical":"https:\/\/www.elementlogic.net\/no\/whitepaper\/8-myter-om-lagerautomasjon\/","og_locale":"nb_NO","og_type":"article","og_title":"8 myter om lagerautomasjon","og_description":"\u00d8nsker du \u00e5 finne ut hvilke fordeler din virksomhet kan f\u00e5 ved lagerautomasjon? Da m\u00e5 du vite hva som er fakta og hva som er myter.","og_url":"https:\/\/www.elementlogic.net\/no\/whitepaper\/8-myter-om-lagerautomasjon\/","og_site_name":"Element Logic Norway","article_modified_time":"2025-11-27T13:42:41+00:00","twitter_card":"summary_large_image","schema":{"@context":"https:\/\/schema.org","@graph":[{"@type":"WebPage","@id":"https:\/\/www.elementlogic.net\/no\/whitepaper\/8-myter-om-lagerautomasjon\/","url":"https:\/\/www.elementlogic.net\/no\/whitepaper\/8-myter-om-lagerautomasjon\/","name":"Whitepaper - 8 myter om lagerautomasjon | elementlogic.net","isPartOf":{"@id":"https:\/\/www.elementlogic.net\/no\/#website"},"datePublished":"2024-09-09T19:58:29+00:00","dateModified":"2025-11-27T13:42:41+00:00","description":"\u00d8nsker du \u00e5 finne ut hvilke fordeler din virksomhet kan f\u00e5 ved lagerautomasjon? Da m\u00e5 du vite hva som er fakta og hva som er myter.","breadcrumb":{"@id":"https:\/\/www.elementlogic.net\/no\/whitepaper\/8-myter-om-lagerautomasjon\/#breadcrumb"},"inLanguage":"nb-NO","potentialAction":[{"@type":"ReadAction","target":["https:\/\/www.elementlogic.net\/no\/whitepaper\/8-myter-om-lagerautomasjon\/"]}]},{"@type":"BreadcrumbList","@id":"https:\/\/www.elementlogic.net\/no\/whitepaper\/8-myter-om-lagerautomasjon\/#breadcrumb","itemListElement":[{"@type":"ListItem","position":1,"name":"Whitepaper","item":"https:\/\/www.elementlogic.net\/no\/whitepaper\/"},{"@type":"ListItem","position":2,"name":"8 myter om lagerautomasjon"}]},{"@type":"WebSite","@id":"https:\/\/www.elementlogic.net\/no\/#website","url":"https:\/\/www.elementlogic.net\/no\/","name":"Element Logic Norway","description":"","alternateName":"Element Logic","potentialAction":[{"@type":"SearchAction","target":{"@type":"EntryPoint","urlTemplate":"https:\/\/www.elementlogic.net\/no\/?s={search_term_string}"},"query-input":{"@type":"PropertyValueSpecification","valueRequired":true,"valueName":"search_term_string"}}],"inLanguage":"nb-NO"}]}},"_links":{"self":[{"href":"https:\/\/www.elementlogic.net\/no\/wp-json\/wp\/v2\/pages\/141"}],"collection":[{"href":"https:\/\/www.elementlogic.net\/no\/wp-json\/wp\/v2\/pages"}],"about":[{"href":"https:\/\/www.elementlogic.net\/no\/wp-json\/wp\/v2\/types\/page"}],"author":[{"embeddable":true,"href":"https:\/\/www.elementlogic.net\/no\/wp-json\/wp\/v2\/users\/3"}],"replies":[{"embeddable":true,"href":"https:\/\/www.elementlogic.net\/no\/wp-json\/wp\/v2\/comments?post=141"}],"version-history":[{"count":5,"href":"https:\/\/www.elementlogic.net\/no\/wp-json\/wp\/v2\/pages\/141\/revisions"}],"predecessor-version":[{"id":21971,"href":"https:\/\/www.elementlogic.net\/no\/wp-json\/wp\/v2\/pages\/141\/revisions\/21971"}],"up":[{"embeddable":true,"href":"https:\/\/www.elementlogic.net\/no\/wp-json\/wp\/v2\/pages\/155"}],"wp:attachment":[{"href":"https:\/\/www.elementlogic.net\/no\/wp-json\/wp\/v2\/media?parent=141"}],"curies":[{"name":"wp","href":"https:\/\/api.w.org\/{rel}","templated":true}]}}