{"id":143,"date":"2024-09-09T21:55:19","date_gmt":"2024-09-09T19:55:19","guid":{"rendered":"https:\/\/www.elementlogic.net\/?page_id=2182"},"modified":"2025-11-27T13:42:16","modified_gmt":"2025-11-27T13:42:16","slug":"tre-trender-som-former-fremtidens-intralogistikk","status":"publish","type":"page","link":"https:\/\/www.elementlogic.net\/no\/whitepaper\/tre-trender-som-former-fremtidens-intralogistikk\/","title":{"rendered":"Tre trender som former fremtidens intralogistikk"},"content":{"rendered":"\n\t\t<div style=\"--dekode-hero-dim:0.5; --t2-icon-fill:var(--wp--preset--color--white);\" class=\"alignfull dekode-hero-content-position-center has-media-background wp-block-dekode-hero\">\n\t\t\t<img loading=\"lazy\" decoding=\"async\" width=\"1024\" height=\"429\" src=\"https:\/\/www.elementlogic.net\/content\/uploads\/sites\/10\/\/2024\/09\/Wallpaper-10-scaled-1024x429.jpg\" class=\"dekode-hero__image\" alt=\"\" style=\"--focalpoint: 32% 43%;\" srcset=\"https:\/\/www.elementlogic.net\/content\/uploads\/sites\/10\/2024\/09\/Wallpaper-10-scaled-1024x429.jpg 1024w, https:\/\/www.elementlogic.net\/content\/uploads\/sites\/10\/2024\/09\/Wallpaper-10-scaled-300x126.jpg 300w, https:\/\/www.elementlogic.net\/content\/uploads\/sites\/10\/2024\/09\/Wallpaper-10-scaled-768x322.jpg 768w, https:\/\/www.elementlogic.net\/content\/uploads\/sites\/10\/2024\/09\/Wallpaper-10-scaled-1536x643.jpg 1536w, https:\/\/www.elementlogic.net\/content\/uploads\/sites\/10\/2024\/09\/Wallpaper-10-scaled-2048x858.jpg 2048w\" sizes=\"(max-width: 1024px) 100vw, 1024px\" \/>\n\t\t\t<div class=\"dekode-hero__content\">\n\t\t\t\t<div class=\"dekode-hero__container\">\n\t\t\t\t\t\n\n<h1 class=\"wp-block-heading\" id=\"tre-trender-som-former-fremtidens-intralogistikk\">Tre trender som former fremtidens intralogistikk<\/h1>\n\n\n\n<p>Er du nysgjerrig p\u00e5 hvordan bransjen kommer til \u00e5 utvikle seg de neste \u00e5rene? Vi har optimalisert lagerdriften til kundene v\u00e5re i 35 \u00e5r, og har derfor bred erfaring og forst\u00e5else for hvilke trender som kommer til \u00e5 bli v\u00e6rende, og hvilke som blir kortvarige.<\/p>\n\n\n\t\t\t\t<\/div>\n\t\t\t<\/div>\n\t\t<\/div>\n\t\t\n\n\n<p>De to siste \u00e5rene har v\u00e6rt preget av stor vekst og utvikling innen intralogistikk. I tillegg til ny teknologi og innovative l\u00f8sninger ser vi ogs\u00e5 at forventningene til kundene har endret seg. De vil ha en raskere og mer p\u00e5litelig levering \u2013 og de forventer det n\u00e5.<\/p>\n\n\n\n<p>For \u00e5 vinne kundene m\u00e5 du forst\u00e5 trendene som vokser frem i bransjen.<\/p>\n\n\n\n<p>Derfor har vi skrevet en whitepaper om temaet. Her kan du lese om tre trender som kommer til \u00e5 spille en viktig rolle i bransjens utvikling fremover<\/p>\n\n\n\n<h3 class=\"wp-block-heading\" id=\"du-vil-laere-om\">Du vil l\u00e6re om:<\/h3>\n\n\n\n<ul class=\"wp-block-list\">\n<li>eGrocery og hva kundene forventer til leveringstid og fleksibilitet.<\/li>\n\n\n\n<li>Micro fulfilment centres og innovative metoder for \u00e5 redusere tiden for \u00ablast-mile\u00bb-distribusjon.<\/li>\n\n\n\n<li>Automasjon som en tjeneste, AaaS. Er det l\u00f8sningen for \u00e5 automatisere lager uten store investeringer?<\/li>\n<\/ul>\n\n\n\n<p>Innholdet er gratis og tilgjengelig p\u00e5 engelsk.<\/p>\n\n\n\n\t\t<div class=\"wp-block-dekode-dynamics-form\">\n\t\t\t<div class=\"embedded-form\">\n\t\t\t\t<div\n\t\t\t\t\tdata-form-id=\"7a77f022-6c2a-f011-8c4e-6045bdf51dec\"\n\t\t\t\t\tdata-form-api-url=\"https:\/\/public-eur.mkt.dynamics.com\/api\/v1.0\/orgs\/0d653081-4a98-4454-9ade-26f2fbe674ee\/landingpageforms\"\n\t\t\t\t\tdata-cached-form-url=\"https:\/\/assets-eur.mkt.dynamics.com\/0d653081-4a98-4454-9ade-26f2fbe674ee\/digitalassets\/forms\/7a77f022-6c2a-f011-8c4e-6045bdf51dec\"\n\t\t\t\t><\/div>\n\t\t\t<\/div>\n\t\t<\/div>","protected":false},"excerpt":{"rendered":"<p>De to siste \u00e5rene har v\u00e6rt preget av stor vekst og utvikling innen intralogistikk. I tillegg til ny teknologi og [&hellip;]<\/p>\n","protected":false},"author":3,"featured_media":0,"parent":155,"menu_order":0,"comment_status":"closed","ping_status":"closed","template":"","meta":{"hreflang_relation":2182,"_el_cross_publish_source_blog_url":"","_el_cross_publish_source_blog_id":0,"_el_cross_publish_source_post_id":0,"_el_cross_publish_sync_state":"","exclude_from_search":false,"footnotes":""},"class_list":["post-143","page","type-page","status-publish","hentry"],"yoast_head":"<!-- This site is optimized with the Yoast SEO Premium plugin v23.9 (Yoast SEO v23.9) - https:\/\/yoast.com\/wordpress\/plugins\/seo\/ -->\n<title>Whitepaper: Tre trender som former fremtidens intralogistikk<\/title>\n<meta name=\"description\" content=\"Ny teknologi og innovative l\u00f8sninger p\u00e5virker kundenes forventninger. Les mer om trendene som former fremtidens intralogistikk.\" \/>\n<meta name=\"robots\" content=\"index, follow, max-snippet:-1, max-image-preview:large, max-video-preview:-1\" \/>\n<link rel=\"canonical\" href=\"https:\/\/www.elementlogic.net\/no\/whitepaper\/tre-trender-som-former-fremtidens-intralogistikk\/\" \/>\n<meta property=\"og:locale\" content=\"nb_NO\" \/>\n<meta property=\"og:type\" content=\"article\" \/>\n<meta property=\"og:title\" content=\"Tre trender som former fremtidens intralogistikk\" \/>\n<meta property=\"og:description\" content=\"Ny teknologi og innovative l\u00f8sninger p\u00e5virker kundenes forventninger. Les mer om trendene som former fremtidens intralogistikk.\" \/>\n<meta property=\"og:url\" content=\"https:\/\/www.elementlogic.net\/no\/whitepaper\/tre-trender-som-former-fremtidens-intralogistikk\/\" \/>\n<meta property=\"og:site_name\" content=\"Element Logic Norway\" \/>\n<meta property=\"article:modified_time\" content=\"2025-11-27T13:42:16+00:00\" \/>\n<meta name=\"twitter:card\" content=\"summary_large_image\" \/>\n<meta name=\"twitter:label1\" content=\"Ansl. lesetid\" \/>\n\t<meta name=\"twitter:data1\" content=\"2 minutter\" \/>\n<script type=\"application\/ld+json\" class=\"yoast-schema-graph\">{\"@context\":\"https:\/\/schema.org\",\"@graph\":[{\"@type\":\"WebPage\",\"@id\":\"https:\/\/www.elementlogic.net\/no\/whitepaper\/tre-trender-som-former-fremtidens-intralogistikk\/\",\"url\":\"https:\/\/www.elementlogic.net\/no\/whitepaper\/tre-trender-som-former-fremtidens-intralogistikk\/\",\"name\":\"Whitepaper: Tre trender som former fremtidens intralogistikk\",\"isPartOf\":{\"@id\":\"https:\/\/www.elementlogic.net\/no\/#website\"},\"datePublished\":\"2024-09-09T19:55:19+00:00\",\"dateModified\":\"2025-11-27T13:42:16+00:00\",\"description\":\"Ny teknologi og innovative l\u00f8sninger p\u00e5virker kundenes forventninger. Les mer om trendene som former fremtidens intralogistikk.\",\"breadcrumb\":{\"@id\":\"https:\/\/www.elementlogic.net\/no\/whitepaper\/tre-trender-som-former-fremtidens-intralogistikk\/#breadcrumb\"},\"inLanguage\":\"nb-NO\",\"potentialAction\":[{\"@type\":\"ReadAction\",\"target\":[\"https:\/\/www.elementlogic.net\/no\/whitepaper\/tre-trender-som-former-fremtidens-intralogistikk\/\"]}]},{\"@type\":\"BreadcrumbList\",\"@id\":\"https:\/\/www.elementlogic.net\/no\/whitepaper\/tre-trender-som-former-fremtidens-intralogistikk\/#breadcrumb\",\"itemListElement\":[{\"@type\":\"ListItem\",\"position\":1,\"name\":\"Whitepaper\",\"item\":\"https:\/\/www.elementlogic.net\/no\/whitepaper\/\"},{\"@type\":\"ListItem\",\"position\":2,\"name\":\"Tre trender som former fremtidens intralogistikk\"}]},{\"@type\":\"WebSite\",\"@id\":\"https:\/\/www.elementlogic.net\/no\/#website\",\"url\":\"https:\/\/www.elementlogic.net\/no\/\",\"name\":\"Element Logic Norway\",\"description\":\"\",\"alternateName\":\"Element Logic\",\"potentialAction\":[{\"@type\":\"SearchAction\",\"target\":{\"@type\":\"EntryPoint\",\"urlTemplate\":\"https:\/\/www.elementlogic.net\/no\/?s={search_term_string}\"},\"query-input\":{\"@type\":\"PropertyValueSpecification\",\"valueRequired\":true,\"valueName\":\"search_term_string\"}}],\"inLanguage\":\"nb-NO\"}]}<\/script>\n<!-- \/ Yoast SEO Premium plugin. -->","yoast_head_json":{"title":"Whitepaper: Tre trender som former fremtidens intralogistikk","description":"Ny teknologi og innovative l\u00f8sninger p\u00e5virker kundenes forventninger. Les mer om trendene som former fremtidens intralogistikk.","robots":{"index":"index","follow":"follow","max-snippet":"max-snippet:-1","max-image-preview":"max-image-preview:large","max-video-preview":"max-video-preview:-1"},"canonical":"https:\/\/www.elementlogic.net\/no\/whitepaper\/tre-trender-som-former-fremtidens-intralogistikk\/","og_locale":"nb_NO","og_type":"article","og_title":"Tre trender som former fremtidens intralogistikk","og_description":"Ny teknologi og innovative l\u00f8sninger p\u00e5virker kundenes forventninger. Les mer om trendene som former fremtidens intralogistikk.","og_url":"https:\/\/www.elementlogic.net\/no\/whitepaper\/tre-trender-som-former-fremtidens-intralogistikk\/","og_site_name":"Element Logic Norway","article_modified_time":"2025-11-27T13:42:16+00:00","twitter_card":"summary_large_image","twitter_misc":{"Ansl. lesetid":"2 minutter"},"schema":{"@context":"https:\/\/schema.org","@graph":[{"@type":"WebPage","@id":"https:\/\/www.elementlogic.net\/no\/whitepaper\/tre-trender-som-former-fremtidens-intralogistikk\/","url":"https:\/\/www.elementlogic.net\/no\/whitepaper\/tre-trender-som-former-fremtidens-intralogistikk\/","name":"Whitepaper: Tre trender som former fremtidens intralogistikk","isPartOf":{"@id":"https:\/\/www.elementlogic.net\/no\/#website"},"datePublished":"2024-09-09T19:55:19+00:00","dateModified":"2025-11-27T13:42:16+00:00","description":"Ny teknologi og innovative l\u00f8sninger p\u00e5virker kundenes forventninger. Les mer om trendene som former fremtidens intralogistikk.","breadcrumb":{"@id":"https:\/\/www.elementlogic.net\/no\/whitepaper\/tre-trender-som-former-fremtidens-intralogistikk\/#breadcrumb"},"inLanguage":"nb-NO","potentialAction":[{"@type":"ReadAction","target":["https:\/\/www.elementlogic.net\/no\/whitepaper\/tre-trender-som-former-fremtidens-intralogistikk\/"]}]},{"@type":"BreadcrumbList","@id":"https:\/\/www.elementlogic.net\/no\/whitepaper\/tre-trender-som-former-fremtidens-intralogistikk\/#breadcrumb","itemListElement":[{"@type":"ListItem","position":1,"name":"Whitepaper","item":"https:\/\/www.elementlogic.net\/no\/whitepaper\/"},{"@type":"ListItem","position":2,"name":"Tre trender som former fremtidens intralogistikk"}]},{"@type":"WebSite","@id":"https:\/\/www.elementlogic.net\/no\/#website","url":"https:\/\/www.elementlogic.net\/no\/","name":"Element Logic Norway","description":"","alternateName":"Element Logic","potentialAction":[{"@type":"SearchAction","target":{"@type":"EntryPoint","urlTemplate":"https:\/\/www.elementlogic.net\/no\/?s={search_term_string}"},"query-input":{"@type":"PropertyValueSpecification","valueRequired":true,"valueName":"search_term_string"}}],"inLanguage":"nb-NO"}]}},"_links":{"self":[{"href":"https:\/\/www.elementlogic.net\/no\/wp-json\/wp\/v2\/pages\/143"}],"collection":[{"href":"https:\/\/www.elementlogic.net\/no\/wp-json\/wp\/v2\/pages"}],"about":[{"href":"https:\/\/www.elementlogic.net\/no\/wp-json\/wp\/v2\/types\/page"}],"author":[{"embeddable":true,"href":"https:\/\/www.elementlogic.net\/no\/wp-json\/wp\/v2\/users\/3"}],"replies":[{"embeddable":true,"href":"https:\/\/www.elementlogic.net\/no\/wp-json\/wp\/v2\/comments?post=143"}],"version-history":[{"count":5,"href":"https:\/\/www.elementlogic.net\/no\/wp-json\/wp\/v2\/pages\/143\/revisions"}],"predecessor-version":[{"id":21970,"href":"https:\/\/www.elementlogic.net\/no\/wp-json\/wp\/v2\/pages\/143\/revisions\/21970"}],"up":[{"embeddable":true,"href":"https:\/\/www.elementlogic.net\/no\/wp-json\/wp\/v2\/pages\/155"}],"wp:attachment":[{"href":"https:\/\/www.elementlogic.net\/no\/wp-json\/wp\/v2\/media?parent=143"}],"curies":[{"name":"wp","href":"https:\/\/api.w.org\/{rel}","templated":true}]}}