{"id":146,"date":"2024-09-09T21:50:17","date_gmt":"2024-09-09T19:50:17","guid":{"rendered":"https:\/\/www.elementlogic.net\/?page_id=2178"},"modified":"2025-11-27T13:41:33","modified_gmt":"2025-11-27T13:41:33","slug":"regn-ut-din-avkastning-med-element-logic","status":"publish","type":"page","link":"https:\/\/www.elementlogic.net\/no\/whitepaper\/regn-ut-din-avkastning-med-element-logic\/","title":{"rendered":"Regn ut din avkastning med Element Logic"},"content":{"rendered":"\n\t\t<div style=\"--dekode-hero-dim:0.5; --t2-icon-fill:var(--wp--preset--color--white);\" class=\"alignfull dekode-hero-content-position-center has-media-background wp-block-dekode-hero has-text-color has-white-color\">\n\t\t\t<img loading=\"lazy\" decoding=\"async\" width=\"1024\" height=\"683\" src=\"https:\/\/www.elementlogic.net\/content\/uploads\/sites\/10\/\/2024\/09\/Element-Logic-cooperation-28168118-1024x683.jpg\" class=\"dekode-hero__image\" alt=\"To menn som snakker med b\u00e6rbare PC-er p\u00e5 bordet foran seg\" style=\"--focalpoint: 47% 36%;\" srcset=\"https:\/\/www.elementlogic.net\/content\/uploads\/sites\/10\/2024\/09\/Element-Logic-cooperation-28168118-1024x683.jpg 1024w, https:\/\/www.elementlogic.net\/content\/uploads\/sites\/10\/2024\/09\/Element-Logic-cooperation-28168118-300x200.jpg 300w, https:\/\/www.elementlogic.net\/content\/uploads\/sites\/10\/2024\/09\/Element-Logic-cooperation-28168118-768x512.jpg 768w, https:\/\/www.elementlogic.net\/content\/uploads\/sites\/10\/2024\/09\/Element-Logic-cooperation-28168118.jpg 1080w\" sizes=\"(max-width: 1024px) 100vw, 1024px\" \/>\n\t\t\t<div class=\"dekode-hero__content\">\n\t\t\t\t<div class=\"dekode-hero__container\">\n\t\t\t\t\t\n\n<h1 class=\"wp-block-heading\" id=\"regn-ut-din-avkastning-med-element-logic\">Regn ut din avkastning med Element Logic<\/h1>\n\n\n\n<p>Det er mange fordeler med lagerautomasjon. Du sparer plass, f\u00e5r flere forn\u00f8yde kunder og gir dine ansatte en bedre arbeidsdag. Men hva er de \u00f8konomiske fordelene med investeringen?<\/p>\n\n\n\t\t\t\t<\/div>\n\t\t\t<\/div>\n\t\t<\/div>\n\t\t\n\n\n<p>V\u00e5rt team med eksperter hjelper deg \u00e5 regne ut avkastningen. I v\u00e5r whitepaper kan du ta del i v\u00e5r kunnskap og erfaring med \u00e5 regne ut den \u00f8konomiske verdien av fordelene med lagerautomasjon. B\u00e5de kortsiktig og langsiktig.<\/p>\n\n\n\n<p>Noen tall er enkle \u00e5 regne ut, mens andre er vanskeligere \u00e5 sette en eksakt prislapp p\u00e5.<\/p>\n\n\n\n<p>Last ned v\u00e5r whitepaper for \u00e5 l\u00e6re hvordan du kan oppn\u00e5 god avkastning og vekst med lagerautomasjon.<\/p>\n\n\n\n<h3 class=\"wp-block-heading\" id=\"h-du-vil-blant-annet-laere-mer-om\"><strong>Du vil blant annet l\u00e6re mer om:<\/strong><\/h3>\n\n\n\n<ul class=\"wp-block-list\">\n<li>Hvordan Element Logic regner ut avkastning og utf\u00f8rer l\u00f8nnsomhetsanalyser<\/li>\n\n\n\n<li>\u00d8konomiske fordeler med lagerautomasjon<\/li>\n\n\n\n<li>Harde tall og myke verdier som p\u00e5virker din avkastning<\/li>\n\n\n\n<li>Gjennomsnittlig avkastning fra automasjon med Element Logic<\/li>\n\n\n\n<li>En kundereferanse som fikk avkastning p\u00e5 rekordtid<\/li>\n<\/ul>\n\n\n\n<p>Whitepaperet er gratis og tilgjengelig p\u00e5 engelsk.<\/p>\n\n\n\n\t\t<div class=\"wp-block-dekode-dynamics-form\">\n\t\t\t<div class=\"embedded-form\">\n\t\t\t\t<div\n\t\t\t\t\tdata-form-id=\"7a77f022-6c2a-f011-8c4e-6045bdf51dec\"\n\t\t\t\t\tdata-form-api-url=\"https:\/\/public-eur.mkt.dynamics.com\/api\/v1.0\/orgs\/0d653081-4a98-4454-9ade-26f2fbe674ee\/landingpageforms\"\n\t\t\t\t\tdata-cached-form-url=\"https:\/\/assets-eur.mkt.dynamics.com\/0d653081-4a98-4454-9ade-26f2fbe674ee\/digitalassets\/forms\/7a77f022-6c2a-f011-8c4e-6045bdf51dec\"\n\t\t\t\t><\/div>\n\t\t\t<\/div>\n\t\t<\/div>","protected":false},"excerpt":{"rendered":"<p>V\u00e5rt team med eksperter hjelper deg \u00e5 regne ut avkastningen. I v\u00e5r whitepaper kan du ta del i v\u00e5r kunnskap [&hellip;]<\/p>\n","protected":false},"author":3,"featured_media":0,"parent":155,"menu_order":0,"comment_status":"closed","ping_status":"closed","template":"","meta":{"hreflang_relation":2178,"_el_cross_publish_source_blog_url":"","_el_cross_publish_source_blog_id":0,"_el_cross_publish_source_post_id":0,"_el_cross_publish_sync_state":"","exclude_from_search":false,"footnotes":""},"class_list":["post-146","page","type-page","status-publish","hentry"],"yoast_head":"<!-- This site is optimized with the Yoast SEO Premium plugin v23.9 (Yoast SEO v23.9) - https:\/\/yoast.com\/wordpress\/plugins\/seo\/ -->\n<title>Regn ut ROI p\u00e5 automatisert lagerl\u00f8sning<\/title>\n<meta name=\"description\" content=\"L\u00e6r hvordan vi regner ut den \u00f8konomiske verdien av fordelene med lagerautomasjon. B\u00e5de kortsiktig og langsiktig.\" \/>\n<meta name=\"robots\" content=\"index, follow, max-snippet:-1, max-image-preview:large, max-video-preview:-1\" \/>\n<link rel=\"canonical\" href=\"https:\/\/www.elementlogic.net\/no\/whitepaper\/regn-ut-din-avkastning-med-element-logic\/\" \/>\n<meta property=\"og:locale\" content=\"nb_NO\" \/>\n<meta property=\"og:type\" content=\"article\" \/>\n<meta property=\"og:title\" content=\"Regn ut din avkastning med Element Logic\" \/>\n<meta property=\"og:description\" content=\"L\u00e6r hvordan vi regner ut den \u00f8konomiske verdien av fordelene med lagerautomasjon. B\u00e5de kortsiktig og langsiktig.\" \/>\n<meta property=\"og:url\" content=\"https:\/\/www.elementlogic.net\/no\/whitepaper\/regn-ut-din-avkastning-med-element-logic\/\" \/>\n<meta property=\"og:site_name\" content=\"Element Logic Norway\" \/>\n<meta property=\"article:modified_time\" content=\"2025-11-27T13:41:33+00:00\" \/>\n<meta name=\"twitter:card\" content=\"summary_large_image\" \/>\n<script type=\"application\/ld+json\" class=\"yoast-schema-graph\">{\"@context\":\"https:\/\/schema.org\",\"@graph\":[{\"@type\":\"WebPage\",\"@id\":\"https:\/\/www.elementlogic.net\/no\/whitepaper\/regn-ut-din-avkastning-med-element-logic\/\",\"url\":\"https:\/\/www.elementlogic.net\/no\/whitepaper\/regn-ut-din-avkastning-med-element-logic\/\",\"name\":\"Regn ut ROI p\u00e5 automatisert lagerl\u00f8sning\",\"isPartOf\":{\"@id\":\"https:\/\/www.elementlogic.net\/no\/#website\"},\"datePublished\":\"2024-09-09T19:50:17+00:00\",\"dateModified\":\"2025-11-27T13:41:33+00:00\",\"description\":\"L\u00e6r hvordan vi regner ut den \u00f8konomiske verdien av fordelene med lagerautomasjon. B\u00e5de kortsiktig og langsiktig.\",\"breadcrumb\":{\"@id\":\"https:\/\/www.elementlogic.net\/no\/whitepaper\/regn-ut-din-avkastning-med-element-logic\/#breadcrumb\"},\"inLanguage\":\"nb-NO\",\"potentialAction\":[{\"@type\":\"ReadAction\",\"target\":[\"https:\/\/www.elementlogic.net\/no\/whitepaper\/regn-ut-din-avkastning-med-element-logic\/\"]}]},{\"@type\":\"BreadcrumbList\",\"@id\":\"https:\/\/www.elementlogic.net\/no\/whitepaper\/regn-ut-din-avkastning-med-element-logic\/#breadcrumb\",\"itemListElement\":[{\"@type\":\"ListItem\",\"position\":1,\"name\":\"Whitepaper\",\"item\":\"https:\/\/www.elementlogic.net\/no\/whitepaper\/\"},{\"@type\":\"ListItem\",\"position\":2,\"name\":\"Regn ut din avkastning med Element Logic\"}]},{\"@type\":\"WebSite\",\"@id\":\"https:\/\/www.elementlogic.net\/no\/#website\",\"url\":\"https:\/\/www.elementlogic.net\/no\/\",\"name\":\"Element Logic Norway\",\"description\":\"\",\"alternateName\":\"Element Logic\",\"potentialAction\":[{\"@type\":\"SearchAction\",\"target\":{\"@type\":\"EntryPoint\",\"urlTemplate\":\"https:\/\/www.elementlogic.net\/no\/?s={search_term_string}\"},\"query-input\":{\"@type\":\"PropertyValueSpecification\",\"valueRequired\":true,\"valueName\":\"search_term_string\"}}],\"inLanguage\":\"nb-NO\"}]}<\/script>\n<!-- \/ Yoast SEO Premium plugin. -->","yoast_head_json":{"title":"Regn ut ROI p\u00e5 automatisert lagerl\u00f8sning","description":"L\u00e6r hvordan vi regner ut den \u00f8konomiske verdien av fordelene med lagerautomasjon. B\u00e5de kortsiktig og langsiktig.","robots":{"index":"index","follow":"follow","max-snippet":"max-snippet:-1","max-image-preview":"max-image-preview:large","max-video-preview":"max-video-preview:-1"},"canonical":"https:\/\/www.elementlogic.net\/no\/whitepaper\/regn-ut-din-avkastning-med-element-logic\/","og_locale":"nb_NO","og_type":"article","og_title":"Regn ut din avkastning med Element Logic","og_description":"L\u00e6r hvordan vi regner ut den \u00f8konomiske verdien av fordelene med lagerautomasjon. B\u00e5de kortsiktig og langsiktig.","og_url":"https:\/\/www.elementlogic.net\/no\/whitepaper\/regn-ut-din-avkastning-med-element-logic\/","og_site_name":"Element Logic Norway","article_modified_time":"2025-11-27T13:41:33+00:00","twitter_card":"summary_large_image","schema":{"@context":"https:\/\/schema.org","@graph":[{"@type":"WebPage","@id":"https:\/\/www.elementlogic.net\/no\/whitepaper\/regn-ut-din-avkastning-med-element-logic\/","url":"https:\/\/www.elementlogic.net\/no\/whitepaper\/regn-ut-din-avkastning-med-element-logic\/","name":"Regn ut ROI p\u00e5 automatisert lagerl\u00f8sning","isPartOf":{"@id":"https:\/\/www.elementlogic.net\/no\/#website"},"datePublished":"2024-09-09T19:50:17+00:00","dateModified":"2025-11-27T13:41:33+00:00","description":"L\u00e6r hvordan vi regner ut den \u00f8konomiske verdien av fordelene med lagerautomasjon. B\u00e5de kortsiktig og langsiktig.","breadcrumb":{"@id":"https:\/\/www.elementlogic.net\/no\/whitepaper\/regn-ut-din-avkastning-med-element-logic\/#breadcrumb"},"inLanguage":"nb-NO","potentialAction":[{"@type":"ReadAction","target":["https:\/\/www.elementlogic.net\/no\/whitepaper\/regn-ut-din-avkastning-med-element-logic\/"]}]},{"@type":"BreadcrumbList","@id":"https:\/\/www.elementlogic.net\/no\/whitepaper\/regn-ut-din-avkastning-med-element-logic\/#breadcrumb","itemListElement":[{"@type":"ListItem","position":1,"name":"Whitepaper","item":"https:\/\/www.elementlogic.net\/no\/whitepaper\/"},{"@type":"ListItem","position":2,"name":"Regn ut din avkastning med Element Logic"}]},{"@type":"WebSite","@id":"https:\/\/www.elementlogic.net\/no\/#website","url":"https:\/\/www.elementlogic.net\/no\/","name":"Element Logic Norway","description":"","alternateName":"Element Logic","potentialAction":[{"@type":"SearchAction","target":{"@type":"EntryPoint","urlTemplate":"https:\/\/www.elementlogic.net\/no\/?s={search_term_string}"},"query-input":{"@type":"PropertyValueSpecification","valueRequired":true,"valueName":"search_term_string"}}],"inLanguage":"nb-NO"}]}},"_links":{"self":[{"href":"https:\/\/www.elementlogic.net\/no\/wp-json\/wp\/v2\/pages\/146"}],"collection":[{"href":"https:\/\/www.elementlogic.net\/no\/wp-json\/wp\/v2\/pages"}],"about":[{"href":"https:\/\/www.elementlogic.net\/no\/wp-json\/wp\/v2\/types\/page"}],"author":[{"embeddable":true,"href":"https:\/\/www.elementlogic.net\/no\/wp-json\/wp\/v2\/users\/3"}],"replies":[{"embeddable":true,"href":"https:\/\/www.elementlogic.net\/no\/wp-json\/wp\/v2\/comments?post=146"}],"version-history":[{"count":5,"href":"https:\/\/www.elementlogic.net\/no\/wp-json\/wp\/v2\/pages\/146\/revisions"}],"predecessor-version":[{"id":21969,"href":"https:\/\/www.elementlogic.net\/no\/wp-json\/wp\/v2\/pages\/146\/revisions\/21969"}],"up":[{"embeddable":true,"href":"https:\/\/www.elementlogic.net\/no\/wp-json\/wp\/v2\/pages\/155"}],"wp:attachment":[{"href":"https:\/\/www.elementlogic.net\/no\/wp-json\/wp\/v2\/media?parent=146"}],"curies":[{"name":"wp","href":"https:\/\/api.w.org\/{rel}","templated":true}]}}