{"id":148,"date":"2024-09-09T21:46:16","date_gmt":"2024-09-09T19:46:16","guid":{"rendered":"https:\/\/www.elementlogic.net\/?page_id=2173"},"modified":"2025-11-27T13:41:08","modified_gmt":"2025-11-27T13:41:08","slug":"utnyttelse-av-data-det-neste-nivaet-av-lagerautomasjon","status":"publish","type":"page","link":"https:\/\/www.elementlogic.net\/no\/whitepaper\/utnyttelse-av-data-det-neste-nivaet-av-lagerautomasjon\/","title":{"rendered":"Utnyttelse av data: Det neste niv\u00e5et av lagerautomasjon"},"content":{"rendered":"\n\t\t<div style=\"--dekode-hero-dim:0.5; --t2-icon-fill:var(--wp--preset--color--white);\" class=\"alignfull dekode-hero-content-position-center has-media-background wp-block-dekode-hero\">\n\t\t\t<img loading=\"lazy\" decoding=\"async\" width=\"1024\" height=\"683\" src=\"https:\/\/www.elementlogic.net\/content\/uploads\/sites\/10\/\/2024\/09\/EL_eLogiq_-2-1024x683-1.jpg\" class=\"dekode-hero__image\" alt=\"\" style=\"--focalpoint: 50% 24%;\" srcset=\"https:\/\/www.elementlogic.net\/content\/uploads\/sites\/10\/2024\/09\/EL_eLogiq_-2-1024x683-1.jpg 1024w, https:\/\/www.elementlogic.net\/content\/uploads\/sites\/10\/2024\/09\/EL_eLogiq_-2-1024x683-1-300x200.jpg 300w, https:\/\/www.elementlogic.net\/content\/uploads\/sites\/10\/2024\/09\/EL_eLogiq_-2-1024x683-1-768x512.jpg 768w\" sizes=\"(max-width: 1024px) 100vw, 1024px\" \/>\n\t\t\t<div class=\"dekode-hero__content\">\n\t\t\t\t<div class=\"dekode-hero__container\">\n\t\t\t\t\t\n\n<h1 class=\"wp-block-heading\" id=\"utnyttelse-av-data-det-neste-nivaet-av-lagerautomasjon\">Utnyttelse av data: Det neste niv\u00e5et av lagerautomasjon<\/h1>\n\n\n\n<p>\u00d8nsker du \u00e5 vokse og tiltrekke deg flere kunder m\u00e5 du l\u00e6re deg \u00e5 forutse hva som kommer rundt neste sving. I tillegg m\u00e5 du v\u00e6re forberedt p\u00e5 \u00e5 agere raskt.<\/p>\n\n\n\t\t\t\t<\/div>\n\t\t\t<\/div>\n\t\t<\/div>\n\t\t\n\n\n<p>For \u00e5 f\u00e5 dette til er du n\u00f8dt til \u00e5 ta i bruk de skjulte datakildene i lagerdriften din. Det kan gi deg viktige og konkrete forslag til tiltak rundt kapasitetsplanlegging, forutsigbart vedlikehold, transportplanlegging og hvordan du kan motivere dine ansatte.<\/p>\n\n\n\n<p>\u2013&nbsp;Data er det skjulte gullet i verdens lagerdrift. Det er virkelig p\u00e5 tide \u00e5 ta det i bruk, konstaterer Sutharshan Nadarajah, teknologidirekt\u00f8r i Element Logic.<\/p>\n\n\n\n<h3 class=\"wp-block-heading\" id=\"h-du-vil-laere-om\"><strong>Du vil l\u00e6re om:<\/strong><\/h3>\n\n\n\n<ul class=\"wp-block-list\">\n<li>Hvordan en datadrevet fremtid ser ut innen internlogistikk<\/li>\n\n\n\n<li>Hvor du finner de skjulte datakildene i lagerdriften din<\/li>\n\n\n\n<li>Hvordan du kan sikre at du investerer i de riktige teknologil\u00f8sningene<\/li>\n\n\n\n<li>Hvordan utnyttelse av data gir mer l\u00f8nnsom drift<\/li>\n\n\n\n<li>Eksempler p\u00e5 hvordan du kan bruke datadrevne l\u00f8sninger til \u00e5 optimalisere lagerdriften<\/li>\n\n\n\n<li>\u00d8kosystemet av programvarer fra Element Logic<\/li>\n<\/ul>\n\n\n\n<p>Det er gratis \u00e5 laste ned, og whitepaperet er tilgjengelig p\u00e5 engelsk.<\/p>\n\n\n\n\t\t<div class=\"wp-block-dekode-dynamics-form\">\n\t\t\t<div class=\"embedded-form\">\n\t\t\t\t<div\n\t\t\t\t\tdata-form-id=\"7a77f022-6c2a-f011-8c4e-6045bdf51dec\"\n\t\t\t\t\tdata-form-api-url=\"https:\/\/public-eur.mkt.dynamics.com\/api\/v1.0\/orgs\/0d653081-4a98-4454-9ade-26f2fbe674ee\/landingpageforms\"\n\t\t\t\t\tdata-cached-form-url=\"https:\/\/assets-eur.mkt.dynamics.com\/0d653081-4a98-4454-9ade-26f2fbe674ee\/digitalassets\/forms\/7a77f022-6c2a-f011-8c4e-6045bdf51dec\"\n\t\t\t\t><\/div>\n\t\t\t<\/div>\n\t\t<\/div>","protected":false},"excerpt":{"rendered":"<p>For \u00e5 f\u00e5 dette til er du n\u00f8dt til \u00e5 ta i bruk de skjulte datakildene i lagerdriften din. Det [&hellip;]<\/p>\n","protected":false},"author":3,"featured_media":0,"parent":155,"menu_order":0,"comment_status":"closed","ping_status":"closed","template":"","meta":{"hreflang_relation":2173,"_el_cross_publish_source_blog_url":"","_el_cross_publish_source_blog_id":0,"_el_cross_publish_source_post_id":0,"_el_cross_publish_sync_state":"","exclude_from_search":false,"footnotes":""},"class_list":["post-148","page","type-page","status-publish","hentry"],"yoast_head":"<!-- This site is optimized with the Yoast SEO Premium plugin v23.9 (Yoast SEO v23.9) - https:\/\/yoast.com\/wordpress\/plugins\/seo\/ -->\n<title>Utnyttelse av data: Det neste niv\u00e5et av lagerautomasjon<\/title>\n<meta name=\"description\" content=\"Last ned whitepaper og l\u00e6r hvordan data og sanntidsinnsikt tar lagerautomasjon til neste niv\u00e5 med smartere beslutninger.\" \/>\n<meta name=\"robots\" content=\"index, follow, max-snippet:-1, max-image-preview:large, max-video-preview:-1\" \/>\n<link rel=\"canonical\" href=\"https:\/\/www.elementlogic.net\/no\/whitepaper\/utnyttelse-av-data-det-neste-nivaet-av-lagerautomasjon\/\" \/>\n<meta property=\"og:locale\" content=\"nb_NO\" \/>\n<meta property=\"og:type\" content=\"article\" \/>\n<meta property=\"og:title\" content=\"Utnyttelse av data: Det neste niv\u00e5et av lagerautomasjon\" \/>\n<meta property=\"og:description\" content=\"Last ned whitepaper og l\u00e6r hvordan data og sanntidsinnsikt tar lagerautomasjon til neste niv\u00e5 med smartere beslutninger.\" \/>\n<meta property=\"og:url\" content=\"https:\/\/www.elementlogic.net\/no\/whitepaper\/utnyttelse-av-data-det-neste-nivaet-av-lagerautomasjon\/\" \/>\n<meta property=\"og:site_name\" content=\"Element Logic Norway\" \/>\n<meta property=\"article:modified_time\" content=\"2025-11-27T13:41:08+00:00\" \/>\n<meta name=\"twitter:card\" content=\"summary_large_image\" \/>\n<meta name=\"twitter:label1\" content=\"Ansl. lesetid\" \/>\n\t<meta name=\"twitter:data1\" content=\"1 minutt\" \/>\n<script type=\"application\/ld+json\" class=\"yoast-schema-graph\">{\"@context\":\"https:\/\/schema.org\",\"@graph\":[{\"@type\":\"WebPage\",\"@id\":\"https:\/\/www.elementlogic.net\/no\/whitepaper\/utnyttelse-av-data-det-neste-nivaet-av-lagerautomasjon\/\",\"url\":\"https:\/\/www.elementlogic.net\/no\/whitepaper\/utnyttelse-av-data-det-neste-nivaet-av-lagerautomasjon\/\",\"name\":\"Utnyttelse av data: Det neste niv\u00e5et av lagerautomasjon\",\"isPartOf\":{\"@id\":\"https:\/\/www.elementlogic.net\/no\/#website\"},\"datePublished\":\"2024-09-09T19:46:16+00:00\",\"dateModified\":\"2025-11-27T13:41:08+00:00\",\"description\":\"Last ned whitepaper og l\u00e6r hvordan data og sanntidsinnsikt tar lagerautomasjon til neste niv\u00e5 med smartere beslutninger.\",\"breadcrumb\":{\"@id\":\"https:\/\/www.elementlogic.net\/no\/whitepaper\/utnyttelse-av-data-det-neste-nivaet-av-lagerautomasjon\/#breadcrumb\"},\"inLanguage\":\"nb-NO\",\"potentialAction\":[{\"@type\":\"ReadAction\",\"target\":[\"https:\/\/www.elementlogic.net\/no\/whitepaper\/utnyttelse-av-data-det-neste-nivaet-av-lagerautomasjon\/\"]}]},{\"@type\":\"BreadcrumbList\",\"@id\":\"https:\/\/www.elementlogic.net\/no\/whitepaper\/utnyttelse-av-data-det-neste-nivaet-av-lagerautomasjon\/#breadcrumb\",\"itemListElement\":[{\"@type\":\"ListItem\",\"position\":1,\"name\":\"Whitepaper\",\"item\":\"https:\/\/www.elementlogic.net\/no\/whitepaper\/\"},{\"@type\":\"ListItem\",\"position\":2,\"name\":\"Utnyttelse av data: Det neste niv\u00e5et av lagerautomasjon\"}]},{\"@type\":\"WebSite\",\"@id\":\"https:\/\/www.elementlogic.net\/no\/#website\",\"url\":\"https:\/\/www.elementlogic.net\/no\/\",\"name\":\"Element Logic Norway\",\"description\":\"\",\"alternateName\":\"Element Logic\",\"potentialAction\":[{\"@type\":\"SearchAction\",\"target\":{\"@type\":\"EntryPoint\",\"urlTemplate\":\"https:\/\/www.elementlogic.net\/no\/?s={search_term_string}\"},\"query-input\":{\"@type\":\"PropertyValueSpecification\",\"valueRequired\":true,\"valueName\":\"search_term_string\"}}],\"inLanguage\":\"nb-NO\"}]}<\/script>\n<!-- \/ Yoast SEO Premium plugin. -->","yoast_head_json":{"title":"Utnyttelse av data: Det neste niv\u00e5et av lagerautomasjon","description":"Last ned whitepaper og l\u00e6r hvordan data og sanntidsinnsikt tar lagerautomasjon til neste niv\u00e5 med smartere beslutninger.","robots":{"index":"index","follow":"follow","max-snippet":"max-snippet:-1","max-image-preview":"max-image-preview:large","max-video-preview":"max-video-preview:-1"},"canonical":"https:\/\/www.elementlogic.net\/no\/whitepaper\/utnyttelse-av-data-det-neste-nivaet-av-lagerautomasjon\/","og_locale":"nb_NO","og_type":"article","og_title":"Utnyttelse av data: Det neste niv\u00e5et av lagerautomasjon","og_description":"Last ned whitepaper og l\u00e6r hvordan data og sanntidsinnsikt tar lagerautomasjon til neste niv\u00e5 med smartere beslutninger.","og_url":"https:\/\/www.elementlogic.net\/no\/whitepaper\/utnyttelse-av-data-det-neste-nivaet-av-lagerautomasjon\/","og_site_name":"Element Logic Norway","article_modified_time":"2025-11-27T13:41:08+00:00","twitter_card":"summary_large_image","twitter_misc":{"Ansl. lesetid":"1 minutt"},"schema":{"@context":"https:\/\/schema.org","@graph":[{"@type":"WebPage","@id":"https:\/\/www.elementlogic.net\/no\/whitepaper\/utnyttelse-av-data-det-neste-nivaet-av-lagerautomasjon\/","url":"https:\/\/www.elementlogic.net\/no\/whitepaper\/utnyttelse-av-data-det-neste-nivaet-av-lagerautomasjon\/","name":"Utnyttelse av data: Det neste niv\u00e5et av lagerautomasjon","isPartOf":{"@id":"https:\/\/www.elementlogic.net\/no\/#website"},"datePublished":"2024-09-09T19:46:16+00:00","dateModified":"2025-11-27T13:41:08+00:00","description":"Last ned whitepaper og l\u00e6r hvordan data og sanntidsinnsikt tar lagerautomasjon til neste niv\u00e5 med smartere beslutninger.","breadcrumb":{"@id":"https:\/\/www.elementlogic.net\/no\/whitepaper\/utnyttelse-av-data-det-neste-nivaet-av-lagerautomasjon\/#breadcrumb"},"inLanguage":"nb-NO","potentialAction":[{"@type":"ReadAction","target":["https:\/\/www.elementlogic.net\/no\/whitepaper\/utnyttelse-av-data-det-neste-nivaet-av-lagerautomasjon\/"]}]},{"@type":"BreadcrumbList","@id":"https:\/\/www.elementlogic.net\/no\/whitepaper\/utnyttelse-av-data-det-neste-nivaet-av-lagerautomasjon\/#breadcrumb","itemListElement":[{"@type":"ListItem","position":1,"name":"Whitepaper","item":"https:\/\/www.elementlogic.net\/no\/whitepaper\/"},{"@type":"ListItem","position":2,"name":"Utnyttelse av data: Det neste niv\u00e5et av lagerautomasjon"}]},{"@type":"WebSite","@id":"https:\/\/www.elementlogic.net\/no\/#website","url":"https:\/\/www.elementlogic.net\/no\/","name":"Element Logic Norway","description":"","alternateName":"Element Logic","potentialAction":[{"@type":"SearchAction","target":{"@type":"EntryPoint","urlTemplate":"https:\/\/www.elementlogic.net\/no\/?s={search_term_string}"},"query-input":{"@type":"PropertyValueSpecification","valueRequired":true,"valueName":"search_term_string"}}],"inLanguage":"nb-NO"}]}},"_links":{"self":[{"href":"https:\/\/www.elementlogic.net\/no\/wp-json\/wp\/v2\/pages\/148"}],"collection":[{"href":"https:\/\/www.elementlogic.net\/no\/wp-json\/wp\/v2\/pages"}],"about":[{"href":"https:\/\/www.elementlogic.net\/no\/wp-json\/wp\/v2\/types\/page"}],"author":[{"embeddable":true,"href":"https:\/\/www.elementlogic.net\/no\/wp-json\/wp\/v2\/users\/3"}],"replies":[{"embeddable":true,"href":"https:\/\/www.elementlogic.net\/no\/wp-json\/wp\/v2\/comments?post=148"}],"version-history":[{"count":5,"href":"https:\/\/www.elementlogic.net\/no\/wp-json\/wp\/v2\/pages\/148\/revisions"}],"predecessor-version":[{"id":21968,"href":"https:\/\/www.elementlogic.net\/no\/wp-json\/wp\/v2\/pages\/148\/revisions\/21968"}],"up":[{"embeddable":true,"href":"https:\/\/www.elementlogic.net\/no\/wp-json\/wp\/v2\/pages\/155"}],"wp:attachment":[{"href":"https:\/\/www.elementlogic.net\/no\/wp-json\/wp\/v2\/media?parent=148"}],"curies":[{"name":"wp","href":"https:\/\/api.w.org\/{rel}","templated":true}]}}