{"id":180,"date":"2024-09-03T15:26:40","date_gmt":"2024-09-03T13:26:40","guid":{"rendered":"https:\/\/www.elementlogic.net\/?page_id=1865"},"modified":"2024-12-03T08:59:41","modified_gmt":"2024-12-03T08:59:41","slug":"kasser","status":"publish","type":"page","link":"https:\/\/www.elementlogic.net\/no\/losninger-og-tjenester\/asrs\/autostore\/kasser\/","title":{"rendered":"Kasser\u00a0"},"content":{"rendered":"<p class=\"t2-ingress wp-block-t2-ingress\">AutoStore-kasser er 400 x 600 mm og kommer i tre h\u00f8yder (220 mm, 330 mm, 425 mm) for \u00e5 dekke ulike lagerbehov.<\/p>\n\n\n\t\t<div class=\"alignwide is-mode-constrained is-gap-center wp-block-t2-simple-media-text   \">\n\t\t\t<div class=\"t2-simple-media-text__container\">\n\t\t\t\t<div class=\"t2-simple-media-text__image\"><img loading=\"lazy\" decoding=\"async\" width=\"768\" height=\"512\" src=\"https:\/\/www.elementlogic.net\/content\/uploads\/sites\/10\/\/2024\/09\/AS-Bins-330mm-top-768x512.jpg\" class=\"\" alt=\"\" style=\"--focalpoint: 50% 50%;\" srcset=\"https:\/\/www.elementlogic.net\/content\/uploads\/sites\/10\/2024\/09\/AS-Bins-330mm-top-768x512.jpg 768w, https:\/\/www.elementlogic.net\/content\/uploads\/sites\/10\/2024\/09\/AS-Bins-330mm-top-300x200.jpg 300w, https:\/\/www.elementlogic.net\/content\/uploads\/sites\/10\/2024\/09\/AS-Bins-330mm-top-1024x683.jpg 1024w, https:\/\/www.elementlogic.net\/content\/uploads\/sites\/10\/2024\/09\/AS-Bins-330mm-top-1536x1025.jpg 1536w, https:\/\/www.elementlogic.net\/content\/uploads\/sites\/10\/2024\/09\/AS-Bins-330mm-top.jpg 1920w\" sizes=\"(max-width: 768px) 100vw, 768px\" \/><\/div>\n\t\t\t\t<div class=\"t2-simple-media-text__content-container\">\n\t\t\t\t\t<div class=\"t2-simple-media-text__content\">\n\t\t\t\t\t\t<div class=\"t2-simple-media-text__content-inner\">\n\t\t\t\t\t\t\t\n\n<p>Den h\u00f8yeste er kompatibel med B1 og R5+ roboter. Hver kasse kan deles med opptil 32 flyttbare skillevegger for \u00e5 huse flere produktkategorier. Kassene er sv\u00e6rt holdbare p\u00e5 grunn av den unike konstruksjonen og sk\u00e5nsomme h\u00e5ndteringen til robotene. De kan lagre opptil 30 kg. I l\u00f8sningen din kan du stable 14, 16 eller 24 kasser opp\u00e5 hverandre.<\/p>\n\n\n\n<p>Hver kasse har en rigid design, veiledende detaljer og en unik ID for presis sporing av lagerbeholdning. Disse funksjonene sikrer langvarig ytelse og full kontroll over lagerbeholdningen. Dette bevises av kasser som har v\u00e6rt i bruk siden 2005 i <a href=\"https:\/\/www.elementlogic.no\/cases\/verdens-forste-autostore-lager-fortsatt-i-drift\/\">verdens f\u00f8rste AutoStore-lager<\/a>, installert av Element Logic.<\/p>\n\n\n\t\t\t\t\t\t<\/div>\n\t\t\t\t\t<\/div>\n\t\t\t\t<\/div>\n\t\t\t<\/div>\n\t\t<\/div>\n\t\t\n\n\n<p><\/p>\n","protected":false},"excerpt":{"rendered":"","protected":false},"author":3,"featured_media":181,"parent":212,"menu_order":0,"comment_status":"closed","ping_status":"closed","template":"","meta":{"hreflang_relation":1865,"_el_cross_publish_source_blog_url":"","_el_cross_publish_source_blog_id":0,"_el_cross_publish_source_post_id":0,"_el_cross_publish_sync_state":"","exclude_from_search":false,"footnotes":""},"class_list":["post-180","page","type-page","status-publish","has-post-thumbnail","hentry"],"yoast_head":"<!-- This site is optimized with the Yoast SEO Premium plugin v23.9 (Yoast SEO v23.9) - https:\/\/yoast.com\/wordpress\/plugins\/seo\/ -->\n<title>Kasser\u00a0 | Element Logic Norway<\/title>\n<meta name=\"description\" content=\"Kassene er kompatible med B1 og R5+ roboter, stables opptil 24 h\u00f8y, og har unik ID for presis lagerstyring og lang holdbarhet.\" \/>\n<meta name=\"robots\" content=\"index, follow, max-snippet:-1, max-image-preview:large, max-video-preview:-1\" \/>\n<link rel=\"canonical\" href=\"https:\/\/www.elementlogic.net\/no\/losninger-og-tjenester\/asrs\/autostore\/kasser\/\" \/>\n<meta property=\"og:locale\" content=\"nb_NO\" \/>\n<meta property=\"og:type\" content=\"article\" \/>\n<meta property=\"og:title\" content=\"Kasser\u00a0\" \/>\n<meta property=\"og:description\" content=\"Kassene er kompatible med B1 og R5+ roboter, stables opptil 24 h\u00f8y, og har unik ID for presis lagerstyring og lang holdbarhet.\" \/>\n<meta property=\"og:url\" content=\"https:\/\/www.elementlogic.net\/no\/losninger-og-tjenester\/asrs\/autostore\/kasser\/\" \/>\n<meta property=\"og:site_name\" content=\"Element Logic Norway\" \/>\n<meta property=\"article:modified_time\" content=\"2024-12-03T08:59:41+00:00\" \/>\n<meta property=\"og:image\" content=\"https:\/\/www.elementlogic.net\/content\/uploads\/sites\/10\/\/2024\/09\/AS-Bins-330mm-top.jpg\" \/>\n\t<meta property=\"og:image:width\" content=\"1920\" \/>\n\t<meta property=\"og:image:height\" content=\"1281\" \/>\n\t<meta property=\"og:image:type\" content=\"image\/jpeg\" \/>\n<meta name=\"twitter:card\" content=\"summary_large_image\" \/>\n<meta name=\"twitter:label1\" content=\"Ansl. lesetid\" \/>\n\t<meta name=\"twitter:data1\" content=\"1 minutt\" \/>\n<script type=\"application\/ld+json\" class=\"yoast-schema-graph\">{\"@context\":\"https:\/\/schema.org\",\"@graph\":[{\"@type\":\"WebPage\",\"@id\":\"https:\/\/www.elementlogic.net\/no\/losninger-og-tjenester\/asrs\/autostore\/kasser\/\",\"url\":\"https:\/\/www.elementlogic.net\/no\/losninger-og-tjenester\/asrs\/autostore\/kasser\/\",\"name\":\"Kasser\u00a0 | Element Logic Norway\",\"isPartOf\":{\"@id\":\"https:\/\/www.elementlogic.net\/no\/#website\"},\"primaryImageOfPage\":{\"@id\":\"https:\/\/www.elementlogic.net\/no\/losninger-og-tjenester\/asrs\/autostore\/kasser\/#primaryimage\"},\"image\":{\"@id\":\"https:\/\/www.elementlogic.net\/no\/losninger-og-tjenester\/asrs\/autostore\/kasser\/#primaryimage\"},\"thumbnailUrl\":\"https:\/\/www.elementlogic.net\/content\/uploads\/sites\/10\/\/2024\/09\/AS-Bins-330mm-top.jpg\",\"datePublished\":\"2024-09-03T13:26:40+00:00\",\"dateModified\":\"2024-12-03T08:59:41+00:00\",\"description\":\"Kassene er kompatible med B1 og R5+ roboter, stables opptil 24 h\u00f8y, og har unik ID for presis lagerstyring og lang holdbarhet.\",\"breadcrumb\":{\"@id\":\"https:\/\/www.elementlogic.net\/no\/losninger-og-tjenester\/asrs\/autostore\/kasser\/#breadcrumb\"},\"inLanguage\":\"nb-NO\",\"potentialAction\":[{\"@type\":\"ReadAction\",\"target\":[\"https:\/\/www.elementlogic.net\/no\/losninger-og-tjenester\/asrs\/autostore\/kasser\/\"]}]},{\"@type\":\"ImageObject\",\"inLanguage\":\"nb-NO\",\"@id\":\"https:\/\/www.elementlogic.net\/no\/losninger-og-tjenester\/asrs\/autostore\/kasser\/#primaryimage\",\"url\":\"https:\/\/www.elementlogic.net\/content\/uploads\/sites\/10\/\/2024\/09\/AS-Bins-330mm-top.jpg\",\"contentUrl\":\"https:\/\/www.elementlogic.net\/content\/uploads\/sites\/10\/\/2024\/09\/AS-Bins-330mm-top.jpg\",\"width\":1920,\"height\":1281},{\"@type\":\"BreadcrumbList\",\"@id\":\"https:\/\/www.elementlogic.net\/no\/losninger-og-tjenester\/asrs\/autostore\/kasser\/#breadcrumb\",\"itemListElement\":[{\"@type\":\"ListItem\",\"position\":1,\"name\":\"L\u00f8sninger og Tjenester\",\"item\":\"https:\/\/www.elementlogic.net\/no\/losninger-og-tjenester\/\"},{\"@type\":\"ListItem\",\"position\":2,\"name\":\"ASRS\",\"item\":\"https:\/\/www.elementlogic.net\/no\/losninger-og-tjenester\/asrs\/\"},{\"@type\":\"ListItem\",\"position\":3,\"name\":\"AutoStore\",\"item\":\"https:\/\/www.elementlogic.net\/no\/losninger-og-tjenester\/asrs\/autostore\/\"},{\"@type\":\"ListItem\",\"position\":4,\"name\":\"Kasser\u00a0\"}]},{\"@type\":\"WebSite\",\"@id\":\"https:\/\/www.elementlogic.net\/no\/#website\",\"url\":\"https:\/\/www.elementlogic.net\/no\/\",\"name\":\"Element Logic Norway\",\"description\":\"\",\"alternateName\":\"Element Logic\",\"potentialAction\":[{\"@type\":\"SearchAction\",\"target\":{\"@type\":\"EntryPoint\",\"urlTemplate\":\"https:\/\/www.elementlogic.net\/no\/?s={search_term_string}\"},\"query-input\":{\"@type\":\"PropertyValueSpecification\",\"valueRequired\":true,\"valueName\":\"search_term_string\"}}],\"inLanguage\":\"nb-NO\"}]}<\/script>\n<!-- \/ Yoast SEO Premium plugin. -->","yoast_head_json":{"title":"Kasser\u00a0 | Element Logic Norway","description":"Kassene er kompatible med B1 og R5+ roboter, stables opptil 24 h\u00f8y, og har unik ID for presis lagerstyring og lang holdbarhet.","robots":{"index":"index","follow":"follow","max-snippet":"max-snippet:-1","max-image-preview":"max-image-preview:large","max-video-preview":"max-video-preview:-1"},"canonical":"https:\/\/www.elementlogic.net\/no\/losninger-og-tjenester\/asrs\/autostore\/kasser\/","og_locale":"nb_NO","og_type":"article","og_title":"Kasser\u00a0","og_description":"Kassene er kompatible med B1 og R5+ roboter, stables opptil 24 h\u00f8y, og har unik ID for presis lagerstyring og lang holdbarhet.","og_url":"https:\/\/www.elementlogic.net\/no\/losninger-og-tjenester\/asrs\/autostore\/kasser\/","og_site_name":"Element Logic Norway","article_modified_time":"2024-12-03T08:59:41+00:00","og_image":[{"width":1920,"height":1281,"url":"https:\/\/www.elementlogic.net\/content\/uploads\/sites\/10\/\/2024\/09\/AS-Bins-330mm-top.jpg","type":"image\/jpeg"}],"twitter_card":"summary_large_image","twitter_misc":{"Ansl. lesetid":"1 minutt"},"schema":{"@context":"https:\/\/schema.org","@graph":[{"@type":"WebPage","@id":"https:\/\/www.elementlogic.net\/no\/losninger-og-tjenester\/asrs\/autostore\/kasser\/","url":"https:\/\/www.elementlogic.net\/no\/losninger-og-tjenester\/asrs\/autostore\/kasser\/","name":"Kasser\u00a0 | Element Logic Norway","isPartOf":{"@id":"https:\/\/www.elementlogic.net\/no\/#website"},"primaryImageOfPage":{"@id":"https:\/\/www.elementlogic.net\/no\/losninger-og-tjenester\/asrs\/autostore\/kasser\/#primaryimage"},"image":{"@id":"https:\/\/www.elementlogic.net\/no\/losninger-og-tjenester\/asrs\/autostore\/kasser\/#primaryimage"},"thumbnailUrl":"https:\/\/www.elementlogic.net\/content\/uploads\/sites\/10\/\/2024\/09\/AS-Bins-330mm-top.jpg","datePublished":"2024-09-03T13:26:40+00:00","dateModified":"2024-12-03T08:59:41+00:00","description":"Kassene er kompatible med B1 og R5+ roboter, stables opptil 24 h\u00f8y, og har unik ID for presis lagerstyring og lang holdbarhet.","breadcrumb":{"@id":"https:\/\/www.elementlogic.net\/no\/losninger-og-tjenester\/asrs\/autostore\/kasser\/#breadcrumb"},"inLanguage":"nb-NO","potentialAction":[{"@type":"ReadAction","target":["https:\/\/www.elementlogic.net\/no\/losninger-og-tjenester\/asrs\/autostore\/kasser\/"]}]},{"@type":"ImageObject","inLanguage":"nb-NO","@id":"https:\/\/www.elementlogic.net\/no\/losninger-og-tjenester\/asrs\/autostore\/kasser\/#primaryimage","url":"https:\/\/www.elementlogic.net\/content\/uploads\/sites\/10\/\/2024\/09\/AS-Bins-330mm-top.jpg","contentUrl":"https:\/\/www.elementlogic.net\/content\/uploads\/sites\/10\/\/2024\/09\/AS-Bins-330mm-top.jpg","width":1920,"height":1281},{"@type":"BreadcrumbList","@id":"https:\/\/www.elementlogic.net\/no\/losninger-og-tjenester\/asrs\/autostore\/kasser\/#breadcrumb","itemListElement":[{"@type":"ListItem","position":1,"name":"L\u00f8sninger og Tjenester","item":"https:\/\/www.elementlogic.net\/no\/losninger-og-tjenester\/"},{"@type":"ListItem","position":2,"name":"ASRS","item":"https:\/\/www.elementlogic.net\/no\/losninger-og-tjenester\/asrs\/"},{"@type":"ListItem","position":3,"name":"AutoStore","item":"https:\/\/www.elementlogic.net\/no\/losninger-og-tjenester\/asrs\/autostore\/"},{"@type":"ListItem","position":4,"name":"Kasser\u00a0"}]},{"@type":"WebSite","@id":"https:\/\/www.elementlogic.net\/no\/#website","url":"https:\/\/www.elementlogic.net\/no\/","name":"Element Logic Norway","description":"","alternateName":"Element Logic","potentialAction":[{"@type":"SearchAction","target":{"@type":"EntryPoint","urlTemplate":"https:\/\/www.elementlogic.net\/no\/?s={search_term_string}"},"query-input":{"@type":"PropertyValueSpecification","valueRequired":true,"valueName":"search_term_string"}}],"inLanguage":"nb-NO"}]}},"_links":{"self":[{"href":"https:\/\/www.elementlogic.net\/no\/wp-json\/wp\/v2\/pages\/180"}],"collection":[{"href":"https:\/\/www.elementlogic.net\/no\/wp-json\/wp\/v2\/pages"}],"about":[{"href":"https:\/\/www.elementlogic.net\/no\/wp-json\/wp\/v2\/types\/page"}],"author":[{"embeddable":true,"href":"https:\/\/www.elementlogic.net\/no\/wp-json\/wp\/v2\/users\/3"}],"replies":[{"embeddable":true,"href":"https:\/\/www.elementlogic.net\/no\/wp-json\/wp\/v2\/comments?post=180"}],"version-history":[{"count":4,"href":"https:\/\/www.elementlogic.net\/no\/wp-json\/wp\/v2\/pages\/180\/revisions"}],"predecessor-version":[{"id":2343,"href":"https:\/\/www.elementlogic.net\/no\/wp-json\/wp\/v2\/pages\/180\/revisions\/2343"}],"up":[{"embeddable":true,"href":"https:\/\/www.elementlogic.net\/no\/wp-json\/wp\/v2\/pages\/212"}],"wp:featuredmedia":[{"embeddable":true,"href":"https:\/\/www.elementlogic.net\/no\/wp-json\/wp\/v2\/media\/181"}],"wp:attachment":[{"href":"https:\/\/www.elementlogic.net\/no\/wp-json\/wp\/v2\/media?parent=180"}],"curies":[{"name":"wp","href":"https:\/\/api.w.org\/{rel}","templated":true}]}}