{"id":183,"date":"2024-09-03T15:21:01","date_gmt":"2024-09-03T13:21:01","guid":{"rendered":"https:\/\/www.elementlogic.net\/?page_id=1856"},"modified":"2025-03-07T10:41:35","modified_gmt":"2025-03-07T10:41:35","slug":"porter","status":"publish","type":"page","link":"https:\/\/www.elementlogic.net\/no\/losninger-og-tjenester\/asrs\/autostore\/porter\/","title":{"rendered":"Porter"},"content":{"rendered":"<p class=\"t2-ingress wp-block-t2-ingress\">AutoStore-portene er der robotene leverer varer og st\u00f8tter ulike operasjoner, inkludert ordrebehandling og inspisering av lagerbeholdning.<\/p>\n\n\n\t\t<div class=\"alignwide is-mode-constrained is-gap-center wp-block-t2-simple-media-text   \">\n\t\t\t<div class=\"t2-simple-media-text__container\">\n\t\t\t\t<div class=\"t2-simple-media-text__image\"><video muted autoplay loop style=\"--focalpoint: 100% 100%;\"><source src=\"https:\/\/www.elementlogic.net\/content\/uploads\/sites\/10\/\/2024\/09\/port-f6.mp4\" type=\"video\/mp4\" \/><\/video><\/div>\n\t\t\t\t<div class=\"t2-simple-media-text__content-container\">\n\t\t\t\t\t<div class=\"t2-simple-media-text__content\">\n\t\t\t\t\t\t<div class=\"t2-simple-media-text__content-inner\">\n\t\t\t\t\t\t\t\n\n<p>Systemet tilbyr syv portmoduler skreddersydd for ulike behov:<\/p>\n\n\n\t\t\t\t\t\t<\/div>\n\t\t\t\t\t<\/div>\n\t\t\t\t<\/div>\n\t\t\t<\/div>\n\t\t<\/div>\n\t\t\n\n\n<ol class=\"wp-block-list\" start=\"1\">\n<li><strong>ConveyorPort<\/strong>: Effektiv for varer i bevegelse med 6-7 sekunders kassebytte. Den mest brukte porten i AutoStore-installasjoner.<br>\u00a0<\/li>\n<\/ol>\n\n\n\n<ol class=\"wp-block-list\" start=\"2\">\n<li><strong>Karusellport:<\/strong> Ideell for plukk-og-pakk-oppgaver med h\u00f8yhastighets trearmet utveksling.<br>\u00a0<\/li>\n<\/ol>\n\n\n\n<ol class=\"wp-block-list\" start=\"3\">\n<li><strong>Svingport:<\/strong> Egnet for oppsett p\u00e5 flere niv\u00e5er med en intern kassel\u00f8fter.<br>\u00a0<\/li>\n<\/ol>\n\n\n\n<ol class=\"wp-block-list\" start=\"4\">\n<li><strong>RelayPort:<\/strong> Den raskeste arbeidsstasjonen for h\u00f8yhastighets plukk-og-videresend-operasjoner.<br>\u00a0<\/li>\n<\/ol>\n\n\n\n<ol class=\"wp-block-list\" start=\"5\">\n<li><strong>Pick-up port:<\/strong> Muliggj\u00f8r kontaktl\u00f8s henting av nettbestillinger i butikk direkte fra AutoStore-systemet, noe som \u00f8ker brukervennligheten og \u00f8ker trafikk og salg i butikk.<br>\u00a0<\/li>\n<\/ol>\n\n\n\n<ol class=\"wp-block-list\" start=\"6\">\n<li><strong>FusionPort:<\/strong> Forbedrer arbeidernes effektivitet og komfort med ergonomiske kasse\u00e5pninger, sikkerhetsluker, doble kasse-visninger og visuelle plukkehjelpemidler, som h\u00e5ndterer opptil 550 kasser i timen.<br>\u00a0<\/li>\n<\/ol>\n\n\n\n<ol class=\"wp-block-list\" start=\"7\">\n<li><strong>FusionPort Staging:<\/strong> Str\u00f8mlinjeformer ordreplukking og mellomlagring i AutoStore-griden, med plukk-til-lys-veiledning og ergonomisk design. <\/li>\n<\/ol>\n\n\n\n<p>Hver port sikrer effektiv og fleksibel h\u00e5ndtering av ordreoppgaver.<\/p>\n","protected":false},"excerpt":{"rendered":"<p>Hver port sikrer effektiv og fleksibel h\u00e5ndtering av ordreoppgaver.<\/p>\n","protected":false},"author":3,"featured_media":74,"parent":212,"menu_order":0,"comment_status":"closed","ping_status":"closed","template":"","meta":{"hreflang_relation":1856,"_el_cross_publish_source_blog_url":"","_el_cross_publish_source_blog_id":0,"_el_cross_publish_source_post_id":0,"_el_cross_publish_sync_state":"","exclude_from_search":false,"footnotes":""},"class_list":["post-183","page","type-page","status-publish","has-post-thumbnail","hentry"],"yoast_head":"<!-- This site is optimized with the Yoast SEO Premium plugin v23.9 (Yoast SEO v23.9) - https:\/\/yoast.com\/wordpress\/plugins\/seo\/ -->\n<title>Porter | Element Logic Norway<\/title>\n<meta name=\"description\" content=\"AutoStore-portene s\u00f8rger for effektiv og fleksibel ordrebehandling, med syv modulvalg som kan tilpasses lagerets behov og vareflyt.\" \/>\n<meta name=\"robots\" content=\"index, follow, max-snippet:-1, max-image-preview:large, max-video-preview:-1\" \/>\n<link rel=\"canonical\" href=\"https:\/\/www.elementlogic.net\/no\/losninger-og-tjenester\/asrs\/autostore\/porter\/\" \/>\n<meta property=\"og:locale\" content=\"nb_NO\" \/>\n<meta property=\"og:type\" content=\"article\" \/>\n<meta property=\"og:title\" content=\"Porter\" \/>\n<meta property=\"og:description\" content=\"AutoStore-portene s\u00f8rger for effektiv og fleksibel ordrebehandling, med syv modulvalg som kan tilpasses lagerets behov og vareflyt.\" \/>\n<meta property=\"og:url\" content=\"https:\/\/www.elementlogic.net\/no\/losninger-og-tjenester\/asrs\/autostore\/porter\/\" \/>\n<meta property=\"og:site_name\" content=\"Element Logic Norway\" \/>\n<meta property=\"article:modified_time\" content=\"2025-03-07T10:41:35+00:00\" \/>\n<meta property=\"og:image\" content=\"https:\/\/www.elementlogic.net\/content\/uploads\/sites\/10\/\/2024\/09\/Carousel_Port.jpg\" \/>\n\t<meta property=\"og:image:width\" content=\"1500\" \/>\n\t<meta property=\"og:image:height\" content=\"1100\" \/>\n\t<meta property=\"og:image:type\" content=\"image\/jpeg\" \/>\n<meta name=\"twitter:card\" content=\"summary_large_image\" \/>\n<meta name=\"twitter:label1\" content=\"Ansl. lesetid\" \/>\n\t<meta name=\"twitter:data1\" content=\"1 minutt\" \/>\n<script type=\"application\/ld+json\" class=\"yoast-schema-graph\">{\"@context\":\"https:\/\/schema.org\",\"@graph\":[{\"@type\":\"WebPage\",\"@id\":\"https:\/\/www.elementlogic.net\/no\/losninger-og-tjenester\/asrs\/autostore\/porter\/\",\"url\":\"https:\/\/www.elementlogic.net\/no\/losninger-og-tjenester\/asrs\/autostore\/porter\/\",\"name\":\"Porter | Element Logic Norway\",\"isPartOf\":{\"@id\":\"https:\/\/www.elementlogic.net\/no\/#website\"},\"primaryImageOfPage\":{\"@id\":\"https:\/\/www.elementlogic.net\/no\/losninger-og-tjenester\/asrs\/autostore\/porter\/#primaryimage\"},\"image\":{\"@id\":\"https:\/\/www.elementlogic.net\/no\/losninger-og-tjenester\/asrs\/autostore\/porter\/#primaryimage\"},\"thumbnailUrl\":\"https:\/\/www.elementlogic.net\/content\/uploads\/sites\/10\/\/2024\/09\/Carousel_Port.jpg\",\"datePublished\":\"2024-09-03T13:21:01+00:00\",\"dateModified\":\"2025-03-07T10:41:35+00:00\",\"description\":\"AutoStore-portene s\u00f8rger for effektiv og fleksibel ordrebehandling, med syv modulvalg som kan tilpasses lagerets behov og vareflyt.\",\"breadcrumb\":{\"@id\":\"https:\/\/www.elementlogic.net\/no\/losninger-og-tjenester\/asrs\/autostore\/porter\/#breadcrumb\"},\"inLanguage\":\"nb-NO\",\"potentialAction\":[{\"@type\":\"ReadAction\",\"target\":[\"https:\/\/www.elementlogic.net\/no\/losninger-og-tjenester\/asrs\/autostore\/porter\/\"]}]},{\"@type\":\"ImageObject\",\"inLanguage\":\"nb-NO\",\"@id\":\"https:\/\/www.elementlogic.net\/no\/losninger-og-tjenester\/asrs\/autostore\/porter\/#primaryimage\",\"url\":\"https:\/\/www.elementlogic.net\/content\/uploads\/sites\/10\/\/2024\/09\/Carousel_Port.jpg\",\"contentUrl\":\"https:\/\/www.elementlogic.net\/content\/uploads\/sites\/10\/\/2024\/09\/Carousel_Port.jpg\",\"width\":1500,\"height\":1100},{\"@type\":\"BreadcrumbList\",\"@id\":\"https:\/\/www.elementlogic.net\/no\/losninger-og-tjenester\/asrs\/autostore\/porter\/#breadcrumb\",\"itemListElement\":[{\"@type\":\"ListItem\",\"position\":1,\"name\":\"L\u00f8sninger og Tjenester\",\"item\":\"https:\/\/www.elementlogic.net\/no\/losninger-og-tjenester\/\"},{\"@type\":\"ListItem\",\"position\":2,\"name\":\"ASRS\",\"item\":\"https:\/\/www.elementlogic.net\/no\/losninger-og-tjenester\/asrs\/\"},{\"@type\":\"ListItem\",\"position\":3,\"name\":\"AutoStore\",\"item\":\"https:\/\/www.elementlogic.net\/no\/losninger-og-tjenester\/asrs\/autostore\/\"},{\"@type\":\"ListItem\",\"position\":4,\"name\":\"Porter\"}]},{\"@type\":\"WebSite\",\"@id\":\"https:\/\/www.elementlogic.net\/no\/#website\",\"url\":\"https:\/\/www.elementlogic.net\/no\/\",\"name\":\"Element Logic Norway\",\"description\":\"\",\"alternateName\":\"Element Logic\",\"potentialAction\":[{\"@type\":\"SearchAction\",\"target\":{\"@type\":\"EntryPoint\",\"urlTemplate\":\"https:\/\/www.elementlogic.net\/no\/?s={search_term_string}\"},\"query-input\":{\"@type\":\"PropertyValueSpecification\",\"valueRequired\":true,\"valueName\":\"search_term_string\"}}],\"inLanguage\":\"nb-NO\"}]}<\/script>\n<!-- \/ Yoast SEO Premium plugin. -->","yoast_head_json":{"title":"Porter | Element Logic Norway","description":"AutoStore-portene s\u00f8rger for effektiv og fleksibel ordrebehandling, med syv modulvalg som kan tilpasses lagerets behov og vareflyt.","robots":{"index":"index","follow":"follow","max-snippet":"max-snippet:-1","max-image-preview":"max-image-preview:large","max-video-preview":"max-video-preview:-1"},"canonical":"https:\/\/www.elementlogic.net\/no\/losninger-og-tjenester\/asrs\/autostore\/porter\/","og_locale":"nb_NO","og_type":"article","og_title":"Porter","og_description":"AutoStore-portene s\u00f8rger for effektiv og fleksibel ordrebehandling, med syv modulvalg som kan tilpasses lagerets behov og vareflyt.","og_url":"https:\/\/www.elementlogic.net\/no\/losninger-og-tjenester\/asrs\/autostore\/porter\/","og_site_name":"Element Logic Norway","article_modified_time":"2025-03-07T10:41:35+00:00","og_image":[{"width":1500,"height":1100,"url":"https:\/\/www.elementlogic.net\/content\/uploads\/sites\/10\/\/2024\/09\/Carousel_Port.jpg","type":"image\/jpeg"}],"twitter_card":"summary_large_image","twitter_misc":{"Ansl. lesetid":"1 minutt"},"schema":{"@context":"https:\/\/schema.org","@graph":[{"@type":"WebPage","@id":"https:\/\/www.elementlogic.net\/no\/losninger-og-tjenester\/asrs\/autostore\/porter\/","url":"https:\/\/www.elementlogic.net\/no\/losninger-og-tjenester\/asrs\/autostore\/porter\/","name":"Porter | Element Logic Norway","isPartOf":{"@id":"https:\/\/www.elementlogic.net\/no\/#website"},"primaryImageOfPage":{"@id":"https:\/\/www.elementlogic.net\/no\/losninger-og-tjenester\/asrs\/autostore\/porter\/#primaryimage"},"image":{"@id":"https:\/\/www.elementlogic.net\/no\/losninger-og-tjenester\/asrs\/autostore\/porter\/#primaryimage"},"thumbnailUrl":"https:\/\/www.elementlogic.net\/content\/uploads\/sites\/10\/\/2024\/09\/Carousel_Port.jpg","datePublished":"2024-09-03T13:21:01+00:00","dateModified":"2025-03-07T10:41:35+00:00","description":"AutoStore-portene s\u00f8rger for effektiv og fleksibel ordrebehandling, med syv modulvalg som kan tilpasses lagerets behov og vareflyt.","breadcrumb":{"@id":"https:\/\/www.elementlogic.net\/no\/losninger-og-tjenester\/asrs\/autostore\/porter\/#breadcrumb"},"inLanguage":"nb-NO","potentialAction":[{"@type":"ReadAction","target":["https:\/\/www.elementlogic.net\/no\/losninger-og-tjenester\/asrs\/autostore\/porter\/"]}]},{"@type":"ImageObject","inLanguage":"nb-NO","@id":"https:\/\/www.elementlogic.net\/no\/losninger-og-tjenester\/asrs\/autostore\/porter\/#primaryimage","url":"https:\/\/www.elementlogic.net\/content\/uploads\/sites\/10\/\/2024\/09\/Carousel_Port.jpg","contentUrl":"https:\/\/www.elementlogic.net\/content\/uploads\/sites\/10\/\/2024\/09\/Carousel_Port.jpg","width":1500,"height":1100},{"@type":"BreadcrumbList","@id":"https:\/\/www.elementlogic.net\/no\/losninger-og-tjenester\/asrs\/autostore\/porter\/#breadcrumb","itemListElement":[{"@type":"ListItem","position":1,"name":"L\u00f8sninger og Tjenester","item":"https:\/\/www.elementlogic.net\/no\/losninger-og-tjenester\/"},{"@type":"ListItem","position":2,"name":"ASRS","item":"https:\/\/www.elementlogic.net\/no\/losninger-og-tjenester\/asrs\/"},{"@type":"ListItem","position":3,"name":"AutoStore","item":"https:\/\/www.elementlogic.net\/no\/losninger-og-tjenester\/asrs\/autostore\/"},{"@type":"ListItem","position":4,"name":"Porter"}]},{"@type":"WebSite","@id":"https:\/\/www.elementlogic.net\/no\/#website","url":"https:\/\/www.elementlogic.net\/no\/","name":"Element Logic Norway","description":"","alternateName":"Element Logic","potentialAction":[{"@type":"SearchAction","target":{"@type":"EntryPoint","urlTemplate":"https:\/\/www.elementlogic.net\/no\/?s={search_term_string}"},"query-input":{"@type":"PropertyValueSpecification","valueRequired":true,"valueName":"search_term_string"}}],"inLanguage":"nb-NO"}]}},"_links":{"self":[{"href":"https:\/\/www.elementlogic.net\/no\/wp-json\/wp\/v2\/pages\/183"}],"collection":[{"href":"https:\/\/www.elementlogic.net\/no\/wp-json\/wp\/v2\/pages"}],"about":[{"href":"https:\/\/www.elementlogic.net\/no\/wp-json\/wp\/v2\/types\/page"}],"author":[{"embeddable":true,"href":"https:\/\/www.elementlogic.net\/no\/wp-json\/wp\/v2\/users\/3"}],"replies":[{"embeddable":true,"href":"https:\/\/www.elementlogic.net\/no\/wp-json\/wp\/v2\/comments?post=183"}],"version-history":[{"count":4,"href":"https:\/\/www.elementlogic.net\/no\/wp-json\/wp\/v2\/pages\/183\/revisions"}],"predecessor-version":[{"id":2345,"href":"https:\/\/www.elementlogic.net\/no\/wp-json\/wp\/v2\/pages\/183\/revisions\/2345"}],"up":[{"embeddable":true,"href":"https:\/\/www.elementlogic.net\/no\/wp-json\/wp\/v2\/pages\/212"}],"wp:featuredmedia":[{"embeddable":true,"href":"https:\/\/www.elementlogic.net\/no\/wp-json\/wp\/v2\/media\/74"}],"wp:attachment":[{"href":"https:\/\/www.elementlogic.net\/no\/wp-json\/wp\/v2\/media?parent=183"}],"curies":[{"name":"wp","href":"https:\/\/api.w.org\/{rel}","templated":true}]}}