{"id":21689,"date":"2025-09-08T08:35:57","date_gmt":"2025-09-08T08:35:57","guid":{"rendered":"https:\/\/www.elementlogic.net\/no\/?page_id=21689"},"modified":"2025-09-30T11:13:21","modified_gmt":"2025-09-30T11:13:21","slug":"mot-verdens-ledende-autostore-integrator","status":"publish","type":"page","link":"https:\/\/www.elementlogic.net\/no\/mot-verdens-ledende-autostore-integrator\/","title":{"rendered":"M\u00f8t verdens ledende AutoStore-integrator"},"content":{"rendered":"<div class=\"wp-block-dekode-page-title\">\n\t\t\t<div class=\"dekode-page-title__container\">\n\n<p class=\"has-text-align-center\"><strong>Messeuke hos Element Logic! <\/strong><\/p>\n\n\n<h1 class=\"wp-block-post-title\">M\u00f8t verdens ledende AutoStore-integrator<\/h1>\n<\/div>\n\t\t<\/div>\n\n\n<h2 class=\"wp-block-heading has-text-align-center\" id=\"h-sett-en-ny-standard-for-effektiv-og-skalerbar-lagerdrift\"><strong>Sett en ny standard for effektiv og skalerbar lagerdrift<\/strong>.<\/h2>\n\n\n<figure class=\"alignwide wp-block-post-featured-image\"><img loading=\"lazy\" decoding=\"async\" width=\"1280\" height=\"700\" src=\"https:\/\/www.elementlogic.net\/content\/uploads\/sites\/10\/2025\/09\/Header_V2.png\" class=\"attachment-post-thumbnail size-post-thumbnail wp-post-image\" alt=\"Element Logic OTD The Arc\" style=\"object-fit:cover;\" srcset=\"https:\/\/www.elementlogic.net\/content\/uploads\/sites\/10\/2025\/09\/Header_V2.png 1280w, https:\/\/www.elementlogic.net\/content\/uploads\/sites\/10\/2025\/09\/Header_V2-300x164.png 300w, https:\/\/www.elementlogic.net\/content\/uploads\/sites\/10\/2025\/09\/Header_V2-1024x560.png 1024w, https:\/\/www.elementlogic.net\/content\/uploads\/sites\/10\/2025\/09\/Header_V2-768x420.png 768w\" sizes=\"(max-width: 1280px) 100vw, 1280px\" \/><\/figure>\n\n<p class=\"t2-ingress wp-block-t2-ingress\">Element Logic er verdens f\u00f8rste, st\u00f8rste og mest erfarne AutoStore-partner \u2013 men vi er ogs\u00e5 mye mer. Vi bygger komplette automasjonsl\u00f8sninger med logikk, programvare, service og integrasjon i alle ledd. M\u00f8t oss p\u00e5 messene\u00a0<a href=\"https:\/\/www.otdenergy.com\/\">OTD Energy<\/a>\u00a0eller\u00a0<a href=\"https:\/\/thearc.no\/\">The Arc<\/a>\u00a0og sett en ny standard for effektivitet, fleksibilitet og l\u00f8nnsomhet.<\/p>\n\n<div class=\"wp-block-dekode-post-date\"><span class=\"date-published\">Publisert <time datetime=\"2025-09-08T08:35:57+00:00\">september 8, 2025 8:35 am<\/time><\/span> <\/div>\n\n\n<h2 class=\"wp-block-heading\" id=\"h-mot-oss-pa-otd-energy-15-16-oktober\"><strong>M\u00f8t oss p\u00e5 OTD Energy 15.\u201316. oktober<\/strong><\/h2>\n\n\n\n<p><strong>Oppdag robuste automasjonsl\u00f8sninger for olje, gass og offshore<\/strong><br><a href=\"https:\/\/www.otdenergy.com\/\">OTD<\/a> er Norges st\u00f8rste m\u00f8teplass for leverand\u00f8rindustrien innen olje, gass og energi \u2013 med fokus p\u00e5 fremtidens b\u00e6rekraftige og p\u00e5litelige verdikjeder. Element Logic har lang erfaring med \u00e5 automatisere lager- og logistikktjenester i industrielle milj\u00f8er med h\u00f8ye krav til driftssikkerhet og skalerbarhet. V\u00e5re <a href=\"https:\/\/www.elementlogic.net\/no\/losninger-og-tjenester\/\">automasjonsl\u00f8sninger<\/a> gir kontroll, presisjon og redusert energiforbruk \u2013 ogs\u00e5 i de mest komplekse flytene.<\/p>\n\n\n\n<p><strong>La deg inspirere av Norges mest avanserte lagerautomatisering<\/strong><br>I Vestby har&nbsp;MEKO&nbsp;samlet sin norske logistikk i en helhetsl\u00f8sning fra Element Logic \u2013 med 110 000 kasser, robotpalletering, bufferomr\u00e5der og s\u00f8ml\u00f8s systemintegrasjon.<\/p>\n\n\n\n<div class=\"wp-block-buttons is-layout-flex wp-block-buttons-is-layout-flex\">\n<div class=\"wp-block-button\"><a class=\"wp-block-button__link wp-element-button\" href=\"https:\/\/www.elementlogic.net\/no\/aktuelt\/element-logic-leverer-sin-mest-avanserte-lagerautomatisering-i-norge-til-meko\/\">Les mer om caset hos MEKO<\/a><\/div>\n<\/div>\n\n\n\n<h2 class=\"wp-block-heading\" id=\"h-mot-oss-pa-the-arc-16-oktober\"><strong>M\u00f8t oss p\u00e5 The Arc 16. oktober<\/strong><\/h2>\n\n\n\n<p><strong>Oppdag smarte totall\u00f8sninger for morgendagens lagerlogistikk<\/strong><br><a href=\"https:\/\/thearc.no\/\">The Arc<\/a>&nbsp;i Oslo samler n\u00f8kkelpersoner innen logistikk, automasjon og teknologi \u2013 med fokus p\u00e5 innovasjon, b\u00e6rekraft og fremtidens flyt. Her f\u00e5r du innsikt i banebrytende l\u00f8sninger for lager, netthandel og retail. Element Logic viser hvordan du kan kombinere <a href=\"https:\/\/www.elementlogic.net\/no\/losninger-og-tjenester\/autostore\/\">maskinvare<\/a> og <a href=\"https:\/\/www.elementlogic.net\/no\/losninger-og-tjenester\/programvare\/\">programvare<\/a> for \u00e5 skape en helhetsl\u00f8sning som utgj\u00f8r en forskjell i praksis. Vi optimaliserer alt fra plukk og pakk til utlevering, returflyt og service.<\/p>\n\n\n\n<p><strong>La deg inspirere av Nordens st\u00f8rste AutoStore i butikk \u2013 med pickup-port<\/strong><br>I Sofiemyr har&nbsp;thansen&nbsp;tatt steget inn i fremtidens retail. Med AutoStore direkte i butikk, over 31 000 kasser og Nordens st\u00f8rste pickup-port viser de hvordan kundedrevet automasjon kan se ut.<\/p>\n\n\n\n<div class=\"wp-block-buttons is-layout-flex wp-block-buttons-is-layout-flex\">\n<div class=\"wp-block-button\"><a class=\"wp-block-button__link wp-element-button\" href=\"https:\/\/www.elementlogic.net\/no\/aktuelt\/element-logic-installerer-nordens-storste-autostore-i-butikk-en-milepael-for-norsk-retailautomatisering\/\">Les mer om caset hos thansen<\/a><\/div>\n<\/div>\n\n\n\n<h2 class=\"wp-block-heading\" id=\"h-vil-du-vite-mer-eller-avtale-et-mote-pa-messen\">Vil du vite mer eller avtale et m\u00f8te p\u00e5 messen?<\/h2>\n\n\n\n<ul class=\"wp-block-list\">\n<li>For&nbsp;<strong>OTD Energy<\/strong>: Kontakt&nbsp;<strong><a href=\"mailto:mats.bjerkaas@elementlogic.net\">Mats Bjerkaas<\/a><\/strong>.<\/li>\n\n\n\n<li>For&nbsp;<strong>The Arc<\/strong>: Kontakt&nbsp;<strong><a href=\"mailto:christian.walby@elementlogic.net\">Christian Walby<\/a><\/strong>.<\/li>\n<\/ul>\n","protected":false},"excerpt":{"rendered":"<p>Sett en ny standard for effektiv og skalerbar lagerdrift. M\u00f8t oss p\u00e5 OTD Energy 15.\u201316. oktober Oppdag robuste automasjonsl\u00f8sninger for [&hellip;]<\/p>\n","protected":false},"author":2,"featured_media":21758,"parent":0,"menu_order":0,"comment_status":"closed","ping_status":"closed","template":"","meta":{"hreflang_relation":0,"_el_cross_publish_source_blog_url":"","_el_cross_publish_source_blog_id":0,"_el_cross_publish_source_post_id":0,"_el_cross_publish_sync_state":"","exclude_from_search":false,"footnotes":""},"class_list":["post-21689","page","type-page","status-publish","has-post-thumbnail","hentry"],"yoast_head":"<!-- This site is optimized with the Yoast SEO Premium plugin v23.9 (Yoast SEO v23.9) - https:\/\/yoast.com\/wordpress\/plugins\/seo\/ -->\n<title>M\u00f8t verdens ledende AutoStore-integrator | Element Logic Norway<\/title>\n<meta name=\"robots\" content=\"index, follow, max-snippet:-1, max-image-preview:large, max-video-preview:-1\" \/>\n<link rel=\"canonical\" href=\"https:\/\/www.elementlogic.net\/no\/mot-verdens-ledende-autostore-integrator\/\" \/>\n<meta property=\"og:locale\" content=\"nb_NO\" \/>\n<meta property=\"og:type\" content=\"article\" \/>\n<meta property=\"og:title\" content=\"M\u00f8t verdens ledende AutoStore-integrator\" \/>\n<meta property=\"og:description\" content=\"Sett en ny standard for effektiv og skalerbar lagerdrift. M\u00f8t oss p\u00e5 OTD Energy 15.\u201316. oktober Oppdag robuste automasjonsl\u00f8sninger for [&hellip;]\" \/>\n<meta property=\"og:url\" content=\"https:\/\/www.elementlogic.net\/no\/mot-verdens-ledende-autostore-integrator\/\" \/>\n<meta property=\"og:site_name\" content=\"Element Logic Norway\" \/>\n<meta property=\"article:modified_time\" content=\"2025-09-30T11:13:21+00:00\" \/>\n<meta property=\"og:image\" content=\"https:\/\/www.elementlogic.net\/content\/uploads\/sites\/10\/2025\/09\/Header_V2.png\" \/>\n\t<meta property=\"og:image:width\" content=\"1280\" \/>\n\t<meta property=\"og:image:height\" content=\"700\" \/>\n\t<meta property=\"og:image:type\" content=\"image\/png\" \/>\n<meta name=\"twitter:card\" content=\"summary_large_image\" \/>\n<meta name=\"twitter:label1\" content=\"Ansl. lesetid\" \/>\n\t<meta name=\"twitter:data1\" content=\"2 minutter\" \/>\n<script type=\"application\/ld+json\" class=\"yoast-schema-graph\">{\"@context\":\"https:\/\/schema.org\",\"@graph\":[{\"@type\":\"WebPage\",\"@id\":\"https:\/\/www.elementlogic.net\/no\/mot-verdens-ledende-autostore-integrator\/\",\"url\":\"https:\/\/www.elementlogic.net\/no\/mot-verdens-ledende-autostore-integrator\/\",\"name\":\"M\u00f8t verdens ledende AutoStore-integrator | Element Logic Norway\",\"isPartOf\":{\"@id\":\"https:\/\/www.elementlogic.net\/no\/#website\"},\"primaryImageOfPage\":{\"@id\":\"https:\/\/www.elementlogic.net\/no\/mot-verdens-ledende-autostore-integrator\/#primaryimage\"},\"image\":{\"@id\":\"https:\/\/www.elementlogic.net\/no\/mot-verdens-ledende-autostore-integrator\/#primaryimage\"},\"thumbnailUrl\":\"https:\/\/www.elementlogic.net\/content\/uploads\/sites\/10\/2025\/09\/Header_V2.png\",\"datePublished\":\"2025-09-08T08:35:57+00:00\",\"dateModified\":\"2025-09-30T11:13:21+00:00\",\"inLanguage\":\"nb-NO\",\"potentialAction\":[{\"@type\":\"ReadAction\",\"target\":[\"https:\/\/www.elementlogic.net\/no\/mot-verdens-ledende-autostore-integrator\/\"]}]},{\"@type\":\"ImageObject\",\"inLanguage\":\"nb-NO\",\"@id\":\"https:\/\/www.elementlogic.net\/no\/mot-verdens-ledende-autostore-integrator\/#primaryimage\",\"url\":\"https:\/\/www.elementlogic.net\/content\/uploads\/sites\/10\/2025\/09\/Header_V2.png\",\"contentUrl\":\"https:\/\/www.elementlogic.net\/content\/uploads\/sites\/10\/2025\/09\/Header_V2.png\",\"width\":1280,\"height\":700,\"caption\":\"Element Logic OTD The Arc\"},{\"@type\":\"WebSite\",\"@id\":\"https:\/\/www.elementlogic.net\/no\/#website\",\"url\":\"https:\/\/www.elementlogic.net\/no\/\",\"name\":\"Element Logic Norway\",\"description\":\"\",\"alternateName\":\"Element Logic\",\"potentialAction\":[{\"@type\":\"SearchAction\",\"target\":{\"@type\":\"EntryPoint\",\"urlTemplate\":\"https:\/\/www.elementlogic.net\/no\/?s={search_term_string}\"},\"query-input\":{\"@type\":\"PropertyValueSpecification\",\"valueRequired\":true,\"valueName\":\"search_term_string\"}}],\"inLanguage\":\"nb-NO\"}]}<\/script>\n<!-- \/ Yoast SEO Premium plugin. -->","yoast_head_json":{"title":"M\u00f8t verdens ledende AutoStore-integrator | Element Logic Norway","robots":{"index":"index","follow":"follow","max-snippet":"max-snippet:-1","max-image-preview":"max-image-preview:large","max-video-preview":"max-video-preview:-1"},"canonical":"https:\/\/www.elementlogic.net\/no\/mot-verdens-ledende-autostore-integrator\/","og_locale":"nb_NO","og_type":"article","og_title":"M\u00f8t verdens ledende AutoStore-integrator","og_description":"Sett en ny standard for effektiv og skalerbar lagerdrift. M\u00f8t oss p\u00e5 OTD Energy 15.\u201316. oktober Oppdag robuste automasjonsl\u00f8sninger for [&hellip;]","og_url":"https:\/\/www.elementlogic.net\/no\/mot-verdens-ledende-autostore-integrator\/","og_site_name":"Element Logic Norway","article_modified_time":"2025-09-30T11:13:21+00:00","og_image":[{"width":1280,"height":700,"url":"https:\/\/www.elementlogic.net\/content\/uploads\/sites\/10\/2025\/09\/Header_V2.png","type":"image\/png"}],"twitter_card":"summary_large_image","twitter_misc":{"Ansl. lesetid":"2 minutter"},"schema":{"@context":"https:\/\/schema.org","@graph":[{"@type":"WebPage","@id":"https:\/\/www.elementlogic.net\/no\/mot-verdens-ledende-autostore-integrator\/","url":"https:\/\/www.elementlogic.net\/no\/mot-verdens-ledende-autostore-integrator\/","name":"M\u00f8t verdens ledende AutoStore-integrator | Element Logic Norway","isPartOf":{"@id":"https:\/\/www.elementlogic.net\/no\/#website"},"primaryImageOfPage":{"@id":"https:\/\/www.elementlogic.net\/no\/mot-verdens-ledende-autostore-integrator\/#primaryimage"},"image":{"@id":"https:\/\/www.elementlogic.net\/no\/mot-verdens-ledende-autostore-integrator\/#primaryimage"},"thumbnailUrl":"https:\/\/www.elementlogic.net\/content\/uploads\/sites\/10\/2025\/09\/Header_V2.png","datePublished":"2025-09-08T08:35:57+00:00","dateModified":"2025-09-30T11:13:21+00:00","inLanguage":"nb-NO","potentialAction":[{"@type":"ReadAction","target":["https:\/\/www.elementlogic.net\/no\/mot-verdens-ledende-autostore-integrator\/"]}]},{"@type":"ImageObject","inLanguage":"nb-NO","@id":"https:\/\/www.elementlogic.net\/no\/mot-verdens-ledende-autostore-integrator\/#primaryimage","url":"https:\/\/www.elementlogic.net\/content\/uploads\/sites\/10\/2025\/09\/Header_V2.png","contentUrl":"https:\/\/www.elementlogic.net\/content\/uploads\/sites\/10\/2025\/09\/Header_V2.png","width":1280,"height":700,"caption":"Element Logic OTD The Arc"},{"@type":"WebSite","@id":"https:\/\/www.elementlogic.net\/no\/#website","url":"https:\/\/www.elementlogic.net\/no\/","name":"Element Logic Norway","description":"","alternateName":"Element Logic","potentialAction":[{"@type":"SearchAction","target":{"@type":"EntryPoint","urlTemplate":"https:\/\/www.elementlogic.net\/no\/?s={search_term_string}"},"query-input":{"@type":"PropertyValueSpecification","valueRequired":true,"valueName":"search_term_string"}}],"inLanguage":"nb-NO"}]}},"_links":{"self":[{"href":"https:\/\/www.elementlogic.net\/no\/wp-json\/wp\/v2\/pages\/21689"}],"collection":[{"href":"https:\/\/www.elementlogic.net\/no\/wp-json\/wp\/v2\/pages"}],"about":[{"href":"https:\/\/www.elementlogic.net\/no\/wp-json\/wp\/v2\/types\/page"}],"author":[{"embeddable":true,"href":"https:\/\/www.elementlogic.net\/no\/wp-json\/wp\/v2\/users\/2"}],"replies":[{"embeddable":true,"href":"https:\/\/www.elementlogic.net\/no\/wp-json\/wp\/v2\/comments?post=21689"}],"version-history":[{"count":4,"href":"https:\/\/www.elementlogic.net\/no\/wp-json\/wp\/v2\/pages\/21689\/revisions"}],"predecessor-version":[{"id":21814,"href":"https:\/\/www.elementlogic.net\/no\/wp-json\/wp\/v2\/pages\/21689\/revisions\/21814"}],"wp:featuredmedia":[{"embeddable":true,"href":"https:\/\/www.elementlogic.net\/no\/wp-json\/wp\/v2\/media\/21758"}],"wp:attachment":[{"href":"https:\/\/www.elementlogic.net\/no\/wp-json\/wp\/v2\/media?parent=21689"}],"curies":[{"name":"wp","href":"https:\/\/api.w.org\/{rel}","templated":true}]}}