{"id":21773,"date":"2025-10-02T12:55:36","date_gmt":"2025-10-02T12:55:36","guid":{"rendered":"https:\/\/www.elementlogic.net\/no\/?page_id=21773"},"modified":"2025-10-02T14:15:53","modified_gmt":"2025-10-02T14:15:53","slug":"la-oss-holde-kontakten","status":"publish","type":"page","link":"https:\/\/www.elementlogic.net\/no\/la-oss-holde-kontakten\/","title":{"rendered":"La oss holde kontakten!"},"content":{"rendered":"\n<p>S\u00e5 hyggelig \u00e5 treffe deg i dag p\u00e5 OTD! Registrer deg her, s\u00e5 kan vi fortsette praten videre.<\/p>\n\n\n\n\t\t<div class=\"wp-block-dekode-dynamics-form\">\n\t\t\t<div class=\"embedded-form\">\n\t\t\t\t<div\n\t\t\t\t\tdata-form-id=\"20519dd2-8d9f-f011-bbd3-000d3a397c54\"\n\t\t\t\t\tdata-form-api-url=\"https:\/\/public-eur.mkt.dynamics.com\/api\/v1.0\/orgs\/0d653081-4a98-4454-9ade-26f2fbe674ee\/landingpageforms\"\n\t\t\t\t\tdata-cached-form-url=\"https:\/\/assets-eur.mkt.dynamics.com\/0d653081-4a98-4454-9ade-26f2fbe674ee\/digitalassets\/forms\/20519dd2-8d9f-f011-bbd3-000d3a397c54\"\n\t\t\t\t><\/div>\n\t\t\t<\/div>\n\t\t<\/div>","protected":false},"excerpt":{"rendered":"<p>S\u00e5 hyggelig \u00e5 treffe deg i dag p\u00e5 OTD! Registrer deg her, s\u00e5 kan vi fortsette praten videre.<\/p>\n","protected":false},"author":5,"featured_media":0,"parent":0,"menu_order":0,"comment_status":"closed","ping_status":"closed","template":"","meta":{"hreflang_relation":0,"_el_cross_publish_source_blog_url":"","_el_cross_publish_source_blog_id":0,"_el_cross_publish_source_post_id":0,"_el_cross_publish_sync_state":"","exclude_from_search":false,"footnotes":""},"class_list":["post-21773","page","type-page","status-publish","hentry"],"yoast_head":"<!-- This site is optimized with the Yoast SEO Premium plugin v23.9 (Yoast SEO v23.9) - https:\/\/yoast.com\/wordpress\/plugins\/seo\/ -->\n<title>La oss holde kontakten! | Element Logic Norway<\/title>\n<meta name=\"robots\" content=\"index, follow, max-snippet:-1, max-image-preview:large, max-video-preview:-1\" \/>\n<link rel=\"canonical\" href=\"https:\/\/www.elementlogic.net\/no\/la-oss-holde-kontakten\/\" \/>\n<meta property=\"og:locale\" content=\"nb_NO\" \/>\n<meta property=\"og:type\" content=\"article\" \/>\n<meta property=\"og:title\" content=\"La oss holde kontakten!\" \/>\n<meta property=\"og:description\" content=\"S\u00e5 hyggelig \u00e5 treffe deg i dag p\u00e5 OTD! Registrer deg her, s\u00e5 kan vi fortsette praten videre.\" \/>\n<meta property=\"og:url\" content=\"https:\/\/www.elementlogic.net\/no\/la-oss-holde-kontakten\/\" \/>\n<meta property=\"og:site_name\" content=\"Element Logic Norway\" \/>\n<meta property=\"article:modified_time\" content=\"2025-10-02T14:15:53+00:00\" \/>\n<meta name=\"twitter:card\" content=\"summary_large_image\" \/>\n<meta name=\"twitter:label1\" content=\"Ansl. lesetid\" \/>\n\t<meta name=\"twitter:data1\" content=\"1 minutt\" \/>\n<script type=\"application\/ld+json\" class=\"yoast-schema-graph\">{\"@context\":\"https:\/\/schema.org\",\"@graph\":[{\"@type\":\"WebPage\",\"@id\":\"https:\/\/www.elementlogic.net\/no\/la-oss-holde-kontakten\/\",\"url\":\"https:\/\/www.elementlogic.net\/no\/la-oss-holde-kontakten\/\",\"name\":\"La oss holde kontakten! | Element Logic Norway\",\"isPartOf\":{\"@id\":\"https:\/\/www.elementlogic.net\/no\/#website\"},\"datePublished\":\"2025-10-02T12:55:36+00:00\",\"dateModified\":\"2025-10-02T14:15:53+00:00\",\"inLanguage\":\"nb-NO\",\"potentialAction\":[{\"@type\":\"ReadAction\",\"target\":[\"https:\/\/www.elementlogic.net\/no\/la-oss-holde-kontakten\/\"]}]},{\"@type\":\"WebSite\",\"@id\":\"https:\/\/www.elementlogic.net\/no\/#website\",\"url\":\"https:\/\/www.elementlogic.net\/no\/\",\"name\":\"Element Logic Norway\",\"description\":\"\",\"alternateName\":\"Element Logic\",\"potentialAction\":[{\"@type\":\"SearchAction\",\"target\":{\"@type\":\"EntryPoint\",\"urlTemplate\":\"https:\/\/www.elementlogic.net\/no\/?s={search_term_string}\"},\"query-input\":{\"@type\":\"PropertyValueSpecification\",\"valueRequired\":true,\"valueName\":\"search_term_string\"}}],\"inLanguage\":\"nb-NO\"}]}<\/script>\n<!-- \/ Yoast SEO Premium plugin. -->","yoast_head_json":{"title":"La oss holde kontakten! | Element Logic Norway","robots":{"index":"index","follow":"follow","max-snippet":"max-snippet:-1","max-image-preview":"max-image-preview:large","max-video-preview":"max-video-preview:-1"},"canonical":"https:\/\/www.elementlogic.net\/no\/la-oss-holde-kontakten\/","og_locale":"nb_NO","og_type":"article","og_title":"La oss holde kontakten!","og_description":"S\u00e5 hyggelig \u00e5 treffe deg i dag p\u00e5 OTD! Registrer deg her, s\u00e5 kan vi fortsette praten videre.","og_url":"https:\/\/www.elementlogic.net\/no\/la-oss-holde-kontakten\/","og_site_name":"Element Logic Norway","article_modified_time":"2025-10-02T14:15:53+00:00","twitter_card":"summary_large_image","twitter_misc":{"Ansl. lesetid":"1 minutt"},"schema":{"@context":"https:\/\/schema.org","@graph":[{"@type":"WebPage","@id":"https:\/\/www.elementlogic.net\/no\/la-oss-holde-kontakten\/","url":"https:\/\/www.elementlogic.net\/no\/la-oss-holde-kontakten\/","name":"La oss holde kontakten! | Element Logic Norway","isPartOf":{"@id":"https:\/\/www.elementlogic.net\/no\/#website"},"datePublished":"2025-10-02T12:55:36+00:00","dateModified":"2025-10-02T14:15:53+00:00","inLanguage":"nb-NO","potentialAction":[{"@type":"ReadAction","target":["https:\/\/www.elementlogic.net\/no\/la-oss-holde-kontakten\/"]}]},{"@type":"WebSite","@id":"https:\/\/www.elementlogic.net\/no\/#website","url":"https:\/\/www.elementlogic.net\/no\/","name":"Element Logic Norway","description":"","alternateName":"Element Logic","potentialAction":[{"@type":"SearchAction","target":{"@type":"EntryPoint","urlTemplate":"https:\/\/www.elementlogic.net\/no\/?s={search_term_string}"},"query-input":{"@type":"PropertyValueSpecification","valueRequired":true,"valueName":"search_term_string"}}],"inLanguage":"nb-NO"}]}},"_links":{"self":[{"href":"https:\/\/www.elementlogic.net\/no\/wp-json\/wp\/v2\/pages\/21773"}],"collection":[{"href":"https:\/\/www.elementlogic.net\/no\/wp-json\/wp\/v2\/pages"}],"about":[{"href":"https:\/\/www.elementlogic.net\/no\/wp-json\/wp\/v2\/types\/page"}],"author":[{"embeddable":true,"href":"https:\/\/www.elementlogic.net\/no\/wp-json\/wp\/v2\/users\/5"}],"replies":[{"embeddable":true,"href":"https:\/\/www.elementlogic.net\/no\/wp-json\/wp\/v2\/comments?post=21773"}],"version-history":[{"count":4,"href":"https:\/\/www.elementlogic.net\/no\/wp-json\/wp\/v2\/pages\/21773\/revisions"}],"predecessor-version":[{"id":21781,"href":"https:\/\/www.elementlogic.net\/no\/wp-json\/wp\/v2\/pages\/21773\/revisions\/21781"}],"wp:attachment":[{"href":"https:\/\/www.elementlogic.net\/no\/wp-json\/wp\/v2\/media?parent=21773"}],"curies":[{"name":"wp","href":"https:\/\/api.w.org\/{rel}","templated":true}]}}