{"id":21787,"date":"2025-10-07T08:57:51","date_gmt":"2025-10-07T08:57:51","guid":{"rendered":"https:\/\/www.elementlogic.net\/no\/?page_id=21787"},"modified":"2025-12-04T07:26:27","modified_gmt":"2025-12-04T07:26:27","slug":"webinar-omnimod","status":"publish","type":"page","link":"https:\/\/www.elementlogic.net\/no\/webinar-omnimod\/","title":{"rendered":"Webinar Omnimod"},"content":{"rendered":"\n\t\t<div style=\"--dekode-hero-dim:0.5; --t2-icon-fill:var(--wp--preset--color--white);\" class=\"alignfull dekode-hero-content-position-center has-media-background wp-block-dekode-hero has-text-color has-white-color\">\n\t\t\t\t\t<video\n\t\t\tautoplay\n\t\t\tloop\n\t\t\tmuted\n\t\t\tplaysinline\n\t\t\tposter=\"https:\/\/www.elementlogic.net\/content\/uploads\/sites\/10\/\/2024\/09\/201811-Panorama-kopi-scaled.jpeg\"\n\t\t\tsrc=\"https:\/\/www.elementlogic.net\/content\/uploads\/sites\/10\/\/2024\/09\/solutions-and-services.mp4\">\n\t\t<\/video>\n\t\t\n\t\t\t<div class=\"dekode-hero__content\">\n\t\t\t\t<div class=\"dekode-hero__container\">\n\t\t\t\t\t\n\n<h1 class=\"wp-block-heading\" id=\"fa-tilgang-til-webinaret-omnimodsetter-en-ny-ai-drevet-lagerstandard\">F\u00e5 tilgang til webinaret: OmniMod<br>setter en ny AI-drevet lagerstandard<\/h1>\n\n\n\n<p><\/p>\n\n\n\t\t\t\t<\/div>\n\t\t\t<\/div>\n\t\t<\/div>\n\t\t\n\n<p class=\"t2-ingress has-text-align-center wp-block-t2-ingress\">Logistikk blir mer kompleks, marginene strammere \u2013 og hvert kolli viktigere. I dette webinaret viser Element Logic hvordan <a href=\"https:\/\/www.elementlogic.net\/no\/innsikt\/omnimod-setter-en-ny-ai-drevet-lagerstandard\/\">OmniMod<\/a> gir h\u00f8y kapasitet, minimalt med feil og maksimal fleksibilitet gjennom en modul\u00e6r, skalerbar og AI-drevet sorteringsl\u00f8sning. Du f\u00e5r ogs\u00e5 h\u00f8re erfaringene fra v\u00e5re kunder <a href=\"https:\/\/www.elementlogic.net\/no\/cases\/ramberg-og-element-logicsetter-ny-standard-for-ai-styrt-sortering-av-gods-pa-terminaler\/\">Ramberg<\/a> samt <a href=\"https:\/\/www.elementlogic.net\/no\/cases\/en-innovativ-losning-fra-element-logic-automatiserer-kitchn-og-tilbords-sin-forsyningskjede\/\">Kitch\u2019n og Tilbords<\/a>.<\/p>\n\n\n<div style=\"height:100px\" aria-hidden=\"true\" class=\"wp-block-spacer\"><\/div>\n\n\n\n<h2 class=\"wp-block-heading\" id=\"registrer-deg-for-a-se-webinaret\"><strong>Registrer deg for \u00e5 se webinaret<\/strong><\/h2>\n\n\n\n\t\t<div class=\"wp-block-dekode-dynamics-form\">\n\t\t\t<div class=\"embedded-form\">\n\t\t\t\t<div\n\t\t\t\t\tdata-form-id=\"cab9bfe9-10a5-f011-bbd2-7ced8d5cfca0\"\n\t\t\t\t\tdata-form-api-url=\"https:\/\/public-eur.mkt.dynamics.com\/api\/v1.0\/orgs\/0d653081-4a98-4454-9ade-26f2fbe674ee\/landingpageforms\"\n\t\t\t\t\tdata-cached-form-url=\"https:\/\/assets-eur.mkt.dynamics.com\/0d653081-4a98-4454-9ade-26f2fbe674ee\/digitalassets\/forms\/cab9bfe9-10a5-f011-bbd2-7ced8d5cfca0\"\n\t\t\t\t><\/div>\n\t\t\t<\/div>\n\t\t<\/div>\n\n\n<h3 class=\"wp-block-heading\" id=\"h-\"><\/h3>\n","protected":false},"excerpt":{"rendered":"<p>Registrer deg for \u00e5 se webinaret<\/p>\n","protected":false},"author":66,"featured_media":0,"parent":0,"menu_order":0,"comment_status":"closed","ping_status":"closed","template":"","meta":{"hreflang_relation":0,"_el_cross_publish_source_blog_url":"","_el_cross_publish_source_blog_id":0,"_el_cross_publish_source_post_id":0,"_el_cross_publish_sync_state":"","exclude_from_search":false,"footnotes":""},"class_list":["post-21787","page","type-page","status-publish","hentry"],"yoast_head":"<!-- This site is optimized with the Yoast SEO Premium plugin v23.9 (Yoast SEO v23.9) - https:\/\/yoast.com\/wordpress\/plugins\/seo\/ -->\n<title>Webinar Omnimod | Element Logic Norway<\/title>\n<meta name=\"robots\" content=\"index, follow, max-snippet:-1, max-image-preview:large, max-video-preview:-1\" \/>\n<link rel=\"canonical\" href=\"https:\/\/www.elementlogic.net\/no\/webinar-omnimod\/\" \/>\n<meta property=\"og:locale\" content=\"nb_NO\" \/>\n<meta property=\"og:type\" content=\"article\" \/>\n<meta property=\"og:title\" content=\"Webinar Omnimod\" \/>\n<meta property=\"og:description\" content=\"Registrer deg for \u00e5 se webinaret\" \/>\n<meta property=\"og:url\" content=\"https:\/\/www.elementlogic.net\/no\/webinar-omnimod\/\" \/>\n<meta property=\"og:site_name\" content=\"Element Logic Norway\" \/>\n<meta property=\"article:modified_time\" content=\"2025-12-04T07:26:27+00:00\" \/>\n<meta name=\"twitter:card\" content=\"summary_large_image\" \/>\n<meta name=\"twitter:label1\" content=\"Ansl. lesetid\" \/>\n\t<meta name=\"twitter:data1\" content=\"1 minutt\" \/>\n<script type=\"application\/ld+json\" class=\"yoast-schema-graph\">{\"@context\":\"https:\/\/schema.org\",\"@graph\":[{\"@type\":\"WebPage\",\"@id\":\"https:\/\/www.elementlogic.net\/no\/webinar-omnimod\/\",\"url\":\"https:\/\/www.elementlogic.net\/no\/webinar-omnimod\/\",\"name\":\"Webinar Omnimod | Element Logic Norway\",\"isPartOf\":{\"@id\":\"https:\/\/www.elementlogic.net\/no\/#website\"},\"datePublished\":\"2025-10-07T08:57:51+00:00\",\"dateModified\":\"2025-12-04T07:26:27+00:00\",\"inLanguage\":\"nb-NO\",\"potentialAction\":[{\"@type\":\"ReadAction\",\"target\":[\"https:\/\/www.elementlogic.net\/no\/webinar-omnimod\/\"]}]},{\"@type\":\"WebSite\",\"@id\":\"https:\/\/www.elementlogic.net\/no\/#website\",\"url\":\"https:\/\/www.elementlogic.net\/no\/\",\"name\":\"Element Logic Norway\",\"description\":\"\",\"alternateName\":\"Element Logic\",\"potentialAction\":[{\"@type\":\"SearchAction\",\"target\":{\"@type\":\"EntryPoint\",\"urlTemplate\":\"https:\/\/www.elementlogic.net\/no\/?s={search_term_string}\"},\"query-input\":{\"@type\":\"PropertyValueSpecification\",\"valueRequired\":true,\"valueName\":\"search_term_string\"}}],\"inLanguage\":\"nb-NO\"}]}<\/script>\n<!-- \/ Yoast SEO Premium plugin. -->","yoast_head_json":{"title":"Webinar Omnimod | Element Logic Norway","robots":{"index":"index","follow":"follow","max-snippet":"max-snippet:-1","max-image-preview":"max-image-preview:large","max-video-preview":"max-video-preview:-1"},"canonical":"https:\/\/www.elementlogic.net\/no\/webinar-omnimod\/","og_locale":"nb_NO","og_type":"article","og_title":"Webinar Omnimod","og_description":"Registrer deg for \u00e5 se webinaret","og_url":"https:\/\/www.elementlogic.net\/no\/webinar-omnimod\/","og_site_name":"Element Logic Norway","article_modified_time":"2025-12-04T07:26:27+00:00","twitter_card":"summary_large_image","twitter_misc":{"Ansl. lesetid":"1 minutt"},"schema":{"@context":"https:\/\/schema.org","@graph":[{"@type":"WebPage","@id":"https:\/\/www.elementlogic.net\/no\/webinar-omnimod\/","url":"https:\/\/www.elementlogic.net\/no\/webinar-omnimod\/","name":"Webinar Omnimod | Element Logic Norway","isPartOf":{"@id":"https:\/\/www.elementlogic.net\/no\/#website"},"datePublished":"2025-10-07T08:57:51+00:00","dateModified":"2025-12-04T07:26:27+00:00","inLanguage":"nb-NO","potentialAction":[{"@type":"ReadAction","target":["https:\/\/www.elementlogic.net\/no\/webinar-omnimod\/"]}]},{"@type":"WebSite","@id":"https:\/\/www.elementlogic.net\/no\/#website","url":"https:\/\/www.elementlogic.net\/no\/","name":"Element Logic Norway","description":"","alternateName":"Element Logic","potentialAction":[{"@type":"SearchAction","target":{"@type":"EntryPoint","urlTemplate":"https:\/\/www.elementlogic.net\/no\/?s={search_term_string}"},"query-input":{"@type":"PropertyValueSpecification","valueRequired":true,"valueName":"search_term_string"}}],"inLanguage":"nb-NO"}]}},"_links":{"self":[{"href":"https:\/\/www.elementlogic.net\/no\/wp-json\/wp\/v2\/pages\/21787"}],"collection":[{"href":"https:\/\/www.elementlogic.net\/no\/wp-json\/wp\/v2\/pages"}],"about":[{"href":"https:\/\/www.elementlogic.net\/no\/wp-json\/wp\/v2\/types\/page"}],"author":[{"embeddable":true,"href":"https:\/\/www.elementlogic.net\/no\/wp-json\/wp\/v2\/users\/66"}],"replies":[{"embeddable":true,"href":"https:\/\/www.elementlogic.net\/no\/wp-json\/wp\/v2\/comments?post=21787"}],"version-history":[{"count":5,"href":"https:\/\/www.elementlogic.net\/no\/wp-json\/wp\/v2\/pages\/21787\/revisions"}],"predecessor-version":[{"id":21999,"href":"https:\/\/www.elementlogic.net\/no\/wp-json\/wp\/v2\/pages\/21787\/revisions\/21999"}],"wp:attachment":[{"href":"https:\/\/www.elementlogic.net\/no\/wp-json\/wp\/v2\/media?parent=21787"}],"curies":[{"name":"wp","href":"https:\/\/api.w.org\/{rel}","templated":true}]}}