{"id":21815,"date":"2025-10-13T12:36:41","date_gmt":"2025-10-13T12:36:41","guid":{"rendered":"https:\/\/www.elementlogic.net\/no\/?page_id=21815"},"modified":"2026-04-14T14:08:20","modified_gmt":"2026-04-14T14:08:20","slug":"book-gratis-konsultasjon","status":"publish","type":"page","link":"https:\/\/www.elementlogic.net\/no\/book-gratis-konsultasjon\/","title":{"rendered":"Book gratis konsultasjon"},"content":{"rendered":"\n\t\t<div style=\"--dekode-hero-dim:0.5; --t2-icon-fill:var(--wp--preset--color--white);\" class=\"alignfull dekode-hero-content-position-center has-media-background wp-block-dekode-hero has-text-color has-white-color\">\n\t\t\t\t\t<video\n\t\t\tautoplay\n\t\t\tloop\n\t\t\tmuted\n\t\t\tplaysinline\n\t\t\tposter=\"https:\/\/www.elementlogic.net\/content\/uploads\/sites\/10\/2025\/10\/c6f03940cd8b4c5fbc83e696e257efc890658b98-scaled.jpg\"\n\t\t\tsrc=\"https:\/\/www.elementlogic.net\/content\/uploads\/sites\/10\/\/2024\/09\/solutions-and-services.mp4\">\n\t\t<\/video>\n\t\t\n\t\t\t<div class=\"dekode-hero__content\">\n\t\t\t\t<div class=\"dekode-hero__container\">\n\t\t\t\t\t\n\n<h1 class=\"wp-block-heading\" id=\"klar-til-a-sette-en-ny-standard-for-lageret-ditt\">Klar til \u00e5 sette en ny standard for lageret ditt?<\/h1>\n\n\n\n<p><\/p>\n\n\n\n<div class=\"wp-block-buttons is-layout-flex wp-block-buttons-is-layout-flex\">\n<div class=\"wp-block-button\"><a class=\"wp-block-button__link wp-element-button\" href=\"#start-reisen-mot-et-automatisert-lager\">Contact us<\/a><\/div>\n\n\n\n<div class=\"wp-block-button is-style-outline is-style-outline--8dacad9b7b09c23247ef97789279ace8\"><a class=\"wp-block-button__link wp-element-button\" href=\"https:\/\/www.elementlogic.net\/no\/losninger-og-tjenester\/\">Learn more<\/a><\/div>\n<\/div>\n\n\n\t\t\t\t<\/div>\n\t\t\t<\/div>\n\t\t<\/div>\n\t\t\n\n<p class=\"t2-ingress has-text-align-center wp-block-t2-ingress\">Med Element Logic f\u00e5r du 40 \u00e5rs verdensledende teknologi og ekspertise innen lagerautomatisering. Vi hjelper deg med \u00e5 sette en ny standard \u2013 med raskere prosesser, bedre arealutnyttelse, f\u00e6rre feil og h\u00f8yere l\u00f8nnsomhet. AutoStore er kjernen, men vi tar automasjonen videre ved \u00e5 optimalisere hele din intralogistikk\u00adflyt \u2013 alltid skalerbart og alltid skreddersydd for dine behov.<\/p>\n\n\n<p><\/p>\n\n\n<p class=\"t2-ingress has-text-align-center alignwide wp-block-t2-ingress\"><strong>40+ \u00e5r erfaring | 2000+ installasjoner globalt | Alltid i tide og innen budsjett<\/strong><\/p>\n\n\n\t\t<blockquote class=\"wp-block-dekode-quote\">\n\t\t\t<div class=\"wp-block-dekode-quote__icon\">\n\t\t\t\t<svg xmlns=\"http:\/\/www.w3.org\/2000\/svg\" viewBox=\"0 0 24 24\" height=\"96\" width=\"96\" class=\"t2-icon t2-icon-theme_quote\" aria-hidden=\"true\" focusable=\"false\"><path d=\"M6.7808 16.5288L8.49055 13.5673C8.43289 13.5993 8.36555 13.6217 8.28855 13.6345C8.21155 13.6473 8.13464 13.6538 8.0578 13.6538C7.04114 13.6538 6.17797 13.2958 5.4683 12.5798C4.7588 11.8638 4.40405 11.0038 4.40405 10C4.40405 8.98334 4.7588 8.12017 5.4683 7.4105C6.17797 6.701 7.04114 6.34625 8.0578 6.34625C9.06164 6.34625 9.92155 6.701 10.6376 7.4105C11.3536 8.12017 11.7116 8.98334 11.7116 10C11.7116 10.3513 11.669 10.6783 11.5838 10.9808C11.4985 11.2833 11.3737 11.5718 11.2096 11.8463L8.07305 17.2788C8.00905 17.3904 7.92122 17.4808 7.80955 17.55C7.69805 17.6192 7.57305 17.6538 7.43455 17.6538C7.14739 17.6538 6.93205 17.5288 6.78855 17.2788C6.64489 17.0288 6.6423 16.7788 6.7808 16.5288ZM15.6656 16.5288L17.3751 13.5673C17.3174 13.5993 17.2501 13.6217 17.1731 13.6345C17.0962 13.6473 17.0193 13.6538 16.9423 13.6538C15.9256 13.6538 15.0626 13.2958 14.3531 12.5798C13.6434 11.8638 13.2886 11.0038 13.2886 10C13.2886 8.977 13.6434 8.11225 14.3531 7.40575C15.0626 6.69942 15.9256 6.34625 16.9423 6.34625C17.9461 6.34625 18.8061 6.701 19.5221 7.4105C20.2381 8.12017 20.5961 8.98334 20.5961 10C20.5961 10.3513 20.5535 10.6783 20.4683 10.9808C20.383 11.2833 20.2583 11.5718 20.0943 11.8463L16.9578 17.2788C16.8936 17.3904 16.8058 17.4808 16.6943 17.55C16.5828 17.6192 16.4578 17.6538 16.3193 17.6538C16.0321 17.6538 15.8167 17.5288 15.6731 17.2788C15.5296 17.0288 15.5271 16.7788 15.6656 16.5288Z\" fill=\"var(--t2-icon-fill, #000)\"\/><\/svg>\n\t\t\t<\/div>\n\t\t\t<div class=\"wp-block-dekode-quote__text\">\n\t\t\t\t<p>Vi optimaliserer hvert trinn i lageret ditt med intelligent automatisering \u2013 fra analyse og design til drift og support. Systemet utvikles skalerbart sammen med virksomheten din og skaper et effektivt flyt og langsiktig l\u00f8nnsomhet.<\/p>\n<cite>Christian Walby, Sales Director Element Logic Norway<\/cite>\n\t\t\t<\/div>\n\t\t<\/blockquote>\n\n\n<div style=\"height:100px\" aria-hidden=\"true\" class=\"wp-block-spacer\"><\/div>\n\n\n\n<h2 class=\"wp-block-heading\" id=\"start-reisen-mot-et-automatisert-lager\">Start reisen mot et automatisert lager<\/h2>\n\n\n<p class=\"t2-ingress wp-block-t2-ingress\">Book gratis konsultasjon<\/p>\n\n\n\t\t<div class=\"wp-block-dekode-dynamics-form\">\n\t\t\t<div class=\"embedded-form\">\n\t\t\t\t<div\n\t\t\t\t\tdata-form-id=\"9a7becb9-e04c-f011-877a-6045bdf51dec\"\n\t\t\t\t\tdata-form-api-url=\"https:\/\/public-eur.mkt.dynamics.com\/api\/v1.0\/orgs\/0d653081-4a98-4454-9ade-26f2fbe674ee\/landingpageforms\"\n\t\t\t\t\tdata-cached-form-url=\"https:\/\/assets-eur.mkt.dynamics.com\/0d653081-4a98-4454-9ade-26f2fbe674ee\/digitalassets\/forms\/9a7becb9-e04c-f011-877a-6045bdf51dec\"\n\t\t\t\t><\/div>\n\t\t\t<\/div>\n\t\t<\/div>\n\n\n<h3 class=\"wp-block-heading\" id=\"christian-walby\">Christian Walby<\/h3>\n\n\n\n<p>Sales Director Element logic Norway<\/p>\n\n\n\n<p><strong>Telefon:&nbsp;<\/strong>+47 482 21 333<\/p>\n\n\n\n<p><strong>E-mail:&nbsp;<\/strong><a href=\"mailto:christian.walby@elementlogic.net\">christian.walby@elementlogic.net<\/a><\/p>\n\n\n\n<p><\/p>\n\n\n\n<h2 class=\"wp-block-heading\" id=\"learn-more\">Slik hjalp vi kunder med \u00e5 sette en ny lagerstandard<\/h2>\n\n\n\n<p>Sammen med v\u00e5re kunder i mange ulike bransjer utvikler vi skreddersydde automasjonsl\u00f8sninger som setter en ny standard for effektivitet, fleksibilitet og l\u00f8nnsomhet.<\/p>\n\n\n\n\t\t<div class=\"alignfull is-mode-constrained is-gap-center wp-block-t2-simple-media-text   \">\n\t\t\t<div class=\"t2-simple-media-text__container\">\n\t\t\t\t<div class=\"t2-simple-media-text__image\"><img loading=\"lazy\" decoding=\"async\" width=\"768\" height=\"512\" src=\"https:\/\/www.elementlogic.net\/content\/uploads\/sites\/10\/2025\/10\/8c2fe2ea12fd418fa51a3d3881b5ffe357f38dc8-1-768x512.jpg\" class=\"\" alt=\"\" style=\"--focalpoint: 50% 50%;\" srcset=\"https:\/\/www.elementlogic.net\/content\/uploads\/sites\/10\/2025\/10\/8c2fe2ea12fd418fa51a3d3881b5ffe357f38dc8-1-768x512.jpg 768w, https:\/\/www.elementlogic.net\/content\/uploads\/sites\/10\/2025\/10\/8c2fe2ea12fd418fa51a3d3881b5ffe357f38dc8-1-300x200.jpg 300w, https:\/\/www.elementlogic.net\/content\/uploads\/sites\/10\/2025\/10\/8c2fe2ea12fd418fa51a3d3881b5ffe357f38dc8-1-1024x683.jpg 1024w, https:\/\/www.elementlogic.net\/content\/uploads\/sites\/10\/2025\/10\/8c2fe2ea12fd418fa51a3d3881b5ffe357f38dc8-1-1536x1025.jpg 1536w, https:\/\/www.elementlogic.net\/content\/uploads\/sites\/10\/2025\/10\/8c2fe2ea12fd418fa51a3d3881b5ffe357f38dc8-1-2048x1366.jpg 2048w\" sizes=\"(max-width: 768px) 100vw, 768px\" \/><\/div>\n\t\t\t\t<div class=\"t2-simple-media-text__content-container\">\n\t\t\t\t\t<div class=\"t2-simple-media-text__content\">\n\t\t\t\t\t\t<div class=\"t2-simple-media-text__content-inner\">\n\t\t\t\t\t\t\t\n\n<h4 class=\"wp-block-heading\" id=\"h-\"><\/h4>\n\n\n\n<h3 class=\"wp-block-heading\" id=\"h-thansen-verdens-storste-autostore-i-butikk\">thansen \u2013 Verdens st\u00f8rste AutoStore i butikk\u2028<\/h3>\n\n\n\n<p>Et banebrytende prosjekt der thansen lanserte verdens st\u00f8rste selvbetjente AutoStore-l\u00f8sning i butikk, levert av Element Logic.<\/p>\n\n\n\n<div class=\"wp-block-buttons is-layout-flex wp-block-buttons-is-layout-flex\">\n<div class=\"wp-block-button is-style-fill has-icon has-icon-theme_arrow\"><a class=\"wp-block-button__link wp-element-button\" href=\"https:\/\/www.elementlogic.net\/no\/aktuelt\/thansen-lanserer-verdens-storste-selvbetjente-autostore-system-i-butikk\/\">Les mer<svg xmlns=\"http:\/\/www.w3.org\/2000\/svg\" viewBox=\"0 0 24 24\" height=\"24\" width=\"24\" class=\"t2-icon t2-icon-theme_arrow\" aria-hidden=\"true\" focusable=\"false\"><path d=\"M16.627 12.75H5.25C5.03717 12.75 4.859 12.6782 4.7155 12.5345C4.57183 12.391 4.5 12.2128 4.5 12C4.5 11.7872 4.57183 11.609 4.7155 11.4655C4.859 11.3218 5.03717 11.25 5.25 11.25H16.627L11.4577 6.08076C11.3091 5.93209 11.2357 5.75809 11.2375 5.55876C11.2395 5.35942 11.318 5.18217 11.473 5.02701C11.6282 4.88217 11.8038 4.80717 12 4.80201C12.1962 4.79684 12.3718 4.87184 12.527 5.02701L18.8673 11.3673C18.9609 11.4609 19.0269 11.5597 19.0652 11.6635C19.1037 11.7673 19.123 11.8795 19.123 12C19.123 12.1205 19.1037 12.2327 19.0652 12.3365C19.0269 12.4403 18.9609 12.5391 18.8673 12.6328L12.527 18.973C12.3885 19.1115 12.217 19.1823 12.0125 19.1855C11.808 19.1887 11.6282 19.1178 11.473 18.973C11.318 18.8178 11.2405 18.6397 11.2405 18.4385C11.2405 18.2372 11.318 18.0589 11.473 17.9038L16.627 12.75Z\" fill=\"var(--t2-icon-fill, #000)\"\/><\/svg><\/a><\/div>\n<\/div>\n\n\n\t\t\t\t\t\t<\/div>\n\t\t\t\t\t<\/div>\n\t\t\t\t<\/div>\n\t\t\t<\/div>\n\t\t<\/div>\n\t\t\n\n\n\t\t<div class=\"alignfull is-mode-constrained is-gap-center has-media-on-the-right wp-block-t2-simple-media-text   \">\n\t\t\t<div class=\"t2-simple-media-text__container\">\n\t\t\t\t<div class=\"t2-simple-media-text__image\"><img loading=\"lazy\" decoding=\"async\" width=\"768\" height=\"512\" src=\"https:\/\/www.elementlogic.net\/content\/uploads\/sites\/10\/2025\/10\/1fc4d91e5e1a793628c72f2c017ad02bd6de78b2-768x512.jpg\" class=\"\" alt=\"\" style=\"--focalpoint: 50% 50%;\" srcset=\"https:\/\/www.elementlogic.net\/content\/uploads\/sites\/10\/2025\/10\/1fc4d91e5e1a793628c72f2c017ad02bd6de78b2-768x512.jpg 768w, https:\/\/www.elementlogic.net\/content\/uploads\/sites\/10\/2025\/10\/1fc4d91e5e1a793628c72f2c017ad02bd6de78b2-300x200.jpg 300w, https:\/\/www.elementlogic.net\/content\/uploads\/sites\/10\/2025\/10\/1fc4d91e5e1a793628c72f2c017ad02bd6de78b2-1024x683.jpg 1024w, https:\/\/www.elementlogic.net\/content\/uploads\/sites\/10\/2025\/10\/1fc4d91e5e1a793628c72f2c017ad02bd6de78b2-1536x1025.jpg 1536w, https:\/\/www.elementlogic.net\/content\/uploads\/sites\/10\/2025\/10\/1fc4d91e5e1a793628c72f2c017ad02bd6de78b2.jpg 2048w\" sizes=\"(max-width: 768px) 100vw, 768px\" \/><\/div>\n\t\t\t\t<div class=\"t2-simple-media-text__content-container\">\n\t\t\t\t\t<div class=\"t2-simple-media-text__content\">\n\t\t\t\t\t\t<div class=\"t2-simple-media-text__content-inner\">\n\t\t\t\t\t\t\t\n\n<h4 class=\"wp-block-heading\" id=\"h-\"><\/h4>\n\n\n\n<h3 class=\"wp-block-heading\" id=\"h-meko-element-logics-mest-avanserte-lagerautomatisering-i-norge\">MEKO \u2013 Element Logics mest avanserte lagerautomatisering i Norge\u2028<\/h3>\n\n\n\n<p>En helhetlig l\u00f8sning med AutoStore, transportb\u00e5nd og pakkesystemer gir MEKO maksimal effektivitet og fleksibilitet i distribusjonen.<\/p>\n\n\n\n<div class=\"wp-block-buttons is-layout-flex wp-block-buttons-is-layout-flex\">\n<div class=\"wp-block-button is-style-fill has-icon has-icon-theme_arrow\"><a class=\"wp-block-button__link wp-element-button\" href=\"https:\/\/www.elementlogic.net\/no\/aktuelt\/element-logic-leverer-sin-mest-avanserte-lagerautomatisering-i-norge-til-meko\/\">Les mer<svg xmlns=\"http:\/\/www.w3.org\/2000\/svg\" viewBox=\"0 0 24 24\" height=\"24\" width=\"24\" class=\"t2-icon t2-icon-theme_arrow\" aria-hidden=\"true\" focusable=\"false\"><path d=\"M16.627 12.75H5.25C5.03717 12.75 4.859 12.6782 4.7155 12.5345C4.57183 12.391 4.5 12.2128 4.5 12C4.5 11.7872 4.57183 11.609 4.7155 11.4655C4.859 11.3218 5.03717 11.25 5.25 11.25H16.627L11.4577 6.08076C11.3091 5.93209 11.2357 5.75809 11.2375 5.55876C11.2395 5.35942 11.318 5.18217 11.473 5.02701C11.6282 4.88217 11.8038 4.80717 12 4.80201C12.1962 4.79684 12.3718 4.87184 12.527 5.02701L18.8673 11.3673C18.9609 11.4609 19.0269 11.5597 19.0652 11.6635C19.1037 11.7673 19.123 11.8795 19.123 12C19.123 12.1205 19.1037 12.2327 19.0652 12.3365C19.0269 12.4403 18.9609 12.5391 18.8673 12.6328L12.527 18.973C12.3885 19.1115 12.217 19.1823 12.0125 19.1855C11.808 19.1887 11.6282 19.1178 11.473 18.973C11.318 18.8178 11.2405 18.6397 11.2405 18.4385C11.2405 18.2372 11.318 18.0589 11.473 17.9038L16.627 12.75Z\" fill=\"var(--t2-icon-fill, #000)\"\/><\/svg><\/a><\/div>\n<\/div>\n\n\n\t\t\t\t\t\t<\/div>\n\t\t\t\t\t<\/div>\n\t\t\t\t<\/div>\n\t\t\t<\/div>\n\t\t<\/div>\n\t\t\n\n\n\t\t<div class=\"alignfull is-mode-constrained is-gap-center wp-block-t2-simple-media-text   \">\n\t\t\t<div class=\"t2-simple-media-text__container\">\n\t\t\t\t<div class=\"t2-simple-media-text__image\"><img loading=\"lazy\" decoding=\"async\" width=\"768\" height=\"512\" src=\"https:\/\/www.elementlogic.net\/content\/uploads\/sites\/10\/2025\/10\/031cc2c2bd6f66b79d17ff64e018f2acde3b0f97-1-768x512.jpg\" class=\"\" alt=\"AutoStore grid\" style=\"--focalpoint: 50% 50%;\" srcset=\"https:\/\/www.elementlogic.net\/content\/uploads\/sites\/10\/2025\/10\/031cc2c2bd6f66b79d17ff64e018f2acde3b0f97-1-768x512.jpg 768w, https:\/\/www.elementlogic.net\/content\/uploads\/sites\/10\/2025\/10\/031cc2c2bd6f66b79d17ff64e018f2acde3b0f97-1-300x200.jpg 300w, https:\/\/www.elementlogic.net\/content\/uploads\/sites\/10\/2025\/10\/031cc2c2bd6f66b79d17ff64e018f2acde3b0f97-1-1024x683.jpg 1024w, https:\/\/www.elementlogic.net\/content\/uploads\/sites\/10\/2025\/10\/031cc2c2bd6f66b79d17ff64e018f2acde3b0f97-1-1536x1025.jpg 1536w, https:\/\/www.elementlogic.net\/content\/uploads\/sites\/10\/2025\/10\/031cc2c2bd6f66b79d17ff64e018f2acde3b0f97-1.jpg 2000w\" sizes=\"(max-width: 768px) 100vw, 768px\" \/><\/div>\n\t\t\t\t<div class=\"t2-simple-media-text__content-container\">\n\t\t\t\t\t<div class=\"t2-simple-media-text__content\">\n\t\t\t\t\t\t<div class=\"t2-simple-media-text__content-inner\">\n\t\t\t\t\t\t\t\n\n<h4 class=\"wp-block-heading\" id=\"h-\"><\/h4>\n\n\n\n<h3 class=\"wp-block-heading\" id=\"h-kitch-n-og-tilbords-en-innovativ-forsyningskjede\">Kitch\u2019n og Tilbords \u2013 En innovativ forsyningskjede\u2028<\/h3>\n\n\n\n<p>Med en skreddersydd automasjonsl\u00f8sning fikk Kitch\u2019n og Tilbords \u00f8kt kapasitet, h\u00f8y oppetid og s\u00f8ml\u00f8s flyt i forsyningskjeden.<\/p>\n\n\n\n<div class=\"wp-block-buttons is-layout-flex wp-block-buttons-is-layout-flex\">\n<div class=\"wp-block-button is-style-fill has-icon has-icon-theme_arrow\"><a class=\"wp-block-button__link wp-element-button\" href=\"https:\/\/www.elementlogic.net\/no\/cases\/en-innovativ-losning-fra-element-logic-automatiserer-kitchn-og-tilbords-sin-forsyningskjede\/\">Les mer<svg xmlns=\"http:\/\/www.w3.org\/2000\/svg\" viewBox=\"0 0 24 24\" height=\"24\" width=\"24\" class=\"t2-icon t2-icon-theme_arrow\" aria-hidden=\"true\" focusable=\"false\"><path d=\"M16.627 12.75H5.25C5.03717 12.75 4.859 12.6782 4.7155 12.5345C4.57183 12.391 4.5 12.2128 4.5 12C4.5 11.7872 4.57183 11.609 4.7155 11.4655C4.859 11.3218 5.03717 11.25 5.25 11.25H16.627L11.4577 6.08076C11.3091 5.93209 11.2357 5.75809 11.2375 5.55876C11.2395 5.35942 11.318 5.18217 11.473 5.02701C11.6282 4.88217 11.8038 4.80717 12 4.80201C12.1962 4.79684 12.3718 4.87184 12.527 5.02701L18.8673 11.3673C18.9609 11.4609 19.0269 11.5597 19.0652 11.6635C19.1037 11.7673 19.123 11.8795 19.123 12C19.123 12.1205 19.1037 12.2327 19.0652 12.3365C19.0269 12.4403 18.9609 12.5391 18.8673 12.6328L12.527 18.973C12.3885 19.1115 12.217 19.1823 12.0125 19.1855C11.808 19.1887 11.6282 19.1178 11.473 18.973C11.318 18.8178 11.2405 18.6397 11.2405 18.4385C11.2405 18.2372 11.318 18.0589 11.473 17.9038L16.627 12.75Z\" fill=\"var(--t2-icon-fill, #000)\"\/><\/svg><\/a><\/div>\n<\/div>\n\n\n\t\t\t\t\t\t<\/div>\n\t\t\t\t\t<\/div>\n\t\t\t\t<\/div>\n\t\t\t<\/div>\n\t\t<\/div>\n\t\t\n\n\n\t\t<div class=\"alignfull is-mode-constrained is-gap-center has-media-on-the-right wp-block-t2-simple-media-text   \">\n\t\t\t<div class=\"t2-simple-media-text__container\">\n\t\t\t\t<div class=\"t2-simple-media-text__image\"><img loading=\"lazy\" decoding=\"async\" width=\"768\" height=\"512\" src=\"https:\/\/www.elementlogic.net\/content\/uploads\/sites\/10\/2025\/10\/ef5c88158f9889f066ebf1ab6c10a26ae621f9d2-1-768x512.jpg\" class=\"\" alt=\"\" style=\"--focalpoint: 50% 50%;\" srcset=\"https:\/\/www.elementlogic.net\/content\/uploads\/sites\/10\/2025\/10\/ef5c88158f9889f066ebf1ab6c10a26ae621f9d2-1-768x512.jpg 768w, https:\/\/www.elementlogic.net\/content\/uploads\/sites\/10\/2025\/10\/ef5c88158f9889f066ebf1ab6c10a26ae621f9d2-1-300x200.jpg 300w, https:\/\/www.elementlogic.net\/content\/uploads\/sites\/10\/2025\/10\/ef5c88158f9889f066ebf1ab6c10a26ae621f9d2-1-1024x683.jpg 1024w, https:\/\/www.elementlogic.net\/content\/uploads\/sites\/10\/2025\/10\/ef5c88158f9889f066ebf1ab6c10a26ae621f9d2-1-1536x1024.jpg 1536w, https:\/\/www.elementlogic.net\/content\/uploads\/sites\/10\/2025\/10\/ef5c88158f9889f066ebf1ab6c10a26ae621f9d2-1-2048x1366.jpg 2048w\" sizes=\"(max-width: 768px) 100vw, 768px\" \/><\/div>\n\t\t\t\t<div class=\"t2-simple-media-text__content-container\">\n\t\t\t\t\t<div class=\"t2-simple-media-text__content\">\n\t\t\t\t\t\t<div class=\"t2-simple-media-text__content-inner\">\n\t\t\t\t\t\t\t\n\n<h4 class=\"wp-block-heading\" id=\"h-\"><\/h4>\n\n\n\n<h3 class=\"wp-block-heading\" id=\"h-nos-ny-standard-for-bildeler-og-effektivitet\">NOS \u2013 Ny standard for bildeler og effektivitet\u2028<\/h3>\n\n\n\n<p>Element Logic bidro til at NOS satte en ny standard for h\u00e5ndtering av bildeler med \u00f8kt produktivitet og h\u00f8yere leveringspresisjon.<\/p>\n\n\n\n<div class=\"wp-block-buttons is-layout-flex wp-block-buttons-is-layout-flex\">\n<div class=\"wp-block-button is-style-fill has-icon has-icon-theme_arrow\"><a class=\"wp-block-button__link wp-element-button\" href=\"https:\/\/www.elementlogic.net\/no\/cases\/element-logic-satte-en-ny-standard-for-bildeler-nos-effektivitet\/\">Les mer<svg xmlns=\"http:\/\/www.w3.org\/2000\/svg\" viewBox=\"0 0 24 24\" height=\"24\" width=\"24\" class=\"t2-icon t2-icon-theme_arrow\" aria-hidden=\"true\" focusable=\"false\"><path d=\"M16.627 12.75H5.25C5.03717 12.75 4.859 12.6782 4.7155 12.5345C4.57183 12.391 4.5 12.2128 4.5 12C4.5 11.7872 4.57183 11.609 4.7155 11.4655C4.859 11.3218 5.03717 11.25 5.25 11.25H16.627L11.4577 6.08076C11.3091 5.93209 11.2357 5.75809 11.2375 5.55876C11.2395 5.35942 11.318 5.18217 11.473 5.02701C11.6282 4.88217 11.8038 4.80717 12 4.80201C12.1962 4.79684 12.3718 4.87184 12.527 5.02701L18.8673 11.3673C18.9609 11.4609 19.0269 11.5597 19.0652 11.6635C19.1037 11.7673 19.123 11.8795 19.123 12C19.123 12.1205 19.1037 12.2327 19.0652 12.3365C19.0269 12.4403 18.9609 12.5391 18.8673 12.6328L12.527 18.973C12.3885 19.1115 12.217 19.1823 12.0125 19.1855C11.808 19.1887 11.6282 19.1178 11.473 18.973C11.318 18.8178 11.2405 18.6397 11.2405 18.4385C11.2405 18.2372 11.318 18.0589 11.473 17.9038L16.627 12.75Z\" fill=\"var(--t2-icon-fill, #000)\"\/><\/svg><\/a><\/div>\n<\/div>\n\n\n\t\t\t\t\t\t<\/div>\n\t\t\t\t\t<\/div>\n\t\t\t\t<\/div>\n\t\t\t<\/div>\n\t\t<\/div>\n\t\t\n\n\n<h2 class=\"wp-block-heading\" id=\"h-klar-til-a-sette-en-ny-standard-for-lageret-ditt\">Klar til \u00e5 sette en ny standard for lageret ditt?<\/h2>\n\n\n\n<p>Bestill en gratis konsultasjon med Element Logic og ta f\u00f8rste steg mot et automatisert, skalerbart og h\u00f8ytytende lager.<\/p>\n\n\n\n<div class=\"wp-block-buttons is-layout-flex wp-block-buttons-is-layout-flex\">\n<div class=\"wp-block-button\"><a class=\"wp-block-button__link wp-element-button\" href=\"#start-reisen-mot-et-automatisert-lager\">Bestill gratis konsultasjon<\/a><\/div>\n<\/div>\n","protected":false},"excerpt":{"rendered":"<p>Start reisen mot et automatisert lager Christian Walby Sales Director Element logic Norway Telefon:&nbsp;+47 482 21 333 E-mail:&nbsp;christian.walby@elementlogic.net Slik hjalp [&hellip;]<\/p>\n","protected":false},"author":66,"featured_media":0,"parent":0,"menu_order":0,"comment_status":"closed","ping_status":"closed","template":"","meta":{"hreflang_relation":0,"_el_cross_publish_source_blog_url":"","_el_cross_publish_source_blog_id":0,"_el_cross_publish_source_post_id":0,"_el_cross_publish_sync_state":"","exclude_from_search":false,"footnotes":""},"class_list":["post-21815","page","type-page","status-publish","hentry"],"yoast_head":"<!-- This site is optimized with the Yoast SEO Premium plugin v23.9 (Yoast SEO v23.9) - https:\/\/yoast.com\/wordpress\/plugins\/seo\/ -->\n<title>Book gratis konsultasjon | Element Logic Norway<\/title>\n<meta name=\"robots\" content=\"index, follow, max-snippet:-1, max-image-preview:large, max-video-preview:-1\" \/>\n<link rel=\"canonical\" href=\"https:\/\/www.elementlogic.net\/no\/book-gratis-konsultasjon\/\" \/>\n<meta property=\"og:locale\" content=\"nb_NO\" \/>\n<meta property=\"og:type\" content=\"article\" \/>\n<meta property=\"og:title\" content=\"Book gratis konsultasjon\" \/>\n<meta property=\"og:description\" content=\"Start reisen mot et automatisert lager Christian Walby Sales Director Element logic Norway Telefon:&nbsp;+47 482 21 333 E-mail:&nbsp;christian.walby@elementlogic.net Slik hjalp [&hellip;]\" \/>\n<meta property=\"og:url\" content=\"https:\/\/www.elementlogic.net\/no\/book-gratis-konsultasjon\/\" \/>\n<meta property=\"og:site_name\" content=\"Element Logic Norway\" \/>\n<meta property=\"article:modified_time\" content=\"2026-04-14T14:08:20+00:00\" \/>\n<meta name=\"twitter:card\" content=\"summary_large_image\" \/>\n<meta name=\"twitter:label1\" content=\"Ansl. lesetid\" \/>\n\t<meta name=\"twitter:data1\" content=\"2 minutter\" \/>\n<script type=\"application\/ld+json\" class=\"yoast-schema-graph\">{\"@context\":\"https:\/\/schema.org\",\"@graph\":[{\"@type\":\"WebPage\",\"@id\":\"https:\/\/www.elementlogic.net\/no\/book-gratis-konsultasjon\/\",\"url\":\"https:\/\/www.elementlogic.net\/no\/book-gratis-konsultasjon\/\",\"name\":\"Book gratis konsultasjon | Element Logic Norway\",\"isPartOf\":{\"@id\":\"https:\/\/www.elementlogic.net\/no\/#website\"},\"datePublished\":\"2025-10-13T12:36:41+00:00\",\"dateModified\":\"2026-04-14T14:08:20+00:00\",\"inLanguage\":\"nb-NO\",\"potentialAction\":[{\"@type\":\"ReadAction\",\"target\":[\"https:\/\/www.elementlogic.net\/no\/book-gratis-konsultasjon\/\"]}]},{\"@type\":\"WebSite\",\"@id\":\"https:\/\/www.elementlogic.net\/no\/#website\",\"url\":\"https:\/\/www.elementlogic.net\/no\/\",\"name\":\"Element Logic Norway\",\"description\":\"\",\"alternateName\":\"Element Logic\",\"potentialAction\":[{\"@type\":\"SearchAction\",\"target\":{\"@type\":\"EntryPoint\",\"urlTemplate\":\"https:\/\/www.elementlogic.net\/no\/?s={search_term_string}\"},\"query-input\":{\"@type\":\"PropertyValueSpecification\",\"valueRequired\":true,\"valueName\":\"search_term_string\"}}],\"inLanguage\":\"nb-NO\"}]}<\/script>\n<!-- \/ Yoast SEO Premium plugin. -->","yoast_head_json":{"title":"Book gratis konsultasjon | Element Logic Norway","robots":{"index":"index","follow":"follow","max-snippet":"max-snippet:-1","max-image-preview":"max-image-preview:large","max-video-preview":"max-video-preview:-1"},"canonical":"https:\/\/www.elementlogic.net\/no\/book-gratis-konsultasjon\/","og_locale":"nb_NO","og_type":"article","og_title":"Book gratis konsultasjon","og_description":"Start reisen mot et automatisert lager Christian Walby Sales Director Element logic Norway Telefon:&nbsp;+47 482 21 333 E-mail:&nbsp;christian.walby@elementlogic.net Slik hjalp [&hellip;]","og_url":"https:\/\/www.elementlogic.net\/no\/book-gratis-konsultasjon\/","og_site_name":"Element Logic Norway","article_modified_time":"2026-04-14T14:08:20+00:00","twitter_card":"summary_large_image","twitter_misc":{"Ansl. lesetid":"2 minutter"},"schema":{"@context":"https:\/\/schema.org","@graph":[{"@type":"WebPage","@id":"https:\/\/www.elementlogic.net\/no\/book-gratis-konsultasjon\/","url":"https:\/\/www.elementlogic.net\/no\/book-gratis-konsultasjon\/","name":"Book gratis konsultasjon | Element Logic Norway","isPartOf":{"@id":"https:\/\/www.elementlogic.net\/no\/#website"},"datePublished":"2025-10-13T12:36:41+00:00","dateModified":"2026-04-14T14:08:20+00:00","inLanguage":"nb-NO","potentialAction":[{"@type":"ReadAction","target":["https:\/\/www.elementlogic.net\/no\/book-gratis-konsultasjon\/"]}]},{"@type":"WebSite","@id":"https:\/\/www.elementlogic.net\/no\/#website","url":"https:\/\/www.elementlogic.net\/no\/","name":"Element Logic Norway","description":"","alternateName":"Element Logic","potentialAction":[{"@type":"SearchAction","target":{"@type":"EntryPoint","urlTemplate":"https:\/\/www.elementlogic.net\/no\/?s={search_term_string}"},"query-input":{"@type":"PropertyValueSpecification","valueRequired":true,"valueName":"search_term_string"}}],"inLanguage":"nb-NO"}]}},"_links":{"self":[{"href":"https:\/\/www.elementlogic.net\/no\/wp-json\/wp\/v2\/pages\/21815"}],"collection":[{"href":"https:\/\/www.elementlogic.net\/no\/wp-json\/wp\/v2\/pages"}],"about":[{"href":"https:\/\/www.elementlogic.net\/no\/wp-json\/wp\/v2\/types\/page"}],"author":[{"embeddable":true,"href":"https:\/\/www.elementlogic.net\/no\/wp-json\/wp\/v2\/users\/66"}],"replies":[{"embeddable":true,"href":"https:\/\/www.elementlogic.net\/no\/wp-json\/wp\/v2\/comments?post=21815"}],"version-history":[{"count":4,"href":"https:\/\/www.elementlogic.net\/no\/wp-json\/wp\/v2\/pages\/21815\/revisions"}],"predecessor-version":[{"id":22861,"href":"https:\/\/www.elementlogic.net\/no\/wp-json\/wp\/v2\/pages\/21815\/revisions\/22861"}],"wp:attachment":[{"href":"https:\/\/www.elementlogic.net\/no\/wp-json\/wp\/v2\/media?parent=21815"}],"curies":[{"name":"wp","href":"https:\/\/api.w.org\/{rel}","templated":true}]}}