{"id":22056,"date":"2026-03-25T16:26:47","date_gmt":"2026-03-25T16:26:47","guid":{"rendered":"https:\/\/www.elementlogic.net\/no\/?page_id=22056"},"modified":"2026-03-26T12:50:08","modified_gmt":"2026-03-26T12:50:08","slug":"materialhandtering","status":"publish","type":"page","link":"https:\/\/www.elementlogic.net\/no\/losninger-og-tjenester\/materialhandtering\/","title":{"rendered":"Materialh\u00e5ndtering"},"content":{"rendered":"\n\t\t<div style=\"--dekode-hero-dim:0.7; --t2-icon-fill:var(--wp--preset--color--white);\" class=\"alignfull dekode-hero-content-position-center has-media-background wp-block-dekode-hero has-text-color has-white-color\">\n\t\t\t\t\t<video\n\t\t\tautoplay\n\t\t\tloop\n\t\t\tmuted\n\t\t\tplaysinline\n\t\t\tposter=\"\"\n\t\t\tsrc=\"https:\/\/www.elementlogic.net\/content\/uploads\/2025\/11\/Dynamo-3D-video.mp4\">\n\t\t<\/video>\n\t\t\n\t\t\t<div class=\"dekode-hero__content\">\n\t\t\t\t<div class=\"dekode-hero__container\">\n\t\t\t\t\t\n\n<h1 class=\"wp-block-heading\" id=\"h-materialhandteringssystem-optimalisert-for-lageret-ditt\">Materialh\u00e5ndteringssystem optimalisert for lageret ditt<\/h1>\n\n\n<p class=\"t2-ingress wp-block-t2-ingress\">V\u00e5re materialh\u00e5ndteringsl\u00f8sninger er utviklet for \u00e5 komplettere og forbedre lagerautomasjonssystemer og skape et fullt integrert og automatisert lagermilj\u00f8. <br><br>Ved \u00e5 kombinere lagrings- og hentesystemer med h\u00f8y tetthet med avansert materialh\u00e5ndteringsutstyr leverer vi h\u00f8yere throughput, bedre n\u00f8yaktighet og s\u00f8ml\u00f8s skalerbarhet for virksomheter i alle st\u00f8rrelser.<\/p>\n\n\n<div class=\"wp-block-buttons is-layout-flex wp-block-buttons-is-layout-flex\">\n<div class=\"wp-block-button hs-cta-trigger-button hs-cta-trigger-button-195241208906 has-icon has-icon-theme_arrow\"><a class=\"wp-block-button__link wp-element-button\" href=\"https:\/\/www.elementlogic.net\/no\/book-gratis-konsultasjon\/\">Kontakt oss<svg xmlns=\"http:\/\/www.w3.org\/2000\/svg\" viewBox=\"0 0 24 24\" height=\"24\" width=\"24\" class=\"t2-icon t2-icon-theme_arrow\" aria-hidden=\"true\" focusable=\"false\"><path d=\"M16.627 12.75H5.25C5.03717 12.75 4.859 12.6782 4.7155 12.5345C4.57183 12.391 4.5 12.2128 4.5 12C4.5 11.7872 4.57183 11.609 4.7155 11.4655C4.859 11.3218 5.03717 11.25 5.25 11.25H16.627L11.4577 6.08076C11.3091 5.93209 11.2357 5.75809 11.2375 5.55876C11.2395 5.35942 11.318 5.18217 11.473 5.02701C11.6282 4.88217 11.8038 4.80717 12 4.80201C12.1962 4.79684 12.3718 4.87184 12.527 5.02701L18.8673 11.3673C18.9609 11.4609 19.0269 11.5597 19.0652 11.6635C19.1037 11.7673 19.123 11.8795 19.123 12C19.123 12.1205 19.1037 12.2327 19.0652 12.3365C19.0269 12.4403 18.9609 12.5391 18.8673 12.6328L12.527 18.973C12.3885 19.1115 12.217 19.1823 12.0125 19.1855C11.808 19.1887 11.6282 19.1178 11.473 18.973C11.318 18.8178 11.2405 18.6397 11.2405 18.4385C11.2405 18.2372 11.318 18.0589 11.473 17.9038L16.627 12.75Z\" fill=\"var(--t2-icon-fill, #000)\"\/><\/svg><\/a><\/div>\n<\/div>\n\n\n\t\t\t\t<\/div>\n\t\t\t<\/div>\n\t\t<\/div>\n\t\t\n\n\n<h2 class=\"wp-block-heading\" id=\"h-hva-er-et-materialhandteringssystem\">Hva er et materialh\u00e5ndteringssystem?<\/h2>\n\n\n\n<p>Et materialh\u00e5ndteringssystem er ryggraden i moderne logistikkoperasjoner. Det omfatter utstyr, programvare og prosesser som flytter varer effektivt gjennom lageret &#8211; fra varemottak til forsendelse. Et godt utformet system reduserer manuelt arbeid, minimerer feil og sikrer at hver vare n\u00e5r frem raskt og korrekt.<\/p>\n\n\n\n<h2 class=\"wp-block-heading\" id=\"h-lagerautomasjon-fra-element-logic\">Lagerautomasjon fra Element Logic<\/h2>\n\n\n\n<p>Element Logic spesialiserer seg p\u00e5 \u00e5 skape intelligente automasjonsl\u00f8sninger tilpasset dine behov. V\u00e5re systemer integrerer AutoStore med transportbaner, sorteringssystemer, AMR-er, robotisert piece picking og automatisert pakking. Kombinert med v\u00e5r egenutviklede programvare gir systemene v\u00e5re deg sanntidskontroll, optimaliserte arbeidsflyter og datadrevet beslutningstaking, noe som sikrer at lageret ditt opererer med maksimal effektivitet.<\/p>\n\n\n\n\t\t<blockquote class=\"wp-block-dekode-quote\">\n\t\t\t<div class=\"wp-block-dekode-quote__icon\">\n\t\t\t\t<img loading=\"lazy\" decoding=\"async\" width=\"300\" height=\"300\" src=\"https:\/\/www.elementlogic.net\/content\/uploads\/sites\/10\/2026\/03\/element-logic-michael-1-300x300.jpg\" class=\"quote-image\" alt=\"michael\" srcset=\"https:\/\/www.elementlogic.net\/content\/uploads\/sites\/10\/2026\/03\/element-logic-michael-1-300x300.jpg 300w, https:\/\/www.elementlogic.net\/content\/uploads\/sites\/10\/2026\/03\/element-logic-michael-1-150x150.jpg 150w, https:\/\/www.elementlogic.net\/content\/uploads\/sites\/10\/2026\/03\/element-logic-michael-1.jpg 500w\" sizes=\"(max-width: 300px) 100vw, 300px\" \/><svg xmlns=\"http:\/\/www.w3.org\/2000\/svg\" viewBox=\"0 0 24 24\" height=\"96\" width=\"96\" class=\"t2-icon t2-icon-theme_quote\" aria-hidden=\"true\" focusable=\"false\"><path d=\"M6.7808 16.5288L8.49055 13.5673C8.43289 13.5993 8.36555 13.6217 8.28855 13.6345C8.21155 13.6473 8.13464 13.6538 8.0578 13.6538C7.04114 13.6538 6.17797 13.2958 5.4683 12.5798C4.7588 11.8638 4.40405 11.0038 4.40405 10C4.40405 8.98334 4.7588 8.12017 5.4683 7.4105C6.17797 6.701 7.04114 6.34625 8.0578 6.34625C9.06164 6.34625 9.92155 6.701 10.6376 7.4105C11.3536 8.12017 11.7116 8.98334 11.7116 10C11.7116 10.3513 11.669 10.6783 11.5838 10.9808C11.4985 11.2833 11.3737 11.5718 11.2096 11.8463L8.07305 17.2788C8.00905 17.3904 7.92122 17.4808 7.80955 17.55C7.69805 17.6192 7.57305 17.6538 7.43455 17.6538C7.14739 17.6538 6.93205 17.5288 6.78855 17.2788C6.64489 17.0288 6.6423 16.7788 6.7808 16.5288ZM15.6656 16.5288L17.3751 13.5673C17.3174 13.5993 17.2501 13.6217 17.1731 13.6345C17.0962 13.6473 17.0193 13.6538 16.9423 13.6538C15.9256 13.6538 15.0626 13.2958 14.3531 12.5798C13.6434 11.8638 13.2886 11.0038 13.2886 10C13.2886 8.977 13.6434 8.11225 14.3531 7.40575C15.0626 6.69942 15.9256 6.34625 16.9423 6.34625C17.9461 6.34625 18.8061 6.701 19.5221 7.4105C20.2381 8.12017 20.5961 8.98334 20.5961 10C20.5961 10.3513 20.5535 10.6783 20.4683 10.9808C20.383 11.2833 20.2583 11.5718 20.0943 11.8463L16.9578 17.2788C16.8936 17.3904 16.8058 17.4808 16.6943 17.55C16.5828 17.6192 16.4578 17.6538 16.3193 17.6538C16.0321 17.6538 15.8167 17.5288 15.6731 17.2788C15.5296 17.0288 15.5271 16.7788 15.6656 16.5288Z\" fill=\"var(--t2-icon-fill, #000)\"\/><\/svg>\n\t\t\t<\/div>\n\t\t\t<div class=\"wp-block-dekode-quote__text\">\n\t\t\t\t<p>V\u00e5r fleksible tiln\u00e6rming til h\u00e5ndtering av materialflyt skaper verdi i kundenes AutoStore-opplevelse. Hvert systemdesign optimaliseres for \u00e5 sikre at kunden f\u00e5r mest mulig ut av l\u00f8sningen.<\/p>\n<cite>Michael Kawalier, Managing Director Sales, Element Logic Germany<\/cite>\n\t\t\t<\/div>\n\t\t<\/blockquote>\n\n\n\t\t<div class=\"alignwide is-mode-constrained is-gap-center wp-block-t2-simple-media-text   \">\n\t\t\t<div class=\"t2-simple-media-text__container\">\n\t\t\t\t<div class=\"t2-simple-media-text__image\"><img loading=\"lazy\" decoding=\"async\" width=\"768\" height=\"768\" src=\"https:\/\/www.elementlogic.net\/content\/uploads\/sites\/10\/2026\/03\/Designer-13-1-768x768.jpeg\" class=\"\" alt=\"Autonomous vehicles\" style=\"--focalpoint: 50% 50%;\" srcset=\"https:\/\/www.elementlogic.net\/content\/uploads\/sites\/10\/2026\/03\/Designer-13-1-768x768.jpeg 768w, https:\/\/www.elementlogic.net\/content\/uploads\/sites\/10\/2026\/03\/Designer-13-1-300x300.jpeg 300w, https:\/\/www.elementlogic.net\/content\/uploads\/sites\/10\/2026\/03\/Designer-13-1-150x150.jpeg 150w, https:\/\/www.elementlogic.net\/content\/uploads\/sites\/10\/2026\/03\/Designer-13-1.jpeg 1024w\" sizes=\"(max-width: 768px) 100vw, 768px\" \/><\/div>\n\t\t\t\t<div class=\"t2-simple-media-text__content-container\">\n\t\t\t\t\t<div class=\"t2-simple-media-text__content\">\n\t\t\t\t\t\t<div class=\"t2-simple-media-text__content-inner\">\n\t\t\t\t\t\t\t\n\n<h3 class=\"wp-block-heading\" id=\"h-autonome-kjoretoy\">Autonome kj\u00f8ret\u00f8y<\/h3>\n\n\n\n<p>Autonome kj\u00f8ret\u00f8y tilbyr intelligent og fleksibel transport p\u00e5 tvers av lageret. Ved hjelp av avansert navigasjon og fl\u00e5tekoordinering flytter de kasser, kartonger og paller mellom arbeidsomr\u00e5der uten behov for faste transportbaner eller kompleks infrastruktur.<\/p>\n\n\n\n<div class=\"wp-block-buttons is-layout-flex wp-block-buttons-is-layout-flex\">\n<div class=\"wp-block-button is-style-fill has-icon has-icon-theme_arrow\"><a class=\"wp-block-button__link wp-element-button\" href=\"https:\/\/www.elementlogic.net\/no\/autonome-kjoretoy\/\">Les mer<svg xmlns=\"http:\/\/www.w3.org\/2000\/svg\" viewBox=\"0 0 24 24\" height=\"24\" width=\"24\" class=\"t2-icon t2-icon-theme_arrow\" aria-hidden=\"true\" focusable=\"false\"><path d=\"M16.627 12.75H5.25C5.03717 12.75 4.859 12.6782 4.7155 12.5345C4.57183 12.391 4.5 12.2128 4.5 12C4.5 11.7872 4.57183 11.609 4.7155 11.4655C4.859 11.3218 5.03717 11.25 5.25 11.25H16.627L11.4577 6.08076C11.3091 5.93209 11.2357 5.75809 11.2375 5.55876C11.2395 5.35942 11.318 5.18217 11.473 5.02701C11.6282 4.88217 11.8038 4.80717 12 4.80201C12.1962 4.79684 12.3718 4.87184 12.527 5.02701L18.8673 11.3673C18.9609 11.4609 19.0269 11.5597 19.0652 11.6635C19.1037 11.7673 19.123 11.8795 19.123 12C19.123 12.1205 19.1037 12.2327 19.0652 12.3365C19.0269 12.4403 18.9609 12.5391 18.8673 12.6328L12.527 18.973C12.3885 19.1115 12.217 19.1823 12.0125 19.1855C11.808 19.1887 11.6282 19.1178 11.473 18.973C11.318 18.8178 11.2405 18.6397 11.2405 18.4385C11.2405 18.2372 11.318 18.0589 11.473 17.9038L16.627 12.75Z\" fill=\"var(--t2-icon-fill, #000)\"\/><\/svg><\/a><\/div>\n<\/div>\n\n\n\t\t\t\t\t\t<\/div>\n\t\t\t\t\t<\/div>\n\t\t\t\t<\/div>\n\t\t\t<\/div>\n\t\t<\/div>\n\t\t\n\n\n\t\t<div class=\"alignwide is-mode-constrained is-gap-center has-media-on-the-right wp-block-t2-simple-media-text   \">\n\t\t\t<div class=\"t2-simple-media-text__container\">\n\t\t\t\t<div class=\"t2-simple-media-text__image\"><img loading=\"lazy\" decoding=\"async\" width=\"768\" height=\"512\" src=\"https:\/\/www.elementlogic.net\/content\/uploads\/sites\/10\/2026\/03\/Warehouse-Automation_conveyor-belts_Element-Logic-768x512.jpg\" class=\"\" alt=\"Transportbanel\u00f8sninger\" style=\"--focalpoint: 50% 50%;\" srcset=\"https:\/\/www.elementlogic.net\/content\/uploads\/sites\/10\/2026\/03\/Warehouse-Automation_conveyor-belts_Element-Logic-768x512.jpg 768w, https:\/\/www.elementlogic.net\/content\/uploads\/sites\/10\/2026\/03\/Warehouse-Automation_conveyor-belts_Element-Logic-300x200.jpg 300w, https:\/\/www.elementlogic.net\/content\/uploads\/sites\/10\/2026\/03\/Warehouse-Automation_conveyor-belts_Element-Logic-1024x683.jpg 1024w, https:\/\/www.elementlogic.net\/content\/uploads\/sites\/10\/2026\/03\/Warehouse-Automation_conveyor-belts_Element-Logic.jpg 1500w\" sizes=\"(max-width: 768px) 100vw, 768px\" \/><\/div>\n\t\t\t\t<div class=\"t2-simple-media-text__content-container\">\n\t\t\t\t\t<div class=\"t2-simple-media-text__content\">\n\t\t\t\t\t\t<div class=\"t2-simple-media-text__content-inner\">\n\t\t\t\t\t\t\t\n\n<h3 class=\"wp-block-heading\" id=\"h-transportbanelosninger\"><strong>Transportbanel\u00f8sninger<\/strong><\/h3>\n\n\n\n<p>Transportbanel\u00f8sninger er ryggraden i effektive lageroperasjoner med h\u00f8yt volum. De er utviklet for \u00e5 flytte kartonger, kasser og paller s\u00f8ml\u00f8st langs optimaliserte ruter og leverer forutsigbare, uavbrutte flyter med minimal manuell h\u00e5ndtering.<\/p>\n\n\n\n<div class=\"wp-block-buttons is-layout-flex wp-block-buttons-is-layout-flex\">\n<div class=\"wp-block-button is-style-fill has-icon has-icon-theme_arrow\"><a class=\"wp-block-button__link wp-element-button\" href=\"https:\/\/www.elementlogic.net\/no\/transportbanelosninger\/\">Les mer<svg xmlns=\"http:\/\/www.w3.org\/2000\/svg\" viewBox=\"0 0 24 24\" height=\"24\" width=\"24\" class=\"t2-icon t2-icon-theme_arrow\" aria-hidden=\"true\" focusable=\"false\"><path d=\"M16.627 12.75H5.25C5.03717 12.75 4.859 12.6782 4.7155 12.5345C4.57183 12.391 4.5 12.2128 4.5 12C4.5 11.7872 4.57183 11.609 4.7155 11.4655C4.859 11.3218 5.03717 11.25 5.25 11.25H16.627L11.4577 6.08076C11.3091 5.93209 11.2357 5.75809 11.2375 5.55876C11.2395 5.35942 11.318 5.18217 11.473 5.02701C11.6282 4.88217 11.8038 4.80717 12 4.80201C12.1962 4.79684 12.3718 4.87184 12.527 5.02701L18.8673 11.3673C18.9609 11.4609 19.0269 11.5597 19.0652 11.6635C19.1037 11.7673 19.123 11.8795 19.123 12C19.123 12.1205 19.1037 12.2327 19.0652 12.3365C19.0269 12.4403 18.9609 12.5391 18.8673 12.6328L12.527 18.973C12.3885 19.1115 12.217 19.1823 12.0125 19.1855C11.808 19.1887 11.6282 19.1178 11.473 18.973C11.318 18.8178 11.2405 18.6397 11.2405 18.4385C11.2405 18.2372 11.318 18.0589 11.473 17.9038L16.627 12.75Z\" fill=\"var(--t2-icon-fill, #000)\"\/><\/svg><\/a><\/div>\n<\/div>\n\n\n\t\t\t\t\t\t<\/div>\n\t\t\t\t\t<\/div>\n\t\t\t\t<\/div>\n\t\t\t<\/div>\n\t\t<\/div>\n\t\t\n\n\n\t\t<div style=\"--dekode-hero-dim:0.6; --t2-icon-fill:var(--wp--preset--color--white);\" class=\"alignfull dekode-hero-content-position-center has-media-background wp-block-dekode-hero has-text-color has-white-color\">\n\t\t\t<img loading=\"lazy\" decoding=\"async\" width=\"1024\" height=\"576\" src=\"https:\/\/www.elementlogic.net\/content\/uploads\/sites\/10\/2026\/03\/Addverb_x_Element_Logic_-_3D_illustration_1_111-scaled-1-1-1024x576.jpg\" class=\"dekode-hero__image\" alt=\"AutoStore grid\" style=\"--focalpoint: 62% 52%;\" srcset=\"https:\/\/www.elementlogic.net\/content\/uploads\/sites\/10\/2026\/03\/Addverb_x_Element_Logic_-_3D_illustration_1_111-scaled-1-1-1024x576.jpg 1024w, https:\/\/www.elementlogic.net\/content\/uploads\/sites\/10\/2026\/03\/Addverb_x_Element_Logic_-_3D_illustration_1_111-scaled-1-1-300x169.jpg 300w, https:\/\/www.elementlogic.net\/content\/uploads\/sites\/10\/2026\/03\/Addverb_x_Element_Logic_-_3D_illustration_1_111-scaled-1-1-768x432.jpg 768w, https:\/\/www.elementlogic.net\/content\/uploads\/sites\/10\/2026\/03\/Addverb_x_Element_Logic_-_3D_illustration_1_111-scaled-1-1-1536x864.jpg 1536w, https:\/\/www.elementlogic.net\/content\/uploads\/sites\/10\/2026\/03\/Addverb_x_Element_Logic_-_3D_illustration_1_111-scaled-1-1-2048x1152.jpg 2048w\" sizes=\"(max-width: 1024px) 100vw, 1024px\" \/>\n\t\t\t<div class=\"dekode-hero__content\">\n\t\t\t\t<div class=\"dekode-hero__container\">\n\t\t\t\t\t\n\n<h1 class=\"wp-block-heading\" id=\"h-skap-en-palitelig-og-effektiv-arbeidsflyt-nbsp\"><strong>Skap en p\u00e5litelig og effektiv arbeidsflyt<\/strong>&nbsp;<\/h1>\n\n\n<p class=\"t2-ingress wp-block-t2-ingress\">Typiske materialh\u00e5ndteringsl\u00f8sninger inkluderer:<\/p>\n\n\t\t\t\t<\/div>\n\t\t\t<\/div>\n\t\t<\/div>\n\t\t\n\n\n\t\t<div style=\"--link-cards-grid-columns: 3\" class=\"dekode-link-cards has-3-columns alignwide wp-block-dekode-link-cards\">\n\t\t\t<div class=\"dekode-link-cards__items\">\n\t\t\t\t\n<a class=\"wp-block-dekode-link-card has-background has-white-background-color\" href=\"https:\/\/www.elementlogic.net\/no\/autonome-kjoretoy\/\"><img loading=\"lazy\" decoding=\"async\" width=\"768\" height=\"432\" src=\"https:\/\/www.elementlogic.net\/content\/uploads\/sites\/10\/2026\/03\/Dynamo-1024x576-1-768x432.png\" class=\"\" alt=\"Autonome mobile roboter (AMR-er)\" \/>\t<div class=\"dekode-link-card__content\">\n\t\t\t\t<p class=\"dekode-link-card__title\">\n\t\t\tAutonome mobile roboter (AMR-er)\t\t<\/p>\n\t\t\t\t\t<p class=\"dekode-link-card__description\">AMR-er automatiserer materialtransport mellom lagersoner og forbedrer flyt, n\u00f8yaktighet og fleksibilitet samtidig som ansatte frigj\u00f8res til oppgaver med h\u00f8yere verdi.<\/p>\n\t\t\t<\/div>\n\t<\/a>\n\n<a class=\"wp-block-dekode-link-card has-background has-white-background-color\" href=\"https:\/\/www.elementlogic.net\/no\/transportbanelosninger\/\"><img loading=\"lazy\" decoding=\"async\" width=\"768\" height=\"513\" src=\"https:\/\/www.elementlogic.net\/content\/uploads\/sites\/10\/2026\/03\/ElementLogic_Conveyors-in-action-768x513-1.jpg\" class=\"\" alt=\"conveyor systems\" \/>\t<div class=\"dekode-link-card__content\">\n\t\t\t\t<p class=\"dekode-link-card__title\">\n\t\t\tTransportbanel\u00f8sninger\t\t<\/p>\n\t\t\t\t\t<p class=\"dekode-link-card__description\">Ryggraden i materialflyten som s\u00f8ml\u00f8st kobler sammen varemottak, AutoStore, plukk, pakking og utg\u00e5ende forsendelse.<\/p>\n\t\t\t<\/div>\n\t<\/a>\n\n<a class=\"wp-block-dekode-link-card has-background has-white-background-color\" href=\"https:\/\/www.elementlogic.net\/no\/losninger-og-tjenester\/static-storage\/\"><img loading=\"lazy\" decoding=\"async\" width=\"768\" height=\"512\" src=\"https:\/\/www.elementlogic.net\/content\/uploads\/sites\/10\/2026\/03\/Element_logic_FDS_Kalle_warehousev2-4-768x512.jpg\" class=\"\" alt=\"Static Storage Solutions\" \/>\t<div class=\"dekode-link-card__content\">\n\t\t\t\t<p class=\"dekode-link-card__title\">\n\t\t\tStatiske lagringsl\u00f8sninger\t\t<\/p>\n\t\t\t\t\t<p class=\"dekode-link-card__description\">Pallereoler, hyllesystemer og mesaniner som maksimerer plassen og holder lageret organisert.<\/p>\n\t\t\t<\/div>\n\t<\/a>\n\n<div class=\"wp-block-dekode-link-card has-background has-white-background-color\"><img loading=\"lazy\" decoding=\"async\" width=\"768\" height=\"497\" src=\"https:\/\/www.elementlogic.net\/content\/uploads\/sites\/10\/2026\/03\/SORTRAK-with-element-768x497-1.jpg\" class=\"\" alt=\"Sorteringssystemer\" \/>\t<div class=\"dekode-link-card__content\">\n\t\t\t\t<p class=\"dekode-link-card__title\">\n\t\t\tSorteringssystemer\t\t<\/p>\n\t\t\t\t\t<p class=\"dekode-link-card__description\">H\u00e5ndterer store volumer og ulike produkttyper med presisjon og p\u00e5litelighet.<\/p>\n\t\t\t<\/div>\n\t<\/div>\n\n<div class=\"wp-block-dekode-link-card has-background has-white-background-color\"><img loading=\"lazy\" decoding=\"async\" width=\"768\" height=\"497\" src=\"https:\/\/www.elementlogic.net\/content\/uploads\/sites\/10\/2026\/03\/SORTRAK.png\" class=\"\" alt=\"Merkesystemer\" \/>\t<div class=\"dekode-link-card__content\">\n\t\t\t\t<p class=\"dekode-link-card__title\">\n\t\t\tMerkesystemer\t\t<\/p>\n\t\t\t\t\t<p class=\"dekode-link-card__description\">Automatiserer merking av kartonger og pakker for \u00e5 sikre hastighet, sporbarhet og etterlevelse.<\/p>\n\t\t\t<\/div>\n\t<\/div>\n\n\t\t\t<\/div>\n\t\t<\/div>\n\n\n<div style=\"height:100px\" aria-hidden=\"true\" class=\"wp-block-spacer\"><\/div>\n\n\n\n\t\t<div style=\"--dekode-hero-dim:0.7; --t2-icon-fill:var(--wp--preset--color--white);\" class=\"alignfull dekode-hero-content-position-center has-media-background wp-block-dekode-hero has-text-color has-white-color\">\n\t\t\t\t\t<video\n\t\t\tautoplay\n\t\t\tloop\n\t\t\tmuted\n\t\t\tplaysinline\n\t\t\tposter=\"\"\n\t\t\tsrc=\"https:\/\/www.elementlogic.net\/content\/uploads\/2024\/07\/solutions-and-services.mp4\">\n\t\t<\/video>\n\t\t\n\t\t\t<div class=\"dekode-hero__content\">\n\t\t\t\t<div class=\"dekode-hero__container\">\n\t\t\t\t\t\n\n<h1 class=\"wp-block-heading\" id=\"h-neste-niva-av-automasjon\"><strong>Neste niv\u00e5 av automasjon<\/strong><\/h1>\n\n\n<p class=\"t2-ingress wp-block-t2-ingress\">Tenk nytt om mulighetene med neste generasjons automasjon. V\u00e5re l\u00f8sninger bruker banebrytende robotteknologi og intelligente styringssystemer for \u00e5 levere hastighet, presisjon og robusthet. Enten du utvider kapasiteten eller optimaliserer for toppbelastning, gir vi deg verkt\u00f8yene du trenger for \u00e5 fremtidssikre forsyningskjeden din.<\/p>\n\n\n<div class=\"wp-block-buttons is-layout-flex wp-block-buttons-is-layout-flex\">\n<div class=\"wp-block-button http:\/\/hs-cta-trigger-button hs-cta-trigger-button-195241208906\"><a class=\"wp-block-button__link wp-element-button\" href=\"https:\/\/www.elementlogic.net\/no\/book-gratis-konsultasjon\/\"><strong>K<\/strong>ontakt oss idag<\/a><\/div>\n<\/div>\n\n\n\t\t\t\t<\/div>\n\t\t\t<\/div>\n\t\t<\/div>\n\t\t","protected":false},"excerpt":{"rendered":"<p>Hva er et materialh\u00e5ndteringssystem? Et materialh\u00e5ndteringssystem er ryggraden i moderne logistikkoperasjoner. Det omfatter utstyr, programvare og prosesser som flytter varer [&hellip;]<\/p>\n","protected":false},"author":2,"featured_media":0,"parent":22048,"menu_order":0,"comment_status":"closed","ping_status":"closed","template":"","meta":{"hreflang_relation":0,"_el_cross_publish_source_blog_url":"","_el_cross_publish_source_blog_id":0,"_el_cross_publish_source_post_id":0,"_el_cross_publish_sync_state":"","exclude_from_search":false,"footnotes":""},"class_list":["post-22056","page","type-page","status-publish","hentry"],"yoast_head":"<!-- This site is optimized with the Yoast SEO Premium plugin v23.9 (Yoast SEO v23.9) - https:\/\/yoast.com\/wordpress\/plugins\/seo\/ -->\n<title>Materialh\u00e5ndtering | Element Logic Norway<\/title>\n<meta name=\"description\" content=\"Oppdag materialh\u00e5ndteringsl\u00f8sninger fra Element Logic som forbedrer flyt, n\u00f8yaktighet og skalerbarhet i hele lageret.\" \/>\n<meta name=\"robots\" content=\"index, follow, max-snippet:-1, max-image-preview:large, max-video-preview:-1\" \/>\n<link rel=\"canonical\" href=\"https:\/\/www.elementlogic.net\/no\/losninger-og-tjenester\/materialhandtering\/\" \/>\n<meta property=\"og:locale\" content=\"nb_NO\" \/>\n<meta property=\"og:type\" content=\"article\" \/>\n<meta property=\"og:title\" content=\"Materialh\u00e5ndtering\" \/>\n<meta property=\"og:description\" content=\"Oppdag materialh\u00e5ndteringsl\u00f8sninger fra Element Logic som forbedrer flyt, n\u00f8yaktighet og skalerbarhet i hele lageret.\" \/>\n<meta property=\"og:url\" content=\"https:\/\/www.elementlogic.net\/no\/losninger-og-tjenester\/materialhandtering\/\" \/>\n<meta property=\"og:site_name\" content=\"Element Logic Norway\" \/>\n<meta property=\"article:modified_time\" content=\"2026-03-26T12:50:08+00:00\" \/>\n<meta name=\"twitter:card\" content=\"summary_large_image\" \/>\n<meta name=\"twitter:label1\" content=\"Ansl. lesetid\" \/>\n\t<meta name=\"twitter:data1\" content=\"2 minutter\" \/>\n<script type=\"application\/ld+json\" class=\"yoast-schema-graph\">{\"@context\":\"https:\/\/schema.org\",\"@graph\":[{\"@type\":\"WebPage\",\"@id\":\"https:\/\/www.elementlogic.net\/no\/losninger-og-tjenester\/materialhandtering\/\",\"url\":\"https:\/\/www.elementlogic.net\/no\/losninger-og-tjenester\/materialhandtering\/\",\"name\":\"Materialh\u00e5ndtering | Element Logic Norway\",\"isPartOf\":{\"@id\":\"https:\/\/www.elementlogic.net\/no\/#website\"},\"datePublished\":\"2026-03-25T16:26:47+00:00\",\"dateModified\":\"2026-03-26T12:50:08+00:00\",\"description\":\"Oppdag materialh\u00e5ndteringsl\u00f8sninger fra Element Logic som forbedrer flyt, n\u00f8yaktighet og skalerbarhet i hele lageret.\",\"breadcrumb\":{\"@id\":\"https:\/\/www.elementlogic.net\/no\/losninger-og-tjenester\/materialhandtering\/#breadcrumb\"},\"inLanguage\":\"nb-NO\",\"potentialAction\":[{\"@type\":\"ReadAction\",\"target\":[\"https:\/\/www.elementlogic.net\/no\/losninger-og-tjenester\/materialhandtering\/\"]}]},{\"@type\":\"BreadcrumbList\",\"@id\":\"https:\/\/www.elementlogic.net\/no\/losninger-og-tjenester\/materialhandtering\/#breadcrumb\",\"itemListElement\":[{\"@type\":\"ListItem\",\"position\":1,\"name\":\"L\u00f8sninger og Tjenester\",\"item\":\"https:\/\/www.elementlogic.net\/no\/losninger-og-tjenester\/\"},{\"@type\":\"ListItem\",\"position\":2,\"name\":\"Materialh\u00e5ndtering\"}]},{\"@type\":\"WebSite\",\"@id\":\"https:\/\/www.elementlogic.net\/no\/#website\",\"url\":\"https:\/\/www.elementlogic.net\/no\/\",\"name\":\"Element Logic Norway\",\"description\":\"\",\"alternateName\":\"Element Logic\",\"potentialAction\":[{\"@type\":\"SearchAction\",\"target\":{\"@type\":\"EntryPoint\",\"urlTemplate\":\"https:\/\/www.elementlogic.net\/no\/?s={search_term_string}\"},\"query-input\":{\"@type\":\"PropertyValueSpecification\",\"valueRequired\":true,\"valueName\":\"search_term_string\"}}],\"inLanguage\":\"nb-NO\"}]}<\/script>\n<!-- \/ Yoast SEO Premium plugin. -->","yoast_head_json":{"title":"Materialh\u00e5ndtering | Element Logic Norway","description":"Oppdag materialh\u00e5ndteringsl\u00f8sninger fra Element Logic som forbedrer flyt, n\u00f8yaktighet og skalerbarhet i hele lageret.","robots":{"index":"index","follow":"follow","max-snippet":"max-snippet:-1","max-image-preview":"max-image-preview:large","max-video-preview":"max-video-preview:-1"},"canonical":"https:\/\/www.elementlogic.net\/no\/losninger-og-tjenester\/materialhandtering\/","og_locale":"nb_NO","og_type":"article","og_title":"Materialh\u00e5ndtering","og_description":"Oppdag materialh\u00e5ndteringsl\u00f8sninger fra Element Logic som forbedrer flyt, n\u00f8yaktighet og skalerbarhet i hele lageret.","og_url":"https:\/\/www.elementlogic.net\/no\/losninger-og-tjenester\/materialhandtering\/","og_site_name":"Element Logic Norway","article_modified_time":"2026-03-26T12:50:08+00:00","twitter_card":"summary_large_image","twitter_misc":{"Ansl. lesetid":"2 minutter"},"schema":{"@context":"https:\/\/schema.org","@graph":[{"@type":"WebPage","@id":"https:\/\/www.elementlogic.net\/no\/losninger-og-tjenester\/materialhandtering\/","url":"https:\/\/www.elementlogic.net\/no\/losninger-og-tjenester\/materialhandtering\/","name":"Materialh\u00e5ndtering | Element Logic Norway","isPartOf":{"@id":"https:\/\/www.elementlogic.net\/no\/#website"},"datePublished":"2026-03-25T16:26:47+00:00","dateModified":"2026-03-26T12:50:08+00:00","description":"Oppdag materialh\u00e5ndteringsl\u00f8sninger fra Element Logic som forbedrer flyt, n\u00f8yaktighet og skalerbarhet i hele lageret.","breadcrumb":{"@id":"https:\/\/www.elementlogic.net\/no\/losninger-og-tjenester\/materialhandtering\/#breadcrumb"},"inLanguage":"nb-NO","potentialAction":[{"@type":"ReadAction","target":["https:\/\/www.elementlogic.net\/no\/losninger-og-tjenester\/materialhandtering\/"]}]},{"@type":"BreadcrumbList","@id":"https:\/\/www.elementlogic.net\/no\/losninger-og-tjenester\/materialhandtering\/#breadcrumb","itemListElement":[{"@type":"ListItem","position":1,"name":"L\u00f8sninger og Tjenester","item":"https:\/\/www.elementlogic.net\/no\/losninger-og-tjenester\/"},{"@type":"ListItem","position":2,"name":"Materialh\u00e5ndtering"}]},{"@type":"WebSite","@id":"https:\/\/www.elementlogic.net\/no\/#website","url":"https:\/\/www.elementlogic.net\/no\/","name":"Element Logic Norway","description":"","alternateName":"Element Logic","potentialAction":[{"@type":"SearchAction","target":{"@type":"EntryPoint","urlTemplate":"https:\/\/www.elementlogic.net\/no\/?s={search_term_string}"},"query-input":{"@type":"PropertyValueSpecification","valueRequired":true,"valueName":"search_term_string"}}],"inLanguage":"nb-NO"}]}},"_links":{"self":[{"href":"https:\/\/www.elementlogic.net\/no\/wp-json\/wp\/v2\/pages\/22056"}],"collection":[{"href":"https:\/\/www.elementlogic.net\/no\/wp-json\/wp\/v2\/pages"}],"about":[{"href":"https:\/\/www.elementlogic.net\/no\/wp-json\/wp\/v2\/types\/page"}],"author":[{"embeddable":true,"href":"https:\/\/www.elementlogic.net\/no\/wp-json\/wp\/v2\/users\/2"}],"replies":[{"embeddable":true,"href":"https:\/\/www.elementlogic.net\/no\/wp-json\/wp\/v2\/comments?post=22056"}],"version-history":[{"count":5,"href":"https:\/\/www.elementlogic.net\/no\/wp-json\/wp\/v2\/pages\/22056\/revisions"}],"predecessor-version":[{"id":22774,"href":"https:\/\/www.elementlogic.net\/no\/wp-json\/wp\/v2\/pages\/22056\/revisions\/22774"}],"up":[{"embeddable":true,"href":"https:\/\/www.elementlogic.net\/no\/wp-json\/wp\/v2\/pages\/22048"}],"wp:attachment":[{"href":"https:\/\/www.elementlogic.net\/no\/wp-json\/wp\/v2\/media?parent=22056"}],"curies":[{"name":"wp","href":"https:\/\/api.w.org\/{rel}","templated":true}]}}