{"id":22068,"date":"2026-03-25T13:56:52","date_gmt":"2026-03-25T13:56:52","guid":{"rendered":"https:\/\/www.elementlogic.net\/no\/?page_id=22068"},"modified":"2026-03-26T09:31:28","modified_gmt":"2026-03-26T09:31:28","slug":"dagligvarer-pa-nett","status":"publish","type":"page","link":"https:\/\/www.elementlogic.net\/no\/bransjer\/dagligvarer-pa-nett\/","title":{"rendered":"Dagligvarer p\u00e5 nett"},"content":{"rendered":"\n\t\t<div style=\"--dekode-hero-dim:0.5; --t2-icon-fill:var(--wp--preset--color--white);\" class=\"alignfull dekode-hero-content-position-center has-media-background wp-block-dekode-hero has-text-color has-white-color\">\n\t\t\t<img loading=\"lazy\" decoding=\"async\" width=\"1024\" height=\"1024\" src=\"https:\/\/www.elementlogic.net\/content\/uploads\/sites\/10\/2026\/03\/egrocery-1.png\" class=\"dekode-hero__image\" alt=\"egrocery\" style=\"--focalpoint: 63% 74%;\" srcset=\"https:\/\/www.elementlogic.net\/content\/uploads\/sites\/10\/2026\/03\/egrocery-1.png 1024w, https:\/\/www.elementlogic.net\/content\/uploads\/sites\/10\/2026\/03\/egrocery-1-300x300.png 300w, https:\/\/www.elementlogic.net\/content\/uploads\/sites\/10\/2026\/03\/egrocery-1-150x150.png 150w, https:\/\/www.elementlogic.net\/content\/uploads\/sites\/10\/2026\/03\/egrocery-1-768x768.png 768w\" sizes=\"(max-width: 1024px) 100vw, 1024px\" \/>\n\t\t\t<div class=\"dekode-hero__content\">\n\t\t\t\t<div class=\"dekode-hero__container\">\n\t\t\t\t\t\n\n<p><\/p>\n\n\n\n<h1 class=\"wp-block-heading\" id=\"h-dagligvarer-pa-nett\">Dagligvarer p\u00e5 nett<\/h1>\n\n\n<p class=\"t2-ingress wp-block-t2-ingress\">Ferskt, raskt og fullt automatisert<\/p>\n\n\n<div class=\"wp-block-buttons is-layout-flex wp-block-buttons-is-layout-flex\">\n<div class=\"wp-block-button hs-cta-trigger-button hs-cta-trigger-button-195241208906 has-icon has-icon-theme_arrow\"><a class=\"wp-block-button__link wp-element-button\" href=\"https:\/\/www.elementlogic.net\/no\/book-gratis-konsultasjon\/\">Kontakt oss<svg xmlns=\"http:\/\/www.w3.org\/2000\/svg\" viewBox=\"0 0 24 24\" height=\"24\" width=\"24\" class=\"t2-icon t2-icon-theme_arrow\" aria-hidden=\"true\" focusable=\"false\"><path d=\"M16.627 12.75H5.25C5.03717 12.75 4.859 12.6782 4.7155 12.5345C4.57183 12.391 4.5 12.2128 4.5 12C4.5 11.7872 4.57183 11.609 4.7155 11.4655C4.859 11.3218 5.03717 11.25 5.25 11.25H16.627L11.4577 6.08076C11.3091 5.93209 11.2357 5.75809 11.2375 5.55876C11.2395 5.35942 11.318 5.18217 11.473 5.02701C11.6282 4.88217 11.8038 4.80717 12 4.80201C12.1962 4.79684 12.3718 4.87184 12.527 5.02701L18.8673 11.3673C18.9609 11.4609 19.0269 11.5597 19.0652 11.6635C19.1037 11.7673 19.123 11.8795 19.123 12C19.123 12.1205 19.1037 12.2327 19.0652 12.3365C19.0269 12.4403 18.9609 12.5391 18.8673 12.6328L12.527 18.973C12.3885 19.1115 12.217 19.1823 12.0125 19.1855C11.808 19.1887 11.6282 19.1178 11.473 18.973C11.318 18.8178 11.2405 18.6397 11.2405 18.4385C11.2405 18.2372 11.318 18.0589 11.473 17.9038L16.627 12.75Z\" fill=\"var(--t2-icon-fill, #000)\"\/><\/svg><\/a><\/div>\n<\/div>\n\n\n\t\t\t\t<\/div>\n\t\t\t<\/div>\n\t\t<\/div>\n\t\t\n\n<p class=\"t2-ingress wp-block-t2-ingress\">Innen dagligvarer p\u00e5 nett betyr sekunder og temperatur alt. Kundene forventer rask og n\u00f8yaktig levering av ferske, fryste og tempererte produkter &#8211; og de tolererer ikke feil. Med sv\u00e6rt sm\u00e5 marginer og h\u00f8y oml\u00f8pshastighet er effektivitet avgj\u00f8rende for suksess.<\/p>\n\n\n<p><\/p>\n\n\n\n<p>Element Logic hjelper e-grocerybedrifter med \u00e5 oppfylle ordre med hastighet, presisjon og temperaturkontroll. Med mer enn 40 \u00e5rs ekspertise innen intralogistikk designer vi automasjonssystemer som holder dagligvarer ferske, effektiviserer ordreflyten og reduserer driftskostnadene i tempererte, kj\u00f8lte og fryste milj\u00f8er.<\/p>\n\n\n\n<div class=\"wp-block-group has-global-padding is-layout-constrained wp-block-group-is-layout-constrained\">\n<h2 class=\"wp-block-heading wp-container-content-1\" id=\"h-utfordringer-i-e-grocery-fulfillment-nbsp\">Utfordringer i e-grocery fulfillment&nbsp;<\/h2>\n\n\n\n<ul class=\"wp-block-list\">\n<li>H\u00e5ndtere temperert, kj\u00f8lt og fryst lagring i \u00e9n og samme operasjon<\/li>\n\n\n\n<li>Opprettholde kort holdbarhet og strenge ferskhetskrav<\/li>\n\n\n\n<li>Oppfylle h\u00f8ye ordrevolumer med sm\u00e5, blandede handlekurver<\/li>\n\n\n\n<li>H\u00e5ndtere \u00f8kende arbeidskraftkostnader og utfordringer med \u00e5 beholde ansatte<\/li>\n\n\n\n<li>M\u00f8te kundenes ettersp\u00f8rsel etter levering samme dag og neste dag<\/li>\n<\/ul>\n<\/div>\n\n\n\n\t\t<div style=\"--dekode-hero-dim:0.5; --t2-icon-fill:var(--wp--preset--color--white);\" class=\"alignfull dekode-hero-content-position-center has-media-background wp-block-dekode-hero has-text-color has-white-color\">\n\t\t\t\t\t<video\n\t\t\tautoplay\n\t\t\tloop\n\t\t\tmuted\n\t\t\tplaysinline\n\t\t\tposter=\"\"\n\t\t\tsrc=\"https:\/\/www.elementlogic.net\/content\/uploads\/2024\/07\/solutions-and-services.mp4\">\n\t\t<\/video>\n\t\t\n\t\t\t<div class=\"dekode-hero__content\">\n\t\t\t\t<div class=\"dekode-hero__container\">\n\t\t\t\t\t\n\n<h2 class=\"wp-block-heading\" id=\"h-betrodd-av-ledende-e-groceryselskaper\">Betrodd av ledende e-groceryselskaper:<\/h2>\n\n\n\t\t\t\t<\/div>\n\t\t\t<\/div>\n\t\t<\/div>\n\t\t\n\n<div class=\"t2-featured-content-layout alignwide wp-block-t2-featured-content-layout\">\n<div class=\"t2-featured-query-post t2-featured-content is-post-type-case case_tax-dagligvarer-pa-nett wp-block-t2-featured-query-post t2-featured-content-layout-col-6\"><a class=\"t2-post-link wp-block-t2-post-link\" href=\"https:\/\/www.elementlogic.net\/no\/cases\/raskere-enn-noensinne-hvordan-automasjon-hjelper-knuspr-a-holde-sitt-kundelofte\/\">\n\t<div class=\"client-logo-image-wrapper\"><img loading=\"lazy\" decoding=\"async\" width=\"300\" height=\"141\" src=\"https:\/\/www.elementlogic.net\/content\/uploads\/sites\/10\/\/2024\/09\/knuspr.de_-1-300x141.png\" class=\"client-logo-image\" alt=\"\" \/><\/div>\n\t<figure style=\"--t2-focal-point: 50% 50%;\" class=\"t2-post-featured-image has-image-ratio-3-2 wp-block-t2-post-featured-image\"><img loading=\"lazy\" decoding=\"async\" width=\"2500\" height=\"1667\" src=\"https:\/\/www.elementlogic.net\/content\/uploads\/sites\/10\/\/2024\/09\/Element-logic_Robots.png\" class=\"attachment-post-thumbnail size-post-thumbnail wp-post-image\" alt=\"\" srcset=\"https:\/\/www.elementlogic.net\/content\/uploads\/sites\/10\/2024\/09\/Element-logic_Robots.png 2500w, https:\/\/www.elementlogic.net\/content\/uploads\/sites\/10\/2024\/09\/Element-logic_Robots-300x200.png 300w, https:\/\/www.elementlogic.net\/content\/uploads\/sites\/10\/2024\/09\/Element-logic_Robots-1024x683.png 1024w, https:\/\/www.elementlogic.net\/content\/uploads\/sites\/10\/2024\/09\/Element-logic_Robots-768x512.png 768w, https:\/\/www.elementlogic.net\/content\/uploads\/sites\/10\/2024\/09\/Element-logic_Robots-1536x1024.png 1536w, https:\/\/www.elementlogic.net\/content\/uploads\/sites\/10\/2024\/09\/Element-logic_Robots-2048x1366.png 2048w\" sizes=\"(max-width: 2500px) 100vw, 2500px\" \/><\/figure>\n\t\n<\/a>\n\n\t\t<div class=\"card-content wp-block-t2-wrapper\">\n\t<div class=\"wp-block-dekode-post-terms\"><span>Dagligvarer p\u00e5 nett<\/span><\/div>\n\t<h3 class=\"t2-post-title wp-block-t2-post-title\"><a href=\"https:\/\/www.elementlogic.net\/no\/cases\/raskere-enn-noensinne-hvordan-automasjon-hjelper-knuspr-a-holde-sitt-kundelofte\/\" target=\"_self\" >Raskere enn noensinne: Hvordan automasjon hjelper Knuspr \u00e5 holde sitt kundel\u00f8fte<\/a><\/h3>\n\t<div class=\"t2-post-excerpt wp-block-t2-post-excerpt\"><p>Knuspr er en del av Rohlik-gruppen med hovedkontor i Tsjekkia. Ved \u00e5 automatisere lageret sitt i M\u00fcnchen har Knuspr oppn\u00e5dd en tredobling i plukkproduktivitet, doblet sin generelle produktivitet og redusert investeringer med &laquo;pay pr pick&raquo; finansieringsmodell ved hjelp av r\u00e5dgivning og automasjon fra Element Logic.<\/p><\/div>\n<\/div>\n<\/div>\n\n\n<\/div>\n\n\n<div class=\"wp-block-buttons is-layout-flex wp-block-buttons-is-layout-flex\">\n<div class=\"wp-block-button\"><a class=\"wp-block-button__link wp-element-button\" href=\"https:\/\/www.elementlogic.net\/no\/cases\/\">Utforsk flere caser<\/a><\/div>\n<\/div>\n\n\n\n<div class=\"wp-block-group alignwide has-global-padding is-layout-constrained wp-block-group-is-layout-constrained\">\n<h2 class=\"wp-block-heading wp-container-content-2\" id=\"h-hvorfor-e-groceryselskaper-velger-element-logic\">Hvorfor e-groceryselskaper velger Element Logic<\/h2>\n\n\n\n<ul class=\"wp-block-list\">\n<li>Bevar ferskhet p\u00e5 tvers av tempererte, kj\u00f8lte og fryste lagringssoner<\/li>\n\n\n\n<li>Oppn\u00e5 hastighet og skalerbarhet for \u00e5 m\u00f8te leveringsl\u00f8fter<\/li>\n\n\n\n<li>Reduser driftskostnadene gjennom automasjon og arbeidseffektivitet<\/li>\n\n\n\n<li>Dra nytte av global ekspertise innen grocery- og kj\u00f8lekjedeautomasjon<\/li>\n<\/ul>\n<\/div>\n\n\n\n<div style=\"height:100px\" aria-hidden=\"true\" class=\"wp-block-spacer\"><\/div>\n\n\n\n\t\t<div style=\"--dekode-hero-dim:0.6; --t2-icon-fill:var(--wp--preset--color--white);\" class=\"alignfull dekode-hero-content-position-center has-media-background wp-block-dekode-hero has-text-color has-white-color\">\n\t\t\t<img loading=\"lazy\" decoding=\"async\" width=\"1024\" height=\"683\" src=\"https:\/\/www.elementlogic.net\/content\/uploads\/sites\/10\/2026\/03\/egrocery3-1-1024x683.png\" class=\"dekode-hero__image\" alt=\"egrocery\" style=\"--focalpoint: 75% 71%;\" srcset=\"https:\/\/www.elementlogic.net\/content\/uploads\/sites\/10\/2026\/03\/egrocery3-1-1024x683.png 1024w, https:\/\/www.elementlogic.net\/content\/uploads\/sites\/10\/2026\/03\/egrocery3-1-300x200.png 300w, https:\/\/www.elementlogic.net\/content\/uploads\/sites\/10\/2026\/03\/egrocery3-1-768x512.png 768w, https:\/\/www.elementlogic.net\/content\/uploads\/sites\/10\/2026\/03\/egrocery3-1.png 1536w\" sizes=\"(max-width: 1024px) 100vw, 1024px\" \/>\n\t\t\t<div class=\"dekode-hero__content\">\n\t\t\t\t<div class=\"dekode-hero__container\">\n\t\t\t\t\t\n\n<h1 class=\"wp-block-heading\" id=\"h-lever-ferskhet-i-stor-skala-med-lagerautomasjon\"><strong>Lever ferskhet i stor skala med lagerautomasjon.<\/strong><\/h1>\n\n\n\n<div class=\"wp-block-buttons is-layout-flex wp-block-buttons-is-layout-flex\">\n<div class=\"wp-block-button http:\/\/hs-cta-trigger-button hs-cta-trigger-button-195241208906\"><a class=\"wp-block-button__link wp-element-button\" href=\"https:\/\/www.elementlogic.net\/no\/book-gratis-konsultasjon\/\">Kontakt oss idag<\/a><\/div>\n<\/div>\n\n\n\t\t\t\t<\/div>\n\t\t\t<\/div>\n\t\t<\/div>\n\t\t\n\n\n<p><\/p>\n","protected":false},"excerpt":{"rendered":"<p>Element Logic hjelper e-grocerybedrifter med \u00e5 oppfylle ordre med hastighet, presisjon og temperaturkontroll. Med mer enn 40 \u00e5rs ekspertise innen [&hellip;]<\/p>\n","protected":false},"author":2,"featured_media":22437,"parent":22091,"menu_order":0,"comment_status":"closed","ping_status":"closed","template":"","meta":{"hreflang_relation":0,"_el_cross_publish_source_blog_url":"","_el_cross_publish_source_blog_id":0,"_el_cross_publish_source_post_id":0,"_el_cross_publish_sync_state":"","exclude_from_search":false,"footnotes":""},"class_list":["post-22068","page","type-page","status-publish","has-post-thumbnail","hentry"],"yoast_head":"<!-- This site is optimized with the Yoast SEO Premium plugin v23.9 (Yoast SEO v23.9) - https:\/\/yoast.com\/wordpress\/plugins\/seo\/ -->\n<title>Dagligvarer p\u00e5 nett | Element Logic Norway<\/title>\n<meta name=\"description\" content=\"Lagerautomasjon for e-grocery som sikrer ferskhet, rask levering og effektiv fulfillment i flere temperatursoner.\" \/>\n<meta name=\"robots\" content=\"index, follow, max-snippet:-1, max-image-preview:large, max-video-preview:-1\" \/>\n<link rel=\"canonical\" href=\"https:\/\/www.elementlogic.net\/no\/bransjer\/dagligvarer-pa-nett\/\" \/>\n<meta property=\"og:locale\" content=\"nb_NO\" \/>\n<meta property=\"og:type\" content=\"article\" \/>\n<meta property=\"og:title\" content=\"Dagligvarer p\u00e5 nett\" \/>\n<meta property=\"og:description\" content=\"Lagerautomasjon for e-grocery som sikrer ferskhet, rask levering og effektiv fulfillment i flere temperatursoner.\" \/>\n<meta property=\"og:url\" content=\"https:\/\/www.elementlogic.net\/no\/bransjer\/dagligvarer-pa-nett\/\" \/>\n<meta property=\"og:site_name\" content=\"Element Logic Norway\" \/>\n<meta property=\"article:modified_time\" content=\"2026-03-26T09:31:28+00:00\" \/>\n<meta property=\"og:image\" content=\"https:\/\/www.elementlogic.net\/content\/uploads\/sites\/10\/2026\/03\/Wholesale-Automation-5.png\" \/>\n\t<meta property=\"og:image:width\" content=\"1024\" \/>\n\t<meta property=\"og:image:height\" content=\"576\" \/>\n\t<meta property=\"og:image:type\" content=\"image\/png\" \/>\n<meta name=\"twitter:card\" content=\"summary_large_image\" \/>\n<meta name=\"twitter:label1\" content=\"Ansl. lesetid\" \/>\n\t<meta name=\"twitter:data1\" content=\"1 minutt\" \/>\n<script type=\"application\/ld+json\" class=\"yoast-schema-graph\">{\"@context\":\"https:\/\/schema.org\",\"@graph\":[{\"@type\":\"WebPage\",\"@id\":\"https:\/\/www.elementlogic.net\/no\/bransjer\/dagligvarer-pa-nett\/\",\"url\":\"https:\/\/www.elementlogic.net\/no\/bransjer\/dagligvarer-pa-nett\/\",\"name\":\"Dagligvarer p\u00e5 nett | Element Logic Norway\",\"isPartOf\":{\"@id\":\"https:\/\/www.elementlogic.net\/no\/#website\"},\"primaryImageOfPage\":{\"@id\":\"https:\/\/www.elementlogic.net\/no\/bransjer\/dagligvarer-pa-nett\/#primaryimage\"},\"image\":{\"@id\":\"https:\/\/www.elementlogic.net\/no\/bransjer\/dagligvarer-pa-nett\/#primaryimage\"},\"thumbnailUrl\":\"https:\/\/www.elementlogic.net\/content\/uploads\/sites\/10\/2026\/03\/Wholesale-Automation-5.png\",\"datePublished\":\"2026-03-25T13:56:52+00:00\",\"dateModified\":\"2026-03-26T09:31:28+00:00\",\"description\":\"Lagerautomasjon for e-grocery som sikrer ferskhet, rask levering og effektiv fulfillment i flere temperatursoner.\",\"breadcrumb\":{\"@id\":\"https:\/\/www.elementlogic.net\/no\/bransjer\/dagligvarer-pa-nett\/#breadcrumb\"},\"inLanguage\":\"nb-NO\",\"potentialAction\":[{\"@type\":\"ReadAction\",\"target\":[\"https:\/\/www.elementlogic.net\/no\/bransjer\/dagligvarer-pa-nett\/\"]}]},{\"@type\":\"ImageObject\",\"inLanguage\":\"nb-NO\",\"@id\":\"https:\/\/www.elementlogic.net\/no\/bransjer\/dagligvarer-pa-nett\/#primaryimage\",\"url\":\"https:\/\/www.elementlogic.net\/content\/uploads\/sites\/10\/2026\/03\/Wholesale-Automation-5.png\",\"contentUrl\":\"https:\/\/www.elementlogic.net\/content\/uploads\/sites\/10\/2026\/03\/Wholesale-Automation-5.png\",\"width\":1024,\"height\":576,\"caption\":\"Automasjon for Dagligvarer p\u00e5 nett\"},{\"@type\":\"BreadcrumbList\",\"@id\":\"https:\/\/www.elementlogic.net\/no\/bransjer\/dagligvarer-pa-nett\/#breadcrumb\",\"itemListElement\":[{\"@type\":\"ListItem\",\"position\":1,\"name\":\"Bransjer\",\"item\":\"https:\/\/www.elementlogic.net\/no\/bransjer\/\"},{\"@type\":\"ListItem\",\"position\":2,\"name\":\"Dagligvarer p\u00e5 nett\"}]},{\"@type\":\"WebSite\",\"@id\":\"https:\/\/www.elementlogic.net\/no\/#website\",\"url\":\"https:\/\/www.elementlogic.net\/no\/\",\"name\":\"Element Logic Norway\",\"description\":\"\",\"alternateName\":\"Element Logic\",\"potentialAction\":[{\"@type\":\"SearchAction\",\"target\":{\"@type\":\"EntryPoint\",\"urlTemplate\":\"https:\/\/www.elementlogic.net\/no\/?s={search_term_string}\"},\"query-input\":{\"@type\":\"PropertyValueSpecification\",\"valueRequired\":true,\"valueName\":\"search_term_string\"}}],\"inLanguage\":\"nb-NO\"}]}<\/script>\n<!-- \/ Yoast SEO Premium plugin. -->","yoast_head_json":{"title":"Dagligvarer p\u00e5 nett | Element Logic Norway","description":"Lagerautomasjon for e-grocery som sikrer ferskhet, rask levering og effektiv fulfillment i flere temperatursoner.","robots":{"index":"index","follow":"follow","max-snippet":"max-snippet:-1","max-image-preview":"max-image-preview:large","max-video-preview":"max-video-preview:-1"},"canonical":"https:\/\/www.elementlogic.net\/no\/bransjer\/dagligvarer-pa-nett\/","og_locale":"nb_NO","og_type":"article","og_title":"Dagligvarer p\u00e5 nett","og_description":"Lagerautomasjon for e-grocery som sikrer ferskhet, rask levering og effektiv fulfillment i flere temperatursoner.","og_url":"https:\/\/www.elementlogic.net\/no\/bransjer\/dagligvarer-pa-nett\/","og_site_name":"Element Logic Norway","article_modified_time":"2026-03-26T09:31:28+00:00","og_image":[{"width":1024,"height":576,"url":"https:\/\/www.elementlogic.net\/content\/uploads\/sites\/10\/2026\/03\/Wholesale-Automation-5.png","type":"image\/png"}],"twitter_card":"summary_large_image","twitter_misc":{"Ansl. lesetid":"1 minutt"},"schema":{"@context":"https:\/\/schema.org","@graph":[{"@type":"WebPage","@id":"https:\/\/www.elementlogic.net\/no\/bransjer\/dagligvarer-pa-nett\/","url":"https:\/\/www.elementlogic.net\/no\/bransjer\/dagligvarer-pa-nett\/","name":"Dagligvarer p\u00e5 nett | Element Logic Norway","isPartOf":{"@id":"https:\/\/www.elementlogic.net\/no\/#website"},"primaryImageOfPage":{"@id":"https:\/\/www.elementlogic.net\/no\/bransjer\/dagligvarer-pa-nett\/#primaryimage"},"image":{"@id":"https:\/\/www.elementlogic.net\/no\/bransjer\/dagligvarer-pa-nett\/#primaryimage"},"thumbnailUrl":"https:\/\/www.elementlogic.net\/content\/uploads\/sites\/10\/2026\/03\/Wholesale-Automation-5.png","datePublished":"2026-03-25T13:56:52+00:00","dateModified":"2026-03-26T09:31:28+00:00","description":"Lagerautomasjon for e-grocery som sikrer ferskhet, rask levering og effektiv fulfillment i flere temperatursoner.","breadcrumb":{"@id":"https:\/\/www.elementlogic.net\/no\/bransjer\/dagligvarer-pa-nett\/#breadcrumb"},"inLanguage":"nb-NO","potentialAction":[{"@type":"ReadAction","target":["https:\/\/www.elementlogic.net\/no\/bransjer\/dagligvarer-pa-nett\/"]}]},{"@type":"ImageObject","inLanguage":"nb-NO","@id":"https:\/\/www.elementlogic.net\/no\/bransjer\/dagligvarer-pa-nett\/#primaryimage","url":"https:\/\/www.elementlogic.net\/content\/uploads\/sites\/10\/2026\/03\/Wholesale-Automation-5.png","contentUrl":"https:\/\/www.elementlogic.net\/content\/uploads\/sites\/10\/2026\/03\/Wholesale-Automation-5.png","width":1024,"height":576,"caption":"Automasjon for Dagligvarer p\u00e5 nett"},{"@type":"BreadcrumbList","@id":"https:\/\/www.elementlogic.net\/no\/bransjer\/dagligvarer-pa-nett\/#breadcrumb","itemListElement":[{"@type":"ListItem","position":1,"name":"Bransjer","item":"https:\/\/www.elementlogic.net\/no\/bransjer\/"},{"@type":"ListItem","position":2,"name":"Dagligvarer p\u00e5 nett"}]},{"@type":"WebSite","@id":"https:\/\/www.elementlogic.net\/no\/#website","url":"https:\/\/www.elementlogic.net\/no\/","name":"Element Logic Norway","description":"","alternateName":"Element Logic","potentialAction":[{"@type":"SearchAction","target":{"@type":"EntryPoint","urlTemplate":"https:\/\/www.elementlogic.net\/no\/?s={search_term_string}"},"query-input":{"@type":"PropertyValueSpecification","valueRequired":true,"valueName":"search_term_string"}}],"inLanguage":"nb-NO"}]}},"_links":{"self":[{"href":"https:\/\/www.elementlogic.net\/no\/wp-json\/wp\/v2\/pages\/22068"}],"collection":[{"href":"https:\/\/www.elementlogic.net\/no\/wp-json\/wp\/v2\/pages"}],"about":[{"href":"https:\/\/www.elementlogic.net\/no\/wp-json\/wp\/v2\/types\/page"}],"author":[{"embeddable":true,"href":"https:\/\/www.elementlogic.net\/no\/wp-json\/wp\/v2\/users\/2"}],"replies":[{"embeddable":true,"href":"https:\/\/www.elementlogic.net\/no\/wp-json\/wp\/v2\/comments?post=22068"}],"version-history":[{"count":4,"href":"https:\/\/www.elementlogic.net\/no\/wp-json\/wp\/v2\/pages\/22068\/revisions"}],"predecessor-version":[{"id":22723,"href":"https:\/\/www.elementlogic.net\/no\/wp-json\/wp\/v2\/pages\/22068\/revisions\/22723"}],"up":[{"embeddable":true,"href":"https:\/\/www.elementlogic.net\/no\/wp-json\/wp\/v2\/pages\/22091"}],"wp:featuredmedia":[{"embeddable":true,"href":"https:\/\/www.elementlogic.net\/no\/wp-json\/wp\/v2\/media\/22437"}],"wp:attachment":[{"href":"https:\/\/www.elementlogic.net\/no\/wp-json\/wp\/v2\/media?parent=22068"}],"curies":[{"name":"wp","href":"https:\/\/api.w.org\/{rel}","templated":true}]}}