{"id":22070,"date":"2026-03-25T13:20:49","date_gmt":"2026-03-25T13:20:49","guid":{"rendered":"https:\/\/www.elementlogic.net\/no\/?page_id=22070"},"modified":"2026-03-26T09:30:53","modified_gmt":"2026-03-26T09:30:53","slug":"3pl","status":"publish","type":"page","link":"https:\/\/www.elementlogic.net\/no\/bransjer\/3pl\/","title":{"rendered":"3PL"},"content":{"rendered":"\n\t\t<div style=\"--dekode-hero-dim:0.5; --t2-icon-fill:var(--wp--preset--color--white);\" class=\"alignfull dekode-hero-content-position-center has-media-background wp-block-dekode-hero has-text-color has-white-color\">\n\t\t\t<img loading=\"lazy\" decoding=\"async\" width=\"1024\" height=\"1024\" src=\"https:\/\/www.elementlogic.net\/content\/uploads\/sites\/10\/2026\/03\/3pl-hub-1.png\" class=\"dekode-hero__image\" alt=\"3PL automasjon\" style=\"--focalpoint: 48% 51%;\" srcset=\"https:\/\/www.elementlogic.net\/content\/uploads\/sites\/10\/2026\/03\/3pl-hub-1.png 1024w, https:\/\/www.elementlogic.net\/content\/uploads\/sites\/10\/2026\/03\/3pl-hub-1-300x300.png 300w, https:\/\/www.elementlogic.net\/content\/uploads\/sites\/10\/2026\/03\/3pl-hub-1-150x150.png 150w, https:\/\/www.elementlogic.net\/content\/uploads\/sites\/10\/2026\/03\/3pl-hub-1-768x768.png 768w\" sizes=\"(max-width: 1024px) 100vw, 1024px\" \/>\n\t\t\t<div class=\"dekode-hero__content\">\n\t\t\t\t<div class=\"dekode-hero__container\">\n\t\t\t\t\t\n\n<p><\/p>\n\n\n\n<h1 class=\"wp-block-heading\" id=\"h-3pl-amp-logistikkleverandorer\"><strong>3PL &amp; logistikkleverand\u00f8rer<\/strong><\/h1>\n\n\n<p class=\"t2-ingress wp-block-t2-ingress\">Smartere automasjon for fleksibel fulfillment<\/p>\n\n\n<div class=\"wp-block-buttons is-layout-flex wp-block-buttons-is-layout-flex\">\n<div class=\"wp-block-button hs-cta-trigger-button hs-cta-trigger-button-195241208906 has-icon has-icon-theme_arrow\"><a class=\"wp-block-button__link wp-element-button\" href=\"https:\/\/www.elementlogic.net\/no\/book-gratis-konsultasjon\/\">Kontakt oss<svg xmlns=\"http:\/\/www.w3.org\/2000\/svg\" viewBox=\"0 0 24 24\" height=\"24\" width=\"24\" class=\"t2-icon t2-icon-theme_arrow\" aria-hidden=\"true\" focusable=\"false\"><path d=\"M16.627 12.75H5.25C5.03717 12.75 4.859 12.6782 4.7155 12.5345C4.57183 12.391 4.5 12.2128 4.5 12C4.5 11.7872 4.57183 11.609 4.7155 11.4655C4.859 11.3218 5.03717 11.25 5.25 11.25H16.627L11.4577 6.08076C11.3091 5.93209 11.2357 5.75809 11.2375 5.55876C11.2395 5.35942 11.318 5.18217 11.473 5.02701C11.6282 4.88217 11.8038 4.80717 12 4.80201C12.1962 4.79684 12.3718 4.87184 12.527 5.02701L18.8673 11.3673C18.9609 11.4609 19.0269 11.5597 19.0652 11.6635C19.1037 11.7673 19.123 11.8795 19.123 12C19.123 12.1205 19.1037 12.2327 19.0652 12.3365C19.0269 12.4403 18.9609 12.5391 18.8673 12.6328L12.527 18.973C12.3885 19.1115 12.217 19.1823 12.0125 19.1855C11.808 19.1887 11.6282 19.1178 11.473 18.973C11.318 18.8178 11.2405 18.6397 11.2405 18.4385C11.2405 18.2372 11.318 18.0589 11.473 17.9038L16.627 12.75Z\" fill=\"var(--t2-icon-fill, #000)\"\/><\/svg><\/a><\/div>\n<\/div>\n\n\n\t\t\t\t<\/div>\n\t\t\t<\/div>\n\t\t<\/div>\n\t\t\n\n<p class=\"t2-ingress wp-block-t2-ingress\">Som tredjepartslogistikkleverand\u00f8r (3PL) forventer kundene dine hastighet, n\u00f8yaktighet og skalerbarhet uten kompromisser. Enten det gjelder e-handel, varep\u00e5fylling til butikk eller B2B-distribusjon, leverer Element Logic automasjonsl\u00f8sninger som sikrer p\u00e5litelighet, fleksibilitet og effektivitet for hver kunde.\u00a0\u00a0<\/p>\n\n\n<p><\/p>\n\n\n\n<p>Med mer enn 40 \u00e5rs ekspertise innen intralogistikk hjelper vi 3PL-akt\u00f8rer med \u00e5 tilpasse seg raskt skiftende krav, redusere driftskostnader og bygge robuste fulfillment-operasjoner.<\/p>\n\n\n\n<div class=\"wp-block-group has-global-padding is-layout-constrained wp-block-group-is-layout-constrained\">\n<h2 class=\"wp-block-heading wp-container-content-1\" id=\"h-utfordringer-3pl-er-star-overfor\"><strong>Utfordringer 3PL-er st\u00e5r overfor<\/strong><\/h2>\n\n\n\n<ul class=\"wp-block-list\">\n<li>H\u00e5ndtere sesongtopper og uforutsigbar ettersp\u00f8rsel<\/li>\n\n\n\n<li>H\u00e5ndtere varierte produktportef\u00f8ljer for flere kunder<\/li>\n\n\n\n<li>H\u00e5ndtere \u00f8kende arbeidskraftkostnader og mangel p\u00e5 arbeidskraft<\/li>\n\n\n\n<li>M\u00f8te presset om raskere levering og h\u00f8yere n\u00f8yaktighet<\/li>\n\n\n\n<li>Levere skalerbare og fleksible l\u00f8sninger som m\u00f8ter kundenes forventninger<\/li>\n<\/ul>\n<\/div>\n\n\n\n\t\t<div style=\"--dekode-hero-dim:0.5; --t2-icon-fill:var(--wp--preset--color--white);\" class=\"alignfull dekode-hero-content-position-center has-media-background wp-block-dekode-hero has-text-color has-white-color\">\n\t\t\t\t\t<video\n\t\t\tautoplay\n\t\t\tloop\n\t\t\tmuted\n\t\t\tplaysinline\n\t\t\tposter=\"\"\n\t\t\tsrc=\"https:\/\/www.elementlogic.net\/content\/uploads\/2024\/07\/solutions-and-services.mp4\">\n\t\t<\/video>\n\t\t\n\t\t\t<div class=\"dekode-hero__content\">\n\t\t\t\t<div class=\"dekode-hero__container\">\n\t\t\t\t\t\n\n<h2 class=\"wp-block-heading\" id=\"h-betrodd-av-ledende-3pl-aktorer\">Betrodd av ledende 3PL-akt\u00f8rer:<\/h2>\n\n\n\t\t\t\t<\/div>\n\t\t\t<\/div>\n\t\t<\/div>\n\t\t\n\n<div class=\"t2-featured-content-layout alignwide wp-block-t2-featured-content-layout\">\n\n\n<div class=\"t2-featured-query-post t2-featured-content is-post-type-case case_tax-elektroniske-komponenter case_tax-retail case_tax-tredjepartslogistikk wp-block-t2-featured-query-post\"><a class=\"t2-post-link wp-block-t2-post-link\" href=\"https:\/\/www.elementlogic.net\/no\/cases\/sma-bedrifter-har-stor-nytte-av-et-automatisert-lager\/\">\n\t<div class=\"client-logo-image-wrapper\"><img loading=\"lazy\" decoding=\"async\" width=\"300\" height=\"101\" src=\"https:\/\/www.elementlogic.net\/content\/uploads\/sites\/10\/\/2024\/09\/logo-300x101.png\" class=\"client-logo-image\" alt=\"\" \/><\/div>\n\t<figure style=\"--t2-focal-point: 50% 50%;\" class=\"t2-post-featured-image has-image-ratio-3-2 wp-block-t2-post-featured-image\"><img loading=\"lazy\" decoding=\"async\" width=\"2560\" height=\"1615\" src=\"https:\/\/www.elementlogic.net\/content\/uploads\/sites\/10\/2024\/10\/Assist-5-scaled.jpg\" class=\"attachment-post-thumbnail size-post-thumbnail wp-post-image\" alt=\"\" srcset=\"https:\/\/www.elementlogic.net\/content\/uploads\/sites\/10\/2024\/10\/Assist-5-scaled.jpg 2560w, https:\/\/www.elementlogic.net\/content\/uploads\/sites\/10\/2024\/10\/Assist-5-300x189.jpg 300w, https:\/\/www.elementlogic.net\/content\/uploads\/sites\/10\/2024\/10\/Assist-5-1024x646.jpg 1024w, https:\/\/www.elementlogic.net\/content\/uploads\/sites\/10\/2024\/10\/Assist-5-768x484.jpg 768w, https:\/\/www.elementlogic.net\/content\/uploads\/sites\/10\/2024\/10\/Assist-5-1536x969.jpg 1536w, https:\/\/www.elementlogic.net\/content\/uploads\/sites\/10\/2024\/10\/Assist-5-2048x1292.jpg 2048w\" sizes=\"(max-width: 2560px) 100vw, 2560px\" \/><\/figure>\n\t\n<\/a>\n\n\t\t<div class=\"card-content wp-block-t2-wrapper\">\n\t<div class=\"wp-block-dekode-post-terms\"><span>Elektroniske komponenter<\/span><span>Retail<\/span><span>Tredjeparts-logistikk<\/span><\/div>\n\t<h3 class=\"t2-post-title wp-block-t2-post-title\"><a href=\"https:\/\/www.elementlogic.net\/no\/cases\/sma-bedrifter-har-stor-nytte-av-et-automatisert-lager\/\" target=\"_self\" >\u2013 Sm\u00e5 bedrifter har stor nytte av et automatisert lager<\/a><\/h3>\n\t<div class=\"t2-post-excerpt wp-block-t2-post-excerpt\"><p>Kontroll p\u00e5 varelageret og god plassutnyttelse er bare noen av fordelene du f\u00e5r med lagerautomasjon. Her kan du lese om hvordan Element Logic sine l\u00f8sninger har bidratt til bedre flyt hos et utvalg kunder.<\/p><\/div>\n<\/div>\n<\/div>\n\n<div class=\"t2-featured-query-post t2-featured-content is-post-type-case case_tax-tredjepartslogistikk wp-block-t2-featured-query-post\"><a class=\"t2-post-link wp-block-t2-post-link\" href=\"https:\/\/www.elementlogic.net\/no\/cases\/3pl-autostore-med-emanager-handterer-vekst-best\/\">\n\t<div class=\"client-logo-image-wrapper\"><img loading=\"lazy\" decoding=\"async\" width=\"299\" height=\"169\" src=\"https:\/\/www.elementlogic.net\/content\/uploads\/sites\/10\/\/2024\/09\/Logo-Colliflow.png\" class=\"client-logo-image\" alt=\"\" \/><\/div>\n\t<figure style=\"--t2-focal-point: 50% 50%;\" class=\"t2-post-featured-image has-image-ratio-3-2 wp-block-t2-post-featured-image\"><img loading=\"lazy\" decoding=\"async\" width=\"1500\" height=\"819\" src=\"https:\/\/www.elementlogic.net\/content\/uploads\/sites\/10\/\/2024\/09\/Colliflow_3PL_AutoStore_Element-Logic.jpg\" class=\"attachment-post-thumbnail size-post-thumbnail wp-post-image\" alt=\"\" srcset=\"https:\/\/www.elementlogic.net\/content\/uploads\/sites\/10\/2024\/09\/Colliflow_3PL_AutoStore_Element-Logic.jpg 1500w, https:\/\/www.elementlogic.net\/content\/uploads\/sites\/10\/2024\/09\/Colliflow_3PL_AutoStore_Element-Logic-300x164.jpg 300w, https:\/\/www.elementlogic.net\/content\/uploads\/sites\/10\/2024\/09\/Colliflow_3PL_AutoStore_Element-Logic-1024x559.jpg 1024w, https:\/\/www.elementlogic.net\/content\/uploads\/sites\/10\/2024\/09\/Colliflow_3PL_AutoStore_Element-Logic-768x419.jpg 768w\" sizes=\"(max-width: 1500px) 100vw, 1500px\" \/><\/figure>\n\t\n<\/a>\n\n\t\t<div class=\"card-content wp-block-t2-wrapper\">\n\t<div class=\"wp-block-dekode-post-terms\"><span>Tredjeparts-logistikk<\/span><\/div>\n\t<h3 class=\"t2-post-title wp-block-t2-post-title\"><a href=\"https:\/\/www.elementlogic.net\/no\/cases\/3pl-autostore-med-emanager-handterer-vekst-best\/\" target=\"_self\" >3PL: AutoStore med eManager h\u00e5ndterer vekst best<\/a><\/h3>\n\t<div class=\"t2-post-excerpt wp-block-t2-post-excerpt\"><p>Colliflow er en 3PL-bedrift som lagrer og sender ut varer for over 70 nettbutikker. Ett \u00e5r etter installasjonen av AutoStore-l\u00f8sningen levert av Element Logic planlegger de allerede en utvidelse av systemet.<\/p><\/div>\n<\/div>\n<\/div>\n<\/div>\n\n\n<div class=\"wp-block-buttons is-layout-flex wp-block-buttons-is-layout-flex\">\n<div class=\"wp-block-button\"><a class=\"wp-block-button__link wp-element-button\" href=\"https:\/\/www.elementlogic.net\/no\/cases\/\">Utforsk flere caser<\/a><\/div>\n<\/div>\n\n\n\n<div class=\"wp-block-group alignwide has-global-padding is-layout-constrained wp-block-group-is-layout-constrained\">\n<h2 class=\"wp-block-heading wp-container-content-2\" id=\"h-hvorfor-3pl-er-velger-element-logic\">Hvorfor 3PL-er velger Element Logic<\/h2>\n\n\n\n<ul class=\"wp-block-list\">\n<li>Skalerbare systemer som tilpasser seg svingende kundeettersp\u00f8rsel<\/li>\n\n\n\n<li>Rask ROI gjennom arbeidseffektivitet og operative besparelser<\/li>\n\n\n\n<li>Fremtidsrettet teknologi dokumentert p\u00e5 tvers av flere bransjer<\/li>\n\n\n\n<li>Global ekspertise levert med lokal st\u00f8tte<\/li>\n<\/ul>\n<\/div>\n\n\n\n<div style=\"height:100px;width:0px\" aria-hidden=\"true\" class=\"wp-block-spacer\"><\/div>\n\n\n\n\t\t<div style=\"--dekode-hero-dim:0.6; --t2-icon-fill:var(--wp--preset--color--white);\" class=\"alignfull dekode-hero-content-position-center has-media-background wp-block-dekode-hero has-text-color has-white-color\">\n\t\t\t<img loading=\"lazy\" decoding=\"async\" width=\"1024\" height=\"683\" src=\"https:\/\/www.elementlogic.net\/content\/uploads\/sites\/10\/2026\/03\/Fiege_1-3.jpg\" class=\"dekode-hero__image\" alt=\"3PL automasjon\" style=\"--focalpoint: 75% 71%;\" srcset=\"https:\/\/www.elementlogic.net\/content\/uploads\/sites\/10\/2026\/03\/Fiege_1-3.jpg 1024w, https:\/\/www.elementlogic.net\/content\/uploads\/sites\/10\/2026\/03\/Fiege_1-3-300x200.jpg 300w, https:\/\/www.elementlogic.net\/content\/uploads\/sites\/10\/2026\/03\/Fiege_1-3-768x512.jpg 768w\" sizes=\"(max-width: 1024px) 100vw, 1024px\" \/>\n\t\t\t<div class=\"dekode-hero__content\">\n\t\t\t\t<div class=\"dekode-hero__container\">\n\t\t\t\t\t\n\n<h1 class=\"wp-block-heading\" id=\"h-la-oss-hjelpe-deg-med-a-bygge-fremtidens-fulfillment-senter\"><strong>La oss hjelpe deg med \u00e5 bygge fremtidens fulfillment-senter.<\/strong><\/h1>\n\n\n\n<div class=\"wp-block-buttons is-layout-flex wp-block-buttons-is-layout-flex\">\n<div class=\"wp-block-button http:\/\/hs-cta-trigger-button hs-cta-trigger-button-195241208906\"><a class=\"wp-block-button__link wp-element-button\" href=\"https:\/\/www.elementlogic.net\/no\/book-gratis-konsultasjon\/\">Kontakt oss idag<\/a><\/div>\n<\/div>\n\n\n\t\t\t\t<\/div>\n\t\t\t<\/div>\n\t\t<\/div>\n\t\t","protected":false},"excerpt":{"rendered":"<p>Med mer enn 40 \u00e5rs ekspertise innen intralogistikk hjelper vi 3PL-akt\u00f8rer med \u00e5 tilpasse seg raskt skiftende krav, redusere driftskostnader [&hellip;]<\/p>\n","protected":false},"author":2,"featured_media":22475,"parent":22091,"menu_order":0,"comment_status":"closed","ping_status":"closed","template":"","meta":{"hreflang_relation":0,"_el_cross_publish_source_blog_url":"","_el_cross_publish_source_blog_id":0,"_el_cross_publish_source_post_id":0,"_el_cross_publish_sync_state":"","exclude_from_search":false,"footnotes":""},"class_list":["post-22070","page","type-page","status-publish","has-post-thumbnail","hentry"],"yoast_head":"<!-- This site is optimized with the Yoast SEO Premium plugin v23.9 (Yoast SEO v23.9) - https:\/\/yoast.com\/wordpress\/plugins\/seo\/ -->\n<title>3PL | Element Logic Norway<\/title>\n<meta name=\"description\" content=\"Automasjon for 3PL-er som vil m\u00f8te svingende ettersp\u00f8rsel med h\u00f8yere effektivitet, fleksibilitet og n\u00f8yaktighet.\" \/>\n<meta name=\"robots\" content=\"index, follow, max-snippet:-1, max-image-preview:large, max-video-preview:-1\" \/>\n<link rel=\"canonical\" href=\"https:\/\/www.elementlogic.net\/no\/bransjer\/3pl\/\" \/>\n<meta property=\"og:locale\" content=\"nb_NO\" \/>\n<meta property=\"og:type\" content=\"article\" \/>\n<meta property=\"og:title\" content=\"3PL\" \/>\n<meta property=\"og:description\" content=\"Automasjon for 3PL-er som vil m\u00f8te svingende ettersp\u00f8rsel med h\u00f8yere effektivitet, fleksibilitet og n\u00f8yaktighet.\" \/>\n<meta property=\"og:url\" content=\"https:\/\/www.elementlogic.net\/no\/bransjer\/3pl\/\" \/>\n<meta property=\"og:site_name\" content=\"Element Logic Norway\" \/>\n<meta property=\"article:modified_time\" content=\"2026-03-26T09:30:53+00:00\" \/>\n<meta property=\"og:image\" content=\"https:\/\/www.elementlogic.net\/content\/uploads\/sites\/10\/2026\/03\/Wholesale-Automation-3-1.png\" \/>\n\t<meta property=\"og:image:width\" content=\"1024\" \/>\n\t<meta property=\"og:image:height\" content=\"576\" \/>\n\t<meta property=\"og:image:type\" content=\"image\/png\" \/>\n<meta name=\"twitter:card\" content=\"summary_large_image\" \/>\n<meta name=\"twitter:label1\" content=\"Ansl. lesetid\" \/>\n\t<meta name=\"twitter:data1\" content=\"1 minutt\" \/>\n<script type=\"application\/ld+json\" class=\"yoast-schema-graph\">{\"@context\":\"https:\/\/schema.org\",\"@graph\":[{\"@type\":\"WebPage\",\"@id\":\"https:\/\/www.elementlogic.net\/no\/bransjer\/3pl\/\",\"url\":\"https:\/\/www.elementlogic.net\/no\/bransjer\/3pl\/\",\"name\":\"3PL | Element Logic Norway\",\"isPartOf\":{\"@id\":\"https:\/\/www.elementlogic.net\/no\/#website\"},\"primaryImageOfPage\":{\"@id\":\"https:\/\/www.elementlogic.net\/no\/bransjer\/3pl\/#primaryimage\"},\"image\":{\"@id\":\"https:\/\/www.elementlogic.net\/no\/bransjer\/3pl\/#primaryimage\"},\"thumbnailUrl\":\"https:\/\/www.elementlogic.net\/content\/uploads\/sites\/10\/2026\/03\/Wholesale-Automation-3-1.png\",\"datePublished\":\"2026-03-25T13:20:49+00:00\",\"dateModified\":\"2026-03-26T09:30:53+00:00\",\"description\":\"Automasjon for 3PL-er som vil m\u00f8te svingende ettersp\u00f8rsel med h\u00f8yere effektivitet, fleksibilitet og n\u00f8yaktighet.\",\"breadcrumb\":{\"@id\":\"https:\/\/www.elementlogic.net\/no\/bransjer\/3pl\/#breadcrumb\"},\"inLanguage\":\"nb-NO\",\"potentialAction\":[{\"@type\":\"ReadAction\",\"target\":[\"https:\/\/www.elementlogic.net\/no\/bransjer\/3pl\/\"]}]},{\"@type\":\"ImageObject\",\"inLanguage\":\"nb-NO\",\"@id\":\"https:\/\/www.elementlogic.net\/no\/bransjer\/3pl\/#primaryimage\",\"url\":\"https:\/\/www.elementlogic.net\/content\/uploads\/sites\/10\/2026\/03\/Wholesale-Automation-3-1.png\",\"contentUrl\":\"https:\/\/www.elementlogic.net\/content\/uploads\/sites\/10\/2026\/03\/Wholesale-Automation-3-1.png\",\"width\":1024,\"height\":576,\"caption\":\"3PL\"},{\"@type\":\"BreadcrumbList\",\"@id\":\"https:\/\/www.elementlogic.net\/no\/bransjer\/3pl\/#breadcrumb\",\"itemListElement\":[{\"@type\":\"ListItem\",\"position\":1,\"name\":\"Bransjer\",\"item\":\"https:\/\/www.elementlogic.net\/no\/bransjer\/\"},{\"@type\":\"ListItem\",\"position\":2,\"name\":\"3PL\"}]},{\"@type\":\"WebSite\",\"@id\":\"https:\/\/www.elementlogic.net\/no\/#website\",\"url\":\"https:\/\/www.elementlogic.net\/no\/\",\"name\":\"Element Logic Norway\",\"description\":\"\",\"alternateName\":\"Element Logic\",\"potentialAction\":[{\"@type\":\"SearchAction\",\"target\":{\"@type\":\"EntryPoint\",\"urlTemplate\":\"https:\/\/www.elementlogic.net\/no\/?s={search_term_string}\"},\"query-input\":{\"@type\":\"PropertyValueSpecification\",\"valueRequired\":true,\"valueName\":\"search_term_string\"}}],\"inLanguage\":\"nb-NO\"}]}<\/script>\n<!-- \/ Yoast SEO Premium plugin. -->","yoast_head_json":{"title":"3PL | Element Logic Norway","description":"Automasjon for 3PL-er som vil m\u00f8te svingende ettersp\u00f8rsel med h\u00f8yere effektivitet, fleksibilitet og n\u00f8yaktighet.","robots":{"index":"index","follow":"follow","max-snippet":"max-snippet:-1","max-image-preview":"max-image-preview:large","max-video-preview":"max-video-preview:-1"},"canonical":"https:\/\/www.elementlogic.net\/no\/bransjer\/3pl\/","og_locale":"nb_NO","og_type":"article","og_title":"3PL","og_description":"Automasjon for 3PL-er som vil m\u00f8te svingende ettersp\u00f8rsel med h\u00f8yere effektivitet, fleksibilitet og n\u00f8yaktighet.","og_url":"https:\/\/www.elementlogic.net\/no\/bransjer\/3pl\/","og_site_name":"Element Logic Norway","article_modified_time":"2026-03-26T09:30:53+00:00","og_image":[{"width":1024,"height":576,"url":"https:\/\/www.elementlogic.net\/content\/uploads\/sites\/10\/2026\/03\/Wholesale-Automation-3-1.png","type":"image\/png"}],"twitter_card":"summary_large_image","twitter_misc":{"Ansl. lesetid":"1 minutt"},"schema":{"@context":"https:\/\/schema.org","@graph":[{"@type":"WebPage","@id":"https:\/\/www.elementlogic.net\/no\/bransjer\/3pl\/","url":"https:\/\/www.elementlogic.net\/no\/bransjer\/3pl\/","name":"3PL | Element Logic Norway","isPartOf":{"@id":"https:\/\/www.elementlogic.net\/no\/#website"},"primaryImageOfPage":{"@id":"https:\/\/www.elementlogic.net\/no\/bransjer\/3pl\/#primaryimage"},"image":{"@id":"https:\/\/www.elementlogic.net\/no\/bransjer\/3pl\/#primaryimage"},"thumbnailUrl":"https:\/\/www.elementlogic.net\/content\/uploads\/sites\/10\/2026\/03\/Wholesale-Automation-3-1.png","datePublished":"2026-03-25T13:20:49+00:00","dateModified":"2026-03-26T09:30:53+00:00","description":"Automasjon for 3PL-er som vil m\u00f8te svingende ettersp\u00f8rsel med h\u00f8yere effektivitet, fleksibilitet og n\u00f8yaktighet.","breadcrumb":{"@id":"https:\/\/www.elementlogic.net\/no\/bransjer\/3pl\/#breadcrumb"},"inLanguage":"nb-NO","potentialAction":[{"@type":"ReadAction","target":["https:\/\/www.elementlogic.net\/no\/bransjer\/3pl\/"]}]},{"@type":"ImageObject","inLanguage":"nb-NO","@id":"https:\/\/www.elementlogic.net\/no\/bransjer\/3pl\/#primaryimage","url":"https:\/\/www.elementlogic.net\/content\/uploads\/sites\/10\/2026\/03\/Wholesale-Automation-3-1.png","contentUrl":"https:\/\/www.elementlogic.net\/content\/uploads\/sites\/10\/2026\/03\/Wholesale-Automation-3-1.png","width":1024,"height":576,"caption":"3PL"},{"@type":"BreadcrumbList","@id":"https:\/\/www.elementlogic.net\/no\/bransjer\/3pl\/#breadcrumb","itemListElement":[{"@type":"ListItem","position":1,"name":"Bransjer","item":"https:\/\/www.elementlogic.net\/no\/bransjer\/"},{"@type":"ListItem","position":2,"name":"3PL"}]},{"@type":"WebSite","@id":"https:\/\/www.elementlogic.net\/no\/#website","url":"https:\/\/www.elementlogic.net\/no\/","name":"Element Logic Norway","description":"","alternateName":"Element Logic","potentialAction":[{"@type":"SearchAction","target":{"@type":"EntryPoint","urlTemplate":"https:\/\/www.elementlogic.net\/no\/?s={search_term_string}"},"query-input":{"@type":"PropertyValueSpecification","valueRequired":true,"valueName":"search_term_string"}}],"inLanguage":"nb-NO"}]}},"_links":{"self":[{"href":"https:\/\/www.elementlogic.net\/no\/wp-json\/wp\/v2\/pages\/22070"}],"collection":[{"href":"https:\/\/www.elementlogic.net\/no\/wp-json\/wp\/v2\/pages"}],"about":[{"href":"https:\/\/www.elementlogic.net\/no\/wp-json\/wp\/v2\/types\/page"}],"author":[{"embeddable":true,"href":"https:\/\/www.elementlogic.net\/no\/wp-json\/wp\/v2\/users\/2"}],"replies":[{"embeddable":true,"href":"https:\/\/www.elementlogic.net\/no\/wp-json\/wp\/v2\/comments?post=22070"}],"version-history":[{"count":4,"href":"https:\/\/www.elementlogic.net\/no\/wp-json\/wp\/v2\/pages\/22070\/revisions"}],"predecessor-version":[{"id":22722,"href":"https:\/\/www.elementlogic.net\/no\/wp-json\/wp\/v2\/pages\/22070\/revisions\/22722"}],"up":[{"embeddable":true,"href":"https:\/\/www.elementlogic.net\/no\/wp-json\/wp\/v2\/pages\/22091"}],"wp:featuredmedia":[{"embeddable":true,"href":"https:\/\/www.elementlogic.net\/no\/wp-json\/wp\/v2\/media\/22475"}],"wp:attachment":[{"href":"https:\/\/www.elementlogic.net\/no\/wp-json\/wp\/v2\/media?parent=22070"}],"curies":[{"name":"wp","href":"https:\/\/api.w.org\/{rel}","templated":true}]}}