{"id":22072,"date":"2026-03-25T13:30:11","date_gmt":"2026-03-25T13:30:11","guid":{"rendered":"https:\/\/www.elementlogic.net\/no\/?page_id=22072"},"modified":"2026-03-26T09:33:32","modified_gmt":"2026-03-26T09:33:32","slug":"elektroniske-komponenter","status":"publish","type":"page","link":"https:\/\/www.elementlogic.net\/no\/bransjer\/elektroniske-komponenter\/","title":{"rendered":"Elektroniske komponenter"},"content":{"rendered":"\n\t\t<div style=\"--dekode-hero-dim:0.5; --t2-icon-fill:var(--wp--preset--color--white);\" class=\"alignfull dekode-hero-content-position-center has-media-background wp-block-dekode-hero has-text-color has-white-color\">\n\t\t\t<img loading=\"lazy\" decoding=\"async\" width=\"1024\" height=\"1024\" src=\"https:\/\/www.elementlogic.net\/content\/uploads\/sites\/10\/2026\/03\/Gemini_Generated_Image_4f2zeb4f2zeb4f2z-1.png\" class=\"dekode-hero__image\" alt=\"electronic components\" style=\"--focalpoint: 50% 34%;\" srcset=\"https:\/\/www.elementlogic.net\/content\/uploads\/sites\/10\/2026\/03\/Gemini_Generated_Image_4f2zeb4f2zeb4f2z-1.png 1024w, https:\/\/www.elementlogic.net\/content\/uploads\/sites\/10\/2026\/03\/Gemini_Generated_Image_4f2zeb4f2zeb4f2z-1-300x300.png 300w, https:\/\/www.elementlogic.net\/content\/uploads\/sites\/10\/2026\/03\/Gemini_Generated_Image_4f2zeb4f2zeb4f2z-1-150x150.png 150w, https:\/\/www.elementlogic.net\/content\/uploads\/sites\/10\/2026\/03\/Gemini_Generated_Image_4f2zeb4f2zeb4f2z-1-768x768.png 768w\" sizes=\"(max-width: 1024px) 100vw, 1024px\" \/>\n\t\t\t<div class=\"dekode-hero__content\">\n\t\t\t\t<div class=\"dekode-hero__container\">\n\t\t\t\t\t\n\n<p><\/p>\n\n\n\n<h1 class=\"wp-block-heading\" id=\"h-elektroniske-komponenter\">Elektroniske komponenter<\/h1>\n\n\n<p class=\"t2-ingress wp-block-t2-ingress\">Presisjon, hastighet og nulltoleranse for feil<\/p>\n\n\n<div class=\"wp-block-buttons is-layout-flex wp-block-buttons-is-layout-flex\">\n<div class=\"wp-block-button hs-cta-trigger-button hs-cta-trigger-button-195241208906 has-icon has-icon-theme_arrow\"><a class=\"wp-block-button__link wp-element-button\" href=\"https:\/\/www.elementlogic.net\/no\/book-gratis-konsultasjon\/\">Kontakt oss<svg xmlns=\"http:\/\/www.w3.org\/2000\/svg\" viewBox=\"0 0 24 24\" height=\"24\" width=\"24\" class=\"t2-icon t2-icon-theme_arrow\" aria-hidden=\"true\" focusable=\"false\"><path d=\"M16.627 12.75H5.25C5.03717 12.75 4.859 12.6782 4.7155 12.5345C4.57183 12.391 4.5 12.2128 4.5 12C4.5 11.7872 4.57183 11.609 4.7155 11.4655C4.859 11.3218 5.03717 11.25 5.25 11.25H16.627L11.4577 6.08076C11.3091 5.93209 11.2357 5.75809 11.2375 5.55876C11.2395 5.35942 11.318 5.18217 11.473 5.02701C11.6282 4.88217 11.8038 4.80717 12 4.80201C12.1962 4.79684 12.3718 4.87184 12.527 5.02701L18.8673 11.3673C18.9609 11.4609 19.0269 11.5597 19.0652 11.6635C19.1037 11.7673 19.123 11.8795 19.123 12C19.123 12.1205 19.1037 12.2327 19.0652 12.3365C19.0269 12.4403 18.9609 12.5391 18.8673 12.6328L12.527 18.973C12.3885 19.1115 12.217 19.1823 12.0125 19.1855C11.808 19.1887 11.6282 19.1178 11.473 18.973C11.318 18.8178 11.2405 18.6397 11.2405 18.4385C11.2405 18.2372 11.318 18.0589 11.473 17.9038L16.627 12.75Z\" fill=\"var(--t2-icon-fill, #000)\"\/><\/svg><\/a><\/div>\n<\/div>\n\n\n\t\t\t\t<\/div>\n\t\t\t<\/div>\n\t\t<\/div>\n\t\t\n\n<p class=\"t2-ingress wp-block-t2-ingress\">Innen elektroniske komponenter er presisjon ikke forhandlingsbart. Kundene forventer feilfri n\u00f8yaktighet, rask fulfillment og sikker h\u00e5ndtering av sensitive komponenter med h\u00f8y verdi. Feil eller forsinkelser kan forstyrre hele forsyningskjeder, spesielt i bransjer som bilindustri, luftfart og forbrukerelektronikk.<\/p>\n\n\n<p>Element Logic hjelper elektronikksdistribut\u00f8rer og produsenter med \u00e5 forbedre n\u00f8yaktigheten, redusere arbeidskraftkostnadene og beskytte produktintegriteten med automasjon utviklet for milj\u00f8er med h\u00f8yt volum og mange SKU-er. Med over 40 \u00e5rs ekspertise innen intralogistikk leverer vi l\u00f8sninger som holder kritiske komponenter i bevegelse uten kompromisser.<\/p>\n\n\n\n<div class=\"wp-block-group has-global-padding is-layout-constrained wp-block-group-is-layout-constrained\">\n<h2 class=\"wp-block-heading wp-container-content-1\" id=\"h-utfordringer-i-logistikk-for-elektroniske-komponenter\">Utfordringer i logistikk for elektroniske komponenter<\/h2>\n\n\n\n<ul class=\"wp-block-list\">\n<li>H\u00e5ndtere omfattende SKU-kataloger med sm\u00e5 komponenter med h\u00f8y verdi<\/li>\n\n\n\n<li>Opprettholde strenge krav til n\u00f8yaktighet og sporbarhet<\/li>\n\n\n\n<li>Redusere h\u00f8ye arbeidskraftkostnader knyttet til repetitiv manuell plukking<\/li>\n\n\n\n<li>Minimere risikoen for skade under h\u00e5ndtering og transport<\/li>\n\n\n\n<li>M\u00f8te just-in-time-planer for produksjon og levering<\/li>\n<\/ul>\n<\/div>\n\n\n\n\t\t<div style=\"--dekode-hero-dim:0.5; --t2-icon-fill:var(--wp--preset--color--white);\" class=\"alignfull dekode-hero-content-position-center has-media-background wp-block-dekode-hero has-text-color has-white-color\">\n\t\t\t\t\t<video\n\t\t\tautoplay\n\t\t\tloop\n\t\t\tmuted\n\t\t\tplaysinline\n\t\t\tposter=\"\"\n\t\t\tsrc=\"https:\/\/www.elementlogic.net\/content\/uploads\/2024\/07\/solutions-and-services.mp4\">\n\t\t<\/video>\n\t\t\n\t\t\t<div class=\"dekode-hero__content\">\n\t\t\t\t<div class=\"dekode-hero__container\">\n\t\t\t\t\t\n\n<h2 class=\"wp-block-heading\" id=\"h-betrodd-av-ledende-elektronikkbedrifter\">Betrodd av ledende elektronikkbedrifter:<\/h2>\n\n\n\t\t\t\t<\/div>\n\t\t\t<\/div>\n\t\t<\/div>\n\t\t\n\n<div class=\"t2-featured-content-layout alignwide wp-block-t2-featured-content-layout\">\n<div class=\"t2-featured-query-post t2-featured-content is-post-type-case case_tax-elektroniske-komponenter case_tax-retail case_tax-tredjepartslogistikk wp-block-t2-featured-query-post\"><a class=\"t2-post-link wp-block-t2-post-link\" href=\"https:\/\/www.elementlogic.net\/no\/cases\/sma-bedrifter-har-stor-nytte-av-et-automatisert-lager\/\">\n\t<div class=\"client-logo-image-wrapper\"><img loading=\"lazy\" decoding=\"async\" width=\"300\" height=\"101\" src=\"https:\/\/www.elementlogic.net\/content\/uploads\/sites\/10\/\/2024\/09\/logo-300x101.png\" class=\"client-logo-image\" alt=\"\" \/><\/div>\n\t<figure style=\"--t2-focal-point: 50% 50%;\" class=\"t2-post-featured-image has-image-ratio-3-2 wp-block-t2-post-featured-image\"><img loading=\"lazy\" decoding=\"async\" width=\"2560\" height=\"1615\" src=\"https:\/\/www.elementlogic.net\/content\/uploads\/sites\/10\/2024\/10\/Assist-5-scaled.jpg\" class=\"attachment-post-thumbnail size-post-thumbnail wp-post-image\" alt=\"\" srcset=\"https:\/\/www.elementlogic.net\/content\/uploads\/sites\/10\/2024\/10\/Assist-5-scaled.jpg 2560w, https:\/\/www.elementlogic.net\/content\/uploads\/sites\/10\/2024\/10\/Assist-5-300x189.jpg 300w, https:\/\/www.elementlogic.net\/content\/uploads\/sites\/10\/2024\/10\/Assist-5-1024x646.jpg 1024w, https:\/\/www.elementlogic.net\/content\/uploads\/sites\/10\/2024\/10\/Assist-5-768x484.jpg 768w, https:\/\/www.elementlogic.net\/content\/uploads\/sites\/10\/2024\/10\/Assist-5-1536x969.jpg 1536w, https:\/\/www.elementlogic.net\/content\/uploads\/sites\/10\/2024\/10\/Assist-5-2048x1292.jpg 2048w\" sizes=\"(max-width: 2560px) 100vw, 2560px\" \/><\/figure>\n\t\n<\/a>\n\n\t\t<div class=\"card-content wp-block-t2-wrapper\">\n\t<div class=\"wp-block-dekode-post-terms\"><span>Elektroniske komponenter<\/span><span>Retail<\/span><span>Tredjeparts-logistikk<\/span><\/div>\n\t<h3 class=\"t2-post-title wp-block-t2-post-title\"><a href=\"https:\/\/www.elementlogic.net\/no\/cases\/sma-bedrifter-har-stor-nytte-av-et-automatisert-lager\/\" target=\"_self\" >\u2013 Sm\u00e5 bedrifter har stor nytte av et automatisert lager<\/a><\/h3>\n\t<div class=\"t2-post-excerpt wp-block-t2-post-excerpt\"><p>Kontroll p\u00e5 varelageret og god plassutnyttelse er bare noen av fordelene du f\u00e5r med lagerautomasjon. Her kan du lese om hvordan Element Logic sine l\u00f8sninger har bidratt til bedre flyt hos et utvalg kunder.<\/p><\/div>\n<\/div>\n<\/div>\n\n<div class=\"t2-featured-query-post t2-featured-content is-post-type-case case_tax-elektroniske-komponenter wp-block-t2-featured-query-post\"><a class=\"t2-post-link wp-block-t2-post-link\" href=\"https:\/\/www.elementlogic.net\/no\/cases\/robotarm-koblet-til-autostore-hos-solar\/\">\n\t<div class=\"client-logo-image-wrapper\"><img loading=\"lazy\" decoding=\"async\" width=\"300\" height=\"270\" src=\"https:\/\/www.elementlogic.net\/content\/uploads\/sites\/10\/\/2024\/09\/solar-logo-300x270.jpg\" class=\"client-logo-image\" alt=\"\" \/><\/div>\n\t<figure style=\"--t2-focal-point: 50% 50%;\" class=\"t2-post-featured-image has-image-ratio-3-2 wp-block-t2-post-featured-image\"><img loading=\"lazy\" decoding=\"async\" width=\"1500\" height=\"1000\" src=\"https:\/\/www.elementlogic.net\/content\/uploads\/sites\/10\/\/2024\/09\/EL_Solar_eOperator_robot.jpg\" class=\"attachment-post-thumbnail size-post-thumbnail wp-post-image\" alt=\"\" srcset=\"https:\/\/www.elementlogic.net\/content\/uploads\/sites\/10\/2024\/09\/EL_Solar_eOperator_robot.jpg 1500w, https:\/\/www.elementlogic.net\/content\/uploads\/sites\/10\/2024\/09\/EL_Solar_eOperator_robot-300x200.jpg 300w, https:\/\/www.elementlogic.net\/content\/uploads\/sites\/10\/2024\/09\/EL_Solar_eOperator_robot-1024x683.jpg 1024w, https:\/\/www.elementlogic.net\/content\/uploads\/sites\/10\/2024\/09\/EL_Solar_eOperator_robot-768x512.jpg 768w\" sizes=\"(max-width: 1500px) 100vw, 1500px\" \/><\/figure>\n\t\n<\/a>\n\n\t\t<div class=\"card-content wp-block-t2-wrapper\">\n\t<div class=\"wp-block-dekode-post-terms\"><span>Elektroniske komponenter<\/span><\/div>\n\t<h3 class=\"t2-post-title wp-block-t2-post-title\"><a href=\"https:\/\/www.elementlogic.net\/no\/cases\/robotarm-koblet-til-autostore-hos-solar\/\" target=\"_self\" >Robotarm koblet til AutoStore hos Solar<\/a><\/h3>\n\t<div class=\"t2-post-excerpt wp-block-t2-post-excerpt\"><p>Plukkeffektiviteten til Solar \u00f8kte drastisk etter implementeringen av AutoStore i 2018. N\u00e5 er de v\u00e5r f\u00f8rste kunde som ogs\u00e5 kobler den robotiserte plukkteknologien, eOperator, til produksjonen.<\/p><\/div>\n<\/div>\n<\/div>\n\n<div class=\"t2-featured-query-post t2-featured-content is-post-type-case case_tax-elektroniske-komponenter wp-block-t2-featured-query-post\"><a class=\"t2-post-link wp-block-t2-post-link\" href=\"https:\/\/www.elementlogic.net\/no\/cases\/automatisert-produksjon-gir-konkurransefortrinn\/\">\n\t<div class=\"client-logo-image-wrapper\"><img loading=\"lazy\" decoding=\"async\" width=\"300\" height=\"167\" src=\"https:\/\/www.elementlogic.net\/content\/uploads\/sites\/10\/\/2024\/09\/Kitron-logo-300x167.png\" class=\"client-logo-image\" alt=\"\" \/><\/div>\n\t<figure style=\"--t2-focal-point: 50% 50%;\" class=\"t2-post-featured-image has-image-ratio-3-2 wp-block-t2-post-featured-image\"><img loading=\"lazy\" decoding=\"async\" width=\"1500\" height=\"1000\" src=\"https:\/\/www.elementlogic.net\/content\/uploads\/sites\/10\/\/2024\/09\/Kitron_AutoStore_Element-Logic.jpg\" class=\"attachment-post-thumbnail size-post-thumbnail wp-post-image\" alt=\"\" srcset=\"https:\/\/www.elementlogic.net\/content\/uploads\/sites\/10\/2024\/09\/Kitron_AutoStore_Element-Logic.jpg 1500w, https:\/\/www.elementlogic.net\/content\/uploads\/sites\/10\/2024\/09\/Kitron_AutoStore_Element-Logic-300x200.jpg 300w, https:\/\/www.elementlogic.net\/content\/uploads\/sites\/10\/2024\/09\/Kitron_AutoStore_Element-Logic-1024x683.jpg 1024w, https:\/\/www.elementlogic.net\/content\/uploads\/sites\/10\/2024\/09\/Kitron_AutoStore_Element-Logic-768x512.jpg 768w\" sizes=\"(max-width: 1500px) 100vw, 1500px\" \/><\/figure>\n\t\n<\/a>\n\n\t\t<div class=\"card-content wp-block-t2-wrapper\">\n\t<div class=\"wp-block-dekode-post-terms\"><span>Elektroniske komponenter<\/span><\/div>\n\t<h3 class=\"t2-post-title wp-block-t2-post-title\"><a href=\"https:\/\/www.elementlogic.net\/no\/cases\/automatisert-produksjon-gir-konkurransefortrinn\/\" target=\"_self\" >Automatisert produksjon gir konkurransefortrinn<\/a><\/h3>\n\t<div class=\"t2-post-excerpt wp-block-t2-post-excerpt\"><p>Investeringen i AutoStore har gitt Kitron forn\u00f8yde ansatte, bedret konkurransekraft, samt en mer effektiv produksjon og distribusjon. Den unike l\u00f8sningen har v\u00e6rt i drift i seks \u00e5r \u2013 helt uten nedetid. Bli kjent med den her.<\/p><\/div>\n<\/div>\n<\/div>\n<\/div>\n\n\n<div class=\"wp-block-buttons is-layout-flex wp-block-buttons-is-layout-flex\">\n<div class=\"wp-block-button\"><a class=\"wp-block-button__link wp-element-button\" href=\"https:\/\/www.elementlogic.net\/no\/cases\/\">Utforsk flere caser<\/a><\/div>\n<\/div>\n\n\n\n<div class=\"wp-block-group alignwide has-global-padding is-layout-constrained wp-block-group-is-layout-constrained\">\n<h2 class=\"wp-block-heading wp-container-content-2\" id=\"h-hvorfor-elektronikkleverandorer-velger-element-logic\">Hvorfor elektronikkleverand\u00f8rer velger Element Logic<\/h2>\n\n\n\n<ul class=\"wp-block-list\">\n<li>Oppn\u00e5 feilfri fulfillment for sensitive komponenter med h\u00f8y verdi<\/li>\n\n\n\n<li>Skaler effektivt med ultratette automatiserte lagringssystemer<\/li>\n\n\n\n<li>\u00d8k arbeidseffektiviteten og reduser manuell h\u00e5ndtering<\/li>\n\n\n\n<li>F\u00e5 end-to-end-synlighet og sporbarhet for etterlevelse og kvalitetssikring<\/li>\n<\/ul>\n<\/div>\n\n\n\n<div style=\"height:100px;width:0px\" aria-hidden=\"true\" class=\"wp-block-spacer\"><\/div>\n\n\n\n\t\t<div style=\"--dekode-hero-dim:0.6; --t2-icon-fill:var(--wp--preset--color--white);\" class=\"alignfull dekode-hero-content-position-center has-media-background wp-block-dekode-hero has-text-color has-white-color\">\n\t\t\t<img loading=\"lazy\" decoding=\"async\" width=\"1024\" height=\"1024\" src=\"https:\/\/www.elementlogic.net\/content\/uploads\/sites\/10\/2026\/03\/Electronic-componenets-costumer-1.png\" class=\"dekode-hero__image\" alt=\"electronic components\" style=\"--focalpoint: 74% 39%;\" srcset=\"https:\/\/www.elementlogic.net\/content\/uploads\/sites\/10\/2026\/03\/Electronic-componenets-costumer-1.png 1024w, https:\/\/www.elementlogic.net\/content\/uploads\/sites\/10\/2026\/03\/Electronic-componenets-costumer-1-300x300.png 300w, https:\/\/www.elementlogic.net\/content\/uploads\/sites\/10\/2026\/03\/Electronic-componenets-costumer-1-150x150.png 150w, https:\/\/www.elementlogic.net\/content\/uploads\/sites\/10\/2026\/03\/Electronic-componenets-costumer-1-768x768.png 768w\" sizes=\"(max-width: 1024px) 100vw, 1024px\" \/>\n\t\t\t<div class=\"dekode-hero__content\">\n\t\t\t\t<div class=\"dekode-hero__container\">\n\t\t\t\t\t\n\n<h1 class=\"wp-block-heading\" id=\"h-bygg-inn-presisjon-i-hver-ordre-med-lagerautomasjon\"><strong>Bygg inn presisjon i hver ordre med lagerautomasjon.<\/strong><\/h1>\n\n\n\n<div class=\"wp-block-buttons is-layout-flex wp-block-buttons-is-layout-flex\">\n<div class=\"wp-block-button http:\/\/hs-cta-trigger-button hs-cta-trigger-button-195241208906\"><a class=\"wp-block-button__link wp-element-button\" href=\"https:\/\/www.elementlogic.net\/no\/book-gratis-konsultasjon\/\">Kontakt oss idag<\/a><\/div>\n<\/div>\n\n\n\t\t\t\t<\/div>\n\t\t\t<\/div>\n\t\t<\/div>\n\t\t","protected":false},"excerpt":{"rendered":"<p>Element Logic hjelper elektronikksdistribut\u00f8rer og produsenter med \u00e5 forbedre n\u00f8yaktigheten, redusere arbeidskraftkostnadene og beskytte produktintegriteten med automasjon utviklet for milj\u00f8er [&hellip;]<\/p>\n","protected":false},"author":2,"featured_media":22431,"parent":22091,"menu_order":0,"comment_status":"closed","ping_status":"closed","template":"","meta":{"hreflang_relation":0,"_el_cross_publish_source_blog_url":"","_el_cross_publish_source_blog_id":0,"_el_cross_publish_source_post_id":0,"_el_cross_publish_sync_state":"","exclude_from_search":false,"footnotes":""},"class_list":["post-22072","page","type-page","status-publish","has-post-thumbnail","hentry"],"yoast_head":"<!-- This site is optimized with the Yoast SEO Premium plugin v23.9 (Yoast SEO v23.9) - https:\/\/yoast.com\/wordpress\/plugins\/seo\/ -->\n<title>Elektroniske komponenter | Element Logic Norway<\/title>\n<meta name=\"description\" content=\"Lagerautomasjon for elektroniske komponenter som gir h\u00f8y presisjon, sporbarhet og sikker h\u00e5ndtering av sensitive komponenter med h\u00f8y verdi.\" \/>\n<meta name=\"robots\" content=\"index, follow, max-snippet:-1, max-image-preview:large, max-video-preview:-1\" \/>\n<link rel=\"canonical\" href=\"https:\/\/www.elementlogic.net\/no\/bransjer\/elektroniske-komponenter\/\" \/>\n<meta property=\"og:locale\" content=\"nb_NO\" \/>\n<meta property=\"og:type\" content=\"article\" \/>\n<meta property=\"og:title\" content=\"Elektroniske komponenter\" \/>\n<meta property=\"og:description\" content=\"Lagerautomasjon for elektroniske komponenter som gir h\u00f8y presisjon, sporbarhet og sikker h\u00e5ndtering av sensitive komponenter med h\u00f8y verdi.\" \/>\n<meta property=\"og:url\" content=\"https:\/\/www.elementlogic.net\/no\/bransjer\/elektroniske-komponenter\/\" \/>\n<meta property=\"og:site_name\" content=\"Element Logic Norway\" \/>\n<meta property=\"article:modified_time\" content=\"2026-03-26T09:33:32+00:00\" \/>\n<meta property=\"og:image\" content=\"https:\/\/www.elementlogic.net\/content\/uploads\/sites\/10\/2026\/03\/Wholesale-Automation1-4.png\" \/>\n\t<meta property=\"og:image:width\" content=\"1024\" \/>\n\t<meta property=\"og:image:height\" content=\"576\" \/>\n\t<meta property=\"og:image:type\" content=\"image\/png\" \/>\n<meta name=\"twitter:card\" content=\"summary_large_image\" \/>\n<meta name=\"twitter:label1\" content=\"Ansl. lesetid\" \/>\n\t<meta name=\"twitter:data1\" content=\"1 minutt\" \/>\n<script type=\"application\/ld+json\" class=\"yoast-schema-graph\">{\"@context\":\"https:\/\/schema.org\",\"@graph\":[{\"@type\":\"WebPage\",\"@id\":\"https:\/\/www.elementlogic.net\/no\/bransjer\/elektroniske-komponenter\/\",\"url\":\"https:\/\/www.elementlogic.net\/no\/bransjer\/elektroniske-komponenter\/\",\"name\":\"Elektroniske komponenter | Element Logic Norway\",\"isPartOf\":{\"@id\":\"https:\/\/www.elementlogic.net\/no\/#website\"},\"primaryImageOfPage\":{\"@id\":\"https:\/\/www.elementlogic.net\/no\/bransjer\/elektroniske-komponenter\/#primaryimage\"},\"image\":{\"@id\":\"https:\/\/www.elementlogic.net\/no\/bransjer\/elektroniske-komponenter\/#primaryimage\"},\"thumbnailUrl\":\"https:\/\/www.elementlogic.net\/content\/uploads\/sites\/10\/2026\/03\/Wholesale-Automation1-4.png\",\"datePublished\":\"2026-03-25T13:30:11+00:00\",\"dateModified\":\"2026-03-26T09:33:32+00:00\",\"description\":\"Lagerautomasjon for elektroniske komponenter som gir h\u00f8y presisjon, sporbarhet og sikker h\u00e5ndtering av sensitive komponenter med h\u00f8y verdi.\",\"breadcrumb\":{\"@id\":\"https:\/\/www.elementlogic.net\/no\/bransjer\/elektroniske-komponenter\/#breadcrumb\"},\"inLanguage\":\"nb-NO\",\"potentialAction\":[{\"@type\":\"ReadAction\",\"target\":[\"https:\/\/www.elementlogic.net\/no\/bransjer\/elektroniske-komponenter\/\"]}]},{\"@type\":\"ImageObject\",\"inLanguage\":\"nb-NO\",\"@id\":\"https:\/\/www.elementlogic.net\/no\/bransjer\/elektroniske-komponenter\/#primaryimage\",\"url\":\"https:\/\/www.elementlogic.net\/content\/uploads\/sites\/10\/2026\/03\/Wholesale-Automation1-4.png\",\"contentUrl\":\"https:\/\/www.elementlogic.net\/content\/uploads\/sites\/10\/2026\/03\/Wholesale-Automation1-4.png\",\"width\":1024,\"height\":576,\"caption\":\"Automasjon for Elektroniske komponenter\"},{\"@type\":\"BreadcrumbList\",\"@id\":\"https:\/\/www.elementlogic.net\/no\/bransjer\/elektroniske-komponenter\/#breadcrumb\",\"itemListElement\":[{\"@type\":\"ListItem\",\"position\":1,\"name\":\"Bransjer\",\"item\":\"https:\/\/www.elementlogic.net\/no\/bransjer\/\"},{\"@type\":\"ListItem\",\"position\":2,\"name\":\"Elektroniske komponenter\"}]},{\"@type\":\"WebSite\",\"@id\":\"https:\/\/www.elementlogic.net\/no\/#website\",\"url\":\"https:\/\/www.elementlogic.net\/no\/\",\"name\":\"Element Logic Norway\",\"description\":\"\",\"alternateName\":\"Element Logic\",\"potentialAction\":[{\"@type\":\"SearchAction\",\"target\":{\"@type\":\"EntryPoint\",\"urlTemplate\":\"https:\/\/www.elementlogic.net\/no\/?s={search_term_string}\"},\"query-input\":{\"@type\":\"PropertyValueSpecification\",\"valueRequired\":true,\"valueName\":\"search_term_string\"}}],\"inLanguage\":\"nb-NO\"}]}<\/script>\n<!-- \/ Yoast SEO Premium plugin. -->","yoast_head_json":{"title":"Elektroniske komponenter | Element Logic Norway","description":"Lagerautomasjon for elektroniske komponenter som gir h\u00f8y presisjon, sporbarhet og sikker h\u00e5ndtering av sensitive komponenter med h\u00f8y verdi.","robots":{"index":"index","follow":"follow","max-snippet":"max-snippet:-1","max-image-preview":"max-image-preview:large","max-video-preview":"max-video-preview:-1"},"canonical":"https:\/\/www.elementlogic.net\/no\/bransjer\/elektroniske-komponenter\/","og_locale":"nb_NO","og_type":"article","og_title":"Elektroniske komponenter","og_description":"Lagerautomasjon for elektroniske komponenter som gir h\u00f8y presisjon, sporbarhet og sikker h\u00e5ndtering av sensitive komponenter med h\u00f8y verdi.","og_url":"https:\/\/www.elementlogic.net\/no\/bransjer\/elektroniske-komponenter\/","og_site_name":"Element Logic Norway","article_modified_time":"2026-03-26T09:33:32+00:00","og_image":[{"width":1024,"height":576,"url":"https:\/\/www.elementlogic.net\/content\/uploads\/sites\/10\/2026\/03\/Wholesale-Automation1-4.png","type":"image\/png"}],"twitter_card":"summary_large_image","twitter_misc":{"Ansl. lesetid":"1 minutt"},"schema":{"@context":"https:\/\/schema.org","@graph":[{"@type":"WebPage","@id":"https:\/\/www.elementlogic.net\/no\/bransjer\/elektroniske-komponenter\/","url":"https:\/\/www.elementlogic.net\/no\/bransjer\/elektroniske-komponenter\/","name":"Elektroniske komponenter | Element Logic Norway","isPartOf":{"@id":"https:\/\/www.elementlogic.net\/no\/#website"},"primaryImageOfPage":{"@id":"https:\/\/www.elementlogic.net\/no\/bransjer\/elektroniske-komponenter\/#primaryimage"},"image":{"@id":"https:\/\/www.elementlogic.net\/no\/bransjer\/elektroniske-komponenter\/#primaryimage"},"thumbnailUrl":"https:\/\/www.elementlogic.net\/content\/uploads\/sites\/10\/2026\/03\/Wholesale-Automation1-4.png","datePublished":"2026-03-25T13:30:11+00:00","dateModified":"2026-03-26T09:33:32+00:00","description":"Lagerautomasjon for elektroniske komponenter som gir h\u00f8y presisjon, sporbarhet og sikker h\u00e5ndtering av sensitive komponenter med h\u00f8y verdi.","breadcrumb":{"@id":"https:\/\/www.elementlogic.net\/no\/bransjer\/elektroniske-komponenter\/#breadcrumb"},"inLanguage":"nb-NO","potentialAction":[{"@type":"ReadAction","target":["https:\/\/www.elementlogic.net\/no\/bransjer\/elektroniske-komponenter\/"]}]},{"@type":"ImageObject","inLanguage":"nb-NO","@id":"https:\/\/www.elementlogic.net\/no\/bransjer\/elektroniske-komponenter\/#primaryimage","url":"https:\/\/www.elementlogic.net\/content\/uploads\/sites\/10\/2026\/03\/Wholesale-Automation1-4.png","contentUrl":"https:\/\/www.elementlogic.net\/content\/uploads\/sites\/10\/2026\/03\/Wholesale-Automation1-4.png","width":1024,"height":576,"caption":"Automasjon for Elektroniske komponenter"},{"@type":"BreadcrumbList","@id":"https:\/\/www.elementlogic.net\/no\/bransjer\/elektroniske-komponenter\/#breadcrumb","itemListElement":[{"@type":"ListItem","position":1,"name":"Bransjer","item":"https:\/\/www.elementlogic.net\/no\/bransjer\/"},{"@type":"ListItem","position":2,"name":"Elektroniske komponenter"}]},{"@type":"WebSite","@id":"https:\/\/www.elementlogic.net\/no\/#website","url":"https:\/\/www.elementlogic.net\/no\/","name":"Element Logic Norway","description":"","alternateName":"Element Logic","potentialAction":[{"@type":"SearchAction","target":{"@type":"EntryPoint","urlTemplate":"https:\/\/www.elementlogic.net\/no\/?s={search_term_string}"},"query-input":{"@type":"PropertyValueSpecification","valueRequired":true,"valueName":"search_term_string"}}],"inLanguage":"nb-NO"}]}},"_links":{"self":[{"href":"https:\/\/www.elementlogic.net\/no\/wp-json\/wp\/v2\/pages\/22072"}],"collection":[{"href":"https:\/\/www.elementlogic.net\/no\/wp-json\/wp\/v2\/pages"}],"about":[{"href":"https:\/\/www.elementlogic.net\/no\/wp-json\/wp\/v2\/types\/page"}],"author":[{"embeddable":true,"href":"https:\/\/www.elementlogic.net\/no\/wp-json\/wp\/v2\/users\/2"}],"replies":[{"embeddable":true,"href":"https:\/\/www.elementlogic.net\/no\/wp-json\/wp\/v2\/comments?post=22072"}],"version-history":[{"count":5,"href":"https:\/\/www.elementlogic.net\/no\/wp-json\/wp\/v2\/pages\/22072\/revisions"}],"predecessor-version":[{"id":22726,"href":"https:\/\/www.elementlogic.net\/no\/wp-json\/wp\/v2\/pages\/22072\/revisions\/22726"}],"up":[{"embeddable":true,"href":"https:\/\/www.elementlogic.net\/no\/wp-json\/wp\/v2\/pages\/22091"}],"wp:featuredmedia":[{"embeddable":true,"href":"https:\/\/www.elementlogic.net\/no\/wp-json\/wp\/v2\/media\/22431"}],"wp:attachment":[{"href":"https:\/\/www.elementlogic.net\/no\/wp-json\/wp\/v2\/media?parent=22072"}],"curies":[{"name":"wp","href":"https:\/\/api.w.org\/{rel}","templated":true}]}}