{"id":22074,"date":"2026-03-25T13:31:33","date_gmt":"2026-03-25T13:31:33","guid":{"rendered":"https:\/\/www.elementlogic.net\/no\/?page_id=22074"},"modified":"2026-03-26T09:35:44","modified_gmt":"2026-03-26T09:35:44","slug":"mote-og-klaer","status":"publish","type":"page","link":"https:\/\/www.elementlogic.net\/no\/bransjer\/mote-og-klaer\/","title":{"rendered":"Mote og kl\u00e6r"},"content":{"rendered":"\n\t\t<div style=\"--dekode-hero-dim:0.5; --t2-icon-fill:var(--wp--preset--color--white);\" class=\"alignfull dekode-hero-content-position-center has-media-background wp-block-dekode-hero has-text-color has-white-color\">\n\t\t\t<img loading=\"lazy\" decoding=\"async\" width=\"1024\" height=\"1024\" src=\"https:\/\/www.elementlogic.net\/content\/uploads\/sites\/10\/2026\/03\/Fashion-1.png\" class=\"dekode-hero__image\" alt=\"Fashion apparel\" style=\"--focalpoint: 66% 37%;\" srcset=\"https:\/\/www.elementlogic.net\/content\/uploads\/sites\/10\/2026\/03\/Fashion-1.png 1024w, https:\/\/www.elementlogic.net\/content\/uploads\/sites\/10\/2026\/03\/Fashion-1-300x300.png 300w, https:\/\/www.elementlogic.net\/content\/uploads\/sites\/10\/2026\/03\/Fashion-1-150x150.png 150w, https:\/\/www.elementlogic.net\/content\/uploads\/sites\/10\/2026\/03\/Fashion-1-768x768.png 768w\" sizes=\"(max-width: 1024px) 100vw, 1024px\" \/>\n\t\t\t<div class=\"dekode-hero__content\">\n\t\t\t\t<div class=\"dekode-hero__container\">\n\t\t\t\t\t\n\n<p><\/p>\n\n\n\n<h1 class=\"wp-block-heading\" id=\"h-mote-og-klaer\">Mote og kl\u00e6r<\/h1>\n\n\n<p class=\"t2-ingress wp-block-t2-ingress\">Hold forsyningskjeden din i stil<\/p>\n\n\n<div class=\"wp-block-buttons is-layout-flex wp-block-buttons-is-layout-flex\">\n<div class=\"wp-block-button hs-cta-trigger-button hs-cta-trigger-button-195241208906 has-icon has-icon-theme_arrow\"><a class=\"wp-block-button__link wp-element-button\" href=\"https:\/\/www.elementlogic.net\/no\/book-gratis-konsultasjon\/\">Kontakt oss<svg xmlns=\"http:\/\/www.w3.org\/2000\/svg\" viewBox=\"0 0 24 24\" height=\"24\" width=\"24\" class=\"t2-icon t2-icon-theme_arrow\" aria-hidden=\"true\" focusable=\"false\"><path d=\"M16.627 12.75H5.25C5.03717 12.75 4.859 12.6782 4.7155 12.5345C4.57183 12.391 4.5 12.2128 4.5 12C4.5 11.7872 4.57183 11.609 4.7155 11.4655C4.859 11.3218 5.03717 11.25 5.25 11.25H16.627L11.4577 6.08076C11.3091 5.93209 11.2357 5.75809 11.2375 5.55876C11.2395 5.35942 11.318 5.18217 11.473 5.02701C11.6282 4.88217 11.8038 4.80717 12 4.80201C12.1962 4.79684 12.3718 4.87184 12.527 5.02701L18.8673 11.3673C18.9609 11.4609 19.0269 11.5597 19.0652 11.6635C19.1037 11.7673 19.123 11.8795 19.123 12C19.123 12.1205 19.1037 12.2327 19.0652 12.3365C19.0269 12.4403 18.9609 12.5391 18.8673 12.6328L12.527 18.973C12.3885 19.1115 12.217 19.1823 12.0125 19.1855C11.808 19.1887 11.6282 19.1178 11.473 18.973C11.318 18.8178 11.2405 18.6397 11.2405 18.4385C11.2405 18.2372 11.318 18.0589 11.473 17.9038L16.627 12.75Z\" fill=\"var(--t2-icon-fill, #000)\"\/><\/svg><\/a><\/div>\n<\/div>\n\n\n\t\t\t\t<\/div>\n\t\t\t<\/div>\n\t\t<\/div>\n\t\t\n\n<p class=\"t2-ingress wp-block-t2-ingress\">Fra sesongkolleksjoner til flash sales og returer beveger mote seg i kulturens tempo. Element Logic hjelper mote- og klesmerker med \u00e5 holde driften i stil med automasjon utviklet for hastighet, fleksibilitet og presisjon.<\/p>\n\n\n<p><\/p>\n\n\n\n<p>Med mer enn 40 \u00e5rs ekspertise innen intralogistikk hjelper vi motebedrifter med \u00e5 redusere kostnader, forbedre n\u00f8yaktigheten og skalere med trygghet.<\/p>\n\n\n\n<div class=\"wp-block-group has-global-padding is-layout-constrained wp-block-group-is-layout-constrained\">\n<h2 class=\"wp-block-heading wp-container-content-1\" id=\"h-utfordringer-mote-og-klesmerker-star-overfor\">Utfordringer mote- og klesmerker st\u00e5r overfor<\/h2>\n\n\n\n<ul class=\"wp-block-list\">\n<li>Raske trendsykluser og hyppige sesonglanseringer<\/li>\n\n\n\n<li>H\u00f8y SKU-omsetning og stadig skiftende sortiment<\/li>\n\n\n\n<li>Komplekse returer og bytter (st\u00f8rrelse, passform, stil)<\/li>\n\n\n\n<li>\u00d8kende ettersp\u00f8rsel etter rask fulfillment innen b\u00e5de retail og e-handel<\/li>\n\n\n\n<li>Press p\u00e5 \u00e5 opprettholde lagersynlighet p\u00e5 tvers av omnichannel-nettverk<\/li>\n<\/ul>\n<\/div>\n\n\n\n\t\t<div style=\"--dekode-hero-dim:0.5; --t2-icon-fill:var(--wp--preset--color--white);\" class=\"alignfull dekode-hero-content-position-center has-media-background wp-block-dekode-hero has-text-color has-white-color\">\n\t\t\t\t\t<video\n\t\t\tautoplay\n\t\t\tloop\n\t\t\tmuted\n\t\t\tplaysinline\n\t\t\tposter=\"\"\n\t\t\tsrc=\"https:\/\/www.elementlogic.net\/content\/uploads\/2024\/07\/solutions-and-services.mp4\">\n\t\t<\/video>\n\t\t\n\t\t\t<div class=\"dekode-hero__content\">\n\t\t\t\t<div class=\"dekode-hero__container\">\n\t\t\t\t\t\n\n<h2 class=\"wp-block-heading\" id=\"h-betrodd-av-ledende-motemerker\">Betrodd av ledende motemerker:<\/h2>\n\n\n\t\t\t\t<\/div>\n\t\t\t<\/div>\n\t\t<\/div>\n\t\t\n\n<div class=\"t2-featured-content-layout alignwide wp-block-t2-featured-content-layout\">\n<div class=\"t2-featured-query-post t2-featured-content is-post-type-case case_tax-klaer-og-sportsutstyr case_tax-retail wp-block-t2-featured-query-post\"><a class=\"t2-post-link wp-block-t2-post-link\" href=\"https:\/\/www.elementlogic.net\/no\/cases\/et-godt-eksempel-pa-hvordan-lagerautomasjon-tar-logistikk-og-netthandel-til-neste-niva\/\">\n\t<div class=\"client-logo-image-wrapper\"><img loading=\"lazy\" decoding=\"async\" width=\"300\" height=\"172\" src=\"https:\/\/www.elementlogic.net\/content\/uploads\/sites\/10\/2026\/03\/Boozt-logo-300x172.png\" class=\"client-logo-image\" alt=\"Boozt logo\" \/><\/div>\n\t<figure style=\"--t2-focal-point: 50% 50%;\" class=\"t2-post-featured-image has-image-ratio-3-2 wp-block-t2-post-featured-image\"><img loading=\"lazy\" decoding=\"async\" width=\"1600\" height=\"900\" src=\"https:\/\/www.elementlogic.net\/content\/uploads\/sites\/10\/2025\/06\/Boozt-AutoStore-Grid.jpg\" class=\"attachment-post-thumbnail size-post-thumbnail wp-post-image\" alt=\"AutoStore-grid fra Element Logic\" srcset=\"https:\/\/www.elementlogic.net\/content\/uploads\/sites\/10\/2025\/06\/Boozt-AutoStore-Grid.jpg 1600w, https:\/\/www.elementlogic.net\/content\/uploads\/sites\/10\/2025\/06\/Boozt-AutoStore-Grid-300x169.jpg 300w, https:\/\/www.elementlogic.net\/content\/uploads\/sites\/10\/2025\/06\/Boozt-AutoStore-Grid-1024x576.jpg 1024w, https:\/\/www.elementlogic.net\/content\/uploads\/sites\/10\/2025\/06\/Boozt-AutoStore-Grid-768x432.jpg 768w, https:\/\/www.elementlogic.net\/content\/uploads\/sites\/10\/2025\/06\/Boozt-AutoStore-Grid-1536x864.jpg 1536w\" sizes=\"(max-width: 1600px) 100vw, 1600px\" \/><\/figure>\n\t\n<\/a>\n\n\t\t<div class=\"card-content wp-block-t2-wrapper\">\n\t<div class=\"wp-block-dekode-post-terms\"><span>Kl\u00e6r og sportsutstyr<\/span><span>Retail<\/span><\/div>\n\t<h3 class=\"t2-post-title wp-block-t2-post-title\"><a href=\"https:\/\/www.elementlogic.net\/no\/cases\/et-godt-eksempel-pa-hvordan-lagerautomasjon-tar-logistikk-og-netthandel-til-neste-niva\/\" target=\"_self\" >Et godt eksempel p\u00e5 hvordan lagerautomasjon tar logistikk og netthandel til neste niv\u00e5<\/a><\/h3>\n\t<div class=\"t2-post-excerpt wp-block-t2-post-excerpt\"><p>Lageroptimalisering for fremtiden Det felles m\u00e5let for Boozt og Element Logic har v\u00e6rt \u00e5 styrke begge selskapenes konkurransekraft gjennom integrasjon [&hellip;]<\/p><\/div>\n<\/div>\n<\/div>\n\n<div class=\"t2-featured-query-post t2-featured-content is-post-type-case case_tax-klaer-og-sportsutstyr wp-block-t2-featured-query-post\"><a class=\"t2-post-link wp-block-t2-post-link\" href=\"https:\/\/www.elementlogic.net\/no\/cases\/xxl-og-element-logic-setter-en-ny-standardfor-plukkehastighet-og-datadrevet-drift\/\">\n\t<div class=\"client-logo-image-wrapper\"><img loading=\"lazy\" decoding=\"async\" width=\"300\" height=\"156\" src=\"https:\/\/www.elementlogic.net\/content\/uploads\/sites\/10\/2025\/12\/XXL-Logo-300x156-1.png\" class=\"client-logo-image\" alt=\"\" \/><\/div>\n\t<figure style=\"--t2-focal-point: 50% 50%;\" class=\"t2-post-featured-image has-image-ratio-3-2 wp-block-t2-post-featured-image\"><img loading=\"lazy\" decoding=\"async\" width=\"2387\" height=\"1287\" src=\"https:\/\/www.elementlogic.net\/content\/uploads\/sites\/10\/2025\/12\/Skarmavbild-2025-12-03-kl.-09.16.54.png\" class=\"attachment-post-thumbnail size-post-thumbnail wp-post-image\" alt=\"XXL lager\" srcset=\"https:\/\/www.elementlogic.net\/content\/uploads\/sites\/10\/2025\/12\/Skarmavbild-2025-12-03-kl.-09.16.54.png 2387w, https:\/\/www.elementlogic.net\/content\/uploads\/sites\/10\/2025\/12\/Skarmavbild-2025-12-03-kl.-09.16.54-300x162.png 300w, https:\/\/www.elementlogic.net\/content\/uploads\/sites\/10\/2025\/12\/Skarmavbild-2025-12-03-kl.-09.16.54-1024x552.png 1024w, https:\/\/www.elementlogic.net\/content\/uploads\/sites\/10\/2025\/12\/Skarmavbild-2025-12-03-kl.-09.16.54-768x414.png 768w, https:\/\/www.elementlogic.net\/content\/uploads\/sites\/10\/2025\/12\/Skarmavbild-2025-12-03-kl.-09.16.54-1536x828.png 1536w, https:\/\/www.elementlogic.net\/content\/uploads\/sites\/10\/2025\/12\/Skarmavbild-2025-12-03-kl.-09.16.54-2048x1104.png 2048w\" sizes=\"(max-width: 2387px) 100vw, 2387px\" \/><\/figure>\n\t\n<\/a>\n\n\t\t<div class=\"card-content wp-block-t2-wrapper\">\n\t<div class=\"wp-block-dekode-post-terms\"><span>Kl\u00e6r og sportsutstyr<\/span><\/div>\n\t<h3 class=\"t2-post-title wp-block-t2-post-title\"><a href=\"https:\/\/www.elementlogic.net\/no\/cases\/xxl-og-element-logic-setter-en-ny-standardfor-plukkehastighet-og-datadrevet-drift\/\" target=\"_self\" >XXL og Element Logic setter en ny standard\nfor plukkehastighet og datadrevet drift<\/a><\/h3>\n\t<div class=\"t2-post-excerpt wp-block-t2-post-excerpt\"><p>Som en av Nordens st\u00f8rste sportskjeder er kravene tydelige: varer skal raskt ut til butikk, netthandelsordre skal leveres allerede dagen [&hellip;]<\/p><\/div>\n<\/div>\n<\/div>\n\n<div class=\"t2-featured-query-post t2-featured-content is-post-type-case case_tax-retail wp-block-t2-featured-query-post\"><a class=\"t2-post-link wp-block-t2-post-link\" href=\"https:\/\/www.elementlogic.net\/no\/cases\/en-innovativ-losning-fra-element-logic-automatiserer-kitchn-og-tilbords-sin-forsyningskjede\/\">\n\t<div class=\"client-logo-image-wrapper\"><img loading=\"lazy\" decoding=\"async\" width=\"300\" height=\"225\" src=\"https:\/\/www.elementlogic.net\/content\/uploads\/sites\/10\/2019\/05\/Tilbords_Kitchn-300x225.png\" class=\"client-logo-image\" alt=\"\" \/><\/div>\n\t<figure style=\"--t2-focal-point: 50% 50%;\" class=\"t2-post-featured-image has-image-ratio-3-2 wp-block-t2-post-featured-image\"><img loading=\"lazy\" decoding=\"async\" width=\"1379\" height=\"775\" src=\"https:\/\/www.elementlogic.net\/content\/uploads\/sites\/10\/2025\/05\/Kitchn-overview-1.jpg\" class=\"attachment-post-thumbnail size-post-thumbnail wp-post-image\" alt=\"AutoStore hos Kitch&#039;n\" srcset=\"https:\/\/www.elementlogic.net\/content\/uploads\/sites\/10\/2025\/05\/Kitchn-overview-1.jpg 1379w, https:\/\/www.elementlogic.net\/content\/uploads\/sites\/10\/2025\/05\/Kitchn-overview-1-300x169.jpg 300w, https:\/\/www.elementlogic.net\/content\/uploads\/sites\/10\/2025\/05\/Kitchn-overview-1-1024x575.jpg 1024w, https:\/\/www.elementlogic.net\/content\/uploads\/sites\/10\/2025\/05\/Kitchn-overview-1-768x432.jpg 768w\" sizes=\"(max-width: 1379px) 100vw, 1379px\" \/><\/figure>\n\t\n<\/a>\n\n\t\t<div class=\"card-content wp-block-t2-wrapper\">\n\t<div class=\"wp-block-dekode-post-terms\"><span>Retail<\/span><\/div>\n\t<h3 class=\"t2-post-title wp-block-t2-post-title\"><a href=\"https:\/\/www.elementlogic.net\/no\/cases\/en-innovativ-losning-fra-element-logic-automatiserer-kitchn-og-tilbords-sin-forsyningskjede\/\" target=\"_self\" >En innovativ l\u00f8sning fra Element Logic automatiserer Kitch\u2019n &amp; Tilbords sin forsyningskjede<\/a><\/h3>\n\t<div class=\"t2-post-excerpt wp-block-t2-post-excerpt\"><p>&laquo;Vi har omtrent 65 % av det norske markedet for kj\u00f8kken- og husholdningsartikler,\u00bb sier Petter Gr\u00e5lumstuen, CTO og logistikksjef for [&hellip;]<\/p><\/div>\n<\/div>\n<\/div>\n<\/div>\n\n\n<div class=\"wp-block-buttons is-layout-flex wp-block-buttons-is-layout-flex\">\n<div class=\"wp-block-button\"><a class=\"wp-block-button__link wp-element-button\" href=\"https:\/\/www.elementlogic.net\/no\/cases\/\">Utforsk flere caser<\/a><\/div>\n<\/div>\n\n\n\n<div class=\"wp-block-group alignwide has-global-padding is-layout-constrained wp-block-group-is-layout-constrained\">\n<h2 class=\"wp-block-heading wp-container-content-2\" id=\"h-hvorfor-mote-og-klesmerker-velger-element-logic-nbsp\"><strong>Hvorfor mote- og klesmerker velger Element Logic<\/strong>&nbsp;<\/h2>\n\n\n\n<ul class=\"wp-block-list\">\n<li><strong>Skalerbare systemer<\/strong> som tilpasser seg raskt skiftende trender<\/li>\n\n\n\n<li><strong>Rask ROI <\/strong>gjennom besparelser innen arbeidskraft og drift<\/li>\n\n\n\n<li><strong>Fremtidsrettet teknologi<\/strong> dokumentert p\u00e5 tvers av bransjer<\/li>\n\n\n\n<li><strong>Global ekspertise<\/strong> levert med lokal st\u00f8tte<\/li>\n<\/ul>\n<\/div>\n\n\n\n<div style=\"height:100px;width:0px\" aria-hidden=\"true\" class=\"wp-block-spacer\"><\/div>\n\n\n\n\t\t<div style=\"--dekode-hero-dim:0.6; --t2-icon-fill:var(--wp--preset--color--white);\" class=\"alignfull dekode-hero-content-position-center has-media-background wp-block-dekode-hero has-text-color has-white-color\">\n\t\t\t<img loading=\"lazy\" decoding=\"async\" width=\"1024\" height=\"1024\" src=\"https:\/\/www.elementlogic.net\/content\/uploads\/sites\/10\/2026\/03\/Retail-cinematic-1.png\" class=\"dekode-hero__image\" alt=\"fashion apparel\" style=\"--focalpoint: 51% 40%;\" srcset=\"https:\/\/www.elementlogic.net\/content\/uploads\/sites\/10\/2026\/03\/Retail-cinematic-1.png 1024w, https:\/\/www.elementlogic.net\/content\/uploads\/sites\/10\/2026\/03\/Retail-cinematic-1-300x300.png 300w, https:\/\/www.elementlogic.net\/content\/uploads\/sites\/10\/2026\/03\/Retail-cinematic-1-150x150.png 150w, https:\/\/www.elementlogic.net\/content\/uploads\/sites\/10\/2026\/03\/Retail-cinematic-1-768x768.png 768w\" sizes=\"(max-width: 1024px) 100vw, 1024px\" \/>\n\t\t\t<div class=\"dekode-hero__content\">\n\t\t\t\t<div class=\"dekode-hero__container\">\n\t\t\t\t\t\n\n<h1 class=\"wp-block-heading\" id=\"h-la-oss-hjelpe-deg-med-a-bygge-fremtidens-fulfillment-senter-for-mote\">La oss hjelpe deg med \u00e5 bygge fremtidens fulfillment-senter for mote.<\/h1>\n\n\n\n<div class=\"wp-block-buttons is-layout-flex wp-block-buttons-is-layout-flex\">\n<div class=\"wp-block-button http:\/\/hs-cta-trigger-button hs-cta-trigger-button-195241208906\"><a class=\"wp-block-button__link wp-element-button\" href=\"https:\/\/www.elementlogic.net\/no\/book-gratis-konsultasjon\/\">Kontakt oss idag<\/a><\/div>\n<\/div>\n\n\n\t\t\t\t<\/div>\n\t\t\t<\/div>\n\t\t<\/div>\n\t\t","protected":false},"excerpt":{"rendered":"<p>Med mer enn 40 \u00e5rs ekspertise innen intralogistikk hjelper vi motebedrifter med \u00e5 redusere kostnader, forbedre n\u00f8yaktigheten og skalere med [&hellip;]<\/p>\n","protected":false},"author":2,"featured_media":22595,"parent":22091,"menu_order":0,"comment_status":"closed","ping_status":"closed","template":"","meta":{"hreflang_relation":0,"_el_cross_publish_source_blog_url":"","_el_cross_publish_source_blog_id":0,"_el_cross_publish_source_post_id":0,"_el_cross_publish_sync_state":"","exclude_from_search":false,"footnotes":""},"class_list":["post-22074","page","type-page","status-publish","has-post-thumbnail","hentry"],"yoast_head":"<!-- This site is optimized with the Yoast SEO Premium plugin v23.9 (Yoast SEO v23.9) - https:\/\/yoast.com\/wordpress\/plugins\/seo\/ -->\n<title>Mote og kl\u00e6r | Element Logic Norway<\/title>\n<meta name=\"description\" content=\"Lagerautomasjon for mote som gir rask fulfillment, bedre lagersynlighet og skalerbar drift for retail og e-handel.\" \/>\n<meta name=\"robots\" content=\"index, follow, max-snippet:-1, max-image-preview:large, max-video-preview:-1\" \/>\n<link rel=\"canonical\" href=\"https:\/\/www.elementlogic.net\/no\/bransjer\/mote-og-klaer\/\" \/>\n<meta property=\"og:locale\" content=\"nb_NO\" \/>\n<meta property=\"og:type\" content=\"article\" \/>\n<meta property=\"og:title\" content=\"Mote og kl\u00e6r\" \/>\n<meta property=\"og:description\" content=\"Lagerautomasjon for mote som gir rask fulfillment, bedre lagersynlighet og skalerbar drift for retail og e-handel.\" \/>\n<meta property=\"og:url\" content=\"https:\/\/www.elementlogic.net\/no\/bransjer\/mote-og-klaer\/\" \/>\n<meta property=\"og:site_name\" content=\"Element Logic Norway\" \/>\n<meta property=\"article:modified_time\" content=\"2026-03-26T09:35:44+00:00\" \/>\n<meta property=\"og:image\" content=\"https:\/\/www.elementlogic.net\/content\/uploads\/sites\/10\/2026\/03\/emanager-solutions-1024x961-1-3.jpg\" \/>\n\t<meta property=\"og:image:width\" content=\"1024\" \/>\n\t<meta property=\"og:image:height\" content=\"961\" \/>\n\t<meta property=\"og:image:type\" content=\"image\/jpeg\" \/>\n<meta name=\"twitter:card\" content=\"summary_large_image\" \/>\n<meta name=\"twitter:label1\" content=\"Ansl. lesetid\" \/>\n\t<meta name=\"twitter:data1\" content=\"1 minutt\" \/>\n<script type=\"application\/ld+json\" class=\"yoast-schema-graph\">{\"@context\":\"https:\/\/schema.org\",\"@graph\":[{\"@type\":\"WebPage\",\"@id\":\"https:\/\/www.elementlogic.net\/no\/bransjer\/mote-og-klaer\/\",\"url\":\"https:\/\/www.elementlogic.net\/no\/bransjer\/mote-og-klaer\/\",\"name\":\"Mote og kl\u00e6r | Element Logic Norway\",\"isPartOf\":{\"@id\":\"https:\/\/www.elementlogic.net\/no\/#website\"},\"primaryImageOfPage\":{\"@id\":\"https:\/\/www.elementlogic.net\/no\/bransjer\/mote-og-klaer\/#primaryimage\"},\"image\":{\"@id\":\"https:\/\/www.elementlogic.net\/no\/bransjer\/mote-og-klaer\/#primaryimage\"},\"thumbnailUrl\":\"https:\/\/www.elementlogic.net\/content\/uploads\/sites\/10\/2026\/03\/emanager-solutions-1024x961-1-3.jpg\",\"datePublished\":\"2026-03-25T13:31:33+00:00\",\"dateModified\":\"2026-03-26T09:35:44+00:00\",\"description\":\"Lagerautomasjon for mote som gir rask fulfillment, bedre lagersynlighet og skalerbar drift for retail og e-handel.\",\"breadcrumb\":{\"@id\":\"https:\/\/www.elementlogic.net\/no\/bransjer\/mote-og-klaer\/#breadcrumb\"},\"inLanguage\":\"nb-NO\",\"potentialAction\":[{\"@type\":\"ReadAction\",\"target\":[\"https:\/\/www.elementlogic.net\/no\/bransjer\/mote-og-klaer\/\"]}]},{\"@type\":\"ImageObject\",\"inLanguage\":\"nb-NO\",\"@id\":\"https:\/\/www.elementlogic.net\/no\/bransjer\/mote-og-klaer\/#primaryimage\",\"url\":\"https:\/\/www.elementlogic.net\/content\/uploads\/sites\/10\/2026\/03\/emanager-solutions-1024x961-1-3.jpg\",\"contentUrl\":\"https:\/\/www.elementlogic.net\/content\/uploads\/sites\/10\/2026\/03\/emanager-solutions-1024x961-1-3.jpg\",\"width\":1024,\"height\":961,\"caption\":\"Warehouse Execution\"},{\"@type\":\"BreadcrumbList\",\"@id\":\"https:\/\/www.elementlogic.net\/no\/bransjer\/mote-og-klaer\/#breadcrumb\",\"itemListElement\":[{\"@type\":\"ListItem\",\"position\":1,\"name\":\"Bransjer\",\"item\":\"https:\/\/www.elementlogic.net\/no\/bransjer\/\"},{\"@type\":\"ListItem\",\"position\":2,\"name\":\"Mote og kl\u00e6r\"}]},{\"@type\":\"WebSite\",\"@id\":\"https:\/\/www.elementlogic.net\/no\/#website\",\"url\":\"https:\/\/www.elementlogic.net\/no\/\",\"name\":\"Element Logic Norway\",\"description\":\"\",\"alternateName\":\"Element Logic\",\"potentialAction\":[{\"@type\":\"SearchAction\",\"target\":{\"@type\":\"EntryPoint\",\"urlTemplate\":\"https:\/\/www.elementlogic.net\/no\/?s={search_term_string}\"},\"query-input\":{\"@type\":\"PropertyValueSpecification\",\"valueRequired\":true,\"valueName\":\"search_term_string\"}}],\"inLanguage\":\"nb-NO\"}]}<\/script>\n<!-- \/ Yoast SEO Premium plugin. -->","yoast_head_json":{"title":"Mote og kl\u00e6r | Element Logic Norway","description":"Lagerautomasjon for mote som gir rask fulfillment, bedre lagersynlighet og skalerbar drift for retail og e-handel.","robots":{"index":"index","follow":"follow","max-snippet":"max-snippet:-1","max-image-preview":"max-image-preview:large","max-video-preview":"max-video-preview:-1"},"canonical":"https:\/\/www.elementlogic.net\/no\/bransjer\/mote-og-klaer\/","og_locale":"nb_NO","og_type":"article","og_title":"Mote og kl\u00e6r","og_description":"Lagerautomasjon for mote som gir rask fulfillment, bedre lagersynlighet og skalerbar drift for retail og e-handel.","og_url":"https:\/\/www.elementlogic.net\/no\/bransjer\/mote-og-klaer\/","og_site_name":"Element Logic Norway","article_modified_time":"2026-03-26T09:35:44+00:00","og_image":[{"width":1024,"height":961,"url":"https:\/\/www.elementlogic.net\/content\/uploads\/sites\/10\/2026\/03\/emanager-solutions-1024x961-1-3.jpg","type":"image\/jpeg"}],"twitter_card":"summary_large_image","twitter_misc":{"Ansl. lesetid":"1 minutt"},"schema":{"@context":"https:\/\/schema.org","@graph":[{"@type":"WebPage","@id":"https:\/\/www.elementlogic.net\/no\/bransjer\/mote-og-klaer\/","url":"https:\/\/www.elementlogic.net\/no\/bransjer\/mote-og-klaer\/","name":"Mote og kl\u00e6r | Element Logic Norway","isPartOf":{"@id":"https:\/\/www.elementlogic.net\/no\/#website"},"primaryImageOfPage":{"@id":"https:\/\/www.elementlogic.net\/no\/bransjer\/mote-og-klaer\/#primaryimage"},"image":{"@id":"https:\/\/www.elementlogic.net\/no\/bransjer\/mote-og-klaer\/#primaryimage"},"thumbnailUrl":"https:\/\/www.elementlogic.net\/content\/uploads\/sites\/10\/2026\/03\/emanager-solutions-1024x961-1-3.jpg","datePublished":"2026-03-25T13:31:33+00:00","dateModified":"2026-03-26T09:35:44+00:00","description":"Lagerautomasjon for mote som gir rask fulfillment, bedre lagersynlighet og skalerbar drift for retail og e-handel.","breadcrumb":{"@id":"https:\/\/www.elementlogic.net\/no\/bransjer\/mote-og-klaer\/#breadcrumb"},"inLanguage":"nb-NO","potentialAction":[{"@type":"ReadAction","target":["https:\/\/www.elementlogic.net\/no\/bransjer\/mote-og-klaer\/"]}]},{"@type":"ImageObject","inLanguage":"nb-NO","@id":"https:\/\/www.elementlogic.net\/no\/bransjer\/mote-og-klaer\/#primaryimage","url":"https:\/\/www.elementlogic.net\/content\/uploads\/sites\/10\/2026\/03\/emanager-solutions-1024x961-1-3.jpg","contentUrl":"https:\/\/www.elementlogic.net\/content\/uploads\/sites\/10\/2026\/03\/emanager-solutions-1024x961-1-3.jpg","width":1024,"height":961,"caption":"Warehouse Execution"},{"@type":"BreadcrumbList","@id":"https:\/\/www.elementlogic.net\/no\/bransjer\/mote-og-klaer\/#breadcrumb","itemListElement":[{"@type":"ListItem","position":1,"name":"Bransjer","item":"https:\/\/www.elementlogic.net\/no\/bransjer\/"},{"@type":"ListItem","position":2,"name":"Mote og kl\u00e6r"}]},{"@type":"WebSite","@id":"https:\/\/www.elementlogic.net\/no\/#website","url":"https:\/\/www.elementlogic.net\/no\/","name":"Element Logic Norway","description":"","alternateName":"Element Logic","potentialAction":[{"@type":"SearchAction","target":{"@type":"EntryPoint","urlTemplate":"https:\/\/www.elementlogic.net\/no\/?s={search_term_string}"},"query-input":{"@type":"PropertyValueSpecification","valueRequired":true,"valueName":"search_term_string"}}],"inLanguage":"nb-NO"}]}},"_links":{"self":[{"href":"https:\/\/www.elementlogic.net\/no\/wp-json\/wp\/v2\/pages\/22074"}],"collection":[{"href":"https:\/\/www.elementlogic.net\/no\/wp-json\/wp\/v2\/pages"}],"about":[{"href":"https:\/\/www.elementlogic.net\/no\/wp-json\/wp\/v2\/types\/page"}],"author":[{"embeddable":true,"href":"https:\/\/www.elementlogic.net\/no\/wp-json\/wp\/v2\/users\/2"}],"replies":[{"embeddable":true,"href":"https:\/\/www.elementlogic.net\/no\/wp-json\/wp\/v2\/comments?post=22074"}],"version-history":[{"count":5,"href":"https:\/\/www.elementlogic.net\/no\/wp-json\/wp\/v2\/pages\/22074\/revisions"}],"predecessor-version":[{"id":22728,"href":"https:\/\/www.elementlogic.net\/no\/wp-json\/wp\/v2\/pages\/22074\/revisions\/22728"}],"up":[{"embeddable":true,"href":"https:\/\/www.elementlogic.net\/no\/wp-json\/wp\/v2\/pages\/22091"}],"wp:featuredmedia":[{"embeddable":true,"href":"https:\/\/www.elementlogic.net\/no\/wp-json\/wp\/v2\/media\/22595"}],"wp:attachment":[{"href":"https:\/\/www.elementlogic.net\/no\/wp-json\/wp\/v2\/media?parent=22074"}],"curies":[{"name":"wp","href":"https:\/\/api.w.org\/{rel}","templated":true}]}}