{"id":22076,"date":"2026-03-25T13:32:22","date_gmt":"2026-03-25T13:32:22","guid":{"rendered":"https:\/\/www.elementlogic.net\/no\/?page_id=22076"},"modified":"2026-03-26T09:36:33","modified_gmt":"2026-03-26T09:36:33","slug":"produksjon-tilvirkning","status":"publish","type":"page","link":"https:\/\/www.elementlogic.net\/no\/bransjer\/produksjon-tilvirkning\/","title":{"rendered":"Produksjon &amp; tilvirkning"},"content":{"rendered":"\n\t\t<div style=\"--dekode-hero-dim:0.5; --t2-icon-fill:var(--wp--preset--color--white);\" class=\"alignfull dekode-hero-content-position-center has-media-background wp-block-dekode-hero has-text-color has-white-color\">\n\t\t\t<img loading=\"lazy\" decoding=\"async\" width=\"1024\" height=\"1024\" src=\"https:\/\/www.elementlogic.net\/content\/uploads\/sites\/10\/2026\/03\/manufact-1.png\" class=\"dekode-hero__image\" alt=\"Manufacturing &amp; Production\" style=\"--focalpoint: 48% 51%;\" srcset=\"https:\/\/www.elementlogic.net\/content\/uploads\/sites\/10\/2026\/03\/manufact-1.png 1024w, https:\/\/www.elementlogic.net\/content\/uploads\/sites\/10\/2026\/03\/manufact-1-300x300.png 300w, https:\/\/www.elementlogic.net\/content\/uploads\/sites\/10\/2026\/03\/manufact-1-150x150.png 150w, https:\/\/www.elementlogic.net\/content\/uploads\/sites\/10\/2026\/03\/manufact-1-768x768.png 768w\" sizes=\"(max-width: 1024px) 100vw, 1024px\" \/>\n\t\t\t<div class=\"dekode-hero__content\">\n\t\t\t\t<div class=\"dekode-hero__container\">\n\t\t\t\t\t\n\n<p><\/p>\n\n\n\n<h1 class=\"wp-block-heading\" id=\"h-produksjon-amp-tilvirkning\">Produksjon &amp; tilvirkning<\/h1>\n\n\n<p class=\"t2-ingress wp-block-t2-ingress\">Automatiser flyten fra komponenter til ferdige produkter<\/p>\n\n\n<div class=\"wp-block-buttons is-layout-flex wp-block-buttons-is-layout-flex\">\n<div class=\"wp-block-button hs-cta-trigger-button hs-cta-trigger-button-195241208906 has-icon has-icon-theme_arrow\"><a class=\"wp-block-button__link wp-element-button\" href=\"https:\/\/www.elementlogic.net\/no\/book-gratis-konsultasjon\/\">Kontakt oss<svg xmlns=\"http:\/\/www.w3.org\/2000\/svg\" viewBox=\"0 0 24 24\" height=\"24\" width=\"24\" class=\"t2-icon t2-icon-theme_arrow\" aria-hidden=\"true\" focusable=\"false\"><path d=\"M16.627 12.75H5.25C5.03717 12.75 4.859 12.6782 4.7155 12.5345C4.57183 12.391 4.5 12.2128 4.5 12C4.5 11.7872 4.57183 11.609 4.7155 11.4655C4.859 11.3218 5.03717 11.25 5.25 11.25H16.627L11.4577 6.08076C11.3091 5.93209 11.2357 5.75809 11.2375 5.55876C11.2395 5.35942 11.318 5.18217 11.473 5.02701C11.6282 4.88217 11.8038 4.80717 12 4.80201C12.1962 4.79684 12.3718 4.87184 12.527 5.02701L18.8673 11.3673C18.9609 11.4609 19.0269 11.5597 19.0652 11.6635C19.1037 11.7673 19.123 11.8795 19.123 12C19.123 12.1205 19.1037 12.2327 19.0652 12.3365C19.0269 12.4403 18.9609 12.5391 18.8673 12.6328L12.527 18.973C12.3885 19.1115 12.217 19.1823 12.0125 19.1855C11.808 19.1887 11.6282 19.1178 11.473 18.973C11.318 18.8178 11.2405 18.6397 11.2405 18.4385C11.2405 18.2372 11.318 18.0589 11.473 17.9038L16.627 12.75Z\" fill=\"var(--t2-icon-fill, #000)\"\/><\/svg><\/a><\/div>\n<\/div>\n\n\n\t\t\t\t<\/div>\n\t\t\t<\/div>\n\t\t<\/div>\n\t\t\n\n<p class=\"t2-ingress wp-block-t2-ingress\">Produsenter er avhengige av effektivitet. <strong>Produksjonslinjer er avhengige av de riktige delene, til riktig tid, p\u00e5 riktig sted <\/strong>&#8211; enhver forsinkelse eller mangel kan f\u00e5 driften til \u00e5 stoppe opp. \u00d8kende arbeidskraftkostnader, globale forsyningskjedeutfordringer og just-in-time-produksjonsplaner krever nye m\u00e5ter \u00e5 optimalisere lagring og materialflyt p\u00e5.<\/p>\n\n\n<p><\/p>\n\n\n\n<p>Element Logic hjelper produsenter med \u00e5 effektivisere lagring av komponenter, forbedre materialh\u00e5ndtering og akselerere ordreoppfyllelse med automasjon tilpasset komplekse produksjonsmilj\u00f8er. Med over 40 \u00e5rs ekspertise innen intralogistikk leverer vi systemer som holder produksjonslinjene dine i bevegelse &#8211; p\u00e5litelig, n\u00f8yaktig og kostnadseffektivt.<\/p>\n\n\n\n<div class=\"wp-block-group has-global-padding is-layout-constrained wp-block-group-is-layout-constrained\">\n<h2 class=\"wp-block-heading wp-container-content-1\" id=\"h-utfordringer-i-logistikk-for-produksjon-og-tilvirkning\">Utfordringer i logistikk for produksjon og tilvirkning<\/h2>\n\n\n\n<ul class=\"wp-block-list\">\n<li>H\u00e5ndtere store SKU-kataloger med komponenter, r\u00e5varer og verkt\u00f8y<\/li>\n\n\n\n<li>Synkronisere lagerbeholdning med produksjonsplaner<\/li>\n\n\n\n<li>H\u00e5ndtere h\u00f8ye arbeidskraftbehov for repetitiv materialh\u00e5ndtering<\/li>\n\n\n\n<li>Unng\u00e5 feil eller forsinkelser som risikerer nedetid i produksjonslinjene<\/li>\n\n\n\n<li>Balansere effektivitet med fleksibilitet for \u00e5 m\u00f8te skiftende ettersp\u00f8rsel&nbsp;<\/li>\n<\/ul>\n<\/div>\n\n\n\n\t\t<div style=\"--dekode-hero-dim:0.5; --t2-icon-fill:var(--wp--preset--color--white);\" class=\"alignfull dekode-hero-content-position-center has-media-background wp-block-dekode-hero has-text-color has-white-color\">\n\t\t\t\t\t<video\n\t\t\tautoplay\n\t\t\tloop\n\t\t\tmuted\n\t\t\tplaysinline\n\t\t\tposter=\"\"\n\t\t\tsrc=\"https:\/\/www.elementlogic.net\/content\/uploads\/2024\/07\/solutions-and-services.mp4\">\n\t\t<\/video>\n\t\t\n\t\t\t<div class=\"dekode-hero__content\">\n\t\t\t\t<div class=\"dekode-hero__container\">\n\t\t\t\t\t\n\n<h2 class=\"wp-block-heading\" id=\"h-betrodd-av-ledende-produsenter\">Betrodd av ledende produsenter:<\/h2>\n\n\n\t\t\t\t<\/div>\n\t\t\t<\/div>\n\t\t<\/div>\n\t\t\n\n<div class=\"t2-featured-content-layout alignwide wp-block-t2-featured-content-layout\">\n<div class=\"t2-featured-query-post t2-featured-content is-post-type-case case_tax-deler-og-distribusjon wp-block-t2-featured-query-post\"><a class=\"t2-post-link wp-block-t2-post-link\" href=\"https:\/\/www.elementlogic.net\/no\/cases\/meko-har-samlet-logistikken-i-element-logic-sin-mest-avanserte-automasjonsinstallasjon-i-norge\/\">\n\t<div class=\"client-logo-image-wrapper\"><img loading=\"lazy\" decoding=\"async\" width=\"300\" height=\"58\" src=\"https:\/\/www.elementlogic.net\/content\/uploads\/sites\/10\/2025\/11\/meko_logotype_lightgreen-300x58.png\" class=\"client-logo-image\" alt=\"MEKO logo\" \/><\/div>\n\t<figure style=\"--t2-focal-point: 50% 50%;\" class=\"t2-post-featured-image has-image-ratio-3-2 wp-block-t2-post-featured-image\"><img loading=\"lazy\" decoding=\"async\" width=\"2400\" height=\"1350\" src=\"https:\/\/www.elementlogic.net\/content\/uploads\/sites\/10\/2025\/05\/Meko_norja_020924_rit_2.png\" class=\"attachment-post-thumbnail size-post-thumbnail wp-post-image\" alt=\"Automasjon i MEKO sitt lager\" srcset=\"https:\/\/www.elementlogic.net\/content\/uploads\/sites\/10\/2025\/05\/Meko_norja_020924_rit_2.png 2400w, https:\/\/www.elementlogic.net\/content\/uploads\/sites\/10\/2025\/05\/Meko_norja_020924_rit_2-300x169.png 300w, https:\/\/www.elementlogic.net\/content\/uploads\/sites\/10\/2025\/05\/Meko_norja_020924_rit_2-1024x576.png 1024w, https:\/\/www.elementlogic.net\/content\/uploads\/sites\/10\/2025\/05\/Meko_norja_020924_rit_2-768x432.png 768w, https:\/\/www.elementlogic.net\/content\/uploads\/sites\/10\/2025\/05\/Meko_norja_020924_rit_2-1536x864.png 1536w, https:\/\/www.elementlogic.net\/content\/uploads\/sites\/10\/2025\/05\/Meko_norja_020924_rit_2-2048x1152.png 2048w\" sizes=\"(max-width: 2400px) 100vw, 2400px\" \/><\/figure>\n\t\n<\/a>\n\n\t\t<div class=\"card-content wp-block-t2-wrapper\">\n\t<div class=\"wp-block-dekode-post-terms\"><span>Deler og distribusjon<\/span><\/div>\n\t<h3 class=\"t2-post-title wp-block-t2-post-title\"><a href=\"https:\/\/www.elementlogic.net\/no\/cases\/meko-har-samlet-logistikken-i-element-logic-sin-mest-avanserte-automasjonsinstallasjon-i-norge\/\" target=\"_self\" >MEKO har samlet logistikken i Element Logic sin mest avanserte automasjonsinstallasjon i Norge<\/a><\/h3>\n\t<div class=\"t2-post-excerpt wp-block-t2-post-excerpt\"><p>Et samlet logistikkhjerte for hele Norge Tidligere var Meko Norges lagerstruktur spredt over flere lokasjoner \u2013 med b\u00e5de lokale lagre [&hellip;]<\/p><\/div>\n<\/div>\n<\/div>\n\n<div class=\"t2-featured-query-post t2-featured-content is-post-type-case case_tax-deler-og-distribusjon wp-block-t2-featured-query-post\"><a class=\"t2-post-link wp-block-t2-post-link\" href=\"https:\/\/www.elementlogic.net\/no\/cases\/element-logic-satte-en-ny-standard-for-bildeler-nos-effektivitet\/\">\n\t<div class=\"client-logo-image-wrapper\"><img loading=\"lazy\" decoding=\"async\" width=\"300\" height=\"87\" src=\"https:\/\/www.elementlogic.net\/content\/uploads\/sites\/10\/2025\/02\/eVWPLDDQ9V-300x87.avif\" class=\"client-logo-image\" alt=\"\" \/><\/div>\n\t<figure style=\"--t2-focal-point: 50% 50%;\" class=\"t2-post-featured-image has-image-ratio-3-2 wp-block-t2-post-featured-image\"><img loading=\"lazy\" decoding=\"async\" width=\"2560\" height=\"1707\" src=\"https:\/\/www.elementlogic.net\/content\/uploads\/sites\/10\/2025\/02\/ELE_00621-scaled.jpg\" class=\"attachment-post-thumbnail size-post-thumbnail wp-post-image\" alt=\"AutoStore grid with robots\" srcset=\"https:\/\/www.elementlogic.net\/content\/uploads\/sites\/10\/2025\/02\/ELE_00621-scaled.jpg 2560w, https:\/\/www.elementlogic.net\/content\/uploads\/sites\/10\/2025\/02\/ELE_00621-300x200.jpg 300w, https:\/\/www.elementlogic.net\/content\/uploads\/sites\/10\/2025\/02\/ELE_00621-1024x683.jpg 1024w, https:\/\/www.elementlogic.net\/content\/uploads\/sites\/10\/2025\/02\/ELE_00621-768x512.jpg 768w, https:\/\/www.elementlogic.net\/content\/uploads\/sites\/10\/2025\/02\/ELE_00621-1536x1024.jpg 1536w, https:\/\/www.elementlogic.net\/content\/uploads\/sites\/10\/2025\/02\/ELE_00621-2048x1365.jpg 2048w\" sizes=\"(max-width: 2560px) 100vw, 2560px\" \/><\/figure>\n\t\n<\/a>\n\n\t\t<div class=\"card-content wp-block-t2-wrapper\">\n\t<div class=\"wp-block-dekode-post-terms\"><span>Deler og distribusjon<\/span><\/div>\n\t<h3 class=\"t2-post-title wp-block-t2-post-title\"><a href=\"https:\/\/www.elementlogic.net\/no\/cases\/element-logic-satte-en-ny-standard-for-bildeler-nos-effektivitet\/\" target=\"_self\" >Element Logic satte en ny standard for Bildeler.no\u2019s effektivitet<\/a><\/h3>\n\t<div class=\"t2-post-excerpt wp-block-t2-post-excerpt\"><p>En strategi for \u00e5 fremtidssikre leveransen Bildeler.no er en ledende leverand\u00f8r av bildeler og tilbeh\u00f8r, med et bredt sortiment for [&hellip;]<\/p><\/div>\n<\/div>\n<\/div>\n\n<div class=\"t2-featured-query-post t2-featured-content is-post-type-case case_tax-deler-og-distribusjon case_tax-retail wp-block-t2-featured-query-post\"><a class=\"t2-post-link wp-block-t2-post-link\" href=\"https:\/\/www.elementlogic.net\/no\/cases\/autostore-losning-i-butikk-skaper-unik-handleopplevelse-hos-peterhans\/\">\n\t<div class=\"client-logo-image-wrapper\"><img loading=\"lazy\" decoding=\"async\" width=\"300\" height=\"228\" src=\"https:\/\/www.elementlogic.net\/content\/uploads\/sites\/10\/\/2024\/09\/Peterhans-Logo-300x228.jpg\" class=\"client-logo-image\" alt=\"\" \/><\/div>\n\t<figure style=\"--t2-focal-point: 50% 50%;\" class=\"t2-post-featured-image has-image-ratio-3-2 wp-block-t2-post-featured-image\"><img loading=\"lazy\" decoding=\"async\" width=\"1920\" height=\"1278\" src=\"https:\/\/www.elementlogic.net\/content\/uploads\/sites\/10\/\/2024\/09\/Peterhans_AutoStore_overview.jpg\" class=\"attachment-post-thumbnail size-post-thumbnail wp-post-image\" alt=\"\" srcset=\"https:\/\/www.elementlogic.net\/content\/uploads\/sites\/10\/2024\/09\/Peterhans_AutoStore_overview.jpg 1920w, https:\/\/www.elementlogic.net\/content\/uploads\/sites\/10\/2024\/09\/Peterhans_AutoStore_overview-300x200.jpg 300w, https:\/\/www.elementlogic.net\/content\/uploads\/sites\/10\/2024\/09\/Peterhans_AutoStore_overview-1024x682.jpg 1024w, https:\/\/www.elementlogic.net\/content\/uploads\/sites\/10\/2024\/09\/Peterhans_AutoStore_overview-768x511.jpg 768w, https:\/\/www.elementlogic.net\/content\/uploads\/sites\/10\/2024\/09\/Peterhans_AutoStore_overview-1536x1022.jpg 1536w\" sizes=\"(max-width: 1920px) 100vw, 1920px\" \/><\/figure>\n\t\n<\/a>\n\n\t\t<div class=\"card-content wp-block-t2-wrapper\">\n\t<div class=\"wp-block-dekode-post-terms\"><span>Deler og distribusjon<\/span><span>Retail<\/span><\/div>\n\t<h3 class=\"t2-post-title wp-block-t2-post-title\"><a href=\"https:\/\/www.elementlogic.net\/no\/cases\/autostore-losning-i-butikk-skaper-unik-handleopplevelse-hos-peterhans\/\" target=\"_self\" >AutoStore-l\u00f8sning i butikk skaper unik handleopplevelse hos Peterhans<\/a><\/h3>\n\t<div class=\"t2-post-excerpt wp-block-t2-post-excerpt\"><p>Hos Peterhans Handwerkercenter i Sveits kan kunder se hvordan deres bestillinger h\u00e5ndteres i AutoStore-l\u00f8sningen mens de er i butikken. Fysisk butikk kombinert med lagerlokale, ofte kalt Micro fulfilment center (MFC), er en god m\u00e5te \u00e5 kunne tilfredsstille et stadig \u00f8kende krav fra kunder. MFC-l\u00f8sningen til Peterhans gir fleksibilitet, forutsigbarhet og raske leveranser til kunder som bes\u00f8ker butikken, samtidig som nettbutikkens kunder blir ivaretatt.<\/p><\/div>\n<\/div>\n<\/div>\n<\/div>\n\n\n<div class=\"wp-block-buttons is-layout-flex wp-block-buttons-is-layout-flex\">\n<div class=\"wp-block-button\"><a class=\"wp-block-button__link wp-element-button\" href=\"https:\/\/www.elementlogic.net\/no\/cases\/\">Utforsk flere caser<\/a><\/div>\n<\/div>\n\n\n\n<div class=\"wp-block-group alignwide has-global-padding is-layout-constrained wp-block-group-is-layout-constrained\">\n<h2 class=\"wp-block-heading wp-container-content-2\" id=\"h-hvorfor-produsenter-velger-element-logic\">Hvorfor produsenter velger Element Logic<\/h2>\n\n\n\n<ul class=\"wp-block-list\">\n<li>Sikre <strong>linjekontinuitet<\/strong> med p\u00e5litelig materialtilgjengelighet<\/li>\n\n\n\n<li><strong>Redusere nedetid<\/strong> ved \u00e5 eliminere feil og flaskehalser<\/li>\n\n\n\n<li><strong>Forbedre arbeidseffektiviteten<\/strong> ved \u00e5 automatisere repetitive oppgaver<\/li>\n\n\n\n<li><strong>Skalere produksjonskapasiteten<\/strong> med fleksible, fremtidsrettede l\u00f8sninger&nbsp;<\/li>\n<\/ul>\n<\/div>\n\n\n\n<div style=\"height:100px\" aria-hidden=\"true\" class=\"wp-block-spacer\"><\/div>\n\n\n\n\t\t<div style=\"--dekode-hero-dim:0.6; --t2-icon-fill:var(--wp--preset--color--white);\" class=\"alignfull dekode-hero-content-position-center has-media-background wp-block-dekode-hero has-text-color has-white-color\">\n\t\t\t<img loading=\"lazy\" decoding=\"async\" width=\"1024\" height=\"683\" src=\"https:\/\/www.elementlogic.net\/content\/uploads\/sites\/10\/2026\/03\/manufacturing-1-1024x683.png\" class=\"dekode-hero__image\" alt=\"Manufacturing &amp; Production\" style=\"--focalpoint: 75% 71%;\" srcset=\"https:\/\/www.elementlogic.net\/content\/uploads\/sites\/10\/2026\/03\/manufacturing-1-1024x683.png 1024w, https:\/\/www.elementlogic.net\/content\/uploads\/sites\/10\/2026\/03\/manufacturing-1-300x200.png 300w, https:\/\/www.elementlogic.net\/content\/uploads\/sites\/10\/2026\/03\/manufacturing-1-768x512.png 768w, https:\/\/www.elementlogic.net\/content\/uploads\/sites\/10\/2026\/03\/manufacturing-1.png 1536w\" sizes=\"(max-width: 1024px) 100vw, 1024px\" \/>\n\t\t\t<div class=\"dekode-hero__content\">\n\t\t\t\t<div class=\"dekode-hero__container\">\n\t\t\t\t\t\n\n<h1 class=\"wp-block-heading\" id=\"h-hold-produksjonslinjene-dine-i-bevegelse-med-lagerautomasjon\"><strong>Hold produksjonslinjene dine i bevegelse med lagerautomasjon.<\/strong><\/h1>\n\n\n\n<div class=\"wp-block-buttons is-layout-flex wp-block-buttons-is-layout-flex\">\n<div class=\"wp-block-button http:\/\/hs-cta-trigger-button hs-cta-trigger-button-195241208906\"><a class=\"wp-block-button__link wp-element-button\" href=\"https:\/\/www.elementlogic.net\/no\/book-gratis-konsultasjon\/\">Kontakt oss i dag<\/a><\/div>\n<\/div>\n\n\n\t\t\t\t<\/div>\n\t\t\t<\/div>\n\t\t<\/div>\n\t\t","protected":false},"excerpt":{"rendered":"<p>Element Logic hjelper produsenter med \u00e5 effektivisere lagring av komponenter, forbedre materialh\u00e5ndtering og akselerere ordreoppfyllelse med automasjon tilpasset komplekse produksjonsmilj\u00f8er. [&hellip;]<\/p>\n","protected":false},"author":2,"featured_media":22432,"parent":22091,"menu_order":0,"comment_status":"closed","ping_status":"closed","template":"","meta":{"hreflang_relation":0,"_el_cross_publish_source_blog_url":"","_el_cross_publish_source_blog_id":0,"_el_cross_publish_source_post_id":0,"_el_cross_publish_sync_state":"","exclude_from_search":false,"footnotes":""},"class_list":["post-22076","page","type-page","status-publish","has-post-thumbnail","hentry"],"yoast_head":"<!-- This site is optimized with the Yoast SEO Premium plugin v23.9 (Yoast SEO v23.9) - https:\/\/yoast.com\/wordpress\/plugins\/seo\/ -->\n<title>Produksjon &amp; tilvirkning | Element Logic Norway<\/title>\n<meta name=\"description\" content=\"Lagerautomasjon for produksjon som sikrer materialflyt, reduserer nedetid og styrker effektiviteten i produksjonen.\" \/>\n<meta name=\"robots\" content=\"index, follow, max-snippet:-1, max-image-preview:large, max-video-preview:-1\" \/>\n<link rel=\"canonical\" href=\"https:\/\/www.elementlogic.net\/no\/bransjer\/produksjon-tilvirkning\/\" \/>\n<meta property=\"og:locale\" content=\"nb_NO\" \/>\n<meta property=\"og:type\" content=\"article\" \/>\n<meta property=\"og:title\" content=\"Produksjon &amp; tilvirkning\" \/>\n<meta property=\"og:description\" content=\"Lagerautomasjon for produksjon som sikrer materialflyt, reduserer nedetid og styrker effektiviteten i produksjonen.\" \/>\n<meta property=\"og:url\" content=\"https:\/\/www.elementlogic.net\/no\/bransjer\/produksjon-tilvirkning\/\" \/>\n<meta property=\"og:site_name\" content=\"Element Logic Norway\" \/>\n<meta property=\"article:modified_time\" content=\"2026-03-26T09:36:33+00:00\" \/>\n<meta property=\"og:image\" content=\"https:\/\/www.elementlogic.net\/content\/uploads\/sites\/10\/2026\/03\/ElementLogic_Conveyors-in-action-768x513-1-3-1.jpg\" \/>\n\t<meta property=\"og:image:width\" content=\"768\" \/>\n\t<meta property=\"og:image:height\" content=\"513\" \/>\n\t<meta property=\"og:image:type\" content=\"image\/jpeg\" \/>\n<meta name=\"twitter:card\" content=\"summary_large_image\" \/>\n<meta name=\"twitter:label1\" content=\"Ansl. lesetid\" \/>\n\t<meta name=\"twitter:data1\" content=\"1 minutt\" \/>\n<script type=\"application\/ld+json\" class=\"yoast-schema-graph\">{\"@context\":\"https:\/\/schema.org\",\"@graph\":[{\"@type\":\"WebPage\",\"@id\":\"https:\/\/www.elementlogic.net\/no\/bransjer\/produksjon-tilvirkning\/\",\"url\":\"https:\/\/www.elementlogic.net\/no\/bransjer\/produksjon-tilvirkning\/\",\"name\":\"Produksjon &amp; tilvirkning | Element Logic Norway\",\"isPartOf\":{\"@id\":\"https:\/\/www.elementlogic.net\/no\/#website\"},\"primaryImageOfPage\":{\"@id\":\"https:\/\/www.elementlogic.net\/no\/bransjer\/produksjon-tilvirkning\/#primaryimage\"},\"image\":{\"@id\":\"https:\/\/www.elementlogic.net\/no\/bransjer\/produksjon-tilvirkning\/#primaryimage\"},\"thumbnailUrl\":\"https:\/\/www.elementlogic.net\/content\/uploads\/sites\/10\/2026\/03\/ElementLogic_Conveyors-in-action-768x513-1-3-1.jpg\",\"datePublished\":\"2026-03-25T13:32:22+00:00\",\"dateModified\":\"2026-03-26T09:36:33+00:00\",\"description\":\"Lagerautomasjon for produksjon som sikrer materialflyt, reduserer nedetid og styrker effektiviteten i produksjonen.\",\"breadcrumb\":{\"@id\":\"https:\/\/www.elementlogic.net\/no\/bransjer\/produksjon-tilvirkning\/#breadcrumb\"},\"inLanguage\":\"nb-NO\",\"potentialAction\":[{\"@type\":\"ReadAction\",\"target\":[\"https:\/\/www.elementlogic.net\/no\/bransjer\/produksjon-tilvirkning\/\"]}]},{\"@type\":\"ImageObject\",\"inLanguage\":\"nb-NO\",\"@id\":\"https:\/\/www.elementlogic.net\/no\/bransjer\/produksjon-tilvirkning\/#primaryimage\",\"url\":\"https:\/\/www.elementlogic.net\/content\/uploads\/sites\/10\/2026\/03\/ElementLogic_Conveyors-in-action-768x513-1-3-1.jpg\",\"contentUrl\":\"https:\/\/www.elementlogic.net\/content\/uploads\/sites\/10\/2026\/03\/ElementLogic_Conveyors-in-action-768x513-1-3-1.jpg\",\"width\":768,\"height\":513,\"caption\":\"Automasjon for Produksjon & tilvirkning\"},{\"@type\":\"BreadcrumbList\",\"@id\":\"https:\/\/www.elementlogic.net\/no\/bransjer\/produksjon-tilvirkning\/#breadcrumb\",\"itemListElement\":[{\"@type\":\"ListItem\",\"position\":1,\"name\":\"Bransjer\",\"item\":\"https:\/\/www.elementlogic.net\/no\/bransjer\/\"},{\"@type\":\"ListItem\",\"position\":2,\"name\":\"Produksjon &amp; tilvirkning\"}]},{\"@type\":\"WebSite\",\"@id\":\"https:\/\/www.elementlogic.net\/no\/#website\",\"url\":\"https:\/\/www.elementlogic.net\/no\/\",\"name\":\"Element Logic Norway\",\"description\":\"\",\"alternateName\":\"Element Logic\",\"potentialAction\":[{\"@type\":\"SearchAction\",\"target\":{\"@type\":\"EntryPoint\",\"urlTemplate\":\"https:\/\/www.elementlogic.net\/no\/?s={search_term_string}\"},\"query-input\":{\"@type\":\"PropertyValueSpecification\",\"valueRequired\":true,\"valueName\":\"search_term_string\"}}],\"inLanguage\":\"nb-NO\"}]}<\/script>\n<!-- \/ Yoast SEO Premium plugin. -->","yoast_head_json":{"title":"Produksjon &amp; tilvirkning | Element Logic Norway","description":"Lagerautomasjon for produksjon som sikrer materialflyt, reduserer nedetid og styrker effektiviteten i produksjonen.","robots":{"index":"index","follow":"follow","max-snippet":"max-snippet:-1","max-image-preview":"max-image-preview:large","max-video-preview":"max-video-preview:-1"},"canonical":"https:\/\/www.elementlogic.net\/no\/bransjer\/produksjon-tilvirkning\/","og_locale":"nb_NO","og_type":"article","og_title":"Produksjon &amp; tilvirkning","og_description":"Lagerautomasjon for produksjon som sikrer materialflyt, reduserer nedetid og styrker effektiviteten i produksjonen.","og_url":"https:\/\/www.elementlogic.net\/no\/bransjer\/produksjon-tilvirkning\/","og_site_name":"Element Logic Norway","article_modified_time":"2026-03-26T09:36:33+00:00","og_image":[{"width":768,"height":513,"url":"https:\/\/www.elementlogic.net\/content\/uploads\/sites\/10\/2026\/03\/ElementLogic_Conveyors-in-action-768x513-1-3-1.jpg","type":"image\/jpeg"}],"twitter_card":"summary_large_image","twitter_misc":{"Ansl. lesetid":"1 minutt"},"schema":{"@context":"https:\/\/schema.org","@graph":[{"@type":"WebPage","@id":"https:\/\/www.elementlogic.net\/no\/bransjer\/produksjon-tilvirkning\/","url":"https:\/\/www.elementlogic.net\/no\/bransjer\/produksjon-tilvirkning\/","name":"Produksjon &amp; tilvirkning | Element Logic Norway","isPartOf":{"@id":"https:\/\/www.elementlogic.net\/no\/#website"},"primaryImageOfPage":{"@id":"https:\/\/www.elementlogic.net\/no\/bransjer\/produksjon-tilvirkning\/#primaryimage"},"image":{"@id":"https:\/\/www.elementlogic.net\/no\/bransjer\/produksjon-tilvirkning\/#primaryimage"},"thumbnailUrl":"https:\/\/www.elementlogic.net\/content\/uploads\/sites\/10\/2026\/03\/ElementLogic_Conveyors-in-action-768x513-1-3-1.jpg","datePublished":"2026-03-25T13:32:22+00:00","dateModified":"2026-03-26T09:36:33+00:00","description":"Lagerautomasjon for produksjon som sikrer materialflyt, reduserer nedetid og styrker effektiviteten i produksjonen.","breadcrumb":{"@id":"https:\/\/www.elementlogic.net\/no\/bransjer\/produksjon-tilvirkning\/#breadcrumb"},"inLanguage":"nb-NO","potentialAction":[{"@type":"ReadAction","target":["https:\/\/www.elementlogic.net\/no\/bransjer\/produksjon-tilvirkning\/"]}]},{"@type":"ImageObject","inLanguage":"nb-NO","@id":"https:\/\/www.elementlogic.net\/no\/bransjer\/produksjon-tilvirkning\/#primaryimage","url":"https:\/\/www.elementlogic.net\/content\/uploads\/sites\/10\/2026\/03\/ElementLogic_Conveyors-in-action-768x513-1-3-1.jpg","contentUrl":"https:\/\/www.elementlogic.net\/content\/uploads\/sites\/10\/2026\/03\/ElementLogic_Conveyors-in-action-768x513-1-3-1.jpg","width":768,"height":513,"caption":"Automasjon for Produksjon & tilvirkning"},{"@type":"BreadcrumbList","@id":"https:\/\/www.elementlogic.net\/no\/bransjer\/produksjon-tilvirkning\/#breadcrumb","itemListElement":[{"@type":"ListItem","position":1,"name":"Bransjer","item":"https:\/\/www.elementlogic.net\/no\/bransjer\/"},{"@type":"ListItem","position":2,"name":"Produksjon &amp; tilvirkning"}]},{"@type":"WebSite","@id":"https:\/\/www.elementlogic.net\/no\/#website","url":"https:\/\/www.elementlogic.net\/no\/","name":"Element Logic Norway","description":"","alternateName":"Element Logic","potentialAction":[{"@type":"SearchAction","target":{"@type":"EntryPoint","urlTemplate":"https:\/\/www.elementlogic.net\/no\/?s={search_term_string}"},"query-input":{"@type":"PropertyValueSpecification","valueRequired":true,"valueName":"search_term_string"}}],"inLanguage":"nb-NO"}]}},"_links":{"self":[{"href":"https:\/\/www.elementlogic.net\/no\/wp-json\/wp\/v2\/pages\/22076"}],"collection":[{"href":"https:\/\/www.elementlogic.net\/no\/wp-json\/wp\/v2\/pages"}],"about":[{"href":"https:\/\/www.elementlogic.net\/no\/wp-json\/wp\/v2\/types\/page"}],"author":[{"embeddable":true,"href":"https:\/\/www.elementlogic.net\/no\/wp-json\/wp\/v2\/users\/2"}],"replies":[{"embeddable":true,"href":"https:\/\/www.elementlogic.net\/no\/wp-json\/wp\/v2\/comments?post=22076"}],"version-history":[{"count":5,"href":"https:\/\/www.elementlogic.net\/no\/wp-json\/wp\/v2\/pages\/22076\/revisions"}],"predecessor-version":[{"id":22729,"href":"https:\/\/www.elementlogic.net\/no\/wp-json\/wp\/v2\/pages\/22076\/revisions\/22729"}],"up":[{"embeddable":true,"href":"https:\/\/www.elementlogic.net\/no\/wp-json\/wp\/v2\/pages\/22091"}],"wp:featuredmedia":[{"embeddable":true,"href":"https:\/\/www.elementlogic.net\/no\/wp-json\/wp\/v2\/media\/22432"}],"wp:attachment":[{"href":"https:\/\/www.elementlogic.net\/no\/wp-json\/wp\/v2\/media?parent=22076"}],"curies":[{"name":"wp","href":"https:\/\/api.w.org\/{rel}","templated":true}]}}