{"id":22078,"date":"2026-03-25T13:34:32","date_gmt":"2026-03-25T13:34:32","guid":{"rendered":"https:\/\/www.elementlogic.net\/no\/?page_id=22078"},"modified":"2026-03-26T09:36:57","modified_gmt":"2026-03-26T09:36:57","slug":"reservedeler-og-distribusjon","status":"publish","type":"page","link":"https:\/\/www.elementlogic.net\/no\/bransjer\/reservedeler-og-distribusjon\/","title":{"rendered":"Reservedeler og distribusjon"},"content":{"rendered":"\n\t\t<div style=\"--dekode-hero-dim:0.5; --t2-icon-fill:var(--wp--preset--color--white);\" class=\"alignfull dekode-hero-content-position-center has-media-background wp-block-dekode-hero has-text-color has-white-color\">\n\t\t\t<img loading=\"lazy\" decoding=\"async\" width=\"1024\" height=\"683\" src=\"https:\/\/www.elementlogic.net\/content\/uploads\/sites\/10\/2026\/03\/Parts-distribution-v2-1-1024x683.png\" class=\"dekode-hero__image\" alt=\"Parts and distribution\" style=\"--focalpoint: 50% 90%;\" srcset=\"https:\/\/www.elementlogic.net\/content\/uploads\/sites\/10\/2026\/03\/Parts-distribution-v2-1-1024x683.png 1024w, https:\/\/www.elementlogic.net\/content\/uploads\/sites\/10\/2026\/03\/Parts-distribution-v2-1-300x200.png 300w, https:\/\/www.elementlogic.net\/content\/uploads\/sites\/10\/2026\/03\/Parts-distribution-v2-1-768x512.png 768w, https:\/\/www.elementlogic.net\/content\/uploads\/sites\/10\/2026\/03\/Parts-distribution-v2-1.png 1536w\" sizes=\"(max-width: 1024px) 100vw, 1024px\" \/>\n\t\t\t<div class=\"dekode-hero__content\">\n\t\t\t\t<div class=\"dekode-hero__container\">\n\t\t\t\t\t\n\n<p><\/p>\n\n\n\n<h1 class=\"wp-block-heading\" id=\"h-reservedeler-og-distribusjon\">Reservedeler og distribusjon<\/h1>\n\n\n<p class=\"t2-ingress wp-block-t2-ingress\">Raskt, n\u00f8yaktig, alltid tilgjengelig<\/p>\n\n\n<div class=\"wp-block-buttons is-layout-flex wp-block-buttons-is-layout-flex\">\n<div class=\"wp-block-button hs-cta-trigger-button hs-cta-trigger-button-195241208906 has-icon has-icon-theme_arrow\"><a class=\"wp-block-button__link wp-element-button\" href=\"https:\/\/www.elementlogic.net\/no\/book-gratis-konsultasjon\/\">Contact us<svg xmlns=\"http:\/\/www.w3.org\/2000\/svg\" viewBox=\"0 0 24 24\" height=\"24\" width=\"24\" class=\"t2-icon t2-icon-theme_arrow\" aria-hidden=\"true\" focusable=\"false\"><path d=\"M16.627 12.75H5.25C5.03717 12.75 4.859 12.6782 4.7155 12.5345C4.57183 12.391 4.5 12.2128 4.5 12C4.5 11.7872 4.57183 11.609 4.7155 11.4655C4.859 11.3218 5.03717 11.25 5.25 11.25H16.627L11.4577 6.08076C11.3091 5.93209 11.2357 5.75809 11.2375 5.55876C11.2395 5.35942 11.318 5.18217 11.473 5.02701C11.6282 4.88217 11.8038 4.80717 12 4.80201C12.1962 4.79684 12.3718 4.87184 12.527 5.02701L18.8673 11.3673C18.9609 11.4609 19.0269 11.5597 19.0652 11.6635C19.1037 11.7673 19.123 11.8795 19.123 12C19.123 12.1205 19.1037 12.2327 19.0652 12.3365C19.0269 12.4403 18.9609 12.5391 18.8673 12.6328L12.527 18.973C12.3885 19.1115 12.217 19.1823 12.0125 19.1855C11.808 19.1887 11.6282 19.1178 11.473 18.973C11.318 18.8178 11.2405 18.6397 11.2405 18.4385C11.2405 18.2372 11.318 18.0589 11.473 17.9038L16.627 12.75Z\" fill=\"var(--t2-icon-fill, #000)\"\/><\/svg><\/a><\/div>\n<\/div>\n\n\n\t\t\t\t<\/div>\n\t\t\t<\/div>\n\t\t<\/div>\n\t\t\n\n<p class=\"t2-ingress wp-block-t2-ingress\">Innen reservedeler og distribusjon avgj\u00f8r hastighet og presisjon suksessen. Enten det gjelder bildeler, industrielle komponenter eller ettermarkedsdeler, forventer kundene riktig del, med en gang. Med omfattende SKU-kataloger, uforutsigbar ettersp\u00f8rsel og press for \u00e5 m\u00f8te stramme leveringsvinduer, kan distribut\u00f8rer ikke lenger stole p\u00e5 manuelle prosesser for \u00e5 holde tritt.<\/p>\n\n\n<p><\/p>\n\n\n\n<p>Element Logic hjelper distribut\u00f8rer innen reservedeler og distribusjon med \u00e5 optimalisere lagring, akselerere ordreoppfyllelse og eliminere kostbare feil. Med over 40 \u00e5rs erfaring innen intralogistikk leverer vi automasjon som holder delene i bevegelse &#8211; slik at kundene dine aldri m\u00e5 vente.<\/p>\n\n\n\n<div class=\"wp-block-group has-global-padding is-layout-constrained wp-block-group-is-layout-constrained\">\n<h2 class=\"wp-block-heading wp-container-content-1\" id=\"h-utfordringer-innen-reservedeler-og-distribusjon-nbsp\"><strong>Utfordringer innen reservedeler og distribusjon<\/strong>&nbsp;<\/h2>\n\n\n\n<ul class=\"wp-block-list\">\n<li>H\u00e5ndtere titusenvis av SKU-er, fra sm\u00e5 skruer til store komponenter<\/li>\n\n\n\n<li>M\u00f8te forventningene om levering samme dag eller neste dag<\/li>\n\n\n\n<li>Redusere h\u00f8ye feilkostnader fra feilaktige delleveranser<\/li>\n\n\n\n<li>H\u00e5ndtere mangel p\u00e5 arbeidskraft i repetitive plukk- og pakkeoppgaver<\/li>\n\n\n\n<li>H\u00e5ndtere komplekse ordreprofiler, fra enkeltlinjeordre til komplette kit<\/li>\n<\/ul>\n<\/div>\n\n\n\n\t\t<div style=\"--dekode-hero-dim:0.5; --t2-icon-fill:var(--wp--preset--color--white);\" class=\"alignfull dekode-hero-content-position-center has-media-background wp-block-dekode-hero has-text-color has-white-color\">\n\t\t\t\t\t<video\n\t\t\tautoplay\n\t\t\tloop\n\t\t\tmuted\n\t\t\tplaysinline\n\t\t\tposter=\"\"\n\t\t\tsrc=\"https:\/\/www.elementlogic.net\/content\/uploads\/2024\/07\/solutions-and-services.mp4\">\n\t\t<\/video>\n\t\t\n\t\t\t<div class=\"dekode-hero__content\">\n\t\t\t\t<div class=\"dekode-hero__container\">\n\t\t\t\t\t\n\n<h2 class=\"wp-block-heading\" id=\"h-betrodd-av-ledende-aktorer-innen-reservedeler-og-distribusjon\">Betrodd av ledende akt\u00f8rer innen reservedeler og distribusjon:<\/h2>\n\n\n\t\t\t\t<\/div>\n\t\t\t<\/div>\n\t\t<\/div>\n\t\t\n\n<div class=\"t2-featured-content-layout alignwide wp-block-t2-featured-content-layout\">\n<div class=\"t2-featured-query-post t2-featured-content is-post-type-case case_tax-deler-og-distribusjon wp-block-t2-featured-query-post\"><a class=\"t2-post-link wp-block-t2-post-link\" href=\"https:\/\/www.elementlogic.net\/no\/cases\/meko-har-samlet-logistikken-i-element-logic-sin-mest-avanserte-automasjonsinstallasjon-i-norge\/\">\n\t<div class=\"client-logo-image-wrapper\"><img loading=\"lazy\" decoding=\"async\" width=\"300\" height=\"58\" src=\"https:\/\/www.elementlogic.net\/content\/uploads\/sites\/10\/2025\/11\/meko_logotype_lightgreen-300x58.png\" class=\"client-logo-image\" alt=\"MEKO logo\" \/><\/div>\n\t<figure style=\"--t2-focal-point: 50% 50%;\" class=\"t2-post-featured-image has-image-ratio-3-2 wp-block-t2-post-featured-image\"><img loading=\"lazy\" decoding=\"async\" width=\"2400\" height=\"1350\" src=\"https:\/\/www.elementlogic.net\/content\/uploads\/sites\/10\/2025\/05\/Meko_norja_020924_rit_2.png\" class=\"attachment-post-thumbnail size-post-thumbnail wp-post-image\" alt=\"Automasjon i MEKO sitt lager\" srcset=\"https:\/\/www.elementlogic.net\/content\/uploads\/sites\/10\/2025\/05\/Meko_norja_020924_rit_2.png 2400w, https:\/\/www.elementlogic.net\/content\/uploads\/sites\/10\/2025\/05\/Meko_norja_020924_rit_2-300x169.png 300w, https:\/\/www.elementlogic.net\/content\/uploads\/sites\/10\/2025\/05\/Meko_norja_020924_rit_2-1024x576.png 1024w, https:\/\/www.elementlogic.net\/content\/uploads\/sites\/10\/2025\/05\/Meko_norja_020924_rit_2-768x432.png 768w, https:\/\/www.elementlogic.net\/content\/uploads\/sites\/10\/2025\/05\/Meko_norja_020924_rit_2-1536x864.png 1536w, https:\/\/www.elementlogic.net\/content\/uploads\/sites\/10\/2025\/05\/Meko_norja_020924_rit_2-2048x1152.png 2048w\" sizes=\"(max-width: 2400px) 100vw, 2400px\" \/><\/figure>\n\t\n<\/a>\n\n\t\t<div class=\"card-content wp-block-t2-wrapper\">\n\t<div class=\"wp-block-dekode-post-terms\"><span>Deler og distribusjon<\/span><\/div>\n\t<h3 class=\"t2-post-title wp-block-t2-post-title\"><a href=\"https:\/\/www.elementlogic.net\/no\/cases\/meko-har-samlet-logistikken-i-element-logic-sin-mest-avanserte-automasjonsinstallasjon-i-norge\/\" target=\"_self\" >MEKO har samlet logistikken i Element Logic sin mest avanserte automasjonsinstallasjon i Norge<\/a><\/h3>\n\t<div class=\"t2-post-excerpt wp-block-t2-post-excerpt\"><p>Et samlet logistikkhjerte for hele Norge Tidligere var Meko Norges lagerstruktur spredt over flere lokasjoner \u2013 med b\u00e5de lokale lagre [&hellip;]<\/p><\/div>\n<\/div>\n<\/div>\n\n<div class=\"t2-featured-query-post t2-featured-content is-post-type-case case_tax-deler-og-distribusjon wp-block-t2-featured-query-post\"><a class=\"t2-post-link wp-block-t2-post-link\" href=\"https:\/\/www.elementlogic.net\/no\/cases\/element-logic-satte-en-ny-standard-for-bildeler-nos-effektivitet\/\">\n\t<div class=\"client-logo-image-wrapper\"><img loading=\"lazy\" decoding=\"async\" width=\"300\" height=\"87\" src=\"https:\/\/www.elementlogic.net\/content\/uploads\/sites\/10\/2025\/02\/eVWPLDDQ9V-300x87.avif\" class=\"client-logo-image\" alt=\"\" \/><\/div>\n\t<figure style=\"--t2-focal-point: 50% 50%;\" class=\"t2-post-featured-image has-image-ratio-3-2 wp-block-t2-post-featured-image\"><img loading=\"lazy\" decoding=\"async\" width=\"2560\" height=\"1707\" src=\"https:\/\/www.elementlogic.net\/content\/uploads\/sites\/10\/2025\/02\/ELE_00621-scaled.jpg\" class=\"attachment-post-thumbnail size-post-thumbnail wp-post-image\" alt=\"AutoStore grid with robots\" srcset=\"https:\/\/www.elementlogic.net\/content\/uploads\/sites\/10\/2025\/02\/ELE_00621-scaled.jpg 2560w, https:\/\/www.elementlogic.net\/content\/uploads\/sites\/10\/2025\/02\/ELE_00621-300x200.jpg 300w, https:\/\/www.elementlogic.net\/content\/uploads\/sites\/10\/2025\/02\/ELE_00621-1024x683.jpg 1024w, https:\/\/www.elementlogic.net\/content\/uploads\/sites\/10\/2025\/02\/ELE_00621-768x512.jpg 768w, https:\/\/www.elementlogic.net\/content\/uploads\/sites\/10\/2025\/02\/ELE_00621-1536x1024.jpg 1536w, https:\/\/www.elementlogic.net\/content\/uploads\/sites\/10\/2025\/02\/ELE_00621-2048x1365.jpg 2048w\" sizes=\"(max-width: 2560px) 100vw, 2560px\" \/><\/figure>\n\t\n<\/a>\n\n\t\t<div class=\"card-content wp-block-t2-wrapper\">\n\t<div class=\"wp-block-dekode-post-terms\"><span>Deler og distribusjon<\/span><\/div>\n\t<h3 class=\"t2-post-title wp-block-t2-post-title\"><a href=\"https:\/\/www.elementlogic.net\/no\/cases\/element-logic-satte-en-ny-standard-for-bildeler-nos-effektivitet\/\" target=\"_self\" >Element Logic satte en ny standard for Bildeler.no\u2019s effektivitet<\/a><\/h3>\n\t<div class=\"t2-post-excerpt wp-block-t2-post-excerpt\"><p>En strategi for \u00e5 fremtidssikre leveransen Bildeler.no er en ledende leverand\u00f8r av bildeler og tilbeh\u00f8r, med et bredt sortiment for [&hellip;]<\/p><\/div>\n<\/div>\n<\/div>\n\n<div class=\"t2-featured-query-post t2-featured-content is-post-type-case case_tax-deler-og-distribusjon case_tax-retail wp-block-t2-featured-query-post\"><a class=\"t2-post-link wp-block-t2-post-link\" href=\"https:\/\/www.elementlogic.net\/no\/cases\/autostore-losning-i-butikk-skaper-unik-handleopplevelse-hos-peterhans\/\">\n\t<div class=\"client-logo-image-wrapper\"><img loading=\"lazy\" decoding=\"async\" width=\"300\" height=\"228\" src=\"https:\/\/www.elementlogic.net\/content\/uploads\/sites\/10\/\/2024\/09\/Peterhans-Logo-300x228.jpg\" class=\"client-logo-image\" alt=\"\" \/><\/div>\n\t<figure style=\"--t2-focal-point: 50% 50%;\" class=\"t2-post-featured-image has-image-ratio-3-2 wp-block-t2-post-featured-image\"><img loading=\"lazy\" decoding=\"async\" width=\"1920\" height=\"1278\" src=\"https:\/\/www.elementlogic.net\/content\/uploads\/sites\/10\/\/2024\/09\/Peterhans_AutoStore_overview.jpg\" class=\"attachment-post-thumbnail size-post-thumbnail wp-post-image\" alt=\"\" srcset=\"https:\/\/www.elementlogic.net\/content\/uploads\/sites\/10\/2024\/09\/Peterhans_AutoStore_overview.jpg 1920w, https:\/\/www.elementlogic.net\/content\/uploads\/sites\/10\/2024\/09\/Peterhans_AutoStore_overview-300x200.jpg 300w, https:\/\/www.elementlogic.net\/content\/uploads\/sites\/10\/2024\/09\/Peterhans_AutoStore_overview-1024x682.jpg 1024w, https:\/\/www.elementlogic.net\/content\/uploads\/sites\/10\/2024\/09\/Peterhans_AutoStore_overview-768x511.jpg 768w, https:\/\/www.elementlogic.net\/content\/uploads\/sites\/10\/2024\/09\/Peterhans_AutoStore_overview-1536x1022.jpg 1536w\" sizes=\"(max-width: 1920px) 100vw, 1920px\" \/><\/figure>\n\t\n<\/a>\n\n\t\t<div class=\"card-content wp-block-t2-wrapper\">\n\t<div class=\"wp-block-dekode-post-terms\"><span>Deler og distribusjon<\/span><span>Retail<\/span><\/div>\n\t<h3 class=\"t2-post-title wp-block-t2-post-title\"><a href=\"https:\/\/www.elementlogic.net\/no\/cases\/autostore-losning-i-butikk-skaper-unik-handleopplevelse-hos-peterhans\/\" target=\"_self\" >AutoStore-l\u00f8sning i butikk skaper unik handleopplevelse hos Peterhans<\/a><\/h3>\n\t<div class=\"t2-post-excerpt wp-block-t2-post-excerpt\"><p>Hos Peterhans Handwerkercenter i Sveits kan kunder se hvordan deres bestillinger h\u00e5ndteres i AutoStore-l\u00f8sningen mens de er i butikken. Fysisk butikk kombinert med lagerlokale, ofte kalt Micro fulfilment center (MFC), er en god m\u00e5te \u00e5 kunne tilfredsstille et stadig \u00f8kende krav fra kunder. MFC-l\u00f8sningen til Peterhans gir fleksibilitet, forutsigbarhet og raske leveranser til kunder som bes\u00f8ker butikken, samtidig som nettbutikkens kunder blir ivaretatt.<\/p><\/div>\n<\/div>\n<\/div>\n<\/div>\n\n\n<div class=\"wp-block-buttons is-layout-flex wp-block-buttons-is-layout-flex\">\n<div class=\"wp-block-button\"><a class=\"wp-block-button__link has-text-align-left wp-element-button\" href=\"https:\/\/www.elementlogic.net\/no\/cases\/\">Utforsk flere caser<\/a><\/div>\n<\/div>\n\n\n\n<div class=\"wp-block-group alignwide has-global-padding is-layout-constrained wp-block-group-is-layout-constrained\">\n<h2 class=\"wp-block-heading wp-container-content-2\" id=\"h-hvorfor-aktorer-innen-reservedeler-og-distribusjon-velger-element-logic\">Hvorfor akt\u00f8rer innen reservedeler og distribusjon velger Element Logic<\/h2>\n\n\n\n<ul class=\"wp-block-list\">\n<li>Fremskynd ordreoppfyllelsen for ordre samme dag og neste dag<\/li>\n\n\n\n<li>Reduser kostbare feil med automasjonsdrevet presisjon<\/li>\n\n\n\n<li>Maksimer plassutnyttelsen med ultratette lagringssystemer <\/li>\n\n\n\n<li>Skaler kapasiteten s\u00f8ml\u00f8st for \u00e5 h\u00e5ndtere ettersp\u00f8rselstopper<\/li>\n<\/ul>\n<\/div>\n\n\n\n<div style=\"height:100px\" aria-hidden=\"true\" class=\"wp-block-spacer\"><\/div>\n\n\n\n\t\t<div style=\"--dekode-hero-dim:0.6; --t2-icon-fill:var(--wp--preset--color--white);\" class=\"alignfull dekode-hero-content-position-center has-media-background wp-block-dekode-hero has-text-color has-white-color\">\n\t\t\t<img loading=\"lazy\" decoding=\"async\" width=\"1024\" height=\"1024\" src=\"https:\/\/www.elementlogic.net\/content\/uploads\/sites\/10\/2026\/03\/Parts-distribution-1.png\" class=\"dekode-hero__image\" alt=\"Parts and distribution\" style=\"--focalpoint: 73% 18%;\" srcset=\"https:\/\/www.elementlogic.net\/content\/uploads\/sites\/10\/2026\/03\/Parts-distribution-1.png 1024w, https:\/\/www.elementlogic.net\/content\/uploads\/sites\/10\/2026\/03\/Parts-distribution-1-300x300.png 300w, https:\/\/www.elementlogic.net\/content\/uploads\/sites\/10\/2026\/03\/Parts-distribution-1-150x150.png 150w, https:\/\/www.elementlogic.net\/content\/uploads\/sites\/10\/2026\/03\/Parts-distribution-1-768x768.png 768w\" sizes=\"(max-width: 1024px) 100vw, 1024px\" \/>\n\t\t\t<div class=\"dekode-hero__content\">\n\t\t\t\t<div class=\"dekode-hero__container\">\n\t\t\t\t\t\n\n<h1 class=\"wp-block-heading\" id=\"h-lever-riktig-del-hver-gang-med-automasjon-fra-element-logic\">Lever riktig del, hver gang &#8211; med automasjon fra Element Logic.<\/h1>\n\n\n\n<div class=\"wp-block-buttons is-layout-flex wp-block-buttons-is-layout-flex\">\n<div class=\"wp-block-button http:\/\/hs-cta-trigger-button hs-cta-trigger-button-195241208906\"><a class=\"wp-block-button__link wp-element-button\" href=\"https:\/\/www.elementlogic.net\/no\/book-gratis-konsultasjon\/\">Kontakt oss i dag<\/a><\/div>\n<\/div>\n\n\n\t\t\t\t<\/div>\n\t\t\t<\/div>\n\t\t<\/div>\n\t\t","protected":false},"excerpt":{"rendered":"<p>Element Logic hjelper distribut\u00f8rer innen reservedeler og distribusjon med \u00e5 optimalisere lagring, akselerere ordreoppfyllelse og eliminere kostbare feil. Med over [&hellip;]<\/p>\n","protected":false},"author":2,"featured_media":22498,"parent":22091,"menu_order":0,"comment_status":"closed","ping_status":"closed","template":"","meta":{"hreflang_relation":0,"_el_cross_publish_source_blog_url":"","_el_cross_publish_source_blog_id":0,"_el_cross_publish_source_post_id":0,"_el_cross_publish_sync_state":"","exclude_from_search":false,"footnotes":""},"class_list":["post-22078","page","type-page","status-publish","has-post-thumbnail","hentry"],"yoast_head":"<!-- This site is optimized with the Yoast SEO Premium plugin v23.9 (Yoast SEO v23.9) - https:\/\/yoast.com\/wordpress\/plugins\/seo\/ -->\n<title>Reservedeler og distribusjon | Element Logic Norway<\/title>\n<meta name=\"description\" content=\"Lagerautomasjon for reservedeler og distribusjon som gir raskere levering, h\u00f8y presisjon og skalerbar kapasitet ved \u00f8kende ettersp\u00f8rsel.\" \/>\n<meta name=\"robots\" content=\"index, follow, max-snippet:-1, max-image-preview:large, max-video-preview:-1\" \/>\n<link rel=\"canonical\" href=\"https:\/\/www.elementlogic.net\/no\/bransjer\/reservedeler-og-distribusjon\/\" \/>\n<meta property=\"og:locale\" content=\"nb_NO\" \/>\n<meta property=\"og:type\" content=\"article\" \/>\n<meta property=\"og:title\" content=\"Reservedeler og distribusjon\" \/>\n<meta property=\"og:description\" content=\"Lagerautomasjon for reservedeler og distribusjon som gir raskere levering, h\u00f8y presisjon og skalerbar kapasitet ved \u00f8kende ettersp\u00f8rsel.\" \/>\n<meta property=\"og:url\" content=\"https:\/\/www.elementlogic.net\/no\/bransjer\/reservedeler-og-distribusjon\/\" \/>\n<meta property=\"og:site_name\" content=\"Element Logic Norway\" \/>\n<meta property=\"article:modified_time\" content=\"2026-03-26T09:36:57+00:00\" \/>\n<meta property=\"og:image\" content=\"https:\/\/www.elementlogic.net\/content\/uploads\/sites\/10\/2026\/03\/Wholesale-Automation-3-2.png\" \/>\n\t<meta property=\"og:image:width\" content=\"1024\" \/>\n\t<meta property=\"og:image:height\" content=\"576\" \/>\n\t<meta property=\"og:image:type\" content=\"image\/png\" \/>\n<meta name=\"twitter:card\" content=\"summary_large_image\" \/>\n<meta name=\"twitter:label1\" content=\"Ansl. lesetid\" \/>\n\t<meta name=\"twitter:data1\" content=\"2 minutter\" \/>\n<script type=\"application\/ld+json\" class=\"yoast-schema-graph\">{\"@context\":\"https:\/\/schema.org\",\"@graph\":[{\"@type\":\"WebPage\",\"@id\":\"https:\/\/www.elementlogic.net\/no\/bransjer\/reservedeler-og-distribusjon\/\",\"url\":\"https:\/\/www.elementlogic.net\/no\/bransjer\/reservedeler-og-distribusjon\/\",\"name\":\"Reservedeler og distribusjon | Element Logic Norway\",\"isPartOf\":{\"@id\":\"https:\/\/www.elementlogic.net\/no\/#website\"},\"primaryImageOfPage\":{\"@id\":\"https:\/\/www.elementlogic.net\/no\/bransjer\/reservedeler-og-distribusjon\/#primaryimage\"},\"image\":{\"@id\":\"https:\/\/www.elementlogic.net\/no\/bransjer\/reservedeler-og-distribusjon\/#primaryimage\"},\"thumbnailUrl\":\"https:\/\/www.elementlogic.net\/content\/uploads\/sites\/10\/2026\/03\/Wholesale-Automation-3-2.png\",\"datePublished\":\"2026-03-25T13:34:32+00:00\",\"dateModified\":\"2026-03-26T09:36:57+00:00\",\"description\":\"Lagerautomasjon for reservedeler og distribusjon som gir raskere levering, h\u00f8y presisjon og skalerbar kapasitet ved \u00f8kende ettersp\u00f8rsel.\",\"breadcrumb\":{\"@id\":\"https:\/\/www.elementlogic.net\/no\/bransjer\/reservedeler-og-distribusjon\/#breadcrumb\"},\"inLanguage\":\"nb-NO\",\"potentialAction\":[{\"@type\":\"ReadAction\",\"target\":[\"https:\/\/www.elementlogic.net\/no\/bransjer\/reservedeler-og-distribusjon\/\"]}]},{\"@type\":\"ImageObject\",\"inLanguage\":\"nb-NO\",\"@id\":\"https:\/\/www.elementlogic.net\/no\/bransjer\/reservedeler-og-distribusjon\/#primaryimage\",\"url\":\"https:\/\/www.elementlogic.net\/content\/uploads\/sites\/10\/2026\/03\/Wholesale-Automation-3-2.png\",\"contentUrl\":\"https:\/\/www.elementlogic.net\/content\/uploads\/sites\/10\/2026\/03\/Wholesale-Automation-3-2.png\",\"width\":1024,\"height\":576,\"caption\":\"AutoStore parts and distribution\"},{\"@type\":\"BreadcrumbList\",\"@id\":\"https:\/\/www.elementlogic.net\/no\/bransjer\/reservedeler-og-distribusjon\/#breadcrumb\",\"itemListElement\":[{\"@type\":\"ListItem\",\"position\":1,\"name\":\"Bransjer\",\"item\":\"https:\/\/www.elementlogic.net\/no\/bransjer\/\"},{\"@type\":\"ListItem\",\"position\":2,\"name\":\"Reservedeler og distribusjon\"}]},{\"@type\":\"WebSite\",\"@id\":\"https:\/\/www.elementlogic.net\/no\/#website\",\"url\":\"https:\/\/www.elementlogic.net\/no\/\",\"name\":\"Element Logic Norway\",\"description\":\"\",\"alternateName\":\"Element Logic\",\"potentialAction\":[{\"@type\":\"SearchAction\",\"target\":{\"@type\":\"EntryPoint\",\"urlTemplate\":\"https:\/\/www.elementlogic.net\/no\/?s={search_term_string}\"},\"query-input\":{\"@type\":\"PropertyValueSpecification\",\"valueRequired\":true,\"valueName\":\"search_term_string\"}}],\"inLanguage\":\"nb-NO\"}]}<\/script>\n<!-- \/ Yoast SEO Premium plugin. -->","yoast_head_json":{"title":"Reservedeler og distribusjon | Element Logic Norway","description":"Lagerautomasjon for reservedeler og distribusjon som gir raskere levering, h\u00f8y presisjon og skalerbar kapasitet ved \u00f8kende ettersp\u00f8rsel.","robots":{"index":"index","follow":"follow","max-snippet":"max-snippet:-1","max-image-preview":"max-image-preview:large","max-video-preview":"max-video-preview:-1"},"canonical":"https:\/\/www.elementlogic.net\/no\/bransjer\/reservedeler-og-distribusjon\/","og_locale":"nb_NO","og_type":"article","og_title":"Reservedeler og distribusjon","og_description":"Lagerautomasjon for reservedeler og distribusjon som gir raskere levering, h\u00f8y presisjon og skalerbar kapasitet ved \u00f8kende ettersp\u00f8rsel.","og_url":"https:\/\/www.elementlogic.net\/no\/bransjer\/reservedeler-og-distribusjon\/","og_site_name":"Element Logic Norway","article_modified_time":"2026-03-26T09:36:57+00:00","og_image":[{"width":1024,"height":576,"url":"https:\/\/www.elementlogic.net\/content\/uploads\/sites\/10\/2026\/03\/Wholesale-Automation-3-2.png","type":"image\/png"}],"twitter_card":"summary_large_image","twitter_misc":{"Ansl. lesetid":"2 minutter"},"schema":{"@context":"https:\/\/schema.org","@graph":[{"@type":"WebPage","@id":"https:\/\/www.elementlogic.net\/no\/bransjer\/reservedeler-og-distribusjon\/","url":"https:\/\/www.elementlogic.net\/no\/bransjer\/reservedeler-og-distribusjon\/","name":"Reservedeler og distribusjon | Element Logic Norway","isPartOf":{"@id":"https:\/\/www.elementlogic.net\/no\/#website"},"primaryImageOfPage":{"@id":"https:\/\/www.elementlogic.net\/no\/bransjer\/reservedeler-og-distribusjon\/#primaryimage"},"image":{"@id":"https:\/\/www.elementlogic.net\/no\/bransjer\/reservedeler-og-distribusjon\/#primaryimage"},"thumbnailUrl":"https:\/\/www.elementlogic.net\/content\/uploads\/sites\/10\/2026\/03\/Wholesale-Automation-3-2.png","datePublished":"2026-03-25T13:34:32+00:00","dateModified":"2026-03-26T09:36:57+00:00","description":"Lagerautomasjon for reservedeler og distribusjon som gir raskere levering, h\u00f8y presisjon og skalerbar kapasitet ved \u00f8kende ettersp\u00f8rsel.","breadcrumb":{"@id":"https:\/\/www.elementlogic.net\/no\/bransjer\/reservedeler-og-distribusjon\/#breadcrumb"},"inLanguage":"nb-NO","potentialAction":[{"@type":"ReadAction","target":["https:\/\/www.elementlogic.net\/no\/bransjer\/reservedeler-og-distribusjon\/"]}]},{"@type":"ImageObject","inLanguage":"nb-NO","@id":"https:\/\/www.elementlogic.net\/no\/bransjer\/reservedeler-og-distribusjon\/#primaryimage","url":"https:\/\/www.elementlogic.net\/content\/uploads\/sites\/10\/2026\/03\/Wholesale-Automation-3-2.png","contentUrl":"https:\/\/www.elementlogic.net\/content\/uploads\/sites\/10\/2026\/03\/Wholesale-Automation-3-2.png","width":1024,"height":576,"caption":"AutoStore parts and distribution"},{"@type":"BreadcrumbList","@id":"https:\/\/www.elementlogic.net\/no\/bransjer\/reservedeler-og-distribusjon\/#breadcrumb","itemListElement":[{"@type":"ListItem","position":1,"name":"Bransjer","item":"https:\/\/www.elementlogic.net\/no\/bransjer\/"},{"@type":"ListItem","position":2,"name":"Reservedeler og distribusjon"}]},{"@type":"WebSite","@id":"https:\/\/www.elementlogic.net\/no\/#website","url":"https:\/\/www.elementlogic.net\/no\/","name":"Element Logic Norway","description":"","alternateName":"Element Logic","potentialAction":[{"@type":"SearchAction","target":{"@type":"EntryPoint","urlTemplate":"https:\/\/www.elementlogic.net\/no\/?s={search_term_string}"},"query-input":{"@type":"PropertyValueSpecification","valueRequired":true,"valueName":"search_term_string"}}],"inLanguage":"nb-NO"}]}},"_links":{"self":[{"href":"https:\/\/www.elementlogic.net\/no\/wp-json\/wp\/v2\/pages\/22078"}],"collection":[{"href":"https:\/\/www.elementlogic.net\/no\/wp-json\/wp\/v2\/pages"}],"about":[{"href":"https:\/\/www.elementlogic.net\/no\/wp-json\/wp\/v2\/types\/page"}],"author":[{"embeddable":true,"href":"https:\/\/www.elementlogic.net\/no\/wp-json\/wp\/v2\/users\/2"}],"replies":[{"embeddable":true,"href":"https:\/\/www.elementlogic.net\/no\/wp-json\/wp\/v2\/comments?post=22078"}],"version-history":[{"count":4,"href":"https:\/\/www.elementlogic.net\/no\/wp-json\/wp\/v2\/pages\/22078\/revisions"}],"predecessor-version":[{"id":22731,"href":"https:\/\/www.elementlogic.net\/no\/wp-json\/wp\/v2\/pages\/22078\/revisions\/22731"}],"up":[{"embeddable":true,"href":"https:\/\/www.elementlogic.net\/no\/wp-json\/wp\/v2\/pages\/22091"}],"wp:featuredmedia":[{"embeddable":true,"href":"https:\/\/www.elementlogic.net\/no\/wp-json\/wp\/v2\/media\/22498"}],"wp:attachment":[{"href":"https:\/\/www.elementlogic.net\/no\/wp-json\/wp\/v2\/media?parent=22078"}],"curies":[{"name":"wp","href":"https:\/\/api.w.org\/{rel}","templated":true}]}}