{"id":22080,"date":"2026-03-25T13:52:14","date_gmt":"2026-03-25T13:52:14","guid":{"rendered":"https:\/\/www.elementlogic.net\/no\/?page_id=22080"},"modified":"2026-03-25T13:52:14","modified_gmt":"2026-03-25T13:52:14","slug":"kjolelager","status":"publish","type":"page","link":"https:\/\/www.elementlogic.net\/no\/bransjer\/kjolelager\/","title":{"rendered":"Kj\u00f8lelager"},"content":{"rendered":"\n\t\t<div style=\"--dekode-hero-dim:0.5; --t2-icon-fill:var(--wp--preset--color--white);\" class=\"alignfull dekode-hero-content-position-center has-media-background wp-block-dekode-hero has-text-color has-white-color\">\n\t\t\t<img loading=\"lazy\" decoding=\"async\" width=\"1024\" height=\"683\" src=\"https:\/\/www.elementlogic.net\/content\/uploads\/sites\/10\/2026\/03\/cold-storage2-1-1024x683.png\" class=\"dekode-hero__image\" alt=\"Cold storage\" style=\"--focalpoint: 51% 8%;\" srcset=\"https:\/\/www.elementlogic.net\/content\/uploads\/sites\/10\/2026\/03\/cold-storage2-1-1024x683.png 1024w, https:\/\/www.elementlogic.net\/content\/uploads\/sites\/10\/2026\/03\/cold-storage2-1-300x200.png 300w, https:\/\/www.elementlogic.net\/content\/uploads\/sites\/10\/2026\/03\/cold-storage2-1-768x512.png 768w, https:\/\/www.elementlogic.net\/content\/uploads\/sites\/10\/2026\/03\/cold-storage2-1.png 1536w\" sizes=\"(max-width: 1024px) 100vw, 1024px\" \/>\n\t\t\t<div class=\"dekode-hero__content\">\n\t\t\t\t<div class=\"dekode-hero__container\">\n\t\t\t\t\t\n\n<p><\/p>\n\n\n\n<h1 class=\"wp-block-heading\" id=\"h-kjolelager\">Kj\u00f8lelager<\/h1>\n\n\n<p class=\"t2-ingress wp-block-t2-ingress\">Optimaliser hver grad i lageret ditt<\/p>\n\n\n<div class=\"wp-block-buttons is-layout-flex wp-block-buttons-is-layout-flex\">\n<div class=\"wp-block-button hs-cta-trigger-button hs-cta-trigger-button-195241208906\"><a class=\"wp-block-button__link wp-element-button\" href=\"https:\/\/www.elementlogic.net\/no\/book-gratis-konsultasjon\/\">Kontakt oss<\/a><\/div>\n<\/div>\n\n\n\t\t\t\t<\/div>\n\t\t\t<\/div>\n\t\t<\/div>\n\t\t\n\n<p class=\"t2-ingress wp-block-t2-ingress\">Kj\u00f8lelageroperasjoner st\u00e5r overfor konstant press: \u00f8kende energikostnader, strenge temperaturkrav og bemanningsutfordringer i krevende arbeidsmilj\u00f8er. Samtidig \u00f8ker ettersp\u00f8rselen etter fryste og kj\u00f8lte produkter raskt, fra matvarer til legemidler.<\/p>\n\n\n<p><\/p>\n\n\n\n<p>Element Logic hjelper kj\u00f8lelagerakt\u00f8rer med \u00e5 maksimere kapasiteten, minimere arbeidskraftkostnadene og beskytte produktintegriteten med automasjon utviklet for fryste, kj\u00f8lte og tempererte soner. Med over 40 \u00e5rs erfaring innen intralogistikk gj\u00f8r vi det mulig for virksomheter \u00e5 holde varene i bevegelse med maksimal effektivitet, selv i ekstreme milj\u00f8er.<\/p>\n\n\n\n<div class=\"wp-block-group alignwide has-global-padding is-layout-constrained wp-block-group-is-layout-constrained\">\n<h2 class=\"wp-block-heading wp-container-content-1\" id=\"h-utfordringer-i-kjolelageroperasjoner\">Utfordringer i kj\u00f8lelageroperasjoner<\/h2>\n\n\n\n<ul class=\"wp-block-list\">\n<li>H\u00e5ndtere h\u00f8ye energikostnader samtidig som kubisk lagringsplass optimaliseres<\/li>\n\n\n\n<li>Overvinne mangel p\u00e5 arbeidskraft i milj\u00f8er med lave temperaturer<\/li>\n\n\n\n<li>Opprettholde streng temperaturetterlevelse og sporbarhet<\/li>\n\n\n\n<li>M\u00f8te den \u00f8kende ettersp\u00f8rselen etter kj\u00f8lte og fryste matvarer, drikkevarer og legemidler<\/li>\n\n\n\n<li>H\u00e5ndtere komplekst lager med flere temperatursoner p\u00e5 en effektiv m\u00e5te<\/li>\n<\/ul>\n<\/div>\n\n\n\n<div class=\"wp-block-group alignwide has-global-padding is-layout-constrained wp-block-group-is-layout-constrained\">\n<h2 class=\"wp-block-heading wp-container-content-2\" id=\"h-hvorfor-kjolelageraktorer-velger-element-logic\"><strong>Hvorfor kj\u00f8lelagerakt\u00f8rer velger Element Logic<\/strong>\u00a0<\/h2>\n\n\n\n<ul class=\"wp-block-list\">\n<li><strong>Maksimere lagringstettheten<\/strong> for \u00e5 <strong>redusere energikostnaden <\/strong>per lagret enhet<\/li>\n\n\n\n<li><strong>Redusere avhengigheten av arbeidskraft<\/strong> i ekstreme forhold<\/li>\n\n\n\n<li><strong>Opprettholde etterlevelse av strenge temperaturkrav<\/strong><\/li>\n\n\n\n<li><strong>Skalere driften<\/strong> p\u00e5 tvers av fryste, kj\u00f8lte og tempererte soner<\/li>\n<\/ul>\n<\/div>\n\n\n\n<div style=\"height:100px\" aria-hidden=\"true\" class=\"wp-block-spacer\"><\/div>\n\n\n\n\t\t<div style=\"--dekode-hero-dim:0.6; --t2-icon-fill:var(--wp--preset--color--white);\" class=\"alignfull dekode-hero-content-position-center has-media-background wp-block-dekode-hero has-text-color has-white-color\">\n\t\t\t<img loading=\"lazy\" decoding=\"async\" width=\"1024\" height=\"324\" src=\"https:\/\/www.elementlogic.net\/content\/uploads\/sites\/10\/2026\/03\/20190730_ElementLogic_ONLINE_DSC_4622-WP-3-1024x324.jpg\" class=\"dekode-hero__image\" alt=\"AutoStore grid\" style=\"--focalpoint: 62% 52%;\" srcset=\"https:\/\/www.elementlogic.net\/content\/uploads\/sites\/10\/2026\/03\/20190730_ElementLogic_ONLINE_DSC_4622-WP-3-1024x324.jpg 1024w, https:\/\/www.elementlogic.net\/content\/uploads\/sites\/10\/2026\/03\/20190730_ElementLogic_ONLINE_DSC_4622-WP-3-300x95.jpg 300w, https:\/\/www.elementlogic.net\/content\/uploads\/sites\/10\/2026\/03\/20190730_ElementLogic_ONLINE_DSC_4622-WP-3-768x243.jpg 768w, https:\/\/www.elementlogic.net\/content\/uploads\/sites\/10\/2026\/03\/20190730_ElementLogic_ONLINE_DSC_4622-WP-3-1536x485.jpg 1536w, https:\/\/www.elementlogic.net\/content\/uploads\/sites\/10\/2026\/03\/20190730_ElementLogic_ONLINE_DSC_4622-WP-3.jpg 2000w\" sizes=\"(max-width: 1024px) 100vw, 1024px\" \/>\n\t\t\t<div class=\"dekode-hero__content\">\n\t\t\t\t<div class=\"dekode-hero__container\">\n\t\t\t\t\t\n\n<h1 class=\"wp-block-heading\" id=\"h-hvordan-element-logic-driver-effektivitet-i-kjolelager\">Hvordan Element Logic driver effektivitet i kj\u00f8lelager<\/h1>\n\n\n<p class=\"t2-ingress wp-block-t2-ingress\">Vi integrerer flere teknologier i ett s\u00f8ml\u00f8st system, slik at du kan skalere uten kompromisser:<\/p>\n\n\t\t\t\t<\/div>\n\t\t\t<\/div>\n\t\t<\/div>\n\t\t\n\n\n\t\t<div style=\"--link-cards-grid-columns: 3\" class=\"dekode-link-cards has-3-columns alignwide wp-block-dekode-link-cards\">\n\t\t\t<div class=\"dekode-link-cards__items\">\n\t\t\t\t\n<div class=\"wp-block-dekode-link-card has-background has-primary-background-color\"><img loading=\"lazy\" decoding=\"async\" width=\"768\" height=\"512\" src=\"https:\/\/www.elementlogic.net\/content\/uploads\/sites\/10\/2026\/03\/AutoStoreSystem-1920x1080px-_1-1-768x512.jpg\" class=\"\" alt=\"R5 robots\" \/>\t<div class=\"dekode-link-card__content\">\n\t\t\t\t<p class=\"dekode-link-card__title\">\n\t\t\tAutomatiserte lagrings- og hentesystemer (ASRS)\t\t<\/p>\n\t\t\t\t\t<p class=\"dekode-link-card__description\">Lagre mer p\u00e5 mindre plass med ultratett, temperaturkontrollert automasjon, ideelt for fryste og kj\u00f8lte milj\u00f8er.<\/p>\n\t\t\t<\/div>\n\t<\/div>\n\n<div class=\"wp-block-dekode-link-card has-background has-primary-background-color\"><img loading=\"lazy\" decoding=\"async\" width=\"768\" height=\"513\" src=\"https:\/\/www.elementlogic.net\/content\/uploads\/sites\/10\/2026\/03\/ElementLogic_Conveyors-in-action-768x513-1-4.jpg\" class=\"\" alt=\"Conveyor system\" \/>\t<div class=\"dekode-link-card__content\">\n\t\t\t\t<p class=\"dekode-link-card__title\">\n\t\t\tTransportbanel\u00f8sninger\t\t<\/p>\n\t\t\t\t\t<p class=\"dekode-link-card__description\">Hold produktene i bevegelse s\u00f8ml\u00f8st mellom plukk-, pakke- og forsendelsesomr\u00e5der samtidig som kj\u00f8lekjedens integritet opprettholdes.<\/p>\n\t\t\t<\/div>\n\t<\/div>\n\n<div class=\"wp-block-dekode-link-card has-background has-primary-background-color\"><img loading=\"lazy\" decoding=\"async\" width=\"498\" height=\"332\" src=\"https:\/\/www.elementlogic.net\/content\/uploads\/sites\/10\/2026\/03\/DSCF2940_TSPNT_v2-Custom-2.png\" class=\"\" alt=\"Picking &amp; Packing\" \/>\t<div class=\"dekode-link-card__content\">\n\t\t\t\t<p class=\"dekode-link-card__title\">\n\t\t\tPlukk- og pakkel\u00f8sninger\t\t<\/p>\n\t\t\t\t\t<p class=\"dekode-link-card__description\">Reduser h\u00e5ndteringstid og eksponering med ergonomiske og effektive arbeidsstasjoner tilpasset kj\u00f8lte og fryste operasjoner.<\/p>\n\t\t\t<\/div>\n\t<\/div>\n\n<div class=\"wp-block-dekode-link-card has-background has-primary-background-color\"><img loading=\"lazy\" decoding=\"async\" width=\"768\" height=\"513\" src=\"https:\/\/www.elementlogic.net\/content\/uploads\/sites\/10\/2026\/03\/REISSER_Schraubentechnik_DE_ELE_01764-1-1-768x513.jpg\" class=\"\" alt=\"Autonomous vehicles\" \/>\t<div class=\"dekode-link-card__content\">\n\t\t\t\t<p class=\"dekode-link-card__title\">\n\t\t\tAutonome kj\u00f8ret\u00f8y\t\t<\/p>\n\t\t\t\t\t<p class=\"dekode-link-card__description\">Transporter varer mellom soner uten \u00e5 utsette medarbeidere for ekstrem kulde, noe som reduserer belastningen og forbedrer sikkerheten.<\/p>\n\t\t\t<\/div>\n\t<\/div>\n\n<div class=\"wp-block-dekode-link-card has-background has-primary-background-color\"><img loading=\"lazy\" decoding=\"async\" width=\"768\" height=\"512\" src=\"https:\/\/www.elementlogic.net\/content\/uploads\/sites\/10\/2026\/03\/EL_Solar_eOperator_robot-1-768x512.jpg\" class=\"\" alt=\"eOperator robotic pick\" \/>\t<div class=\"dekode-link-card__content\">\n\t\t\t\t<p class=\"dekode-link-card__title\">\n\t\t\tRobotplukk\t\t<\/p>\n\t\t\t\t\t<p class=\"dekode-link-card__description\">Automatiser repetitive oppgaver i kalde milj\u00f8er for \u00e5 forbedre hastighet, n\u00f8yaktighet og medarbeidersikkerhet.<\/p>\n\t\t\t<\/div>\n\t<\/div>\n\n<div class=\"wp-block-dekode-link-card has-background has-primary-background-color\"><img loading=\"lazy\" decoding=\"async\" width=\"768\" height=\"512\" src=\"https:\/\/www.elementlogic.net\/content\/uploads\/sites\/10\/2026\/03\/Element_logic_FDS_Kalle_warehousev2-4-768x512.jpg\" class=\"\" alt=\"Static Storage Solutions\" \/>\t<div class=\"dekode-link-card__content\">\n\t\t\t\t<p class=\"dekode-link-card__title\">\n\t\t\tStatiske lagringsl\u00f8sninger\t\t<\/p>\n\t\t\t\t\t<p class=\"dekode-link-card__description\">St\u00f8tt store, sakteg\u00e5ende eller overdimensjonerte varer med statisk reollagring som enkelt integreres med automatiserte systemer.<\/p>\n\t\t\t<\/div>\n\t<\/div>\n\n\t\t\t<\/div>\n\t\t<\/div>\n\n\n<div style=\"height:100px;width:0px\" aria-hidden=\"true\" class=\"wp-block-spacer\"><\/div>\n\n\n\n\t\t<div style=\"--dekode-hero-dim:0.6; --t2-icon-fill:var(--wp--preset--color--white);\" class=\"alignfull dekode-hero-content-position-center has-media-background wp-block-dekode-hero has-text-color has-white-color\">\n\t\t\t<img loading=\"lazy\" decoding=\"async\" width=\"1024\" height=\"683\" src=\"https:\/\/www.elementlogic.net\/content\/uploads\/sites\/10\/2026\/03\/Fiege_1-4.jpg\" class=\"dekode-hero__image\" alt=\"AutoStore grid\" style=\"--focalpoint: 75% 71%;\" srcset=\"https:\/\/www.elementlogic.net\/content\/uploads\/sites\/10\/2026\/03\/Fiege_1-4.jpg 1024w, https:\/\/www.elementlogic.net\/content\/uploads\/sites\/10\/2026\/03\/Fiege_1-4-300x200.jpg 300w, https:\/\/www.elementlogic.net\/content\/uploads\/sites\/10\/2026\/03\/Fiege_1-4-768x512.jpg 768w\" sizes=\"(max-width: 1024px) 100vw, 1024px\" \/>\n\t\t\t<div class=\"dekode-hero__content\">\n\t\t\t\t<div class=\"dekode-hero__container\">\n\t\t\t\t\t\n\n<h1 class=\"wp-block-heading\" id=\"h-hold-kjolekjeden-i-bevegelse-med-intelligent-automasjon\"><strong>Hold kj\u00f8lekjeden i bevegelse med intelligent automasjon.<\/strong><\/h1>\n\n\n\n<div class=\"wp-block-buttons is-layout-flex wp-block-buttons-is-layout-flex\">\n<div class=\"wp-block-button http:\/\/hs-cta-trigger-button hs-cta-trigger-button-195241208906\"><a class=\"wp-block-button__link wp-element-button\" href=\"https:\/\/www.elementlogic.net\/no\/book-gratis-konsultasjon\/\"><strong>K<\/strong>ontakt oss idag<\/a><\/div>\n<\/div>\n\n\n\t\t\t\t<\/div>\n\t\t\t<\/div>\n\t\t<\/div>\n\t\t","protected":false},"excerpt":{"rendered":"<p>Element Logic hjelper kj\u00f8lelagerakt\u00f8rer med \u00e5 maksimere kapasiteten, minimere arbeidskraftkostnadene og beskytte produktintegriteten med automasjon utviklet for fryste, kj\u00f8lte og [&hellip;]<\/p>\n","protected":false},"author":2,"featured_media":22632,"parent":22091,"menu_order":0,"comment_status":"closed","ping_status":"closed","template":"","meta":{"hreflang_relation":0,"_el_cross_publish_source_blog_url":"","_el_cross_publish_source_blog_id":0,"_el_cross_publish_source_post_id":0,"_el_cross_publish_sync_state":"","exclude_from_search":false,"footnotes":""},"class_list":["post-22080","page","type-page","status-publish","has-post-thumbnail","hentry"],"yoast_head":"<!-- This site is optimized with the Yoast SEO Premium plugin v23.9 (Yoast SEO v23.9) - https:\/\/yoast.com\/wordpress\/plugins\/seo\/ -->\n<title>Kj\u00f8lelager | Element Logic Norway<\/title>\n<meta name=\"description\" content=\"Oppdag automasjonsl\u00f8sninger for kj\u00f8lelager som \u00f8ker kapasiteten, reduserer energikostnadene og sikrer produktintegriteten.\" \/>\n<meta name=\"robots\" content=\"index, follow, max-snippet:-1, max-image-preview:large, max-video-preview:-1\" \/>\n<link rel=\"canonical\" href=\"https:\/\/www.elementlogic.net\/no\/bransjer\/kjolelager\/\" \/>\n<meta property=\"og:locale\" content=\"nb_NO\" \/>\n<meta property=\"og:type\" content=\"article\" \/>\n<meta property=\"og:title\" content=\"Kj\u00f8lelager\" \/>\n<meta property=\"og:description\" content=\"Oppdag automasjonsl\u00f8sninger for kj\u00f8lelager som \u00f8ker kapasiteten, reduserer energikostnadene og sikrer produktintegriteten.\" \/>\n<meta property=\"og:url\" content=\"https:\/\/www.elementlogic.net\/no\/bransjer\/kjolelager\/\" \/>\n<meta property=\"og:site_name\" content=\"Element Logic Norway\" \/>\n<meta property=\"og:image\" content=\"https:\/\/www.elementlogic.net\/content\/uploads\/sites\/10\/2026\/03\/cold-storage2-1-1-1024x683.png\" \/>\n\t<meta property=\"og:image:width\" content=\"1024\" \/>\n\t<meta property=\"og:image:height\" content=\"683\" \/>\n\t<meta property=\"og:image:type\" content=\"image\/png\" \/>\n<meta name=\"twitter:card\" content=\"summary_large_image\" \/>\n<meta name=\"twitter:label1\" content=\"Ansl. lesetid\" \/>\n\t<meta name=\"twitter:data1\" content=\"2 minutter\" \/>\n<script type=\"application\/ld+json\" class=\"yoast-schema-graph\">{\"@context\":\"https:\/\/schema.org\",\"@graph\":[{\"@type\":\"WebPage\",\"@id\":\"https:\/\/www.elementlogic.net\/no\/bransjer\/kjolelager\/\",\"url\":\"https:\/\/www.elementlogic.net\/no\/bransjer\/kjolelager\/\",\"name\":\"Kj\u00f8lelager | Element Logic Norway\",\"isPartOf\":{\"@id\":\"https:\/\/www.elementlogic.net\/no\/#website\"},\"primaryImageOfPage\":{\"@id\":\"https:\/\/www.elementlogic.net\/no\/bransjer\/kjolelager\/#primaryimage\"},\"image\":{\"@id\":\"https:\/\/www.elementlogic.net\/no\/bransjer\/kjolelager\/#primaryimage\"},\"thumbnailUrl\":\"https:\/\/www.elementlogic.net\/content\/uploads\/sites\/10\/2026\/03\/cold-storage2-1-1.png\",\"datePublished\":\"2026-03-25T13:52:14+00:00\",\"dateModified\":\"2026-03-25T13:52:14+00:00\",\"description\":\"Oppdag automasjonsl\u00f8sninger for kj\u00f8lelager som \u00f8ker kapasiteten, reduserer energikostnadene og sikrer produktintegriteten.\",\"breadcrumb\":{\"@id\":\"https:\/\/www.elementlogic.net\/no\/bransjer\/kjolelager\/#breadcrumb\"},\"inLanguage\":\"nb-NO\",\"potentialAction\":[{\"@type\":\"ReadAction\",\"target\":[\"https:\/\/www.elementlogic.net\/no\/bransjer\/kjolelager\/\"]}]},{\"@type\":\"ImageObject\",\"inLanguage\":\"nb-NO\",\"@id\":\"https:\/\/www.elementlogic.net\/no\/bransjer\/kjolelager\/#primaryimage\",\"url\":\"https:\/\/www.elementlogic.net\/content\/uploads\/sites\/10\/2026\/03\/cold-storage2-1-1.png\",\"contentUrl\":\"https:\/\/www.elementlogic.net\/content\/uploads\/sites\/10\/2026\/03\/cold-storage2-1-1.png\",\"width\":1536,\"height\":1024,\"caption\":\"Cold storage\"},{\"@type\":\"BreadcrumbList\",\"@id\":\"https:\/\/www.elementlogic.net\/no\/bransjer\/kjolelager\/#breadcrumb\",\"itemListElement\":[{\"@type\":\"ListItem\",\"position\":1,\"name\":\"Bransjer\",\"item\":\"https:\/\/www.elementlogic.net\/no\/bransjer\/\"},{\"@type\":\"ListItem\",\"position\":2,\"name\":\"Kj\u00f8lelager\"}]},{\"@type\":\"WebSite\",\"@id\":\"https:\/\/www.elementlogic.net\/no\/#website\",\"url\":\"https:\/\/www.elementlogic.net\/no\/\",\"name\":\"Element Logic Norway\",\"description\":\"\",\"alternateName\":\"Element Logic\",\"potentialAction\":[{\"@type\":\"SearchAction\",\"target\":{\"@type\":\"EntryPoint\",\"urlTemplate\":\"https:\/\/www.elementlogic.net\/no\/?s={search_term_string}\"},\"query-input\":{\"@type\":\"PropertyValueSpecification\",\"valueRequired\":true,\"valueName\":\"search_term_string\"}}],\"inLanguage\":\"nb-NO\"}]}<\/script>\n<!-- \/ Yoast SEO Premium plugin. -->","yoast_head_json":{"title":"Kj\u00f8lelager | Element Logic Norway","description":"Oppdag automasjonsl\u00f8sninger for kj\u00f8lelager som \u00f8ker kapasiteten, reduserer energikostnadene og sikrer produktintegriteten.","robots":{"index":"index","follow":"follow","max-snippet":"max-snippet:-1","max-image-preview":"max-image-preview:large","max-video-preview":"max-video-preview:-1"},"canonical":"https:\/\/www.elementlogic.net\/no\/bransjer\/kjolelager\/","og_locale":"nb_NO","og_type":"article","og_title":"Kj\u00f8lelager","og_description":"Oppdag automasjonsl\u00f8sninger for kj\u00f8lelager som \u00f8ker kapasiteten, reduserer energikostnadene og sikrer produktintegriteten.","og_url":"https:\/\/www.elementlogic.net\/no\/bransjer\/kjolelager\/","og_site_name":"Element Logic Norway","og_image":[{"width":1024,"height":683,"url":"https:\/\/www.elementlogic.net\/content\/uploads\/sites\/10\/2026\/03\/cold-storage2-1-1-1024x683.png","type":"image\/png"}],"twitter_card":"summary_large_image","twitter_misc":{"Ansl. lesetid":"2 minutter"},"schema":{"@context":"https:\/\/schema.org","@graph":[{"@type":"WebPage","@id":"https:\/\/www.elementlogic.net\/no\/bransjer\/kjolelager\/","url":"https:\/\/www.elementlogic.net\/no\/bransjer\/kjolelager\/","name":"Kj\u00f8lelager | Element Logic Norway","isPartOf":{"@id":"https:\/\/www.elementlogic.net\/no\/#website"},"primaryImageOfPage":{"@id":"https:\/\/www.elementlogic.net\/no\/bransjer\/kjolelager\/#primaryimage"},"image":{"@id":"https:\/\/www.elementlogic.net\/no\/bransjer\/kjolelager\/#primaryimage"},"thumbnailUrl":"https:\/\/www.elementlogic.net\/content\/uploads\/sites\/10\/2026\/03\/cold-storage2-1-1.png","datePublished":"2026-03-25T13:52:14+00:00","dateModified":"2026-03-25T13:52:14+00:00","description":"Oppdag automasjonsl\u00f8sninger for kj\u00f8lelager som \u00f8ker kapasiteten, reduserer energikostnadene og sikrer produktintegriteten.","breadcrumb":{"@id":"https:\/\/www.elementlogic.net\/no\/bransjer\/kjolelager\/#breadcrumb"},"inLanguage":"nb-NO","potentialAction":[{"@type":"ReadAction","target":["https:\/\/www.elementlogic.net\/no\/bransjer\/kjolelager\/"]}]},{"@type":"ImageObject","inLanguage":"nb-NO","@id":"https:\/\/www.elementlogic.net\/no\/bransjer\/kjolelager\/#primaryimage","url":"https:\/\/www.elementlogic.net\/content\/uploads\/sites\/10\/2026\/03\/cold-storage2-1-1.png","contentUrl":"https:\/\/www.elementlogic.net\/content\/uploads\/sites\/10\/2026\/03\/cold-storage2-1-1.png","width":1536,"height":1024,"caption":"Cold storage"},{"@type":"BreadcrumbList","@id":"https:\/\/www.elementlogic.net\/no\/bransjer\/kjolelager\/#breadcrumb","itemListElement":[{"@type":"ListItem","position":1,"name":"Bransjer","item":"https:\/\/www.elementlogic.net\/no\/bransjer\/"},{"@type":"ListItem","position":2,"name":"Kj\u00f8lelager"}]},{"@type":"WebSite","@id":"https:\/\/www.elementlogic.net\/no\/#website","url":"https:\/\/www.elementlogic.net\/no\/","name":"Element Logic Norway","description":"","alternateName":"Element Logic","potentialAction":[{"@type":"SearchAction","target":{"@type":"EntryPoint","urlTemplate":"https:\/\/www.elementlogic.net\/no\/?s={search_term_string}"},"query-input":{"@type":"PropertyValueSpecification","valueRequired":true,"valueName":"search_term_string"}}],"inLanguage":"nb-NO"}]}},"_links":{"self":[{"href":"https:\/\/www.elementlogic.net\/no\/wp-json\/wp\/v2\/pages\/22080"}],"collection":[{"href":"https:\/\/www.elementlogic.net\/no\/wp-json\/wp\/v2\/pages"}],"about":[{"href":"https:\/\/www.elementlogic.net\/no\/wp-json\/wp\/v2\/types\/page"}],"author":[{"embeddable":true,"href":"https:\/\/www.elementlogic.net\/no\/wp-json\/wp\/v2\/users\/2"}],"replies":[{"embeddable":true,"href":"https:\/\/www.elementlogic.net\/no\/wp-json\/wp\/v2\/comments?post=22080"}],"version-history":[{"count":5,"href":"https:\/\/www.elementlogic.net\/no\/wp-json\/wp\/v2\/pages\/22080\/revisions"}],"predecessor-version":[{"id":22660,"href":"https:\/\/www.elementlogic.net\/no\/wp-json\/wp\/v2\/pages\/22080\/revisions\/22660"}],"up":[{"embeddable":true,"href":"https:\/\/www.elementlogic.net\/no\/wp-json\/wp\/v2\/pages\/22091"}],"wp:featuredmedia":[{"embeddable":true,"href":"https:\/\/www.elementlogic.net\/no\/wp-json\/wp\/v2\/media\/22632"}],"wp:attachment":[{"href":"https:\/\/www.elementlogic.net\/no\/wp-json\/wp\/v2\/media?parent=22080"}],"curies":[{"name":"wp","href":"https:\/\/api.w.org\/{rel}","templated":true}]}}