{"id":22086,"date":"2026-03-25T13:42:13","date_gmt":"2026-03-25T13:42:13","guid":{"rendered":"https:\/\/www.elementlogic.net\/no\/?page_id=22086"},"modified":"2026-03-26T09:39:57","modified_gmt":"2026-03-26T09:39:57","slug":"wholesale","status":"publish","type":"page","link":"https:\/\/www.elementlogic.net\/no\/bransjer\/wholesale\/","title":{"rendered":"Wholesale"},"content":{"rendered":"\n\t\t<div style=\"--dekode-hero-dim:0.6; --t2-icon-fill:var(--wp--preset--color--white);\" class=\"alignfull dekode-hero-content-position-center has-media-background wp-block-dekode-hero has-text-color has-white-color\">\n\t\t\t<img loading=\"lazy\" decoding=\"async\" width=\"1024\" height=\"1024\" src=\"https:\/\/www.elementlogic.net\/content\/uploads\/sites\/10\/2026\/03\/Wholesale-1.png\" class=\"dekode-hero__image\" alt=\"Wholesale automasjon\" style=\"--focalpoint: 63% 86%;\" srcset=\"https:\/\/www.elementlogic.net\/content\/uploads\/sites\/10\/2026\/03\/Wholesale-1.png 1024w, https:\/\/www.elementlogic.net\/content\/uploads\/sites\/10\/2026\/03\/Wholesale-1-300x300.png 300w, https:\/\/www.elementlogic.net\/content\/uploads\/sites\/10\/2026\/03\/Wholesale-1-150x150.png 150w, https:\/\/www.elementlogic.net\/content\/uploads\/sites\/10\/2026\/03\/Wholesale-1-768x768.png 768w\" sizes=\"(max-width: 1024px) 100vw, 1024px\" \/>\n\t\t\t<div class=\"dekode-hero__content\">\n\t\t\t\t<div class=\"dekode-hero__container\">\n\t\t\t\t\t\n\n<p><\/p>\n\n\n\n<h1 class=\"wp-block-heading\" id=\"h-skaler-wholesale-distribusjonen-din-med-hastighet-og-presisjon\"><strong>Skaler wholesale-distribusjonen din med hastighet og presisjon<\/strong><\/h1>\n\n\n<p class=\"t2-ingress wp-block-t2-ingress\">Oppdag hvordan automasjon kan holde deg i forkant<\/p>\n\n\n<div class=\"wp-block-buttons is-layout-flex wp-block-buttons-is-layout-flex\">\n<div class=\"wp-block-button hs-cta-trigger-button hs-cta-trigger-button-195241208906 has-icon has-icon-theme_arrow\"><a class=\"wp-block-button__link wp-element-button\" href=\"https:\/\/www.elementlogic.net\/no\/book-gratis-konsultasjon\/\">Kontakt oss<svg xmlns=\"http:\/\/www.w3.org\/2000\/svg\" viewBox=\"0 0 24 24\" height=\"24\" width=\"24\" class=\"t2-icon t2-icon-theme_arrow\" aria-hidden=\"true\" focusable=\"false\"><path d=\"M16.627 12.75H5.25C5.03717 12.75 4.859 12.6782 4.7155 12.5345C4.57183 12.391 4.5 12.2128 4.5 12C4.5 11.7872 4.57183 11.609 4.7155 11.4655C4.859 11.3218 5.03717 11.25 5.25 11.25H16.627L11.4577 6.08076C11.3091 5.93209 11.2357 5.75809 11.2375 5.55876C11.2395 5.35942 11.318 5.18217 11.473 5.02701C11.6282 4.88217 11.8038 4.80717 12 4.80201C12.1962 4.79684 12.3718 4.87184 12.527 5.02701L18.8673 11.3673C18.9609 11.4609 19.0269 11.5597 19.0652 11.6635C19.1037 11.7673 19.123 11.8795 19.123 12C19.123 12.1205 19.1037 12.2327 19.0652 12.3365C19.0269 12.4403 18.9609 12.5391 18.8673 12.6328L12.527 18.973C12.3885 19.1115 12.217 19.1823 12.0125 19.1855C11.808 19.1887 11.6282 19.1178 11.473 18.973C11.318 18.8178 11.2405 18.6397 11.2405 18.4385C11.2405 18.2372 11.318 18.0589 11.473 17.9038L16.627 12.75Z\" fill=\"var(--t2-icon-fill, #000)\"\/><\/svg><\/a><\/div>\n<\/div>\n\n\n\t\t\t\t<\/div>\n\t\t\t<\/div>\n\t\t<\/div>\n\t\t\n\n<p class=\"t2-ingress wp-block-t2-ingress\">Wholesale-distribut\u00f8rer sitter i sentrum av forsyningskjeden og fungerer som bindeleddet mellom produsenter og forhandlere. Suksess avhenger av \u00e5 h\u00e5ndtere <strong>h\u00f8ye ordrevolumer, varierte SKU-er og kundespesifikke krav<\/strong> &#8211; samtidig som kostnadene holdes nede og n\u00f8yaktigheten h\u00f8y. Manuelle operasjoner kan ikke holde tritt med dagens ettersp\u00f8rsel.<\/p>\n\n\n<p><\/p>\n\n\n\n<p>Element Logic hjelper wholesale-virksomheter med \u00e5 effektivisere fulfillment, maksimere lagring og redusere driftskostnadene med intelligent automasjon. Som verdens f\u00f8rste AutoStore-partner, med mer enn 40 \u00e5rs ekspertise innen intralogistikk, leverer vi systemer som hjelper distribut\u00f8rer med \u00e5 skalere uten begrensninger.<\/p>\n\n\n\n<div class=\"wp-block-group has-global-padding is-layout-constrained wp-block-group-is-layout-constrained\">\n<h2 class=\"wp-block-heading wp-container-content-1\" id=\"h-utfordringer-i-wholesale-distribusjon-nbsp\"><strong>Utfordringer i wholesale-distribusjon<\/strong>&nbsp;<\/h2>\n\n\n\n<ul class=\"wp-block-list\">\n<li>H\u00f8ye ordrevolumer med komplekse kundekrav<\/li>\n\n\n\n<li>Store SKU-kataloger og svingende ettersp\u00f8rsel<\/li>\n\n\n\n<li>\u00d8kende arbeidskraftkostnader og mangel p\u00e5 kvalifisert arbeidskraft<\/li>\n\n\n\n<li>Press for \u00e5 levere raskere til lavere kostnader<\/li>\n\n\n\n<li>H\u00e5ndtere bulkforsendelser parallelt med mindre blandede ordre&nbsp;<\/li>\n<\/ul>\n<\/div>\n\n\n\n\t\t<div style=\"--dekode-hero-dim:0.5; --t2-icon-fill:var(--wp--preset--color--white);\" class=\"alignfull dekode-hero-content-position-center has-media-background wp-block-dekode-hero has-text-color has-white-color\">\n\t\t\t\t\t<video\n\t\t\tautoplay\n\t\t\tloop\n\t\t\tmuted\n\t\t\tplaysinline\n\t\t\tposter=\"\"\n\t\t\tsrc=\"https:\/\/www.elementlogic.net\/content\/uploads\/2024\/07\/solutions-and-services.mp4\">\n\t\t<\/video>\n\t\t\n\t\t\t<div class=\"dekode-hero__content\">\n\t\t\t\t<div class=\"dekode-hero__container\">\n\t\t\t\t\t\n\n<h2 class=\"wp-block-heading\" id=\"h-betrodd-av-ledende-grossister\">Betrodd av ledende grossister:<\/h2>\n\n\n\t\t\t\t<\/div>\n\t\t\t<\/div>\n\t\t<\/div>\n\t\t\n\n<div class=\"t2-featured-content-layout alignwide wp-block-t2-featured-content-layout\">\n<div class=\"t2-featured-query-post t2-featured-content is-post-type-case case_tax-klaer-og-sportsutstyr case_tax-retail wp-block-t2-featured-query-post\"><a class=\"t2-post-link wp-block-t2-post-link\" href=\"https:\/\/www.elementlogic.net\/no\/cases\/et-godt-eksempel-pa-hvordan-lagerautomasjon-tar-logistikk-og-netthandel-til-neste-niva\/\">\n\t<div class=\"client-logo-image-wrapper\"><img loading=\"lazy\" decoding=\"async\" width=\"300\" height=\"172\" src=\"https:\/\/www.elementlogic.net\/content\/uploads\/sites\/10\/2026\/03\/Boozt-logo-300x172.png\" class=\"client-logo-image\" alt=\"Boozt logo\" \/><\/div>\n\t<figure style=\"--t2-focal-point: 50% 50%;\" class=\"t2-post-featured-image has-image-ratio-3-2 wp-block-t2-post-featured-image\"><img loading=\"lazy\" decoding=\"async\" width=\"1600\" height=\"900\" src=\"https:\/\/www.elementlogic.net\/content\/uploads\/sites\/10\/2025\/06\/Boozt-AutoStore-Grid.jpg\" class=\"attachment-post-thumbnail size-post-thumbnail wp-post-image\" alt=\"AutoStore-grid fra Element Logic\" srcset=\"https:\/\/www.elementlogic.net\/content\/uploads\/sites\/10\/2025\/06\/Boozt-AutoStore-Grid.jpg 1600w, https:\/\/www.elementlogic.net\/content\/uploads\/sites\/10\/2025\/06\/Boozt-AutoStore-Grid-300x169.jpg 300w, https:\/\/www.elementlogic.net\/content\/uploads\/sites\/10\/2025\/06\/Boozt-AutoStore-Grid-1024x576.jpg 1024w, https:\/\/www.elementlogic.net\/content\/uploads\/sites\/10\/2025\/06\/Boozt-AutoStore-Grid-768x432.jpg 768w, https:\/\/www.elementlogic.net\/content\/uploads\/sites\/10\/2025\/06\/Boozt-AutoStore-Grid-1536x864.jpg 1536w\" sizes=\"(max-width: 1600px) 100vw, 1600px\" \/><\/figure>\n\t\n<\/a>\n\n\t\t<div class=\"card-content wp-block-t2-wrapper\">\n\t<div class=\"wp-block-dekode-post-terms\"><span>Kl\u00e6r og sportsutstyr<\/span><span>Retail<\/span><\/div>\n\t<h3 class=\"t2-post-title wp-block-t2-post-title\"><a href=\"https:\/\/www.elementlogic.net\/no\/cases\/et-godt-eksempel-pa-hvordan-lagerautomasjon-tar-logistikk-og-netthandel-til-neste-niva\/\" target=\"_self\" >Et godt eksempel p\u00e5 hvordan lagerautomasjon tar logistikk og netthandel til neste niv\u00e5<\/a><\/h3>\n\t<div class=\"t2-post-excerpt wp-block-t2-post-excerpt\"><p>Lageroptimalisering for fremtiden Det felles m\u00e5let for Boozt og Element Logic har v\u00e6rt \u00e5 styrke begge selskapenes konkurransekraft gjennom integrasjon [&hellip;]<\/p><\/div>\n<\/div>\n<\/div>\n\n<div class=\"t2-featured-query-post t2-featured-content is-post-type-case case_tax-klaer-og-sportsutstyr wp-block-t2-featured-query-post\"><a class=\"t2-post-link wp-block-t2-post-link\" href=\"https:\/\/www.elementlogic.net\/no\/cases\/xxl-og-element-logic-setter-en-ny-standardfor-plukkehastighet-og-datadrevet-drift\/\">\n\t<div class=\"client-logo-image-wrapper\"><img loading=\"lazy\" decoding=\"async\" width=\"300\" height=\"156\" src=\"https:\/\/www.elementlogic.net\/content\/uploads\/sites\/10\/2025\/12\/XXL-Logo-300x156-1.png\" class=\"client-logo-image\" alt=\"\" \/><\/div>\n\t<figure style=\"--t2-focal-point: 50% 50%;\" class=\"t2-post-featured-image has-image-ratio-3-2 wp-block-t2-post-featured-image\"><img loading=\"lazy\" decoding=\"async\" width=\"2387\" height=\"1287\" src=\"https:\/\/www.elementlogic.net\/content\/uploads\/sites\/10\/2025\/12\/Skarmavbild-2025-12-03-kl.-09.16.54.png\" class=\"attachment-post-thumbnail size-post-thumbnail wp-post-image\" alt=\"XXL lager\" srcset=\"https:\/\/www.elementlogic.net\/content\/uploads\/sites\/10\/2025\/12\/Skarmavbild-2025-12-03-kl.-09.16.54.png 2387w, https:\/\/www.elementlogic.net\/content\/uploads\/sites\/10\/2025\/12\/Skarmavbild-2025-12-03-kl.-09.16.54-300x162.png 300w, https:\/\/www.elementlogic.net\/content\/uploads\/sites\/10\/2025\/12\/Skarmavbild-2025-12-03-kl.-09.16.54-1024x552.png 1024w, https:\/\/www.elementlogic.net\/content\/uploads\/sites\/10\/2025\/12\/Skarmavbild-2025-12-03-kl.-09.16.54-768x414.png 768w, https:\/\/www.elementlogic.net\/content\/uploads\/sites\/10\/2025\/12\/Skarmavbild-2025-12-03-kl.-09.16.54-1536x828.png 1536w, https:\/\/www.elementlogic.net\/content\/uploads\/sites\/10\/2025\/12\/Skarmavbild-2025-12-03-kl.-09.16.54-2048x1104.png 2048w\" sizes=\"(max-width: 2387px) 100vw, 2387px\" \/><\/figure>\n\t\n<\/a>\n\n\t\t<div class=\"card-content wp-block-t2-wrapper\">\n\t<div class=\"wp-block-dekode-post-terms\"><span>Kl\u00e6r og sportsutstyr<\/span><\/div>\n\t<h3 class=\"t2-post-title wp-block-t2-post-title\"><a href=\"https:\/\/www.elementlogic.net\/no\/cases\/xxl-og-element-logic-setter-en-ny-standardfor-plukkehastighet-og-datadrevet-drift\/\" target=\"_self\" >XXL og Element Logic setter en ny standard\nfor plukkehastighet og datadrevet drift<\/a><\/h3>\n\t<div class=\"t2-post-excerpt wp-block-t2-post-excerpt\"><p>Som en av Nordens st\u00f8rste sportskjeder er kravene tydelige: varer skal raskt ut til butikk, netthandelsordre skal leveres allerede dagen [&hellip;]<\/p><\/div>\n<\/div>\n<\/div>\n\n<div class=\"t2-featured-query-post t2-featured-content is-post-type-case case_tax-klaer-og-sportsutstyr wp-block-t2-featured-query-post\"><a class=\"t2-post-link wp-block-t2-post-link\" href=\"https:\/\/www.elementlogic.net\/no\/cases\/helly-hansen-automatiserer-lageret-med-element-logic\/\">\n\t<div class=\"client-logo-image-wrapper\"><img loading=\"lazy\" decoding=\"async\" width=\"150\" height=\"121\" src=\"https:\/\/www.elementlogic.net\/content\/uploads\/sites\/10\/2024\/10\/HellyHansenLogo-150x121-1.jpg\" class=\"client-logo-image\" alt=\"\" \/><\/div>\n\t<figure style=\"--t2-focal-point: 50% 50%;\" class=\"t2-post-featured-image has-image-ratio-3-2 wp-block-t2-post-featured-image\"><img loading=\"lazy\" decoding=\"async\" width=\"1244\" height=\"706\" src=\"https:\/\/www.elementlogic.net\/content\/uploads\/sites\/10\/2024\/10\/image-9.png\" class=\"attachment-post-thumbnail size-post-thumbnail wp-post-image\" alt=\"\" srcset=\"https:\/\/www.elementlogic.net\/content\/uploads\/sites\/10\/2024\/10\/image-9.png 1244w, https:\/\/www.elementlogic.net\/content\/uploads\/sites\/10\/2024\/10\/image-9-300x170.png 300w, https:\/\/www.elementlogic.net\/content\/uploads\/sites\/10\/2024\/10\/image-9-1024x581.png 1024w, https:\/\/www.elementlogic.net\/content\/uploads\/sites\/10\/2024\/10\/image-9-768x436.png 768w\" sizes=\"(max-width: 1244px) 100vw, 1244px\" \/><\/figure>\n\t\n<\/a>\n\n\t\t<div class=\"card-content wp-block-t2-wrapper\">\n\t<div class=\"wp-block-dekode-post-terms\"><span>Kl\u00e6r og sportsutstyr<\/span><\/div>\n\t<h3 class=\"t2-post-title wp-block-t2-post-title\"><a href=\"https:\/\/www.elementlogic.net\/no\/cases\/helly-hansen-automatiserer-lageret-med-element-logic\/\" target=\"_self\" >Helly Hansen automatiserer lageret med Element Logic<\/a><\/h3>\n\t<div class=\"t2-post-excerpt wp-block-t2-post-excerpt\"><p>Helly Hansen revolusjonerer lageret ved bruk av AutoStore levert av Element Logic.<\/p><\/div>\n<\/div>\n<\/div>\n<\/div>\n\n\n<div class=\"wp-block-buttons is-layout-flex wp-block-buttons-is-layout-flex\">\n<div class=\"wp-block-button\"><a class=\"wp-block-button__link wp-element-button\" href=\"https:\/\/www.elementlogic.net\/no\/cases\/\">Utforsk flere caser<\/a><\/div>\n<\/div>\n\n\n\n<div class=\"wp-block-group is-layout-flex wp-block-group-is-layout-flex\">\n<h2 class=\"wp-block-heading wp-container-content-2\" id=\"h-hvorfor-grossister-velger-element-logic-nbsp\"><strong>Hvorfor grossister velger Element Logic<\/strong>&nbsp;<\/h2>\n\n\n\n<ul class=\"wp-block-list\">\n<li><strong>Skalere driften<\/strong> for \u00e5 m\u00f8te svingende kundeettersp\u00f8rsel<\/li>\n\n\n\n<li><strong>Redusere arbeidskraftkostnadene <\/strong>med automasjonsdrevet n\u00f8yaktighet<\/li>\n\n\n\n<li><strong>Maksimere plass og kapasitet <\/strong>for store lagerbeholdninger<\/li>\n\n\n\n<li><strong>\u00d8ke effektiviteten i b\u00e5de bulkflyt og fulfillment<\/strong> av mindre ordre&nbsp;<\/li>\n<\/ul>\n<\/div>\n\n\n\n<div style=\"height:100px\" aria-hidden=\"true\" class=\"wp-block-spacer\"><\/div>\n\n\n\n\t\t<div style=\"--dekode-hero-dim:0.6; --t2-icon-fill:var(--wp--preset--color--white);\" class=\"alignfull dekode-hero-content-position-center has-media-background wp-block-dekode-hero has-text-color has-white-color\">\n\t\t\t<img loading=\"lazy\" decoding=\"async\" width=\"1024\" height=\"683\" src=\"https:\/\/www.elementlogic.net\/content\/uploads\/sites\/10\/2026\/03\/Fiege_1-6-1.jpg\" class=\"dekode-hero__image\" alt=\"Wholesale automasjon\" style=\"--focalpoint: 75% 71%;\" srcset=\"https:\/\/www.elementlogic.net\/content\/uploads\/sites\/10\/2026\/03\/Fiege_1-6-1.jpg 1024w, https:\/\/www.elementlogic.net\/content\/uploads\/sites\/10\/2026\/03\/Fiege_1-6-1-300x200.jpg 300w, https:\/\/www.elementlogic.net\/content\/uploads\/sites\/10\/2026\/03\/Fiege_1-6-1-768x512.jpg 768w\" sizes=\"(max-width: 1024px) 100vw, 1024px\" \/>\n\t\t\t<div class=\"dekode-hero__content\">\n\t\t\t\t<div class=\"dekode-hero__container\">\n\t\t\t\t\t\n\n<h1 class=\"wp-block-heading\" id=\"h-lever-wholesale-effektivitet-i-stor-skala-med-automasjon-fra-element-logic\"><strong>Lever wholesale-effektivitet i stor skala med automasjon fra Element Logic.<\/strong><\/h1>\n\n\n\n<div class=\"wp-block-buttons is-layout-flex wp-block-buttons-is-layout-flex\">\n<div class=\"wp-block-button http:\/\/hs-cta-trigger-button hs-cta-trigger-button-195241208906\"><a class=\"wp-block-button__link wp-element-button\" href=\"https:\/\/www.elementlogic.net\/no\/book-gratis-konsultasjon\/\">Kontakt oss i dag<\/a><\/div>\n<\/div>\n\n\n\t\t\t\t<\/div>\n\t\t\t<\/div>\n\t\t<\/div>\n\t\t","protected":false},"excerpt":{"rendered":"<p>Element Logic hjelper wholesale-virksomheter med \u00e5 effektivisere fulfillment, maksimere lagring og redusere driftskostnadene med intelligent automasjon. Som verdens f\u00f8rste AutoStore-partner, [&hellip;]<\/p>\n","protected":false},"author":2,"featured_media":22436,"parent":22091,"menu_order":0,"comment_status":"closed","ping_status":"closed","template":"","meta":{"hreflang_relation":0,"_el_cross_publish_source_blog_url":"","_el_cross_publish_source_blog_id":0,"_el_cross_publish_source_post_id":0,"_el_cross_publish_sync_state":"","exclude_from_search":false,"footnotes":""},"class_list":["post-22086","page","type-page","status-publish","has-post-thumbnail","hentry"],"yoast_head":"<!-- This site is optimized with the Yoast SEO Premium plugin v23.9 (Yoast SEO v23.9) - https:\/\/yoast.com\/wordpress\/plugins\/seo\/ -->\n<title>Wholesale | Element Logic Norway<\/title>\n<meta name=\"description\" content=\"Lagerautomasjon for wholesale som gir h\u00f8yere effektivitet, bedre n\u00f8yaktighet og skalerbar distribusjon ved svingende ettersp\u00f8rsel.\" \/>\n<meta name=\"robots\" content=\"index, follow, max-snippet:-1, max-image-preview:large, max-video-preview:-1\" \/>\n<link rel=\"canonical\" href=\"https:\/\/www.elementlogic.net\/no\/bransjer\/wholesale\/\" \/>\n<meta property=\"og:locale\" content=\"nb_NO\" \/>\n<meta property=\"og:type\" content=\"article\" \/>\n<meta property=\"og:title\" content=\"Wholesale\" \/>\n<meta property=\"og:description\" content=\"Lagerautomasjon for wholesale som gir h\u00f8yere effektivitet, bedre n\u00f8yaktighet og skalerbar distribusjon ved svingende ettersp\u00f8rsel.\" \/>\n<meta property=\"og:url\" content=\"https:\/\/www.elementlogic.net\/no\/bransjer\/wholesale\/\" \/>\n<meta property=\"og:site_name\" content=\"Element Logic Norway\" \/>\n<meta property=\"article:modified_time\" content=\"2026-03-26T09:39:57+00:00\" \/>\n<meta property=\"og:image\" content=\"https:\/\/www.elementlogic.net\/content\/uploads\/sites\/10\/2026\/03\/Wholesale-Automation-4.png\" \/>\n\t<meta property=\"og:image:width\" content=\"1024\" \/>\n\t<meta property=\"og:image:height\" content=\"576\" \/>\n\t<meta property=\"og:image:type\" content=\"image\/png\" \/>\n<meta name=\"twitter:card\" content=\"summary_large_image\" \/>\n<meta name=\"twitter:label1\" content=\"Ansl. lesetid\" \/>\n\t<meta name=\"twitter:data1\" content=\"1 minutt\" \/>\n<script type=\"application\/ld+json\" class=\"yoast-schema-graph\">{\"@context\":\"https:\/\/schema.org\",\"@graph\":[{\"@type\":\"WebPage\",\"@id\":\"https:\/\/www.elementlogic.net\/no\/bransjer\/wholesale\/\",\"url\":\"https:\/\/www.elementlogic.net\/no\/bransjer\/wholesale\/\",\"name\":\"Wholesale | Element Logic Norway\",\"isPartOf\":{\"@id\":\"https:\/\/www.elementlogic.net\/no\/#website\"},\"primaryImageOfPage\":{\"@id\":\"https:\/\/www.elementlogic.net\/no\/bransjer\/wholesale\/#primaryimage\"},\"image\":{\"@id\":\"https:\/\/www.elementlogic.net\/no\/bransjer\/wholesale\/#primaryimage\"},\"thumbnailUrl\":\"https:\/\/www.elementlogic.net\/content\/uploads\/sites\/10\/2026\/03\/Wholesale-Automation-4.png\",\"datePublished\":\"2026-03-25T13:42:13+00:00\",\"dateModified\":\"2026-03-26T09:39:57+00:00\",\"description\":\"Lagerautomasjon for wholesale som gir h\u00f8yere effektivitet, bedre n\u00f8yaktighet og skalerbar distribusjon ved svingende ettersp\u00f8rsel.\",\"breadcrumb\":{\"@id\":\"https:\/\/www.elementlogic.net\/no\/bransjer\/wholesale\/#breadcrumb\"},\"inLanguage\":\"nb-NO\",\"potentialAction\":[{\"@type\":\"ReadAction\",\"target\":[\"https:\/\/www.elementlogic.net\/no\/bransjer\/wholesale\/\"]}]},{\"@type\":\"ImageObject\",\"inLanguage\":\"nb-NO\",\"@id\":\"https:\/\/www.elementlogic.net\/no\/bransjer\/wholesale\/#primaryimage\",\"url\":\"https:\/\/www.elementlogic.net\/content\/uploads\/sites\/10\/2026\/03\/Wholesale-Automation-4.png\",\"contentUrl\":\"https:\/\/www.elementlogic.net\/content\/uploads\/sites\/10\/2026\/03\/Wholesale-Automation-4.png\",\"width\":1024,\"height\":576,\"caption\":\"Wholesale\"},{\"@type\":\"BreadcrumbList\",\"@id\":\"https:\/\/www.elementlogic.net\/no\/bransjer\/wholesale\/#breadcrumb\",\"itemListElement\":[{\"@type\":\"ListItem\",\"position\":1,\"name\":\"Bransjer\",\"item\":\"https:\/\/www.elementlogic.net\/no\/bransjer\/\"},{\"@type\":\"ListItem\",\"position\":2,\"name\":\"Wholesale\"}]},{\"@type\":\"WebSite\",\"@id\":\"https:\/\/www.elementlogic.net\/no\/#website\",\"url\":\"https:\/\/www.elementlogic.net\/no\/\",\"name\":\"Element Logic Norway\",\"description\":\"\",\"alternateName\":\"Element Logic\",\"potentialAction\":[{\"@type\":\"SearchAction\",\"target\":{\"@type\":\"EntryPoint\",\"urlTemplate\":\"https:\/\/www.elementlogic.net\/no\/?s={search_term_string}\"},\"query-input\":{\"@type\":\"PropertyValueSpecification\",\"valueRequired\":true,\"valueName\":\"search_term_string\"}}],\"inLanguage\":\"nb-NO\"}]}<\/script>\n<!-- \/ Yoast SEO Premium plugin. -->","yoast_head_json":{"title":"Wholesale | Element Logic Norway","description":"Lagerautomasjon for wholesale som gir h\u00f8yere effektivitet, bedre n\u00f8yaktighet og skalerbar distribusjon ved svingende ettersp\u00f8rsel.","robots":{"index":"index","follow":"follow","max-snippet":"max-snippet:-1","max-image-preview":"max-image-preview:large","max-video-preview":"max-video-preview:-1"},"canonical":"https:\/\/www.elementlogic.net\/no\/bransjer\/wholesale\/","og_locale":"nb_NO","og_type":"article","og_title":"Wholesale","og_description":"Lagerautomasjon for wholesale som gir h\u00f8yere effektivitet, bedre n\u00f8yaktighet og skalerbar distribusjon ved svingende ettersp\u00f8rsel.","og_url":"https:\/\/www.elementlogic.net\/no\/bransjer\/wholesale\/","og_site_name":"Element Logic Norway","article_modified_time":"2026-03-26T09:39:57+00:00","og_image":[{"width":1024,"height":576,"url":"https:\/\/www.elementlogic.net\/content\/uploads\/sites\/10\/2026\/03\/Wholesale-Automation-4.png","type":"image\/png"}],"twitter_card":"summary_large_image","twitter_misc":{"Ansl. lesetid":"1 minutt"},"schema":{"@context":"https:\/\/schema.org","@graph":[{"@type":"WebPage","@id":"https:\/\/www.elementlogic.net\/no\/bransjer\/wholesale\/","url":"https:\/\/www.elementlogic.net\/no\/bransjer\/wholesale\/","name":"Wholesale | Element Logic Norway","isPartOf":{"@id":"https:\/\/www.elementlogic.net\/no\/#website"},"primaryImageOfPage":{"@id":"https:\/\/www.elementlogic.net\/no\/bransjer\/wholesale\/#primaryimage"},"image":{"@id":"https:\/\/www.elementlogic.net\/no\/bransjer\/wholesale\/#primaryimage"},"thumbnailUrl":"https:\/\/www.elementlogic.net\/content\/uploads\/sites\/10\/2026\/03\/Wholesale-Automation-4.png","datePublished":"2026-03-25T13:42:13+00:00","dateModified":"2026-03-26T09:39:57+00:00","description":"Lagerautomasjon for wholesale som gir h\u00f8yere effektivitet, bedre n\u00f8yaktighet og skalerbar distribusjon ved svingende ettersp\u00f8rsel.","breadcrumb":{"@id":"https:\/\/www.elementlogic.net\/no\/bransjer\/wholesale\/#breadcrumb"},"inLanguage":"nb-NO","potentialAction":[{"@type":"ReadAction","target":["https:\/\/www.elementlogic.net\/no\/bransjer\/wholesale\/"]}]},{"@type":"ImageObject","inLanguage":"nb-NO","@id":"https:\/\/www.elementlogic.net\/no\/bransjer\/wholesale\/#primaryimage","url":"https:\/\/www.elementlogic.net\/content\/uploads\/sites\/10\/2026\/03\/Wholesale-Automation-4.png","contentUrl":"https:\/\/www.elementlogic.net\/content\/uploads\/sites\/10\/2026\/03\/Wholesale-Automation-4.png","width":1024,"height":576,"caption":"Wholesale"},{"@type":"BreadcrumbList","@id":"https:\/\/www.elementlogic.net\/no\/bransjer\/wholesale\/#breadcrumb","itemListElement":[{"@type":"ListItem","position":1,"name":"Bransjer","item":"https:\/\/www.elementlogic.net\/no\/bransjer\/"},{"@type":"ListItem","position":2,"name":"Wholesale"}]},{"@type":"WebSite","@id":"https:\/\/www.elementlogic.net\/no\/#website","url":"https:\/\/www.elementlogic.net\/no\/","name":"Element Logic Norway","description":"","alternateName":"Element Logic","potentialAction":[{"@type":"SearchAction","target":{"@type":"EntryPoint","urlTemplate":"https:\/\/www.elementlogic.net\/no\/?s={search_term_string}"},"query-input":{"@type":"PropertyValueSpecification","valueRequired":true,"valueName":"search_term_string"}}],"inLanguage":"nb-NO"}]}},"_links":{"self":[{"href":"https:\/\/www.elementlogic.net\/no\/wp-json\/wp\/v2\/pages\/22086"}],"collection":[{"href":"https:\/\/www.elementlogic.net\/no\/wp-json\/wp\/v2\/pages"}],"about":[{"href":"https:\/\/www.elementlogic.net\/no\/wp-json\/wp\/v2\/types\/page"}],"author":[{"embeddable":true,"href":"https:\/\/www.elementlogic.net\/no\/wp-json\/wp\/v2\/users\/2"}],"replies":[{"embeddable":true,"href":"https:\/\/www.elementlogic.net\/no\/wp-json\/wp\/v2\/comments?post=22086"}],"version-history":[{"count":4,"href":"https:\/\/www.elementlogic.net\/no\/wp-json\/wp\/v2\/pages\/22086\/revisions"}],"predecessor-version":[{"id":22736,"href":"https:\/\/www.elementlogic.net\/no\/wp-json\/wp\/v2\/pages\/22086\/revisions\/22736"}],"up":[{"embeddable":true,"href":"https:\/\/www.elementlogic.net\/no\/wp-json\/wp\/v2\/pages\/22091"}],"wp:featuredmedia":[{"embeddable":true,"href":"https:\/\/www.elementlogic.net\/no\/wp-json\/wp\/v2\/media\/22436"}],"wp:attachment":[{"href":"https:\/\/www.elementlogic.net\/no\/wp-json\/wp\/v2\/media?parent=22086"}],"curies":[{"name":"wp","href":"https:\/\/api.w.org\/{rel}","templated":true}]}}