{"id":22089,"date":"2026-03-25T13:33:39","date_gmt":"2026-03-25T13:33:39","guid":{"rendered":"https:\/\/www.elementlogic.net\/no\/?page_id=22089"},"modified":"2026-03-26T09:34:44","modified_gmt":"2026-03-26T09:34:44","slug":"medisinsk-utstyr-og-legemidler","status":"publish","type":"page","link":"https:\/\/www.elementlogic.net\/no\/bransjer\/medisinsk-utstyr-og-legemidler\/","title":{"rendered":"Medisinsk utstyr og legemidler"},"content":{"rendered":"\n\t\t<div style=\"--dekode-hero-dim:0.5; --t2-icon-fill:var(--wp--preset--color--white);\" class=\"alignfull dekode-hero-content-position-center has-media-background wp-block-dekode-hero has-text-color has-white-color\">\n\t\t\t<img loading=\"lazy\" decoding=\"async\" width=\"1024\" height=\"576\" src=\"https:\/\/www.elementlogic.net\/content\/uploads\/sites\/10\/2026\/03\/Wholesale-Automation-3-1.png\" class=\"dekode-hero__image\" alt=\"3PL\" style=\"--focalpoint: 48% 51%;\" srcset=\"https:\/\/www.elementlogic.net\/content\/uploads\/sites\/10\/2026\/03\/Wholesale-Automation-3-1.png 1024w, https:\/\/www.elementlogic.net\/content\/uploads\/sites\/10\/2026\/03\/Wholesale-Automation-3-1-300x169.png 300w, https:\/\/www.elementlogic.net\/content\/uploads\/sites\/10\/2026\/03\/Wholesale-Automation-3-1-768x432.png 768w\" sizes=\"(max-width: 1024px) 100vw, 1024px\" \/>\n\t\t\t<div class=\"dekode-hero__content\">\n\t\t\t\t<div class=\"dekode-hero__container\">\n\t\t\t\t\t\n\n<p><\/p>\n\n\n\n<h1 class=\"wp-block-heading\" id=\"h-medisinsk-utstyr-amp-legemidler\">Medisinsk utstyr &amp; legemidler<\/h1>\n\n\n<p class=\"t2-ingress wp-block-t2-ingress\">Presisjon og etterlevelse i hver dose<\/p>\n\n\n<div class=\"wp-block-buttons is-layout-flex wp-block-buttons-is-layout-flex\">\n<div class=\"wp-block-button hs-cta-trigger-button hs-cta-trigger-button-195241208906 has-icon has-icon-theme_arrow\"><a class=\"wp-block-button__link wp-element-button\" href=\"https:\/\/www.elementlogic.net\/no\/book-gratis-konsultasjon\/\">Kontakt oss<svg xmlns=\"http:\/\/www.w3.org\/2000\/svg\" viewBox=\"0 0 24 24\" height=\"24\" width=\"24\" class=\"t2-icon t2-icon-theme_arrow\" aria-hidden=\"true\" focusable=\"false\"><path d=\"M16.627 12.75H5.25C5.03717 12.75 4.859 12.6782 4.7155 12.5345C4.57183 12.391 4.5 12.2128 4.5 12C4.5 11.7872 4.57183 11.609 4.7155 11.4655C4.859 11.3218 5.03717 11.25 5.25 11.25H16.627L11.4577 6.08076C11.3091 5.93209 11.2357 5.75809 11.2375 5.55876C11.2395 5.35942 11.318 5.18217 11.473 5.02701C11.6282 4.88217 11.8038 4.80717 12 4.80201C12.1962 4.79684 12.3718 4.87184 12.527 5.02701L18.8673 11.3673C18.9609 11.4609 19.0269 11.5597 19.0652 11.6635C19.1037 11.7673 19.123 11.8795 19.123 12C19.123 12.1205 19.1037 12.2327 19.0652 12.3365C19.0269 12.4403 18.9609 12.5391 18.8673 12.6328L12.527 18.973C12.3885 19.1115 12.217 19.1823 12.0125 19.1855C11.808 19.1887 11.6282 19.1178 11.473 18.973C11.318 18.8178 11.2405 18.6397 11.2405 18.4385C11.2405 18.2372 11.318 18.0589 11.473 17.9038L16.627 12.75Z\" fill=\"var(--t2-icon-fill, #000)\"\/><\/svg><\/a><\/div>\n<\/div>\n\n\n\t\t\t\t<\/div>\n\t\t\t<\/div>\n\t\t<\/div>\n\t\t\n\n<p class=\"t2-ingress wp-block-t2-ingress\">Innen medisinsk og farmas\u00f8ytisk industri redder n\u00f8yaktighet liv. Hver ordre m\u00e5 oppfylle strenge regelverk, ha full sporbarhet og ankomme under perfekte forhold. Med \u00f8kende produktmangfold, strengere krav til etterlevelse og utfordringer knyttet til arbeidskraft er automasjon avgj\u00f8rende for \u00e5 sikre kvalitet og p\u00e5litelighet.<\/p>\n\n\n<p>Element Logic hjelper distribut\u00f8rer, produsenter og helseakt\u00f8rer innen medisinsk og farmas\u00f8ytisk sektor med \u00e5 optimalisere lagring, sikre etterlevelse og s\u00f8rge for feilfri produkth\u00e5ndtering. Som verdens f\u00f8rste AutoStore-partner, og med mer enn 40 \u00e5rs ekspertise innen intralogistikk, leverer vi automasjon som beskytter b\u00e5de pasienter og ytelse.<\/p>\n\n\n\n<div class=\"wp-block-group has-global-padding is-layout-constrained wp-block-group-is-layout-constrained\">\n<h2 class=\"wp-block-heading wp-container-content-1\" id=\"h-utfordringer-i-medisinsk-og-farmasoytisk-logistikk\"><strong>Utfordringer i medisinsk og farmas\u00f8ytisk logistikk<\/strong><\/h2>\n\n\n\n<ul class=\"wp-block-list\">\n<li>H\u00e5ndtere streng temperaturkontroll og produktintegritet p\u00e5 tvers av lagringssoner<\/li>\n\n\n\n<li>Oppfylle regulatoriske krav<\/li>\n\n\n\n<li>Redusere risikoen for menneskelige feil ved h\u00e5ndtering av sensitive varer<\/li>\n\n\n\n<li>H\u00e5ndtere store SKU-sortimenter innen legemidler, medisinsk utstyr og forbruksvarer<\/li>\n\n\n\n<li>Balansere hastighet, presisjon og sikkerhet i tidskritiske leveranser&nbsp;<\/li>\n<\/ul>\n<\/div>\n\n\n\n\t\t<div style=\"--dekode-hero-dim:0.5; --t2-icon-fill:var(--wp--preset--color--white);\" class=\"alignfull dekode-hero-content-position-center has-media-background wp-block-dekode-hero has-text-color has-white-color\">\n\t\t\t\t\t<video\n\t\t\tautoplay\n\t\t\tloop\n\t\t\tmuted\n\t\t\tplaysinline\n\t\t\tposter=\"\"\n\t\t\tsrc=\"https:\/\/www.elementlogic.net\/content\/uploads\/2024\/07\/solutions-and-services.mp4\">\n\t\t<\/video>\n\t\t\n\t\t\t<div class=\"dekode-hero__content\">\n\t\t\t\t<div class=\"dekode-hero__container\">\n\t\t\t\t\t\n\n<h2 class=\"wp-block-heading\" id=\"h-betrodd-av-ledende-selskaper-innen-medisinsk-utstyr-og-legemidler\">Betrodd av ledende selskaper innen medisinsk utstyr og legemidler:<\/h2>\n\n\n\t\t\t\t<\/div>\n\t\t\t<\/div>\n\t\t<\/div>\n\t\t\n\n<div class=\"t2-featured-content-layout alignwide wp-block-t2-featured-content-layout\">\n<div class=\"t2-featured-query-post t2-featured-content is-post-type-case case_tax-farmasoytiske-produkter wp-block-t2-featured-query-post\"><a class=\"t2-post-link wp-block-t2-post-link\" href=\"https:\/\/www.elementlogic.net\/no\/cases\/nettapoteket-apotea-er-forst-i-verden-med-robotplukking-integrert-med-autostore\/\">\n\t<div class=\"client-logo-image-wrapper\"><img loading=\"lazy\" decoding=\"async\" width=\"241\" height=\"65\" src=\"https:\/\/www.elementlogic.net\/content\/uploads\/sites\/10\/\/2024\/09\/Apotea-logo.png\" class=\"client-logo-image\" alt=\"\" \/><\/div>\n\t<figure style=\"--t2-focal-point: 50% 50%;\" class=\"t2-post-featured-image has-image-ratio-3-2 wp-block-t2-post-featured-image\"><img loading=\"lazy\" decoding=\"async\" width=\"2000\" height=\"1334\" src=\"https:\/\/www.elementlogic.net\/content\/uploads\/sites\/10\/\/2024\/09\/Warehouse-automation_Element-Logic.jpg\" class=\"attachment-post-thumbnail size-post-thumbnail wp-post-image\" alt=\"Automasjon\" srcset=\"https:\/\/www.elementlogic.net\/content\/uploads\/sites\/10\/2024\/09\/Warehouse-automation_Element-Logic.jpg 2000w, https:\/\/www.elementlogic.net\/content\/uploads\/sites\/10\/2024\/09\/Warehouse-automation_Element-Logic-300x200.jpg 300w, https:\/\/www.elementlogic.net\/content\/uploads\/sites\/10\/2024\/09\/Warehouse-automation_Element-Logic-1024x683.jpg 1024w, https:\/\/www.elementlogic.net\/content\/uploads\/sites\/10\/2024\/09\/Warehouse-automation_Element-Logic-768x512.jpg 768w, https:\/\/www.elementlogic.net\/content\/uploads\/sites\/10\/2024\/09\/Warehouse-automation_Element-Logic-1536x1025.jpg 1536w\" sizes=\"(max-width: 2000px) 100vw, 2000px\" \/><\/figure>\n\t\n<\/a>\n\n\t\t<div class=\"card-content wp-block-t2-wrapper\">\n\t<div class=\"wp-block-dekode-post-terms\"><span>Farmas\u00f8ytiske produkter<\/span><\/div>\n\t<h3 class=\"t2-post-title wp-block-t2-post-title\"><a href=\"https:\/\/www.elementlogic.net\/no\/cases\/nettapoteket-apotea-er-forst-i-verden-med-robotplukking-integrert-med-autostore\/\" target=\"_self\" >Nettapoteket Apotea er f\u00f8rst i verden med robotplukking integrert med AutoStore<\/a><\/h3>\n\t<div class=\"t2-post-excerpt wp-block-t2-post-excerpt\"><p>Som Sveriges ledende nettapotek stiller Apotea h\u00f8ye krav til lageret for \u00e5 f\u00e5 til rask og smidig levering av rundt 50.000 ordre om dagen. Med en skreddersydd AutoStore-l\u00f8sning levert av Element Logic er kapasiteten til Apotea betydelig styrket. For f\u00f8rste gang er hele lagerdriften automatisert, inkludert den unike robotarmen eOperator. Den kan jobbe d\u00f8gnet rundt sammen med AutoStore.<\/p><\/div>\n<\/div>\n<\/div>\n\n\n\n\n<\/div>\n\n\n<div class=\"wp-block-buttons is-layout-flex wp-block-buttons-is-layout-flex\">\n<div class=\"wp-block-button\"><a class=\"wp-block-button__link wp-element-button\" href=\"https:\/\/www.elementlogic.net\/no\/cases\/\">Utforsk flere caser<\/a><\/div>\n<\/div>\n\n\n\n<div class=\"wp-block-group has-global-padding is-layout-constrained wp-block-group-is-layout-constrained\">\n<h2 class=\"wp-block-heading wp-container-content-2\" id=\"h-hvorfor-selskaper-innen-medisinsk-utstyr-og-legemidler-velger-element-logic\">Hvorfor selskaper innen medisinsk utstyr og legemidler velger Element Logic<\/h2>\n\n\n\n<ul class=\"wp-block-list\">\n<li>Oppretthold full regulatorisk etterlevelse med sporbar automasjon<\/li>\n\n\n\n<li>Beskytt produktintegriteten og minimer risikoen for kontaminering<\/li>\n\n\n\n<li>Oppn\u00e5 sv\u00e6rt presis ordreoppfyllelse med end-to-end-synlighet<\/li>\n\n\n\n<li>Skaler driften samtidig som konsekvent milj\u00f8kontroll sikres&nbsp;&nbsp;<\/li>\n<\/ul>\n<\/div>\n\n\n\n<div style=\"height:100px\" aria-hidden=\"true\" class=\"wp-block-spacer\"><\/div>\n\n\n\n\t\t<div style=\"--dekode-hero-dim:0.6; --t2-icon-fill:var(--wp--preset--color--white);\" class=\"alignfull dekode-hero-content-position-center has-media-background wp-block-dekode-hero has-text-color has-white-color\">\n\t\t\t<img loading=\"lazy\" decoding=\"async\" width=\"1024\" height=\"683\" src=\"https:\/\/www.elementlogic.net\/content\/uploads\/sites\/10\/2026\/03\/Fiege_1-6.jpg\" class=\"dekode-hero__image\" alt=\"Grid warehouse automation\" style=\"--focalpoint: 75% 71%;\" srcset=\"https:\/\/www.elementlogic.net\/content\/uploads\/sites\/10\/2026\/03\/Fiege_1-6.jpg 1024w, https:\/\/www.elementlogic.net\/content\/uploads\/sites\/10\/2026\/03\/Fiege_1-6-300x200.jpg 300w, https:\/\/www.elementlogic.net\/content\/uploads\/sites\/10\/2026\/03\/Fiege_1-6-768x512.jpg 768w\" sizes=\"(max-width: 1024px) 100vw, 1024px\" \/>\n\t\t\t<div class=\"dekode-hero__content\">\n\t\t\t\t<div class=\"dekode-hero__container\">\n\t\t\t\t\t\n\n<h1 class=\"wp-block-heading\" id=\"h-bygg-inn-presisjon-i-hver-ordre-med-lagerautomasjon\"><strong>Bygg inn presisjon i hver ordre med lagerautomasjon.<\/strong><\/h1>\n\n\n\n<div class=\"wp-block-buttons is-layout-flex wp-block-buttons-is-layout-flex\">\n<div class=\"wp-block-button http:\/\/hs-cta-trigger-button hs-cta-trigger-button-195241208906\"><a class=\"wp-block-button__link wp-element-button\" href=\"https:\/\/www.elementlogic.net\/no\/book-gratis-konsultasjon\/\">Kontakt oss idag<\/a><\/div>\n<\/div>\n\n\n\t\t\t\t<\/div>\n\t\t\t<\/div>\n\t\t<\/div>\n\t\t","protected":false},"excerpt":{"rendered":"<p>Element Logic hjelper distribut\u00f8rer, produsenter og helseakt\u00f8rer innen medisinsk og farmas\u00f8ytisk sektor med \u00e5 optimalisere lagring, sikre etterlevelse og s\u00f8rge [&hellip;]<\/p>\n","protected":false},"author":2,"featured_media":22434,"parent":22091,"menu_order":0,"comment_status":"closed","ping_status":"closed","template":"","meta":{"hreflang_relation":0,"_el_cross_publish_source_blog_url":"","_el_cross_publish_source_blog_id":0,"_el_cross_publish_source_post_id":0,"_el_cross_publish_sync_state":"","exclude_from_search":false,"footnotes":""},"class_list":["post-22089","page","type-page","status-publish","has-post-thumbnail","hentry"],"yoast_head":"<!-- This site is optimized with the Yoast SEO Premium plugin v23.9 (Yoast SEO v23.9) - https:\/\/yoast.com\/wordpress\/plugins\/seo\/ -->\n<title>Medisinsk utstyr og legemidler | Element Logic Norway<\/title>\n<meta name=\"description\" content=\"Lagerautomasjon for medisinsk utstyr og legemidler som sikrer presisjon, sporbarhet og etterlevelse i hele logistikkjeden.\" \/>\n<meta name=\"robots\" content=\"index, follow, max-snippet:-1, max-image-preview:large, max-video-preview:-1\" \/>\n<link rel=\"canonical\" href=\"https:\/\/www.elementlogic.net\/no\/bransjer\/medisinsk-utstyr-og-legemidler\/\" \/>\n<meta property=\"og:locale\" content=\"nb_NO\" \/>\n<meta property=\"og:type\" content=\"article\" \/>\n<meta property=\"og:title\" content=\"Medisinsk utstyr og legemidler\" \/>\n<meta property=\"og:description\" content=\"Lagerautomasjon for medisinsk utstyr og legemidler som sikrer presisjon, sporbarhet og etterlevelse i hele logistikkjeden.\" \/>\n<meta property=\"og:url\" content=\"https:\/\/www.elementlogic.net\/no\/bransjer\/medisinsk-utstyr-og-legemidler\/\" \/>\n<meta property=\"og:site_name\" content=\"Element Logic Norway\" \/>\n<meta property=\"article:modified_time\" content=\"2026-03-26T09:34:44+00:00\" \/>\n<meta property=\"og:image\" content=\"https:\/\/www.elementlogic.net\/content\/uploads\/sites\/10\/2026\/03\/Wholesale-Automation-2-1.png\" \/>\n\t<meta property=\"og:image:width\" content=\"1024\" \/>\n\t<meta property=\"og:image:height\" content=\"576\" \/>\n\t<meta property=\"og:image:type\" content=\"image\/png\" \/>\n<meta name=\"twitter:card\" content=\"summary_large_image\" \/>\n<meta name=\"twitter:label1\" content=\"Ansl. lesetid\" \/>\n\t<meta name=\"twitter:data1\" content=\"2 minutter\" \/>\n<script type=\"application\/ld+json\" class=\"yoast-schema-graph\">{\"@context\":\"https:\/\/schema.org\",\"@graph\":[{\"@type\":\"WebPage\",\"@id\":\"https:\/\/www.elementlogic.net\/no\/bransjer\/medisinsk-utstyr-og-legemidler\/\",\"url\":\"https:\/\/www.elementlogic.net\/no\/bransjer\/medisinsk-utstyr-og-legemidler\/\",\"name\":\"Medisinsk utstyr og legemidler | Element Logic Norway\",\"isPartOf\":{\"@id\":\"https:\/\/www.elementlogic.net\/no\/#website\"},\"primaryImageOfPage\":{\"@id\":\"https:\/\/www.elementlogic.net\/no\/bransjer\/medisinsk-utstyr-og-legemidler\/#primaryimage\"},\"image\":{\"@id\":\"https:\/\/www.elementlogic.net\/no\/bransjer\/medisinsk-utstyr-og-legemidler\/#primaryimage\"},\"thumbnailUrl\":\"https:\/\/www.elementlogic.net\/content\/uploads\/sites\/10\/2026\/03\/Wholesale-Automation-2-1.png\",\"datePublished\":\"2026-03-25T13:33:39+00:00\",\"dateModified\":\"2026-03-26T09:34:44+00:00\",\"description\":\"Lagerautomasjon for medisinsk utstyr og legemidler som sikrer presisjon, sporbarhet og etterlevelse i hele logistikkjeden.\",\"breadcrumb\":{\"@id\":\"https:\/\/www.elementlogic.net\/no\/bransjer\/medisinsk-utstyr-og-legemidler\/#breadcrumb\"},\"inLanguage\":\"nb-NO\",\"potentialAction\":[{\"@type\":\"ReadAction\",\"target\":[\"https:\/\/www.elementlogic.net\/no\/bransjer\/medisinsk-utstyr-og-legemidler\/\"]}]},{\"@type\":\"ImageObject\",\"inLanguage\":\"nb-NO\",\"@id\":\"https:\/\/www.elementlogic.net\/no\/bransjer\/medisinsk-utstyr-og-legemidler\/#primaryimage\",\"url\":\"https:\/\/www.elementlogic.net\/content\/uploads\/sites\/10\/2026\/03\/Wholesale-Automation-2-1.png\",\"contentUrl\":\"https:\/\/www.elementlogic.net\/content\/uploads\/sites\/10\/2026\/03\/Wholesale-Automation-2-1.png\",\"width\":1024,\"height\":576,\"caption\":\"Automasjon for Medisinsk utstyr & legemidler\"},{\"@type\":\"BreadcrumbList\",\"@id\":\"https:\/\/www.elementlogic.net\/no\/bransjer\/medisinsk-utstyr-og-legemidler\/#breadcrumb\",\"itemListElement\":[{\"@type\":\"ListItem\",\"position\":1,\"name\":\"Bransjer\",\"item\":\"https:\/\/www.elementlogic.net\/no\/bransjer\/\"},{\"@type\":\"ListItem\",\"position\":2,\"name\":\"Medisinsk utstyr og legemidler\"}]},{\"@type\":\"WebSite\",\"@id\":\"https:\/\/www.elementlogic.net\/no\/#website\",\"url\":\"https:\/\/www.elementlogic.net\/no\/\",\"name\":\"Element Logic Norway\",\"description\":\"\",\"alternateName\":\"Element Logic\",\"potentialAction\":[{\"@type\":\"SearchAction\",\"target\":{\"@type\":\"EntryPoint\",\"urlTemplate\":\"https:\/\/www.elementlogic.net\/no\/?s={search_term_string}\"},\"query-input\":{\"@type\":\"PropertyValueSpecification\",\"valueRequired\":true,\"valueName\":\"search_term_string\"}}],\"inLanguage\":\"nb-NO\"}]}<\/script>\n<!-- \/ Yoast SEO Premium plugin. -->","yoast_head_json":{"title":"Medisinsk utstyr og legemidler | Element Logic Norway","description":"Lagerautomasjon for medisinsk utstyr og legemidler som sikrer presisjon, sporbarhet og etterlevelse i hele logistikkjeden.","robots":{"index":"index","follow":"follow","max-snippet":"max-snippet:-1","max-image-preview":"max-image-preview:large","max-video-preview":"max-video-preview:-1"},"canonical":"https:\/\/www.elementlogic.net\/no\/bransjer\/medisinsk-utstyr-og-legemidler\/","og_locale":"nb_NO","og_type":"article","og_title":"Medisinsk utstyr og legemidler","og_description":"Lagerautomasjon for medisinsk utstyr og legemidler som sikrer presisjon, sporbarhet og etterlevelse i hele logistikkjeden.","og_url":"https:\/\/www.elementlogic.net\/no\/bransjer\/medisinsk-utstyr-og-legemidler\/","og_site_name":"Element Logic Norway","article_modified_time":"2026-03-26T09:34:44+00:00","og_image":[{"width":1024,"height":576,"url":"https:\/\/www.elementlogic.net\/content\/uploads\/sites\/10\/2026\/03\/Wholesale-Automation-2-1.png","type":"image\/png"}],"twitter_card":"summary_large_image","twitter_misc":{"Ansl. lesetid":"2 minutter"},"schema":{"@context":"https:\/\/schema.org","@graph":[{"@type":"WebPage","@id":"https:\/\/www.elementlogic.net\/no\/bransjer\/medisinsk-utstyr-og-legemidler\/","url":"https:\/\/www.elementlogic.net\/no\/bransjer\/medisinsk-utstyr-og-legemidler\/","name":"Medisinsk utstyr og legemidler | Element Logic Norway","isPartOf":{"@id":"https:\/\/www.elementlogic.net\/no\/#website"},"primaryImageOfPage":{"@id":"https:\/\/www.elementlogic.net\/no\/bransjer\/medisinsk-utstyr-og-legemidler\/#primaryimage"},"image":{"@id":"https:\/\/www.elementlogic.net\/no\/bransjer\/medisinsk-utstyr-og-legemidler\/#primaryimage"},"thumbnailUrl":"https:\/\/www.elementlogic.net\/content\/uploads\/sites\/10\/2026\/03\/Wholesale-Automation-2-1.png","datePublished":"2026-03-25T13:33:39+00:00","dateModified":"2026-03-26T09:34:44+00:00","description":"Lagerautomasjon for medisinsk utstyr og legemidler som sikrer presisjon, sporbarhet og etterlevelse i hele logistikkjeden.","breadcrumb":{"@id":"https:\/\/www.elementlogic.net\/no\/bransjer\/medisinsk-utstyr-og-legemidler\/#breadcrumb"},"inLanguage":"nb-NO","potentialAction":[{"@type":"ReadAction","target":["https:\/\/www.elementlogic.net\/no\/bransjer\/medisinsk-utstyr-og-legemidler\/"]}]},{"@type":"ImageObject","inLanguage":"nb-NO","@id":"https:\/\/www.elementlogic.net\/no\/bransjer\/medisinsk-utstyr-og-legemidler\/#primaryimage","url":"https:\/\/www.elementlogic.net\/content\/uploads\/sites\/10\/2026\/03\/Wholesale-Automation-2-1.png","contentUrl":"https:\/\/www.elementlogic.net\/content\/uploads\/sites\/10\/2026\/03\/Wholesale-Automation-2-1.png","width":1024,"height":576,"caption":"Automasjon for Medisinsk utstyr & legemidler"},{"@type":"BreadcrumbList","@id":"https:\/\/www.elementlogic.net\/no\/bransjer\/medisinsk-utstyr-og-legemidler\/#breadcrumb","itemListElement":[{"@type":"ListItem","position":1,"name":"Bransjer","item":"https:\/\/www.elementlogic.net\/no\/bransjer\/"},{"@type":"ListItem","position":2,"name":"Medisinsk utstyr og legemidler"}]},{"@type":"WebSite","@id":"https:\/\/www.elementlogic.net\/no\/#website","url":"https:\/\/www.elementlogic.net\/no\/","name":"Element Logic Norway","description":"","alternateName":"Element Logic","potentialAction":[{"@type":"SearchAction","target":{"@type":"EntryPoint","urlTemplate":"https:\/\/www.elementlogic.net\/no\/?s={search_term_string}"},"query-input":{"@type":"PropertyValueSpecification","valueRequired":true,"valueName":"search_term_string"}}],"inLanguage":"nb-NO"}]}},"_links":{"self":[{"href":"https:\/\/www.elementlogic.net\/no\/wp-json\/wp\/v2\/pages\/22089"}],"collection":[{"href":"https:\/\/www.elementlogic.net\/no\/wp-json\/wp\/v2\/pages"}],"about":[{"href":"https:\/\/www.elementlogic.net\/no\/wp-json\/wp\/v2\/types\/page"}],"author":[{"embeddable":true,"href":"https:\/\/www.elementlogic.net\/no\/wp-json\/wp\/v2\/users\/2"}],"replies":[{"embeddable":true,"href":"https:\/\/www.elementlogic.net\/no\/wp-json\/wp\/v2\/comments?post=22089"}],"version-history":[{"count":5,"href":"https:\/\/www.elementlogic.net\/no\/wp-json\/wp\/v2\/pages\/22089\/revisions"}],"predecessor-version":[{"id":22727,"href":"https:\/\/www.elementlogic.net\/no\/wp-json\/wp\/v2\/pages\/22089\/revisions\/22727"}],"up":[{"embeddable":true,"href":"https:\/\/www.elementlogic.net\/no\/wp-json\/wp\/v2\/pages\/22091"}],"wp:featuredmedia":[{"embeddable":true,"href":"https:\/\/www.elementlogic.net\/no\/wp-json\/wp\/v2\/media\/22434"}],"wp:attachment":[{"href":"https:\/\/www.elementlogic.net\/no\/wp-json\/wp\/v2\/media?parent=22089"}],"curies":[{"name":"wp","href":"https:\/\/api.w.org\/{rel}","templated":true}]}}