{"id":22091,"date":"2026-03-25T13:08:04","date_gmt":"2026-03-25T13:08:04","guid":{"rendered":"https:\/\/www.elementlogic.net\/no\/?page_id=22091"},"modified":"2026-03-25T14:18:29","modified_gmt":"2026-03-25T14:18:29","slug":"bransjer","status":"publish","type":"page","link":"https:\/\/www.elementlogic.net\/no\/bransjer\/","title":{"rendered":"Bransjer"},"content":{"rendered":"\n\t\t<div style=\"--dekode-hero-dim:0.5; --t2-icon-fill:var(--wp--preset--color--white);\" class=\"alignfull dekode-hero-content-position-center has-media-background wp-block-dekode-hero has-text-color has-white-color\">\n\t\t\t\t\t<video\n\t\t\tautoplay\n\t\t\tloop\n\t\t\tmuted\n\t\t\tplaysinline\n\t\t\tposter=\"\"\n\t\t\tsrc=\"https:\/\/www.elementlogic.net\/content\/uploads\/2025\/07\/AAAS-topvideo.mp4\">\n\t\t<\/video>\n\t\t\n\t\t\t<div class=\"dekode-hero__content\">\n\t\t\t\t<div class=\"dekode-hero__container\">\n\t\t\t\t\t\n\n<h1 class=\"wp-block-heading\" id=\"h-driver-bransjer-med-smartere-intralogistikk\"><strong>Driver bransjer med smartere intralogistikk<\/strong><\/h1>\n\n\n<p class=\"t2-ingress wp-block-t2-ingress\">Fra wholesale til 3PL hjelper Element Logic virksomheter p\u00e5 tvers av bransjer med \u00e5 skalere raskere, lagre smartere og levere med presisjon.<\/p>\n\n\n<div class=\"wp-block-buttons is-layout-flex wp-block-buttons-is-layout-flex\">\n<div class=\"wp-block-button\"><a class=\"wp-block-button__link wp-element-button\" href=\"#utforsk-bransjer\">Utforsk bransjer<\/a><\/div>\n<\/div>\n\n\n\t\t\t\t<\/div>\n\t\t\t<\/div>\n\t\t<\/div>\n\t\t\n\n\n<h2 class=\"wp-block-heading\" id=\"h-optimaliser-lagerytelsen\"><strong>Optimaliser lagerytelsen<\/strong><\/h2>\n\n\n\n<p>\u00c5 optimalisere er kjernen i enhver vellykket virksomhet. Uansett bransje er lagerets effektivitet avgj\u00f8rende for evnen din til \u00e5 levere, konkurrere og vokse. Element Logic samarbeider med ambisi\u00f8se virksomheter over hele verden for \u00e5 automatisere og optimalisere intralogistikken deres, slik at de kan minimere svinn, maksimere ytelse og sikre langsiktig l\u00f8nnsomhet.<\/p>\n\n\n\n<h2 class=\"wp-block-heading\" id=\"h-skreddersydd-automasjon-for-hver-bransje\">Skreddersydd automasjon for hver bransje<\/h2>\n\n\n\n<p>Ingen bransjer m\u00f8ter de samme utfordringene, og derfor tilpasser Element Logic automasjonen til virksomheten din. Enten du opererer innen e-handel, tredjepartslogistikk, retail, produksjon eller spesialiserte omr\u00e5der som legemidler eller kj\u00f8lelager, designer vi l\u00f8sninger som m\u00f8ter dine eksakte behov. Med flere ti\u00e5r med erfaring og en global kundebase forst\u00e5r vi de unike kravene i hver bransje. Fra \u00e5 h\u00e5ndtere store returvolumer innen mote til \u00e5 sikre n\u00f8yaktighet i medisinsk distribusjon leverer vi automasjon som hjelper deg med \u00e5 redusere kostnader, forbedre effektiviteten og skalere med trygghet.<\/p>\n\n\n\n<h2 class=\"wp-block-heading\" id=\"utforsk-bransjer\">Utforsk bransjer<\/h2>\n\n\n\n\t\t<div style=\"--link-cards-grid-columns: 3\" class=\"dekode-link-cards has-3-columns wp-block-dekode-link-cards\">\n\t\t\t<div class=\"dekode-link-cards__items\">\n\t\t\t\t\n<a class=\"wp-block-dekode-link-card\" href=\"https:\/\/www.elementlogic.net\/no\/bransjer\/3pl\"><img loading=\"lazy\" decoding=\"async\" width=\"768\" height=\"432\" src=\"https:\/\/www.elementlogic.net\/content\/uploads\/sites\/10\/2026\/03\/Wholesale-Automation-2-768x432.png\" class=\"\" alt=\"3PL\" \/>\t<div class=\"dekode-link-card__content\">\n\t\t\t\t<p class=\"dekode-link-card__title\">\n\t\t\t3PL\t\t<\/p>\n\t\t\t<\/div>\n\t<\/a>\n\n<a class=\"wp-block-dekode-link-card\" href=\"https:\/\/www.elementlogic.net\/no\/bransjer\/mote-og-klaer\/\"><img loading=\"lazy\" decoding=\"async\" width=\"768\" height=\"432\" src=\"https:\/\/www.elementlogic.net\/content\/uploads\/sites\/10\/2026\/03\/Wholesale-Automation1-2-768x432.png\" class=\"\" alt=\"Automasjon for Mote og kl\u00e6r\" \/>\t<div class=\"dekode-link-card__content\">\n\t\t\t\t<p class=\"dekode-link-card__title\">\n\t\t\tMote og kl\u00e6r\t\t<\/p>\n\t\t\t<\/div>\n\t<\/a>\n\n<a class=\"wp-block-dekode-link-card\" href=\"https:\/\/www.elementlogic.net\/no\/bransjer\/sportsutstyr\"><img loading=\"lazy\" decoding=\"async\" width=\"768\" height=\"432\" src=\"https:\/\/www.elementlogic.net\/content\/uploads\/sites\/10\/2026\/03\/Wholesale-Automation1-3-768x432.png\" class=\"\" alt=\"Automasjon for Sportsutstyr\" \/>\t<div class=\"dekode-link-card__content\">\n\t\t\t\t<p class=\"dekode-link-card__title\">\n\t\t\tSportsutstyr\t\t<\/p>\n\t\t\t<\/div>\n\t<\/a>\n\n<a class=\"wp-block-dekode-link-card\" href=\"https:\/\/www.elementlogic.net\/no\/bransjer\/e-handel\/\"><img loading=\"lazy\" decoding=\"async\" width=\"768\" height=\"512\" src=\"https:\/\/www.elementlogic.net\/content\/uploads\/sites\/10\/2026\/03\/Element_logic_FDS_Kalle_warehousev2-4-768x512.jpg\" class=\"\" alt=\"Static Storage Solutions\" \/>\t<div class=\"dekode-link-card__content\">\n\t\t\t\t<p class=\"dekode-link-card__title\">\n\t\t\tE-handel\t\t<\/p>\n\t\t\t<\/div>\n\t<\/a>\n\n<a class=\"wp-block-dekode-link-card\" href=\"https:\/\/www.elementlogic.net\/no\/bransjer\/elektroniske-komponenter\"><img loading=\"lazy\" decoding=\"async\" width=\"768\" height=\"432\" src=\"https:\/\/www.elementlogic.net\/content\/uploads\/sites\/10\/2026\/03\/Wholesale-Automation1-4-768x432.png\" class=\"\" alt=\"Automasjon for Elektroniske komponenter\" \/>\t<div class=\"dekode-link-card__content\">\n\t\t\t\t<p class=\"dekode-link-card__title\">\n\t\t\tElektroniske komponenter\t\t<\/p>\n\t\t\t<\/div>\n\t<\/a>\n\n<a class=\"wp-block-dekode-link-card\" href=\"https:\/\/www.elementlogic.net\/no\/bransjer\/produksjon-tilvirkning\/\"><img loading=\"lazy\" decoding=\"async\" width=\"768\" height=\"513\" src=\"https:\/\/www.elementlogic.net\/content\/uploads\/sites\/10\/2026\/03\/ElementLogic_Conveyors-in-action-768x513-1-3-1.jpg\" class=\"\" alt=\"Automasjon for Produksjon &amp; tilvirkning\" \/>\t<div class=\"dekode-link-card__content\">\n\t\t\t\t<p class=\"dekode-link-card__title\">\n\t\t\tProduksjon &amp; tilvirkning\t\t<\/p>\n\t\t\t<\/div>\n\t<\/a>\n\n<a class=\"wp-block-dekode-link-card\" href=\"https:\/\/www.elementlogic.net\/no\/bransjer\/reservedeler-og-distribusjon\/\"><img loading=\"lazy\" decoding=\"async\" width=\"768\" height=\"432\" src=\"https:\/\/www.elementlogic.net\/content\/uploads\/sites\/10\/2026\/03\/Wholesale-Automation-3-768x432.png\" class=\"\" alt=\"Automasjon for Parts &amp; distribution\" \/>\t<div class=\"dekode-link-card__content\">\n\t\t\t\t<p class=\"dekode-link-card__title\">\n\t\t\tReservedeler og distribusjon\t\t<\/p>\n\t\t\t<\/div>\n\t<\/a>\n\n<a class=\"wp-block-dekode-link-card\" href=\"https:\/\/www.elementlogic.net\/no\/bransjer\/medisinsk-utstyr-og-legemidler\/\"><img loading=\"lazy\" decoding=\"async\" width=\"768\" height=\"432\" src=\"https:\/\/www.elementlogic.net\/content\/uploads\/sites\/10\/2026\/03\/Wholesale-Automation-2-1-768x432.png\" class=\"\" alt=\"Automasjon for Medisinsk utstyr &amp; legemidler\" \/>\t<div class=\"dekode-link-card__content\">\n\t\t\t\t<p class=\"dekode-link-card__title\">\n\t\t\tMedisinsk utstyr &amp; legemidler\t\t<\/p>\n\t\t\t<\/div>\n\t<\/a>\n\n<a class=\"wp-block-dekode-link-card\" href=\"https:\/\/www.elementlogic.net\/no\/bransjer\/retail\/\"><img loading=\"lazy\" decoding=\"async\" width=\"768\" height=\"432\" src=\"https:\/\/www.elementlogic.net\/content\/uploads\/sites\/10\/2026\/03\/Wholesale-Automation-6-768x432.png\" class=\"\" alt=\"Automasjon for Retail\" \/>\t<div class=\"dekode-link-card__content\">\n\t\t\t\t<p class=\"dekode-link-card__title\">\n\t\t\tRetail\t\t<\/p>\n\t\t\t<\/div>\n\t<\/a>\n\n<a class=\"wp-block-dekode-link-card\" href=\"https:\/\/www.elementlogic.net\/no\/bransjer\/wholesale\/\"><img loading=\"lazy\" decoding=\"async\" width=\"768\" height=\"432\" src=\"https:\/\/www.elementlogic.net\/content\/uploads\/sites\/10\/2026\/03\/Wholesale-Automation-4-768x432.png\" class=\"\" alt=\"Wholesale\" \/>\t<div class=\"dekode-link-card__content\">\n\t\t\t\t<p class=\"dekode-link-card__title\">\n\t\t\tWholesale\t\t<\/p>\n\t\t\t<\/div>\n\t<\/a>\n\n<a class=\"wp-block-dekode-link-card\" href=\"https:\/\/www.elementlogic.net\/no\/bransjer\/dagligvarer-pa-nett\/\"><img loading=\"lazy\" decoding=\"async\" width=\"768\" height=\"432\" src=\"https:\/\/www.elementlogic.net\/content\/uploads\/sites\/10\/2026\/03\/Wholesale-Automation-5-768x432.png\" class=\"\" alt=\"Automasjon for Dagligvarer p\u00e5 nett\" \/>\t<div class=\"dekode-link-card__content\">\n\t\t\t\t<p class=\"dekode-link-card__title\">\n\t\t\tDagligvarer p\u00e5 nett (eGrocery)\t\t<\/p>\n\t\t\t<\/div>\n\t<\/a>\n\n<a class=\"wp-block-dekode-link-card\" href=\"https:\/\/www.elementlogic.net\/no\/bransjer\/kjolelager\/\"><img loading=\"lazy\" decoding=\"async\" width=\"768\" height=\"512\" src=\"https:\/\/www.elementlogic.net\/content\/uploads\/sites\/10\/2026\/03\/cold-storage2-1-1-768x512.png\" class=\"\" alt=\"Cold storage\" \/>\t<div class=\"dekode-link-card__content\">\n\t\t\t\t<p class=\"dekode-link-card__title\">\n\t\t\tKj\u00f8lelager\t\t<\/p>\n\t\t\t<\/div>\n\t<\/a>\n\n\t\t\t<\/div>\n\t\t<\/div>\n\n\n<h2 class=\"wp-block-heading\" id=\"h-felles-utfordringer-pa-tvers-av-bransjer-nbsp\"><strong>Felles utfordringer p\u00e5 tvers av bransjer<\/strong>&nbsp;<\/h2>\n\n\n\n<p>Lageroperasjoner st\u00e5r i dag overfor nye niv\u00e5er av kompleksitet og kundeforventninger. P\u00e5 tvers av bransjer m\u00e5 virksomheter h\u00e5ndtere:&nbsp;<\/p>\n\n\n\n<ul class=\"wp-block-list\">\n<li>Mangel p\u00e5 arbeidskraft og \u00f8kende driftskostnader<\/li>\n\n\n\n<li>\u00d8kende SKU-variasjon og uforutsigbar ettersp\u00f8rsel<\/li>\n\n\n\n<li>Press om raskere og mer n\u00f8yaktig fulfillment<\/li>\n\n\n\n<li>Begrenset gulvplass og behovet for skalerbare systemer<\/li>\n\n\n\n<li>Integrasjon av ny teknologi i eksisterende infrastruktur&nbsp;<\/li>\n<\/ul>\n\n\n\n<p>Disse felles utfordringene krever intelligent og fleksibel automasjon som fungerer s\u00f8ml\u00f8st med eksisterende drift.<\/p>\n\n\n\n\t\t<div class=\"wp-block-dekode-simple-cta\">\n\t\t\t<div class=\"dekode-simple-cta__inner\">\n\n<h3 class=\"wp-block-heading\" id=\"vil-du-vite-mer-om-hvordan-element-logic-kan-optimalisere-lagerytelsen-din\">Vil du vite mer om hvordan Element Logic kan optimalisere lagerytelsen din?<\/h3>\n\n\n\n<div class=\"wp-block-buttons is-layout-flex wp-block-buttons-is-layout-flex\">\n<div class=\"wp-block-button\"><a class=\"wp-block-button__link wp-element-button\" href=\"https:\/\/www.elementlogic.net\/no\/book-gratis-konsultasjon\/\">Kontakt oss idag<\/a><\/div>\n<\/div>\n\n<\/div>\n\t\t<\/div>","protected":false},"excerpt":{"rendered":"<p>Optimaliser lagerytelsen \u00c5 optimalisere er kjernen i enhver vellykket virksomhet. Uansett bransje er lagerets effektivitet avgj\u00f8rende for evnen din til [&hellip;]<\/p>\n","protected":false},"author":2,"featured_media":0,"parent":0,"menu_order":0,"comment_status":"closed","ping_status":"closed","template":"","meta":{"hreflang_relation":0,"_el_cross_publish_source_blog_url":"","_el_cross_publish_source_blog_id":0,"_el_cross_publish_source_post_id":0,"_el_cross_publish_sync_state":"","exclude_from_search":false,"footnotes":""},"class_list":["post-22091","page","type-page","status-publish","hentry"],"yoast_head":"<!-- This site is optimized with the Yoast SEO Premium plugin v23.9 (Yoast SEO v23.9) - https:\/\/yoast.com\/wordpress\/plugins\/seo\/ -->\n<title>Bransjer | Element Logic Norway<\/title>\n<meta name=\"description\" content=\"Oppdag hvordan Element Logic hjelper ulike bransjer med \u00e5 optimalisere lagerytelsen med smart, skalerbar og fleksibel automasjon.\" \/>\n<meta name=\"robots\" content=\"index, follow, max-snippet:-1, max-image-preview:large, max-video-preview:-1\" \/>\n<link rel=\"canonical\" href=\"https:\/\/www.elementlogic.net\/no\/bransjer\/\" \/>\n<meta property=\"og:locale\" content=\"nb_NO\" \/>\n<meta property=\"og:type\" content=\"article\" \/>\n<meta property=\"og:title\" content=\"Bransjer\" \/>\n<meta property=\"og:description\" content=\"Oppdag hvordan Element Logic hjelper ulike bransjer med \u00e5 optimalisere lagerytelsen med smart, skalerbar og fleksibel automasjon.\" \/>\n<meta property=\"og:url\" content=\"https:\/\/www.elementlogic.net\/no\/bransjer\/\" \/>\n<meta property=\"og:site_name\" content=\"Element Logic Norway\" \/>\n<meta property=\"article:modified_time\" content=\"2026-03-25T14:18:29+00:00\" \/>\n<meta name=\"twitter:card\" content=\"summary_large_image\" \/>\n<meta name=\"twitter:label1\" content=\"Ansl. lesetid\" \/>\n\t<meta name=\"twitter:data1\" content=\"2 minutter\" \/>\n<script type=\"application\/ld+json\" class=\"yoast-schema-graph\">{\"@context\":\"https:\/\/schema.org\",\"@graph\":[{\"@type\":\"WebPage\",\"@id\":\"https:\/\/www.elementlogic.net\/no\/bransjer\/\",\"url\":\"https:\/\/www.elementlogic.net\/no\/bransjer\/\",\"name\":\"Bransjer | Element Logic Norway\",\"isPartOf\":{\"@id\":\"https:\/\/www.elementlogic.net\/no\/#website\"},\"datePublished\":\"2026-03-25T13:08:04+00:00\",\"dateModified\":\"2026-03-25T14:18:29+00:00\",\"description\":\"Oppdag hvordan Element Logic hjelper ulike bransjer med \u00e5 optimalisere lagerytelsen med smart, skalerbar og fleksibel automasjon.\",\"inLanguage\":\"nb-NO\",\"potentialAction\":[{\"@type\":\"ReadAction\",\"target\":[\"https:\/\/www.elementlogic.net\/no\/bransjer\/\"]}]},{\"@type\":\"WebSite\",\"@id\":\"https:\/\/www.elementlogic.net\/no\/#website\",\"url\":\"https:\/\/www.elementlogic.net\/no\/\",\"name\":\"Element Logic Norway\",\"description\":\"\",\"alternateName\":\"Element Logic\",\"potentialAction\":[{\"@type\":\"SearchAction\",\"target\":{\"@type\":\"EntryPoint\",\"urlTemplate\":\"https:\/\/www.elementlogic.net\/no\/?s={search_term_string}\"},\"query-input\":{\"@type\":\"PropertyValueSpecification\",\"valueRequired\":true,\"valueName\":\"search_term_string\"}}],\"inLanguage\":\"nb-NO\"}]}<\/script>\n<!-- \/ Yoast SEO Premium plugin. -->","yoast_head_json":{"title":"Bransjer | Element Logic Norway","description":"Oppdag hvordan Element Logic hjelper ulike bransjer med \u00e5 optimalisere lagerytelsen med smart, skalerbar og fleksibel automasjon.","robots":{"index":"index","follow":"follow","max-snippet":"max-snippet:-1","max-image-preview":"max-image-preview:large","max-video-preview":"max-video-preview:-1"},"canonical":"https:\/\/www.elementlogic.net\/no\/bransjer\/","og_locale":"nb_NO","og_type":"article","og_title":"Bransjer","og_description":"Oppdag hvordan Element Logic hjelper ulike bransjer med \u00e5 optimalisere lagerytelsen med smart, skalerbar og fleksibel automasjon.","og_url":"https:\/\/www.elementlogic.net\/no\/bransjer\/","og_site_name":"Element Logic Norway","article_modified_time":"2026-03-25T14:18:29+00:00","twitter_card":"summary_large_image","twitter_misc":{"Ansl. lesetid":"2 minutter"},"schema":{"@context":"https:\/\/schema.org","@graph":[{"@type":"WebPage","@id":"https:\/\/www.elementlogic.net\/no\/bransjer\/","url":"https:\/\/www.elementlogic.net\/no\/bransjer\/","name":"Bransjer | Element Logic Norway","isPartOf":{"@id":"https:\/\/www.elementlogic.net\/no\/#website"},"datePublished":"2026-03-25T13:08:04+00:00","dateModified":"2026-03-25T14:18:29+00:00","description":"Oppdag hvordan Element Logic hjelper ulike bransjer med \u00e5 optimalisere lagerytelsen med smart, skalerbar og fleksibel automasjon.","inLanguage":"nb-NO","potentialAction":[{"@type":"ReadAction","target":["https:\/\/www.elementlogic.net\/no\/bransjer\/"]}]},{"@type":"WebSite","@id":"https:\/\/www.elementlogic.net\/no\/#website","url":"https:\/\/www.elementlogic.net\/no\/","name":"Element Logic Norway","description":"","alternateName":"Element Logic","potentialAction":[{"@type":"SearchAction","target":{"@type":"EntryPoint","urlTemplate":"https:\/\/www.elementlogic.net\/no\/?s={search_term_string}"},"query-input":{"@type":"PropertyValueSpecification","valueRequired":true,"valueName":"search_term_string"}}],"inLanguage":"nb-NO"}]}},"_links":{"self":[{"href":"https:\/\/www.elementlogic.net\/no\/wp-json\/wp\/v2\/pages\/22091"}],"collection":[{"href":"https:\/\/www.elementlogic.net\/no\/wp-json\/wp\/v2\/pages"}],"about":[{"href":"https:\/\/www.elementlogic.net\/no\/wp-json\/wp\/v2\/types\/page"}],"author":[{"embeddable":true,"href":"https:\/\/www.elementlogic.net\/no\/wp-json\/wp\/v2\/users\/2"}],"replies":[{"embeddable":true,"href":"https:\/\/www.elementlogic.net\/no\/wp-json\/wp\/v2\/comments?post=22091"}],"version-history":[{"count":4,"href":"https:\/\/www.elementlogic.net\/no\/wp-json\/wp\/v2\/pages\/22091\/revisions"}],"predecessor-version":[{"id":22665,"href":"https:\/\/www.elementlogic.net\/no\/wp-json\/wp\/v2\/pages\/22091\/revisions\/22665"}],"wp:attachment":[{"href":"https:\/\/www.elementlogic.net\/no\/wp-json\/wp\/v2\/media?parent=22091"}],"curies":[{"name":"wp","href":"https:\/\/api.w.org\/{rel}","templated":true}]}}