{"id":22100,"date":"2026-03-26T10:27:25","date_gmt":"2026-03-26T10:27:25","guid":{"rendered":"https:\/\/www.elementlogic.net\/no\/?page_id=22100"},"modified":"2026-03-26T10:27:25","modified_gmt":"2026-03-26T10:27:25","slug":"innsikt-og-optimalisering","status":"publish","type":"page","link":"https:\/\/www.elementlogic.net\/no\/losninger-og-tjenester\/customer-success\/innsikt-og-optimalisering\/","title":{"rendered":"Innsikt og optimalisering"},"content":{"rendered":"\n\t\t<div style=\"--dekode-hero-dim:0.5; --t2-icon-fill:var(--wp--preset--color--white);\" class=\"alignfull dekode-hero-content-position-center has-media-background wp-block-dekode-hero has-text-color has-white-color\">\n\t\t\t<img loading=\"lazy\" decoding=\"async\" width=\"1024\" height=\"429\" src=\"https:\/\/www.elementlogic.net\/content\/uploads\/sites\/10\/2026\/03\/Wallpaper-6-scaled-3-1024x429.jpg\" class=\"dekode-hero__image\" alt=\"Insight &amp; Optimization\" style=\"--focalpoint: 50% 50%;\" srcset=\"https:\/\/www.elementlogic.net\/content\/uploads\/sites\/10\/2026\/03\/Wallpaper-6-scaled-3-1024x429.jpg 1024w, https:\/\/www.elementlogic.net\/content\/uploads\/sites\/10\/2026\/03\/Wallpaper-6-scaled-3-300x126.jpg 300w, https:\/\/www.elementlogic.net\/content\/uploads\/sites\/10\/2026\/03\/Wallpaper-6-scaled-3-768x322.jpg 768w, https:\/\/www.elementlogic.net\/content\/uploads\/sites\/10\/2026\/03\/Wallpaper-6-scaled-3-1536x643.jpg 1536w, https:\/\/www.elementlogic.net\/content\/uploads\/sites\/10\/2026\/03\/Wallpaper-6-scaled-3-2048x858.jpg 2048w\" sizes=\"(max-width: 1024px) 100vw, 1024px\" \/>\n\t\t\t<div class=\"dekode-hero__content\">\n\t\t\t\t<div class=\"dekode-hero__container\">\n\t\t\t\t\t\n\n<h1 class=\"wp-block-heading\" id=\"h-innsikt-og-optimalisering\"><strong>Innsikt og optimalisering<\/strong><\/h1>\n\n\n<p class=\"t2-ingress wp-block-t2-ingress\">Driver kontinuerlig verdi<\/p>\n\n\t\t\t\t<\/div>\n\t\t\t<\/div>\n\t\t<\/div>\n\t\t\n\n\n<h2 class=\"wp-block-heading\" id=\"h-en-viktig-del-av-customer-success-nbsp\"><strong>En viktig del av Customer Success<\/strong>&nbsp;<\/h2>\n\n\n\n<p>Customer Success hos Element Logic handler om mer enn \u00e5 levere en lagerl\u00f8sning. Det handler om \u00e5 sikre at l\u00f8sningen din fortsetter \u00e5 skape verdi over tid. Innsikt &amp; optimalisering er den fremtidsrettede delen av Customer Success &#8211; som hjelper deg med \u00e5 forst\u00e5 hvordan lageret ditt presterer i dag, og hvordan det kan prestere enda bedre i morgen.<\/p>\n\n\n\n<p><strong>Gj\u00f8r data om til vekst<\/strong>&nbsp;<\/p>\n\n\n\n<p>Lageret ditt genererer verdifulle data hver dag. Med v\u00e5r ekspertise og v\u00e5re verkt\u00f8y omgj\u00f8r vi disse dataene til innsikt som avdekker muligheter for forbedring. Fra systemutnyttelse til prosesseffektivitet gir v\u00e5rt Customer Success-team og programvaren v\u00e5r anbefalinger som hjelper deg med \u00e5 tilpasse deg, vokse og forbli konkurransedyktig.&nbsp;<\/p>\n\n\n\n\t\t<div class=\"alignwide is-mode-constrained is-gap-center has-media-on-the-right wp-block-t2-simple-media-text   \">\n\t\t\t<div class=\"t2-simple-media-text__container\">\n\t\t\t\t<div class=\"t2-simple-media-text__image\"><img loading=\"lazy\" decoding=\"async\" width=\"768\" height=\"498\" src=\"https:\/\/www.elementlogic.net\/content\/uploads\/sites\/10\/2026\/03\/Element-Logic-and-Bergaard-Amundsen-People-2-768x498.jpg\" class=\"\" alt=\"Insight &amp; Optimization\" style=\"--focalpoint: 50% 50%;\" srcset=\"https:\/\/www.elementlogic.net\/content\/uploads\/sites\/10\/2026\/03\/Element-Logic-and-Bergaard-Amundsen-People-2-768x498.jpg 768w, https:\/\/www.elementlogic.net\/content\/uploads\/sites\/10\/2026\/03\/Element-Logic-and-Bergaard-Amundsen-People-2-300x194.jpg 300w, https:\/\/www.elementlogic.net\/content\/uploads\/sites\/10\/2026\/03\/Element-Logic-and-Bergaard-Amundsen-People-2-1024x664.jpg 1024w, https:\/\/www.elementlogic.net\/content\/uploads\/sites\/10\/2026\/03\/Element-Logic-and-Bergaard-Amundsen-People-2-1536x996.jpg 1536w, https:\/\/www.elementlogic.net\/content\/uploads\/sites\/10\/2026\/03\/Element-Logic-and-Bergaard-Amundsen-People-2.jpg 1600w\" sizes=\"(max-width: 768px) 100vw, 768px\" \/><\/div>\n\t\t\t\t<div class=\"t2-simple-media-text__content-container\">\n\t\t\t\t\t<div class=\"t2-simple-media-text__content\">\n\t\t\t\t\t\t<div class=\"t2-simple-media-text__content-inner\">\n\t\t\t\t\t\t\t\n\n<h3 class=\"wp-block-heading\" id=\"h-kontinuerlig-partnerskap-nbsp\"><strong>Kontinuerlig partnerskap<\/strong>&nbsp;<\/h3>\n\n\n\n<p>Innsikt &amp; optimalisering er ikke en engangstjeneste &#8211; det er en l\u00f8pende dialog mellom deg og v\u00e5re Customer Success-eksperter. Sammen:<\/p>\n\n\n\n<p>\u2022 Overv\u00e5ker vi systemytelsen og identifiserer m\u00f8nstre<br>\u2022 F\u00f8lger vi KPI-er som plukkhastighet, n\u00f8yaktighet og oppetid<br>\u2022 Forutser og forebygger vi fremtidige utfordringer gjennom prediktiv analyse<br>\u2022 Anbefaler og gjennomf\u00f8rer vi justeringer som er i tr\u00e5d med forretningsm\u00e5lene dine<\/p>\n\n\n\n<p><\/p>\n\n\n\n<p>Dette sikrer at lagerl\u00f8sningen din forblir en sterk og p\u00e5litelig ryggrad i driften din.&nbsp;<\/p>\n\n\n\t\t\t\t\t\t<\/div>\n\t\t\t\t\t<\/div>\n\t\t\t\t<\/div>\n\t\t\t<\/div>\n\t\t<\/div>\n\t\t\n\n\n\t\t<div class=\"alignwide is-mode-constrained is-gap-center wp-block-t2-simple-media-text   \">\n\t\t\t<div class=\"t2-simple-media-text__container\">\n\t\t\t\t<div class=\"t2-simple-media-text__image\"><img loading=\"lazy\" decoding=\"async\" width=\"768\" height=\"512\" src=\"https:\/\/www.elementlogic.net\/content\/uploads\/sites\/10\/2026\/03\/image-68-2-768x512.png\" class=\"\" alt=\"Insight &amp; Optimization\" style=\"--focalpoint: 50% 50%;\" srcset=\"https:\/\/www.elementlogic.net\/content\/uploads\/sites\/10\/2026\/03\/image-68-2-768x512.png 768w, https:\/\/www.elementlogic.net\/content\/uploads\/sites\/10\/2026\/03\/image-68-2-300x200.png 300w, https:\/\/www.elementlogic.net\/content\/uploads\/sites\/10\/2026\/03\/image-68-2-1024x683.png 1024w, https:\/\/www.elementlogic.net\/content\/uploads\/sites\/10\/2026\/03\/image-68-2.png 1500w\" sizes=\"(max-width: 768px) 100vw, 768px\" \/><\/div>\n\t\t\t\t<div class=\"t2-simple-media-text__content-container\">\n\t\t\t\t\t<div class=\"t2-simple-media-text__content\">\n\t\t\t\t\t\t<div class=\"t2-simple-media-text__content-inner\">\n\t\t\t\t\t\t\t\n\n<h3 class=\"wp-block-heading\" id=\"h-programvare-som-muliggjor-smartere-beslutninger\">Programvare som muliggj\u00f8r smartere beslutninger<\/h3>\n\n\n\n<p>Med programvare som <strong>eLogiq<\/strong> og <strong>eManager<\/strong> f\u00e5r du tilgang til sanntidsdashboards og detaljert rapportering. Dette gir innsikt i produktivitet, systemhelse og lagringsutnyttelse &#8211; alt avgj\u00f8rende for \u00e5 kunne ta velinformerte beslutninger.<\/p>\n\n\n\n<p>Customer Success-teamet v\u00e5rt jobber tett med deg for \u00e5 tolke denne informasjonen og omsette den til handling.<\/p>\n\n\n\t\t\t\t\t\t<\/div>\n\t\t\t\t\t<\/div>\n\t\t\t\t<\/div>\n\t\t\t<\/div>\n\t\t<\/div>\n\t\t\n\n\n<h2 class=\"wp-block-heading\" id=\"h-hvorfor-det-er-viktig-nbsp\"><strong>Hvorfor det er viktig<\/strong>&nbsp;<\/h2>\n\n\n\n<p>Lagerdrift er i konstant endring. Nye produkter, sesongtopper og kundeforventninger krever fleksibilitet. Innsikt &amp; optimalisering sikrer at systemet ditt utvikler seg sammen med deg:&nbsp;<\/p>\n\n\n\n<ul class=\"wp-block-list\">\n<li><strong>Effektivitet:<\/strong> Identifiser og fjern flaskehalser.<\/li>\n\n\n\n<li><strong>Skalerbarhet:<\/strong> Forbered lageret ditt p\u00e5 \u00e5 h\u00e5ndtere vekst.<\/li>\n\n\n\n<li><strong>B\u00e6rekraft:<\/strong> Reduser svinn, energibruk og kostnader.<\/li>\n\n\n\n<li><strong>Trygghet: <\/strong>Vit at systemet ditt alltid yter sitt beste.&nbsp;<\/li>\n<\/ul>\n\n\n\n<h2 class=\"wp-block-heading\" id=\"h-din-langsiktige-fordel\"><strong>Din langsiktige fordel<\/strong><\/h2>\n\n\n\n<p>Innsikt &amp; optimalisering er en del av v\u00e5r forpliktelse til \u00e5 gj\u00f8re lageret ditt til en langsiktig suksesshistorie. Ved \u00e5 kombinere data, teknologi og v\u00e5r unike ekspertise hjelper vi deg med \u00e5 minimere ineffektivitet og maksimere ytelse &#8211; \u00e5r etter \u00e5r.&nbsp;<\/p>\n\n\n\n<h3 class=\"wp-block-heading\" id=\"utforsk-tjenestene-vare\">Utforsk tjenestene v\u00e5re<\/h3>\n\n\n\n\t\t<div style=\"--link-cards-grid-columns: 3\" class=\"dekode-link-cards has-3-columns wp-block-dekode-link-cards\">\n\t\t\t<div class=\"dekode-link-cards__items\">\n\t\t\t\t\n<a class=\"wp-block-dekode-link-card\" href=\"https:\/\/www.elementlogic.net\/solutions-and-services\/customer-success\/training\/\"><img loading=\"lazy\" decoding=\"async\" width=\"768\" height=\"512\" src=\"https:\/\/www.elementlogic.net\/content\/uploads\/sites\/10\/2026\/03\/EL_eLogiq-2-768x512.png\" class=\"\" alt=\"training\" \/>\t<div class=\"dekode-link-card__content\">\n\t\t\t\t<p class=\"dekode-link-card__title\">\n\t\t\tOppl\u00e6ring\t\t<\/p>\n\t\t\t\t\t<p class=\"dekode-link-card__description\">Oppl\u00e6ring som grunnlag for Customer Success<\/p>\n\t\t\t<\/div>\n\t<\/a>\n\n<a class=\"wp-block-dekode-link-card\" href=\"https:\/\/www.elementlogic.net\/solutions-and-services\/customer-success\/maintenance\/\"><img loading=\"lazy\" decoding=\"async\" width=\"768\" height=\"512\" src=\"https:\/\/www.elementlogic.net\/content\/uploads\/sites\/10\/2026\/03\/wallpaper_Customer-success-1-768x512.png\" class=\"\" alt=\"Systemvedlikehold\" \/>\t<div class=\"dekode-link-card__content\">\n\t\t\t\t<p class=\"dekode-link-card__title\">\n\t\t\tSystemvedlikehold\t\t<\/p>\n\t\t\t\t\t<p class=\"dekode-link-card__description\">Holder systemet ditt i gang uten avbrudd<\/p>\n\t\t\t<\/div>\n\t<\/a>\n\n<a class=\"wp-block-dekode-link-card\" href=\"https:\/\/www.elementlogic.net\/solutions-and-services\/customer-success\/support\/\"><img loading=\"lazy\" decoding=\"async\" width=\"768\" height=\"576\" src=\"https:\/\/www.elementlogic.net\/content\/uploads\/sites\/10\/2026\/03\/Element-Logic_AutoStore-support-aftermarket-scaled-1-768x576.jpg\" class=\"\" alt=\"support\" \/>\t<div class=\"dekode-link-card__content\">\n\t\t\t\t<p class=\"dekode-link-card__title\">\n\t\t\tSupport\t\t<\/p>\n\t\t\t\t\t<p class=\"dekode-link-card__description\">Support: trygghet 24\/7 i lagerdriften din<\/p>\n\t\t\t<\/div>\n\t<\/a>\n\n\t\t\t<\/div>\n\t\t<\/div>","protected":false},"excerpt":{"rendered":"<p>En viktig del av Customer Success&nbsp; Customer Success hos Element Logic handler om mer enn \u00e5 levere en lagerl\u00f8sning. Det [&hellip;]<\/p>\n","protected":false},"author":2,"featured_media":0,"parent":22098,"menu_order":0,"comment_status":"closed","ping_status":"closed","template":"","meta":{"hreflang_relation":0,"_el_cross_publish_source_blog_url":"","_el_cross_publish_source_blog_id":0,"_el_cross_publish_source_post_id":0,"_el_cross_publish_sync_state":"","exclude_from_search":false,"footnotes":""},"class_list":["post-22100","page","type-page","status-publish","hentry"],"yoast_head":"<!-- This site is optimized with the Yoast SEO Premium plugin v23.9 (Yoast SEO v23.9) - https:\/\/yoast.com\/wordpress\/plugins\/seo\/ -->\n<title>Innsikt og optimalisering | Element Logic Norway<\/title>\n<meta name=\"description\" content=\"Oppdag innsikt og optimalisering fra Element Logic som gj\u00f8r lagerdata om til bedre beslutninger, h\u00f8yere effektivitet og langsiktig verdi.\" \/>\n<meta name=\"robots\" content=\"index, follow, max-snippet:-1, max-image-preview:large, max-video-preview:-1\" \/>\n<link rel=\"canonical\" href=\"https:\/\/www.elementlogic.net\/no\/losninger-og-tjenester\/customer-success\/innsikt-og-optimalisering\/\" \/>\n<meta property=\"og:locale\" content=\"nb_NO\" \/>\n<meta property=\"og:type\" content=\"article\" \/>\n<meta property=\"og:title\" content=\"Innsikt og optimalisering\" \/>\n<meta property=\"og:description\" content=\"Oppdag innsikt og optimalisering fra Element Logic som gj\u00f8r lagerdata om til bedre beslutninger, h\u00f8yere effektivitet og langsiktig verdi.\" \/>\n<meta property=\"og:url\" content=\"https:\/\/www.elementlogic.net\/no\/losninger-og-tjenester\/customer-success\/innsikt-og-optimalisering\/\" \/>\n<meta property=\"og:site_name\" content=\"Element Logic Norway\" \/>\n<meta name=\"twitter:card\" content=\"summary_large_image\" \/>\n<meta name=\"twitter:label1\" content=\"Ansl. lesetid\" \/>\n\t<meta name=\"twitter:data1\" content=\"2 minutter\" \/>\n<script type=\"application\/ld+json\" class=\"yoast-schema-graph\">{\"@context\":\"https:\/\/schema.org\",\"@graph\":[{\"@type\":\"WebPage\",\"@id\":\"https:\/\/www.elementlogic.net\/no\/losninger-og-tjenester\/customer-success\/innsikt-og-optimalisering\/\",\"url\":\"https:\/\/www.elementlogic.net\/no\/losninger-og-tjenester\/customer-success\/innsikt-og-optimalisering\/\",\"name\":\"Innsikt og optimalisering | Element Logic Norway\",\"isPartOf\":{\"@id\":\"https:\/\/www.elementlogic.net\/no\/#website\"},\"datePublished\":\"2026-03-26T10:27:25+00:00\",\"dateModified\":\"2026-03-26T10:27:25+00:00\",\"description\":\"Oppdag innsikt og optimalisering fra Element Logic som gj\u00f8r lagerdata om til bedre beslutninger, h\u00f8yere effektivitet og langsiktig verdi.\",\"breadcrumb\":{\"@id\":\"https:\/\/www.elementlogic.net\/no\/losninger-og-tjenester\/customer-success\/innsikt-og-optimalisering\/#breadcrumb\"},\"inLanguage\":\"nb-NO\",\"potentialAction\":[{\"@type\":\"ReadAction\",\"target\":[\"https:\/\/www.elementlogic.net\/no\/losninger-og-tjenester\/customer-success\/innsikt-og-optimalisering\/\"]}]},{\"@type\":\"BreadcrumbList\",\"@id\":\"https:\/\/www.elementlogic.net\/no\/losninger-og-tjenester\/customer-success\/innsikt-og-optimalisering\/#breadcrumb\",\"itemListElement\":[{\"@type\":\"ListItem\",\"position\":1,\"name\":\"L\u00f8sninger og Tjenester\",\"item\":\"https:\/\/www.elementlogic.net\/no\/losninger-og-tjenester\/\"},{\"@type\":\"ListItem\",\"position\":2,\"name\":\"Customer Success\",\"item\":\"https:\/\/www.elementlogic.net\/no\/losninger-og-tjenester\/customer-success\/\"},{\"@type\":\"ListItem\",\"position\":3,\"name\":\"Innsikt og optimalisering\"}]},{\"@type\":\"WebSite\",\"@id\":\"https:\/\/www.elementlogic.net\/no\/#website\",\"url\":\"https:\/\/www.elementlogic.net\/no\/\",\"name\":\"Element Logic Norway\",\"description\":\"\",\"alternateName\":\"Element Logic\",\"potentialAction\":[{\"@type\":\"SearchAction\",\"target\":{\"@type\":\"EntryPoint\",\"urlTemplate\":\"https:\/\/www.elementlogic.net\/no\/?s={search_term_string}\"},\"query-input\":{\"@type\":\"PropertyValueSpecification\",\"valueRequired\":true,\"valueName\":\"search_term_string\"}}],\"inLanguage\":\"nb-NO\"}]}<\/script>\n<!-- \/ Yoast SEO Premium plugin. -->","yoast_head_json":{"title":"Innsikt og optimalisering | Element Logic Norway","description":"Oppdag innsikt og optimalisering fra Element Logic som gj\u00f8r lagerdata om til bedre beslutninger, h\u00f8yere effektivitet og langsiktig verdi.","robots":{"index":"index","follow":"follow","max-snippet":"max-snippet:-1","max-image-preview":"max-image-preview:large","max-video-preview":"max-video-preview:-1"},"canonical":"https:\/\/www.elementlogic.net\/no\/losninger-og-tjenester\/customer-success\/innsikt-og-optimalisering\/","og_locale":"nb_NO","og_type":"article","og_title":"Innsikt og optimalisering","og_description":"Oppdag innsikt og optimalisering fra Element Logic som gj\u00f8r lagerdata om til bedre beslutninger, h\u00f8yere effektivitet og langsiktig verdi.","og_url":"https:\/\/www.elementlogic.net\/no\/losninger-og-tjenester\/customer-success\/innsikt-og-optimalisering\/","og_site_name":"Element Logic Norway","twitter_card":"summary_large_image","twitter_misc":{"Ansl. lesetid":"2 minutter"},"schema":{"@context":"https:\/\/schema.org","@graph":[{"@type":"WebPage","@id":"https:\/\/www.elementlogic.net\/no\/losninger-og-tjenester\/customer-success\/innsikt-og-optimalisering\/","url":"https:\/\/www.elementlogic.net\/no\/losninger-og-tjenester\/customer-success\/innsikt-og-optimalisering\/","name":"Innsikt og optimalisering | Element Logic Norway","isPartOf":{"@id":"https:\/\/www.elementlogic.net\/no\/#website"},"datePublished":"2026-03-26T10:27:25+00:00","dateModified":"2026-03-26T10:27:25+00:00","description":"Oppdag innsikt og optimalisering fra Element Logic som gj\u00f8r lagerdata om til bedre beslutninger, h\u00f8yere effektivitet og langsiktig verdi.","breadcrumb":{"@id":"https:\/\/www.elementlogic.net\/no\/losninger-og-tjenester\/customer-success\/innsikt-og-optimalisering\/#breadcrumb"},"inLanguage":"nb-NO","potentialAction":[{"@type":"ReadAction","target":["https:\/\/www.elementlogic.net\/no\/losninger-og-tjenester\/customer-success\/innsikt-og-optimalisering\/"]}]},{"@type":"BreadcrumbList","@id":"https:\/\/www.elementlogic.net\/no\/losninger-og-tjenester\/customer-success\/innsikt-og-optimalisering\/#breadcrumb","itemListElement":[{"@type":"ListItem","position":1,"name":"L\u00f8sninger og Tjenester","item":"https:\/\/www.elementlogic.net\/no\/losninger-og-tjenester\/"},{"@type":"ListItem","position":2,"name":"Customer Success","item":"https:\/\/www.elementlogic.net\/no\/losninger-og-tjenester\/customer-success\/"},{"@type":"ListItem","position":3,"name":"Innsikt og optimalisering"}]},{"@type":"WebSite","@id":"https:\/\/www.elementlogic.net\/no\/#website","url":"https:\/\/www.elementlogic.net\/no\/","name":"Element Logic Norway","description":"","alternateName":"Element Logic","potentialAction":[{"@type":"SearchAction","target":{"@type":"EntryPoint","urlTemplate":"https:\/\/www.elementlogic.net\/no\/?s={search_term_string}"},"query-input":{"@type":"PropertyValueSpecification","valueRequired":true,"valueName":"search_term_string"}}],"inLanguage":"nb-NO"}]}},"_links":{"self":[{"href":"https:\/\/www.elementlogic.net\/no\/wp-json\/wp\/v2\/pages\/22100"}],"collection":[{"href":"https:\/\/www.elementlogic.net\/no\/wp-json\/wp\/v2\/pages"}],"about":[{"href":"https:\/\/www.elementlogic.net\/no\/wp-json\/wp\/v2\/types\/page"}],"author":[{"embeddable":true,"href":"https:\/\/www.elementlogic.net\/no\/wp-json\/wp\/v2\/users\/2"}],"replies":[{"embeddable":true,"href":"https:\/\/www.elementlogic.net\/no\/wp-json\/wp\/v2\/comments?post=22100"}],"version-history":[{"count":3,"href":"https:\/\/www.elementlogic.net\/no\/wp-json\/wp\/v2\/pages\/22100\/revisions"}],"predecessor-version":[{"id":22756,"href":"https:\/\/www.elementlogic.net\/no\/wp-json\/wp\/v2\/pages\/22100\/revisions\/22756"}],"up":[{"embeddable":true,"href":"https:\/\/www.elementlogic.net\/no\/wp-json\/wp\/v2\/pages\/22098"}],"wp:attachment":[{"href":"https:\/\/www.elementlogic.net\/no\/wp-json\/wp\/v2\/media?parent=22100"}],"curies":[{"name":"wp","href":"https:\/\/api.w.org\/{rel}","templated":true}]}}