{"id":22102,"date":"2026-03-26T10:29:41","date_gmt":"2026-03-26T10:29:41","guid":{"rendered":"https:\/\/www.elementlogic.net\/no\/?page_id=22102"},"modified":"2026-03-26T10:29:42","modified_gmt":"2026-03-26T10:29:42","slug":"vedlikehold","status":"publish","type":"page","link":"https:\/\/www.elementlogic.net\/no\/losninger-og-tjenester\/customer-success\/vedlikehold\/","title":{"rendered":"Vedlikehold"},"content":{"rendered":"\n\t\t<div style=\"--dekode-hero-dim:0.5; --t2-icon-fill:var(--wp--preset--color--white);\" class=\"alignfull dekode-hero-content-position-center has-media-background wp-block-dekode-hero has-text-color has-white-color\">\n\t\t\t<img loading=\"lazy\" decoding=\"async\" width=\"1024\" height=\"683\" src=\"https:\/\/www.elementlogic.net\/content\/uploads\/sites\/10\/2026\/03\/wallpaper_Customer-success-1.png\" class=\"dekode-hero__image\" alt=\"Systemvedlikehold\" style=\"--focalpoint: 50% 50%;\" srcset=\"https:\/\/www.elementlogic.net\/content\/uploads\/sites\/10\/2026\/03\/wallpaper_Customer-success-1.png 1024w, https:\/\/www.elementlogic.net\/content\/uploads\/sites\/10\/2026\/03\/wallpaper_Customer-success-1-300x200.png 300w, https:\/\/www.elementlogic.net\/content\/uploads\/sites\/10\/2026\/03\/wallpaper_Customer-success-1-768x512.png 768w\" sizes=\"(max-width: 1024px) 100vw, 1024px\" \/>\n\t\t\t<div class=\"dekode-hero__content\">\n\t\t\t\t<div class=\"dekode-hero__container\">\n\t\t\t\t\t\n\n<h1 class=\"wp-block-heading\" id=\"h-vedlikehold\"><strong>Vedlikehold<\/strong><\/h1>\n\n\n<p class=\"t2-ingress wp-block-t2-ingress\"><strong>Holder systemet ditt i gang uten avbrudd<\/strong><\/p>\n\n\t\t\t\t<\/div>\n\t\t\t<\/div>\n\t\t<\/div>\n\t\t\n\n\n<h2 class=\"wp-block-heading\" id=\"h-vedlikehold-som-en-del-av-din-suksessreise-nbsp\"><strong>Vedlikehold som en del av din suksessreise<\/strong>&nbsp;<\/h2>\n\n\n\n<p>Systemvedlikehold handler ikke bare om \u00e5 l\u00f8se problemer &#8211; det er en sentral del av hvordan Element Logic st\u00f8tter din langsiktige lagerytelse. Som en pilar i v\u00e5rt Customer Success-program sikrer vedlikeholdstjenesten v\u00e5r at de automatiserte lagersystemene dine forblir p\u00e5litelige, effektive og klare for det som kommer videre.<\/p>\n\n\n\n<h2 class=\"wp-block-heading\" id=\"h-proaktivt-og-planlagt-vedlikehold-nbsp\"><strong>Proaktivt og planlagt vedlikehold<\/strong>&nbsp;<\/h2>\n\n\n\n<p>Fra det \u00f8yeblikket systemet ditt g\u00e5r live, samarbeider v\u00e5rt proaktive serviceteam med deg for \u00e5 etablere en vedlikeholdsplan tilpasset driften din.<br><br>Vi gjennomf\u00f8rer regelmessige inspeksjoner, rengj\u00f8ring, utskiftninger og forebyggende oppgaver p\u00e5 alle kritiske komponenter &#8211; roboter, grid, transportbanel\u00f8sninger, programvare og styringssystemer. Disse planlagte vedlikeholdsintervallene er utviklet for \u00e5 forhindre at slitasje utvikler seg til nedetid.<br><br>Vi planlegger vedlikeholdet n\u00f8ye for \u00e5 unng\u00e5 forstyrrelser og koordinerer med teamet ditt slik at perioder med h\u00f8y aktivitet respekteres og driften kan fortsette smidig.<\/p>\n\n\n\n\t\t<div class=\"alignwide is-mode-constrained is-gap-center wp-block-t2-simple-media-text   \">\n\t\t\t<div class=\"t2-simple-media-text__container\">\n\t\t\t\t<div class=\"t2-simple-media-text__image\"><img loading=\"lazy\" decoding=\"async\" width=\"768\" height=\"322\" src=\"https:\/\/www.elementlogic.net\/content\/uploads\/sites\/10\/2026\/03\/Wallpaper-2-scaled-1-768x322.jpg\" class=\"\" alt=\"Maintenance\" style=\"--focalpoint: 50% 50%;\" srcset=\"https:\/\/www.elementlogic.net\/content\/uploads\/sites\/10\/2026\/03\/Wallpaper-2-scaled-1-768x322.jpg 768w, https:\/\/www.elementlogic.net\/content\/uploads\/sites\/10\/2026\/03\/Wallpaper-2-scaled-1-300x126.jpg 300w, https:\/\/www.elementlogic.net\/content\/uploads\/sites\/10\/2026\/03\/Wallpaper-2-scaled-1-1024x429.jpg 1024w, https:\/\/www.elementlogic.net\/content\/uploads\/sites\/10\/2026\/03\/Wallpaper-2-scaled-1-1536x643.jpg 1536w, https:\/\/www.elementlogic.net\/content\/uploads\/sites\/10\/2026\/03\/Wallpaper-2-scaled-1-2048x858.jpg 2048w\" sizes=\"(max-width: 768px) 100vw, 768px\" \/><\/div>\n\t\t\t\t<div class=\"t2-simple-media-text__content-container\">\n\t\t\t\t\t<div class=\"t2-simple-media-text__content\">\n\t\t\t\t\t\t<div class=\"t2-simple-media-text__content-inner\">\n\t\t\t\t\t\t\t\n\n<h3 class=\"wp-block-heading\" id=\"h-overvaking-av-systemhelse-og-oppdagelse-av-slitasje\"><strong>Overv\u00e5king av systemhelse og oppdagelse av slitasje<\/strong><\/h3>\n\n\n\n<p>Med programvare som <strong>eLogiq<\/strong> for overv\u00e5king av systemhelse f\u00f8lger vi n\u00f8kkelindikatorer som robotatferd, motorytelse, beltespenning, komponentslitasje og systembelastning.<br><br>Denne kontinuerlige overv\u00e5kingen gj\u00f8r det mulig for oss \u00e5 oppdage tidlige varselsignaler: deler som forringes, unormale m\u00f8nstre, sensorer som driver og s\u00e5 videre. N\u00e5r problemer blir flagget, g\u00e5r teamet v\u00e5rt inn med justeringer eller tiltak f\u00f8r de utvikler seg til feil.<\/p>\n\n\n\n<p><\/p>\n\n\n\t\t\t\t\t\t<\/div>\n\t\t\t\t\t<\/div>\n\t\t\t\t<\/div>\n\t\t\t<\/div>\n\t\t<\/div>\n\t\t\n\n\n\t\t<div class=\"alignwide is-mode-constrained is-gap-center has-media-on-the-right wp-block-t2-simple-media-text   \">\n\t\t\t<div class=\"t2-simple-media-text__container\">\n\t\t\t\t<div class=\"t2-simple-media-text__image\"><img loading=\"lazy\" decoding=\"async\" width=\"768\" height=\"512\" src=\"https:\/\/www.elementlogic.net\/content\/uploads\/sites\/10\/2026\/03\/Material_Handling_at_Royal_Design__ELE_00546-768x512.jpg\" class=\"\" alt=\"Conveyor system\" style=\"--focalpoint: 50% 50%;\" srcset=\"https:\/\/www.elementlogic.net\/content\/uploads\/sites\/10\/2026\/03\/Material_Handling_at_Royal_Design__ELE_00546-768x512.jpg 768w, https:\/\/www.elementlogic.net\/content\/uploads\/sites\/10\/2026\/03\/Material_Handling_at_Royal_Design__ELE_00546-300x200.jpg 300w, https:\/\/www.elementlogic.net\/content\/uploads\/sites\/10\/2026\/03\/Material_Handling_at_Royal_Design__ELE_00546-1024x683.jpg 1024w, https:\/\/www.elementlogic.net\/content\/uploads\/sites\/10\/2026\/03\/Material_Handling_at_Royal_Design__ELE_00546-1536x1025.jpg 1536w, https:\/\/www.elementlogic.net\/content\/uploads\/sites\/10\/2026\/03\/Material_Handling_at_Royal_Design__ELE_00546.jpg 2000w\" sizes=\"(max-width: 768px) 100vw, 768px\" \/><\/div>\n\t\t\t\t<div class=\"t2-simple-media-text__content-container\">\n\t\t\t\t\t<div class=\"t2-simple-media-text__content\">\n\t\t\t\t\t\t<div class=\"t2-simple-media-text__content-inner\">\n\t\t\t\t\t\t\t\n\n<h3 class=\"wp-block-heading\" id=\"h-prediktivt-vedlikehold-og-forbedret-palitelighet-nbsp\"><strong>Prediktivt vedlikehold og forbedret p\u00e5litelighet&nbsp;<\/strong><\/h3>\n\n\n\n<p>Vi gj\u00f8r mer enn \u00e5 reagere. Vi forutser.<\/p>\n\n\n\n<p><br>Ved \u00e5 bruke historiske data, sensorinput og trendanalyse omfatter vedlikeholdsprogrammet v\u00e5rt prediktive vedlikeholdsinnsatser:<br>&#8211; Forutsi feil i roboter eller drivsystemer<br>&#8211; Forutsi vedlikehold av transportbaner eller sorteringsbelter f\u00f8r glidning eller feiljustering skaper problemer<br>&#8211; Oppdage avvik i grid, energisl\u00f8sing eller komponenttretthet<\/p>\n\n\n\n<p><\/p>\n\n\n\n<p>Resultatet er f\u00e6rre uventede avbrudd, forbedret oppetid, forlenget levetid p\u00e5 komponenter og mer p\u00e5litelig throughput.<\/p>\n\n\n\t\t\t\t\t\t<\/div>\n\t\t\t\t\t<\/div>\n\t\t\t\t<\/div>\n\t\t\t<\/div>\n\t\t<\/div>\n\t\t\n\n\n<h2 class=\"wp-block-heading\" id=\"h-minimer-forstyrrelser-maksimer-levetid-nbsp\"><strong>Minimer forstyrrelser, maksimer levetid<\/strong>&nbsp;<\/h2>\n\n\n\n<p>Vi vet at enhver vedlikeholdsaktivitet har en kostnad &#8211; tapt produksjon, planlegging og ressursallokering. Derfor er vedlikeholdstjenesten v\u00e5r utviklet for \u00e5 minimere forstyrrelser og maksimere levetiden:<\/p>\n\n\n\n<ul class=\"wp-block-list\">\n<li>Legge vedlikehold til perioder med lav aktivitet n\u00e5r det er mulig<\/li>\n\n\n\n<li>Bruke reservedelslager for \u00e5 sikre raske utskiftninger<\/li>\n\n\n\n<li>Koordinert tilgang slik at tilgang til robotgrid eller transportbaner ikke stopper kritiske operasjoner<\/li>\n\n\n\n<li>Tydelig kommunikasjon og planlegging med driftsteamet ditt&nbsp;<\/li>\n<\/ul>\n\n\n\n<p>I tillegg er vedlikehold en del av v\u00e5re regelmessige gjennomgangsm\u00f8ter innen Customer Success, slik at vi kan tilpasse oss etter h\u00f8ysesonger, vekstplaner og endrede bruksm\u00f8nstre.&nbsp;<\/p>\n\n\n\n<h2 class=\"wp-block-heading\" id=\"h-hvorfor-vedlikehold-fra-element-logic-er-viktig-nbsp\"><strong>Hvorfor vedlikehold fra Element Logic er viktig<\/strong>&nbsp;<\/h2>\n\n\n\n<ul class=\"wp-block-list\">\n<li><strong>Oppetid: <\/strong>F\u00e6rre driftsstans. Mer p\u00e5litelig drift.<\/li>\n\n\n\n<li><strong>Lavere eierkostnad:<\/strong> Regelmessig service reduserer hyppigheten av komponentfeil og forlenger systemets levetid.<\/li>\n\n\n\n<li><strong>Jevn ytelse:<\/strong> Systemet ditt opprettholder throughput, n\u00f8yaktighet og stabilitet over tid.<\/li>\n\n\n\n<li><strong>Skalerbarhet og beredskap:<\/strong> Systemet forblir i stand til \u00e5 h\u00e5ndtere kapasitetsvekst, nye produkttyper eller endrede bruksm\u00f8nstre uten uventede feil.<\/li>\n<\/ul>\n\n\n\n\t\t<div class=\"wp-block-dekode-simple-cta\">\n\t\t\t<div class=\"dekode-simple-cta__inner\">\n\n<h3 class=\"wp-block-heading\" id=\"kom-i-gang-med-vedlikehold-sammen-med-oss\"><strong>Kom i gang med vedlikehold sammen med oss<\/strong><\/h3>\n\n\n<p class=\"t2-ingress wp-block-t2-ingress\">Vedlikehold er ikke valgfritt &#8211; det er avgj\u00f8rende for langsiktig ytelse, p\u00e5litelighet og kostnadskontroll.\u00a0<\/p>\n\n\n<div class=\"wp-block-buttons is-layout-flex wp-block-buttons-is-layout-flex\">\n<div class=\"wp-block-button has-icon has-icon-theme_arrow\"><a class=\"wp-block-button__link wp-element-button\" href=\"https:\/\/www.elementlogic.net\/no\/book-gratis-konsultasjon\/\">Kontakt oss<svg xmlns=\"http:\/\/www.w3.org\/2000\/svg\" viewBox=\"0 0 24 24\" height=\"24\" width=\"24\" class=\"t2-icon t2-icon-theme_arrow\" aria-hidden=\"true\" focusable=\"false\"><path d=\"M16.627 12.75H5.25C5.03717 12.75 4.859 12.6782 4.7155 12.5345C4.57183 12.391 4.5 12.2128 4.5 12C4.5 11.7872 4.57183 11.609 4.7155 11.4655C4.859 11.3218 5.03717 11.25 5.25 11.25H16.627L11.4577 6.08076C11.3091 5.93209 11.2357 5.75809 11.2375 5.55876C11.2395 5.35942 11.318 5.18217 11.473 5.02701C11.6282 4.88217 11.8038 4.80717 12 4.80201C12.1962 4.79684 12.3718 4.87184 12.527 5.02701L18.8673 11.3673C18.9609 11.4609 19.0269 11.5597 19.0652 11.6635C19.1037 11.7673 19.123 11.8795 19.123 12C19.123 12.1205 19.1037 12.2327 19.0652 12.3365C19.0269 12.4403 18.9609 12.5391 18.8673 12.6328L12.527 18.973C12.3885 19.1115 12.217 19.1823 12.0125 19.1855C11.808 19.1887 11.6282 19.1178 11.473 18.973C11.318 18.8178 11.2405 18.6397 11.2405 18.4385C11.2405 18.2372 11.318 18.0589 11.473 17.9038L16.627 12.75Z\" fill=\"var(--t2-icon-fill, #000)\"\/><\/svg><\/a><\/div>\n<\/div>\n\n<\/div>\n\t\t<\/div>\n\n\n<h3 class=\"wp-block-heading\" id=\"utforsk-tjenestene-vare\">Utforsk tjenestene v\u00e5re<\/h3>\n\n\n\n\t\t<div style=\"--link-cards-grid-columns: 3\" class=\"dekode-link-cards has-3-columns wp-block-dekode-link-cards\">\n\t\t\t<div class=\"dekode-link-cards__items\">\n\t\t\t\t\n<a class=\"wp-block-dekode-link-card\" href=\"https:\/\/www.elementlogic.net\/solutions-and-services\/customer-success\/training\/\"><img loading=\"lazy\" decoding=\"async\" width=\"768\" height=\"512\" src=\"https:\/\/www.elementlogic.net\/content\/uploads\/sites\/10\/2026\/03\/EL_eLogiq-2-768x512.png\" class=\"\" alt=\"training\" \/>\t<div class=\"dekode-link-card__content\">\n\t\t\t\t<p class=\"dekode-link-card__title\">\n\t\t\tOppl\u00e6ring\t\t<\/p>\n\t\t\t\t\t<p class=\"dekode-link-card__description\">Oppl\u00e6ring som grunnlag for Customer Success<\/p>\n\t\t\t<\/div>\n\t<\/a>\n\n<a class=\"wp-block-dekode-link-card\" href=\"https:\/\/www.elementlogic.net\/solutions-and-services\/customer-success\/insight-and-optimization\/\"><img loading=\"lazy\" decoding=\"async\" width=\"768\" height=\"512\" src=\"https:\/\/www.elementlogic.net\/content\/uploads\/sites\/10\/2026\/03\/EL_eLogiq_-11-1024x683-1-5-768x512.jpg\" class=\"\" alt=\"Innsikt og optimalisering\" \/>\t<div class=\"dekode-link-card__content\">\n\t\t\t\t<p class=\"dekode-link-card__title\">\n\t\t\tInnsikt og optimalisering\t\t<\/p>\n\t\t\t\t\t<p class=\"dekode-link-card__description\">Driver kontinuerlig verdi<\/p>\n\t\t\t<\/div>\n\t<\/a>\n\n<a class=\"wp-block-dekode-link-card\" href=\"https:\/\/www.elementlogic.net\/solutions-and-services\/customer-success\/support\/\"><img loading=\"lazy\" decoding=\"async\" width=\"768\" height=\"576\" src=\"https:\/\/www.elementlogic.net\/content\/uploads\/sites\/10\/2026\/03\/Element-Logic_AutoStore-support-aftermarket-scaled-1-768x576.jpg\" class=\"\" alt=\"support\" \/>\t<div class=\"dekode-link-card__content\">\n\t\t\t\t<p class=\"dekode-link-card__title\">\n\t\t\tSupport\t\t<\/p>\n\t\t\t\t\t<p class=\"dekode-link-card__description\">Support: trygghet 24\/7 i lagerdriften din<\/p>\n\t\t\t<\/div>\n\t<\/a>\n\n\t\t\t<\/div>\n\t\t<\/div>","protected":false},"excerpt":{"rendered":"<p>Vedlikehold som en del av din suksessreise&nbsp; Systemvedlikehold handler ikke bare om \u00e5 l\u00f8se problemer &#8211; det er en sentral [&hellip;]<\/p>\n","protected":false},"author":2,"featured_media":22369,"parent":22098,"menu_order":0,"comment_status":"closed","ping_status":"closed","template":"","meta":{"hreflang_relation":0,"_el_cross_publish_source_blog_url":"","_el_cross_publish_source_blog_id":0,"_el_cross_publish_source_post_id":0,"_el_cross_publish_sync_state":"","exclude_from_search":false,"footnotes":""},"class_list":["post-22102","page","type-page","status-publish","has-post-thumbnail","hentry"],"yoast_head":"<!-- This site is optimized with the Yoast SEO Premium plugin v23.9 (Yoast SEO v23.9) - https:\/\/yoast.com\/wordpress\/plugins\/seo\/ -->\n<title>Vedlikehold | Element Logic Norway<\/title>\n<meta name=\"description\" content=\"Oppdag vedlikeholdstjenester fra Element Logic som reduserer nedetid, forlenger levetiden og sikrer langsiktig lagerytelse.\" \/>\n<meta name=\"robots\" content=\"index, follow, max-snippet:-1, max-image-preview:large, max-video-preview:-1\" \/>\n<link rel=\"canonical\" href=\"https:\/\/www.elementlogic.net\/no\/losninger-og-tjenester\/customer-success\/vedlikehold\/\" \/>\n<meta property=\"og:locale\" content=\"nb_NO\" \/>\n<meta property=\"og:type\" content=\"article\" \/>\n<meta property=\"og:title\" content=\"Vedlikehold\" \/>\n<meta property=\"og:description\" content=\"Oppdag vedlikeholdstjenester fra Element Logic som reduserer nedetid, forlenger levetiden og sikrer langsiktig lagerytelse.\" \/>\n<meta property=\"og:url\" content=\"https:\/\/www.elementlogic.net\/no\/losninger-og-tjenester\/customer-success\/vedlikehold\/\" \/>\n<meta property=\"og:site_name\" content=\"Element Logic Norway\" \/>\n<meta property=\"article:modified_time\" content=\"2026-03-26T10:29:42+00:00\" \/>\n<meta property=\"og:image\" content=\"https:\/\/www.elementlogic.net\/content\/uploads\/sites\/10\/2026\/03\/wallpaper_Customer-success-1.png\" \/>\n\t<meta property=\"og:image:width\" content=\"1024\" \/>\n\t<meta property=\"og:image:height\" content=\"683\" \/>\n\t<meta property=\"og:image:type\" content=\"image\/png\" \/>\n<meta name=\"twitter:card\" content=\"summary_large_image\" \/>\n<meta name=\"twitter:label1\" content=\"Ansl. lesetid\" \/>\n\t<meta name=\"twitter:data1\" content=\"3 minutter\" \/>\n<script type=\"application\/ld+json\" class=\"yoast-schema-graph\">{\"@context\":\"https:\/\/schema.org\",\"@graph\":[{\"@type\":\"WebPage\",\"@id\":\"https:\/\/www.elementlogic.net\/no\/losninger-og-tjenester\/customer-success\/vedlikehold\/\",\"url\":\"https:\/\/www.elementlogic.net\/no\/losninger-og-tjenester\/customer-success\/vedlikehold\/\",\"name\":\"Vedlikehold | Element Logic Norway\",\"isPartOf\":{\"@id\":\"https:\/\/www.elementlogic.net\/no\/#website\"},\"primaryImageOfPage\":{\"@id\":\"https:\/\/www.elementlogic.net\/no\/losninger-og-tjenester\/customer-success\/vedlikehold\/#primaryimage\"},\"image\":{\"@id\":\"https:\/\/www.elementlogic.net\/no\/losninger-og-tjenester\/customer-success\/vedlikehold\/#primaryimage\"},\"thumbnailUrl\":\"https:\/\/www.elementlogic.net\/content\/uploads\/sites\/10\/2026\/03\/wallpaper_Customer-success-1.png\",\"datePublished\":\"2026-03-26T10:29:41+00:00\",\"dateModified\":\"2026-03-26T10:29:42+00:00\",\"description\":\"Oppdag vedlikeholdstjenester fra Element Logic som reduserer nedetid, forlenger levetiden og sikrer langsiktig lagerytelse.\",\"breadcrumb\":{\"@id\":\"https:\/\/www.elementlogic.net\/no\/losninger-og-tjenester\/customer-success\/vedlikehold\/#breadcrumb\"},\"inLanguage\":\"nb-NO\",\"potentialAction\":[{\"@type\":\"ReadAction\",\"target\":[\"https:\/\/www.elementlogic.net\/no\/losninger-og-tjenester\/customer-success\/vedlikehold\/\"]}]},{\"@type\":\"ImageObject\",\"inLanguage\":\"nb-NO\",\"@id\":\"https:\/\/www.elementlogic.net\/no\/losninger-og-tjenester\/customer-success\/vedlikehold\/#primaryimage\",\"url\":\"https:\/\/www.elementlogic.net\/content\/uploads\/sites\/10\/2026\/03\/wallpaper_Customer-success-1.png\",\"contentUrl\":\"https:\/\/www.elementlogic.net\/content\/uploads\/sites\/10\/2026\/03\/wallpaper_Customer-success-1.png\",\"width\":1024,\"height\":683,\"caption\":\"Systemvedlikehold\"},{\"@type\":\"BreadcrumbList\",\"@id\":\"https:\/\/www.elementlogic.net\/no\/losninger-og-tjenester\/customer-success\/vedlikehold\/#breadcrumb\",\"itemListElement\":[{\"@type\":\"ListItem\",\"position\":1,\"name\":\"L\u00f8sninger og Tjenester\",\"item\":\"https:\/\/www.elementlogic.net\/no\/losninger-og-tjenester\/\"},{\"@type\":\"ListItem\",\"position\":2,\"name\":\"Customer Success\",\"item\":\"https:\/\/www.elementlogic.net\/no\/losninger-og-tjenester\/customer-success\/\"},{\"@type\":\"ListItem\",\"position\":3,\"name\":\"Vedlikehold\"}]},{\"@type\":\"WebSite\",\"@id\":\"https:\/\/www.elementlogic.net\/no\/#website\",\"url\":\"https:\/\/www.elementlogic.net\/no\/\",\"name\":\"Element Logic Norway\",\"description\":\"\",\"alternateName\":\"Element Logic\",\"potentialAction\":[{\"@type\":\"SearchAction\",\"target\":{\"@type\":\"EntryPoint\",\"urlTemplate\":\"https:\/\/www.elementlogic.net\/no\/?s={search_term_string}\"},\"query-input\":{\"@type\":\"PropertyValueSpecification\",\"valueRequired\":true,\"valueName\":\"search_term_string\"}}],\"inLanguage\":\"nb-NO\"}]}<\/script>\n<!-- \/ Yoast SEO Premium plugin. -->","yoast_head_json":{"title":"Vedlikehold | Element Logic Norway","description":"Oppdag vedlikeholdstjenester fra Element Logic som reduserer nedetid, forlenger levetiden og sikrer langsiktig lagerytelse.","robots":{"index":"index","follow":"follow","max-snippet":"max-snippet:-1","max-image-preview":"max-image-preview:large","max-video-preview":"max-video-preview:-1"},"canonical":"https:\/\/www.elementlogic.net\/no\/losninger-og-tjenester\/customer-success\/vedlikehold\/","og_locale":"nb_NO","og_type":"article","og_title":"Vedlikehold","og_description":"Oppdag vedlikeholdstjenester fra Element Logic som reduserer nedetid, forlenger levetiden og sikrer langsiktig lagerytelse.","og_url":"https:\/\/www.elementlogic.net\/no\/losninger-og-tjenester\/customer-success\/vedlikehold\/","og_site_name":"Element Logic Norway","article_modified_time":"2026-03-26T10:29:42+00:00","og_image":[{"width":1024,"height":683,"url":"https:\/\/www.elementlogic.net\/content\/uploads\/sites\/10\/2026\/03\/wallpaper_Customer-success-1.png","type":"image\/png"}],"twitter_card":"summary_large_image","twitter_misc":{"Ansl. lesetid":"3 minutter"},"schema":{"@context":"https:\/\/schema.org","@graph":[{"@type":"WebPage","@id":"https:\/\/www.elementlogic.net\/no\/losninger-og-tjenester\/customer-success\/vedlikehold\/","url":"https:\/\/www.elementlogic.net\/no\/losninger-og-tjenester\/customer-success\/vedlikehold\/","name":"Vedlikehold | Element Logic Norway","isPartOf":{"@id":"https:\/\/www.elementlogic.net\/no\/#website"},"primaryImageOfPage":{"@id":"https:\/\/www.elementlogic.net\/no\/losninger-og-tjenester\/customer-success\/vedlikehold\/#primaryimage"},"image":{"@id":"https:\/\/www.elementlogic.net\/no\/losninger-og-tjenester\/customer-success\/vedlikehold\/#primaryimage"},"thumbnailUrl":"https:\/\/www.elementlogic.net\/content\/uploads\/sites\/10\/2026\/03\/wallpaper_Customer-success-1.png","datePublished":"2026-03-26T10:29:41+00:00","dateModified":"2026-03-26T10:29:42+00:00","description":"Oppdag vedlikeholdstjenester fra Element Logic som reduserer nedetid, forlenger levetiden og sikrer langsiktig lagerytelse.","breadcrumb":{"@id":"https:\/\/www.elementlogic.net\/no\/losninger-og-tjenester\/customer-success\/vedlikehold\/#breadcrumb"},"inLanguage":"nb-NO","potentialAction":[{"@type":"ReadAction","target":["https:\/\/www.elementlogic.net\/no\/losninger-og-tjenester\/customer-success\/vedlikehold\/"]}]},{"@type":"ImageObject","inLanguage":"nb-NO","@id":"https:\/\/www.elementlogic.net\/no\/losninger-og-tjenester\/customer-success\/vedlikehold\/#primaryimage","url":"https:\/\/www.elementlogic.net\/content\/uploads\/sites\/10\/2026\/03\/wallpaper_Customer-success-1.png","contentUrl":"https:\/\/www.elementlogic.net\/content\/uploads\/sites\/10\/2026\/03\/wallpaper_Customer-success-1.png","width":1024,"height":683,"caption":"Systemvedlikehold"},{"@type":"BreadcrumbList","@id":"https:\/\/www.elementlogic.net\/no\/losninger-og-tjenester\/customer-success\/vedlikehold\/#breadcrumb","itemListElement":[{"@type":"ListItem","position":1,"name":"L\u00f8sninger og Tjenester","item":"https:\/\/www.elementlogic.net\/no\/losninger-og-tjenester\/"},{"@type":"ListItem","position":2,"name":"Customer Success","item":"https:\/\/www.elementlogic.net\/no\/losninger-og-tjenester\/customer-success\/"},{"@type":"ListItem","position":3,"name":"Vedlikehold"}]},{"@type":"WebSite","@id":"https:\/\/www.elementlogic.net\/no\/#website","url":"https:\/\/www.elementlogic.net\/no\/","name":"Element Logic Norway","description":"","alternateName":"Element Logic","potentialAction":[{"@type":"SearchAction","target":{"@type":"EntryPoint","urlTemplate":"https:\/\/www.elementlogic.net\/no\/?s={search_term_string}"},"query-input":{"@type":"PropertyValueSpecification","valueRequired":true,"valueName":"search_term_string"}}],"inLanguage":"nb-NO"}]}},"_links":{"self":[{"href":"https:\/\/www.elementlogic.net\/no\/wp-json\/wp\/v2\/pages\/22102"}],"collection":[{"href":"https:\/\/www.elementlogic.net\/no\/wp-json\/wp\/v2\/pages"}],"about":[{"href":"https:\/\/www.elementlogic.net\/no\/wp-json\/wp\/v2\/types\/page"}],"author":[{"embeddable":true,"href":"https:\/\/www.elementlogic.net\/no\/wp-json\/wp\/v2\/users\/2"}],"replies":[{"embeddable":true,"href":"https:\/\/www.elementlogic.net\/no\/wp-json\/wp\/v2\/comments?post=22102"}],"version-history":[{"count":5,"href":"https:\/\/www.elementlogic.net\/no\/wp-json\/wp\/v2\/pages\/22102\/revisions"}],"predecessor-version":[{"id":22761,"href":"https:\/\/www.elementlogic.net\/no\/wp-json\/wp\/v2\/pages\/22102\/revisions\/22761"}],"up":[{"embeddable":true,"href":"https:\/\/www.elementlogic.net\/no\/wp-json\/wp\/v2\/pages\/22098"}],"wp:featuredmedia":[{"embeddable":true,"href":"https:\/\/www.elementlogic.net\/no\/wp-json\/wp\/v2\/media\/22369"}],"wp:attachment":[{"href":"https:\/\/www.elementlogic.net\/no\/wp-json\/wp\/v2\/media?parent=22102"}],"curies":[{"name":"wp","href":"https:\/\/api.w.org\/{rel}","templated":true}]}}