{"id":22104,"date":"2026-03-26T10:33:51","date_gmt":"2026-03-26T10:33:51","guid":{"rendered":"https:\/\/www.elementlogic.net\/no\/?page_id=22104"},"modified":"2026-03-26T10:34:41","modified_gmt":"2026-03-26T10:34:41","slug":"support","status":"publish","type":"page","link":"https:\/\/www.elementlogic.net\/no\/losninger-og-tjenester\/customer-success\/support\/","title":{"rendered":"Support"},"content":{"rendered":"\n\t\t<div style=\"--dekode-hero-dim:0.5; --t2-icon-fill:var(--wp--preset--color--white);\" class=\"alignfull dekode-hero-content-position-center has-media-background wp-block-dekode-hero has-text-color has-white-color\">\n\t\t\t<img loading=\"lazy\" decoding=\"async\" width=\"335\" height=\"318\" src=\"https:\/\/www.elementlogic.net\/content\/uploads\/sites\/10\/\/2024\/09\/Roger-Furnes-Elotec.jpg\" class=\"dekode-hero__image\" alt=\"\" style=\"--focalpoint: 52% 11%;\" srcset=\"https:\/\/www.elementlogic.net\/content\/uploads\/sites\/10\/2024\/09\/Roger-Furnes-Elotec.jpg 335w, https:\/\/www.elementlogic.net\/content\/uploads\/sites\/10\/2024\/09\/Roger-Furnes-Elotec-300x285.jpg 300w\" sizes=\"(max-width: 335px) 100vw, 335px\" \/>\n\t\t\t<div class=\"dekode-hero__content\">\n\t\t\t\t<div class=\"dekode-hero__container\">\n\t\t\t\t\t\n\n<p><strong>Support: trygghet 24\/7 i lagerdriften din<\/strong>&nbsp;<\/p>\n\n\n\n<h1 class=\"wp-block-heading\" id=\"h-support\">Support<\/h1>\n\n\n<p class=\"t2-ingress wp-block-t2-ingress\"><strong>Alltid tilgjengelig, alltid p\u00e5litelig<\/strong>\u00a0<\/p>\n\n\n<div class=\"wp-block-buttons is-layout-flex wp-block-buttons-is-layout-flex\">\n<div class=\"wp-block-button\"><a class=\"wp-block-button__link wp-element-button\" href=\"https:\/\/www.elementlogic.net\/no\/kontakt-oss\/\">Kontakt oss<\/a><\/div>\n<\/div>\n\n\n\t\t\t\t<\/div>\n\t\t\t<\/div>\n\t\t<\/div>\n\t\t\n\n\n<p>Lageret ditt er avhengig av tilgjengelighet. Derfor tilbyr Element Logic dedikert support d\u00f8gnet rundt. V\u00e5rt Customer Success Support-team s\u00f8rger for at l\u00f8sningene dine, programvaren din og det integrerte utstyret ditt fungerer som forventet &#8211; noe som gir deg trygghet i at lageret ditt kan levere i tide, hver gang.<\/p>\n\n\n\n\t\t<div class=\"alignwide is-mode-constrained is-gap-center wp-block-t2-simple-media-text   \">\n\t\t\t<div class=\"t2-simple-media-text__container\">\n\t\t\t\t<div class=\"t2-simple-media-text__image\"><img loading=\"lazy\" decoding=\"async\" width=\"768\" height=\"576\" src=\"https:\/\/www.elementlogic.net\/content\/uploads\/sites\/10\/2026\/03\/Element-Logic_AutoStore-support-aftermarket-scaled-1-768x576.jpg\" class=\"\" alt=\"support\" style=\"--focalpoint: 50% 50%;\" srcset=\"https:\/\/www.elementlogic.net\/content\/uploads\/sites\/10\/2026\/03\/Element-Logic_AutoStore-support-aftermarket-scaled-1-768x576.jpg 768w, https:\/\/www.elementlogic.net\/content\/uploads\/sites\/10\/2026\/03\/Element-Logic_AutoStore-support-aftermarket-scaled-1-300x225.jpg 300w, https:\/\/www.elementlogic.net\/content\/uploads\/sites\/10\/2026\/03\/Element-Logic_AutoStore-support-aftermarket-scaled-1-1024x768.jpg 1024w, https:\/\/www.elementlogic.net\/content\/uploads\/sites\/10\/2026\/03\/Element-Logic_AutoStore-support-aftermarket-scaled-1-1536x1152.jpg 1536w, https:\/\/www.elementlogic.net\/content\/uploads\/sites\/10\/2026\/03\/Element-Logic_AutoStore-support-aftermarket-scaled-1-2048x1536.jpg 2048w\" sizes=\"(max-width: 768px) 100vw, 768px\" \/><\/div>\n\t\t\t\t<div class=\"t2-simple-media-text__content-container\">\n\t\t\t\t\t<div class=\"t2-simple-media-text__content\">\n\t\t\t\t\t\t<div class=\"t2-simple-media-text__content-inner\">\n\t\t\t\t\t\t\t\n\n<h3 class=\"wp-block-heading\" id=\"h-rask-hjelp-fra-eksperter\"><strong>Rask hjelp fra eksperter<\/strong><\/h3>\n\n\n\n<p>N\u00e5r problemer oppst\u00e5r, er tid avgj\u00f8rende. V\u00e5re globale supportteam svarer raskt, identifiserer \u00e5rsaken og tilf\u00f8rer riktig ekspertise for \u00e5 l\u00f8se problemet. De fleste hendelser kan h\u00e5ndteres eksternt gjennom sikker VPN-tilgang, noe som betyr mindre nedetid og raskere gjenoppretting. Med proaktiv overv\u00e5king p\u00e5 plass oppdager og h\u00e5ndterer vi ofte potensielle utfordringer f\u00f8r de p\u00e5virker driften.<\/p>\n\n\n\n<div class=\"wp-block-buttons is-layout-flex wp-block-buttons-is-layout-flex\">\n<div class=\"wp-block-button is-style-fill has-icon has-icon-theme_arrow\"><a class=\"wp-block-button__link wp-element-button\" href=\"https:\/\/www.elementlogic.net\/no\/book-gratis-konsultasjon\/\">Kontakt oss her<svg xmlns=\"http:\/\/www.w3.org\/2000\/svg\" viewBox=\"0 0 24 24\" height=\"24\" width=\"24\" class=\"t2-icon t2-icon-theme_arrow\" aria-hidden=\"true\" focusable=\"false\"><path d=\"M16.627 12.75H5.25C5.03717 12.75 4.859 12.6782 4.7155 12.5345C4.57183 12.391 4.5 12.2128 4.5 12C4.5 11.7872 4.57183 11.609 4.7155 11.4655C4.859 11.3218 5.03717 11.25 5.25 11.25H16.627L11.4577 6.08076C11.3091 5.93209 11.2357 5.75809 11.2375 5.55876C11.2395 5.35942 11.318 5.18217 11.473 5.02701C11.6282 4.88217 11.8038 4.80717 12 4.80201C12.1962 4.79684 12.3718 4.87184 12.527 5.02701L18.8673 11.3673C18.9609 11.4609 19.0269 11.5597 19.0652 11.6635C19.1037 11.7673 19.123 11.8795 19.123 12C19.123 12.1205 19.1037 12.2327 19.0652 12.3365C19.0269 12.4403 18.9609 12.5391 18.8673 12.6328L12.527 18.973C12.3885 19.1115 12.217 19.1823 12.0125 19.1855C11.808 19.1887 11.6282 19.1178 11.473 18.973C11.318 18.8178 11.2405 18.6397 11.2405 18.4385C11.2405 18.2372 11.318 18.0589 11.473 17.9038L16.627 12.75Z\" fill=\"var(--t2-icon-fill, #000)\"\/><\/svg><\/a><\/div>\n<\/div>\n\n\n\t\t\t\t\t\t<\/div>\n\t\t\t\t\t<\/div>\n\t\t\t\t<\/div>\n\t\t\t<\/div>\n\t\t<\/div>\n\t\t\n\n\n\t\t<div class=\"alignwide is-mode-constrained is-gap-center has-media-on-the-right wp-block-t2-simple-media-text   \">\n\t\t\t<div class=\"t2-simple-media-text__container\">\n\t\t\t\t<div class=\"t2-simple-media-text__image\"><img loading=\"lazy\" decoding=\"async\" width=\"768\" height=\"640\" src=\"https:\/\/www.elementlogic.net\/content\/uploads\/sites\/10\/2026\/03\/man-scans-at-autostore-2-768x640.png\" class=\"\" alt=\"\" style=\"--focalpoint: 50% 50%;\" srcset=\"https:\/\/www.elementlogic.net\/content\/uploads\/sites\/10\/2026\/03\/man-scans-at-autostore-2-768x640.png 768w, https:\/\/www.elementlogic.net\/content\/uploads\/sites\/10\/2026\/03\/man-scans-at-autostore-2-300x250.png 300w, https:\/\/www.elementlogic.net\/content\/uploads\/sites\/10\/2026\/03\/man-scans-at-autostore-2-1024x853.png 1024w, https:\/\/www.elementlogic.net\/content\/uploads\/sites\/10\/2026\/03\/man-scans-at-autostore-2.png 1052w\" sizes=\"(max-width: 768px) 100vw, 768px\" \/><\/div>\n\t\t\t\t<div class=\"t2-simple-media-text__content-container\">\n\t\t\t\t\t<div class=\"t2-simple-media-text__content\">\n\t\t\t\t\t\t<div class=\"t2-simple-media-text__content-inner\">\n\t\t\t\t\t\t\t\n\n<h3 class=\"wp-block-heading\" id=\"h-mer-enn-feilsoking\"><strong>Mer enn feils\u00f8king<\/strong><\/h3>\n\n\n\n<p>Support fra Element Logic er mer enn en akutt respons. V\u00e5r strukturerte tiln\u00e6rming omfatter:<br><strong>Hendelsesh\u00e5ndtering<\/strong> for \u00e5 raskt gjenopprette driften.<br><strong>Problemh\u00e5ndtering<\/strong> for \u00e5 forhindre at problemer oppst\u00e5r igjen.<br><strong>H\u00e5ndtering av endringer og serviceforesp\u00f8rsler<\/strong> for \u00e5 tilpasse systemet etter hvert som virksomheten utvikler seg.<\/p>\n\n\n\n<p><br>Denne kombinasjonen sikrer b\u00e5de stabilitet i dag og robusthet for morgendagen.<\/p>\n\n\n\t\t\t\t\t\t<\/div>\n\t\t\t\t\t<\/div>\n\t\t\t\t<\/div>\n\t\t\t<\/div>\n\t\t<\/div>\n\t\t\n\n\n<h2 class=\"wp-block-heading\" id=\"h-en-betrodd-partner-for-ytelse-nbsp\"><strong>En betrodd partner for ytelse<\/strong>&nbsp;<\/h2>\n\n\n\n<p>Support er en del av v\u00e5r bredere forpliktelse til kundesuksess. Ved \u00e5 samarbeide med Element Logic f\u00e5r du ikke bare tilgang til support 24\/7, men ogs\u00e5 tryggheten ved \u00e5 vite at lageret ditt er i eksperthender. Fra raske l\u00f8sninger til langsiktig optimalisering er supporttjenestene v\u00e5re utviklet for \u00e5 minimere risiko og maksimere ytelsen din.<\/p>\n\n\n\n\t\t<div class=\"wp-block-dekode-simple-cta\">\n\t\t\t<div class=\"dekode-simple-cta__inner\">\n\n<h2 class=\"wp-block-heading\" id=\"h-fa-support-i-dag\">F\u00e5 support i dag<\/h2>\n\n\n<p class=\"t2-ingress wp-block-t2-ingress\">Enten du trenger umiddelbar hjelp eller \u00f8nsker \u00e5 styrke den langsiktige supportstrukturen din, er Element Logic her for \u00e5 hjelpe deg.\u00a0<\/p>\n\n\n<div class=\"wp-block-buttons is-layout-flex wp-block-buttons-is-layout-flex\">\n<div class=\"wp-block-button has-icon has-icon-theme_arrow\"><a class=\"wp-block-button__link wp-element-button\" href=\"https:\/\/www.elementlogic.net\/no\/kontakt-oss\/\">Kontakt oss<svg xmlns=\"http:\/\/www.w3.org\/2000\/svg\" viewBox=\"0 0 24 24\" height=\"24\" width=\"24\" class=\"t2-icon t2-icon-theme_arrow\" aria-hidden=\"true\" focusable=\"false\"><path d=\"M16.627 12.75H5.25C5.03717 12.75 4.859 12.6782 4.7155 12.5345C4.57183 12.391 4.5 12.2128 4.5 12C4.5 11.7872 4.57183 11.609 4.7155 11.4655C4.859 11.3218 5.03717 11.25 5.25 11.25H16.627L11.4577 6.08076C11.3091 5.93209 11.2357 5.75809 11.2375 5.55876C11.2395 5.35942 11.318 5.18217 11.473 5.02701C11.6282 4.88217 11.8038 4.80717 12 4.80201C12.1962 4.79684 12.3718 4.87184 12.527 5.02701L18.8673 11.3673C18.9609 11.4609 19.0269 11.5597 19.0652 11.6635C19.1037 11.7673 19.123 11.8795 19.123 12C19.123 12.1205 19.1037 12.2327 19.0652 12.3365C19.0269 12.4403 18.9609 12.5391 18.8673 12.6328L12.527 18.973C12.3885 19.1115 12.217 19.1823 12.0125 19.1855C11.808 19.1887 11.6282 19.1178 11.473 18.973C11.318 18.8178 11.2405 18.6397 11.2405 18.4385C11.2405 18.2372 11.318 18.0589 11.473 17.9038L16.627 12.75Z\" fill=\"var(--t2-icon-fill, #000)\"\/><\/svg><\/a><\/div>\n<\/div>\n\n<\/div>\n\t\t<\/div>\n\n\n<h3 class=\"wp-block-heading\" id=\"utforsk-tjenestene-vare\">Utforsk tjenestene v\u00e5re<\/h3>\n\n\n\n\t\t<div style=\"--link-cards-grid-columns: 3\" class=\"dekode-link-cards has-3-columns wp-block-dekode-link-cards\">\n\t\t\t<div class=\"dekode-link-cards__items\">\n\t\t\t\t\n<a class=\"wp-block-dekode-link-card\" href=\"https:\/\/www.elementlogic.net\/solutions-and-services\/customer-success\/training\/\"><img loading=\"lazy\" decoding=\"async\" width=\"768\" height=\"399\" src=\"https:\/\/www.elementlogic.net\/content\/uploads\/sites\/10\/\/2024\/09\/EL_superuser-training8-wo-instr-e1726227709934-768x399.jpg\" class=\"\" alt=\"training\" \/>\t<div class=\"dekode-link-card__content\">\n\t\t\t\t<p class=\"dekode-link-card__title\">\n\t\t\tOppl\u00e6ringning\t\t<\/p>\n\t\t\t\t\t<p class=\"dekode-link-card__description\">Oppl\u00e6ring som grunnlag for Customer Success<\/p>\n\t\t\t<\/div>\n\t<\/a>\n\n<a class=\"wp-block-dekode-link-card\" href=\"https:\/\/www.elementlogic.net\/solutions-and-services\/customer-success\/insight-and-optimization\/\"><img loading=\"lazy\" decoding=\"async\" width=\"768\" height=\"512\" src=\"https:\/\/www.elementlogic.net\/content\/uploads\/sites\/10\/2026\/03\/EL_eLogiq_-11-1024x683-1-5-768x512.jpg\" class=\"\" alt=\"Innsikt og optimalisering\" \/>\t<div class=\"dekode-link-card__content\">\n\t\t\t\t<p class=\"dekode-link-card__title\">\n\t\t\tInnsikt &amp; optimalisering\t\t<\/p>\n\t\t\t\t\t<p class=\"dekode-link-card__description\">Driver kontinuerlig verdi<br><\/p>\n\t\t\t<\/div>\n\t<\/a>\n\n<a class=\"wp-block-dekode-link-card\" href=\"https:\/\/www.elementlogic.net\/solutions-and-services\/customer-success\/maintenance\/\"><img loading=\"lazy\" decoding=\"async\" width=\"768\" height=\"512\" src=\"https:\/\/www.elementlogic.net\/content\/uploads\/sites\/10\/2026\/03\/wallpaper_Customer-success-1-768x512.png\" class=\"\" alt=\"Systemvedlikehold\" \/>\t<div class=\"dekode-link-card__content\">\n\t\t\t\t<p class=\"dekode-link-card__title\">\n\t\t\tSystemvedlikehold\t\t<\/p>\n\t\t\t\t\t<p class=\"dekode-link-card__description\">Holder systemet ditt i gang uten avbrudd<\/p>\n\t\t\t<\/div>\n\t<\/a>\n\n\t\t\t<\/div>\n\t\t<\/div>","protected":false},"excerpt":{"rendered":"<p>Lageret ditt er avhengig av tilgjengelighet. Derfor tilbyr Element Logic dedikert support d\u00f8gnet rundt. V\u00e5rt Customer Success Support-team s\u00f8rger for [&hellip;]<\/p>\n","protected":false},"author":2,"featured_media":22366,"parent":22098,"menu_order":0,"comment_status":"closed","ping_status":"closed","template":"","meta":{"hreflang_relation":0,"_el_cross_publish_source_blog_url":"","_el_cross_publish_source_blog_id":0,"_el_cross_publish_source_post_id":0,"_el_cross_publish_sync_state":"","exclude_from_search":false,"footnotes":""},"class_list":["post-22104","page","type-page","status-publish","has-post-thumbnail","hentry"],"yoast_head":"<!-- This site is optimized with the Yoast SEO Premium plugin v23.9 (Yoast SEO v23.9) - https:\/\/yoast.com\/wordpress\/plugins\/seo\/ -->\n<title>Support | Element Logic Norway<\/title>\n<meta name=\"description\" content=\"Oppdag support fra Element Logic med eksperthjelp 24\/7 som reduserer nedetid og styrker lagerytelsen for alle processer.\" \/>\n<meta name=\"robots\" content=\"index, follow, max-snippet:-1, max-image-preview:large, max-video-preview:-1\" \/>\n<link rel=\"canonical\" href=\"https:\/\/www.elementlogic.net\/no\/losninger-og-tjenester\/customer-success\/support\/\" \/>\n<meta property=\"og:locale\" content=\"nb_NO\" \/>\n<meta property=\"og:type\" content=\"article\" \/>\n<meta property=\"og:title\" content=\"Support\" \/>\n<meta property=\"og:description\" content=\"Oppdag support fra Element Logic med eksperthjelp 24\/7 som reduserer nedetid og styrker lagerytelsen for alle processer.\" \/>\n<meta property=\"og:url\" content=\"https:\/\/www.elementlogic.net\/no\/losninger-og-tjenester\/customer-success\/support\/\" \/>\n<meta property=\"og:site_name\" content=\"Element Logic Norway\" \/>\n<meta property=\"article:modified_time\" content=\"2026-03-26T10:34:41+00:00\" \/>\n<meta property=\"og:image\" content=\"https:\/\/www.elementlogic.net\/content\/uploads\/sites\/10\/2026\/03\/Element-Logic_AutoStore-support-aftermarket-scaled-1.jpg\" \/>\n\t<meta property=\"og:image:width\" content=\"2560\" \/>\n\t<meta property=\"og:image:height\" content=\"1920\" \/>\n\t<meta property=\"og:image:type\" content=\"image\/jpeg\" \/>\n<meta name=\"twitter:card\" content=\"summary_large_image\" \/>\n<meta name=\"twitter:label1\" content=\"Ansl. lesetid\" \/>\n\t<meta name=\"twitter:data1\" content=\"2 minutter\" \/>\n<script type=\"application\/ld+json\" class=\"yoast-schema-graph\">{\"@context\":\"https:\/\/schema.org\",\"@graph\":[{\"@type\":\"WebPage\",\"@id\":\"https:\/\/www.elementlogic.net\/no\/losninger-og-tjenester\/customer-success\/support\/\",\"url\":\"https:\/\/www.elementlogic.net\/no\/losninger-og-tjenester\/customer-success\/support\/\",\"name\":\"Support | Element Logic Norway\",\"isPartOf\":{\"@id\":\"https:\/\/www.elementlogic.net\/no\/#website\"},\"primaryImageOfPage\":{\"@id\":\"https:\/\/www.elementlogic.net\/no\/losninger-og-tjenester\/customer-success\/support\/#primaryimage\"},\"image\":{\"@id\":\"https:\/\/www.elementlogic.net\/no\/losninger-og-tjenester\/customer-success\/support\/#primaryimage\"},\"thumbnailUrl\":\"https:\/\/www.elementlogic.net\/content\/uploads\/sites\/10\/2026\/03\/Element-Logic_AutoStore-support-aftermarket-scaled-1.jpg\",\"datePublished\":\"2026-03-26T10:33:51+00:00\",\"dateModified\":\"2026-03-26T10:34:41+00:00\",\"description\":\"Oppdag support fra Element Logic med eksperthjelp 24\/7 som reduserer nedetid og styrker lagerytelsen for alle processer.\",\"breadcrumb\":{\"@id\":\"https:\/\/www.elementlogic.net\/no\/losninger-og-tjenester\/customer-success\/support\/#breadcrumb\"},\"inLanguage\":\"nb-NO\",\"potentialAction\":[{\"@type\":\"ReadAction\",\"target\":[\"https:\/\/www.elementlogic.net\/no\/losninger-og-tjenester\/customer-success\/support\/\"]}]},{\"@type\":\"ImageObject\",\"inLanguage\":\"nb-NO\",\"@id\":\"https:\/\/www.elementlogic.net\/no\/losninger-og-tjenester\/customer-success\/support\/#primaryimage\",\"url\":\"https:\/\/www.elementlogic.net\/content\/uploads\/sites\/10\/2026\/03\/Element-Logic_AutoStore-support-aftermarket-scaled-1.jpg\",\"contentUrl\":\"https:\/\/www.elementlogic.net\/content\/uploads\/sites\/10\/2026\/03\/Element-Logic_AutoStore-support-aftermarket-scaled-1.jpg\",\"width\":2560,\"height\":1920,\"caption\":\"Screenshot\"},{\"@type\":\"BreadcrumbList\",\"@id\":\"https:\/\/www.elementlogic.net\/no\/losninger-og-tjenester\/customer-success\/support\/#breadcrumb\",\"itemListElement\":[{\"@type\":\"ListItem\",\"position\":1,\"name\":\"L\u00f8sninger og Tjenester\",\"item\":\"https:\/\/www.elementlogic.net\/no\/losninger-og-tjenester\/\"},{\"@type\":\"ListItem\",\"position\":2,\"name\":\"Customer Success\",\"item\":\"https:\/\/www.elementlogic.net\/no\/losninger-og-tjenester\/customer-success\/\"},{\"@type\":\"ListItem\",\"position\":3,\"name\":\"Support\"}]},{\"@type\":\"WebSite\",\"@id\":\"https:\/\/www.elementlogic.net\/no\/#website\",\"url\":\"https:\/\/www.elementlogic.net\/no\/\",\"name\":\"Element Logic Norway\",\"description\":\"\",\"alternateName\":\"Element Logic\",\"potentialAction\":[{\"@type\":\"SearchAction\",\"target\":{\"@type\":\"EntryPoint\",\"urlTemplate\":\"https:\/\/www.elementlogic.net\/no\/?s={search_term_string}\"},\"query-input\":{\"@type\":\"PropertyValueSpecification\",\"valueRequired\":true,\"valueName\":\"search_term_string\"}}],\"inLanguage\":\"nb-NO\"}]}<\/script>\n<!-- \/ Yoast SEO Premium plugin. -->","yoast_head_json":{"title":"Support | Element Logic Norway","description":"Oppdag support fra Element Logic med eksperthjelp 24\/7 som reduserer nedetid og styrker lagerytelsen for alle processer.","robots":{"index":"index","follow":"follow","max-snippet":"max-snippet:-1","max-image-preview":"max-image-preview:large","max-video-preview":"max-video-preview:-1"},"canonical":"https:\/\/www.elementlogic.net\/no\/losninger-og-tjenester\/customer-success\/support\/","og_locale":"nb_NO","og_type":"article","og_title":"Support","og_description":"Oppdag support fra Element Logic med eksperthjelp 24\/7 som reduserer nedetid og styrker lagerytelsen for alle processer.","og_url":"https:\/\/www.elementlogic.net\/no\/losninger-og-tjenester\/customer-success\/support\/","og_site_name":"Element Logic Norway","article_modified_time":"2026-03-26T10:34:41+00:00","og_image":[{"width":2560,"height":1920,"url":"https:\/\/www.elementlogic.net\/content\/uploads\/sites\/10\/2026\/03\/Element-Logic_AutoStore-support-aftermarket-scaled-1.jpg","type":"image\/jpeg"}],"twitter_card":"summary_large_image","twitter_misc":{"Ansl. lesetid":"2 minutter"},"schema":{"@context":"https:\/\/schema.org","@graph":[{"@type":"WebPage","@id":"https:\/\/www.elementlogic.net\/no\/losninger-og-tjenester\/customer-success\/support\/","url":"https:\/\/www.elementlogic.net\/no\/losninger-og-tjenester\/customer-success\/support\/","name":"Support | Element Logic Norway","isPartOf":{"@id":"https:\/\/www.elementlogic.net\/no\/#website"},"primaryImageOfPage":{"@id":"https:\/\/www.elementlogic.net\/no\/losninger-og-tjenester\/customer-success\/support\/#primaryimage"},"image":{"@id":"https:\/\/www.elementlogic.net\/no\/losninger-og-tjenester\/customer-success\/support\/#primaryimage"},"thumbnailUrl":"https:\/\/www.elementlogic.net\/content\/uploads\/sites\/10\/2026\/03\/Element-Logic_AutoStore-support-aftermarket-scaled-1.jpg","datePublished":"2026-03-26T10:33:51+00:00","dateModified":"2026-03-26T10:34:41+00:00","description":"Oppdag support fra Element Logic med eksperthjelp 24\/7 som reduserer nedetid og styrker lagerytelsen for alle processer.","breadcrumb":{"@id":"https:\/\/www.elementlogic.net\/no\/losninger-og-tjenester\/customer-success\/support\/#breadcrumb"},"inLanguage":"nb-NO","potentialAction":[{"@type":"ReadAction","target":["https:\/\/www.elementlogic.net\/no\/losninger-og-tjenester\/customer-success\/support\/"]}]},{"@type":"ImageObject","inLanguage":"nb-NO","@id":"https:\/\/www.elementlogic.net\/no\/losninger-og-tjenester\/customer-success\/support\/#primaryimage","url":"https:\/\/www.elementlogic.net\/content\/uploads\/sites\/10\/2026\/03\/Element-Logic_AutoStore-support-aftermarket-scaled-1.jpg","contentUrl":"https:\/\/www.elementlogic.net\/content\/uploads\/sites\/10\/2026\/03\/Element-Logic_AutoStore-support-aftermarket-scaled-1.jpg","width":2560,"height":1920,"caption":"Screenshot"},{"@type":"BreadcrumbList","@id":"https:\/\/www.elementlogic.net\/no\/losninger-og-tjenester\/customer-success\/support\/#breadcrumb","itemListElement":[{"@type":"ListItem","position":1,"name":"L\u00f8sninger og Tjenester","item":"https:\/\/www.elementlogic.net\/no\/losninger-og-tjenester\/"},{"@type":"ListItem","position":2,"name":"Customer Success","item":"https:\/\/www.elementlogic.net\/no\/losninger-og-tjenester\/customer-success\/"},{"@type":"ListItem","position":3,"name":"Support"}]},{"@type":"WebSite","@id":"https:\/\/www.elementlogic.net\/no\/#website","url":"https:\/\/www.elementlogic.net\/no\/","name":"Element Logic Norway","description":"","alternateName":"Element Logic","potentialAction":[{"@type":"SearchAction","target":{"@type":"EntryPoint","urlTemplate":"https:\/\/www.elementlogic.net\/no\/?s={search_term_string}"},"query-input":{"@type":"PropertyValueSpecification","valueRequired":true,"valueName":"search_term_string"}}],"inLanguage":"nb-NO"}]}},"_links":{"self":[{"href":"https:\/\/www.elementlogic.net\/no\/wp-json\/wp\/v2\/pages\/22104"}],"collection":[{"href":"https:\/\/www.elementlogic.net\/no\/wp-json\/wp\/v2\/pages"}],"about":[{"href":"https:\/\/www.elementlogic.net\/no\/wp-json\/wp\/v2\/types\/page"}],"author":[{"embeddable":true,"href":"https:\/\/www.elementlogic.net\/no\/wp-json\/wp\/v2\/users\/2"}],"replies":[{"embeddable":true,"href":"https:\/\/www.elementlogic.net\/no\/wp-json\/wp\/v2\/comments?post=22104"}],"version-history":[{"count":5,"href":"https:\/\/www.elementlogic.net\/no\/wp-json\/wp\/v2\/pages\/22104\/revisions"}],"predecessor-version":[{"id":22584,"href":"https:\/\/www.elementlogic.net\/no\/wp-json\/wp\/v2\/pages\/22104\/revisions\/22584"}],"up":[{"embeddable":true,"href":"https:\/\/www.elementlogic.net\/no\/wp-json\/wp\/v2\/pages\/22098"}],"wp:featuredmedia":[{"embeddable":true,"href":"https:\/\/www.elementlogic.net\/no\/wp-json\/wp\/v2\/media\/22366"}],"wp:attachment":[{"href":"https:\/\/www.elementlogic.net\/no\/wp-json\/wp\/v2\/media?parent=22104"}],"curies":[{"name":"wp","href":"https:\/\/api.w.org\/{rel}","templated":true}]}}