{"id":22106,"date":"2026-03-26T10:35:36","date_gmt":"2026-03-26T10:35:36","guid":{"rendered":"https:\/\/www.elementlogic.net\/no\/?page_id=22106"},"modified":"2026-03-26T10:39:56","modified_gmt":"2026-03-26T10:39:56","slug":"opplaering-og-utvikling","status":"publish","type":"page","link":"https:\/\/www.elementlogic.net\/no\/losninger-og-tjenester\/customer-success\/opplaering-og-utvikling\/","title":{"rendered":"Oppl\u00e6ring og utvikling"},"content":{"rendered":"\n\t\t<div style=\"--dekode-hero-dim:0.2; --t2-icon-fill:var(--wp--preset--color--white);\" class=\"alignfull dekode-hero-content-position-center has-media-background wp-block-dekode-hero has-text-color has-white-color\">\n\t\t\t<img loading=\"lazy\" decoding=\"async\" width=\"1024\" height=\"683\" src=\"https:\/\/www.elementlogic.net\/content\/uploads\/sites\/10\/2026\/03\/EL_eLogiq-2.png\" class=\"dekode-hero__image\" alt=\"training\" style=\"--focalpoint: 84% 25%;\" srcset=\"https:\/\/www.elementlogic.net\/content\/uploads\/sites\/10\/2026\/03\/EL_eLogiq-2.png 1024w, https:\/\/www.elementlogic.net\/content\/uploads\/sites\/10\/2026\/03\/EL_eLogiq-2-300x200.png 300w, https:\/\/www.elementlogic.net\/content\/uploads\/sites\/10\/2026\/03\/EL_eLogiq-2-768x512.png 768w\" sizes=\"(max-width: 1024px) 100vw, 1024px\" \/>\n\t\t\t<div class=\"dekode-hero__content\">\n\t\t\t\t<div class=\"dekode-hero__container\">\n\t\t\t\t\t\n\n<h1 class=\"wp-block-heading\" id=\"h-opplaering-og-utvikling\"><strong>Oppl\u00e6ring og utvikling<\/strong><\/h1>\n\n\n<p class=\"t2-ingress wp-block-t2-ingress\"><strong>Oppl\u00e6ring som grunnlag for Customer Success<\/strong>\u00a0<\/p>\n\n\n<div class=\"wp-block-buttons is-layout-flex wp-block-buttons-is-layout-flex\">\n<div class=\"wp-block-button\"><a class=\"wp-block-button__link wp-element-button\" href=\"https:\/\/www.elementlogic.net\/no\/kontakt-oss\/\">Kontakt oss om oppl\u00e6ring<\/a><\/div>\n<\/div>\n\n\n\t\t\t\t<\/div>\n\t\t\t<\/div>\n\t\t<\/div>\n\t\t\n\n\n<p>En lagerl\u00f8sning skaper f\u00f8rst full verdi n\u00e5r menneskene som bruker den er trygge, kompetente og forberedte. Oppl\u00e6ring og faglig utvikling gjennom v\u00e5rt SuperUser Certification Program er derfor en sentral del av v\u00e5rt Customer Success-tilbud. Med strukturert onboarding, rolletilpasset l\u00e6ring og avanserte sertifiseringsmuligheter s\u00f8rger vi for at teamene dine er klare til \u00e5 f\u00e5 mest mulig ut av l\u00f8sningen din fra Element Logic fra dag \u00e9n &#8211; og fortsetter \u00e5 utvikle ekspertisen sin over tid.<\/p>\n\n\n\n<h2 class=\"wp-block-heading\" id=\"h-fra-onboarding-til-mestring\"><strong>Fra onboarding til mestring<\/strong>\u00a0<\/h2>\n\n\n\n<p>Oppl\u00e6ringen starter f\u00f8r systemet ditt g\u00e5r live og fortsetter gjennom hele livssyklusen. Vi fokuserer p\u00e5 \u00e5 gi teamet ditt den kompetansen og tryggheten som trengs for \u00e5 drive en smidig drift, h\u00e5ndtere utfordringer og tilpasse seg endrede krav.<\/p>\n\n\n\n<ul class=\"wp-block-list\">\n<li><strong>Onboarding og scenariotrening: <\/strong>Medarbeidere f\u00e5r oppl\u00e6ring i \u00e5 bruke automatiserte lagersystemer p\u00e5 en sikker og effektiv m\u00e5te. Oppl\u00e6ringen inkluderer praktisk trening i daglige arbeidsflyter, samt forberedelse til \u00e5 h\u00e5ndtere hendelser og mestre toppperioder med trygghet.\u00a0<\/li>\n\n\n\n<li><strong>Oppfrisknings- og oppdateringsoppl\u00e6ring:<\/strong> Holder kompetansen oppdatert etter hvert som prosesser utvikles og programvareoppdateringer innf\u00f8res.<\/li>\n\n\n\n<li><strong>Rollebasert l\u00e6ring: <\/strong>\u00d8kter tilpasses operat\u00f8rer, arbeidsledere og ledere slik at hver rolle kan prestere p\u00e5 sitt beste.<\/li>\n<\/ul>\n\n\n\n\t\t<div class=\"alignwide is-mode-constrained is-gap-center wp-block-t2-simple-media-text   \">\n\t\t\t<div class=\"t2-simple-media-text__container\">\n\t\t\t\t<div class=\"t2-simple-media-text__image\"><img loading=\"lazy\" decoding=\"async\" width=\"768\" height=\"322\" src=\"https:\/\/www.elementlogic.net\/content\/uploads\/sites\/10\/2026\/03\/Wallpaper-2-scaled-2-768x322.jpg\" class=\"\" alt=\"training\" style=\"--focalpoint: 50% 50%;\" srcset=\"https:\/\/www.elementlogic.net\/content\/uploads\/sites\/10\/2026\/03\/Wallpaper-2-scaled-2-768x322.jpg 768w, https:\/\/www.elementlogic.net\/content\/uploads\/sites\/10\/2026\/03\/Wallpaper-2-scaled-2-300x126.jpg 300w, https:\/\/www.elementlogic.net\/content\/uploads\/sites\/10\/2026\/03\/Wallpaper-2-scaled-2-1024x429.jpg 1024w, https:\/\/www.elementlogic.net\/content\/uploads\/sites\/10\/2026\/03\/Wallpaper-2-scaled-2-1536x643.jpg 1536w, https:\/\/www.elementlogic.net\/content\/uploads\/sites\/10\/2026\/03\/Wallpaper-2-scaled-2-2048x858.jpg 2048w\" sizes=\"(max-width: 768px) 100vw, 768px\" \/><\/div>\n\t\t\t\t<div class=\"t2-simple-media-text__content-container\">\n\t\t\t\t\t<div class=\"t2-simple-media-text__content\">\n\t\t\t\t\t\t<div class=\"t2-simple-media-text__content-inner\">\n\t\t\t\t\t\t\t\n\n<h3 class=\"wp-block-heading\" id=\"h-element-logic-academy\"><strong>Element Logic Academy<\/strong><\/h3>\n\n\n\n<p><strong>Element Logic Academy<\/strong> &#8211; en digital l\u00e6ringsplattform som tilbyr eLearning-moduler, veiledninger og strukturert oppl\u00e6ringsmateriell. Academy gj\u00f8r oppl\u00e6ring tilgjengelig p\u00e5 tvers av lokasjoner og arbeidsskift og sikrer enhetlig l\u00e6ring for alle medarbeidere.\u00a0<\/p>\n\n\n\n<p>Ledere f\u00e5r innsikt i fullf\u00f8ringsgrad og kompetanseniv\u00e5er, mens medarbeidere f\u00e5r tilgang til interaktive ressurser som st\u00f8tter b\u00e5de innledende l\u00e6ring og kontinuerlig utvikling.<\/p>\n\n\n\n<div class=\"wp-block-buttons is-layout-flex wp-block-buttons-is-layout-flex\">\n<div class=\"wp-block-button is-style-fill has-icon has-icon-theme_arrow\"><a class=\"wp-block-button__link wp-element-button\" href=\"https:\/\/www.elementlogic.net\/no\/kontakt-oss\/\">Kontakt oss<svg xmlns=\"http:\/\/www.w3.org\/2000\/svg\" viewBox=\"0 0 24 24\" height=\"24\" width=\"24\" class=\"t2-icon t2-icon-theme_arrow\" aria-hidden=\"true\" focusable=\"false\"><path d=\"M16.627 12.75H5.25C5.03717 12.75 4.859 12.6782 4.7155 12.5345C4.57183 12.391 4.5 12.2128 4.5 12C4.5 11.7872 4.57183 11.609 4.7155 11.4655C4.859 11.3218 5.03717 11.25 5.25 11.25H16.627L11.4577 6.08076C11.3091 5.93209 11.2357 5.75809 11.2375 5.55876C11.2395 5.35942 11.318 5.18217 11.473 5.02701C11.6282 4.88217 11.8038 4.80717 12 4.80201C12.1962 4.79684 12.3718 4.87184 12.527 5.02701L18.8673 11.3673C18.9609 11.4609 19.0269 11.5597 19.0652 11.6635C19.1037 11.7673 19.123 11.8795 19.123 12C19.123 12.1205 19.1037 12.2327 19.0652 12.3365C19.0269 12.4403 18.9609 12.5391 18.8673 12.6328L12.527 18.973C12.3885 19.1115 12.217 19.1823 12.0125 19.1855C11.808 19.1887 11.6282 19.1178 11.473 18.973C11.318 18.8178 11.2405 18.6397 11.2405 18.4385C11.2405 18.2372 11.318 18.0589 11.473 17.9038L16.627 12.75Z\" fill=\"var(--t2-icon-fill, #000)\"\/><\/svg><\/a><\/div>\n<\/div>\n\n\n\t\t\t\t\t\t<\/div>\n\t\t\t\t\t<\/div>\n\t\t\t\t<\/div>\n\t\t\t<\/div>\n\t\t<\/div>\n\t\t\n\n\n\t\t<div class=\"alignwide is-mode-constrained is-gap-center has-media-on-the-right wp-block-t2-simple-media-text   \">\n\t\t\t<div class=\"t2-simple-media-text__container\">\n\t\t\t\t<div class=\"t2-simple-media-text__image\"><img loading=\"lazy\" decoding=\"async\" width=\"500\" height=\"375\" src=\"https:\/\/www.elementlogic.net\/content\/uploads\/sites\/10\/2026\/03\/Picking-at-port-at-Styleboom-1.jpg\" class=\"\" alt=\"Super User Certification\" style=\"--focalpoint: 50% 50%;\" srcset=\"https:\/\/www.elementlogic.net\/content\/uploads\/sites\/10\/2026\/03\/Picking-at-port-at-Styleboom-1.jpg 500w, https:\/\/www.elementlogic.net\/content\/uploads\/sites\/10\/2026\/03\/Picking-at-port-at-Styleboom-1-300x225.jpg 300w\" sizes=\"(max-width: 500px) 100vw, 500px\" \/><\/div>\n\t\t\t\t<div class=\"t2-simple-media-text__content-container\">\n\t\t\t\t\t<div class=\"t2-simple-media-text__content\">\n\t\t\t\t\t\t<div class=\"t2-simple-media-text__content-inner\">\n\t\t\t\t\t\t\t\n\n<h3 class=\"wp-block-heading\" id=\"h-super-user-certification-nbsp\"><strong>Super User Certification&nbsp;<\/strong><\/h3>\n\n\n\n<p>For \u00e5 styrke robustheten i den daglige driften tilbyr vi et <strong>Super User Certification Program<\/strong>. <br><br><strong>Sertifiserte Super Users blir interne eksperter som:<\/strong><br>L\u00f8ser komplekse utfordringer raskere og reduserer avhengigheten av ekstern support.<br>Veileder og trener kolleger og forankrer beste praksis i driften.<br>St\u00f8tter kontinuerlig forbedring ved \u00e5 knytte operasjonell innsikt til systemoptimalisering.<br>Programmet skaper en tydelig karrierevei for engasjerte medarbeidere og sikrer at ekspertkunnskap alltid er tilgjengelig i teamet ditt.<\/p>\n\n\n\n<div class=\"wp-block-buttons is-layout-flex wp-block-buttons-is-layout-flex\">\n<div class=\"wp-block-button is-style-fill has-icon has-icon-theme_arrow\"><a class=\"wp-block-button__link wp-element-button\" href=\"https:\/\/www.elementlogic.net\/no\/kontakt-oss\/\">Kontakt oss<svg xmlns=\"http:\/\/www.w3.org\/2000\/svg\" viewBox=\"0 0 24 24\" height=\"24\" width=\"24\" class=\"t2-icon t2-icon-theme_arrow\" aria-hidden=\"true\" focusable=\"false\"><path d=\"M16.627 12.75H5.25C5.03717 12.75 4.859 12.6782 4.7155 12.5345C4.57183 12.391 4.5 12.2128 4.5 12C4.5 11.7872 4.57183 11.609 4.7155 11.4655C4.859 11.3218 5.03717 11.25 5.25 11.25H16.627L11.4577 6.08076C11.3091 5.93209 11.2357 5.75809 11.2375 5.55876C11.2395 5.35942 11.318 5.18217 11.473 5.02701C11.6282 4.88217 11.8038 4.80717 12 4.80201C12.1962 4.79684 12.3718 4.87184 12.527 5.02701L18.8673 11.3673C18.9609 11.4609 19.0269 11.5597 19.0652 11.6635C19.1037 11.7673 19.123 11.8795 19.123 12C19.123 12.1205 19.1037 12.2327 19.0652 12.3365C19.0269 12.4403 18.9609 12.5391 18.8673 12.6328L12.527 18.973C12.3885 19.1115 12.217 19.1823 12.0125 19.1855C11.808 19.1887 11.6282 19.1178 11.473 18.973C11.318 18.8178 11.2405 18.6397 11.2405 18.4385C11.2405 18.2372 11.318 18.0589 11.473 17.9038L16.627 12.75Z\" fill=\"var(--t2-icon-fill, #000)\"\/><\/svg><\/a><\/div>\n<\/div>\n\n\n\t\t\t\t\t\t<\/div>\n\t\t\t\t\t<\/div>\n\t\t\t\t<\/div>\n\t\t\t<\/div>\n\t\t<\/div>\n\t\t\n\n\n<h2 class=\"wp-block-heading\" id=\"h-hvorfor-opplaering-er-viktig\"><strong>Hvorfor oppl\u00e6ring er viktig<\/strong>\u00a0<\/h2>\n\n\n\n<p>Godt oppl\u00e6rte medarbeidere er avgj\u00f8rende for \u00e5 maksimere systemets oppetid, n\u00f8yaktighet og throughput. Oppl\u00e6ring sikrer at medarbeiderne dine kan:<\/p>\n\n\n\n<ul class=\"wp-block-list\">\n<li>Betjene systemer p\u00e5 en sikker og trygg m\u00e5te<\/li>\n\n\n\n<li>H\u00e5ndtere avvik og raskt gjenopprette ytelsen<\/li>\n\n\n\n<li>Tilpasse seg sesongtopper og prosessendringer<\/li>\n\n\n\n<li>Bruke dashboards og rapporter for smartere beslutningstaking<\/li>\n<\/ul>\n\n\n\n<h2 class=\"wp-block-heading\" id=\"h-styrk-menneskene-dine-for-fremtiden\"><strong>Styrk menneskene dine for fremtiden<\/strong>\u00a0<\/h2>\n\n\n\n<p>Oppl\u00e6ring er en investering i teamet ditt og lagerytelsen din. Ved \u00e5 kombinere strukturert l\u00e6ring med kontinuerlig utvikling og sertifiseringsmuligheter s\u00f8rger Element Logic for at medarbeiderne dine har kompetansen og tryggheten som trengs for \u00e5 holde lageret ditt i gang p\u00e5 sitt beste.<\/p>\n\n\n\n<h3 class=\"wp-block-heading\" id=\"utforsk-tjenestene-vare\">Utforsk tjenestene v\u00e5re<\/h3>\n\n\n\n\t\t<div style=\"--link-cards-grid-columns: 3\" class=\"dekode-link-cards has-3-columns wp-block-dekode-link-cards\">\n\t\t\t<div class=\"dekode-link-cards__items\">\n\t\t\t\t\n<a class=\"wp-block-dekode-link-card\" href=\"https:\/\/www.elementlogic.net\/solutions-and-services\/customer-success\/insight-and-optimization\/\"><img loading=\"lazy\" decoding=\"async\" width=\"768\" height=\"512\" src=\"https:\/\/www.elementlogic.net\/content\/uploads\/sites\/10\/2026\/03\/EL_eLogiq_-11-1024x683-1-5-768x512.jpg\" class=\"\" alt=\"Innsikt og optimalisering\" \/>\t<div class=\"dekode-link-card__content\">\n\t\t\t\t<p class=\"dekode-link-card__title\">\n\t\t\tInnsikt &amp; optimalisering\t\t<\/p>\n\t\t\t\t\t<p class=\"dekode-link-card__description\">Driver kontinuerlig verdi\u00a0<br><\/p>\n\t\t\t<\/div>\n\t<\/a>\n\n<a class=\"wp-block-dekode-link-card\" href=\"https:\/\/www.elementlogic.net\/solutions-and-services\/customer-success\/maintenance\/\"><img loading=\"lazy\" decoding=\"async\" width=\"768\" height=\"512\" src=\"https:\/\/www.elementlogic.net\/content\/uploads\/sites\/10\/2026\/03\/wallpaper_Customer-success-1-768x512.png\" class=\"\" alt=\"Systemvedlikehold\" \/>\t<div class=\"dekode-link-card__content\">\n\t\t\t\t<p class=\"dekode-link-card__title\">\n\t\t\tSystemvedlikehold\t\t<\/p>\n\t\t\t\t\t<p class=\"dekode-link-card__description\">Holder systemet ditt i gang uten avbrudd<\/p>\n\t\t\t<\/div>\n\t<\/a>\n\n<a class=\"wp-block-dekode-link-card\" href=\"https:\/\/www.elementlogic.net\/solutions-and-services\/customer-success\/support\/\"><img loading=\"lazy\" decoding=\"async\" width=\"768\" height=\"576\" src=\"https:\/\/www.elementlogic.net\/content\/uploads\/sites\/10\/2026\/03\/Element-Logic_AutoStore-support-aftermarket-scaled-1-768x576.jpg\" class=\"\" alt=\"support\" \/>\t<div class=\"dekode-link-card__content\">\n\t\t\t\t<p class=\"dekode-link-card__title\">\n\t\t\tSupport\t\t<\/p>\n\t\t\t\t\t<p class=\"dekode-link-card__description\">Support: trygghet 24\/7 i lagerdriften din<\/p>\n\t\t\t<\/div>\n\t<\/a>\n\n\t\t\t<\/div>\n\t\t<\/div>","protected":false},"excerpt":{"rendered":"<p>En lagerl\u00f8sning skaper f\u00f8rst full verdi n\u00e5r menneskene som bruker den er trygge, kompetente og forberedte. Oppl\u00e6ring og faglig utvikling [&hellip;]<\/p>\n","protected":false},"author":2,"featured_media":22368,"parent":22098,"menu_order":0,"comment_status":"closed","ping_status":"closed","template":"","meta":{"hreflang_relation":0,"_el_cross_publish_source_blog_url":"","_el_cross_publish_source_blog_id":0,"_el_cross_publish_source_post_id":0,"_el_cross_publish_sync_state":"","exclude_from_search":false,"footnotes":""},"class_list":["post-22106","page","type-page","status-publish","has-post-thumbnail","hentry"],"yoast_head":"<!-- This site is optimized with the Yoast SEO Premium plugin v23.9 (Yoast SEO v23.9) - https:\/\/yoast.com\/wordpress\/plugins\/seo\/ -->\n<title>Oppl\u00e6ring og utvikling | Element Logic Norway<\/title>\n<meta name=\"description\" content=\"Oppdag oppl\u00e6ring fra Element Logic som styrker teamets kompetanse, \u00f8ker tryggheten og maksimerer lagerytelsen over tid.\" \/>\n<meta name=\"robots\" content=\"index, follow, max-snippet:-1, max-image-preview:large, max-video-preview:-1\" \/>\n<link rel=\"canonical\" href=\"https:\/\/www.elementlogic.net\/no\/losninger-og-tjenester\/customer-success\/opplaering-og-utvikling\/\" \/>\n<meta property=\"og:locale\" content=\"nb_NO\" \/>\n<meta property=\"og:type\" content=\"article\" \/>\n<meta property=\"og:title\" content=\"Oppl\u00e6ring og utvikling\" \/>\n<meta property=\"og:description\" content=\"Oppdag oppl\u00e6ring fra Element Logic som styrker teamets kompetanse, \u00f8ker tryggheten og maksimerer lagerytelsen over tid.\" \/>\n<meta property=\"og:url\" content=\"https:\/\/www.elementlogic.net\/no\/losninger-og-tjenester\/customer-success\/opplaering-og-utvikling\/\" \/>\n<meta property=\"og:site_name\" content=\"Element Logic Norway\" \/>\n<meta property=\"article:modified_time\" content=\"2026-03-26T10:39:56+00:00\" \/>\n<meta property=\"og:image\" content=\"https:\/\/www.elementlogic.net\/content\/uploads\/sites\/10\/2026\/03\/EL_eLogiq-2.png\" \/>\n\t<meta property=\"og:image:width\" content=\"1024\" \/>\n\t<meta property=\"og:image:height\" content=\"683\" \/>\n\t<meta property=\"og:image:type\" content=\"image\/png\" \/>\n<meta name=\"twitter:card\" content=\"summary_large_image\" \/>\n<meta name=\"twitter:label1\" content=\"Ansl. lesetid\" \/>\n\t<meta name=\"twitter:data1\" content=\"3 minutter\" \/>\n<script type=\"application\/ld+json\" class=\"yoast-schema-graph\">{\"@context\":\"https:\/\/schema.org\",\"@graph\":[{\"@type\":\"WebPage\",\"@id\":\"https:\/\/www.elementlogic.net\/no\/losninger-og-tjenester\/customer-success\/opplaering-og-utvikling\/\",\"url\":\"https:\/\/www.elementlogic.net\/no\/losninger-og-tjenester\/customer-success\/opplaering-og-utvikling\/\",\"name\":\"Oppl\u00e6ring og utvikling | Element Logic Norway\",\"isPartOf\":{\"@id\":\"https:\/\/www.elementlogic.net\/no\/#website\"},\"primaryImageOfPage\":{\"@id\":\"https:\/\/www.elementlogic.net\/no\/losninger-og-tjenester\/customer-success\/opplaering-og-utvikling\/#primaryimage\"},\"image\":{\"@id\":\"https:\/\/www.elementlogic.net\/no\/losninger-og-tjenester\/customer-success\/opplaering-og-utvikling\/#primaryimage\"},\"thumbnailUrl\":\"https:\/\/www.elementlogic.net\/content\/uploads\/sites\/10\/2026\/03\/EL_eLogiq-2.png\",\"datePublished\":\"2026-03-26T10:35:36+00:00\",\"dateModified\":\"2026-03-26T10:39:56+00:00\",\"description\":\"Oppdag oppl\u00e6ring fra Element Logic som styrker teamets kompetanse, \u00f8ker tryggheten og maksimerer lagerytelsen over tid.\",\"breadcrumb\":{\"@id\":\"https:\/\/www.elementlogic.net\/no\/losninger-og-tjenester\/customer-success\/opplaering-og-utvikling\/#breadcrumb\"},\"inLanguage\":\"nb-NO\",\"potentialAction\":[{\"@type\":\"ReadAction\",\"target\":[\"https:\/\/www.elementlogic.net\/no\/losninger-og-tjenester\/customer-success\/opplaering-og-utvikling\/\"]}]},{\"@type\":\"ImageObject\",\"inLanguage\":\"nb-NO\",\"@id\":\"https:\/\/www.elementlogic.net\/no\/losninger-og-tjenester\/customer-success\/opplaering-og-utvikling\/#primaryimage\",\"url\":\"https:\/\/www.elementlogic.net\/content\/uploads\/sites\/10\/2026\/03\/EL_eLogiq-2.png\",\"contentUrl\":\"https:\/\/www.elementlogic.net\/content\/uploads\/sites\/10\/2026\/03\/EL_eLogiq-2.png\",\"width\":1024,\"height\":683,\"caption\":\"training\"},{\"@type\":\"BreadcrumbList\",\"@id\":\"https:\/\/www.elementlogic.net\/no\/losninger-og-tjenester\/customer-success\/opplaering-og-utvikling\/#breadcrumb\",\"itemListElement\":[{\"@type\":\"ListItem\",\"position\":1,\"name\":\"L\u00f8sninger og Tjenester\",\"item\":\"https:\/\/www.elementlogic.net\/no\/losninger-og-tjenester\/\"},{\"@type\":\"ListItem\",\"position\":2,\"name\":\"Customer Success\",\"item\":\"https:\/\/www.elementlogic.net\/no\/losninger-og-tjenester\/customer-success\/\"},{\"@type\":\"ListItem\",\"position\":3,\"name\":\"Oppl\u00e6ring og utvikling\"}]},{\"@type\":\"WebSite\",\"@id\":\"https:\/\/www.elementlogic.net\/no\/#website\",\"url\":\"https:\/\/www.elementlogic.net\/no\/\",\"name\":\"Element Logic Norway\",\"description\":\"\",\"alternateName\":\"Element Logic\",\"potentialAction\":[{\"@type\":\"SearchAction\",\"target\":{\"@type\":\"EntryPoint\",\"urlTemplate\":\"https:\/\/www.elementlogic.net\/no\/?s={search_term_string}\"},\"query-input\":{\"@type\":\"PropertyValueSpecification\",\"valueRequired\":true,\"valueName\":\"search_term_string\"}}],\"inLanguage\":\"nb-NO\"}]}<\/script>\n<!-- \/ Yoast SEO Premium plugin. -->","yoast_head_json":{"title":"Oppl\u00e6ring og utvikling | Element Logic Norway","description":"Oppdag oppl\u00e6ring fra Element Logic som styrker teamets kompetanse, \u00f8ker tryggheten og maksimerer lagerytelsen over tid.","robots":{"index":"index","follow":"follow","max-snippet":"max-snippet:-1","max-image-preview":"max-image-preview:large","max-video-preview":"max-video-preview:-1"},"canonical":"https:\/\/www.elementlogic.net\/no\/losninger-og-tjenester\/customer-success\/opplaering-og-utvikling\/","og_locale":"nb_NO","og_type":"article","og_title":"Oppl\u00e6ring og utvikling","og_description":"Oppdag oppl\u00e6ring fra Element Logic som styrker teamets kompetanse, \u00f8ker tryggheten og maksimerer lagerytelsen over tid.","og_url":"https:\/\/www.elementlogic.net\/no\/losninger-og-tjenester\/customer-success\/opplaering-og-utvikling\/","og_site_name":"Element Logic Norway","article_modified_time":"2026-03-26T10:39:56+00:00","og_image":[{"width":1024,"height":683,"url":"https:\/\/www.elementlogic.net\/content\/uploads\/sites\/10\/2026\/03\/EL_eLogiq-2.png","type":"image\/png"}],"twitter_card":"summary_large_image","twitter_misc":{"Ansl. lesetid":"3 minutter"},"schema":{"@context":"https:\/\/schema.org","@graph":[{"@type":"WebPage","@id":"https:\/\/www.elementlogic.net\/no\/losninger-og-tjenester\/customer-success\/opplaering-og-utvikling\/","url":"https:\/\/www.elementlogic.net\/no\/losninger-og-tjenester\/customer-success\/opplaering-og-utvikling\/","name":"Oppl\u00e6ring og utvikling | Element Logic Norway","isPartOf":{"@id":"https:\/\/www.elementlogic.net\/no\/#website"},"primaryImageOfPage":{"@id":"https:\/\/www.elementlogic.net\/no\/losninger-og-tjenester\/customer-success\/opplaering-og-utvikling\/#primaryimage"},"image":{"@id":"https:\/\/www.elementlogic.net\/no\/losninger-og-tjenester\/customer-success\/opplaering-og-utvikling\/#primaryimage"},"thumbnailUrl":"https:\/\/www.elementlogic.net\/content\/uploads\/sites\/10\/2026\/03\/EL_eLogiq-2.png","datePublished":"2026-03-26T10:35:36+00:00","dateModified":"2026-03-26T10:39:56+00:00","description":"Oppdag oppl\u00e6ring fra Element Logic som styrker teamets kompetanse, \u00f8ker tryggheten og maksimerer lagerytelsen over tid.","breadcrumb":{"@id":"https:\/\/www.elementlogic.net\/no\/losninger-og-tjenester\/customer-success\/opplaering-og-utvikling\/#breadcrumb"},"inLanguage":"nb-NO","potentialAction":[{"@type":"ReadAction","target":["https:\/\/www.elementlogic.net\/no\/losninger-og-tjenester\/customer-success\/opplaering-og-utvikling\/"]}]},{"@type":"ImageObject","inLanguage":"nb-NO","@id":"https:\/\/www.elementlogic.net\/no\/losninger-og-tjenester\/customer-success\/opplaering-og-utvikling\/#primaryimage","url":"https:\/\/www.elementlogic.net\/content\/uploads\/sites\/10\/2026\/03\/EL_eLogiq-2.png","contentUrl":"https:\/\/www.elementlogic.net\/content\/uploads\/sites\/10\/2026\/03\/EL_eLogiq-2.png","width":1024,"height":683,"caption":"training"},{"@type":"BreadcrumbList","@id":"https:\/\/www.elementlogic.net\/no\/losninger-og-tjenester\/customer-success\/opplaering-og-utvikling\/#breadcrumb","itemListElement":[{"@type":"ListItem","position":1,"name":"L\u00f8sninger og Tjenester","item":"https:\/\/www.elementlogic.net\/no\/losninger-og-tjenester\/"},{"@type":"ListItem","position":2,"name":"Customer Success","item":"https:\/\/www.elementlogic.net\/no\/losninger-og-tjenester\/customer-success\/"},{"@type":"ListItem","position":3,"name":"Oppl\u00e6ring og utvikling"}]},{"@type":"WebSite","@id":"https:\/\/www.elementlogic.net\/no\/#website","url":"https:\/\/www.elementlogic.net\/no\/","name":"Element Logic Norway","description":"","alternateName":"Element Logic","potentialAction":[{"@type":"SearchAction","target":{"@type":"EntryPoint","urlTemplate":"https:\/\/www.elementlogic.net\/no\/?s={search_term_string}"},"query-input":{"@type":"PropertyValueSpecification","valueRequired":true,"valueName":"search_term_string"}}],"inLanguage":"nb-NO"}]}},"_links":{"self":[{"href":"https:\/\/www.elementlogic.net\/no\/wp-json\/wp\/v2\/pages\/22106"}],"collection":[{"href":"https:\/\/www.elementlogic.net\/no\/wp-json\/wp\/v2\/pages"}],"about":[{"href":"https:\/\/www.elementlogic.net\/no\/wp-json\/wp\/v2\/types\/page"}],"author":[{"embeddable":true,"href":"https:\/\/www.elementlogic.net\/no\/wp-json\/wp\/v2\/users\/2"}],"replies":[{"embeddable":true,"href":"https:\/\/www.elementlogic.net\/no\/wp-json\/wp\/v2\/comments?post=22106"}],"version-history":[{"count":5,"href":"https:\/\/www.elementlogic.net\/no\/wp-json\/wp\/v2\/pages\/22106\/revisions"}],"predecessor-version":[{"id":22764,"href":"https:\/\/www.elementlogic.net\/no\/wp-json\/wp\/v2\/pages\/22106\/revisions\/22764"}],"up":[{"embeddable":true,"href":"https:\/\/www.elementlogic.net\/no\/wp-json\/wp\/v2\/pages\/22098"}],"wp:featuredmedia":[{"embeddable":true,"href":"https:\/\/www.elementlogic.net\/no\/wp-json\/wp\/v2\/media\/22368"}],"wp:attachment":[{"href":"https:\/\/www.elementlogic.net\/no\/wp-json\/wp\/v2\/media?parent=22106"}],"curies":[{"name":"wp","href":"https:\/\/api.w.org\/{rel}","templated":true}]}}