{"id":22108,"date":"2026-03-26T10:23:38","date_gmt":"2026-03-26T10:23:38","guid":{"rendered":"https:\/\/www.elementlogic.net\/no\/?page_id=22108"},"modified":"2026-03-26T10:23:38","modified_gmt":"2026-03-26T10:23:38","slug":"element-logic-managed-services","status":"publish","type":"page","link":"https:\/\/www.elementlogic.net\/no\/losninger-og-tjenester\/element-logic-managed-services\/","title":{"rendered":"Element Logic Managed Services"},"content":{"rendered":"\n\t\t<div style=\"--dekode-hero-dim:0.5; --t2-icon-fill:var(--wp--preset--color--white);\" class=\"alignfull dekode-hero-content-position-center has-media-background wp-block-dekode-hero has-text-color has-white-color\">\n\t\t\t<img loading=\"lazy\" decoding=\"async\" width=\"1024\" height=\"426\" src=\"https:\/\/www.elementlogic.net\/content\/uploads\/sites\/10\/2026\/03\/Wallpaper-11-scaled-1-1024x426.jpg\" class=\"dekode-hero__image\" alt=\"Element Logic Managed Services\" style=\"--focalpoint: 50% 50%;\" srcset=\"https:\/\/www.elementlogic.net\/content\/uploads\/sites\/10\/2026\/03\/Wallpaper-11-scaled-1-1024x426.jpg 1024w, https:\/\/www.elementlogic.net\/content\/uploads\/sites\/10\/2026\/03\/Wallpaper-11-scaled-1-300x125.jpg 300w, https:\/\/www.elementlogic.net\/content\/uploads\/sites\/10\/2026\/03\/Wallpaper-11-scaled-1-768x320.jpg 768w, https:\/\/www.elementlogic.net\/content\/uploads\/sites\/10\/2026\/03\/Wallpaper-11-scaled-1-1536x640.jpg 1536w, https:\/\/www.elementlogic.net\/content\/uploads\/sites\/10\/2026\/03\/Wallpaper-11-scaled-1-2048x853.jpg 2048w\" sizes=\"(max-width: 1024px) 100vw, 1024px\" \/>\n\t\t\t<div class=\"dekode-hero__content\">\n\t\t\t\t<div class=\"dekode-hero__container\">\n\t\t\t\t\t\n\n<h1 class=\"wp-block-heading\" id=\"h-element-logic-managed-services\">Element Logic Managed Services<\/h1>\n\n\n<p class=\"t2-ingress wp-block-t2-ingress\">Fjern bekymringen rundt IT-h\u00e5ndtering og \u00f8k lagerets effektivitet med Element Logic Managed Services &#8211; din partner for p\u00e5litelig, skalerbar og kostnadseffektiv IT-infrastruktur, enten den er i skyen eller on-premise.<\/p>\n\n\t\t\t\t<\/div>\n\t\t\t<\/div>\n\t\t<\/div>\n\t\t\n\n\n<h2 class=\"wp-block-heading\" id=\"h-legg-it-kompleksiteten-bak-deg\">Legg IT-kompleksiteten bak deg<\/h2>\n\n\n\n<p>\u00c5 h\u00e5ndtere IT-infrastruktur for AutoStore og lagersystemer kan v\u00e6re krevende og kostbart. Vedlikehold av maskinvare, sikkerhetskopiering og sikkerhet krever tid og ekspertise &#8211; og tar ofte fokus bort fra kjernevirksomheten.<br><br><strong>Element Logic Managed Services <\/strong>tar over ansvaret for \u00e5 holde lagersystemene dine i drift, enten du vil at vi skal hoste dem i skyen eller administrere dem i din eksisterende infrastruktur.<br><br>V\u00e5re sertifiserte ingeni\u00f8rer h\u00e5ndterer oppsett, konfigurering, overv\u00e5king og oppdateringer &#8211; slik at systemene dine forblir sikre, compliant og yter sitt beste, mens du kan holde fokus p\u00e5 lagerytelse.<\/p>\n\n\n\n\t\t<div class=\"alignwide is-mode-constrained is-gap-center wp-block-t2-simple-media-text   \">\n\t\t\t<div class=\"t2-simple-media-text__container\">\n\t\t\t\t<div class=\"t2-simple-media-text__image\"><img loading=\"lazy\" decoding=\"async\" width=\"768\" height=\"366\" src=\"https:\/\/www.elementlogic.net\/content\/uploads\/sites\/10\/2026\/03\/image-101-1-768x366.png\" class=\"\" alt=\"Element Logic Managed Services\" style=\"--focalpoint: 50% 50%;\" srcset=\"https:\/\/www.elementlogic.net\/content\/uploads\/sites\/10\/2026\/03\/image-101-1-768x366.png 768w, https:\/\/www.elementlogic.net\/content\/uploads\/sites\/10\/2026\/03\/image-101-1-300x143.png 300w, https:\/\/www.elementlogic.net\/content\/uploads\/sites\/10\/2026\/03\/image-101-1-1024x488.png 1024w, https:\/\/www.elementlogic.net\/content\/uploads\/sites\/10\/2026\/03\/image-101-1.png 1500w\" sizes=\"(max-width: 768px) 100vw, 768px\" \/><\/div>\n\t\t\t\t<div class=\"t2-simple-media-text__content-container\">\n\t\t\t\t\t<div class=\"t2-simple-media-text__content\">\n\t\t\t\t\t\t<div class=\"t2-simple-media-text__content-inner\">\n\t\t\t\t\t\t\t\n\n<h3 class=\"wp-block-heading\" id=\"h-managed-service-cloud\"><strong>Managed Service Cloud<\/strong><\/h3>\n\n\n\n<p>Element Logic leverer og drifter hele IT-milj\u00f8et &#8211; servere, databaser, nettverk, sikkerhet og sikkerhetskopier &#8211; p\u00e5 Amazon Web Services (AWS) i 37 globale regioner.<br><br>Hver kunde har en dedikert, privat sky som er sikkert koblet til lageret via VPN.<br><br>Vi h\u00e5ndterer alt end-to-end: infrastruktur, programvaremilj\u00f8er, redundans og gjenoppretting &#8211; noe som sikrer oppetid, skalerbarhet og compliance uten lokal IT-innsats.<\/p>\n\n\n\n<p><\/p>\n\n\n\t\t\t\t\t\t<\/div>\n\t\t\t\t\t<\/div>\n\t\t\t\t<\/div>\n\t\t\t<\/div>\n\t\t<\/div>\n\t\t\n\n\n\t\t<div class=\"alignwide is-mode-constrained is-gap-center has-media-on-the-right wp-block-t2-simple-media-text   \">\n\t\t\t<div class=\"t2-simple-media-text__container\">\n\t\t\t\t<div class=\"t2-simple-media-text__image\"><img loading=\"lazy\" decoding=\"async\" width=\"768\" height=\"512\" src=\"https:\/\/www.elementlogic.net\/content\/uploads\/sites\/10\/2026\/03\/image-128-2-768x512.png\" class=\"\" alt=\"Element Logic Managed Services\" style=\"--focalpoint: 50% 50%;\" srcset=\"https:\/\/www.elementlogic.net\/content\/uploads\/sites\/10\/2026\/03\/image-128-2-768x512.png 768w, https:\/\/www.elementlogic.net\/content\/uploads\/sites\/10\/2026\/03\/image-128-2-300x200.png 300w, https:\/\/www.elementlogic.net\/content\/uploads\/sites\/10\/2026\/03\/image-128-2-1024x683.png 1024w, https:\/\/www.elementlogic.net\/content\/uploads\/sites\/10\/2026\/03\/image-128-2-1536x1024.png 1536w, https:\/\/www.elementlogic.net\/content\/uploads\/sites\/10\/2026\/03\/image-128-2.png 2048w\" sizes=\"(max-width: 768px) 100vw, 768px\" \/><\/div>\n\t\t\t\t<div class=\"t2-simple-media-text__content-container\">\n\t\t\t\t\t<div class=\"t2-simple-media-text__content\">\n\t\t\t\t\t\t<div class=\"t2-simple-media-text__content-inner\">\n\t\t\t\t\t\t\t\n\n<h3 class=\"wp-block-heading\" id=\"h-managed-service-on-prem-nbsp\"><strong>Managed Service On-Prem<\/strong>&nbsp;<\/h3>\n\n\n\n<p>Kunden leverer og vedlikeholder den fysiske maskinvaren, lagringen og str\u00f8mforsyningen p\u00e5 stedet.<br><br>Element Logic h\u00e5ndterer systemene og applikasjonene som kj\u00f8rer p\u00e5 disse virtuelle maskinene &#8211; inkludert operativsystemer, databaser, konfigurasjoner og oppdateringer.<br><br>Vi s\u00f8rger for at den eksisterende infrastrukturen din fungerer effektivt og forblir tilpasset kravene i Element Logic-programvaren.<br>Niv\u00e5et p\u00e5 tilgjengelighet og redundans, samt backupl\u00f8sninger, forblir kundens valg.<\/p>\n\n\n\n<p><\/p>\n\n\n\t\t\t\t\t\t<\/div>\n\t\t\t\t\t<\/div>\n\t\t\t\t<\/div>\n\t\t\t<\/div>\n\t\t<\/div>\n\t\t\n\n\n<h2 class=\"wp-block-heading\" id=\"h-palitelig-nettverksoppsett-og-resiliens\"><strong>P\u00e5litelig nettverksoppsett og resiliens<\/strong><\/h2>\n\n\n\n<p>Vi s\u00f8rger for at hvert managed setup er bygget for resiliens og kontinuitet:<\/p>\n\n\n\n<ul class=\"wp-block-list\">\n<li>Kontinuerlig systemoverv\u00e5king med verkt\u00f8y for h\u00f8y tilgjengelighet\u00a0<\/li>\n<\/ul>\n\n\n\n<ul class=\"wp-block-list\">\n<li>Automatiserte datasikkerhetskopier, versjonering og gjenopprettingsrutiner for skyen\u00a0<\/li>\n<\/ul>\n\n\n\n<ul class=\"wp-block-list\">\n<li>Redundante VPN-tunneler og failover-tilkobling for skyen<\/li>\n<\/ul>\n\n\n\n<ul class=\"wp-block-list\">\n<li>Regelmessig sikkerhetsherding og systemoppdateringer\u00a0<\/li>\n<\/ul>\n\n\n\n<ul class=\"wp-block-list\">\n<li>Sikker fjernaksess og support gjennom Element Service Platform (ESP)\u00a0<\/li>\n<\/ul>\n\n\n\n<p>Teamet v\u00e5rt overv\u00e5ker systemhelsen d\u00f8gnet rundt og handler proaktivt for \u00e5 l\u00f8se potensielle problemer f\u00f8r de p\u00e5virker virksomheten din.\u00a0<\/p>\n\n\n<div class=\"t2-accordion wp-block-t2-accordion\" data-allow-multiple=\"1\">\n<div class=\"t2-accordion-item wp-block-t2-accordion-item\">\t<h3 class=\"t2-accordion-title\">\n\t\t<button\n\t\t\taria-controls=\"accordion-panel\"\n\t\t\taria-expanded=\"false\"\n\t\t\tclass=\"t2-accordion-trigger\"\n\t\t\tid=\"viktige-fordeler\u00a0\"\n\t\t\ttype=\"button\"\n\t\t>\n\t\t\tViktige fordeler\u00a0\t\t\t<span class=\"t2-accordion-icon is-closed-icon\">\n\t\t\t\t<svg xmlns=\"http:\/\/www.w3.org\/2000\/svg\" viewBox=\"0 0 24 24\" height=\"24\" width=\"24\" class=\"t2-icon t2-icon-theme_plus\" aria-hidden=\"true\" focusable=\"false\"><path d=\"M11.25 12.75H6.25C6.0375 12.75 5.85942 12.6781 5.71575 12.5342C5.57192 12.3904 5.5 12.2122 5.5 11.9997C5.5 11.7871 5.57192 11.609 5.71575 11.4655C5.85942 11.3218 6.0375 11.25 6.25 11.25H11.25V6.25C11.25 6.0375 11.3219 5.85942 11.4658 5.71575C11.6096 5.57192 11.7878 5.5 12.0003 5.5C12.2129 5.5 12.391 5.57192 12.5345 5.71575C12.6782 5.85942 12.75 6.0375 12.75 6.25V11.25H17.75C17.9625 11.25 18.1406 11.3219 18.2843 11.4658C18.4281 11.6096 18.5 11.7878 18.5 12.0003C18.5 12.2129 18.4281 12.391 18.2843 12.5345C18.1406 12.6782 17.9625 12.75 17.75 12.75H12.75V17.75C12.75 17.9625 12.6781 18.1406 12.5342 18.2843C12.3904 18.4281 12.2122 18.5 11.9997 18.5C11.7871 18.5 11.609 18.4281 11.4655 18.2843C11.3218 18.1406 11.25 17.9625 11.25 17.75V12.75Z\" fill=\"var(--t2-icon-fill, #000)\"\/><\/svg>\t\t\t<\/span>\n\t\t\t<span class=\"t2-accordion-icon is-open-icon\">\n\t\t\t\t<svg xmlns=\"http:\/\/www.w3.org\/2000\/svg\" viewBox=\"0 0 24 24\" height=\"24\" width=\"24\" class=\"t2-icon t2-icon-theme_minus\" aria-hidden=\"true\" focusable=\"false\"><path d=\"M6.25 12.75C6.0375 12.75 5.85942 12.6781 5.71575 12.5342C5.57192 12.3904 5.5 12.2122 5.5 11.9997C5.5 11.7871 5.57192 11.609 5.71575 11.4655C5.85942 11.3218 6.0375 11.25 6.25 11.25H17.75C17.9625 11.25 18.1406 11.3219 18.2843 11.4658C18.4281 11.6096 18.5 11.7878 18.5 12.0003C18.5 12.2129 18.4281 12.391 18.2843 12.5345C18.1406 12.6782 17.9625 12.75 17.75 12.75H6.25Z\" fill=\"var(--t2-icon-fill, #1C1B1F)\"\/><\/svg>\t\t\t<\/span>\n\t\t<\/button>\n\t<\/h3>\n\t\t<div\n\t\taria-labelledby=\"viktige-fordeler\u00a0\"\n\t\tclass=\"t2-accordion-item__inner-container\"\n\t\tid=\"accordion-panel\"\n\t\trole=\"region\"\n\t\thidden\t>\n\t\t\n\n<ul class=\"wp-block-list\">\n<li><strong>Forenklet IT: <\/strong>La ekspertene v\u00e5re h\u00e5ndtere driften mens du fokuserer p\u00e5 lagerytelse.\u00a0<\/li>\n<\/ul>\n\n\n\n<ul class=\"wp-block-list\">\n<li><strong>Forutsigbare kostnader: <\/strong>G\u00e5 fra uforutsigbar CAPEX til transparent, tjenestebasert prising.\u00a0<\/li>\n<\/ul>\n\n\n\n<ul class=\"wp-block-list\">\n<li><strong>Ekspertise ved behov: <\/strong>F\u00e5 tilgang til sertifiserte system- og skyingeni\u00f8rer spesialisert p\u00e5 lager-IT.<\/li>\n<\/ul>\n\n\n\n<ul class=\"wp-block-list\">\n<li><strong>P\u00e5litelighet og sikkerhet:<\/strong> St\u00f8ttet av overv\u00e5king 24\/7, automatiserte sikkerhetskopier og GDPR-compliant datah\u00e5ndtering.\u00a0<\/li>\n<\/ul>\n\n\n\n<ul class=\"wp-block-list\">\n<li><strong>Skalerbarhet: <\/strong>Utvid enkelt eller integrer nye Element Logic-applikasjoner etter hvert som virksomheten vokser.<\/li>\n<\/ul>\n\n\n\n<ul class=\"wp-block-list\">\n<li><strong>Trygghet: <\/strong>Enten systemene hostes av oss eller administreres p\u00e5 din maskinvare, er de i trygge hender.\u00a0<\/li>\n<\/ul>\n\n\t<\/div>\n\t<\/div>\n\n<div class=\"t2-accordion-item wp-block-t2-accordion-item\">\t<h2 class=\"t2-accordion-title\">\n\t\t<button\n\t\t\taria-controls=\"accordion-panel-1\"\n\t\t\taria-expanded=\"false\"\n\t\t\tclass=\"t2-accordion-trigger\"\n\t\t\tid=\"hva-du-kan-forvente\u00a0\"\n\t\t\ttype=\"button\"\n\t\t>\n\t\t\tHva du kan forvente\u00a0\t\t\t<span class=\"t2-accordion-icon is-closed-icon\">\n\t\t\t\t<svg xmlns=\"http:\/\/www.w3.org\/2000\/svg\" viewBox=\"0 0 24 24\" height=\"24\" width=\"24\" class=\"t2-icon t2-icon-theme_plus\" aria-hidden=\"true\" focusable=\"false\"><path d=\"M11.25 12.75H6.25C6.0375 12.75 5.85942 12.6781 5.71575 12.5342C5.57192 12.3904 5.5 12.2122 5.5 11.9997C5.5 11.7871 5.57192 11.609 5.71575 11.4655C5.85942 11.3218 6.0375 11.25 6.25 11.25H11.25V6.25C11.25 6.0375 11.3219 5.85942 11.4658 5.71575C11.6096 5.57192 11.7878 5.5 12.0003 5.5C12.2129 5.5 12.391 5.57192 12.5345 5.71575C12.6782 5.85942 12.75 6.0375 12.75 6.25V11.25H17.75C17.9625 11.25 18.1406 11.3219 18.2843 11.4658C18.4281 11.6096 18.5 11.7878 18.5 12.0003C18.5 12.2129 18.4281 12.391 18.2843 12.5345C18.1406 12.6782 17.9625 12.75 17.75 12.75H12.75V17.75C12.75 17.9625 12.6781 18.1406 12.5342 18.2843C12.3904 18.4281 12.2122 18.5 11.9997 18.5C11.7871 18.5 11.609 18.4281 11.4655 18.2843C11.3218 18.1406 11.25 17.9625 11.25 17.75V12.75Z\" fill=\"var(--t2-icon-fill, #000)\"\/><\/svg>\t\t\t<\/span>\n\t\t\t<span class=\"t2-accordion-icon is-open-icon\">\n\t\t\t\t<svg xmlns=\"http:\/\/www.w3.org\/2000\/svg\" viewBox=\"0 0 24 24\" height=\"24\" width=\"24\" class=\"t2-icon t2-icon-theme_minus\" aria-hidden=\"true\" focusable=\"false\"><path d=\"M6.25 12.75C6.0375 12.75 5.85942 12.6781 5.71575 12.5342C5.57192 12.3904 5.5 12.2122 5.5 11.9997C5.5 11.7871 5.57192 11.609 5.71575 11.4655C5.85942 11.3218 6.0375 11.25 6.25 11.25H17.75C17.9625 11.25 18.1406 11.3219 18.2843 11.4658C18.4281 11.6096 18.5 11.7878 18.5 12.0003C18.5 12.2129 18.4281 12.391 18.2843 12.5345C18.1406 12.6782 17.9625 12.75 17.75 12.75H6.25Z\" fill=\"var(--t2-icon-fill, #1C1B1F)\"\/><\/svg>\t\t\t<\/span>\n\t\t<\/button>\n\t<\/h2>\n\t\t<div\n\t\taria-labelledby=\"hva-du-kan-forvente\u00a0\"\n\t\tclass=\"t2-accordion-item__inner-container\"\n\t\tid=\"accordion-panel-1\"\n\t\trole=\"region\"\n\t\thidden\t>\n\t\t\n\n<ul class=\"wp-block-list\">\n<li><strong>Always-On Support: <\/strong>Service desk 24\/7 for overv\u00e5king, feils\u00f8king og teknisk veiledning.<\/li>\n<\/ul>\n\n\n\n<ul class=\"wp-block-list\">\n<li><strong>Transparente avtaler:<\/strong> Ett \u00e5rs minimumsperiode med automatisk fornyelse og ingen skjulte avgifter.\u00a0<\/li>\n<\/ul>\n\n\n\n<ul class=\"wp-block-list\">\n<li><strong>Smidig onboarding:<\/strong> Tydelige tekniske krav, veiledet integrasjon og standardisert oppsett.\u00a0<\/li>\n<\/ul>\n\n\n\n<ul class=\"wp-block-list\">\n<li><strong>Proaktivt vedlikehold: <\/strong>Regelmessige kontroller av systemhelse og oppdateringer for \u00e5 holde lageret i gang uten avbrudd.<\/li>\n<\/ul>\n\n\t<\/div>\n\t<\/div>\n\n<div class=\"t2-accordion-item wp-block-t2-accordion-item\">\t<h2 class=\"t2-accordion-title\">\n\t\t<button\n\t\t\taria-controls=\"accordion-panel-2\"\n\t\t\taria-expanded=\"false\"\n\t\t\tclass=\"t2-accordion-trigger\"\n\t\t\tid=\"hvem-er-det-for?\u00a0\"\n\t\t\ttype=\"button\"\n\t\t>\n\t\t\tHvem er det for?\u00a0\t\t\t<span class=\"t2-accordion-icon is-closed-icon\">\n\t\t\t\t<svg xmlns=\"http:\/\/www.w3.org\/2000\/svg\" viewBox=\"0 0 24 24\" height=\"24\" width=\"24\" class=\"t2-icon t2-icon-theme_plus\" aria-hidden=\"true\" focusable=\"false\"><path d=\"M11.25 12.75H6.25C6.0375 12.75 5.85942 12.6781 5.71575 12.5342C5.57192 12.3904 5.5 12.2122 5.5 11.9997C5.5 11.7871 5.57192 11.609 5.71575 11.4655C5.85942 11.3218 6.0375 11.25 6.25 11.25H11.25V6.25C11.25 6.0375 11.3219 5.85942 11.4658 5.71575C11.6096 5.57192 11.7878 5.5 12.0003 5.5C12.2129 5.5 12.391 5.57192 12.5345 5.71575C12.6782 5.85942 12.75 6.0375 12.75 6.25V11.25H17.75C17.9625 11.25 18.1406 11.3219 18.2843 11.4658C18.4281 11.6096 18.5 11.7878 18.5 12.0003C18.5 12.2129 18.4281 12.391 18.2843 12.5345C18.1406 12.6782 17.9625 12.75 17.75 12.75H12.75V17.75C12.75 17.9625 12.6781 18.1406 12.5342 18.2843C12.3904 18.4281 12.2122 18.5 11.9997 18.5C11.7871 18.5 11.609 18.4281 11.4655 18.2843C11.3218 18.1406 11.25 17.9625 11.25 17.75V12.75Z\" fill=\"var(--t2-icon-fill, #000)\"\/><\/svg>\t\t\t<\/span>\n\t\t\t<span class=\"t2-accordion-icon is-open-icon\">\n\t\t\t\t<svg xmlns=\"http:\/\/www.w3.org\/2000\/svg\" viewBox=\"0 0 24 24\" height=\"24\" width=\"24\" class=\"t2-icon t2-icon-theme_minus\" aria-hidden=\"true\" focusable=\"false\"><path d=\"M6.25 12.75C6.0375 12.75 5.85942 12.6781 5.71575 12.5342C5.57192 12.3904 5.5 12.2122 5.5 11.9997C5.5 11.7871 5.57192 11.609 5.71575 11.4655C5.85942 11.3218 6.0375 11.25 6.25 11.25H17.75C17.9625 11.25 18.1406 11.3219 18.2843 11.4658C18.4281 11.6096 18.5 11.7878 18.5 12.0003C18.5 12.2129 18.4281 12.391 18.2843 12.5345C18.1406 12.6782 17.9625 12.75 17.75 12.75H6.25Z\" fill=\"var(--t2-icon-fill, #1C1B1F)\"\/><\/svg>\t\t\t<\/span>\n\t\t<\/button>\n\t<\/h2>\n\t\t<div\n\t\taria-labelledby=\"hvem-er-det-for?\u00a0\"\n\t\tclass=\"t2-accordion-item__inner-container\"\n\t\tid=\"accordion-panel-2\"\n\t\trole=\"region\"\n\t\thidden\t>\n\t\t\n\n<ul class=\"wp-block-list\">\n<li><strong>Virksomheter med eksisterende IT-infrastruktur<\/strong> som vil at Element Logic skal administrere deres virtuelle milj\u00f8.\u00a0<\/li>\n<\/ul>\n\n\n\n<ul class=\"wp-block-list\">\n<li><strong>Voksende virksomheter<\/strong> som foretrekker en n\u00f8kkelferdig skyl\u00f8sning uten maskinvareh\u00e5ndtering.<\/li>\n<\/ul>\n\n\n\n<ul class=\"wp-block-list\">\n<li><strong>Drifts- og IT-ledere<\/strong> som s\u00f8ker stabil, skalerbar infrastruktur med minimal\u00a0\u00a0<\/li>\n<\/ul>\n\n\t<\/div>\n\t<\/div>\n<\/div>\n\n\n\t\t<div class=\"wp-block-dekode-simple-cta\">\n\t\t\t<div class=\"dekode-simple-cta__inner\">\n\n<h3 class=\"wp-block-heading\" id=\"klar-til-a-redusere-it-belastningen-og-oke-lagerytelsen\">Klar til \u00e5 redusere IT-belastningen og \u00f8ke lagerytelsen?<\/h3>\n\n\n\n<div class=\"wp-block-buttons is-layout-flex wp-block-buttons-is-layout-flex\">\n<div class=\"wp-block-button has-icon has-icon-theme_arrow\"><a class=\"wp-block-button__link wp-element-button\" href=\"https:\/\/www.elementlogic.net\/no\/book-gratis-konsultasjon\/\">Kontakt oss idag<svg xmlns=\"http:\/\/www.w3.org\/2000\/svg\" viewBox=\"0 0 24 24\" height=\"24\" width=\"24\" class=\"t2-icon t2-icon-theme_arrow\" aria-hidden=\"true\" focusable=\"false\"><path d=\"M16.627 12.75H5.25C5.03717 12.75 4.859 12.6782 4.7155 12.5345C4.57183 12.391 4.5 12.2128 4.5 12C4.5 11.7872 4.57183 11.609 4.7155 11.4655C4.859 11.3218 5.03717 11.25 5.25 11.25H16.627L11.4577 6.08076C11.3091 5.93209 11.2357 5.75809 11.2375 5.55876C11.2395 5.35942 11.318 5.18217 11.473 5.02701C11.6282 4.88217 11.8038 4.80717 12 4.80201C12.1962 4.79684 12.3718 4.87184 12.527 5.02701L18.8673 11.3673C18.9609 11.4609 19.0269 11.5597 19.0652 11.6635C19.1037 11.7673 19.123 11.8795 19.123 12C19.123 12.1205 19.1037 12.2327 19.0652 12.3365C19.0269 12.4403 18.9609 12.5391 18.8673 12.6328L12.527 18.973C12.3885 19.1115 12.217 19.1823 12.0125 19.1855C11.808 19.1887 11.6282 19.1178 11.473 18.973C11.318 18.8178 11.2405 18.6397 11.2405 18.4385C11.2405 18.2372 11.318 18.0589 11.473 17.9038L16.627 12.75Z\" fill=\"var(--t2-icon-fill, #000)\"\/><\/svg><\/a><\/div>\n<\/div>\n\n<\/div>\n\t\t<\/div>","protected":false},"excerpt":{"rendered":"<p>Legg IT-kompleksiteten bak deg \u00c5 h\u00e5ndtere IT-infrastruktur for AutoStore og lagersystemer kan v\u00e6re krevende og kostbart. Vedlikehold av maskinvare, sikkerhetskopiering [&hellip;]<\/p>\n","protected":false},"author":2,"featured_media":0,"parent":22048,"menu_order":0,"comment_status":"closed","ping_status":"closed","template":"","meta":{"hreflang_relation":0,"_el_cross_publish_source_blog_url":"","_el_cross_publish_source_blog_id":0,"_el_cross_publish_source_post_id":0,"_el_cross_publish_sync_state":"","exclude_from_search":false,"footnotes":""},"class_list":["post-22108","page","type-page","status-publish","hentry"],"yoast_head":"<!-- This site is optimized with the Yoast SEO Premium plugin v23.9 (Yoast SEO v23.9) - https:\/\/yoast.com\/wordpress\/plugins\/seo\/ -->\n<title>Element Logic Managed Services | Element Logic Norway<\/title>\n<meta name=\"description\" content=\"Oppdag Managed Services fra Element Logic for sikker, skalerbar og kostnadseffektiv IT-drift i skyen eller on-premise.\" \/>\n<meta name=\"robots\" content=\"index, follow, max-snippet:-1, max-image-preview:large, max-video-preview:-1\" \/>\n<link rel=\"canonical\" href=\"https:\/\/www.elementlogic.net\/no\/losninger-og-tjenester\/element-logic-managed-services\/\" \/>\n<meta property=\"og:locale\" content=\"nb_NO\" \/>\n<meta property=\"og:type\" content=\"article\" \/>\n<meta property=\"og:title\" content=\"Element Logic Managed Services\" \/>\n<meta property=\"og:description\" content=\"Oppdag Managed Services fra Element Logic for sikker, skalerbar og kostnadseffektiv IT-drift i skyen eller on-premise.\" \/>\n<meta property=\"og:url\" content=\"https:\/\/www.elementlogic.net\/no\/losninger-og-tjenester\/element-logic-managed-services\/\" \/>\n<meta property=\"og:site_name\" content=\"Element Logic Norway\" \/>\n<meta name=\"twitter:card\" content=\"summary_large_image\" \/>\n<meta name=\"twitter:label1\" content=\"Ansl. lesetid\" \/>\n\t<meta name=\"twitter:data1\" content=\"3 minutter\" \/>\n<script type=\"application\/ld+json\" class=\"yoast-schema-graph\">{\"@context\":\"https:\/\/schema.org\",\"@graph\":[{\"@type\":\"WebPage\",\"@id\":\"https:\/\/www.elementlogic.net\/no\/losninger-og-tjenester\/element-logic-managed-services\/\",\"url\":\"https:\/\/www.elementlogic.net\/no\/losninger-og-tjenester\/element-logic-managed-services\/\",\"name\":\"Element Logic Managed Services | Element Logic Norway\",\"isPartOf\":{\"@id\":\"https:\/\/www.elementlogic.net\/no\/#website\"},\"datePublished\":\"2026-03-26T10:23:38+00:00\",\"dateModified\":\"2026-03-26T10:23:38+00:00\",\"description\":\"Oppdag Managed Services fra Element Logic for sikker, skalerbar og kostnadseffektiv IT-drift i skyen eller on-premise.\",\"breadcrumb\":{\"@id\":\"https:\/\/www.elementlogic.net\/no\/losninger-og-tjenester\/element-logic-managed-services\/#breadcrumb\"},\"inLanguage\":\"nb-NO\",\"potentialAction\":[{\"@type\":\"ReadAction\",\"target\":[\"https:\/\/www.elementlogic.net\/no\/losninger-og-tjenester\/element-logic-managed-services\/\"]}]},{\"@type\":\"BreadcrumbList\",\"@id\":\"https:\/\/www.elementlogic.net\/no\/losninger-og-tjenester\/element-logic-managed-services\/#breadcrumb\",\"itemListElement\":[{\"@type\":\"ListItem\",\"position\":1,\"name\":\"L\u00f8sninger og Tjenester\",\"item\":\"https:\/\/www.elementlogic.net\/no\/losninger-og-tjenester\/\"},{\"@type\":\"ListItem\",\"position\":2,\"name\":\"Element Logic Managed Services\"}]},{\"@type\":\"WebSite\",\"@id\":\"https:\/\/www.elementlogic.net\/no\/#website\",\"url\":\"https:\/\/www.elementlogic.net\/no\/\",\"name\":\"Element Logic Norway\",\"description\":\"\",\"alternateName\":\"Element Logic\",\"potentialAction\":[{\"@type\":\"SearchAction\",\"target\":{\"@type\":\"EntryPoint\",\"urlTemplate\":\"https:\/\/www.elementlogic.net\/no\/?s={search_term_string}\"},\"query-input\":{\"@type\":\"PropertyValueSpecification\",\"valueRequired\":true,\"valueName\":\"search_term_string\"}}],\"inLanguage\":\"nb-NO\"}]}<\/script>\n<!-- \/ Yoast SEO Premium plugin. -->","yoast_head_json":{"title":"Element Logic Managed Services | Element Logic Norway","description":"Oppdag Managed Services fra Element Logic for sikker, skalerbar og kostnadseffektiv IT-drift i skyen eller on-premise.","robots":{"index":"index","follow":"follow","max-snippet":"max-snippet:-1","max-image-preview":"max-image-preview:large","max-video-preview":"max-video-preview:-1"},"canonical":"https:\/\/www.elementlogic.net\/no\/losninger-og-tjenester\/element-logic-managed-services\/","og_locale":"nb_NO","og_type":"article","og_title":"Element Logic Managed Services","og_description":"Oppdag Managed Services fra Element Logic for sikker, skalerbar og kostnadseffektiv IT-drift i skyen eller on-premise.","og_url":"https:\/\/www.elementlogic.net\/no\/losninger-og-tjenester\/element-logic-managed-services\/","og_site_name":"Element Logic Norway","twitter_card":"summary_large_image","twitter_misc":{"Ansl. lesetid":"3 minutter"},"schema":{"@context":"https:\/\/schema.org","@graph":[{"@type":"WebPage","@id":"https:\/\/www.elementlogic.net\/no\/losninger-og-tjenester\/element-logic-managed-services\/","url":"https:\/\/www.elementlogic.net\/no\/losninger-og-tjenester\/element-logic-managed-services\/","name":"Element Logic Managed Services | Element Logic Norway","isPartOf":{"@id":"https:\/\/www.elementlogic.net\/no\/#website"},"datePublished":"2026-03-26T10:23:38+00:00","dateModified":"2026-03-26T10:23:38+00:00","description":"Oppdag Managed Services fra Element Logic for sikker, skalerbar og kostnadseffektiv IT-drift i skyen eller on-premise.","breadcrumb":{"@id":"https:\/\/www.elementlogic.net\/no\/losninger-og-tjenester\/element-logic-managed-services\/#breadcrumb"},"inLanguage":"nb-NO","potentialAction":[{"@type":"ReadAction","target":["https:\/\/www.elementlogic.net\/no\/losninger-og-tjenester\/element-logic-managed-services\/"]}]},{"@type":"BreadcrumbList","@id":"https:\/\/www.elementlogic.net\/no\/losninger-og-tjenester\/element-logic-managed-services\/#breadcrumb","itemListElement":[{"@type":"ListItem","position":1,"name":"L\u00f8sninger og Tjenester","item":"https:\/\/www.elementlogic.net\/no\/losninger-og-tjenester\/"},{"@type":"ListItem","position":2,"name":"Element Logic Managed Services"}]},{"@type":"WebSite","@id":"https:\/\/www.elementlogic.net\/no\/#website","url":"https:\/\/www.elementlogic.net\/no\/","name":"Element Logic Norway","description":"","alternateName":"Element Logic","potentialAction":[{"@type":"SearchAction","target":{"@type":"EntryPoint","urlTemplate":"https:\/\/www.elementlogic.net\/no\/?s={search_term_string}"},"query-input":{"@type":"PropertyValueSpecification","valueRequired":true,"valueName":"search_term_string"}}],"inLanguage":"nb-NO"}]}},"_links":{"self":[{"href":"https:\/\/www.elementlogic.net\/no\/wp-json\/wp\/v2\/pages\/22108"}],"collection":[{"href":"https:\/\/www.elementlogic.net\/no\/wp-json\/wp\/v2\/pages"}],"about":[{"href":"https:\/\/www.elementlogic.net\/no\/wp-json\/wp\/v2\/types\/page"}],"author":[{"embeddable":true,"href":"https:\/\/www.elementlogic.net\/no\/wp-json\/wp\/v2\/users\/2"}],"replies":[{"embeddable":true,"href":"https:\/\/www.elementlogic.net\/no\/wp-json\/wp\/v2\/comments?post=22108"}],"version-history":[{"count":4,"href":"https:\/\/www.elementlogic.net\/no\/wp-json\/wp\/v2\/pages\/22108\/revisions"}],"predecessor-version":[{"id":22408,"href":"https:\/\/www.elementlogic.net\/no\/wp-json\/wp\/v2\/pages\/22108\/revisions\/22408"}],"up":[{"embeddable":true,"href":"https:\/\/www.elementlogic.net\/no\/wp-json\/wp\/v2\/pages\/22048"}],"wp:attachment":[{"href":"https:\/\/www.elementlogic.net\/no\/wp-json\/wp\/v2\/media?parent=22108"}],"curies":[{"name":"wp","href":"https:\/\/api.w.org\/{rel}","templated":true}]}}