{"id":22110,"date":"2026-03-25T16:40:14","date_gmt":"2026-03-25T16:40:14","guid":{"rendered":"https:\/\/www.elementlogic.net\/no\/?page_id=22110"},"modified":"2026-03-26T12:30:31","modified_gmt":"2026-03-26T12:30:31","slug":"element-logic-warehouse-software","status":"publish","type":"page","link":"https:\/\/www.elementlogic.net\/no\/losninger-og-tjenester\/element-logic-warehouse-software\/","title":{"rendered":"Element Logic Warehouse Software"},"content":{"rendered":"\n\t\t<div style=\"--dekode-hero-dim:0.5; --t2-icon-fill:var(--wp--preset--color--white);\" class=\"alignfull dekode-hero-content-position-center has-media-background wp-block-dekode-hero has-text-color has-white-color\">\n\t\t\t\t\t<video\n\t\t\tautoplay\n\t\t\tloop\n\t\t\tmuted\n\t\t\tplaysinline\n\t\t\tposter=\"\"\n\t\t\tsrc=\"https:\/\/www.elementlogic.net\/content\/uploads\/2024\/08\/software.mp4\">\n\t\t<\/video>\n\t\t\n\t\t\t<div class=\"dekode-hero__content\">\n\t\t\t\t<div class=\"dekode-hero__container\">\n\t\t\t\t\t\n\n<h1 class=\"wp-block-heading\" id=\"h-element-logic-warehouse-software\"><strong>Element Logic Warehouse Software<\/strong><\/h1>\n\n\n<p class=\"t2-ingress wp-block-t2-ingress\">Optimaliser hver prosess. Maksimer ytelsen din.<\/p>\n\n\t\t\t\t<\/div>\n\t\t\t<\/div>\n\t\t<\/div>\n\t\t\n\n\n<p>Dagens lagre er avhengige av datadrevet presisjon for \u00e5 forbli konkurransedyktige. Element Logics programvareportef\u00f8lje for lager kobler sammen hvert trinn i arbeidsflyten din &#8211; fra inbound til outbound &#8211; i ett intelligent system som \u00f8ker effektiviteten, n\u00f8yaktigheten og kontrollen.<br><br>Programvaretilbudet v\u00e5rt omfatter Warehouse Control Systems (WCS) og Warehouse Intelligence Software (eLogiq), og sikrer at mennesker, roboter og data opererer som ett optimalisert \u00f8kosystem.<\/p>\n\n\n\n\t\t<div class=\"alignwide is-mode-constrained is-gap-center has-media-on-the-right wp-block-t2-simple-media-text   \">\n\t\t\t<div class=\"t2-simple-media-text__container\">\n\t\t\t\t<div class=\"t2-simple-media-text__image\"><img loading=\"lazy\" decoding=\"async\" width=\"768\" height=\"721\" src=\"https:\/\/www.elementlogic.net\/content\/uploads\/sites\/10\/2026\/03\/emanager-solutions-1024x961-1-4-768x721.jpg\" class=\"\" alt=\"Element Logic Warehouse Software\" style=\"--focalpoint: 50% 50%;\" srcset=\"https:\/\/www.elementlogic.net\/content\/uploads\/sites\/10\/2026\/03\/emanager-solutions-1024x961-1-4-768x721.jpg 768w, https:\/\/www.elementlogic.net\/content\/uploads\/sites\/10\/2026\/03\/emanager-solutions-1024x961-1-4-300x282.jpg 300w, https:\/\/www.elementlogic.net\/content\/uploads\/sites\/10\/2026\/03\/emanager-solutions-1024x961-1-4.jpg 1024w\" sizes=\"(max-width: 768px) 100vw, 768px\" \/><\/div>\n\t\t\t\t<div class=\"t2-simple-media-text__content-container\">\n\t\t\t\t\t<div class=\"t2-simple-media-text__content\">\n\t\t\t\t\t\t<div class=\"t2-simple-media-text__content-inner\">\n\t\t\t\t\t\t\t\n\n<h3 class=\"wp-block-heading\" id=\"h-total-kontroll-gjennom-intelligent-koordinering\"><strong>Total kontroll gjennom intelligent koordinering<\/strong><\/h3>\n\n\n\n<p><br>V\u00e5re Warehouse Control Systems (WCS) sikrer s\u00f8ml\u00f8s koordinering mellom automatisert utstyr og manuelle oppgaver. Ved \u00e5 overv\u00e5ke, styre og synkronisere hver bevegelse i sanntid fungerer WCS som den operative ryggraden i det automatiserte lageret ditt.<\/p>\n\n\n\n<p><strong>Minimer nedetid. Maksimer flyten.<\/strong><\/p>\n\n\n\n<div class=\"wp-block-button\"><a class=\"wp-block-button__link wp-element-button\" href=\"https:\/\/www.elementlogic.net\/no\/losninger-og-tjenester\/element-logic-warehouse-software\/warehouse-control-systems-wcs\/\">Utforsk Warehouse Control Systems<\/a><\/div>\n\n\n\t\t\t\t\t\t<\/div>\n\t\t\t\t\t<\/div>\n\t\t\t\t<\/div>\n\t\t\t<\/div>\n\t\t<\/div>\n\t\t\n\n\n\t\t<div class=\"alignwide is-mode-constrained is-gap-center wp-block-t2-simple-media-text   \">\n\t\t\t<div class=\"t2-simple-media-text__container\">\n\t\t\t\t<div class=\"t2-simple-media-text__image\"><img loading=\"lazy\" decoding=\"async\" width=\"768\" height=\"512\" src=\"https:\/\/www.elementlogic.net\/content\/uploads\/sites\/10\/2026\/03\/image-128-2-1-768x512.png\" class=\"\" alt=\"Element Logic Warehouse Software\" style=\"--focalpoint: 50% 50%;\" srcset=\"https:\/\/www.elementlogic.net\/content\/uploads\/sites\/10\/2026\/03\/image-128-2-1-768x512.png 768w, https:\/\/www.elementlogic.net\/content\/uploads\/sites\/10\/2026\/03\/image-128-2-1-300x200.png 300w, https:\/\/www.elementlogic.net\/content\/uploads\/sites\/10\/2026\/03\/image-128-2-1-1024x683.png 1024w, https:\/\/www.elementlogic.net\/content\/uploads\/sites\/10\/2026\/03\/image-128-2-1-1536x1024.png 1536w, https:\/\/www.elementlogic.net\/content\/uploads\/sites\/10\/2026\/03\/image-128-2-1.png 2048w\" sizes=\"(max-width: 768px) 100vw, 768px\" \/><\/div>\n\t\t\t\t<div class=\"t2-simple-media-text__content-container\">\n\t\t\t\t\t<div class=\"t2-simple-media-text__content\">\n\t\t\t\t\t\t<div class=\"t2-simple-media-text__content-inner\">\n\t\t\t\t\t\t\t\n\n<h3 class=\"wp-block-heading\" id=\"h-smartere-beslutninger-med-warehouse-intelligence-software-elogiq\"><strong>Smartere beslutninger med Warehouse Intelligence Software (eLogiq)<\/strong><\/h3>\n\n\n\n<p><br><strong>Warehouse Intelligence Software (eLogiq)<\/strong> omgj\u00f8r lagerdata til handlingsrettet innsikt. Det gir sanntidsdashboards for ytelse, prediktiv analyse og systemanbefalinger som hjelper deg med kontinuerlig \u00e5 forbedre effektiviteten, redusere svinn og optimalisere bruken av arbeidskraft.<\/p>\n\n\n\n<p><strong>Minimer usikkerhet. Maksimer ytelse.<\/strong><\/p>\n\n\n\n<div class=\"wp-block-button\"><a class=\"wp-block-button__link wp-element-button\" href=\"https:\/\/www.elementlogic.net\/no\/losninger-og-tjenester\/element-logic-warehouse-software\/warehouse-intelligence-software\/\">Utforsk Warehouse Intelligence Software<\/a><\/div>\n\n\n\t\t\t\t\t\t<\/div>\n\t\t\t\t\t<\/div>\n\t\t\t\t<\/div>\n\t\t\t<\/div>\n\t\t<\/div>\n\t\t\n\n\n<p><\/p>\n","protected":false},"excerpt":{"rendered":"<p>Dagens lagre er avhengige av datadrevet presisjon for \u00e5 forbli konkurransedyktige. Element Logics programvareportef\u00f8lje for lager kobler sammen hvert trinn [&hellip;]<\/p>\n","protected":false},"author":2,"featured_media":0,"parent":22048,"menu_order":0,"comment_status":"closed","ping_status":"closed","template":"","meta":{"hreflang_relation":0,"_el_cross_publish_source_blog_url":"","_el_cross_publish_source_blog_id":0,"_el_cross_publish_source_post_id":0,"_el_cross_publish_sync_state":"","exclude_from_search":false,"footnotes":""},"class_list":["post-22110","page","type-page","status-publish","hentry"],"yoast_head":"<!-- This site is optimized with the Yoast SEO Premium plugin v23.9 (Yoast SEO v23.9) - https:\/\/yoast.com\/wordpress\/plugins\/seo\/ -->\n<title>Element Logic Warehouse Software | Element Logic Norway<\/title>\n<meta name=\"description\" content=\"Oppdag lagerprogramvare fra Element Logic som kobler sammen arbeidsflyt og optimaliserer effektivitet, kontroll og ytelse.\" \/>\n<meta name=\"robots\" content=\"index, follow, max-snippet:-1, max-image-preview:large, max-video-preview:-1\" \/>\n<link rel=\"canonical\" href=\"https:\/\/www.elementlogic.net\/no\/losninger-og-tjenester\/element-logic-warehouse-software\/\" \/>\n<meta property=\"og:locale\" content=\"nb_NO\" \/>\n<meta property=\"og:type\" content=\"article\" \/>\n<meta property=\"og:title\" content=\"Element Logic Warehouse Software\" \/>\n<meta property=\"og:description\" content=\"Oppdag lagerprogramvare fra Element Logic som kobler sammen arbeidsflyt og optimaliserer effektivitet, kontroll og ytelse.\" \/>\n<meta property=\"og:url\" content=\"https:\/\/www.elementlogic.net\/no\/losninger-og-tjenester\/element-logic-warehouse-software\/\" \/>\n<meta property=\"og:site_name\" content=\"Element Logic Norway\" \/>\n<meta property=\"article:modified_time\" content=\"2026-03-26T12:30:31+00:00\" \/>\n<meta name=\"twitter:card\" content=\"summary_large_image\" \/>\n<meta name=\"twitter:label1\" content=\"Ansl. lesetid\" \/>\n\t<meta name=\"twitter:data1\" content=\"1 minutt\" \/>\n<script type=\"application\/ld+json\" class=\"yoast-schema-graph\">{\"@context\":\"https:\/\/schema.org\",\"@graph\":[{\"@type\":\"WebPage\",\"@id\":\"https:\/\/www.elementlogic.net\/no\/losninger-og-tjenester\/element-logic-warehouse-software\/\",\"url\":\"https:\/\/www.elementlogic.net\/no\/losninger-og-tjenester\/element-logic-warehouse-software\/\",\"name\":\"Element Logic Warehouse Software | Element Logic Norway\",\"isPartOf\":{\"@id\":\"https:\/\/www.elementlogic.net\/no\/#website\"},\"datePublished\":\"2026-03-25T16:40:14+00:00\",\"dateModified\":\"2026-03-26T12:30:31+00:00\",\"description\":\"Oppdag lagerprogramvare fra Element Logic som kobler sammen arbeidsflyt og optimaliserer effektivitet, kontroll og ytelse.\",\"breadcrumb\":{\"@id\":\"https:\/\/www.elementlogic.net\/no\/losninger-og-tjenester\/element-logic-warehouse-software\/#breadcrumb\"},\"inLanguage\":\"nb-NO\",\"potentialAction\":[{\"@type\":\"ReadAction\",\"target\":[\"https:\/\/www.elementlogic.net\/no\/losninger-og-tjenester\/element-logic-warehouse-software\/\"]}]},{\"@type\":\"BreadcrumbList\",\"@id\":\"https:\/\/www.elementlogic.net\/no\/losninger-og-tjenester\/element-logic-warehouse-software\/#breadcrumb\",\"itemListElement\":[{\"@type\":\"ListItem\",\"position\":1,\"name\":\"L\u00f8sninger og Tjenester\",\"item\":\"https:\/\/www.elementlogic.net\/no\/losninger-og-tjenester\/\"},{\"@type\":\"ListItem\",\"position\":2,\"name\":\"Element Logic Warehouse Software\"}]},{\"@type\":\"WebSite\",\"@id\":\"https:\/\/www.elementlogic.net\/no\/#website\",\"url\":\"https:\/\/www.elementlogic.net\/no\/\",\"name\":\"Element Logic Norway\",\"description\":\"\",\"alternateName\":\"Element Logic\",\"potentialAction\":[{\"@type\":\"SearchAction\",\"target\":{\"@type\":\"EntryPoint\",\"urlTemplate\":\"https:\/\/www.elementlogic.net\/no\/?s={search_term_string}\"},\"query-input\":{\"@type\":\"PropertyValueSpecification\",\"valueRequired\":true,\"valueName\":\"search_term_string\"}}],\"inLanguage\":\"nb-NO\"}]}<\/script>\n<!-- \/ Yoast SEO Premium plugin. -->","yoast_head_json":{"title":"Element Logic Warehouse Software | Element Logic Norway","description":"Oppdag lagerprogramvare fra Element Logic som kobler sammen arbeidsflyt og optimaliserer effektivitet, kontroll og ytelse.","robots":{"index":"index","follow":"follow","max-snippet":"max-snippet:-1","max-image-preview":"max-image-preview:large","max-video-preview":"max-video-preview:-1"},"canonical":"https:\/\/www.elementlogic.net\/no\/losninger-og-tjenester\/element-logic-warehouse-software\/","og_locale":"nb_NO","og_type":"article","og_title":"Element Logic Warehouse Software","og_description":"Oppdag lagerprogramvare fra Element Logic som kobler sammen arbeidsflyt og optimaliserer effektivitet, kontroll og ytelse.","og_url":"https:\/\/www.elementlogic.net\/no\/losninger-og-tjenester\/element-logic-warehouse-software\/","og_site_name":"Element Logic Norway","article_modified_time":"2026-03-26T12:30:31+00:00","twitter_card":"summary_large_image","twitter_misc":{"Ansl. lesetid":"1 minutt"},"schema":{"@context":"https:\/\/schema.org","@graph":[{"@type":"WebPage","@id":"https:\/\/www.elementlogic.net\/no\/losninger-og-tjenester\/element-logic-warehouse-software\/","url":"https:\/\/www.elementlogic.net\/no\/losninger-og-tjenester\/element-logic-warehouse-software\/","name":"Element Logic Warehouse Software | Element Logic Norway","isPartOf":{"@id":"https:\/\/www.elementlogic.net\/no\/#website"},"datePublished":"2026-03-25T16:40:14+00:00","dateModified":"2026-03-26T12:30:31+00:00","description":"Oppdag lagerprogramvare fra Element Logic som kobler sammen arbeidsflyt og optimaliserer effektivitet, kontroll og ytelse.","breadcrumb":{"@id":"https:\/\/www.elementlogic.net\/no\/losninger-og-tjenester\/element-logic-warehouse-software\/#breadcrumb"},"inLanguage":"nb-NO","potentialAction":[{"@type":"ReadAction","target":["https:\/\/www.elementlogic.net\/no\/losninger-og-tjenester\/element-logic-warehouse-software\/"]}]},{"@type":"BreadcrumbList","@id":"https:\/\/www.elementlogic.net\/no\/losninger-og-tjenester\/element-logic-warehouse-software\/#breadcrumb","itemListElement":[{"@type":"ListItem","position":1,"name":"L\u00f8sninger og Tjenester","item":"https:\/\/www.elementlogic.net\/no\/losninger-og-tjenester\/"},{"@type":"ListItem","position":2,"name":"Element Logic Warehouse Software"}]},{"@type":"WebSite","@id":"https:\/\/www.elementlogic.net\/no\/#website","url":"https:\/\/www.elementlogic.net\/no\/","name":"Element Logic Norway","description":"","alternateName":"Element Logic","potentialAction":[{"@type":"SearchAction","target":{"@type":"EntryPoint","urlTemplate":"https:\/\/www.elementlogic.net\/no\/?s={search_term_string}"},"query-input":{"@type":"PropertyValueSpecification","valueRequired":true,"valueName":"search_term_string"}}],"inLanguage":"nb-NO"}]}},"_links":{"self":[{"href":"https:\/\/www.elementlogic.net\/no\/wp-json\/wp\/v2\/pages\/22110"}],"collection":[{"href":"https:\/\/www.elementlogic.net\/no\/wp-json\/wp\/v2\/pages"}],"about":[{"href":"https:\/\/www.elementlogic.net\/no\/wp-json\/wp\/v2\/types\/page"}],"author":[{"embeddable":true,"href":"https:\/\/www.elementlogic.net\/no\/wp-json\/wp\/v2\/users\/2"}],"replies":[{"embeddable":true,"href":"https:\/\/www.elementlogic.net\/no\/wp-json\/wp\/v2\/comments?post=22110"}],"version-history":[{"count":4,"href":"https:\/\/www.elementlogic.net\/no\/wp-json\/wp\/v2\/pages\/22110\/revisions"}],"predecessor-version":[{"id":22707,"href":"https:\/\/www.elementlogic.net\/no\/wp-json\/wp\/v2\/pages\/22110\/revisions\/22707"}],"up":[{"embeddable":true,"href":"https:\/\/www.elementlogic.net\/no\/wp-json\/wp\/v2\/pages\/22048"}],"wp:attachment":[{"href":"https:\/\/www.elementlogic.net\/no\/wp-json\/wp\/v2\/media?parent=22110"}],"curies":[{"name":"wp","href":"https:\/\/api.w.org\/{rel}","templated":true}]}}