{"id":2943,"date":"2025-05-30T12:05:25","date_gmt":"2025-05-30T12:05:25","guid":{"rendered":"https:\/\/www.elementlogic.net\/no\/?page_id=2943"},"modified":"2025-12-02T09:42:09","modified_gmt":"2025-12-02T09:42:09","slug":"black-friday","status":"publish","type":"page","link":"https:\/\/www.elementlogic.net\/no\/whitepaper\/black-friday\/","title":{"rendered":"Whitepaper: Black Friday"},"content":{"rendered":"\n\t\t<div style=\"--dekode-hero-dim:0.5; --t2-icon-fill:var(--wp--preset--color--white);\" class=\"alignfull dekode-hero-content-position-center has-media-background wp-block-dekode-hero has-text-color has-white-color\">\n\t\t\t<img loading=\"lazy\" decoding=\"async\" width=\"1024\" height=\"614\" src=\"https:\/\/www.elementlogic.net\/content\/uploads\/sites\/10\/\/2024\/09\/autostore_efficiency-1024x614.jpg\" class=\"dekode-hero__image\" alt=\"\" style=\"--focalpoint: 50% 50%;\" srcset=\"https:\/\/www.elementlogic.net\/content\/uploads\/sites\/10\/2024\/09\/autostore_efficiency-1024x614.jpg 1024w, https:\/\/www.elementlogic.net\/content\/uploads\/sites\/10\/2024\/09\/autostore_efficiency-300x180.jpg 300w, https:\/\/www.elementlogic.net\/content\/uploads\/sites\/10\/2024\/09\/autostore_efficiency-768x461.jpg 768w, https:\/\/www.elementlogic.net\/content\/uploads\/sites\/10\/2024\/09\/autostore_efficiency-1536x922.jpg 1536w, https:\/\/www.elementlogic.net\/content\/uploads\/sites\/10\/2024\/09\/autostore_efficiency.jpg 1600w\" sizes=\"(max-width: 1024px) 100vw, 1024px\" \/>\n\t\t\t<div class=\"dekode-hero__content\">\n\t\t\t\t<div class=\"dekode-hero__container\">\n\t\t\t\t\t\n\n<h1 class=\"wp-block-heading\" id=\"h-var-black-friday-en-suksess\"><strong>Var Black Friday en suksess?<\/strong><\/h1>\n\n\n\n<p><strong>Suksess starter lenge f\u00f8r den f\u00f8rste ordren ruller inn. I dette whitepaperet f\u00e5r du vite hvordan de beste i bransjen forbereder seg til h\u00f8ysesongen.<\/strong>&nbsp;<\/p>\n\n\n\n<div class=\"wp-block-buttons is-layout-flex wp-block-buttons-is-layout-flex\">\n<div class=\"wp-block-button has-icon has-icon-theme_arrow\"><a class=\"wp-block-button__link wp-element-button\" href=\"#nar-du-leser-dette-whitepaperet-vil-du-laere-mer-om\">Last ned whitepaper<svg xmlns=\"http:\/\/www.w3.org\/2000\/svg\" viewBox=\"0 0 24 24\" height=\"24\" width=\"24\" class=\"t2-icon t2-icon-theme_arrow\" aria-hidden=\"true\" focusable=\"false\"><path d=\"M16.627 12.75H5.25C5.03717 12.75 4.859 12.6782 4.7155 12.5345C4.57183 12.391 4.5 12.2128 4.5 12C4.5 11.7872 4.57183 11.609 4.7155 11.4655C4.859 11.3218 5.03717 11.25 5.25 11.25H16.627L11.4577 6.08076C11.3091 5.93209 11.2357 5.75809 11.2375 5.55876C11.2395 5.35942 11.318 5.18217 11.473 5.02701C11.6282 4.88217 11.8038 4.80717 12 4.80201C12.1962 4.79684 12.3718 4.87184 12.527 5.02701L18.8673 11.3673C18.9609 11.4609 19.0269 11.5597 19.0652 11.6635C19.1037 11.7673 19.123 11.8795 19.123 12C19.123 12.1205 19.1037 12.2327 19.0652 12.3365C19.0269 12.4403 18.9609 12.5391 18.8673 12.6328L12.527 18.973C12.3885 19.1115 12.217 19.1823 12.0125 19.1855C11.808 19.1887 11.6282 19.1178 11.473 18.973C11.318 18.8178 11.2405 18.6397 11.2405 18.4385C11.2405 18.2372 11.318 18.0589 11.473 17.9038L16.627 12.75Z\" fill=\"var(--t2-icon-fill, #000)\"\/><\/svg><\/a><\/div>\n<\/div>\n\n\n\t\t\t\t<\/div>\n\t\t\t<\/div>\n\t\t<\/div>\n\t\t\n\n\n<p>For mange forhandlere er Black Friday ikke bare travelt \u2013 det er en test av alt du har bygd opp. Presset er stort: levere raskere, smartere og uten feil. Det er ikke rom for feil, og hvert sekund teller.<\/p>\n\n\n\n<p><strong>Men med riktig forberedelse kan Black Friday bli din st\u00f8rste mulighet til \u00e5 vinne nye, lojale kunder.<\/strong><\/p>\n\n\n\n<p>Som Andrew Aldworth fra Helly Hansen sier det:<\/p>\n\n\n\n\t\t<blockquote class=\"wp-block-dekode-quote\">\n\t\t\t<div class=\"wp-block-dekode-quote__icon\">\n\t\t\t\t<svg xmlns=\"http:\/\/www.w3.org\/2000\/svg\" viewBox=\"0 0 24 24\" height=\"96\" width=\"96\" class=\"t2-icon t2-icon-theme_quote\" aria-hidden=\"true\" focusable=\"false\"><path d=\"M6.7808 16.5288L8.49055 13.5673C8.43289 13.5993 8.36555 13.6217 8.28855 13.6345C8.21155 13.6473 8.13464 13.6538 8.0578 13.6538C7.04114 13.6538 6.17797 13.2958 5.4683 12.5798C4.7588 11.8638 4.40405 11.0038 4.40405 10C4.40405 8.98334 4.7588 8.12017 5.4683 7.4105C6.17797 6.701 7.04114 6.34625 8.0578 6.34625C9.06164 6.34625 9.92155 6.701 10.6376 7.4105C11.3536 8.12017 11.7116 8.98334 11.7116 10C11.7116 10.3513 11.669 10.6783 11.5838 10.9808C11.4985 11.2833 11.3737 11.5718 11.2096 11.8463L8.07305 17.2788C8.00905 17.3904 7.92122 17.4808 7.80955 17.55C7.69805 17.6192 7.57305 17.6538 7.43455 17.6538C7.14739 17.6538 6.93205 17.5288 6.78855 17.2788C6.64489 17.0288 6.6423 16.7788 6.7808 16.5288ZM15.6656 16.5288L17.3751 13.5673C17.3174 13.5993 17.2501 13.6217 17.1731 13.6345C17.0962 13.6473 17.0193 13.6538 16.9423 13.6538C15.9256 13.6538 15.0626 13.2958 14.3531 12.5798C13.6434 11.8638 13.2886 11.0038 13.2886 10C13.2886 8.977 13.6434 8.11225 14.3531 7.40575C15.0626 6.69942 15.9256 6.34625 16.9423 6.34625C17.9461 6.34625 18.8061 6.701 19.5221 7.4105C20.2381 8.12017 20.5961 8.98334 20.5961 10C20.5961 10.3513 20.5535 10.6783 20.4683 10.9808C20.383 11.2833 20.2583 11.5718 20.0943 11.8463L16.9578 17.2788C16.8936 17.3904 16.8058 17.4808 16.6943 17.55C16.5828 17.6192 16.4578 17.6538 16.3193 17.6538C16.0321 17.6538 15.8167 17.5288 15.6731 17.2788C15.5296 17.0288 15.5271 16.7788 15.6656 16.5288Z\" fill=\"var(--t2-icon-fill, #000)\"\/><\/svg>\n\t\t\t<\/div>\n\t\t\t<div class=\"wp-block-dekode-quote__text\">\n\t\t\t\t<p>N\u00e5 er arbeidsmengden under Black Week mer b\u00e6rekraftig \u2013 ikke bare fysisk, men ogs\u00e5 mentalt. Det er fortsatt travelt, men vi er forberedt.<\/p>\n<cite><\/cite>\n\t\t\t<\/div>\n\t\t<\/blockquote>\n\n\n<h3 class=\"wp-block-heading\" id=\"nar-du-leser-dette-whitepaperet-vil-du-laere-mer-om\"><strong>N\u00e5r du leser dette whitepaperet, vil du l\u00e6re mer om:<\/strong>&nbsp;<\/h3>\n\n\n\n<ul class=\"wp-block-list\">\n<li>Hvordan <strong>Helly Hansen<\/strong> kuttet 75\u202f% av kostnadene til midlertidig bemanning under h\u00f8ysesong<\/li>\n\n\n\n<li>Hvordan <strong>Nordic Nest <\/strong>genererer en tredjedel av sin \u00e5rlige omsetning p\u00e5 bare noen uker<\/li>\n\n\n\n<li>Hvorfor <strong>SportFits<\/strong> satser p\u00e5 smart vekst gjennom automatisering<\/li>\n\n\n\n<li>Hvordan du kan <strong>bruke data<\/strong> til \u00e5 gj\u00f8re neste h\u00f8ysesong smidigere<\/li>\n\n\n\n<li>Hvordan AutoStore, drevet av Element Logic, muliggj\u00f8r <strong>h\u00f8ykapasitetsoperasjoner<\/strong><\/li>\n\n\n\n<li><strong>Ekspertr\u00e5d<\/strong> fra Element Logic om hvordan du forbereder deg til h\u00f8ysesong<\/li>\n\n\n\n<li>En praktisk <strong>sjekkliste<\/strong> som forenkler dine forberedelser til neste h\u00f8ysesong<\/li>\n<\/ul>\n\n\n\n<p><strong>Ikke n\u00f8ye deg med \u00e5 overleve h\u00f8ysesongen \u2013 ta kontroll over den!<\/strong><\/p>\n\n\n\n<p>Dette whitepaperet er gratis og tilgjengelig p\u00e5 engelsk.<\/p>\n\n\n\n\t\t<div class=\"wp-block-dekode-dynamics-form\">\n\t\t\t<div class=\"embedded-form\">\n\t\t\t\t<div\n\t\t\t\t\tdata-form-id=\"7a77f022-6c2a-f011-8c4e-6045bdf51dec\"\n\t\t\t\t\tdata-form-api-url=\"https:\/\/public-eur.mkt.dynamics.com\/api\/v1.0\/orgs\/0d653081-4a98-4454-9ade-26f2fbe674ee\/landingpageforms\"\n\t\t\t\t\tdata-cached-form-url=\"https:\/\/assets-eur.mkt.dynamics.com\/0d653081-4a98-4454-9ade-26f2fbe674ee\/digitalassets\/forms\/7a77f022-6c2a-f011-8c4e-6045bdf51dec\"\n\t\t\t\t><\/div>\n\t\t\t<\/div>\n\t\t<\/div>","protected":false},"excerpt":{"rendered":"<p>For mange forhandlere er Black Friday ikke bare travelt \u2013 det er en test av alt du har bygd opp. [&hellip;]<\/p>\n","protected":false},"author":3,"featured_media":0,"parent":155,"menu_order":0,"comment_status":"closed","ping_status":"closed","template":"","meta":{"hreflang_relation":2150,"_el_cross_publish_source_blog_url":"","_el_cross_publish_source_blog_id":0,"_el_cross_publish_source_post_id":0,"_el_cross_publish_sync_state":"","exclude_from_search":false,"footnotes":""},"class_list":["post-2943","page","type-page","status-publish","hentry"],"yoast_head":"<!-- This site is optimized with the Yoast SEO Premium plugin v23.9 (Yoast SEO v23.9) - https:\/\/yoast.com\/wordpress\/plugins\/seo\/ -->\n<title>Whitepaper: Black Friday<\/title>\n<meta name=\"description\" content=\"Med riktig forberedelse, som effektiv lagerautomatisering, kan Black Friday bli din st\u00f8rste mulighet til \u00e5 vinne nye, lojale kunder.\" \/>\n<meta name=\"robots\" content=\"index, follow, max-snippet:-1, max-image-preview:large, max-video-preview:-1\" \/>\n<link rel=\"canonical\" href=\"https:\/\/www.elementlogic.net\/no\/whitepaper\/black-friday\/\" \/>\n<meta property=\"og:locale\" content=\"nb_NO\" \/>\n<meta property=\"og:type\" content=\"article\" \/>\n<meta property=\"og:title\" content=\"Whitepaper: Black Friday\" \/>\n<meta property=\"og:description\" content=\"Med riktig forberedelse, som effektiv lagerautomatisering, kan Black Friday bli din st\u00f8rste mulighet til \u00e5 vinne nye, lojale kunder.\" \/>\n<meta property=\"og:url\" content=\"https:\/\/www.elementlogic.net\/no\/whitepaper\/black-friday\/\" \/>\n<meta property=\"og:site_name\" content=\"Element Logic Norway\" \/>\n<meta property=\"article:modified_time\" content=\"2025-12-02T09:42:09+00:00\" \/>\n<meta name=\"twitter:card\" content=\"summary_large_image\" \/>\n<meta name=\"twitter:label1\" content=\"Ansl. lesetid\" \/>\n\t<meta name=\"twitter:data1\" content=\"2 minutter\" \/>\n<script type=\"application\/ld+json\" class=\"yoast-schema-graph\">{\"@context\":\"https:\/\/schema.org\",\"@graph\":[{\"@type\":\"WebPage\",\"@id\":\"https:\/\/www.elementlogic.net\/no\/whitepaper\/black-friday\/\",\"url\":\"https:\/\/www.elementlogic.net\/no\/whitepaper\/black-friday\/\",\"name\":\"Whitepaper: Black Friday\",\"isPartOf\":{\"@id\":\"https:\/\/www.elementlogic.net\/no\/#website\"},\"datePublished\":\"2025-05-30T12:05:25+00:00\",\"dateModified\":\"2025-12-02T09:42:09+00:00\",\"description\":\"Med riktig forberedelse, som effektiv lagerautomatisering, kan Black Friday bli din st\u00f8rste mulighet til \u00e5 vinne nye, lojale kunder.\",\"breadcrumb\":{\"@id\":\"https:\/\/www.elementlogic.net\/no\/whitepaper\/black-friday\/#breadcrumb\"},\"inLanguage\":\"nb-NO\",\"potentialAction\":[{\"@type\":\"ReadAction\",\"target\":[\"https:\/\/www.elementlogic.net\/no\/whitepaper\/black-friday\/\"]}]},{\"@type\":\"BreadcrumbList\",\"@id\":\"https:\/\/www.elementlogic.net\/no\/whitepaper\/black-friday\/#breadcrumb\",\"itemListElement\":[{\"@type\":\"ListItem\",\"position\":1,\"name\":\"Whitepaper\",\"item\":\"https:\/\/www.elementlogic.net\/no\/whitepaper\/\"},{\"@type\":\"ListItem\",\"position\":2,\"name\":\"Whitepaper: Black Friday\"}]},{\"@type\":\"WebSite\",\"@id\":\"https:\/\/www.elementlogic.net\/no\/#website\",\"url\":\"https:\/\/www.elementlogic.net\/no\/\",\"name\":\"Element Logic Norway\",\"description\":\"\",\"alternateName\":\"Element Logic\",\"potentialAction\":[{\"@type\":\"SearchAction\",\"target\":{\"@type\":\"EntryPoint\",\"urlTemplate\":\"https:\/\/www.elementlogic.net\/no\/?s={search_term_string}\"},\"query-input\":{\"@type\":\"PropertyValueSpecification\",\"valueRequired\":true,\"valueName\":\"search_term_string\"}}],\"inLanguage\":\"nb-NO\"}]}<\/script>\n<!-- \/ Yoast SEO Premium plugin. -->","yoast_head_json":{"title":"Whitepaper: Black Friday","description":"Med riktig forberedelse, som effektiv lagerautomatisering, kan Black Friday bli din st\u00f8rste mulighet til \u00e5 vinne nye, lojale kunder.","robots":{"index":"index","follow":"follow","max-snippet":"max-snippet:-1","max-image-preview":"max-image-preview:large","max-video-preview":"max-video-preview:-1"},"canonical":"https:\/\/www.elementlogic.net\/no\/whitepaper\/black-friday\/","og_locale":"nb_NO","og_type":"article","og_title":"Whitepaper: Black Friday","og_description":"Med riktig forberedelse, som effektiv lagerautomatisering, kan Black Friday bli din st\u00f8rste mulighet til \u00e5 vinne nye, lojale kunder.","og_url":"https:\/\/www.elementlogic.net\/no\/whitepaper\/black-friday\/","og_site_name":"Element Logic Norway","article_modified_time":"2025-12-02T09:42:09+00:00","twitter_card":"summary_large_image","twitter_misc":{"Ansl. lesetid":"2 minutter"},"schema":{"@context":"https:\/\/schema.org","@graph":[{"@type":"WebPage","@id":"https:\/\/www.elementlogic.net\/no\/whitepaper\/black-friday\/","url":"https:\/\/www.elementlogic.net\/no\/whitepaper\/black-friday\/","name":"Whitepaper: Black Friday","isPartOf":{"@id":"https:\/\/www.elementlogic.net\/no\/#website"},"datePublished":"2025-05-30T12:05:25+00:00","dateModified":"2025-12-02T09:42:09+00:00","description":"Med riktig forberedelse, som effektiv lagerautomatisering, kan Black Friday bli din st\u00f8rste mulighet til \u00e5 vinne nye, lojale kunder.","breadcrumb":{"@id":"https:\/\/www.elementlogic.net\/no\/whitepaper\/black-friday\/#breadcrumb"},"inLanguage":"nb-NO","potentialAction":[{"@type":"ReadAction","target":["https:\/\/www.elementlogic.net\/no\/whitepaper\/black-friday\/"]}]},{"@type":"BreadcrumbList","@id":"https:\/\/www.elementlogic.net\/no\/whitepaper\/black-friday\/#breadcrumb","itemListElement":[{"@type":"ListItem","position":1,"name":"Whitepaper","item":"https:\/\/www.elementlogic.net\/no\/whitepaper\/"},{"@type":"ListItem","position":2,"name":"Whitepaper: Black Friday"}]},{"@type":"WebSite","@id":"https:\/\/www.elementlogic.net\/no\/#website","url":"https:\/\/www.elementlogic.net\/no\/","name":"Element Logic Norway","description":"","alternateName":"Element Logic","potentialAction":[{"@type":"SearchAction","target":{"@type":"EntryPoint","urlTemplate":"https:\/\/www.elementlogic.net\/no\/?s={search_term_string}"},"query-input":{"@type":"PropertyValueSpecification","valueRequired":true,"valueName":"search_term_string"}}],"inLanguage":"nb-NO"}]}},"_links":{"self":[{"href":"https:\/\/www.elementlogic.net\/no\/wp-json\/wp\/v2\/pages\/2943"}],"collection":[{"href":"https:\/\/www.elementlogic.net\/no\/wp-json\/wp\/v2\/pages"}],"about":[{"href":"https:\/\/www.elementlogic.net\/no\/wp-json\/wp\/v2\/types\/page"}],"author":[{"embeddable":true,"href":"https:\/\/www.elementlogic.net\/no\/wp-json\/wp\/v2\/users\/3"}],"replies":[{"embeddable":true,"href":"https:\/\/www.elementlogic.net\/no\/wp-json\/wp\/v2\/comments?post=2943"}],"version-history":[{"count":5,"href":"https:\/\/www.elementlogic.net\/no\/wp-json\/wp\/v2\/pages\/2943\/revisions"}],"predecessor-version":[{"id":21974,"href":"https:\/\/www.elementlogic.net\/no\/wp-json\/wp\/v2\/pages\/2943\/revisions\/21974"}],"up":[{"embeddable":true,"href":"https:\/\/www.elementlogic.net\/no\/wp-json\/wp\/v2\/pages\/155"}],"wp:attachment":[{"href":"https:\/\/www.elementlogic.net\/no\/wp-json\/wp\/v2\/media?parent=2943"}],"curies":[{"name":"wp","href":"https:\/\/api.w.org\/{rel}","templated":true}]}}