{"id":429,"date":"2024-08-22T19:52:00","date_gmt":"2024-08-22T17:52:00","guid":{"rendered":"https:\/\/www.elementlogic.net\/?page_id=800"},"modified":"2024-12-03T09:01:55","modified_gmt":"2024-12-03T09:01:55","slug":"kundesuksess","status":"publish","type":"page","link":"https:\/\/www.elementlogic.net\/no\/losninger-og-tjenester2\/kundesuksess\/","title":{"rendered":"Kundesuksess"},"content":{"rendered":"\n\t\t<div style=\"--dekode-hero-dim:0.5; --t2-icon-fill:var(--wp--preset--color--white); min-height:500px;\" class=\"alignfull dekode-hero-content-position-center has-media-background wp-elements-e61e1d353baedf9a2dd4c1960421e404 wp-block-dekode-hero has-text-color has-white-color\">\n\t\t\t\t\t<video\n\t\t\tautoplay\n\t\t\tloop\n\t\t\tmuted\n\t\t\tplaysinline\n\t\t\tposter=\"https:\/\/www.elementlogic.net\/content\/uploads\/sites\/10\/\/2024\/09\/Wallpaper-8-scaled.jpg\"\n\t\t\tsrc=\"https:\/\/www.elementlogic.net\/content\/uploads\/sites\/10\/\/2024\/09\/service-support.mp4\">\n\t\t<\/video>\n\t\t\n\t\t\t<div class=\"dekode-hero__content\">\n\t\t\t\t<div class=\"dekode-hero__container\">\n\t\t\t\t\t\n\n<h1 class=\"wp-block-heading has-text-align-center\" id=\"skreddersydd-for-din-suksess\">Skreddersydd for din suksess<\/h1>\n\n\n\n<p class=\"has-text-align-center\">Vi har som m\u00e5l \u00e5 gi kundene v\u00e5re verdi som overg\u00e5r forventningene deres.<\/p>\n\n\n\n<div class=\"wp-block-buttons is-content-justification-center is-layout-flex wp-container-core-buttons-is-layout-1 wp-block-buttons-is-layout-flex\">\n<div class=\"wp-block-button has-icon has-icon-theme_arrow\"><a class=\"wp-block-button__link has-text-align-center wp-element-button\" href=\"https:\/\/www.elementlogic.net\/no\/kontakt-oss\/\">Les mer<svg xmlns=\"http:\/\/www.w3.org\/2000\/svg\" viewBox=\"0 0 24 24\" height=\"24\" width=\"24\" class=\"t2-icon t2-icon-theme_arrow\" aria-hidden=\"true\" focusable=\"false\"><path d=\"M16.627 12.75H5.25C5.03717 12.75 4.859 12.6782 4.7155 12.5345C4.57183 12.391 4.5 12.2128 4.5 12C4.5 11.7872 4.57183 11.609 4.7155 11.4655C4.859 11.3218 5.03717 11.25 5.25 11.25H16.627L11.4577 6.08076C11.3091 5.93209 11.2357 5.75809 11.2375 5.55876C11.2395 5.35942 11.318 5.18217 11.473 5.02701C11.6282 4.88217 11.8038 4.80717 12 4.80201C12.1962 4.79684 12.3718 4.87184 12.527 5.02701L18.8673 11.3673C18.9609 11.4609 19.0269 11.5597 19.0652 11.6635C19.1037 11.7673 19.123 11.8795 19.123 12C19.123 12.1205 19.1037 12.2327 19.0652 12.3365C19.0269 12.4403 18.9609 12.5391 18.8673 12.6328L12.527 18.973C12.3885 19.1115 12.217 19.1823 12.0125 19.1855C11.808 19.1887 11.6282 19.1178 11.473 18.973C11.318 18.8178 11.2405 18.6397 11.2405 18.4385C11.2405 18.2372 11.318 18.0589 11.473 17.9038L16.627 12.75Z\" fill=\"var(--t2-icon-fill, #000)\"\/><\/svg><\/a><\/div>\n<\/div>\n\n\n\t\t\t\t<\/div>\n\t\t\t<\/div>\n\t\t<\/div>\n\t\t\n\n\n<p>Fra den innledende konsultasjonen til systemimplementeringen, s\u00f8rger vi for at l\u00f8sningen er tilpasset din virksomhets unike behov. Vi oppn\u00e5r dette med et team som tilbyr st\u00f8tte og vedlikehold, oppl\u00e6ring og datadrevet r\u00e5dgivning, med omfattende kunnskap om din lagerl\u00f8sning \u2013 og hvordan du f\u00e5r mest mulig verdi ut av den.<\/p>\n\n\n\n<h2 class=\"wp-block-heading\" id=\"onboarding-og-opplaering\">Onboarding og oppl\u00e6ring\u200b<\/h2>\n\n\n\n<p>F\u00e5 mest mulig ut av ditt AutoStore-system med dedikert onboarding og scenariotrening. Som kunde hos Element Logic vil du l\u00e6re alt du trenger \u00e5 vite om lagerautomatisering fra v\u00e5rt erfarne oppl\u00e6ringsteam. V\u00e5re oppl\u00e6rings\u00f8kter fokuserer p\u00e5 drift, sikkerhet og l\u00f8sning av potensielle problemer. Onboarding sikrer at dine ansatte raskt tilpasser seg den nye arbeidsflyten og blir trygge i bruken av den automatiserte lagerl\u00f8sningen innen f\u00e5 dager.<\/p>\n\n\n\n<figure class=\"wp-block-image size-large\"><img loading=\"lazy\" decoding=\"async\" width=\"1024\" height=\"532\" src=\"https:\/\/www.elementlogic.net\/content\/uploads\/sites\/10\/\/2024\/09\/EL_superuser-training8-wo-instr-e1726227709934-1024x532.jpg\" alt=\"\" class=\"wp-image-166\" srcset=\"https:\/\/www.elementlogic.net\/content\/uploads\/sites\/10\/2024\/09\/EL_superuser-training8-wo-instr-e1726227709934-1024x532.jpg 1024w, https:\/\/www.elementlogic.net\/content\/uploads\/sites\/10\/2024\/09\/EL_superuser-training8-wo-instr-e1726227709934-300x156.jpg 300w, https:\/\/www.elementlogic.net\/content\/uploads\/sites\/10\/2024\/09\/EL_superuser-training8-wo-instr-e1726227709934-768x399.jpg 768w, https:\/\/www.elementlogic.net\/content\/uploads\/sites\/10\/2024\/09\/EL_superuser-training8-wo-instr-e1726227709934-1536x798.jpg 1536w, https:\/\/www.elementlogic.net\/content\/uploads\/sites\/10\/2024\/09\/EL_superuser-training8-wo-instr-e1726227709934.jpg 1645w\" sizes=\"(max-width: 1024px) 100vw, 1024px\" \/><\/figure>\n\n\n\n<h2 class=\"wp-block-heading\" id=\"superbrukerprogram\">Superbrukerprogram<\/h2>\n\n\n\n<p>Vi anbefaler \u00e5 gi spesialisert oppl\u00e6ring til et utvalg ansatte som vil bli selskapets Superbrukere av l\u00f8sningen. Disse personene vil f\u00e5 inng\u00e5ende kunnskap om l\u00f8sningen og l\u00e6re \u00e5 h\u00e5ndtere komplekse scenarioer og problemer. Element Logic sitt oppl\u00e6ringsprogram sikrer kontinuerlig l\u00e6ring som er tilpasset behovene, og optimaliserer l\u00f8sningen din. Sammen med v\u00e5rt dedikerte supportteam gj\u00f8r dette at du er rustet for suksess.<\/p>\n\n\n\n<h2 class=\"wp-block-heading\" id=\"support\">Support<\/h2>\n\n\n\n<p>En av de mange fordelene ved \u00e5 v\u00e6re kunde hos Element Logic er v\u00e5rt dedikerte supportteam. Enten du trenger hjelp med AutoStore, programvare, styringssystemer, utstyr, systemoppsett eller feilrettinger, er v\u00e5rt team alltid klare til \u00e5 hjelpe. Du kan enkelt n\u00e5 oss via nettsiden, e-post eller telefon for rask og p\u00e5litelig bistand.<\/p>\n\n\n\n\t\t<blockquote class=\"wp-block-dekode-quote\">\n\t\t\t<div class=\"wp-block-dekode-quote__icon\">\n\t\t\t\t<img loading=\"lazy\" decoding=\"async\" width=\"300\" height=\"300\" src=\"https:\/\/www.elementlogic.net\/content\/uploads\/sites\/10\/\/2024\/09\/Arnold-e1724057459194-300x300.jpg\" class=\"quote-image\" alt=\"\" srcset=\"https:\/\/www.elementlogic.net\/content\/uploads\/sites\/10\/2024\/09\/Arnold-e1724057459194-300x300.jpg 300w, https:\/\/www.elementlogic.net\/content\/uploads\/sites\/10\/2024\/09\/Arnold-e1724057459194-150x150.jpg 150w, https:\/\/www.elementlogic.net\/content\/uploads\/sites\/10\/2024\/09\/Arnold-e1724057459194.jpg 501w\" sizes=\"(max-width: 300px) 100vw, 300px\" \/><svg xmlns=\"http:\/\/www.w3.org\/2000\/svg\" viewBox=\"0 0 24 24\" height=\"96\" width=\"96\" class=\"t2-icon t2-icon-theme_quote\" aria-hidden=\"true\" focusable=\"false\"><path d=\"M6.7808 16.5288L8.49055 13.5673C8.43289 13.5993 8.36555 13.6217 8.28855 13.6345C8.21155 13.6473 8.13464 13.6538 8.0578 13.6538C7.04114 13.6538 6.17797 13.2958 5.4683 12.5798C4.7588 11.8638 4.40405 11.0038 4.40405 10C4.40405 8.98334 4.7588 8.12017 5.4683 7.4105C6.17797 6.701 7.04114 6.34625 8.0578 6.34625C9.06164 6.34625 9.92155 6.701 10.6376 7.4105C11.3536 8.12017 11.7116 8.98334 11.7116 10C11.7116 10.3513 11.669 10.6783 11.5838 10.9808C11.4985 11.2833 11.3737 11.5718 11.2096 11.8463L8.07305 17.2788C8.00905 17.3904 7.92122 17.4808 7.80955 17.55C7.69805 17.6192 7.57305 17.6538 7.43455 17.6538C7.14739 17.6538 6.93205 17.5288 6.78855 17.2788C6.64489 17.0288 6.6423 16.7788 6.7808 16.5288ZM15.6656 16.5288L17.3751 13.5673C17.3174 13.5993 17.2501 13.6217 17.1731 13.6345C17.0962 13.6473 17.0193 13.6538 16.9423 13.6538C15.9256 13.6538 15.0626 13.2958 14.3531 12.5798C13.6434 11.8638 13.2886 11.0038 13.2886 10C13.2886 8.977 13.6434 8.11225 14.3531 7.40575C15.0626 6.69942 15.9256 6.34625 16.9423 6.34625C17.9461 6.34625 18.8061 6.701 19.5221 7.4105C20.2381 8.12017 20.5961 8.98334 20.5961 10C20.5961 10.3513 20.5535 10.6783 20.4683 10.9808C20.383 11.2833 20.2583 11.5718 20.0943 11.8463L16.9578 17.2788C16.8936 17.3904 16.8058 17.4808 16.6943 17.55C16.5828 17.6192 16.4578 17.6538 16.3193 17.6538C16.0321 17.6538 15.8167 17.5288 15.6731 17.2788C15.5296 17.0288 15.5271 16.7788 15.6656 16.5288Z\" fill=\"var(--t2-icon-fill, #000)\"\/><\/svg>\n\t\t\t<\/div>\n\t\t\t<div class=\"wp-block-dekode-quote__text\">\n\t\t\t\t<p>V\u00e5r filosofi er \u00e5 utvikle en skalerbar l\u00f8sning som kundene v\u00e5re kan vokse med, og som gir dem fordeler. Dette er \u2018The Element Way\u2019.<\/p>\n<cite>Arnold Nielsen, Key Account Manager, Element Logic Norway.<\/cite>\n\t\t\t<\/div>\n\t\t<\/blockquote>\n\n\n<h2 class=\"wp-block-heading\" id=\"vedlikehold\">Vedlikehold<\/h2>\n\n\n\n<p>V\u00e5rt proaktive serviceteam s\u00f8ker kontinuerlig etter forbedringsomr\u00e5der for \u00e5 hjelpe din virksomhet med \u00e5 vokse. Teknikere utf\u00f8rer planlagt vedlikehold p\u00e5 stedet uten \u00e5 forstyrre den daglige driften.<\/p>\n\n\n\n<figure class=\"wp-block-image size-full\"><img loading=\"lazy\" decoding=\"async\" width=\"2560\" height=\"1072\" src=\"https:\/\/www.elementlogic.net\/content\/uploads\/sites\/10\/\/2024\/09\/Wallpaper-10-scaled.jpg\" alt=\"Service Technician doing maintenance at Element Logic\" class=\"wp-image-215\" srcset=\"https:\/\/www.elementlogic.net\/content\/uploads\/sites\/10\/2024\/09\/Wallpaper-10-scaled.jpg 2560w, https:\/\/www.elementlogic.net\/content\/uploads\/sites\/10\/2024\/09\/Wallpaper-10-scaled-300x126.jpg 300w, https:\/\/www.elementlogic.net\/content\/uploads\/sites\/10\/2024\/09\/Wallpaper-10-scaled-1024x429.jpg 1024w, https:\/\/www.elementlogic.net\/content\/uploads\/sites\/10\/2024\/09\/Wallpaper-10-scaled-768x322.jpg 768w, https:\/\/www.elementlogic.net\/content\/uploads\/sites\/10\/2024\/09\/Wallpaper-10-scaled-1536x643.jpg 1536w, https:\/\/www.elementlogic.net\/content\/uploads\/sites\/10\/2024\/09\/Wallpaper-10-scaled-2048x858.jpg 2048w\" sizes=\"(max-width: 2560px) 100vw, 2560px\" \/><\/figure>\n\n\n\n<h2 class=\"wp-block-heading\" id=\"innsikt-og-optimalisering\">Innsikt og optimalisering<\/h2>\n\n\n\n<p>Vi gir deg detaljerte data om statusen til din AutoStore-l\u00f8sning. Dette danner grunnlaget for at v\u00e5rt Customer Success-team kan st\u00f8tte kontinuerlig optimalisering av din l\u00f8sning.<\/p>\n\n\n\n<p>\u00abFor \u00e5 sikre kundetilfredshet bruker vi et dyktig team av interne serviceteknikere, support-, programvare- og logistikkeksperter. Dette gj\u00f8r oss smidige og i stand til \u00e5 hjelpe umiddelbart. V\u00e5r filosofi er \u00e5 utvikle en skalerbar l\u00f8sning som kundene v\u00e5re kan vokse med, og som gir dem fordeler. Dette er \u2018The Element Way\u2019, \u00bb \u2013 Arnold Nielsen, Key Account Manager, Element Logic Norge.<\/p>\n\n\n\n\t\t<div class=\"wp-block-dekode-simple-cta\">\n\t\t\t<div class=\"dekode-simple-cta__inner\">\n\n<h3 class=\"wp-block-heading\" id=\"nysgjerrig-pa-hvordan-element-logic-kan-gi-deg-konkurransefortrinn-med-autostore-og-lagerautomasjon\">Nysgjerrig p\u00e5 hvordan Element Logic kan gi deg konkurransefortrinn med AutoStore og lagerautomasjon?<\/h3>\n\n\n\n<div class=\"wp-block-buttons is-layout-flex wp-block-buttons-is-layout-flex\">\n<div class=\"wp-block-button\"><a class=\"wp-block-button__link wp-element-button\" href=\"https:\/\/www.elementlogic.net\/no\/kontakt-oss\/\">Kontakt oss i dag<\/a><\/div>\n<\/div>\n\n<\/div>\n\t\t<\/div>\n\n\n<h3 class=\"wp-block-heading\" id=\"les-mer-om-vare-losninger-og-tjenester\">Les mer om v\u00e5re l\u00f8sninger og tjenester:<\/h3>\n\n\n\n\t\t<div style=\"--link-cards-grid-columns: 3\" class=\"dekode-link-cards has-3-columns wp-block-dekode-link-cards\">\n\t\t\t<div class=\"dekode-link-cards__items\">\n\t\t\t\t\n<a class=\"wp-block-dekode-link-card\" href=\"https:\/\/www.elementlogic.net\/no\/losninger-og-tjenester\/prosjektering-og-radgivning\/\"><img loading=\"lazy\" decoding=\"async\" width=\"768\" height=\"512\" src=\"https:\/\/www.elementlogic.net\/content\/uploads\/sites\/10\/\/2024\/09\/Element-Logic_AutoStore-design-copy-768x512.jpg\" class=\"\" alt=\"\" \/>\t<div class=\"dekode-link-card__content\">\n\t\t\t\t<p class=\"dekode-link-card__title\">\n\t\t\tProsjektering og r\u00e5dgivning\t\t<\/p>\n\t\t\t<\/div>\n\t<\/a>\n\n<a class=\"wp-block-dekode-link-card\" href=\"https:\/\/www.elementlogic.net\/no\/losninger-og-tjenester\/systemleveranser\/\"><img loading=\"lazy\" decoding=\"async\" width=\"768\" height=\"512\" src=\"https:\/\/www.elementlogic.net\/content\/uploads\/sites\/10\/\/2024\/09\/EL_construction15-768x512.jpg\" class=\"\" alt=\"\" \/>\t<div class=\"dekode-link-card__content\">\n\t\t\t\t<p class=\"dekode-link-card__title\">\n\t\t\tSystem-leveranse\t\t<\/p>\n\t\t\t<\/div>\n\t<\/a>\n\n<a class=\"wp-block-dekode-link-card\" href=\"https:\/\/www.elementlogic.net\/no\/losninger-og-tjenester\/autostore\/\"><img loading=\"lazy\" decoding=\"async\" width=\"768\" height=\"513\" src=\"https:\/\/www.elementlogic.net\/content\/uploads\/sites\/10\/\/2024\/09\/image-121-768x513.png\" class=\"\" alt=\"\" \/>\t<div class=\"dekode-link-card__content\">\n\t\t\t\t<p class=\"dekode-link-card__title\">\n\t\t\tAutoStore\t\t<\/p>\n\t\t\t<\/div>\n\t<\/a>\n\n\t\t\t<\/div>\n\t\t<\/div>","protected":false},"excerpt":{"rendered":"<p>Fra den innledende konsultasjonen til systemimplementeringen, s\u00f8rger vi for at l\u00f8sningen er tilpasset din virksomhets unike behov. Vi oppn\u00e5r dette [&hellip;]<\/p>\n","protected":false},"author":5,"featured_media":217,"parent":266,"menu_order":0,"comment_status":"closed","ping_status":"closed","template":"","meta":{"hreflang_relation":800,"_el_cross_publish_source_blog_url":"","_el_cross_publish_source_blog_id":0,"_el_cross_publish_source_post_id":0,"_el_cross_publish_sync_state":"","exclude_from_search":false,"footnotes":""},"class_list":["post-429","page","type-page","status-publish","has-post-thumbnail","hentry"],"yoast_head":"<!-- This site is optimized with the Yoast SEO Premium plugin v23.9 (Yoast SEO v23.9) - https:\/\/yoast.com\/wordpress\/plugins\/seo\/ -->\n<title>Kundesuksess - Element Logic Norge<\/title>\n<meta name=\"description\" content=\"Vi er her for at du skal f\u00e5 mest mulig igjen for investeringen i lagerautomasjon. Derfor tilbyr vi alt fra oppl\u00e6ring til support.\" \/>\n<meta name=\"robots\" content=\"index, follow, max-snippet:-1, max-image-preview:large, max-video-preview:-1\" \/>\n<link rel=\"canonical\" href=\"https:\/\/www.elementlogic.net\/no\/losninger-og-tjenester2\/kundesuksess\/\" \/>\n<meta property=\"og:locale\" content=\"nb_NO\" \/>\n<meta property=\"og:type\" content=\"article\" \/>\n<meta property=\"og:title\" content=\"Kundesuksess\" \/>\n<meta property=\"og:description\" content=\"Vi er her for at du skal f\u00e5 mest mulig igjen for investeringen i lagerautomasjon. Derfor tilbyr vi alt fra oppl\u00e6ring til support.\" \/>\n<meta property=\"og:url\" content=\"https:\/\/www.elementlogic.net\/no\/losninger-og-tjenester2\/kundesuksess\/\" \/>\n<meta property=\"og:site_name\" content=\"Element Logic Norway\" \/>\n<meta property=\"article:modified_time\" content=\"2024-12-03T09:01:55+00:00\" \/>\n<meta property=\"og:image\" content=\"https:\/\/www.elementlogic.net\/content\/uploads\/sites\/10\/\/2024\/09\/Wallpaper-8-scaled.jpg\" \/>\n\t<meta property=\"og:image:width\" content=\"2560\" \/>\n\t<meta property=\"og:image:height\" content=\"1072\" \/>\n\t<meta property=\"og:image:type\" content=\"image\/jpeg\" \/>\n<meta name=\"twitter:card\" content=\"summary_large_image\" \/>\n<meta name=\"twitter:label1\" content=\"Ansl. lesetid\" \/>\n\t<meta name=\"twitter:data1\" content=\"3 minutter\" \/>\n<script type=\"application\/ld+json\" class=\"yoast-schema-graph\">{\"@context\":\"https:\/\/schema.org\",\"@graph\":[{\"@type\":\"WebPage\",\"@id\":\"https:\/\/www.elementlogic.net\/no\/losninger-og-tjenester2\/kundesuksess\/\",\"url\":\"https:\/\/www.elementlogic.net\/no\/losninger-og-tjenester2\/kundesuksess\/\",\"name\":\"Kundesuksess - Element Logic Norge\",\"isPartOf\":{\"@id\":\"https:\/\/www.elementlogic.net\/no\/#website\"},\"primaryImageOfPage\":{\"@id\":\"https:\/\/www.elementlogic.net\/no\/losninger-og-tjenester2\/kundesuksess\/#primaryimage\"},\"image\":{\"@id\":\"https:\/\/www.elementlogic.net\/no\/losninger-og-tjenester2\/kundesuksess\/#primaryimage\"},\"thumbnailUrl\":\"https:\/\/www.elementlogic.net\/content\/uploads\/sites\/10\/\/2024\/09\/Wallpaper-8-scaled.jpg\",\"datePublished\":\"2024-08-22T17:52:00+00:00\",\"dateModified\":\"2024-12-03T09:01:55+00:00\",\"description\":\"Vi er her for at du skal f\u00e5 mest mulig igjen for investeringen i lagerautomasjon. Derfor tilbyr vi alt fra oppl\u00e6ring til support.\",\"breadcrumb\":{\"@id\":\"https:\/\/www.elementlogic.net\/no\/losninger-og-tjenester2\/kundesuksess\/#breadcrumb\"},\"inLanguage\":\"nb-NO\",\"potentialAction\":[{\"@type\":\"ReadAction\",\"target\":[\"https:\/\/www.elementlogic.net\/no\/losninger-og-tjenester2\/kundesuksess\/\"]}]},{\"@type\":\"ImageObject\",\"inLanguage\":\"nb-NO\",\"@id\":\"https:\/\/www.elementlogic.net\/no\/losninger-og-tjenester2\/kundesuksess\/#primaryimage\",\"url\":\"https:\/\/www.elementlogic.net\/content\/uploads\/sites\/10\/\/2024\/09\/Wallpaper-8-scaled.jpg\",\"contentUrl\":\"https:\/\/www.elementlogic.net\/content\/uploads\/sites\/10\/\/2024\/09\/Wallpaper-8-scaled.jpg\",\"width\":2560,\"height\":1072},{\"@type\":\"BreadcrumbList\",\"@id\":\"https:\/\/www.elementlogic.net\/no\/losninger-og-tjenester2\/kundesuksess\/#breadcrumb\",\"itemListElement\":[{\"@type\":\"ListItem\",\"position\":1,\"name\":\"L\u00f8sninger og tjenester\",\"item\":\"https:\/\/www.elementlogic.net\/no\/?page_id=266\"},{\"@type\":\"ListItem\",\"position\":2,\"name\":\"Kundesuksess\"}]},{\"@type\":\"WebSite\",\"@id\":\"https:\/\/www.elementlogic.net\/no\/#website\",\"url\":\"https:\/\/www.elementlogic.net\/no\/\",\"name\":\"Element Logic Norway\",\"description\":\"\",\"alternateName\":\"Element Logic\",\"potentialAction\":[{\"@type\":\"SearchAction\",\"target\":{\"@type\":\"EntryPoint\",\"urlTemplate\":\"https:\/\/www.elementlogic.net\/no\/?s={search_term_string}\"},\"query-input\":{\"@type\":\"PropertyValueSpecification\",\"valueRequired\":true,\"valueName\":\"search_term_string\"}}],\"inLanguage\":\"nb-NO\"}]}<\/script>\n<!-- \/ Yoast SEO Premium plugin. -->","yoast_head_json":{"title":"Kundesuksess - Element Logic Norge","description":"Vi er her for at du skal f\u00e5 mest mulig igjen for investeringen i lagerautomasjon. Derfor tilbyr vi alt fra oppl\u00e6ring til support.","robots":{"index":"index","follow":"follow","max-snippet":"max-snippet:-1","max-image-preview":"max-image-preview:large","max-video-preview":"max-video-preview:-1"},"canonical":"https:\/\/www.elementlogic.net\/no\/losninger-og-tjenester2\/kundesuksess\/","og_locale":"nb_NO","og_type":"article","og_title":"Kundesuksess","og_description":"Vi er her for at du skal f\u00e5 mest mulig igjen for investeringen i lagerautomasjon. Derfor tilbyr vi alt fra oppl\u00e6ring til support.","og_url":"https:\/\/www.elementlogic.net\/no\/losninger-og-tjenester2\/kundesuksess\/","og_site_name":"Element Logic Norway","article_modified_time":"2024-12-03T09:01:55+00:00","og_image":[{"width":2560,"height":1072,"url":"https:\/\/www.elementlogic.net\/content\/uploads\/sites\/10\/\/2024\/09\/Wallpaper-8-scaled.jpg","type":"image\/jpeg"}],"twitter_card":"summary_large_image","twitter_misc":{"Ansl. lesetid":"3 minutter"},"schema":{"@context":"https:\/\/schema.org","@graph":[{"@type":"WebPage","@id":"https:\/\/www.elementlogic.net\/no\/losninger-og-tjenester2\/kundesuksess\/","url":"https:\/\/www.elementlogic.net\/no\/losninger-og-tjenester2\/kundesuksess\/","name":"Kundesuksess - Element Logic Norge","isPartOf":{"@id":"https:\/\/www.elementlogic.net\/no\/#website"},"primaryImageOfPage":{"@id":"https:\/\/www.elementlogic.net\/no\/losninger-og-tjenester2\/kundesuksess\/#primaryimage"},"image":{"@id":"https:\/\/www.elementlogic.net\/no\/losninger-og-tjenester2\/kundesuksess\/#primaryimage"},"thumbnailUrl":"https:\/\/www.elementlogic.net\/content\/uploads\/sites\/10\/\/2024\/09\/Wallpaper-8-scaled.jpg","datePublished":"2024-08-22T17:52:00+00:00","dateModified":"2024-12-03T09:01:55+00:00","description":"Vi er her for at du skal f\u00e5 mest mulig igjen for investeringen i lagerautomasjon. Derfor tilbyr vi alt fra oppl\u00e6ring til support.","breadcrumb":{"@id":"https:\/\/www.elementlogic.net\/no\/losninger-og-tjenester2\/kundesuksess\/#breadcrumb"},"inLanguage":"nb-NO","potentialAction":[{"@type":"ReadAction","target":["https:\/\/www.elementlogic.net\/no\/losninger-og-tjenester2\/kundesuksess\/"]}]},{"@type":"ImageObject","inLanguage":"nb-NO","@id":"https:\/\/www.elementlogic.net\/no\/losninger-og-tjenester2\/kundesuksess\/#primaryimage","url":"https:\/\/www.elementlogic.net\/content\/uploads\/sites\/10\/\/2024\/09\/Wallpaper-8-scaled.jpg","contentUrl":"https:\/\/www.elementlogic.net\/content\/uploads\/sites\/10\/\/2024\/09\/Wallpaper-8-scaled.jpg","width":2560,"height":1072},{"@type":"BreadcrumbList","@id":"https:\/\/www.elementlogic.net\/no\/losninger-og-tjenester2\/kundesuksess\/#breadcrumb","itemListElement":[{"@type":"ListItem","position":1,"name":"L\u00f8sninger og tjenester","item":"https:\/\/www.elementlogic.net\/no\/?page_id=266"},{"@type":"ListItem","position":2,"name":"Kundesuksess"}]},{"@type":"WebSite","@id":"https:\/\/www.elementlogic.net\/no\/#website","url":"https:\/\/www.elementlogic.net\/no\/","name":"Element Logic Norway","description":"","alternateName":"Element Logic","potentialAction":[{"@type":"SearchAction","target":{"@type":"EntryPoint","urlTemplate":"https:\/\/www.elementlogic.net\/no\/?s={search_term_string}"},"query-input":{"@type":"PropertyValueSpecification","valueRequired":true,"valueName":"search_term_string"}}],"inLanguage":"nb-NO"}]}},"_links":{"self":[{"href":"https:\/\/www.elementlogic.net\/no\/wp-json\/wp\/v2\/pages\/429"}],"collection":[{"href":"https:\/\/www.elementlogic.net\/no\/wp-json\/wp\/v2\/pages"}],"about":[{"href":"https:\/\/www.elementlogic.net\/no\/wp-json\/wp\/v2\/types\/page"}],"author":[{"embeddable":true,"href":"https:\/\/www.elementlogic.net\/no\/wp-json\/wp\/v2\/users\/5"}],"replies":[{"embeddable":true,"href":"https:\/\/www.elementlogic.net\/no\/wp-json\/wp\/v2\/comments?post=429"}],"version-history":[{"count":5,"href":"https:\/\/www.elementlogic.net\/no\/wp-json\/wp\/v2\/pages\/429\/revisions"}],"predecessor-version":[{"id":2348,"href":"https:\/\/www.elementlogic.net\/no\/wp-json\/wp\/v2\/pages\/429\/revisions\/2348"}],"up":[{"embeddable":true,"href":"https:\/\/www.elementlogic.net\/no\/wp-json\/wp\/v2\/pages\/266"}],"wp:featuredmedia":[{"embeddable":true,"href":"https:\/\/www.elementlogic.net\/no\/wp-json\/wp\/v2\/media\/217"}],"wp:attachment":[{"href":"https:\/\/www.elementlogic.net\/no\/wp-json\/wp\/v2\/media?parent=429"}],"curies":[{"name":"wp","href":"https:\/\/api.w.org\/{rel}","templated":true}]}}