{"id":433,"date":"2024-08-22T19:43:26","date_gmt":"2024-08-22T17:43:26","guid":{"rendered":"https:\/\/www.elementlogic.net\/?page_id=401"},"modified":"2024-12-03T09:02:45","modified_gmt":"2024-12-03T09:02:45","slug":"emanager","status":"publish","type":"page","link":"https:\/\/www.elementlogic.net\/no\/losninger-og-tjenester2\/programvare\/emanager\/","title":{"rendered":"eManager"},"content":{"rendered":"\n\t\t<div style=\"--dekode-hero-dim:0.5; --t2-icon-fill:var(--wp--preset--color--white); min-height:500px;\" class=\"alignfull dekode-hero-content-position-center has-media-background wp-block-dekode-hero\">\n\t\t\t\t\t<video\n\t\t\tautoplay\n\t\t\tloop\n\t\t\tmuted\n\t\t\tplaysinline\n\t\t\tposter=\"https:\/\/www.elementlogic.net\/content\/uploads\/sites\/10\/\/2024\/09\/fallback-emanager.jpg\"\n\t\t\tsrc=\"https:\/\/www.elementlogic.net\/content\/uploads\/sites\/10\/\/2024\/09\/software.mp4\">\n\t\t<\/video>\n\t\t\n\t\t\t<div class=\"dekode-hero__content\">\n\t\t\t\t<div class=\"dekode-hero__container\">\n\t\t\t\t\t\n\n<h1 class=\"wp-block-heading has-text-align-center\" id=\"enkel-administrasjon-av-automatisk-lager-med-emanager\">Enkel administrasjon av automatisk lager med eManager<\/h1>\n\n\n\n<p class=\"has-text-align-center\">For \u00e5 \u00f8ke effektiviteten, redusere driftskostnader og forbedre kundetilfredsheten har vi utviklet programvaren, eManager. Programvaren er portalen til informasjonen du trenger for \u00e5 optimalisere lagerdriften og forberede deg for vekst.<\/p>\n\n\n\n<div class=\"wp-block-buttons is-content-justification-center is-layout-flex wp-container-core-buttons-is-layout-1 wp-block-buttons-is-layout-flex\">\n<div class=\"wp-block-button has-icon has-icon-theme_arrow\"><a class=\"wp-block-button__link has-text-align-left wp-element-button\" href=\"https:\/\/www.elementlogic.net\/no\/kontakt-oss\/\">Kontakt oss i dag for \u00e5 l\u00e6re mer<svg xmlns=\"http:\/\/www.w3.org\/2000\/svg\" viewBox=\"0 0 24 24\" height=\"24\" width=\"24\" class=\"t2-icon t2-icon-theme_arrow\" aria-hidden=\"true\" focusable=\"false\"><path d=\"M16.627 12.75H5.25C5.03717 12.75 4.859 12.6782 4.7155 12.5345C4.57183 12.391 4.5 12.2128 4.5 12C4.5 11.7872 4.57183 11.609 4.7155 11.4655C4.859 11.3218 5.03717 11.25 5.25 11.25H16.627L11.4577 6.08076C11.3091 5.93209 11.2357 5.75809 11.2375 5.55876C11.2395 5.35942 11.318 5.18217 11.473 5.02701C11.6282 4.88217 11.8038 4.80717 12 4.80201C12.1962 4.79684 12.3718 4.87184 12.527 5.02701L18.8673 11.3673C18.9609 11.4609 19.0269 11.5597 19.0652 11.6635C19.1037 11.7673 19.123 11.8795 19.123 12C19.123 12.1205 19.1037 12.2327 19.0652 12.3365C19.0269 12.4403 18.9609 12.5391 18.8673 12.6328L12.527 18.973C12.3885 19.1115 12.217 19.1823 12.0125 19.1855C11.808 19.1887 11.6282 19.1178 11.473 18.973C11.318 18.8178 11.2405 18.6397 11.2405 18.4385C11.2405 18.2372 11.318 18.0589 11.473 17.9038L16.627 12.75Z\" fill=\"var(--t2-icon-fill, #000)\"\/><\/svg><\/a><\/div>\n<\/div>\n\n\n\t\t\t\t<\/div>\n\t\t\t<\/div>\n\t\t<\/div>\n\t\t\n\n\n<p>eManager har et brukervennlig grensesnitt med innebygd driftsassistent for AutoStore. Med eManager har du kontroll p\u00e5 hvor alle varer er lokalisert og en komplett oversikt over hele inventaret. Du kan ogs\u00e5 bruke eManager til \u00e5 lage tilpassede prosesser for inng\u00e5ende varer, h\u00e5ndtering av returnerte varer, p\u00e5fyll i kasser og plukkrutiner. Dine ansatte vil f\u00e5 grundig oppl\u00e6ring i best bruk av programvaren.<\/p>\n\n\n\n<h2 class=\"wp-block-heading\" id=\"enkel-integrering-med-ditt-navaerende-wms\">Enkel integrering med ditt n\u00e5v\u00e6rende WMS<\/h2>\n\n\n\n<p>Programvaren kobles raskt opp til ditt eksisterende lagerstyringssystem (WMS). Integrasjonen kan gj\u00f8res med v\u00e5re standardiserte innstillinger for rask ROI, eller du kan velge \u00e5 la v\u00e5re eksperter tilpasse konfigurasjonen til dine behov og preferanser. Valget mellom en standardisert eller tilpasset plattform gj\u00f8r at eManager stadig er i utvikling og fortsetter \u00e5 m\u00f8te nye krav fra kunder og marked.<\/p>\n\n\n\n\t\t<blockquote class=\"wp-block-dekode-quote\">\n\t\t\t<div class=\"wp-block-dekode-quote__icon\">\n\t\t\t\t<img loading=\"lazy\" decoding=\"async\" width=\"247\" height=\"300\" src=\"https:\/\/www.elementlogic.net\/content\/uploads\/sites\/10\/\/2024\/09\/Theresa2-247x300.jpg\" class=\"quote-image\" alt=\"\" srcset=\"https:\/\/www.elementlogic.net\/content\/uploads\/sites\/10\/2024\/09\/Theresa2-247x300.jpg 247w, https:\/\/www.elementlogic.net\/content\/uploads\/sites\/10\/2024\/09\/Theresa2-842x1024.jpg 842w, https:\/\/www.elementlogic.net\/content\/uploads\/sites\/10\/2024\/09\/Theresa2-768x934.jpg 768w, https:\/\/www.elementlogic.net\/content\/uploads\/sites\/10\/2024\/09\/Theresa2-1263x1536.jpg 1263w, https:\/\/www.elementlogic.net\/content\/uploads\/sites\/10\/2024\/09\/Theresa2.jpg 1641w\" sizes=\"(max-width: 247px) 100vw, 247px\" \/><svg xmlns=\"http:\/\/www.w3.org\/2000\/svg\" viewBox=\"0 0 24 24\" height=\"96\" width=\"96\" class=\"t2-icon t2-icon-theme_quote\" aria-hidden=\"true\" focusable=\"false\"><path d=\"M6.7808 16.5288L8.49055 13.5673C8.43289 13.5993 8.36555 13.6217 8.28855 13.6345C8.21155 13.6473 8.13464 13.6538 8.0578 13.6538C7.04114 13.6538 6.17797 13.2958 5.4683 12.5798C4.7588 11.8638 4.40405 11.0038 4.40405 10C4.40405 8.98334 4.7588 8.12017 5.4683 7.4105C6.17797 6.701 7.04114 6.34625 8.0578 6.34625C9.06164 6.34625 9.92155 6.701 10.6376 7.4105C11.3536 8.12017 11.7116 8.98334 11.7116 10C11.7116 10.3513 11.669 10.6783 11.5838 10.9808C11.4985 11.2833 11.3737 11.5718 11.2096 11.8463L8.07305 17.2788C8.00905 17.3904 7.92122 17.4808 7.80955 17.55C7.69805 17.6192 7.57305 17.6538 7.43455 17.6538C7.14739 17.6538 6.93205 17.5288 6.78855 17.2788C6.64489 17.0288 6.6423 16.7788 6.7808 16.5288ZM15.6656 16.5288L17.3751 13.5673C17.3174 13.5993 17.2501 13.6217 17.1731 13.6345C17.0962 13.6473 17.0193 13.6538 16.9423 13.6538C15.9256 13.6538 15.0626 13.2958 14.3531 12.5798C13.6434 11.8638 13.2886 11.0038 13.2886 10C13.2886 8.977 13.6434 8.11225 14.3531 7.40575C15.0626 6.69942 15.9256 6.34625 16.9423 6.34625C17.9461 6.34625 18.8061 6.701 19.5221 7.4105C20.2381 8.12017 20.5961 8.98334 20.5961 10C20.5961 10.3513 20.5535 10.6783 20.4683 10.9808C20.383 11.2833 20.2583 11.5718 20.0943 11.8463L16.9578 17.2788C16.8936 17.3904 16.8058 17.4808 16.6943 17.55C16.5828 17.6192 16.4578 17.6538 16.3193 17.6538C16.0321 17.6538 15.8167 17.5288 15.6731 17.2788C15.5296 17.0288 15.5271 16.7788 15.6656 16.5288Z\" fill=\"var(--t2-icon-fill, #000)\"\/><\/svg>\n\t\t\t<\/div>\n\t\t\t<div class=\"wp-block-dekode-quote__text\">\n\t\t\t\t<p>eManager er hjernen som effektiviserer AutoStore og muliggj\u00f8r kommunikasjonen mellom komponentene for best arbeidsflyt.<\/p>\n<cite>systemarkitektPrincipal Solution Architect, Element Logic<\/cite>\n\t\t\t<\/div>\n\t\t<\/blockquote>\n\n\n<figure class=\"wp-block-image alignwide size-large\"><img loading=\"lazy\" decoding=\"async\" width=\"1024\" height=\"433\" src=\"https:\/\/www.elementlogic.net\/content\/uploads\/sites\/10\/\/2024\/09\/AutoStore-grid-dark-scaled-1024x433.jpg\" alt=\"\" class=\"wp-image-665\" srcset=\"https:\/\/www.elementlogic.net\/content\/uploads\/sites\/10\/2024\/09\/AutoStore-grid-dark-scaled-1024x433.jpg 1024w, https:\/\/www.elementlogic.net\/content\/uploads\/sites\/10\/2024\/09\/AutoStore-grid-dark-scaled-300x127.jpg 300w, https:\/\/www.elementlogic.net\/content\/uploads\/sites\/10\/2024\/09\/AutoStore-grid-dark-scaled-768x325.jpg 768w, https:\/\/www.elementlogic.net\/content\/uploads\/sites\/10\/2024\/09\/AutoStore-grid-dark-scaled-1536x650.jpg 1536w, https:\/\/www.elementlogic.net\/content\/uploads\/sites\/10\/2024\/09\/AutoStore-grid-dark-scaled-2048x866.jpg 2048w\" sizes=\"(max-width: 1024px) 100vw, 1024px\" \/><\/figure>\n\n\n\n<h2 class=\"wp-block-heading\" id=\"utviklet-med-overlegen-kunnskap-om-autostore\">Utviklet med overlegen kunnskap om AutoStore<\/h2>\n\n\n\n<p>Element Logic er den originale <a href=\"https:\/\/www.elementlogic.net\/no\/losninger-og-tjenester\/autostore\/\">AutoStore<\/a>-partneren. Vi har tatt i bruk flere ti\u00e5r med erfaring, kunnskap og strategiske forpliktelser i utviklingen av den perfekte programvaren for AutoStore. V\u00e5r ekspertise har resultert i en programvare som \u00f8ker presisjonen, produktiviteten og prosesseringen betraktelig for v\u00e5re kunder.<\/p>\n\n\n\n<p>En av de st\u00f8rste fordelene med eManager er evnen til \u00e5 effektivt prioritere oppgaver. Programvaren planlegger fleksible og dynamiske k\u00f8systemer for \u00e5 blant annet h\u00e5ndtere wave picking eller batch picking, samt returnerte varer og produkter med h\u00f8y frekvens. Systemene settes opp etter dine behov.<\/p>\n\n\n\n<h2 class=\"wp-block-heading\" id=\"programvaren-du-kan-stole-pa\">Programvaren du kan stole p\u00e5<\/h2>\n\n\n\n<p>eManager er utviklet for \u00e5 sikre langsiktig tilpasningsevne som kan motst\u00e5 endringer i bransjen. Den er stabil, skalerbar og st\u00f8tter mobil, server og skybaserte tjenester.<\/p>\n\n\n\n<p>V\u00e5re ansatte p\u00e5 <a href=\"https:\/\/www.elementlogic.net\/no\/kontakt-oss\/support\/\">kundeservice<\/a> er eksperter p\u00e5 b\u00e5de eManager og Autostore, og er tilgjengelige for deg om en situasjon oppst\u00e5r eller om du har sp\u00f8rsm\u00e5l til driften. Vi tilbyr ogs\u00e5 en detaljert m\u00e5nedlig statusrapport og eventuelle behov for vedlikehold.<\/p>\n\n\n\n\t\t<div class=\"wp-block-dekode-simple-cta\">\n\t\t\t<div class=\"dekode-simple-cta__inner\">\n\n<h2 class=\"wp-block-heading\" id=\"vil-du-laere-mer-om-hva-emanager-og-lagerautomasjon-kan-gjore-for-din-bedrift\">Vil du l\u00e6re mer om hva eManager og lagerautomasjon kan gj\u00f8re for din bedrift?<\/h2>\n\n\n\n<div class=\"wp-block-buttons is-layout-flex wp-block-buttons-is-layout-flex\">\n<div class=\"wp-block-button has-icon has-icon-theme_arrow\"><a class=\"wp-block-button__link wp-element-button\" href=\"https:\/\/www.elementlogic.net\/no\/kontakt-oss\/\">Kontakt oss i dag<svg xmlns=\"http:\/\/www.w3.org\/2000\/svg\" viewBox=\"0 0 24 24\" height=\"24\" width=\"24\" class=\"t2-icon t2-icon-theme_arrow\" aria-hidden=\"true\" focusable=\"false\"><path d=\"M16.627 12.75H5.25C5.03717 12.75 4.859 12.6782 4.7155 12.5345C4.57183 12.391 4.5 12.2128 4.5 12C4.5 11.7872 4.57183 11.609 4.7155 11.4655C4.859 11.3218 5.03717 11.25 5.25 11.25H16.627L11.4577 6.08076C11.3091 5.93209 11.2357 5.75809 11.2375 5.55876C11.2395 5.35942 11.318 5.18217 11.473 5.02701C11.6282 4.88217 11.8038 4.80717 12 4.80201C12.1962 4.79684 12.3718 4.87184 12.527 5.02701L18.8673 11.3673C18.9609 11.4609 19.0269 11.5597 19.0652 11.6635C19.1037 11.7673 19.123 11.8795 19.123 12C19.123 12.1205 19.1037 12.2327 19.0652 12.3365C19.0269 12.4403 18.9609 12.5391 18.8673 12.6328L12.527 18.973C12.3885 19.1115 12.217 19.1823 12.0125 19.1855C11.808 19.1887 11.6282 19.1178 11.473 18.973C11.318 18.8178 11.2405 18.6397 11.2405 18.4385C11.2405 18.2372 11.318 18.0589 11.473 17.9038L16.627 12.75Z\" fill=\"var(--t2-icon-fill, #000)\"\/><\/svg><\/a><\/div>\n<\/div>\n\n<\/div>\n\t\t<\/div>","protected":false},"excerpt":{"rendered":"<p>eManager har et brukervennlig grensesnitt med innebygd driftsassistent for AutoStore. Med eManager har du kontroll p\u00e5 hvor alle varer er [&hellip;]<\/p>\n","protected":false},"author":6,"featured_media":175,"parent":227,"menu_order":0,"comment_status":"closed","ping_status":"closed","template":"","meta":{"hreflang_relation":401,"_el_cross_publish_source_blog_url":"","_el_cross_publish_source_blog_id":0,"_el_cross_publish_source_post_id":0,"_el_cross_publish_sync_state":"","exclude_from_search":false,"footnotes":""},"class_list":["post-433","page","type-page","status-publish","has-post-thumbnail","hentry"],"yoast_head":"<!-- This site is optimized with the Yoast SEO Premium plugin v23.9 (Yoast SEO v23.9) - https:\/\/yoast.com\/wordpress\/plugins\/seo\/ -->\n<title>eManager | Element Logic Norway<\/title>\n<meta name=\"description\" content=\"For \u00e5 \u00f8ke effektiviteten, redusere driftskostnader og forbedre kundetilfredsheten har vi utviklet programvaren eManager. Slik fungerer den.\" \/>\n<meta name=\"robots\" content=\"index, follow, max-snippet:-1, max-image-preview:large, max-video-preview:-1\" \/>\n<link rel=\"canonical\" href=\"https:\/\/www.elementlogic.net\/no\/losninger-og-tjenester2\/programvare\/emanager\/\" \/>\n<meta property=\"og:locale\" content=\"nb_NO\" \/>\n<meta property=\"og:type\" content=\"article\" \/>\n<meta property=\"og:title\" content=\"eManager\" \/>\n<meta property=\"og:description\" content=\"For \u00e5 \u00f8ke effektiviteten, redusere driftskostnader og forbedre kundetilfredsheten har vi utviklet programvaren eManager. Slik fungerer den.\" \/>\n<meta property=\"og:url\" content=\"https:\/\/www.elementlogic.net\/no\/losninger-og-tjenester2\/programvare\/emanager\/\" \/>\n<meta property=\"og:site_name\" content=\"Element Logic Norway\" \/>\n<meta property=\"article:modified_time\" content=\"2024-12-03T09:02:45+00:00\" \/>\n<meta property=\"og:image\" content=\"https:\/\/www.elementlogic.net\/content\/uploads\/sites\/10\/\/2024\/09\/fallback-emanager.jpg\" \/>\n\t<meta property=\"og:image:width\" content=\"1600\" \/>\n\t<meta property=\"og:image:height\" content=\"850\" \/>\n\t<meta property=\"og:image:type\" content=\"image\/jpeg\" \/>\n<meta name=\"twitter:card\" content=\"summary_large_image\" \/>\n<meta name=\"twitter:label1\" content=\"Ansl. lesetid\" \/>\n\t<meta name=\"twitter:data1\" content=\"3 minutter\" \/>\n<script type=\"application\/ld+json\" class=\"yoast-schema-graph\">{\"@context\":\"https:\/\/schema.org\",\"@graph\":[{\"@type\":\"WebPage\",\"@id\":\"https:\/\/www.elementlogic.net\/no\/losninger-og-tjenester2\/programvare\/emanager\/\",\"url\":\"https:\/\/www.elementlogic.net\/no\/losninger-og-tjenester2\/programvare\/emanager\/\",\"name\":\"eManager | Element Logic Norway\",\"isPartOf\":{\"@id\":\"https:\/\/www.elementlogic.net\/no\/#website\"},\"primaryImageOfPage\":{\"@id\":\"https:\/\/www.elementlogic.net\/no\/losninger-og-tjenester2\/programvare\/emanager\/#primaryimage\"},\"image\":{\"@id\":\"https:\/\/www.elementlogic.net\/no\/losninger-og-tjenester2\/programvare\/emanager\/#primaryimage\"},\"thumbnailUrl\":\"https:\/\/www.elementlogic.net\/content\/uploads\/sites\/10\/\/2024\/09\/fallback-emanager.jpg\",\"datePublished\":\"2024-08-22T17:43:26+00:00\",\"dateModified\":\"2024-12-03T09:02:45+00:00\",\"description\":\"For \u00e5 \u00f8ke effektiviteten, redusere driftskostnader og forbedre kundetilfredsheten har vi utviklet programvaren eManager. Slik fungerer den.\",\"breadcrumb\":{\"@id\":\"https:\/\/www.elementlogic.net\/no\/losninger-og-tjenester2\/programvare\/emanager\/#breadcrumb\"},\"inLanguage\":\"nb-NO\",\"potentialAction\":[{\"@type\":\"ReadAction\",\"target\":[\"https:\/\/www.elementlogic.net\/no\/losninger-og-tjenester2\/programvare\/emanager\/\"]}]},{\"@type\":\"ImageObject\",\"inLanguage\":\"nb-NO\",\"@id\":\"https:\/\/www.elementlogic.net\/no\/losninger-og-tjenester2\/programvare\/emanager\/#primaryimage\",\"url\":\"https:\/\/www.elementlogic.net\/content\/uploads\/sites\/10\/\/2024\/09\/fallback-emanager.jpg\",\"contentUrl\":\"https:\/\/www.elementlogic.net\/content\/uploads\/sites\/10\/\/2024\/09\/fallback-emanager.jpg\",\"width\":1600,\"height\":850},{\"@type\":\"BreadcrumbList\",\"@id\":\"https:\/\/www.elementlogic.net\/no\/losninger-og-tjenester2\/programvare\/emanager\/#breadcrumb\",\"itemListElement\":[{\"@type\":\"ListItem\",\"position\":1,\"name\":\"L\u00f8sninger og tjenester\",\"item\":\"https:\/\/www.elementlogic.net\/no\/?page_id=266\"},{\"@type\":\"ListItem\",\"position\":2,\"name\":\"Programvare\",\"item\":\"https:\/\/www.elementlogic.net\/no\/losninger-og-tjenester2\/programvare\/\"},{\"@type\":\"ListItem\",\"position\":3,\"name\":\"eManager\"}]},{\"@type\":\"WebSite\",\"@id\":\"https:\/\/www.elementlogic.net\/no\/#website\",\"url\":\"https:\/\/www.elementlogic.net\/no\/\",\"name\":\"Element Logic Norway\",\"description\":\"\",\"alternateName\":\"Element Logic\",\"potentialAction\":[{\"@type\":\"SearchAction\",\"target\":{\"@type\":\"EntryPoint\",\"urlTemplate\":\"https:\/\/www.elementlogic.net\/no\/?s={search_term_string}\"},\"query-input\":{\"@type\":\"PropertyValueSpecification\",\"valueRequired\":true,\"valueName\":\"search_term_string\"}}],\"inLanguage\":\"nb-NO\"}]}<\/script>\n<!-- \/ Yoast SEO Premium plugin. -->","yoast_head_json":{"title":"eManager | Element Logic Norway","description":"For \u00e5 \u00f8ke effektiviteten, redusere driftskostnader og forbedre kundetilfredsheten har vi utviklet programvaren eManager. Slik fungerer den.","robots":{"index":"index","follow":"follow","max-snippet":"max-snippet:-1","max-image-preview":"max-image-preview:large","max-video-preview":"max-video-preview:-1"},"canonical":"https:\/\/www.elementlogic.net\/no\/losninger-og-tjenester2\/programvare\/emanager\/","og_locale":"nb_NO","og_type":"article","og_title":"eManager","og_description":"For \u00e5 \u00f8ke effektiviteten, redusere driftskostnader og forbedre kundetilfredsheten har vi utviklet programvaren eManager. Slik fungerer den.","og_url":"https:\/\/www.elementlogic.net\/no\/losninger-og-tjenester2\/programvare\/emanager\/","og_site_name":"Element Logic Norway","article_modified_time":"2024-12-03T09:02:45+00:00","og_image":[{"width":1600,"height":850,"url":"https:\/\/www.elementlogic.net\/content\/uploads\/sites\/10\/\/2024\/09\/fallback-emanager.jpg","type":"image\/jpeg"}],"twitter_card":"summary_large_image","twitter_misc":{"Ansl. lesetid":"3 minutter"},"schema":{"@context":"https:\/\/schema.org","@graph":[{"@type":"WebPage","@id":"https:\/\/www.elementlogic.net\/no\/losninger-og-tjenester2\/programvare\/emanager\/","url":"https:\/\/www.elementlogic.net\/no\/losninger-og-tjenester2\/programvare\/emanager\/","name":"eManager | Element Logic Norway","isPartOf":{"@id":"https:\/\/www.elementlogic.net\/no\/#website"},"primaryImageOfPage":{"@id":"https:\/\/www.elementlogic.net\/no\/losninger-og-tjenester2\/programvare\/emanager\/#primaryimage"},"image":{"@id":"https:\/\/www.elementlogic.net\/no\/losninger-og-tjenester2\/programvare\/emanager\/#primaryimage"},"thumbnailUrl":"https:\/\/www.elementlogic.net\/content\/uploads\/sites\/10\/\/2024\/09\/fallback-emanager.jpg","datePublished":"2024-08-22T17:43:26+00:00","dateModified":"2024-12-03T09:02:45+00:00","description":"For \u00e5 \u00f8ke effektiviteten, redusere driftskostnader og forbedre kundetilfredsheten har vi utviklet programvaren eManager. Slik fungerer den.","breadcrumb":{"@id":"https:\/\/www.elementlogic.net\/no\/losninger-og-tjenester2\/programvare\/emanager\/#breadcrumb"},"inLanguage":"nb-NO","potentialAction":[{"@type":"ReadAction","target":["https:\/\/www.elementlogic.net\/no\/losninger-og-tjenester2\/programvare\/emanager\/"]}]},{"@type":"ImageObject","inLanguage":"nb-NO","@id":"https:\/\/www.elementlogic.net\/no\/losninger-og-tjenester2\/programvare\/emanager\/#primaryimage","url":"https:\/\/www.elementlogic.net\/content\/uploads\/sites\/10\/\/2024\/09\/fallback-emanager.jpg","contentUrl":"https:\/\/www.elementlogic.net\/content\/uploads\/sites\/10\/\/2024\/09\/fallback-emanager.jpg","width":1600,"height":850},{"@type":"BreadcrumbList","@id":"https:\/\/www.elementlogic.net\/no\/losninger-og-tjenester2\/programvare\/emanager\/#breadcrumb","itemListElement":[{"@type":"ListItem","position":1,"name":"L\u00f8sninger og tjenester","item":"https:\/\/www.elementlogic.net\/no\/?page_id=266"},{"@type":"ListItem","position":2,"name":"Programvare","item":"https:\/\/www.elementlogic.net\/no\/losninger-og-tjenester2\/programvare\/"},{"@type":"ListItem","position":3,"name":"eManager"}]},{"@type":"WebSite","@id":"https:\/\/www.elementlogic.net\/no\/#website","url":"https:\/\/www.elementlogic.net\/no\/","name":"Element Logic Norway","description":"","alternateName":"Element Logic","potentialAction":[{"@type":"SearchAction","target":{"@type":"EntryPoint","urlTemplate":"https:\/\/www.elementlogic.net\/no\/?s={search_term_string}"},"query-input":{"@type":"PropertyValueSpecification","valueRequired":true,"valueName":"search_term_string"}}],"inLanguage":"nb-NO"}]}},"_links":{"self":[{"href":"https:\/\/www.elementlogic.net\/no\/wp-json\/wp\/v2\/pages\/433"}],"collection":[{"href":"https:\/\/www.elementlogic.net\/no\/wp-json\/wp\/v2\/pages"}],"about":[{"href":"https:\/\/www.elementlogic.net\/no\/wp-json\/wp\/v2\/types\/page"}],"author":[{"embeddable":true,"href":"https:\/\/www.elementlogic.net\/no\/wp-json\/wp\/v2\/users\/6"}],"replies":[{"embeddable":true,"href":"https:\/\/www.elementlogic.net\/no\/wp-json\/wp\/v2\/comments?post=433"}],"version-history":[{"count":5,"href":"https:\/\/www.elementlogic.net\/no\/wp-json\/wp\/v2\/pages\/433\/revisions"}],"predecessor-version":[{"id":2351,"href":"https:\/\/www.elementlogic.net\/no\/wp-json\/wp\/v2\/pages\/433\/revisions\/2351"}],"up":[{"embeddable":true,"href":"https:\/\/www.elementlogic.net\/no\/wp-json\/wp\/v2\/pages\/227"}],"wp:featuredmedia":[{"embeddable":true,"href":"https:\/\/www.elementlogic.net\/no\/wp-json\/wp\/v2\/media\/175"}],"wp:attachment":[{"href":"https:\/\/www.elementlogic.net\/no\/wp-json\/wp\/v2\/media?parent=433"}],"curies":[{"name":"wp","href":"https:\/\/api.w.org\/{rel}","templated":true}]}}