{"id":146,"date":"2024-09-09T21:50:17","date_gmt":"2024-09-09T19:50:17","guid":{"rendered":"https:\/\/www.elementlogic.net\/?page_id=2178"},"modified":"2025-11-27T13:44:19","modified_gmt":"2025-11-27T13:44:19","slug":"oblicz-swoj-roi-z-element-logic","status":"publish","type":"page","link":"https:\/\/www.elementlogic.net\/pl\/raporty\/oblicz-swoj-roi-z-element-logic\/","title":{"rendered":"Oblicz sw\u00f3j ROI z Element Logic"},"content":{"rendered":"\n\t\t<div style=\"--dekode-hero-dim:0.5; --t2-icon-fill:var(--wp--preset--color--white);\" class=\"alignfull dekode-hero-content-position-center has-media-background wp-block-dekode-hero has-text-color has-white-color\">\n\t\t\t<img loading=\"lazy\" decoding=\"async\" width=\"1024\" height=\"683\" src=\"https:\/\/www.elementlogic.net\/content\/uploads\/sites\/22\/\/2024\/09\/Element-Logic-cooperation-28168118-1024x683.jpg\" class=\"dekode-hero__image\" alt=\"\" style=\"--focalpoint: 47% 36%;\" srcset=\"https:\/\/www.elementlogic.net\/content\/uploads\/sites\/22\/2024\/09\/Element-Logic-cooperation-28168118-1024x683.jpg 1024w, https:\/\/www.elementlogic.net\/content\/uploads\/sites\/22\/2024\/09\/Element-Logic-cooperation-28168118-300x200.jpg 300w, https:\/\/www.elementlogic.net\/content\/uploads\/sites\/22\/2024\/09\/Element-Logic-cooperation-28168118-768x512.jpg 768w, https:\/\/www.elementlogic.net\/content\/uploads\/sites\/22\/2024\/09\/Element-Logic-cooperation-28168118.jpg 1080w\" sizes=\"(max-width: 1024px) 100vw, 1024px\" \/>\n\t\t\t<div class=\"dekode-hero__content\">\n\t\t\t\t<div class=\"dekode-hero__container\">\n\t\t\t\t\t\n\n<h1 class=\"wp-block-heading\" id=\"oblicz-swoj-roi-z-element-logic\">Oblicz sw\u00f3j ROI z Element Logic<\/h1>\n\n\n\n<p>D\u0142ugo mo\u017cna by wylicza\u0107 korzy\u015bci wynikaj\u0105ce z automatyzacji: miejsce, bardziej zadowoleni klienci i szcz\u0119\u015bliwsi pracownicy. Pytanie, jaka jest korzy\u015b\u0107 finansowa?<\/p>\n\n\n\t\t\t\t<\/div>\n\t\t\t<\/div>\n\t\t<\/div>\n\t\t\n\n\n<p>Nasz zesp\u00f3\u0142 ekspert\u00f3w pomo\u017ce obliczy\u0107 ROI. W tym raporcie dzielimy si\u0119 nasz\u0105 wiedz\u0105 i do\u015bwiadczeniem w okre\u015blaniu warto\u015bci finansowej ka\u017cdej korzy\u015bci z automatyzacji magazynu, zar\u00f3wno teraz i jak i w za dziesi\u0119ciolecia.<\/p>\n\n\n\n<p>Niekt\u00f3re warto\u015bci s\u0105 \u0142atwe do obliczenia, ale inne trudno oszacowa\u0107.<\/p>\n\n\n\n<p>Aby dowiedzie\u0107 si\u0119, jak osi\u0105gn\u0105\u0107 zwrot z inwestycji i wzrost dzi\u0119ki automatyzacji magazynu, pobierz nasz raport.<\/p>\n\n\n\n<p><strong>Czytaj\u0105c nasz materia\u0142, dowiesz si\u0119:<\/strong><\/p>\n\n\n\n<ul class=\"wp-block-list\">\n<li>Jak Element Logic oblicza zwrot z inwestycji i przeprowadza analiz\u0119 zwrotu<\/li>\n\n\n\n<li>Jakie s\u0105 korzy\u015bci finansowe z automatyzacji magazynu<\/li>\n\n\n\n<li>Jakie s\u0105 twarde liczby i mi\u0119kkie warto\u015bci, kt\u00f3re maj\u0105 wp\u0142yw na ROI<\/li>\n\n\n\n<li>Jaki mo\u017ce by\u0107 \u015bredni zwrot z inwestycji dzi\u0119ki automatyzacji z Element Logic<\/li>\n\n\n\n<li>U kt\u00f3rego klienta i w jakiej bran\u017cy zwrot z inwestycji zosta\u0142 osi\u0105gni\u0119ty w rekordowym czasie<\/li>\n<\/ul>\n\n\n\n\t\t<div class=\"wp-block-dekode-dynamics-form\">\n\t\t\t<div class=\"embedded-form\">\n\t\t\t\t<div\n\t\t\t\t\tdata-form-id=\"5ebcb900-6b2a-f011-8c4e-6045bdf51dec\"\n\t\t\t\t\tdata-form-api-url=\"https:\/\/public-eur.mkt.dynamics.com\/api\/v1.0\/orgs\/0d653081-4a98-4454-9ade-26f2fbe674ee\/landingpageforms\"\n\t\t\t\t\tdata-cached-form-url=\"https:\/\/assets-eur.mkt.dynamics.com\/0d653081-4a98-4454-9ade-26f2fbe674ee\/digitalassets\/forms\/5ebcb900-6b2a-f011-8c4e-6045bdf51dec\"\n\t\t\t\t><\/div>\n\t\t\t<\/div>\n\t\t<\/div>","protected":false},"excerpt":{"rendered":"<p>Nasz zesp\u00f3\u0142 ekspert\u00f3w pomo\u017ce obliczy\u0107 ROI. W tym raporcie dzielimy si\u0119 nasz\u0105 wiedz\u0105 i do\u015bwiadczeniem w okre\u015blaniu warto\u015bci finansowej ka\u017cdej [&hellip;]<\/p>\n","protected":false},"author":3,"featured_media":0,"parent":155,"menu_order":0,"comment_status":"closed","ping_status":"closed","template":"","meta":{"hreflang_relation":0,"_el_cross_publish_source_blog_url":"","_el_cross_publish_source_blog_id":0,"_el_cross_publish_source_post_id":0,"_el_cross_publish_sync_state":"","exclude_from_search":false,"footnotes":""},"class_list":["post-146","page","type-page","status-publish","hentry"],"yoast_head":"<!-- This site is optimized with the Yoast SEO Premium plugin v23.9 (Yoast SEO v23.9) - https:\/\/yoast.com\/wordpress\/plugins\/seo\/ -->\n<title>Oblicz sw\u00f3j ROI z Element Logic - Element Logic Poland<\/title>\n<meta name=\"description\" content=\"Oblicz sw\u00f3j ROI z AutoStore dzi\u0119ki naszemu poradnikowi! Dowiedz si\u0119, jak Element Logic pomo\u017ce Ci zmaksymalizowa\u0107 zwrot z inwestycji.\" \/>\n<meta name=\"robots\" content=\"index, follow, max-snippet:-1, max-image-preview:large, max-video-preview:-1\" \/>\n<link rel=\"canonical\" href=\"https:\/\/www.elementlogic.net\/pl\/raporty\/oblicz-swoj-roi-z-element-logic\/\" \/>\n<meta property=\"og:locale\" content=\"pl_PL\" \/>\n<meta property=\"og:type\" content=\"article\" \/>\n<meta property=\"og:title\" content=\"Oblicz sw\u00f3j ROI z Element Logic\" \/>\n<meta property=\"og:description\" content=\"Oblicz sw\u00f3j ROI z AutoStore dzi\u0119ki naszemu poradnikowi! Dowiedz si\u0119, jak Element Logic pomo\u017ce Ci zmaksymalizowa\u0107 zwrot z inwestycji.\" \/>\n<meta property=\"og:url\" content=\"https:\/\/www.elementlogic.net\/pl\/raporty\/oblicz-swoj-roi-z-element-logic\/\" \/>\n<meta property=\"og:site_name\" content=\"Element Logic Poland\" \/>\n<meta property=\"article:modified_time\" content=\"2025-11-27T13:44:19+00:00\" \/>\n<meta name=\"twitter:card\" content=\"summary_large_image\" \/>\n<script type=\"application\/ld+json\" class=\"yoast-schema-graph\">{\"@context\":\"https:\/\/schema.org\",\"@graph\":[{\"@type\":\"WebPage\",\"@id\":\"https:\/\/www.elementlogic.net\/pl\/raporty\/oblicz-swoj-roi-z-element-logic\/\",\"url\":\"https:\/\/www.elementlogic.net\/pl\/raporty\/oblicz-swoj-roi-z-element-logic\/\",\"name\":\"Oblicz sw\u00f3j ROI z Element Logic - Element Logic Poland\",\"isPartOf\":{\"@id\":\"https:\/\/www.elementlogic.net\/pl\/#website\"},\"datePublished\":\"2024-09-09T19:50:17+00:00\",\"dateModified\":\"2025-11-27T13:44:19+00:00\",\"description\":\"Oblicz sw\u00f3j ROI z AutoStore dzi\u0119ki naszemu poradnikowi! Dowiedz si\u0119, jak Element Logic pomo\u017ce Ci zmaksymalizowa\u0107 zwrot z inwestycji.\",\"breadcrumb\":{\"@id\":\"https:\/\/www.elementlogic.net\/pl\/raporty\/oblicz-swoj-roi-z-element-logic\/#breadcrumb\"},\"inLanguage\":\"pl-PL\",\"potentialAction\":[{\"@type\":\"ReadAction\",\"target\":[\"https:\/\/www.elementlogic.net\/pl\/raporty\/oblicz-swoj-roi-z-element-logic\/\"]}]},{\"@type\":\"BreadcrumbList\",\"@id\":\"https:\/\/www.elementlogic.net\/pl\/raporty\/oblicz-swoj-roi-z-element-logic\/#breadcrumb\",\"itemListElement\":[{\"@type\":\"ListItem\",\"position\":1,\"name\":\"Raporty\",\"item\":\"https:\/\/www.elementlogic.net\/pl\/raporty\/\"},{\"@type\":\"ListItem\",\"position\":2,\"name\":\"Oblicz sw\u00f3j ROI z Element Logic\"}]},{\"@type\":\"WebSite\",\"@id\":\"https:\/\/www.elementlogic.net\/pl\/#website\",\"url\":\"https:\/\/www.elementlogic.net\/pl\/\",\"name\":\"Element Logic Poland\",\"description\":\"\",\"potentialAction\":[{\"@type\":\"SearchAction\",\"target\":{\"@type\":\"EntryPoint\",\"urlTemplate\":\"https:\/\/www.elementlogic.net\/pl\/?s={search_term_string}\"},\"query-input\":{\"@type\":\"PropertyValueSpecification\",\"valueRequired\":true,\"valueName\":\"search_term_string\"}}],\"inLanguage\":\"pl-PL\"}]}<\/script>\n<!-- \/ Yoast SEO Premium plugin. -->","yoast_head_json":{"title":"Oblicz sw\u00f3j ROI z Element Logic - Element Logic Poland","description":"Oblicz sw\u00f3j ROI z AutoStore dzi\u0119ki naszemu poradnikowi! Dowiedz si\u0119, jak Element Logic pomo\u017ce Ci zmaksymalizowa\u0107 zwrot z inwestycji.","robots":{"index":"index","follow":"follow","max-snippet":"max-snippet:-1","max-image-preview":"max-image-preview:large","max-video-preview":"max-video-preview:-1"},"canonical":"https:\/\/www.elementlogic.net\/pl\/raporty\/oblicz-swoj-roi-z-element-logic\/","og_locale":"pl_PL","og_type":"article","og_title":"Oblicz sw\u00f3j ROI z Element Logic","og_description":"Oblicz sw\u00f3j ROI z AutoStore dzi\u0119ki naszemu poradnikowi! Dowiedz si\u0119, jak Element Logic pomo\u017ce Ci zmaksymalizowa\u0107 zwrot z inwestycji.","og_url":"https:\/\/www.elementlogic.net\/pl\/raporty\/oblicz-swoj-roi-z-element-logic\/","og_site_name":"Element Logic Poland","article_modified_time":"2025-11-27T13:44:19+00:00","twitter_card":"summary_large_image","schema":{"@context":"https:\/\/schema.org","@graph":[{"@type":"WebPage","@id":"https:\/\/www.elementlogic.net\/pl\/raporty\/oblicz-swoj-roi-z-element-logic\/","url":"https:\/\/www.elementlogic.net\/pl\/raporty\/oblicz-swoj-roi-z-element-logic\/","name":"Oblicz sw\u00f3j ROI z Element Logic - Element Logic Poland","isPartOf":{"@id":"https:\/\/www.elementlogic.net\/pl\/#website"},"datePublished":"2024-09-09T19:50:17+00:00","dateModified":"2025-11-27T13:44:19+00:00","description":"Oblicz sw\u00f3j ROI z AutoStore dzi\u0119ki naszemu poradnikowi! Dowiedz si\u0119, jak Element Logic pomo\u017ce Ci zmaksymalizowa\u0107 zwrot z inwestycji.","breadcrumb":{"@id":"https:\/\/www.elementlogic.net\/pl\/raporty\/oblicz-swoj-roi-z-element-logic\/#breadcrumb"},"inLanguage":"pl-PL","potentialAction":[{"@type":"ReadAction","target":["https:\/\/www.elementlogic.net\/pl\/raporty\/oblicz-swoj-roi-z-element-logic\/"]}]},{"@type":"BreadcrumbList","@id":"https:\/\/www.elementlogic.net\/pl\/raporty\/oblicz-swoj-roi-z-element-logic\/#breadcrumb","itemListElement":[{"@type":"ListItem","position":1,"name":"Raporty","item":"https:\/\/www.elementlogic.net\/pl\/raporty\/"},{"@type":"ListItem","position":2,"name":"Oblicz sw\u00f3j ROI z Element Logic"}]},{"@type":"WebSite","@id":"https:\/\/www.elementlogic.net\/pl\/#website","url":"https:\/\/www.elementlogic.net\/pl\/","name":"Element Logic Poland","description":"","potentialAction":[{"@type":"SearchAction","target":{"@type":"EntryPoint","urlTemplate":"https:\/\/www.elementlogic.net\/pl\/?s={search_term_string}"},"query-input":{"@type":"PropertyValueSpecification","valueRequired":true,"valueName":"search_term_string"}}],"inLanguage":"pl-PL"}]}},"_links":{"self":[{"href":"https:\/\/www.elementlogic.net\/pl\/wp-json\/wp\/v2\/pages\/146"}],"collection":[{"href":"https:\/\/www.elementlogic.net\/pl\/wp-json\/wp\/v2\/pages"}],"about":[{"href":"https:\/\/www.elementlogic.net\/pl\/wp-json\/wp\/v2\/types\/page"}],"author":[{"embeddable":true,"href":"https:\/\/www.elementlogic.net\/pl\/wp-json\/wp\/v2\/users\/3"}],"replies":[{"embeddable":true,"href":"https:\/\/www.elementlogic.net\/pl\/wp-json\/wp\/v2\/comments?post=146"}],"version-history":[{"count":5,"href":"https:\/\/www.elementlogic.net\/pl\/wp-json\/wp\/v2\/pages\/146\/revisions"}],"predecessor-version":[{"id":2500,"href":"https:\/\/www.elementlogic.net\/pl\/wp-json\/wp\/v2\/pages\/146\/revisions\/2500"}],"up":[{"embeddable":true,"href":"https:\/\/www.elementlogic.net\/pl\/wp-json\/wp\/v2\/pages\/155"}],"wp:attachment":[{"href":"https:\/\/www.elementlogic.net\/pl\/wp-json\/wp\/v2\/media?parent=146"}],"curies":[{"name":"wp","href":"https:\/\/api.w.org\/{rel}","templated":true}]}}