{"id":1715,"date":"2024-11-06T14:11:54","date_gmt":"2024-11-06T14:11:54","guid":{"rendered":"https:\/\/www.elementlogic.net\/pl\/?page_id=1715"},"modified":"2025-11-27T13:43:50","modified_gmt":"2025-11-27T13:43:50","slug":"trendy-w-intralogistyce","status":"publish","type":"page","link":"https:\/\/www.elementlogic.net\/pl\/raporty\/trendy-w-intralogistyce\/","title":{"rendered":"Trendy w intralogistyce"},"content":{"rendered":"\n\t\t<div style=\"--dekode-hero-dim:0.5; --t2-icon-fill:var(--wp--preset--color--white); min-height:500px;\" class=\"alignfull dekode-hero-content-position-center has-media-background wp-block-dekode-hero\">\n\t\t\t<img loading=\"lazy\" decoding=\"async\" width=\"1024\" height=\"429\" src=\"https:\/\/www.elementlogic.net\/content\/uploads\/sites\/22\/\/2024\/09\/Wallpaper-10-scaled-1024x429.jpg\" class=\"dekode-hero__image\" alt=\"\" style=\"--focalpoint: 32% 43%;\" srcset=\"https:\/\/www.elementlogic.net\/content\/uploads\/sites\/22\/2024\/09\/Wallpaper-10-scaled-1024x429.jpg 1024w, https:\/\/www.elementlogic.net\/content\/uploads\/sites\/22\/2024\/09\/Wallpaper-10-scaled-300x126.jpg 300w, https:\/\/www.elementlogic.net\/content\/uploads\/sites\/22\/2024\/09\/Wallpaper-10-scaled-768x322.jpg 768w, https:\/\/www.elementlogic.net\/content\/uploads\/sites\/22\/2024\/09\/Wallpaper-10-scaled-1536x643.jpg 1536w, https:\/\/www.elementlogic.net\/content\/uploads\/sites\/22\/2024\/09\/Wallpaper-10-scaled-2048x858.jpg 2048w\" sizes=\"(max-width: 1024px) 100vw, 1024px\" \/>\n\t\t\t<div class=\"dekode-hero__content\">\n\t\t\t\t<div class=\"dekode-hero__container\">\n\t\t\t\t\t\n\n<h1 class=\"wp-block-heading\" id=\"trendy-w-intralogistyce\"> Trendy w intralogistyce<\/h1>\n\n\n\n<p>Ciekawi Ci\u0119, jak bran\u017ca b\u0119dzie si\u0119 rozwija\u0107 w najbli\u017cszej przysz\u0142o\u015bci? Po 35 latach optymalizacji wydajno\u015bci magazyn\u00f3w mamy ogromne do\u015bwiadczenie i wiedz\u0119 na temat tego, co si\u0119 na rynku utrzyma, a co jest tylko chwilow\u0105 mod\u0105<\/p>\n\n\n\t\t\t\t<\/div>\n\t\t\t<\/div>\n\t\t<\/div>\n\t\t\n\n\n<p>W ci\u0105gu ostatnich dw\u00f3ch lat byli\u015bmy \u015bwiadkami ogromnego wzrostu i zmian w intralogistyce. Opr\u00f3cz nowych technologii i innowacji last-mile distribution, widzimy r\u00f3wnie\u017c zmieniaj\u0105ce si\u0119 wymagania klient\u00f3w. Oczekuj\u0105 oni szybkiej i niezawodnej realizacji zam\u00f3wie\u0144, i to ju\u017c teraz.<\/p>\n\n\n\n<p>Aby pozosta\u0107 konkurencyjnym, trzeba rozumie\u0107 pojawiaj\u0105ce si\u0119 w bran\u017cy trendy.<\/p>\n\n\n\n<p>Dlatego w\u0142a\u015bnie stworzyli\u015bmy ten Raport. Przygl\u0105damy si\u0119 w nim trzem najwa\u017cniejszym trendom w intralogistyce i realizacji zam\u00f3wie\u0144. Wierzymy, \u017ce te trendy b\u0119d\u0105 odgrywa\u0107 kluczow\u0105 rol\u0119 w rozwoju bran\u017cy w nadchodz\u0105cych latach.<\/p>\n\n\n\n<h3 class=\"wp-block-heading\" id=\"z-tego-raportu-dowiesz-sie-wiecej-o\"><strong>Z tego raportu dowiesz si\u0119 wi\u0119cej o:<\/strong><\/h3>\n\n\n\n<ul class=\"wp-block-list\">\n<li>e-grocery i o tym, czego oczekuj\u0105 klienci od dostawc\u00f3w<\/li>\n\n\n\n<li>mikrocentrach logistycznych i innowacyjnych sposobach skr\u00f3cenia czasu dostawy tzw. last-mile<\/li>\n\n\n\n<li>automatyzacji jako us\u0142udze (Automation as a Service \u2013 w skr\u00f3cie AaaS) i tym, czy b\u0119dzie rozwi\u0105zaniem pozwalaj\u0105cym na automatyzacj\u0119 magazynu bez konieczno\u015bci inwestowania<\/li>\n<\/ul>\n\n\n\n\t\t<div class=\"wp-block-dekode-dynamics-form\">\n\t\t\t<div class=\"embedded-form\">\n\t\t\t\t<div\n\t\t\t\t\tdata-form-id=\"5ebcb900-6b2a-f011-8c4e-6045bdf51dec\"\n\t\t\t\t\tdata-form-api-url=\"https:\/\/public-eur.mkt.dynamics.com\/api\/v1.0\/orgs\/0d653081-4a98-4454-9ade-26f2fbe674ee\/landingpageforms\"\n\t\t\t\t\tdata-cached-form-url=\"https:\/\/assets-eur.mkt.dynamics.com\/0d653081-4a98-4454-9ade-26f2fbe674ee\/digitalassets\/forms\/5ebcb900-6b2a-f011-8c4e-6045bdf51dec\"\n\t\t\t\t><\/div>\n\t\t\t<\/div>\n\t\t<\/div>","protected":false},"excerpt":{"rendered":"<p>W ci\u0105gu ostatnich dw\u00f3ch lat byli\u015bmy \u015bwiadkami ogromnego wzrostu i zmian w intralogistyce. Opr\u00f3cz nowych technologii i innowacji last-mile distribution, [&hellip;]<\/p>\n","protected":false},"author":36,"featured_media":0,"parent":155,"menu_order":0,"comment_status":"closed","ping_status":"closed","template":"","meta":{"hreflang_relation":2182,"_el_cross_publish_source_blog_url":"","_el_cross_publish_source_blog_id":0,"_el_cross_publish_source_post_id":0,"_el_cross_publish_sync_state":"","exclude_from_search":false,"footnotes":""},"class_list":["post-1715","page","type-page","status-publish","hentry"],"yoast_head":"<!-- This site is optimized with the Yoast SEO Premium plugin v23.9 (Yoast SEO v23.9) - https:\/\/yoast.com\/wordpress\/plugins\/seo\/ -->\n<title>Trendy w intralogistyce - Element Logic Poland<\/title>\n<meta name=\"description\" content=\"Odkryj kluczowe trendy w intralogistyce: automatyzacja, robotyzacja, AI i Przemys\u0142 4.0. Zoptymalizuj sw\u00f3j \u0142a\u0144cuch dostaw i magazyny!\" \/>\n<meta name=\"robots\" content=\"index, follow, max-snippet:-1, max-image-preview:large, max-video-preview:-1\" \/>\n<link rel=\"canonical\" href=\"https:\/\/www.elementlogic.net\/pl\/raporty\/trendy-w-intralogistyce\/\" \/>\n<meta property=\"og:locale\" content=\"pl_PL\" \/>\n<meta property=\"og:type\" content=\"article\" \/>\n<meta property=\"og:title\" content=\"Trendy w intralogistyce\" \/>\n<meta property=\"og:description\" content=\"Odkryj kluczowe trendy w intralogistyce: automatyzacja, robotyzacja, AI i Przemys\u0142 4.0. Zoptymalizuj sw\u00f3j \u0142a\u0144cuch dostaw i magazyny!\" \/>\n<meta property=\"og:url\" content=\"https:\/\/www.elementlogic.net\/pl\/raporty\/trendy-w-intralogistyce\/\" \/>\n<meta property=\"og:site_name\" content=\"Element Logic Poland\" \/>\n<meta property=\"article:modified_time\" content=\"2025-11-27T13:43:50+00:00\" \/>\n<meta name=\"twitter:card\" content=\"summary_large_image\" \/>\n<script type=\"application\/ld+json\" class=\"yoast-schema-graph\">{\"@context\":\"https:\/\/schema.org\",\"@graph\":[{\"@type\":\"WebPage\",\"@id\":\"https:\/\/www.elementlogic.net\/pl\/raporty\/trendy-w-intralogistyce\/\",\"url\":\"https:\/\/www.elementlogic.net\/pl\/raporty\/trendy-w-intralogistyce\/\",\"name\":\"Trendy w intralogistyce - Element Logic Poland\",\"isPartOf\":{\"@id\":\"https:\/\/www.elementlogic.net\/pl\/#website\"},\"datePublished\":\"2024-11-06T14:11:54+00:00\",\"dateModified\":\"2025-11-27T13:43:50+00:00\",\"description\":\"Odkryj kluczowe trendy w intralogistyce: automatyzacja, robotyzacja, AI i Przemys\u0142 4.0. Zoptymalizuj sw\u00f3j \u0142a\u0144cuch dostaw i magazyny!\",\"breadcrumb\":{\"@id\":\"https:\/\/www.elementlogic.net\/pl\/raporty\/trendy-w-intralogistyce\/#breadcrumb\"},\"inLanguage\":\"pl-PL\",\"potentialAction\":[{\"@type\":\"ReadAction\",\"target\":[\"https:\/\/www.elementlogic.net\/pl\/raporty\/trendy-w-intralogistyce\/\"]}]},{\"@type\":\"BreadcrumbList\",\"@id\":\"https:\/\/www.elementlogic.net\/pl\/raporty\/trendy-w-intralogistyce\/#breadcrumb\",\"itemListElement\":[{\"@type\":\"ListItem\",\"position\":1,\"name\":\"Raporty\",\"item\":\"https:\/\/www.elementlogic.net\/pl\/raporty\/\"},{\"@type\":\"ListItem\",\"position\":2,\"name\":\"Trendy w intralogistyce\"}]},{\"@type\":\"WebSite\",\"@id\":\"https:\/\/www.elementlogic.net\/pl\/#website\",\"url\":\"https:\/\/www.elementlogic.net\/pl\/\",\"name\":\"Element Logic Poland\",\"description\":\"\",\"potentialAction\":[{\"@type\":\"SearchAction\",\"target\":{\"@type\":\"EntryPoint\",\"urlTemplate\":\"https:\/\/www.elementlogic.net\/pl\/?s={search_term_string}\"},\"query-input\":{\"@type\":\"PropertyValueSpecification\",\"valueRequired\":true,\"valueName\":\"search_term_string\"}}],\"inLanguage\":\"pl-PL\"}]}<\/script>\n<!-- \/ Yoast SEO Premium plugin. -->","yoast_head_json":{"title":"Trendy w intralogistyce - Element Logic Poland","description":"Odkryj kluczowe trendy w intralogistyce: automatyzacja, robotyzacja, AI i Przemys\u0142 4.0. Zoptymalizuj sw\u00f3j \u0142a\u0144cuch dostaw i magazyny!","robots":{"index":"index","follow":"follow","max-snippet":"max-snippet:-1","max-image-preview":"max-image-preview:large","max-video-preview":"max-video-preview:-1"},"canonical":"https:\/\/www.elementlogic.net\/pl\/raporty\/trendy-w-intralogistyce\/","og_locale":"pl_PL","og_type":"article","og_title":"Trendy w intralogistyce","og_description":"Odkryj kluczowe trendy w intralogistyce: automatyzacja, robotyzacja, AI i Przemys\u0142 4.0. Zoptymalizuj sw\u00f3j \u0142a\u0144cuch dostaw i magazyny!","og_url":"https:\/\/www.elementlogic.net\/pl\/raporty\/trendy-w-intralogistyce\/","og_site_name":"Element Logic Poland","article_modified_time":"2025-11-27T13:43:50+00:00","twitter_card":"summary_large_image","schema":{"@context":"https:\/\/schema.org","@graph":[{"@type":"WebPage","@id":"https:\/\/www.elementlogic.net\/pl\/raporty\/trendy-w-intralogistyce\/","url":"https:\/\/www.elementlogic.net\/pl\/raporty\/trendy-w-intralogistyce\/","name":"Trendy w intralogistyce - Element Logic Poland","isPartOf":{"@id":"https:\/\/www.elementlogic.net\/pl\/#website"},"datePublished":"2024-11-06T14:11:54+00:00","dateModified":"2025-11-27T13:43:50+00:00","description":"Odkryj kluczowe trendy w intralogistyce: automatyzacja, robotyzacja, AI i Przemys\u0142 4.0. Zoptymalizuj sw\u00f3j \u0142a\u0144cuch dostaw i magazyny!","breadcrumb":{"@id":"https:\/\/www.elementlogic.net\/pl\/raporty\/trendy-w-intralogistyce\/#breadcrumb"},"inLanguage":"pl-PL","potentialAction":[{"@type":"ReadAction","target":["https:\/\/www.elementlogic.net\/pl\/raporty\/trendy-w-intralogistyce\/"]}]},{"@type":"BreadcrumbList","@id":"https:\/\/www.elementlogic.net\/pl\/raporty\/trendy-w-intralogistyce\/#breadcrumb","itemListElement":[{"@type":"ListItem","position":1,"name":"Raporty","item":"https:\/\/www.elementlogic.net\/pl\/raporty\/"},{"@type":"ListItem","position":2,"name":"Trendy w intralogistyce"}]},{"@type":"WebSite","@id":"https:\/\/www.elementlogic.net\/pl\/#website","url":"https:\/\/www.elementlogic.net\/pl\/","name":"Element Logic Poland","description":"","potentialAction":[{"@type":"SearchAction","target":{"@type":"EntryPoint","urlTemplate":"https:\/\/www.elementlogic.net\/pl\/?s={search_term_string}"},"query-input":{"@type":"PropertyValueSpecification","valueRequired":true,"valueName":"search_term_string"}}],"inLanguage":"pl-PL"}]}},"_links":{"self":[{"href":"https:\/\/www.elementlogic.net\/pl\/wp-json\/wp\/v2\/pages\/1715"}],"collection":[{"href":"https:\/\/www.elementlogic.net\/pl\/wp-json\/wp\/v2\/pages"}],"about":[{"href":"https:\/\/www.elementlogic.net\/pl\/wp-json\/wp\/v2\/types\/page"}],"author":[{"embeddable":true,"href":"https:\/\/www.elementlogic.net\/pl\/wp-json\/wp\/v2\/users\/36"}],"replies":[{"embeddable":true,"href":"https:\/\/www.elementlogic.net\/pl\/wp-json\/wp\/v2\/comments?post=1715"}],"version-history":[{"count":5,"href":"https:\/\/www.elementlogic.net\/pl\/wp-json\/wp\/v2\/pages\/1715\/revisions"}],"predecessor-version":[{"id":2499,"href":"https:\/\/www.elementlogic.net\/pl\/wp-json\/wp\/v2\/pages\/1715\/revisions\/2499"}],"up":[{"embeddable":true,"href":"https:\/\/www.elementlogic.net\/pl\/wp-json\/wp\/v2\/pages\/155"}],"wp:attachment":[{"href":"https:\/\/www.elementlogic.net\/pl\/wp-json\/wp\/v2\/media?parent=1715"}],"curies":[{"name":"wp","href":"https:\/\/api.w.org\/{rel}","templated":true}]}}