{"id":1717,"date":"2024-09-09T12:15:31","date_gmt":"2024-09-09T12:15:31","guid":{"rendered":"https:\/\/www.elementlogic.net\/pl\/?page_id=1717"},"modified":"2025-11-27T13:43:23","modified_gmt":"2025-11-27T13:43:23","slug":"8-mitow-na-temat-automatyzacji-magazynu","status":"publish","type":"page","link":"https:\/\/www.elementlogic.net\/pl\/raporty\/8-mitow-na-temat-automatyzacji-magazynu\/","title":{"rendered":"8 mit\u00f3w na temat automatyzacji magazynu"},"content":{"rendered":"\n\t\t<div style=\"--dekode-hero-dim:0.5; --t2-icon-fill:var(--wp--preset--color--white);\" class=\"alignfull dekode-hero-content-position-center has-media-background wp-block-dekode-hero has-text-color has-white-color\">\n\t\t\t<img loading=\"lazy\" decoding=\"async\" width=\"1024\" height=\"684\" src=\"https:\/\/www.elementlogic.net\/content\/uploads\/sites\/22\/\/2024\/09\/Bergfreunde-AutoStore-Robots-1024x684.jpg\" class=\"dekode-hero__image\" alt=\"Kilka robot\u00f3w AutoStore z linii czerwonej porusza si\u0119 po kracie\" style=\"--focalpoint: 22% 14%;\" srcset=\"https:\/\/www.elementlogic.net\/content\/uploads\/sites\/22\/2024\/09\/Bergfreunde-AutoStore-Robots-1024x684.jpg 1024w, https:\/\/www.elementlogic.net\/content\/uploads\/sites\/22\/2024\/09\/Bergfreunde-AutoStore-Robots-300x200.jpg 300w, https:\/\/www.elementlogic.net\/content\/uploads\/sites\/22\/2024\/09\/Bergfreunde-AutoStore-Robots-768x513.jpg 768w, https:\/\/www.elementlogic.net\/content\/uploads\/sites\/22\/2024\/09\/Bergfreunde-AutoStore-Robots-1536x1025.jpg 1536w, https:\/\/www.elementlogic.net\/content\/uploads\/sites\/22\/2024\/09\/Bergfreunde-AutoStore-Robots.jpg 1600w\" sizes=\"(max-width: 1024px) 100vw, 1024px\" \/>\n\t\t\t<div class=\"dekode-hero__content\">\n\t\t\t\t<div class=\"dekode-hero__container\">\n\t\t\t\t\t\n\n<h1 class=\"wp-block-heading\" id=\"8-mitow-na-temat-automatyzacji-magazynu\">8 mit\u00f3w na temat automatyzacji magazynu<\/h1>\n\n\n\n<p>Chcesz dowiedzie\u0107 si\u0119, jakie korzy\u015bci mo\u017ce przynie\u015b\u0107 Twojej firmie automatyzacja? Pozw\u00f3l nam pokaza\u0107 Ci co jest mitem, a co faktem!<\/p>\n\n\n\t\t\t\t<\/div>\n\t\t\t<\/div>\n\t\t<\/div>\n\t\t\n\n\n<p>Coraz wi\u0119cej firm pragnie zautomatyzowa\u0107 magazyny, by sta\u0107 si\u0119 konkurencyjnymi na swoich rynkach. Jednak automatyzacja nadal cz\u0119sto spotyka si\u0119 ze sceptycznym podej\u015bciem cz\u0142onk\u00f3w zarz\u0105du.<\/p>\n\n\n\n<p>Tak du\u017ca inwestycja, by\u0107 mo\u017ce najwi\u0119ksza, do jakiej firma kiedykolwiek przyst\u0105pi\u0142a, w naturalny spos\u00f3b wywo\u0142uje sceptycyzm i budzi obaw\u0119 przed potencjalnym ryzykiem. Prawd\u0105 jest, \u017ce sceptycyzm bardzo cz\u0119sto opiera si\u0119 na niewiarygodnych mitach, m\u00f3wi Dag-Adler Blakseth, CEO Element Logic.<\/p>\n\n\n\n<p>Tak du\u017ca inwestycja, by\u0107 mo\u017ce najwi\u0119ksza, do jakiej firma kiedykolwiek przyst\u0105pi\u0142a, w naturalny spos\u00f3b wywo\u0142uje sceptycyzm i budzi obaw\u0119 przed potencjalnym ryzykiem. Prawd\u0105 jest, \u017ce sceptycyzm bardzo cz\u0119sto opiera si\u0119 na niewiarygodnych mitach, m\u00f3wi Dag-Adler Blakseth, CEO Element Logic.<\/p>\n\n\n\n<h3 class=\"wp-block-heading\" id=\"z-tego-raportu-dowiesz-sie\">Z tego raportu<strong> dowiesz si\u0119<\/strong>:<\/h3>\n\n\n\n<ul class=\"wp-block-list\">\n<li>Wi\u0119cej o poziomie z\u0142o\u017cono\u015bci automatyzacji<\/li>\n\n\n\n<li>Jak upewni\u0107 si\u0119, \u017ce automatyzacja przyniesie korzy\u015bci finansowe<\/li>\n\n\n\n<li>Czy potrzebujesz zbudowa\u0107 nowy magazyn, czy wystarczy zoptymalizowa\u0107 ju\u017c istniej\u0105cy<\/li>\n\n\n\n<li>Jak dzia\u0142a AutoStore<\/li>\n\n\n\n<li>Jak automatyzacja wp\u0142ywa na pracownik\u00f3w<\/li>\n\n\n\n<li>Dla jakich bran\u017c automatyzacja jest odpowiednia<\/li>\n<\/ul>\n\n\n\n\t\t<div class=\"wp-block-dekode-dynamics-form\">\n\t\t\t<div class=\"embedded-form\">\n\t\t\t\t<div\n\t\t\t\t\tdata-form-id=\"5ebcb900-6b2a-f011-8c4e-6045bdf51dec\"\n\t\t\t\t\tdata-form-api-url=\"https:\/\/public-eur.mkt.dynamics.com\/api\/v1.0\/orgs\/0d653081-4a98-4454-9ade-26f2fbe674ee\/landingpageforms\"\n\t\t\t\t\tdata-cached-form-url=\"https:\/\/assets-eur.mkt.dynamics.com\/0d653081-4a98-4454-9ade-26f2fbe674ee\/digitalassets\/forms\/5ebcb900-6b2a-f011-8c4e-6045bdf51dec\"\n\t\t\t\t><\/div>\n\t\t\t<\/div>\n\t\t<\/div>","protected":false},"excerpt":{"rendered":"<p>Coraz wi\u0119cej firm pragnie zautomatyzowa\u0107 magazyny, by sta\u0107 si\u0119 konkurencyjnymi na swoich rynkach. Jednak automatyzacja nadal cz\u0119sto spotyka si\u0119 ze [&hellip;]<\/p>\n","protected":false},"author":36,"featured_media":0,"parent":155,"menu_order":0,"comment_status":"closed","ping_status":"closed","template":"","meta":{"hreflang_relation":2188,"_el_cross_publish_source_blog_url":"","_el_cross_publish_source_blog_id":0,"_el_cross_publish_source_post_id":0,"_el_cross_publish_sync_state":"","exclude_from_search":false,"footnotes":""},"class_list":["post-1717","page","type-page","status-publish","hentry"],"yoast_head":"<!-- This site is optimized with the Yoast SEO Premium plugin v23.9 (Yoast SEO v23.9) - https:\/\/yoast.com\/wordpress\/plugins\/seo\/ -->\n<title>8 mit\u00f3w na temat automatyzacji magazynu - Element Logic Poland<\/title>\n<meta name=\"description\" content=\"Chcesz dowiedzie\u0107 si\u0119, jakie korzy\u015bci mo\u017ce przynie\u015b\u0107 Twojej firmie automatyzacja? Wejd\u017a i dowiedz si\u0119 wi\u0119cej!\" \/>\n<meta name=\"robots\" content=\"index, follow, max-snippet:-1, max-image-preview:large, max-video-preview:-1\" \/>\n<link rel=\"canonical\" href=\"https:\/\/www.elementlogic.net\/pl\/raporty\/8-mitow-na-temat-automatyzacji-magazynu\/\" \/>\n<meta property=\"og:locale\" content=\"pl_PL\" \/>\n<meta property=\"og:type\" content=\"article\" \/>\n<meta property=\"og:title\" content=\"8 mit\u00f3w na temat automatyzacji magazynu\" \/>\n<meta property=\"og:description\" content=\"Chcesz dowiedzie\u0107 si\u0119, jakie korzy\u015bci mo\u017ce przynie\u015b\u0107 Twojej firmie automatyzacja? Wejd\u017a i dowiedz si\u0119 wi\u0119cej!\" \/>\n<meta property=\"og:url\" content=\"https:\/\/www.elementlogic.net\/pl\/raporty\/8-mitow-na-temat-automatyzacji-magazynu\/\" \/>\n<meta property=\"og:site_name\" content=\"Element Logic Poland\" \/>\n<meta property=\"article:modified_time\" content=\"2025-11-27T13:43:23+00:00\" \/>\n<meta name=\"twitter:card\" content=\"summary_large_image\" \/>\n<meta name=\"twitter:label1\" content=\"Szacowany czas czytania\" \/>\n\t<meta name=\"twitter:data1\" content=\"2 minuty\" \/>\n<script type=\"application\/ld+json\" class=\"yoast-schema-graph\">{\"@context\":\"https:\/\/schema.org\",\"@graph\":[{\"@type\":\"WebPage\",\"@id\":\"https:\/\/www.elementlogic.net\/pl\/raporty\/8-mitow-na-temat-automatyzacji-magazynu\/\",\"url\":\"https:\/\/www.elementlogic.net\/pl\/raporty\/8-mitow-na-temat-automatyzacji-magazynu\/\",\"name\":\"8 mit\u00f3w na temat automatyzacji magazynu - Element Logic Poland\",\"isPartOf\":{\"@id\":\"https:\/\/www.elementlogic.net\/pl\/#website\"},\"datePublished\":\"2024-09-09T12:15:31+00:00\",\"dateModified\":\"2025-11-27T13:43:23+00:00\",\"description\":\"Chcesz dowiedzie\u0107 si\u0119, jakie korzy\u015bci mo\u017ce przynie\u015b\u0107 Twojej firmie automatyzacja? Wejd\u017a i dowiedz si\u0119 wi\u0119cej!\",\"breadcrumb\":{\"@id\":\"https:\/\/www.elementlogic.net\/pl\/raporty\/8-mitow-na-temat-automatyzacji-magazynu\/#breadcrumb\"},\"inLanguage\":\"pl-PL\",\"potentialAction\":[{\"@type\":\"ReadAction\",\"target\":[\"https:\/\/www.elementlogic.net\/pl\/raporty\/8-mitow-na-temat-automatyzacji-magazynu\/\"]}]},{\"@type\":\"BreadcrumbList\",\"@id\":\"https:\/\/www.elementlogic.net\/pl\/raporty\/8-mitow-na-temat-automatyzacji-magazynu\/#breadcrumb\",\"itemListElement\":[{\"@type\":\"ListItem\",\"position\":1,\"name\":\"Raporty\",\"item\":\"https:\/\/www.elementlogic.net\/pl\/raporty\/\"},{\"@type\":\"ListItem\",\"position\":2,\"name\":\"8 mit\u00f3w na temat automatyzacji magazynu\"}]},{\"@type\":\"WebSite\",\"@id\":\"https:\/\/www.elementlogic.net\/pl\/#website\",\"url\":\"https:\/\/www.elementlogic.net\/pl\/\",\"name\":\"Element Logic Poland\",\"description\":\"\",\"potentialAction\":[{\"@type\":\"SearchAction\",\"target\":{\"@type\":\"EntryPoint\",\"urlTemplate\":\"https:\/\/www.elementlogic.net\/pl\/?s={search_term_string}\"},\"query-input\":{\"@type\":\"PropertyValueSpecification\",\"valueRequired\":true,\"valueName\":\"search_term_string\"}}],\"inLanguage\":\"pl-PL\"}]}<\/script>\n<!-- \/ Yoast SEO Premium plugin. -->","yoast_head_json":{"title":"8 mit\u00f3w na temat automatyzacji magazynu - Element Logic Poland","description":"Chcesz dowiedzie\u0107 si\u0119, jakie korzy\u015bci mo\u017ce przynie\u015b\u0107 Twojej firmie automatyzacja? Wejd\u017a i dowiedz si\u0119 wi\u0119cej!","robots":{"index":"index","follow":"follow","max-snippet":"max-snippet:-1","max-image-preview":"max-image-preview:large","max-video-preview":"max-video-preview:-1"},"canonical":"https:\/\/www.elementlogic.net\/pl\/raporty\/8-mitow-na-temat-automatyzacji-magazynu\/","og_locale":"pl_PL","og_type":"article","og_title":"8 mit\u00f3w na temat automatyzacji magazynu","og_description":"Chcesz dowiedzie\u0107 si\u0119, jakie korzy\u015bci mo\u017ce przynie\u015b\u0107 Twojej firmie automatyzacja? Wejd\u017a i dowiedz si\u0119 wi\u0119cej!","og_url":"https:\/\/www.elementlogic.net\/pl\/raporty\/8-mitow-na-temat-automatyzacji-magazynu\/","og_site_name":"Element Logic Poland","article_modified_time":"2025-11-27T13:43:23+00:00","twitter_card":"summary_large_image","twitter_misc":{"Szacowany czas czytania":"2 minuty"},"schema":{"@context":"https:\/\/schema.org","@graph":[{"@type":"WebPage","@id":"https:\/\/www.elementlogic.net\/pl\/raporty\/8-mitow-na-temat-automatyzacji-magazynu\/","url":"https:\/\/www.elementlogic.net\/pl\/raporty\/8-mitow-na-temat-automatyzacji-magazynu\/","name":"8 mit\u00f3w na temat automatyzacji magazynu - Element Logic Poland","isPartOf":{"@id":"https:\/\/www.elementlogic.net\/pl\/#website"},"datePublished":"2024-09-09T12:15:31+00:00","dateModified":"2025-11-27T13:43:23+00:00","description":"Chcesz dowiedzie\u0107 si\u0119, jakie korzy\u015bci mo\u017ce przynie\u015b\u0107 Twojej firmie automatyzacja? Wejd\u017a i dowiedz si\u0119 wi\u0119cej!","breadcrumb":{"@id":"https:\/\/www.elementlogic.net\/pl\/raporty\/8-mitow-na-temat-automatyzacji-magazynu\/#breadcrumb"},"inLanguage":"pl-PL","potentialAction":[{"@type":"ReadAction","target":["https:\/\/www.elementlogic.net\/pl\/raporty\/8-mitow-na-temat-automatyzacji-magazynu\/"]}]},{"@type":"BreadcrumbList","@id":"https:\/\/www.elementlogic.net\/pl\/raporty\/8-mitow-na-temat-automatyzacji-magazynu\/#breadcrumb","itemListElement":[{"@type":"ListItem","position":1,"name":"Raporty","item":"https:\/\/www.elementlogic.net\/pl\/raporty\/"},{"@type":"ListItem","position":2,"name":"8 mit\u00f3w na temat automatyzacji magazynu"}]},{"@type":"WebSite","@id":"https:\/\/www.elementlogic.net\/pl\/#website","url":"https:\/\/www.elementlogic.net\/pl\/","name":"Element Logic Poland","description":"","potentialAction":[{"@type":"SearchAction","target":{"@type":"EntryPoint","urlTemplate":"https:\/\/www.elementlogic.net\/pl\/?s={search_term_string}"},"query-input":{"@type":"PropertyValueSpecification","valueRequired":true,"valueName":"search_term_string"}}],"inLanguage":"pl-PL"}]}},"_links":{"self":[{"href":"https:\/\/www.elementlogic.net\/pl\/wp-json\/wp\/v2\/pages\/1717"}],"collection":[{"href":"https:\/\/www.elementlogic.net\/pl\/wp-json\/wp\/v2\/pages"}],"about":[{"href":"https:\/\/www.elementlogic.net\/pl\/wp-json\/wp\/v2\/types\/page"}],"author":[{"embeddable":true,"href":"https:\/\/www.elementlogic.net\/pl\/wp-json\/wp\/v2\/users\/36"}],"replies":[{"embeddable":true,"href":"https:\/\/www.elementlogic.net\/pl\/wp-json\/wp\/v2\/comments?post=1717"}],"version-history":[{"count":5,"href":"https:\/\/www.elementlogic.net\/pl\/wp-json\/wp\/v2\/pages\/1717\/revisions"}],"predecessor-version":[{"id":2498,"href":"https:\/\/www.elementlogic.net\/pl\/wp-json\/wp\/v2\/pages\/1717\/revisions\/2498"}],"up":[{"embeddable":true,"href":"https:\/\/www.elementlogic.net\/pl\/wp-json\/wp\/v2\/pages\/155"}],"wp:attachment":[{"href":"https:\/\/www.elementlogic.net\/pl\/wp-json\/wp\/v2\/media?parent=1717"}],"curies":[{"name":"wp","href":"https:\/\/api.w.org\/{rel}","templated":true}]}}