{"id":1723,"date":"2024-09-09T12:53:07","date_gmt":"2024-09-09T12:53:07","guid":{"rendered":"https:\/\/www.elementlogic.net\/pl\/?page_id=1723"},"modified":"2025-11-27T13:44:55","modified_gmt":"2025-11-27T13:44:55","slug":"przetwarzanie-danych-kolejny-poziom-automatyzacji-magazynow","status":"publish","type":"page","link":"https:\/\/www.elementlogic.net\/pl\/raporty\/przetwarzanie-danych-kolejny-poziom-automatyzacji-magazynow\/","title":{"rendered":"Przetwarzanie danych: Kolejny poziom automatyzacji magazyn\u00f3w"},"content":{"rendered":"\n\t\t<div style=\"--dekode-hero-dim:0.5; --t2-icon-fill:var(--wp--preset--color--white);\" class=\"alignfull dekode-hero-content-position-center has-media-background wp-block-dekode-hero\">\n\t\t\t<img loading=\"lazy\" decoding=\"async\" width=\"1024\" height=\"683\" src=\"https:\/\/www.elementlogic.net\/content\/uploads\/sites\/22\/\/2024\/09\/EL_eLogiq_-2-1024x683-1.jpg\" class=\"dekode-hero__image\" alt=\"\" style=\"--focalpoint: 47% 18%;\" srcset=\"https:\/\/www.elementlogic.net\/content\/uploads\/sites\/22\/2024\/09\/EL_eLogiq_-2-1024x683-1.jpg 1024w, https:\/\/www.elementlogic.net\/content\/uploads\/sites\/22\/2024\/09\/EL_eLogiq_-2-1024x683-1-300x200.jpg 300w, https:\/\/www.elementlogic.net\/content\/uploads\/sites\/22\/2024\/09\/EL_eLogiq_-2-1024x683-1-768x512.jpg 768w\" sizes=\"(max-width: 1024px) 100vw, 1024px\" \/>\n\t\t\t<div class=\"dekode-hero__content\">\n\t\t\t\t<div class=\"dekode-hero__container\">\n\t\t\t\t\t\n\n<h1 class=\"wp-block-heading\" id=\"przetwarzanie-danych-kolejny-poziom-automatyzacji-magazynow\">Przetwarzanie danych: Kolejny poziom automatyzacji magazyn\u00f3w<\/h1>\n\n\n\n<p>Musisz skutecznie prognozowa\u0107 i reagowa\u0107 na zdarzenia lub trendy w realnym czasie, aby si\u0119 rozwija\u0107 i utrzyma\u0107 konkurencyjn\u0105 pozycj\u0119. Jak to osi\u0105gn\u0105\u0107? Rozpocznij przetwarzanie ukrytych danych Twojego magazynu.<\/p>\n\n\n\t\t\t\t<\/div>\n\t\t\t<\/div>\n\t\t<\/div>\n\t\t\n\n\n<p>Dane ukryte w operacjach magazynu mog\u0105 dostarczy\u0107 u\u017cytecznych informacji zwi\u0105zanych z tzw.&nbsp;<em>capacity planning<\/em>, konserwacj\u0105 predykcyjn\u0105, planowaniem transportu i sta\u0142ym motywowaniem pracownik\u00f3w.<\/p>\n\n\n\n<p>\u201eDane to z\u0142oto ukryte w magazynach na ca\u0142ym \u015bwiecie. Czas je wykorzysta\u0107\u201d \u2013 m\u00f3wi Sutharshan Nadarajah, Technology Director w Element Logic.<\/p>\n\n\n\n<p>W tym przewodniku Nadarajah pokazuje, jak b\u0119dzie wygl\u0105da\u0107 przysz\u0142o\u015b\u0107 logistyki dzi\u0119ki rozwi\u0105zaniom opartym na danych i jak Ty mo\u017cesz nad\u0105\u017cy\u0107 za zmianami.<\/p>\n\n\n\n<h3 class=\"wp-block-heading\" id=\"z-tego-dokumentu-dowiesz-sie\"><strong>Z tego dokumentu dowiesz si\u0119:<\/strong><\/h3>\n\n\n\n<ul class=\"wp-block-list\">\n<li>Jak wygl\u0105da oparta na danych przysz\u0142o\u015b\u0107 logistyki<\/li>\n\n\n\n<li>Gdzie w operacjach Twojego magazynu znajdziesz cenne dane<\/li>\n\n\n\n<li>Jak upewni\u0107 si\u0119, \u017ce inwestujesz w odpowiednie oprogramowanie<\/li>\n\n\n\n<li>Jak wykorzysta\u0107 mo\u017cliwo\u015bci wynikaj\u0105ce z przetwarzania danych<\/li>\n\n\n\n<li>Wi\u0119cej na temat przyk\u0142ad\u00f3w wykorzystania rozwi\u0105za\u0144 optymalizacji pracy magazynu opartych na danych<\/li>\n\n\n\n<li>Jak dzia\u0142a ekosystem oprogramowania Element Logic<\/li>\n<\/ul>\n\n\n\n\t\t<div class=\"wp-block-dekode-dynamics-form\">\n\t\t\t<div class=\"embedded-form\">\n\t\t\t\t<div\n\t\t\t\t\tdata-form-id=\"5ebcb900-6b2a-f011-8c4e-6045bdf51dec\"\n\t\t\t\t\tdata-form-api-url=\"https:\/\/public-eur.mkt.dynamics.com\/api\/v1.0\/orgs\/0d653081-4a98-4454-9ade-26f2fbe674ee\/landingpageforms\"\n\t\t\t\t\tdata-cached-form-url=\"https:\/\/assets-eur.mkt.dynamics.com\/0d653081-4a98-4454-9ade-26f2fbe674ee\/digitalassets\/forms\/5ebcb900-6b2a-f011-8c4e-6045bdf51dec\"\n\t\t\t\t><\/div>\n\t\t\t<\/div>\n\t\t<\/div>","protected":false},"excerpt":{"rendered":"<p>Dane ukryte w operacjach magazynu mog\u0105 dostarczy\u0107 u\u017cytecznych informacji zwi\u0105zanych z tzw.&nbsp;capacity planning, konserwacj\u0105 predykcyjn\u0105, planowaniem transportu i sta\u0142ym motywowaniem [&hellip;]<\/p>\n","protected":false},"author":36,"featured_media":0,"parent":155,"menu_order":0,"comment_status":"closed","ping_status":"closed","template":"","meta":{"hreflang_relation":2173,"_el_cross_publish_source_blog_url":"","_el_cross_publish_source_blog_id":0,"_el_cross_publish_source_post_id":0,"_el_cross_publish_sync_state":"","exclude_from_search":false,"footnotes":""},"class_list":["post-1723","page","type-page","status-publish","hentry"],"yoast_head":"<!-- This site is optimized with the Yoast SEO Premium plugin v23.9 (Yoast SEO v23.9) - https:\/\/yoast.com\/wordpress\/plugins\/seo\/ -->\n<title>Przetwarzanie danych: Kolejny poziom automatyzacji magazyn\u00f3w - Element Logic Poland<\/title>\n<meta name=\"description\" content=\"Zwi\u0119ksz wydajno\u015b\u0107 magazynu dzi\u0119ki analizie danych! Dowiedz si\u0119, jak WMS, WCS i Big Data optymalizuj\u0105 codzienne procesy.\" \/>\n<meta name=\"robots\" content=\"index, follow, max-snippet:-1, max-image-preview:large, max-video-preview:-1\" \/>\n<link rel=\"canonical\" href=\"https:\/\/www.elementlogic.net\/pl\/raporty\/przetwarzanie-danych-kolejny-poziom-automatyzacji-magazynow\/\" \/>\n<meta property=\"og:locale\" content=\"pl_PL\" \/>\n<meta property=\"og:type\" content=\"article\" \/>\n<meta property=\"og:title\" content=\"Przetwarzanie danych: Kolejny poziom automatyzacji magazyn\u00f3w\" \/>\n<meta property=\"og:description\" content=\"Zwi\u0119ksz wydajno\u015b\u0107 magazynu dzi\u0119ki analizie danych! Dowiedz si\u0119, jak WMS, WCS i Big Data optymalizuj\u0105 codzienne procesy.\" \/>\n<meta property=\"og:url\" content=\"https:\/\/www.elementlogic.net\/pl\/raporty\/przetwarzanie-danych-kolejny-poziom-automatyzacji-magazynow\/\" \/>\n<meta property=\"og:site_name\" content=\"Element Logic Poland\" \/>\n<meta property=\"article:modified_time\" content=\"2025-11-27T13:44:55+00:00\" \/>\n<meta name=\"twitter:card\" content=\"summary_large_image\" \/>\n<script type=\"application\/ld+json\" class=\"yoast-schema-graph\">{\"@context\":\"https:\/\/schema.org\",\"@graph\":[{\"@type\":\"WebPage\",\"@id\":\"https:\/\/www.elementlogic.net\/pl\/raporty\/przetwarzanie-danych-kolejny-poziom-automatyzacji-magazynow\/\",\"url\":\"https:\/\/www.elementlogic.net\/pl\/raporty\/przetwarzanie-danych-kolejny-poziom-automatyzacji-magazynow\/\",\"name\":\"Przetwarzanie danych: Kolejny poziom automatyzacji magazyn\u00f3w - Element Logic Poland\",\"isPartOf\":{\"@id\":\"https:\/\/www.elementlogic.net\/pl\/#website\"},\"datePublished\":\"2024-09-09T12:53:07+00:00\",\"dateModified\":\"2025-11-27T13:44:55+00:00\",\"description\":\"Zwi\u0119ksz wydajno\u015b\u0107 magazynu dzi\u0119ki analizie danych! Dowiedz si\u0119, jak WMS, WCS i Big Data optymalizuj\u0105 codzienne procesy.\",\"breadcrumb\":{\"@id\":\"https:\/\/www.elementlogic.net\/pl\/raporty\/przetwarzanie-danych-kolejny-poziom-automatyzacji-magazynow\/#breadcrumb\"},\"inLanguage\":\"pl-PL\",\"potentialAction\":[{\"@type\":\"ReadAction\",\"target\":[\"https:\/\/www.elementlogic.net\/pl\/raporty\/przetwarzanie-danych-kolejny-poziom-automatyzacji-magazynow\/\"]}]},{\"@type\":\"BreadcrumbList\",\"@id\":\"https:\/\/www.elementlogic.net\/pl\/raporty\/przetwarzanie-danych-kolejny-poziom-automatyzacji-magazynow\/#breadcrumb\",\"itemListElement\":[{\"@type\":\"ListItem\",\"position\":1,\"name\":\"Raporty\",\"item\":\"https:\/\/www.elementlogic.net\/pl\/raporty\/\"},{\"@type\":\"ListItem\",\"position\":2,\"name\":\"Przetwarzanie danych: Kolejny poziom automatyzacji magazyn\u00f3w\"}]},{\"@type\":\"WebSite\",\"@id\":\"https:\/\/www.elementlogic.net\/pl\/#website\",\"url\":\"https:\/\/www.elementlogic.net\/pl\/\",\"name\":\"Element Logic Poland\",\"description\":\"\",\"potentialAction\":[{\"@type\":\"SearchAction\",\"target\":{\"@type\":\"EntryPoint\",\"urlTemplate\":\"https:\/\/www.elementlogic.net\/pl\/?s={search_term_string}\"},\"query-input\":{\"@type\":\"PropertyValueSpecification\",\"valueRequired\":true,\"valueName\":\"search_term_string\"}}],\"inLanguage\":\"pl-PL\"}]}<\/script>\n<!-- \/ Yoast SEO Premium plugin. -->","yoast_head_json":{"title":"Przetwarzanie danych: Kolejny poziom automatyzacji magazyn\u00f3w - Element Logic Poland","description":"Zwi\u0119ksz wydajno\u015b\u0107 magazynu dzi\u0119ki analizie danych! Dowiedz si\u0119, jak WMS, WCS i Big Data optymalizuj\u0105 codzienne procesy.","robots":{"index":"index","follow":"follow","max-snippet":"max-snippet:-1","max-image-preview":"max-image-preview:large","max-video-preview":"max-video-preview:-1"},"canonical":"https:\/\/www.elementlogic.net\/pl\/raporty\/przetwarzanie-danych-kolejny-poziom-automatyzacji-magazynow\/","og_locale":"pl_PL","og_type":"article","og_title":"Przetwarzanie danych: Kolejny poziom automatyzacji magazyn\u00f3w","og_description":"Zwi\u0119ksz wydajno\u015b\u0107 magazynu dzi\u0119ki analizie danych! Dowiedz si\u0119, jak WMS, WCS i Big Data optymalizuj\u0105 codzienne procesy.","og_url":"https:\/\/www.elementlogic.net\/pl\/raporty\/przetwarzanie-danych-kolejny-poziom-automatyzacji-magazynow\/","og_site_name":"Element Logic Poland","article_modified_time":"2025-11-27T13:44:55+00:00","twitter_card":"summary_large_image","schema":{"@context":"https:\/\/schema.org","@graph":[{"@type":"WebPage","@id":"https:\/\/www.elementlogic.net\/pl\/raporty\/przetwarzanie-danych-kolejny-poziom-automatyzacji-magazynow\/","url":"https:\/\/www.elementlogic.net\/pl\/raporty\/przetwarzanie-danych-kolejny-poziom-automatyzacji-magazynow\/","name":"Przetwarzanie danych: Kolejny poziom automatyzacji magazyn\u00f3w - Element Logic Poland","isPartOf":{"@id":"https:\/\/www.elementlogic.net\/pl\/#website"},"datePublished":"2024-09-09T12:53:07+00:00","dateModified":"2025-11-27T13:44:55+00:00","description":"Zwi\u0119ksz wydajno\u015b\u0107 magazynu dzi\u0119ki analizie danych! Dowiedz si\u0119, jak WMS, WCS i Big Data optymalizuj\u0105 codzienne procesy.","breadcrumb":{"@id":"https:\/\/www.elementlogic.net\/pl\/raporty\/przetwarzanie-danych-kolejny-poziom-automatyzacji-magazynow\/#breadcrumb"},"inLanguage":"pl-PL","potentialAction":[{"@type":"ReadAction","target":["https:\/\/www.elementlogic.net\/pl\/raporty\/przetwarzanie-danych-kolejny-poziom-automatyzacji-magazynow\/"]}]},{"@type":"BreadcrumbList","@id":"https:\/\/www.elementlogic.net\/pl\/raporty\/przetwarzanie-danych-kolejny-poziom-automatyzacji-magazynow\/#breadcrumb","itemListElement":[{"@type":"ListItem","position":1,"name":"Raporty","item":"https:\/\/www.elementlogic.net\/pl\/raporty\/"},{"@type":"ListItem","position":2,"name":"Przetwarzanie danych: Kolejny poziom automatyzacji magazyn\u00f3w"}]},{"@type":"WebSite","@id":"https:\/\/www.elementlogic.net\/pl\/#website","url":"https:\/\/www.elementlogic.net\/pl\/","name":"Element Logic Poland","description":"","potentialAction":[{"@type":"SearchAction","target":{"@type":"EntryPoint","urlTemplate":"https:\/\/www.elementlogic.net\/pl\/?s={search_term_string}"},"query-input":{"@type":"PropertyValueSpecification","valueRequired":true,"valueName":"search_term_string"}}],"inLanguage":"pl-PL"}]}},"_links":{"self":[{"href":"https:\/\/www.elementlogic.net\/pl\/wp-json\/wp\/v2\/pages\/1723"}],"collection":[{"href":"https:\/\/www.elementlogic.net\/pl\/wp-json\/wp\/v2\/pages"}],"about":[{"href":"https:\/\/www.elementlogic.net\/pl\/wp-json\/wp\/v2\/types\/page"}],"author":[{"embeddable":true,"href":"https:\/\/www.elementlogic.net\/pl\/wp-json\/wp\/v2\/users\/36"}],"replies":[{"embeddable":true,"href":"https:\/\/www.elementlogic.net\/pl\/wp-json\/wp\/v2\/comments?post=1723"}],"version-history":[{"count":5,"href":"https:\/\/www.elementlogic.net\/pl\/wp-json\/wp\/v2\/pages\/1723\/revisions"}],"predecessor-version":[{"id":2501,"href":"https:\/\/www.elementlogic.net\/pl\/wp-json\/wp\/v2\/pages\/1723\/revisions\/2501"}],"up":[{"embeddable":true,"href":"https:\/\/www.elementlogic.net\/pl\/wp-json\/wp\/v2\/pages\/155"}],"wp:attachment":[{"href":"https:\/\/www.elementlogic.net\/pl\/wp-json\/wp\/v2\/media?parent=1723"}],"curies":[{"name":"wp","href":"https:\/\/api.w.org\/{rel}","templated":true}]}}