{"id":1830,"date":"2024-11-06T14:19:43","date_gmt":"2024-11-06T14:19:43","guid":{"rendered":"https:\/\/www.elementlogic.net\/pl\/?page_id=1830"},"modified":"2025-11-27T13:46:00","modified_gmt":"2025-11-27T13:46:00","slug":"uwolnij-pelen-potencjal-swojego-magazynu-ai","status":"publish","type":"page","link":"https:\/\/www.elementlogic.net\/pl\/raporty\/uwolnij-pelen-potencjal-swojego-magazynu-ai\/","title":{"rendered":"Uwolnij pe\u0142en potencja\u0142 swojego magazynu z AI"},"content":{"rendered":"\n\t\t<div style=\"--dekode-hero-dim:0.5; --t2-icon-fill:var(--wp--preset--color--white); min-height:500px;\" class=\"alignfull dekode-hero-content-position-center has-media-background wp-block-dekode-hero\">\n\t\t\t<img loading=\"lazy\" decoding=\"async\" width=\"600\" height=\"400\" src=\"https:\/\/www.elementlogic.net\/content\/uploads\/sites\/22\/\/2024\/09\/image-11.png\" class=\"dekode-hero__image\" alt=\"\" style=\"--focalpoint: 46% 31%;\" srcset=\"https:\/\/www.elementlogic.net\/content\/uploads\/sites\/22\/2024\/09\/image-11.png 600w, https:\/\/www.elementlogic.net\/content\/uploads\/sites\/22\/2024\/09\/image-11-300x200.png 300w\" sizes=\"(max-width: 600px) 100vw, 600px\" \/>\n\t\t\t<div class=\"dekode-hero__content\">\n\t\t\t\t<div class=\"dekode-hero__container\">\n\t\t\t\t\t\n\n<h1 class=\"wp-block-heading\" id=\"uwolnij-pelen-potencjal-swojego-magazynu-z-ai\">Uwolnij pe\u0142en potencja\u0142 swojego magazynu z AI<\/h1>\n\n\n\n<p>W tym opracowaniu dzielimy si\u0119 wiedz\u0105 o tym, co wp\u0142ywa na sukces zautomatyzowanego przep\u0142ywu pracy oraz jak ludzie i roboty mog\u0105 wsp\u00f3\u0142pracowa\u0107, aby wspiera\u0107 produktywno\u015b\u0107 i wzrost.<\/p>\n\n\n\t\t\t\t<\/div>\n\t\t\t<\/div>\n\t\t<\/div>\n\t\t\n\n\n<p>Pandemia, recesja i kl\u0119ski \u017cywio\u0142owe wywo\u0142a\u0142y zak\u0142\u00f3cenia w \u0142a\u0144cuchu dostaw. Jeszcze nigdy wcze\u015bniej zapotrzebowanie na \u0142atwe w dostosowaniu i rozbudowaniu rozwi\u0105zania do magazyn\u00f3w nie by\u0142o tak du\u017ce.<\/p>\n\n\n\n<p>Pobierz nasze opracowanie i przekonaj si\u0119, jak automatyzacja i robotyzacja mog\u0105 uwolni\u0107 pe\u0142en potencja\u0142 Twojego magazynu dzi\u0119ki AI, jednocze\u015bnie zwi\u0119kszaj\u0105c jego efektywno\u015b\u0107. Nauczysz si\u0119, jak harmonijna praca robot\u00f3w i ludzi umo\u017cliwia kreowanie wyj\u0105tkowych do\u015bwiadcze\u0144 klient\u00f3w, co sprawia, \u017ce polecaj\u0105 nas innym.<\/p>\n\n\n\n<p>Opracowanie to zawiera realne przyk\u0142ady oraz spostrze\u017cenia bran\u017cowych ekspert\u00f3w.<\/p>\n\n\n\n<h3 class=\"wp-block-heading\" id=\"z-tego-opracowania-dowiesz-sie\"><strong><strong>Z tego opracowania dowiesz si\u0119<\/strong>:<\/strong><\/h3>\n\n\n\n<ul class=\"wp-block-list\">\n<li>Dlaczego roboty nigdy nie zast\u0105pi\u0105 ludzi<\/li>\n\n\n\n<li>Jak automatyzacja magazyn\u00f3w zmniejsza rotacj\u0119 pracownik\u00f3w<\/li>\n\n\n\n<li>Dlaczego Kjetil z Bildeler.no woli pracowa\u0107 w automatycznym magazynie<\/li>\n\n\n\n<li>Jak w\u0142a\u015bciwie dzia\u0142a automatyczny magazyn<\/li>\n\n\n\n<li>Kt\u00f3re oprogramowanie uwalnia pe\u0142en potencja\u0142 magazynu<\/li>\n\n\n\n<li>Jak wygl\u0105da przysz\u0142o\u015b\u0107 automatyzacji magazyn\u00f3w<\/li>\n\n\n\n<li>W jakich innych bran\u017cach pomy\u015blnie wdro\u017cono roboty<\/li>\n<\/ul>\n\n\n\n\t\t<div class=\"wp-block-dekode-dynamics-form\">\n\t\t\t<div class=\"embedded-form\">\n\t\t\t\t<div\n\t\t\t\t\tdata-form-id=\"5ebcb900-6b2a-f011-8c4e-6045bdf51dec\"\n\t\t\t\t\tdata-form-api-url=\"https:\/\/public-eur.mkt.dynamics.com\/api\/v1.0\/orgs\/0d653081-4a98-4454-9ade-26f2fbe674ee\/landingpageforms\"\n\t\t\t\t\tdata-cached-form-url=\"https:\/\/assets-eur.mkt.dynamics.com\/0d653081-4a98-4454-9ade-26f2fbe674ee\/digitalassets\/forms\/5ebcb900-6b2a-f011-8c4e-6045bdf51dec\"\n\t\t\t\t><\/div>\n\t\t\t<\/div>\n\t\t<\/div>","protected":false},"excerpt":{"rendered":"<p>Pandemia, recesja i kl\u0119ski \u017cywio\u0142owe wywo\u0142a\u0142y zak\u0142\u00f3cenia w \u0142a\u0144cuchu dostaw. Jeszcze nigdy wcze\u015bniej zapotrzebowanie na \u0142atwe w dostosowaniu i rozbudowaniu [&hellip;]<\/p>\n","protected":false},"author":3,"featured_media":0,"parent":155,"menu_order":0,"comment_status":"closed","ping_status":"closed","template":"","meta":{"hreflang_relation":2164,"_el_cross_publish_source_blog_url":"","_el_cross_publish_source_blog_id":0,"_el_cross_publish_source_post_id":0,"_el_cross_publish_sync_state":"","exclude_from_search":false,"footnotes":""},"class_list":["post-1830","page","type-page","status-publish","hentry"],"yoast_head":"<!-- This site is optimized with the Yoast SEO Premium plugin v23.9 (Yoast SEO v23.9) - https:\/\/yoast.com\/wordpress\/plugins\/seo\/ -->\n<title>Uwolnij pe\u0142en potencja\u0142 swojego magazynu z AI - Element Logic Poland<\/title>\n<meta name=\"description\" content=\"Wykorzystaj moc AI w swoim magazynie! Dowiedz si\u0119, jak sztuczna inteligencja optymalizuje procesy i zwi\u0119ksza wydajno\u015b\u0107.\" \/>\n<meta name=\"robots\" content=\"index, follow, max-snippet:-1, max-image-preview:large, max-video-preview:-1\" \/>\n<link rel=\"canonical\" href=\"https:\/\/www.elementlogic.net\/pl\/raporty\/uwolnij-pelen-potencjal-swojego-magazynu-ai\/\" \/>\n<meta property=\"og:locale\" content=\"pl_PL\" \/>\n<meta property=\"og:type\" content=\"article\" \/>\n<meta property=\"og:title\" content=\"Uwolnij pe\u0142en potencja\u0142 swojego magazynu z AI\" \/>\n<meta property=\"og:description\" content=\"Wykorzystaj moc AI w swoim magazynie! Dowiedz si\u0119, jak sztuczna inteligencja optymalizuje procesy i zwi\u0119ksza wydajno\u015b\u0107.\" \/>\n<meta property=\"og:url\" content=\"https:\/\/www.elementlogic.net\/pl\/raporty\/uwolnij-pelen-potencjal-swojego-magazynu-ai\/\" \/>\n<meta property=\"og:site_name\" content=\"Element Logic Poland\" \/>\n<meta property=\"article:modified_time\" content=\"2025-11-27T13:46:00+00:00\" \/>\n<meta name=\"twitter:card\" content=\"summary_large_image\" \/>\n<meta name=\"twitter:label1\" content=\"Szacowany czas czytania\" \/>\n\t<meta name=\"twitter:data1\" content=\"1 minuta\" \/>\n<script type=\"application\/ld+json\" class=\"yoast-schema-graph\">{\"@context\":\"https:\/\/schema.org\",\"@graph\":[{\"@type\":\"WebPage\",\"@id\":\"https:\/\/www.elementlogic.net\/pl\/raporty\/uwolnij-pelen-potencjal-swojego-magazynu-ai\/\",\"url\":\"https:\/\/www.elementlogic.net\/pl\/raporty\/uwolnij-pelen-potencjal-swojego-magazynu-ai\/\",\"name\":\"Uwolnij pe\u0142en potencja\u0142 swojego magazynu z AI - Element Logic Poland\",\"isPartOf\":{\"@id\":\"https:\/\/www.elementlogic.net\/pl\/#website\"},\"datePublished\":\"2024-11-06T14:19:43+00:00\",\"dateModified\":\"2025-11-27T13:46:00+00:00\",\"description\":\"Wykorzystaj moc AI w swoim magazynie! Dowiedz si\u0119, jak sztuczna inteligencja optymalizuje procesy i zwi\u0119ksza wydajno\u015b\u0107.\",\"breadcrumb\":{\"@id\":\"https:\/\/www.elementlogic.net\/pl\/raporty\/uwolnij-pelen-potencjal-swojego-magazynu-ai\/#breadcrumb\"},\"inLanguage\":\"pl-PL\",\"potentialAction\":[{\"@type\":\"ReadAction\",\"target\":[\"https:\/\/www.elementlogic.net\/pl\/raporty\/uwolnij-pelen-potencjal-swojego-magazynu-ai\/\"]}]},{\"@type\":\"BreadcrumbList\",\"@id\":\"https:\/\/www.elementlogic.net\/pl\/raporty\/uwolnij-pelen-potencjal-swojego-magazynu-ai\/#breadcrumb\",\"itemListElement\":[{\"@type\":\"ListItem\",\"position\":1,\"name\":\"Raporty\",\"item\":\"https:\/\/www.elementlogic.net\/pl\/raporty\/\"},{\"@type\":\"ListItem\",\"position\":2,\"name\":\"Uwolnij pe\u0142en potencja\u0142 swojego magazynu z AI\"}]},{\"@type\":\"WebSite\",\"@id\":\"https:\/\/www.elementlogic.net\/pl\/#website\",\"url\":\"https:\/\/www.elementlogic.net\/pl\/\",\"name\":\"Element Logic Poland\",\"description\":\"\",\"potentialAction\":[{\"@type\":\"SearchAction\",\"target\":{\"@type\":\"EntryPoint\",\"urlTemplate\":\"https:\/\/www.elementlogic.net\/pl\/?s={search_term_string}\"},\"query-input\":{\"@type\":\"PropertyValueSpecification\",\"valueRequired\":true,\"valueName\":\"search_term_string\"}}],\"inLanguage\":\"pl-PL\"}]}<\/script>\n<!-- \/ Yoast SEO Premium plugin. -->","yoast_head_json":{"title":"Uwolnij pe\u0142en potencja\u0142 swojego magazynu z AI - Element Logic Poland","description":"Wykorzystaj moc AI w swoim magazynie! Dowiedz si\u0119, jak sztuczna inteligencja optymalizuje procesy i zwi\u0119ksza wydajno\u015b\u0107.","robots":{"index":"index","follow":"follow","max-snippet":"max-snippet:-1","max-image-preview":"max-image-preview:large","max-video-preview":"max-video-preview:-1"},"canonical":"https:\/\/www.elementlogic.net\/pl\/raporty\/uwolnij-pelen-potencjal-swojego-magazynu-ai\/","og_locale":"pl_PL","og_type":"article","og_title":"Uwolnij pe\u0142en potencja\u0142 swojego magazynu z AI","og_description":"Wykorzystaj moc AI w swoim magazynie! Dowiedz si\u0119, jak sztuczna inteligencja optymalizuje procesy i zwi\u0119ksza wydajno\u015b\u0107.","og_url":"https:\/\/www.elementlogic.net\/pl\/raporty\/uwolnij-pelen-potencjal-swojego-magazynu-ai\/","og_site_name":"Element Logic Poland","article_modified_time":"2025-11-27T13:46:00+00:00","twitter_card":"summary_large_image","twitter_misc":{"Szacowany czas czytania":"1 minuta"},"schema":{"@context":"https:\/\/schema.org","@graph":[{"@type":"WebPage","@id":"https:\/\/www.elementlogic.net\/pl\/raporty\/uwolnij-pelen-potencjal-swojego-magazynu-ai\/","url":"https:\/\/www.elementlogic.net\/pl\/raporty\/uwolnij-pelen-potencjal-swojego-magazynu-ai\/","name":"Uwolnij pe\u0142en potencja\u0142 swojego magazynu z AI - Element Logic Poland","isPartOf":{"@id":"https:\/\/www.elementlogic.net\/pl\/#website"},"datePublished":"2024-11-06T14:19:43+00:00","dateModified":"2025-11-27T13:46:00+00:00","description":"Wykorzystaj moc AI w swoim magazynie! Dowiedz si\u0119, jak sztuczna inteligencja optymalizuje procesy i zwi\u0119ksza wydajno\u015b\u0107.","breadcrumb":{"@id":"https:\/\/www.elementlogic.net\/pl\/raporty\/uwolnij-pelen-potencjal-swojego-magazynu-ai\/#breadcrumb"},"inLanguage":"pl-PL","potentialAction":[{"@type":"ReadAction","target":["https:\/\/www.elementlogic.net\/pl\/raporty\/uwolnij-pelen-potencjal-swojego-magazynu-ai\/"]}]},{"@type":"BreadcrumbList","@id":"https:\/\/www.elementlogic.net\/pl\/raporty\/uwolnij-pelen-potencjal-swojego-magazynu-ai\/#breadcrumb","itemListElement":[{"@type":"ListItem","position":1,"name":"Raporty","item":"https:\/\/www.elementlogic.net\/pl\/raporty\/"},{"@type":"ListItem","position":2,"name":"Uwolnij pe\u0142en potencja\u0142 swojego magazynu z AI"}]},{"@type":"WebSite","@id":"https:\/\/www.elementlogic.net\/pl\/#website","url":"https:\/\/www.elementlogic.net\/pl\/","name":"Element Logic Poland","description":"","potentialAction":[{"@type":"SearchAction","target":{"@type":"EntryPoint","urlTemplate":"https:\/\/www.elementlogic.net\/pl\/?s={search_term_string}"},"query-input":{"@type":"PropertyValueSpecification","valueRequired":true,"valueName":"search_term_string"}}],"inLanguage":"pl-PL"}]}},"_links":{"self":[{"href":"https:\/\/www.elementlogic.net\/pl\/wp-json\/wp\/v2\/pages\/1830"}],"collection":[{"href":"https:\/\/www.elementlogic.net\/pl\/wp-json\/wp\/v2\/pages"}],"about":[{"href":"https:\/\/www.elementlogic.net\/pl\/wp-json\/wp\/v2\/types\/page"}],"author":[{"embeddable":true,"href":"https:\/\/www.elementlogic.net\/pl\/wp-json\/wp\/v2\/users\/3"}],"replies":[{"embeddable":true,"href":"https:\/\/www.elementlogic.net\/pl\/wp-json\/wp\/v2\/comments?post=1830"}],"version-history":[{"count":5,"href":"https:\/\/www.elementlogic.net\/pl\/wp-json\/wp\/v2\/pages\/1830\/revisions"}],"predecessor-version":[{"id":2502,"href":"https:\/\/www.elementlogic.net\/pl\/wp-json\/wp\/v2\/pages\/1830\/revisions\/2502"}],"up":[{"embeddable":true,"href":"https:\/\/www.elementlogic.net\/pl\/wp-json\/wp\/v2\/pages\/155"}],"wp:attachment":[{"href":"https:\/\/www.elementlogic.net\/pl\/wp-json\/wp\/v2\/media?parent=1830"}],"curies":[{"name":"wp","href":"https:\/\/api.w.org\/{rel}","templated":true}]}}