{"id":1832,"date":"2024-11-06T14:20:56","date_gmt":"2024-11-06T14:20:56","guid":{"rendered":"https:\/\/www.elementlogic.net\/pl\/?page_id=1832"},"modified":"2024-11-06T14:36:25","modified_gmt":"2024-11-06T14:36:25","slug":"dziekujemy","status":"publish","type":"page","link":"https:\/\/www.elementlogic.net\/pl\/raporty\/uwolnij-pelen-potencjal-swojego-magazynu-ai\/dziekujemy\/","title":{"rendered":"Dzi\u0119kujemy"},"content":{"rendered":"\n<p>Dzi\u0119kujemy za pobranie naszego opracowania. Mamy nadziej\u0119, \u017ce dostarczy ca\u0142ej wiedzy niezb\u0119dnej do zrozumienia, jak dobrze wykorzysta\u0107 potencja\u0142 ludzi i robot\u00f3w, aby osi\u0105gn\u0105\u0107 najwy\u017csz\u0105 wydajno\u015b\u0107 w magazynie.<\/p>\n\n\n\n<p>Mi\u0142ej lektury!<\/p>\n\n\n\n<div class=\"wp-block-buttons is-layout-flex wp-block-buttons-is-layout-flex\">\n<div class=\"wp-block-button\"><a class=\"wp-block-button__link wp-element-button\" href=\"https:\/\/www.elementlogic.net\/content\/uploads\/sites\/22\/2024\/11\/Whitepaper-Humans-and-robots-PL.pdf\">Download<\/a><\/div>\n<\/div>\n","protected":false},"excerpt":{"rendered":"<p>Dzi\u0119kujemy za pobranie naszego opracowania. Mamy nadziej\u0119, \u017ce dostarczy ca\u0142ej wiedzy niezb\u0119dnej do zrozumienia, jak dobrze wykorzysta\u0107 potencja\u0142 ludzi i [&hellip;]<\/p>\n","protected":false},"author":3,"featured_media":0,"parent":1830,"menu_order":0,"comment_status":"closed","ping_status":"closed","template":"","meta":{"hreflang_relation":0,"_el_cross_publish_source_blog_url":"","_el_cross_publish_source_blog_id":0,"_el_cross_publish_source_post_id":0,"_el_cross_publish_sync_state":"","exclude_from_search":false,"footnotes":""},"class_list":["post-1832","page","type-page","status-publish","hentry"],"yoast_head":"<!-- This site is optimized with the Yoast SEO Premium plugin v23.9 (Yoast SEO v23.9) - https:\/\/yoast.com\/wordpress\/plugins\/seo\/ -->\n<title>Dzi\u0119kujemy - Element Logic Poland<\/title>\n<meta name=\"robots\" content=\"index, follow, max-snippet:-1, max-image-preview:large, max-video-preview:-1\" \/>\n<link rel=\"canonical\" href=\"https:\/\/www.elementlogic.net\/pl\/raporty\/uwolnij-pelen-potencjal-swojego-magazynu-ai\/dziekujemy\/\" \/>\n<meta property=\"og:locale\" content=\"pl_PL\" \/>\n<meta property=\"og:type\" content=\"article\" \/>\n<meta property=\"og:title\" content=\"Dzi\u0119kujemy\" \/>\n<meta property=\"og:description\" content=\"Dzi\u0119kujemy za pobranie naszego opracowania. Mamy nadziej\u0119, \u017ce dostarczy ca\u0142ej wiedzy niezb\u0119dnej do zrozumienia, jak dobrze wykorzysta\u0107 potencja\u0142 ludzi i [&hellip;]\" \/>\n<meta property=\"og:url\" content=\"https:\/\/www.elementlogic.net\/pl\/raporty\/uwolnij-pelen-potencjal-swojego-magazynu-ai\/dziekujemy\/\" \/>\n<meta property=\"og:site_name\" content=\"Element Logic Poland\" \/>\n<meta property=\"article:modified_time\" content=\"2024-11-06T14:36:25+00:00\" \/>\n<meta name=\"twitter:card\" content=\"summary_large_image\" \/>\n<meta name=\"twitter:label1\" content=\"Szacowany czas czytania\" \/>\n\t<meta name=\"twitter:data1\" content=\"1 minuta\" \/>\n<script type=\"application\/ld+json\" class=\"yoast-schema-graph\">{\"@context\":\"https:\/\/schema.org\",\"@graph\":[{\"@type\":\"WebPage\",\"@id\":\"https:\/\/www.elementlogic.net\/pl\/raporty\/uwolnij-pelen-potencjal-swojego-magazynu-ai\/dziekujemy\/\",\"url\":\"https:\/\/www.elementlogic.net\/pl\/raporty\/uwolnij-pelen-potencjal-swojego-magazynu-ai\/dziekujemy\/\",\"name\":\"Dzi\u0119kujemy - Element Logic Poland\",\"isPartOf\":{\"@id\":\"https:\/\/www.elementlogic.net\/pl\/#website\"},\"datePublished\":\"2024-11-06T14:20:56+00:00\",\"dateModified\":\"2024-11-06T14:36:25+00:00\",\"breadcrumb\":{\"@id\":\"https:\/\/www.elementlogic.net\/pl\/raporty\/uwolnij-pelen-potencjal-swojego-magazynu-ai\/dziekujemy\/#breadcrumb\"},\"inLanguage\":\"pl-PL\",\"potentialAction\":[{\"@type\":\"ReadAction\",\"target\":[\"https:\/\/www.elementlogic.net\/pl\/raporty\/uwolnij-pelen-potencjal-swojego-magazynu-ai\/dziekujemy\/\"]}]},{\"@type\":\"BreadcrumbList\",\"@id\":\"https:\/\/www.elementlogic.net\/pl\/raporty\/uwolnij-pelen-potencjal-swojego-magazynu-ai\/dziekujemy\/#breadcrumb\",\"itemListElement\":[{\"@type\":\"ListItem\",\"position\":1,\"name\":\"Raporty\",\"item\":\"https:\/\/www.elementlogic.net\/pl\/raporty\/\"},{\"@type\":\"ListItem\",\"position\":2,\"name\":\"Uwolnij pe\u0142en potencja\u0142 swojego magazynu z AI\",\"item\":\"https:\/\/www.elementlogic.net\/pl\/raporty\/uwolnij-pelen-potencjal-swojego-magazynu-ai\/\"},{\"@type\":\"ListItem\",\"position\":3,\"name\":\"Dzi\u0119kujemy\"}]},{\"@type\":\"WebSite\",\"@id\":\"https:\/\/www.elementlogic.net\/pl\/#website\",\"url\":\"https:\/\/www.elementlogic.net\/pl\/\",\"name\":\"Element Logic Poland\",\"description\":\"\",\"potentialAction\":[{\"@type\":\"SearchAction\",\"target\":{\"@type\":\"EntryPoint\",\"urlTemplate\":\"https:\/\/www.elementlogic.net\/pl\/?s={search_term_string}\"},\"query-input\":{\"@type\":\"PropertyValueSpecification\",\"valueRequired\":true,\"valueName\":\"search_term_string\"}}],\"inLanguage\":\"pl-PL\"}]}<\/script>\n<!-- \/ Yoast SEO Premium plugin. -->","yoast_head_json":{"title":"Dzi\u0119kujemy - Element Logic Poland","robots":{"index":"index","follow":"follow","max-snippet":"max-snippet:-1","max-image-preview":"max-image-preview:large","max-video-preview":"max-video-preview:-1"},"canonical":"https:\/\/www.elementlogic.net\/pl\/raporty\/uwolnij-pelen-potencjal-swojego-magazynu-ai\/dziekujemy\/","og_locale":"pl_PL","og_type":"article","og_title":"Dzi\u0119kujemy","og_description":"Dzi\u0119kujemy za pobranie naszego opracowania. Mamy nadziej\u0119, \u017ce dostarczy ca\u0142ej wiedzy niezb\u0119dnej do zrozumienia, jak dobrze wykorzysta\u0107 potencja\u0142 ludzi i [&hellip;]","og_url":"https:\/\/www.elementlogic.net\/pl\/raporty\/uwolnij-pelen-potencjal-swojego-magazynu-ai\/dziekujemy\/","og_site_name":"Element Logic Poland","article_modified_time":"2024-11-06T14:36:25+00:00","twitter_card":"summary_large_image","twitter_misc":{"Szacowany czas czytania":"1 minuta"},"schema":{"@context":"https:\/\/schema.org","@graph":[{"@type":"WebPage","@id":"https:\/\/www.elementlogic.net\/pl\/raporty\/uwolnij-pelen-potencjal-swojego-magazynu-ai\/dziekujemy\/","url":"https:\/\/www.elementlogic.net\/pl\/raporty\/uwolnij-pelen-potencjal-swojego-magazynu-ai\/dziekujemy\/","name":"Dzi\u0119kujemy - Element Logic Poland","isPartOf":{"@id":"https:\/\/www.elementlogic.net\/pl\/#website"},"datePublished":"2024-11-06T14:20:56+00:00","dateModified":"2024-11-06T14:36:25+00:00","breadcrumb":{"@id":"https:\/\/www.elementlogic.net\/pl\/raporty\/uwolnij-pelen-potencjal-swojego-magazynu-ai\/dziekujemy\/#breadcrumb"},"inLanguage":"pl-PL","potentialAction":[{"@type":"ReadAction","target":["https:\/\/www.elementlogic.net\/pl\/raporty\/uwolnij-pelen-potencjal-swojego-magazynu-ai\/dziekujemy\/"]}]},{"@type":"BreadcrumbList","@id":"https:\/\/www.elementlogic.net\/pl\/raporty\/uwolnij-pelen-potencjal-swojego-magazynu-ai\/dziekujemy\/#breadcrumb","itemListElement":[{"@type":"ListItem","position":1,"name":"Raporty","item":"https:\/\/www.elementlogic.net\/pl\/raporty\/"},{"@type":"ListItem","position":2,"name":"Uwolnij pe\u0142en potencja\u0142 swojego magazynu z AI","item":"https:\/\/www.elementlogic.net\/pl\/raporty\/uwolnij-pelen-potencjal-swojego-magazynu-ai\/"},{"@type":"ListItem","position":3,"name":"Dzi\u0119kujemy"}]},{"@type":"WebSite","@id":"https:\/\/www.elementlogic.net\/pl\/#website","url":"https:\/\/www.elementlogic.net\/pl\/","name":"Element Logic Poland","description":"","potentialAction":[{"@type":"SearchAction","target":{"@type":"EntryPoint","urlTemplate":"https:\/\/www.elementlogic.net\/pl\/?s={search_term_string}"},"query-input":{"@type":"PropertyValueSpecification","valueRequired":true,"valueName":"search_term_string"}}],"inLanguage":"pl-PL"}]}},"_links":{"self":[{"href":"https:\/\/www.elementlogic.net\/pl\/wp-json\/wp\/v2\/pages\/1832"}],"collection":[{"href":"https:\/\/www.elementlogic.net\/pl\/wp-json\/wp\/v2\/pages"}],"about":[{"href":"https:\/\/www.elementlogic.net\/pl\/wp-json\/wp\/v2\/types\/page"}],"author":[{"embeddable":true,"href":"https:\/\/www.elementlogic.net\/pl\/wp-json\/wp\/v2\/users\/3"}],"replies":[{"embeddable":true,"href":"https:\/\/www.elementlogic.net\/pl\/wp-json\/wp\/v2\/comments?post=1832"}],"version-history":[{"count":3,"href":"https:\/\/www.elementlogic.net\/pl\/wp-json\/wp\/v2\/pages\/1832\/revisions"}],"predecessor-version":[{"id":1842,"href":"https:\/\/www.elementlogic.net\/pl\/wp-json\/wp\/v2\/pages\/1832\/revisions\/1842"}],"up":[{"embeddable":true,"href":"https:\/\/www.elementlogic.net\/pl\/wp-json\/wp\/v2\/pages\/1830"}],"wp:attachment":[{"href":"https:\/\/www.elementlogic.net\/pl\/wp-json\/wp\/v2\/media?parent=1832"}],"curies":[{"name":"wp","href":"https:\/\/api.w.org\/{rel}","templated":true}]}}