{"id":186,"date":"2024-09-03T15:13:45","date_gmt":"2024-09-03T13:13:45","guid":{"rendered":"https:\/\/www.elementlogic.net\/?page_id=1851"},"modified":"2024-12-17T10:05:15","modified_gmt":"2024-12-17T10:05:15","slug":"siatka","status":"publish","type":"page","link":"https:\/\/www.elementlogic.net\/pl\/rozwiazania-i-uslugi-archive\/autostore\/siatka\/","title":{"rendered":"Siatka"},"content":{"rendered":"<p class=\"t2-ingress wp-block-t2-ingress\">Siatka AutoStore, zoptymalizowana pod k\u0105tem magazynowania opartego na modu\u0142owo\u015bci, zapewnia wysok\u0105 g\u0119sto\u015b\u0107 magazynowania i bezpiecze\u0144stwo produkt\u00f3w.<\/p>\n\n\n\t\t<div class=\"alignwide is-mode-constrained is-gap-center wp-block-t2-simple-media-text   \">\n\t\t\t<div class=\"t2-simple-media-text__container\">\n\t\t\t\t<div class=\"t2-simple-media-text__image\"><img loading=\"lazy\" decoding=\"async\" width=\"768\" height=\"512\" src=\"https:\/\/www.elementlogic.net\/content\/uploads\/sites\/22\/\/2024\/09\/AS2019-181-768x512.jpg\" class=\"\" alt=\"\" style=\"--focalpoint: 50% 50%;\" srcset=\"https:\/\/www.elementlogic.net\/content\/uploads\/sites\/22\/2024\/09\/AS2019-181-768x512.jpg 768w, https:\/\/www.elementlogic.net\/content\/uploads\/sites\/22\/2024\/09\/AS2019-181-300x200.jpg 300w, https:\/\/www.elementlogic.net\/content\/uploads\/sites\/22\/2024\/09\/AS2019-181-1024x683.jpg 1024w, https:\/\/www.elementlogic.net\/content\/uploads\/sites\/22\/2024\/09\/AS2019-181-1536x1024.jpg 1536w, https:\/\/www.elementlogic.net\/content\/uploads\/sites\/22\/2024\/09\/AS2019-181.jpg 1920w\" sizes=\"(max-width: 768px) 100vw, 768px\" \/><\/div>\n\t\t\t\t<div class=\"t2-simple-media-text__content-container\">\n\t\t\t\t\t<div class=\"t2-simple-media-text__content\">\n\t\t\t\t\t\t<div class=\"t2-simple-media-text__content-inner\">\n\t\t\t\t\t\t\t\n\n<p>Wykonana z lekkiego aluminium, jest \u0142atwa w instalacji (niewiele trudniejszej ni\u017c budowanie z klock\u00f3w LEGO), elastyczna w konstrukcji i dostosowana do warunk\u00f3w panuj\u0105cych w Twoim magazynie. Siatka sk\u0142ada si\u0119 w sumie z 17 \u0142atwych do po\u0142\u0105czenia cz\u0119\u015bci.<\/p>\n\n\n\n<p>Struktura siatki obejmuje kolumny tworz\u0105ce kom\u00f3rki, w kt\u00f3rych znajduj\u0105 si\u0119 u\u0142o\u017cone w stosy pojemniki, zwie\u0144czone torami biegn\u0105cymi w kierunkach X i Y w celu zapewnienia robotom dost\u0119pu do ka\u017cdej z kom\u00f3rek.<\/p>\n\n\n\n<p>Modu\u0142owa konstrukcja sprawia, \u017ce rozbudowa siatki AutoStore jest \u0142atwa, a jej monta\u017c trwa zazwyczaj oko\u0142o miesi\u0105ca.<\/p>\n\n\n\t\t\t\t\t\t<\/div>\n\t\t\t\t\t<\/div>\n\t\t\t\t<\/div>\n\t\t\t<\/div>\n\t\t<\/div>\n\t\t","protected":false},"excerpt":{"rendered":"","protected":false},"author":3,"featured_media":187,"parent":212,"menu_order":0,"comment_status":"closed","ping_status":"closed","template":"","meta":{"hreflang_relation":1851,"_el_cross_publish_source_blog_url":"","_el_cross_publish_source_blog_id":0,"_el_cross_publish_source_post_id":0,"_el_cross_publish_sync_state":"","exclude_from_search":false,"footnotes":""},"class_list":["post-186","page","type-page","status-publish","has-post-thumbnail","hentry"],"yoast_head":"<!-- This site is optimized with the Yoast SEO Premium plugin v23.9 (Yoast SEO v23.9) - https:\/\/yoast.com\/wordpress\/plugins\/seo\/ -->\n<title>Siatka - Element Logic Poland<\/title>\n<meta name=\"robots\" content=\"index, follow, max-snippet:-1, max-image-preview:large, max-video-preview:-1\" \/>\n<link rel=\"canonical\" href=\"https:\/\/www.elementlogic.net\/pl\/rozwiazania-i-uslugi\/autostore\/siatka\/\" \/>\n<meta property=\"og:locale\" content=\"pl_PL\" \/>\n<meta property=\"og:type\" content=\"article\" \/>\n<meta property=\"og:title\" content=\"Siatka\" \/>\n<meta property=\"og:url\" content=\"https:\/\/www.elementlogic.net\/pl\/rozwiazania-i-uslugi\/autostore\/siatka\/\" \/>\n<meta property=\"og:site_name\" content=\"Element Logic Poland\" \/>\n<meta property=\"article:modified_time\" content=\"2024-12-17T10:05:15+00:00\" \/>\n<meta property=\"og:image\" content=\"https:\/\/www.elementlogic.net\/content\/uploads\/sites\/22\/\/2024\/09\/AS2019-181.jpg\" \/>\n\t<meta property=\"og:image:width\" content=\"1920\" \/>\n\t<meta property=\"og:image:height\" content=\"1280\" \/>\n\t<meta property=\"og:image:type\" content=\"image\/jpeg\" \/>\n<meta name=\"twitter:card\" content=\"summary_large_image\" \/>\n<meta name=\"twitter:label1\" content=\"Szacowany czas czytania\" \/>\n\t<meta name=\"twitter:data1\" content=\"1 minuta\" \/>\n<script type=\"application\/ld+json\" class=\"yoast-schema-graph\">{\"@context\":\"https:\/\/schema.org\",\"@graph\":[{\"@type\":\"WebPage\",\"@id\":\"https:\/\/www.elementlogic.net\/pl\/rozwiazania-i-uslugi\/autostore\/siatka\/\",\"url\":\"https:\/\/www.elementlogic.net\/pl\/rozwiazania-i-uslugi\/autostore\/siatka\/\",\"name\":\"Siatka - Element Logic Poland\",\"isPartOf\":{\"@id\":\"https:\/\/www.elementlogic.net\/pl\/#website\"},\"primaryImageOfPage\":{\"@id\":\"https:\/\/www.elementlogic.net\/pl\/rozwiazania-i-uslugi\/autostore\/siatka\/#primaryimage\"},\"image\":{\"@id\":\"https:\/\/www.elementlogic.net\/pl\/rozwiazania-i-uslugi\/autostore\/siatka\/#primaryimage\"},\"thumbnailUrl\":\"https:\/\/www.elementlogic.net\/content\/uploads\/sites\/22\/\/2024\/09\/AS2019-181.jpg\",\"datePublished\":\"2024-09-03T13:13:45+00:00\",\"dateModified\":\"2024-12-17T10:05:15+00:00\",\"breadcrumb\":{\"@id\":\"https:\/\/www.elementlogic.net\/pl\/rozwiazania-i-uslugi\/autostore\/siatka\/#breadcrumb\"},\"inLanguage\":\"pl-PL\",\"potentialAction\":[{\"@type\":\"ReadAction\",\"target\":[\"https:\/\/www.elementlogic.net\/pl\/rozwiazania-i-uslugi\/autostore\/siatka\/\"]}]},{\"@type\":\"ImageObject\",\"inLanguage\":\"pl-PL\",\"@id\":\"https:\/\/www.elementlogic.net\/pl\/rozwiazania-i-uslugi\/autostore\/siatka\/#primaryimage\",\"url\":\"https:\/\/www.elementlogic.net\/content\/uploads\/sites\/22\/\/2024\/09\/AS2019-181.jpg\",\"contentUrl\":\"https:\/\/www.elementlogic.net\/content\/uploads\/sites\/22\/\/2024\/09\/AS2019-181.jpg\",\"width\":1920,\"height\":1280},{\"@type\":\"BreadcrumbList\",\"@id\":\"https:\/\/www.elementlogic.net\/pl\/rozwiazania-i-uslugi\/autostore\/siatka\/#breadcrumb\",\"itemListElement\":[{\"@type\":\"ListItem\",\"position\":1,\"name\":\"Rozwi\u0105zania i us\u0142ugi\",\"item\":\"https:\/\/www.elementlogic.net\/pl\/?page_id=266\"},{\"@type\":\"ListItem\",\"position\":2,\"name\":\"AutoStore\",\"item\":\"https:\/\/www.elementlogic.net\/pl\/rozwiazania-i-uslugi\/autostore\/\"},{\"@type\":\"ListItem\",\"position\":3,\"name\":\"Siatka\"}]},{\"@type\":\"WebSite\",\"@id\":\"https:\/\/www.elementlogic.net\/pl\/#website\",\"url\":\"https:\/\/www.elementlogic.net\/pl\/\",\"name\":\"Element Logic Poland\",\"description\":\"\",\"potentialAction\":[{\"@type\":\"SearchAction\",\"target\":{\"@type\":\"EntryPoint\",\"urlTemplate\":\"https:\/\/www.elementlogic.net\/pl\/?s={search_term_string}\"},\"query-input\":{\"@type\":\"PropertyValueSpecification\",\"valueRequired\":true,\"valueName\":\"search_term_string\"}}],\"inLanguage\":\"pl-PL\"}]}<\/script>\n<!-- \/ Yoast SEO Premium plugin. -->","yoast_head_json":{"title":"Siatka - Element Logic Poland","robots":{"index":"index","follow":"follow","max-snippet":"max-snippet:-1","max-image-preview":"max-image-preview:large","max-video-preview":"max-video-preview:-1"},"canonical":"https:\/\/www.elementlogic.net\/pl\/rozwiazania-i-uslugi\/autostore\/siatka\/","og_locale":"pl_PL","og_type":"article","og_title":"Siatka","og_url":"https:\/\/www.elementlogic.net\/pl\/rozwiazania-i-uslugi\/autostore\/siatka\/","og_site_name":"Element Logic Poland","article_modified_time":"2024-12-17T10:05:15+00:00","og_image":[{"width":1920,"height":1280,"url":"https:\/\/www.elementlogic.net\/content\/uploads\/sites\/22\/\/2024\/09\/AS2019-181.jpg","type":"image\/jpeg"}],"twitter_card":"summary_large_image","twitter_misc":{"Szacowany czas czytania":"1 minuta"},"schema":{"@context":"https:\/\/schema.org","@graph":[{"@type":"WebPage","@id":"https:\/\/www.elementlogic.net\/pl\/rozwiazania-i-uslugi\/autostore\/siatka\/","url":"https:\/\/www.elementlogic.net\/pl\/rozwiazania-i-uslugi\/autostore\/siatka\/","name":"Siatka - Element Logic Poland","isPartOf":{"@id":"https:\/\/www.elementlogic.net\/pl\/#website"},"primaryImageOfPage":{"@id":"https:\/\/www.elementlogic.net\/pl\/rozwiazania-i-uslugi\/autostore\/siatka\/#primaryimage"},"image":{"@id":"https:\/\/www.elementlogic.net\/pl\/rozwiazania-i-uslugi\/autostore\/siatka\/#primaryimage"},"thumbnailUrl":"https:\/\/www.elementlogic.net\/content\/uploads\/sites\/22\/\/2024\/09\/AS2019-181.jpg","datePublished":"2024-09-03T13:13:45+00:00","dateModified":"2024-12-17T10:05:15+00:00","breadcrumb":{"@id":"https:\/\/www.elementlogic.net\/pl\/rozwiazania-i-uslugi\/autostore\/siatka\/#breadcrumb"},"inLanguage":"pl-PL","potentialAction":[{"@type":"ReadAction","target":["https:\/\/www.elementlogic.net\/pl\/rozwiazania-i-uslugi\/autostore\/siatka\/"]}]},{"@type":"ImageObject","inLanguage":"pl-PL","@id":"https:\/\/www.elementlogic.net\/pl\/rozwiazania-i-uslugi\/autostore\/siatka\/#primaryimage","url":"https:\/\/www.elementlogic.net\/content\/uploads\/sites\/22\/\/2024\/09\/AS2019-181.jpg","contentUrl":"https:\/\/www.elementlogic.net\/content\/uploads\/sites\/22\/\/2024\/09\/AS2019-181.jpg","width":1920,"height":1280},{"@type":"BreadcrumbList","@id":"https:\/\/www.elementlogic.net\/pl\/rozwiazania-i-uslugi\/autostore\/siatka\/#breadcrumb","itemListElement":[{"@type":"ListItem","position":1,"name":"Rozwi\u0105zania i us\u0142ugi","item":"https:\/\/www.elementlogic.net\/pl\/?page_id=266"},{"@type":"ListItem","position":2,"name":"AutoStore","item":"https:\/\/www.elementlogic.net\/pl\/rozwiazania-i-uslugi\/autostore\/"},{"@type":"ListItem","position":3,"name":"Siatka"}]},{"@type":"WebSite","@id":"https:\/\/www.elementlogic.net\/pl\/#website","url":"https:\/\/www.elementlogic.net\/pl\/","name":"Element Logic Poland","description":"","potentialAction":[{"@type":"SearchAction","target":{"@type":"EntryPoint","urlTemplate":"https:\/\/www.elementlogic.net\/pl\/?s={search_term_string}"},"query-input":{"@type":"PropertyValueSpecification","valueRequired":true,"valueName":"search_term_string"}}],"inLanguage":"pl-PL"}]}},"_links":{"self":[{"href":"https:\/\/www.elementlogic.net\/pl\/wp-json\/wp\/v2\/pages\/186"}],"collection":[{"href":"https:\/\/www.elementlogic.net\/pl\/wp-json\/wp\/v2\/pages"}],"about":[{"href":"https:\/\/www.elementlogic.net\/pl\/wp-json\/wp\/v2\/types\/page"}],"author":[{"embeddable":true,"href":"https:\/\/www.elementlogic.net\/pl\/wp-json\/wp\/v2\/users\/3"}],"replies":[{"embeddable":true,"href":"https:\/\/www.elementlogic.net\/pl\/wp-json\/wp\/v2\/comments?post=186"}],"version-history":[{"count":4,"href":"https:\/\/www.elementlogic.net\/pl\/wp-json\/wp\/v2\/pages\/186\/revisions"}],"predecessor-version":[{"id":1971,"href":"https:\/\/www.elementlogic.net\/pl\/wp-json\/wp\/v2\/pages\/186\/revisions\/1971"}],"up":[{"embeddable":true,"href":"https:\/\/www.elementlogic.net\/pl\/wp-json\/wp\/v2\/pages\/212"}],"wp:featuredmedia":[{"embeddable":true,"href":"https:\/\/www.elementlogic.net\/pl\/wp-json\/wp\/v2\/media\/187"}],"wp:attachment":[{"href":"https:\/\/www.elementlogic.net\/pl\/wp-json\/wp\/v2\/media?parent=186"}],"curies":[{"name":"wp","href":"https:\/\/api.w.org\/{rel}","templated":true}]}}