{"id":190,"date":"2024-09-03T15:04:48","date_gmt":"2024-09-03T13:04:48","guid":{"rendered":"https:\/\/www.elementlogic.net\/?page_id=1842"},"modified":"2024-12-17T10:05:01","modified_gmt":"2024-12-17T10:05:01","slug":"robots","status":"publish","type":"page","link":"https:\/\/www.elementlogic.net\/pl\/rozwiazania-i-uslugi-archive\/autostore\/robots\/","title":{"rendered":"Roboty"},"content":{"rendered":"<p class=\"t2-ingress wp-block-t2-ingress\">Roboty stanowi\u0105 trzon rozwi\u0105zania AutoStore, niestrudzenie zbieraj\u0105c i dostarczaj\u0105c pojemniki.<\/p>\n\n\n\t\t<div class=\"alignwide is-mode-constrained is-gap-center wp-block-t2-simple-media-text   \">\n\t\t\t<div class=\"t2-simple-media-text__container\">\n\t\t\t\t<div class=\"t2-simple-media-text__image\"><video muted autoplay loop style=\"--focalpoint: 50% 50%;\"><source src=\"https:\/\/www.elementlogic.net\/content\/uploads\/sites\/22\/\/2024\/09\/R5-Spin-White-Background-1.mp4\" type=\"video\/mp4\" \/><\/video><\/div>\n\t\t\t\t<div class=\"t2-simple-media-text__content-container\">\n\t\t\t\t\t<div class=\"t2-simple-media-text__content\">\n\t\t\t\t\t\t<div class=\"t2-simple-media-text__content-inner\">\n\t\t\t\t\t\t\t\n\n<p>Robi\u0105 to przy tym bardzo precyzyjnie. S\u0105 wyposa\u017cone w osiem k\u00f3\u0142, kt\u00f3re pozwalaj\u0105 im na poruszanie si\u0119 w pi\u0119ciu kierunkach, zapewniaj\u0105c wydajn\u0105 nawigacj\u0119. Roboty Red Line, w tym R5, R5+, R5 Pro i R5 Pro+ s\u0105 znane ze swojej niezawodno\u015bci i energooszcz\u0119dno\u015bci oraz dzia\u0142ania z minimalnymi przestojami.<\/p>\n\n\n\n<p>Oba roboty pracuj\u0105 w trybie 24\/7 i \u0142aduj\u0105 si\u0119 w razie potrzeby.<\/p>\n\n\n\t\t\t\t\t\t<\/div>\n\t\t\t\t\t<\/div>\n\t\t\t\t<\/div>\n\t\t\t<\/div>\n\t\t<\/div>\n\t\t","protected":false},"excerpt":{"rendered":"","protected":false},"author":3,"featured_media":621,"parent":212,"menu_order":0,"comment_status":"closed","ping_status":"closed","template":"","meta":{"hreflang_relation":1842,"_el_cross_publish_source_blog_url":"","_el_cross_publish_source_blog_id":0,"_el_cross_publish_source_post_id":0,"_el_cross_publish_sync_state":"","exclude_from_search":false,"footnotes":""},"class_list":["post-190","page","type-page","status-publish","has-post-thumbnail","hentry"],"yoast_head":"<!-- This site is optimized with the Yoast SEO Premium plugin v23.9 (Yoast SEO v23.9) - https:\/\/yoast.com\/wordpress\/plugins\/seo\/ -->\n<title>Roboty - Element Logic Poland<\/title>\n<meta name=\"robots\" content=\"index, follow, max-snippet:-1, max-image-preview:large, max-video-preview:-1\" \/>\n<link rel=\"canonical\" href=\"https:\/\/www.elementlogic.net\/pl\/rozwiazania-i-uslugi\/autostore\/robots\/\" \/>\n<meta property=\"og:locale\" content=\"pl_PL\" \/>\n<meta property=\"og:type\" content=\"article\" \/>\n<meta property=\"og:title\" content=\"Roboty\" \/>\n<meta property=\"og:url\" content=\"https:\/\/www.elementlogic.net\/pl\/rozwiazania-i-uslugi\/autostore\/robots\/\" \/>\n<meta property=\"og:site_name\" content=\"Element Logic Poland\" \/>\n<meta property=\"article:modified_time\" content=\"2024-12-17T10:05:01+00:00\" \/>\n<meta property=\"og:image\" content=\"https:\/\/www.elementlogic.net\/content\/uploads\/sites\/22\/\/2024\/09\/AutoStore-robot-implemented-by-Element-Logic.jpg\" \/>\n\t<meta property=\"og:image:width\" content=\"2560\" \/>\n\t<meta property=\"og:image:height\" content=\"1708\" \/>\n\t<meta property=\"og:image:type\" content=\"image\/jpeg\" \/>\n<meta name=\"twitter:card\" content=\"summary_large_image\" \/>\n<meta name=\"twitter:label1\" content=\"Szacowany czas czytania\" \/>\n\t<meta name=\"twitter:data1\" content=\"1 minuta\" \/>\n<script type=\"application\/ld+json\" class=\"yoast-schema-graph\">{\"@context\":\"https:\/\/schema.org\",\"@graph\":[{\"@type\":\"WebPage\",\"@id\":\"https:\/\/www.elementlogic.net\/pl\/rozwiazania-i-uslugi\/autostore\/robots\/\",\"url\":\"https:\/\/www.elementlogic.net\/pl\/rozwiazania-i-uslugi\/autostore\/robots\/\",\"name\":\"Roboty - Element Logic Poland\",\"isPartOf\":{\"@id\":\"https:\/\/www.elementlogic.net\/pl\/#website\"},\"primaryImageOfPage\":{\"@id\":\"https:\/\/www.elementlogic.net\/pl\/rozwiazania-i-uslugi\/autostore\/robots\/#primaryimage\"},\"image\":{\"@id\":\"https:\/\/www.elementlogic.net\/pl\/rozwiazania-i-uslugi\/autostore\/robots\/#primaryimage\"},\"thumbnailUrl\":\"https:\/\/www.elementlogic.net\/content\/uploads\/sites\/22\/\/2024\/09\/AutoStore-robot-implemented-by-Element-Logic.jpg\",\"datePublished\":\"2024-09-03T13:04:48+00:00\",\"dateModified\":\"2024-12-17T10:05:01+00:00\",\"breadcrumb\":{\"@id\":\"https:\/\/www.elementlogic.net\/pl\/rozwiazania-i-uslugi\/autostore\/robots\/#breadcrumb\"},\"inLanguage\":\"pl-PL\",\"potentialAction\":[{\"@type\":\"ReadAction\",\"target\":[\"https:\/\/www.elementlogic.net\/pl\/rozwiazania-i-uslugi\/autostore\/robots\/\"]}]},{\"@type\":\"ImageObject\",\"inLanguage\":\"pl-PL\",\"@id\":\"https:\/\/www.elementlogic.net\/pl\/rozwiazania-i-uslugi\/autostore\/robots\/#primaryimage\",\"url\":\"https:\/\/www.elementlogic.net\/content\/uploads\/sites\/22\/\/2024\/09\/AutoStore-robot-implemented-by-Element-Logic.jpg\",\"contentUrl\":\"https:\/\/www.elementlogic.net\/content\/uploads\/sites\/22\/\/2024\/09\/AutoStore-robot-implemented-by-Element-Logic.jpg\",\"width\":2560,\"height\":1708},{\"@type\":\"BreadcrumbList\",\"@id\":\"https:\/\/www.elementlogic.net\/pl\/rozwiazania-i-uslugi\/autostore\/robots\/#breadcrumb\",\"itemListElement\":[{\"@type\":\"ListItem\",\"position\":1,\"name\":\"Rozwi\u0105zania i us\u0142ugi\",\"item\":\"https:\/\/www.elementlogic.net\/pl\/?page_id=266\"},{\"@type\":\"ListItem\",\"position\":2,\"name\":\"AutoStore\",\"item\":\"https:\/\/www.elementlogic.net\/pl\/rozwiazania-i-uslugi\/autostore\/\"},{\"@type\":\"ListItem\",\"position\":3,\"name\":\"Roboty\"}]},{\"@type\":\"WebSite\",\"@id\":\"https:\/\/www.elementlogic.net\/pl\/#website\",\"url\":\"https:\/\/www.elementlogic.net\/pl\/\",\"name\":\"Element Logic Poland\",\"description\":\"\",\"potentialAction\":[{\"@type\":\"SearchAction\",\"target\":{\"@type\":\"EntryPoint\",\"urlTemplate\":\"https:\/\/www.elementlogic.net\/pl\/?s={search_term_string}\"},\"query-input\":{\"@type\":\"PropertyValueSpecification\",\"valueRequired\":true,\"valueName\":\"search_term_string\"}}],\"inLanguage\":\"pl-PL\"}]}<\/script>\n<!-- \/ Yoast SEO Premium plugin. -->","yoast_head_json":{"title":"Roboty - Element Logic Poland","robots":{"index":"index","follow":"follow","max-snippet":"max-snippet:-1","max-image-preview":"max-image-preview:large","max-video-preview":"max-video-preview:-1"},"canonical":"https:\/\/www.elementlogic.net\/pl\/rozwiazania-i-uslugi\/autostore\/robots\/","og_locale":"pl_PL","og_type":"article","og_title":"Roboty","og_url":"https:\/\/www.elementlogic.net\/pl\/rozwiazania-i-uslugi\/autostore\/robots\/","og_site_name":"Element Logic Poland","article_modified_time":"2024-12-17T10:05:01+00:00","og_image":[{"width":2560,"height":1708,"url":"https:\/\/www.elementlogic.net\/content\/uploads\/sites\/22\/\/2024\/09\/AutoStore-robot-implemented-by-Element-Logic.jpg","type":"image\/jpeg"}],"twitter_card":"summary_large_image","twitter_misc":{"Szacowany czas czytania":"1 minuta"},"schema":{"@context":"https:\/\/schema.org","@graph":[{"@type":"WebPage","@id":"https:\/\/www.elementlogic.net\/pl\/rozwiazania-i-uslugi\/autostore\/robots\/","url":"https:\/\/www.elementlogic.net\/pl\/rozwiazania-i-uslugi\/autostore\/robots\/","name":"Roboty - Element Logic Poland","isPartOf":{"@id":"https:\/\/www.elementlogic.net\/pl\/#website"},"primaryImageOfPage":{"@id":"https:\/\/www.elementlogic.net\/pl\/rozwiazania-i-uslugi\/autostore\/robots\/#primaryimage"},"image":{"@id":"https:\/\/www.elementlogic.net\/pl\/rozwiazania-i-uslugi\/autostore\/robots\/#primaryimage"},"thumbnailUrl":"https:\/\/www.elementlogic.net\/content\/uploads\/sites\/22\/\/2024\/09\/AutoStore-robot-implemented-by-Element-Logic.jpg","datePublished":"2024-09-03T13:04:48+00:00","dateModified":"2024-12-17T10:05:01+00:00","breadcrumb":{"@id":"https:\/\/www.elementlogic.net\/pl\/rozwiazania-i-uslugi\/autostore\/robots\/#breadcrumb"},"inLanguage":"pl-PL","potentialAction":[{"@type":"ReadAction","target":["https:\/\/www.elementlogic.net\/pl\/rozwiazania-i-uslugi\/autostore\/robots\/"]}]},{"@type":"ImageObject","inLanguage":"pl-PL","@id":"https:\/\/www.elementlogic.net\/pl\/rozwiazania-i-uslugi\/autostore\/robots\/#primaryimage","url":"https:\/\/www.elementlogic.net\/content\/uploads\/sites\/22\/\/2024\/09\/AutoStore-robot-implemented-by-Element-Logic.jpg","contentUrl":"https:\/\/www.elementlogic.net\/content\/uploads\/sites\/22\/\/2024\/09\/AutoStore-robot-implemented-by-Element-Logic.jpg","width":2560,"height":1708},{"@type":"BreadcrumbList","@id":"https:\/\/www.elementlogic.net\/pl\/rozwiazania-i-uslugi\/autostore\/robots\/#breadcrumb","itemListElement":[{"@type":"ListItem","position":1,"name":"Rozwi\u0105zania i us\u0142ugi","item":"https:\/\/www.elementlogic.net\/pl\/?page_id=266"},{"@type":"ListItem","position":2,"name":"AutoStore","item":"https:\/\/www.elementlogic.net\/pl\/rozwiazania-i-uslugi\/autostore\/"},{"@type":"ListItem","position":3,"name":"Roboty"}]},{"@type":"WebSite","@id":"https:\/\/www.elementlogic.net\/pl\/#website","url":"https:\/\/www.elementlogic.net\/pl\/","name":"Element Logic Poland","description":"","potentialAction":[{"@type":"SearchAction","target":{"@type":"EntryPoint","urlTemplate":"https:\/\/www.elementlogic.net\/pl\/?s={search_term_string}"},"query-input":{"@type":"PropertyValueSpecification","valueRequired":true,"valueName":"search_term_string"}}],"inLanguage":"pl-PL"}]}},"_links":{"self":[{"href":"https:\/\/www.elementlogic.net\/pl\/wp-json\/wp\/v2\/pages\/190"}],"collection":[{"href":"https:\/\/www.elementlogic.net\/pl\/wp-json\/wp\/v2\/pages"}],"about":[{"href":"https:\/\/www.elementlogic.net\/pl\/wp-json\/wp\/v2\/types\/page"}],"author":[{"embeddable":true,"href":"https:\/\/www.elementlogic.net\/pl\/wp-json\/wp\/v2\/users\/3"}],"replies":[{"embeddable":true,"href":"https:\/\/www.elementlogic.net\/pl\/wp-json\/wp\/v2\/comments?post=190"}],"version-history":[{"count":4,"href":"https:\/\/www.elementlogic.net\/pl\/wp-json\/wp\/v2\/pages\/190\/revisions"}],"predecessor-version":[{"id":1970,"href":"https:\/\/www.elementlogic.net\/pl\/wp-json\/wp\/v2\/pages\/190\/revisions\/1970"}],"up":[{"embeddable":true,"href":"https:\/\/www.elementlogic.net\/pl\/wp-json\/wp\/v2\/pages\/212"}],"wp:featuredmedia":[{"embeddable":true,"href":"https:\/\/www.elementlogic.net\/pl\/wp-json\/wp\/v2\/media\/621"}],"wp:attachment":[{"href":"https:\/\/www.elementlogic.net\/pl\/wp-json\/wp\/v2\/media?parent=190"}],"curies":[{"name":"wp","href":"https:\/\/api.w.org\/{rel}","templated":true}]}}