{"id":2470,"date":"2025-10-22T09:48:14","date_gmt":"2025-10-22T09:48:14","guid":{"rendered":"https:\/\/www.elementlogic.net\/pl\/?page_id=2470"},"modified":"2025-11-13T07:27:53","modified_gmt":"2025-11-13T07:27:53","slug":"dziekujemy","status":"publish","type":"page","link":"https:\/\/www.elementlogic.net\/pl\/raporty\/automation-as-a-service\/dziekujemy\/","title":{"rendered":"Dzi\u0119kujemy"},"content":{"rendered":"\n<p id=\"message\">Tw\u00f3j materia\u0142 jest gotowy do pobrania. Mamy nadziej\u0119, \u017ce ten white paper dostarczy Ci wiedzy i pewno\u015bci potrzebnych do podj\u0119cia kolejnego kroku w automatyzacji \u2013 na Twoich warunkach.<\/p>\n\n\n\n<p id=\"message\">Mo\u017cesz uzyska\u0107 do niego dost\u0119p od razu, klikaj\u0105c w poni\u017cszy link. Wys\u0142ali\u015bmy go r\u00f3wnie\u017c na Twoj\u0105 skrzynk\u0119 mailow\u0105, dzi\u0119ki czemu mo\u017cesz przeczyta\u0107 go w dogodnym dla Ciebie momencie.<\/p>\n\n\n\n<p id=\"message\">Przyjemnej lektury!<\/p>\n\n\n\n<div class=\"wp-block-buttons is-layout-flex wp-block-buttons-is-layout-flex\">\n<div class=\"wp-block-button has-icon has-icon-theme_arrow\"><a class=\"wp-block-button__link wp-element-button\" href=\"https:\/\/www.elementlogic.net\/content\/uploads\/sites\/22\/2025\/11\/Whitepaper-AaaS-PL.pdf\">Download<svg xmlns=\"http:\/\/www.w3.org\/2000\/svg\" viewBox=\"0 0 24 24\" height=\"24\" width=\"24\" class=\"t2-icon t2-icon-theme_arrow\" aria-hidden=\"true\" focusable=\"false\"><path d=\"M16.627 12.75H5.25C5.03717 12.75 4.859 12.6782 4.7155 12.5345C4.57183 12.391 4.5 12.2128 4.5 12C4.5 11.7872 4.57183 11.609 4.7155 11.4655C4.859 11.3218 5.03717 11.25 5.25 11.25H16.627L11.4577 6.08076C11.3091 5.93209 11.2357 5.75809 11.2375 5.55876C11.2395 5.35942 11.318 5.18217 11.473 5.02701C11.6282 4.88217 11.8038 4.80717 12 4.80201C12.1962 4.79684 12.3718 4.87184 12.527 5.02701L18.8673 11.3673C18.9609 11.4609 19.0269 11.5597 19.0652 11.6635C19.1037 11.7673 19.123 11.8795 19.123 12C19.123 12.1205 19.1037 12.2327 19.0652 12.3365C19.0269 12.4403 18.9609 12.5391 18.8673 12.6328L12.527 18.973C12.3885 19.1115 12.217 19.1823 12.0125 19.1855C11.808 19.1887 11.6282 19.1178 11.473 18.973C11.318 18.8178 11.2405 18.6397 11.2405 18.4385C11.2405 18.2372 11.318 18.0589 11.473 17.9038L16.627 12.75Z\" fill=\"var(--t2-icon-fill, #000)\"\/><\/svg><\/a><\/div>\n<\/div>\n\n\n\n<p><\/p>\n","protected":false},"excerpt":{"rendered":"<p>Tw\u00f3j materia\u0142 jest gotowy do pobrania. Mamy nadziej\u0119, \u017ce ten white paper dostarczy Ci wiedzy i pewno\u015bci potrzebnych do podj\u0119cia [&hellip;]<\/p>\n","protected":false},"author":3,"featured_media":0,"parent":2445,"menu_order":0,"comment_status":"closed","ping_status":"closed","template":"","meta":{"hreflang_relation":0,"_el_cross_publish_source_blog_url":"","_el_cross_publish_source_blog_id":0,"_el_cross_publish_source_post_id":0,"_el_cross_publish_sync_state":"","exclude_from_search":false,"footnotes":""},"class_list":["post-2470","page","type-page","status-publish","hentry"],"yoast_head":"<!-- This site is optimized with the Yoast SEO Premium plugin v23.9 (Yoast SEO v23.9) - https:\/\/yoast.com\/wordpress\/plugins\/seo\/ -->\n<title>Dzi\u0119kujemy - Element Logic Poland<\/title>\n<meta name=\"robots\" content=\"index, follow, max-snippet:-1, max-image-preview:large, max-video-preview:-1\" \/>\n<link rel=\"canonical\" href=\"https:\/\/www.elementlogic.net\/pl\/raporty\/automation-as-a-service\/dziekujemy\/\" \/>\n<meta property=\"og:locale\" content=\"pl_PL\" \/>\n<meta property=\"og:type\" content=\"article\" \/>\n<meta property=\"og:title\" content=\"Dzi\u0119kujemy\" \/>\n<meta property=\"og:description\" content=\"Tw\u00f3j materia\u0142 jest gotowy do pobrania. Mamy nadziej\u0119, \u017ce ten white paper dostarczy Ci wiedzy i pewno\u015bci potrzebnych do podj\u0119cia [&hellip;]\" \/>\n<meta property=\"og:url\" content=\"https:\/\/www.elementlogic.net\/pl\/raporty\/automation-as-a-service\/dziekujemy\/\" \/>\n<meta property=\"og:site_name\" content=\"Element Logic Poland\" \/>\n<meta property=\"article:modified_time\" content=\"2025-11-13T07:27:53+00:00\" \/>\n<meta name=\"twitter:card\" content=\"summary_large_image\" \/>\n<meta name=\"twitter:label1\" content=\"Szacowany czas czytania\" \/>\n\t<meta name=\"twitter:data1\" content=\"1 minuta\" \/>\n<script type=\"application\/ld+json\" class=\"yoast-schema-graph\">{\"@context\":\"https:\/\/schema.org\",\"@graph\":[{\"@type\":\"WebPage\",\"@id\":\"https:\/\/www.elementlogic.net\/pl\/raporty\/automation-as-a-service\/dziekujemy\/\",\"url\":\"https:\/\/www.elementlogic.net\/pl\/raporty\/automation-as-a-service\/dziekujemy\/\",\"name\":\"Dzi\u0119kujemy - Element Logic Poland\",\"isPartOf\":{\"@id\":\"https:\/\/www.elementlogic.net\/pl\/#website\"},\"datePublished\":\"2025-10-22T09:48:14+00:00\",\"dateModified\":\"2025-11-13T07:27:53+00:00\",\"breadcrumb\":{\"@id\":\"https:\/\/www.elementlogic.net\/pl\/raporty\/automation-as-a-service\/dziekujemy\/#breadcrumb\"},\"inLanguage\":\"pl-PL\",\"potentialAction\":[{\"@type\":\"ReadAction\",\"target\":[\"https:\/\/www.elementlogic.net\/pl\/raporty\/automation-as-a-service\/dziekujemy\/\"]}]},{\"@type\":\"BreadcrumbList\",\"@id\":\"https:\/\/www.elementlogic.net\/pl\/raporty\/automation-as-a-service\/dziekujemy\/#breadcrumb\",\"itemListElement\":[{\"@type\":\"ListItem\",\"position\":1,\"name\":\"Raporty\",\"item\":\"https:\/\/www.elementlogic.net\/pl\/raporty\/\"},{\"@type\":\"ListItem\",\"position\":2,\"name\":\"Whitepaper: AaaS\",\"item\":\"https:\/\/www.elementlogic.net\/pl\/raporty\/automation-as-a-service\/\"},{\"@type\":\"ListItem\",\"position\":3,\"name\":\"Dzi\u0119kujemy\"}]},{\"@type\":\"WebSite\",\"@id\":\"https:\/\/www.elementlogic.net\/pl\/#website\",\"url\":\"https:\/\/www.elementlogic.net\/pl\/\",\"name\":\"Element Logic Poland\",\"description\":\"\",\"potentialAction\":[{\"@type\":\"SearchAction\",\"target\":{\"@type\":\"EntryPoint\",\"urlTemplate\":\"https:\/\/www.elementlogic.net\/pl\/?s={search_term_string}\"},\"query-input\":{\"@type\":\"PropertyValueSpecification\",\"valueRequired\":true,\"valueName\":\"search_term_string\"}}],\"inLanguage\":\"pl-PL\"}]}<\/script>\n<!-- \/ Yoast SEO Premium plugin. -->","yoast_head_json":{"title":"Dzi\u0119kujemy - Element Logic Poland","robots":{"index":"index","follow":"follow","max-snippet":"max-snippet:-1","max-image-preview":"max-image-preview:large","max-video-preview":"max-video-preview:-1"},"canonical":"https:\/\/www.elementlogic.net\/pl\/raporty\/automation-as-a-service\/dziekujemy\/","og_locale":"pl_PL","og_type":"article","og_title":"Dzi\u0119kujemy","og_description":"Tw\u00f3j materia\u0142 jest gotowy do pobrania. Mamy nadziej\u0119, \u017ce ten white paper dostarczy Ci wiedzy i pewno\u015bci potrzebnych do podj\u0119cia [&hellip;]","og_url":"https:\/\/www.elementlogic.net\/pl\/raporty\/automation-as-a-service\/dziekujemy\/","og_site_name":"Element Logic Poland","article_modified_time":"2025-11-13T07:27:53+00:00","twitter_card":"summary_large_image","twitter_misc":{"Szacowany czas czytania":"1 minuta"},"schema":{"@context":"https:\/\/schema.org","@graph":[{"@type":"WebPage","@id":"https:\/\/www.elementlogic.net\/pl\/raporty\/automation-as-a-service\/dziekujemy\/","url":"https:\/\/www.elementlogic.net\/pl\/raporty\/automation-as-a-service\/dziekujemy\/","name":"Dzi\u0119kujemy - Element Logic Poland","isPartOf":{"@id":"https:\/\/www.elementlogic.net\/pl\/#website"},"datePublished":"2025-10-22T09:48:14+00:00","dateModified":"2025-11-13T07:27:53+00:00","breadcrumb":{"@id":"https:\/\/www.elementlogic.net\/pl\/raporty\/automation-as-a-service\/dziekujemy\/#breadcrumb"},"inLanguage":"pl-PL","potentialAction":[{"@type":"ReadAction","target":["https:\/\/www.elementlogic.net\/pl\/raporty\/automation-as-a-service\/dziekujemy\/"]}]},{"@type":"BreadcrumbList","@id":"https:\/\/www.elementlogic.net\/pl\/raporty\/automation-as-a-service\/dziekujemy\/#breadcrumb","itemListElement":[{"@type":"ListItem","position":1,"name":"Raporty","item":"https:\/\/www.elementlogic.net\/pl\/raporty\/"},{"@type":"ListItem","position":2,"name":"Whitepaper: AaaS","item":"https:\/\/www.elementlogic.net\/pl\/raporty\/automation-as-a-service\/"},{"@type":"ListItem","position":3,"name":"Dzi\u0119kujemy"}]},{"@type":"WebSite","@id":"https:\/\/www.elementlogic.net\/pl\/#website","url":"https:\/\/www.elementlogic.net\/pl\/","name":"Element Logic Poland","description":"","potentialAction":[{"@type":"SearchAction","target":{"@type":"EntryPoint","urlTemplate":"https:\/\/www.elementlogic.net\/pl\/?s={search_term_string}"},"query-input":{"@type":"PropertyValueSpecification","valueRequired":true,"valueName":"search_term_string"}}],"inLanguage":"pl-PL"}]}},"_links":{"self":[{"href":"https:\/\/www.elementlogic.net\/pl\/wp-json\/wp\/v2\/pages\/2470"}],"collection":[{"href":"https:\/\/www.elementlogic.net\/pl\/wp-json\/wp\/v2\/pages"}],"about":[{"href":"https:\/\/www.elementlogic.net\/pl\/wp-json\/wp\/v2\/types\/page"}],"author":[{"embeddable":true,"href":"https:\/\/www.elementlogic.net\/pl\/wp-json\/wp\/v2\/users\/3"}],"replies":[{"embeddable":true,"href":"https:\/\/www.elementlogic.net\/pl\/wp-json\/wp\/v2\/comments?post=2470"}],"version-history":[{"count":2,"href":"https:\/\/www.elementlogic.net\/pl\/wp-json\/wp\/v2\/pages\/2470\/revisions"}],"predecessor-version":[{"id":2490,"href":"https:\/\/www.elementlogic.net\/pl\/wp-json\/wp\/v2\/pages\/2470\/revisions\/2490"}],"up":[{"embeddable":true,"href":"https:\/\/www.elementlogic.net\/pl\/wp-json\/wp\/v2\/pages\/2445"}],"wp:attachment":[{"href":"https:\/\/www.elementlogic.net\/pl\/wp-json\/wp\/v2\/media?parent=2470"}],"curies":[{"name":"wp","href":"https:\/\/api.w.org\/{rel}","templated":true}]}}