{"id":2598,"date":"2026-03-04T10:23:43","date_gmt":"2026-03-04T10:23:43","guid":{"rendered":"https:\/\/www.elementlogic.net\/pl\/?page_id=2598"},"modified":"2026-04-02T08:03:22","modified_gmt":"2026-04-02T08:03:22","slug":"oprogramowanie-magazynowe","status":"publish","type":"page","link":"https:\/\/www.elementlogic.net\/pl\/rozwiazania-i-uslugi\/oprogramowanie-magazynowe\/","title":{"rendered":"Oprogramowanie EL"},"content":{"rendered":"\n\t\t<div style=\"--dekode-hero-dim:0.5; --t2-icon-fill:var(--wp--preset--color--white);\" class=\"alignfull dekode-hero-content-position-center has-media-background wp-block-dekode-hero has-text-color has-white-color\">\n\t\t\t\t\t<video\n\t\t\tautoplay\n\t\t\tloop\n\t\t\tmuted\n\t\t\tplaysinline\n\t\t\tposter=\"\"\n\t\t\tsrc=\"https:\/\/www.elementlogic.net\/content\/uploads\/2024\/08\/software.mp4\">\n\t\t<\/video>\n\t\t\n\t\t\t<div class=\"dekode-hero__content\">\n\t\t\t\t<div class=\"dekode-hero__container\">\n\t\t\t\t\t\n\n<h1 class=\"wp-block-heading\" id=\"h-oprogramowanie-magazynowe-element-logic\"><strong>Oprogramowanie magazynowe Element Logic<\/strong><br><p data-start=\"271\" data-end=\"562\"><\/p><\/h1>\n\n\n<p class=\"t2-ingress wp-block-t2-ingress\">Pe\u0142na optymalizacja proces\u00f3w. Maksymalna efektywno\u015b\u0107.<\/p>\n\n\t\t\t\t<\/div>\n\t\t\t<\/div>\n\t\t<\/div>\n\t\t\n\n\n<p>Wsp\u00f3\u0142czesne magazyny opieraj\u0105 swoj\u0105 konkurencyjno\u015b\u0107 na precyzji opartej na danych. Pakiet oprogramowania magazynowego Element Logic \u0142\u0105czy ka\u017cdy etap procesu \u2014 od przyj\u0119cia towaru po jego wysy\u0142k\u0119 \u2014 w jeden inteligentny system, kt\u00f3ry zwi\u0119ksza efektywno\u015b\u0107, dok\u0142adno\u015b\u0107 i kontrol\u0119 nad operacjami.<\/p>\n\n\n\n<p>Nasza oferta obejmuje <strong><a href=\"https:\/\/www.elementlogic.net\/pl\/rozwiazania-i-uslugi\/oprogramowanie-magazynowe\/warehouse-control-systems\/\">Warehouse Control Systems (WCS)<\/a><\/strong> oraz <strong><a href=\"https:\/\/www.elementlogic.net\/pl\/rozwiazania-i-uslugi\/oprogramowanie-magazynowe\/oprogramowanie-warehouse-intelligence\/\">Warehouse Intelligence Software (eLogiq)<\/a><\/strong>, zapewniaj\u0105c sp\u00f3jn\u0105 wsp\u00f3\u0142prac\u0119 ludzi, robot\u00f3w i danych w ramach jednego, zoptymalizowanego ekosystemu.<\/p>\n\n\n\n\t\t<div class=\"alignwide is-mode-constrained is-gap-center has-media-on-the-right wp-block-t2-simple-media-text   \">\n\t\t\t<div class=\"t2-simple-media-text__container\">\n\t\t\t\t<div class=\"t2-simple-media-text__image\"><img loading=\"lazy\" decoding=\"async\" width=\"768\" height=\"692\" src=\"https:\/\/www.elementlogic.net\/content\/uploads\/sites\/22\/2026\/02\/Element-Logic-Autostore-eOperator-@Apotea-3-1-scaled-e1770039091479-768x692.jpg\" class=\"\" alt=\"\" style=\"--focalpoint: 50% 50%;\" srcset=\"https:\/\/www.elementlogic.net\/content\/uploads\/sites\/22\/2026\/02\/Element-Logic-Autostore-eOperator-@Apotea-3-1-scaled-e1770039091479-768x692.jpg 768w, https:\/\/www.elementlogic.net\/content\/uploads\/sites\/22\/2026\/02\/Element-Logic-Autostore-eOperator-@Apotea-3-1-scaled-e1770039091479-300x270.jpg 300w, https:\/\/www.elementlogic.net\/content\/uploads\/sites\/22\/2026\/02\/Element-Logic-Autostore-eOperator-@Apotea-3-1-scaled-e1770039091479.jpg 823w\" sizes=\"(max-width: 768px) 100vw, 768px\" \/><\/div>\n\t\t\t\t<div class=\"t2-simple-media-text__content-container\">\n\t\t\t\t\t<div class=\"t2-simple-media-text__content\">\n\t\t\t\t\t\t<div class=\"t2-simple-media-text__content-inner\">\n\t\t\t\t\t\t\t\n\n<h3 class=\"wp-block-heading\" id=\"h-pelna-kontrola-dzieki-inteligentnej-koordynacji\"><strong>Pe\u0142na kontrola dzi\u0119ki inteligentnej koordynacji<\/strong><br><p data-start=\"833\" data-end=\"1121\"><\/p><\/h3>\n\n\n\n<p><br>Nasze <strong>Warehouse Control Systems (WCS)<\/strong> zapewniaj\u0105 p\u0142ynn\u0105 koordynacj\u0119 pomi\u0119dzy urz\u0105dzeniami automatycznymi a zadaniami realizowanymi manualnie. Monitoruj\u0105c, zarz\u0105dzaj\u0105c i synchronizuj\u0105c ka\u017cdy ruch w czasie rzeczywistym, WCS pe\u0142ni rol\u0119 operacyjnego kr\u0119gos\u0142upa zautomatyzowanego magazynu.<\/p>\n\n\n\n<p><strong>Minimalizuj przestoje. Maksymalizuj przep\u0142yw.<\/strong><br><\/p>\n\n\n\n<div class=\"wp-block-button\"><a class=\"wp-block-button__link wp-element-button\" href=\"https:\/\/www.elementlogic.net\/pl\/rozwiazania-i-uslugi\/oprogramowanie-magazynowe\/warehouse-control-systems\/\">Poznaj Warehouse Control Systems<\/a><\/div>\n\n\n\t\t\t\t\t\t<\/div>\n\t\t\t\t\t<\/div>\n\t\t\t\t<\/div>\n\t\t\t<\/div>\n\t\t<\/div>\n\t\t\n\n\n\t\t<div class=\"alignwide is-mode-constrained is-gap-center wp-block-t2-simple-media-text   \">\n\t\t\t<div class=\"t2-simple-media-text__container\">\n\t\t\t\t<div class=\"t2-simple-media-text__image\"><img loading=\"lazy\" decoding=\"async\" width=\"768\" height=\"512\" src=\"https:\/\/www.elementlogic.net\/content\/uploads\/sites\/22\/2026\/02\/Element-Logic-eLogiq-2-768x512.jpg\" class=\"\" alt=\"\" style=\"--focalpoint: 50% 50%;\" srcset=\"https:\/\/www.elementlogic.net\/content\/uploads\/sites\/22\/2026\/02\/Element-Logic-eLogiq-2-768x512.jpg 768w, https:\/\/www.elementlogic.net\/content\/uploads\/sites\/22\/2026\/02\/Element-Logic-eLogiq-2-1024x683.jpg 1024w\" sizes=\"(max-width: 768px) 100vw, 768px\" \/><\/div>\n\t\t\t\t<div class=\"t2-simple-media-text__content-container\">\n\t\t\t\t\t<div class=\"t2-simple-media-text__content\">\n\t\t\t\t\t\t<div class=\"t2-simple-media-text__content-inner\">\n\t\t\t\t\t\t\t\n\n<h3 class=\"wp-block-heading\" id=\"h-t-rafniejsze-decyzje-dzieki-warehouse-intelligence-software-elogiq\">T<strong>rafniejsze decyzje dzi\u0119ki Warehouse Intelligence Software (eLogiq)<\/strong><\/h3>\n\n\n\n<p><br><strong>Warehouse Intelligence Software (eLogiq)<\/strong> przekszta\u0142ca dane magazynowe w konkretne wnioski operacyjne. Oprogramowanie oferuje pulpity wydajno\u015bci w czasie rzeczywistym, analityk\u0119 predykcyjn\u0105 oraz rekomendacje systemowe, kt\u00f3re wspieraj\u0105 ci\u0105g\u0142e doskonalenie proces\u00f3w, redukcj\u0119 strat i optymalne wykorzystanie zasob\u00f3w ludzkich.<\/p>\n\n\n\n<p><strong>Minimalizuj niepewno\u015b\u0107. Maksymalizuj wydajno\u015b\u0107.<\/strong><br><\/p>\n\n\n\n<div class=\"wp-block-button\"><a class=\"wp-block-button__link wp-element-button\" href=\"https:\/\/www.elementlogic.net\/pl\/rozwiazania-i-uslugi\/oprogramowanie-magazynowe\/oprogramowanie-warehouse-intelligence\/\">Poznaj Warehouse Intelligence Software<\/a><\/div>\n\n\n\t\t\t\t\t\t<\/div>\n\t\t\t\t\t<\/div>\n\t\t\t\t<\/div>\n\t\t\t<\/div>\n\t\t<\/div>\n\t\t\n\n\n<p><\/p>\n","protected":false},"excerpt":{"rendered":"<p>Wsp\u00f3\u0142czesne magazyny opieraj\u0105 swoj\u0105 konkurencyjno\u015b\u0107 na precyzji opartej na danych. Pakiet oprogramowania magazynowego Element Logic \u0142\u0105czy ka\u017cdy etap procesu \u2014 [&hellip;]<\/p>\n","protected":false},"author":58,"featured_media":0,"parent":2607,"menu_order":0,"comment_status":"closed","ping_status":"closed","template":"","meta":{"hreflang_relation":0,"_el_cross_publish_source_blog_url":"","_el_cross_publish_source_blog_id":0,"_el_cross_publish_source_post_id":0,"_el_cross_publish_sync_state":"","exclude_from_search":false,"footnotes":""},"class_list":["post-2598","page","type-page","status-publish","hentry"],"yoast_head":"<!-- This site is optimized with the Yoast SEO Premium plugin v23.9 (Yoast SEO v23.9) - https:\/\/yoast.com\/wordpress\/plugins\/seo\/ -->\n<title>Oprogramowanie EL - Element Logic Poland<\/title>\n<meta name=\"robots\" content=\"index, follow, max-snippet:-1, max-image-preview:large, max-video-preview:-1\" \/>\n<link rel=\"canonical\" href=\"https:\/\/www.elementlogic.net\/pl\/rozwiazania-i-uslugi\/oprogramowanie-magazynowe\/\" \/>\n<meta property=\"og:locale\" content=\"pl_PL\" \/>\n<meta property=\"og:type\" content=\"article\" \/>\n<meta property=\"og:title\" content=\"Oprogramowanie EL\" \/>\n<meta property=\"og:description\" content=\"Wsp\u00f3\u0142czesne magazyny opieraj\u0105 swoj\u0105 konkurencyjno\u015b\u0107 na precyzji opartej na danych. Pakiet oprogramowania magazynowego Element Logic \u0142\u0105czy ka\u017cdy etap procesu \u2014 [&hellip;]\" \/>\n<meta property=\"og:url\" content=\"https:\/\/www.elementlogic.net\/pl\/rozwiazania-i-uslugi\/oprogramowanie-magazynowe\/\" \/>\n<meta property=\"og:site_name\" content=\"Element Logic Poland\" \/>\n<meta property=\"article:modified_time\" content=\"2026-04-02T08:03:22+00:00\" \/>\n<meta name=\"twitter:card\" content=\"summary_large_image\" \/>\n<meta name=\"twitter:label1\" content=\"Szacowany czas czytania\" \/>\n\t<meta name=\"twitter:data1\" content=\"1 minuta\" \/>\n<script type=\"application\/ld+json\" class=\"yoast-schema-graph\">{\"@context\":\"https:\/\/schema.org\",\"@graph\":[{\"@type\":\"WebPage\",\"@id\":\"https:\/\/www.elementlogic.net\/pl\/rozwiazania-i-uslugi\/oprogramowanie-magazynowe\/\",\"url\":\"https:\/\/www.elementlogic.net\/pl\/rozwiazania-i-uslugi\/oprogramowanie-magazynowe\/\",\"name\":\"Oprogramowanie EL - Element Logic Poland\",\"isPartOf\":{\"@id\":\"https:\/\/www.elementlogic.net\/pl\/#website\"},\"datePublished\":\"2026-03-04T10:23:43+00:00\",\"dateModified\":\"2026-04-02T08:03:22+00:00\",\"breadcrumb\":{\"@id\":\"https:\/\/www.elementlogic.net\/pl\/rozwiazania-i-uslugi\/oprogramowanie-magazynowe\/#breadcrumb\"},\"inLanguage\":\"pl-PL\",\"potentialAction\":[{\"@type\":\"ReadAction\",\"target\":[\"https:\/\/www.elementlogic.net\/pl\/rozwiazania-i-uslugi\/oprogramowanie-magazynowe\/\"]}]},{\"@type\":\"BreadcrumbList\",\"@id\":\"https:\/\/www.elementlogic.net\/pl\/rozwiazania-i-uslugi\/oprogramowanie-magazynowe\/#breadcrumb\",\"itemListElement\":[{\"@type\":\"ListItem\",\"position\":1,\"name\":\"Rozwi\u0105zania i us\u0142ugi New\",\"item\":\"https:\/\/www.elementlogic.net\/pl\/rozwiazania-i-uslugi\/\"},{\"@type\":\"ListItem\",\"position\":2,\"name\":\"Oprogramowanie EL\"}]},{\"@type\":\"WebSite\",\"@id\":\"https:\/\/www.elementlogic.net\/pl\/#website\",\"url\":\"https:\/\/www.elementlogic.net\/pl\/\",\"name\":\"Element Logic Poland\",\"description\":\"\",\"potentialAction\":[{\"@type\":\"SearchAction\",\"target\":{\"@type\":\"EntryPoint\",\"urlTemplate\":\"https:\/\/www.elementlogic.net\/pl\/?s={search_term_string}\"},\"query-input\":{\"@type\":\"PropertyValueSpecification\",\"valueRequired\":true,\"valueName\":\"search_term_string\"}}],\"inLanguage\":\"pl-PL\"}]}<\/script>\n<!-- \/ Yoast SEO Premium plugin. -->","yoast_head_json":{"title":"Oprogramowanie EL - Element Logic Poland","robots":{"index":"index","follow":"follow","max-snippet":"max-snippet:-1","max-image-preview":"max-image-preview:large","max-video-preview":"max-video-preview:-1"},"canonical":"https:\/\/www.elementlogic.net\/pl\/rozwiazania-i-uslugi\/oprogramowanie-magazynowe\/","og_locale":"pl_PL","og_type":"article","og_title":"Oprogramowanie EL","og_description":"Wsp\u00f3\u0142czesne magazyny opieraj\u0105 swoj\u0105 konkurencyjno\u015b\u0107 na precyzji opartej na danych. Pakiet oprogramowania magazynowego Element Logic \u0142\u0105czy ka\u017cdy etap procesu \u2014 [&hellip;]","og_url":"https:\/\/www.elementlogic.net\/pl\/rozwiazania-i-uslugi\/oprogramowanie-magazynowe\/","og_site_name":"Element Logic Poland","article_modified_time":"2026-04-02T08:03:22+00:00","twitter_card":"summary_large_image","twitter_misc":{"Szacowany czas czytania":"1 minuta"},"schema":{"@context":"https:\/\/schema.org","@graph":[{"@type":"WebPage","@id":"https:\/\/www.elementlogic.net\/pl\/rozwiazania-i-uslugi\/oprogramowanie-magazynowe\/","url":"https:\/\/www.elementlogic.net\/pl\/rozwiazania-i-uslugi\/oprogramowanie-magazynowe\/","name":"Oprogramowanie EL - Element Logic Poland","isPartOf":{"@id":"https:\/\/www.elementlogic.net\/pl\/#website"},"datePublished":"2026-03-04T10:23:43+00:00","dateModified":"2026-04-02T08:03:22+00:00","breadcrumb":{"@id":"https:\/\/www.elementlogic.net\/pl\/rozwiazania-i-uslugi\/oprogramowanie-magazynowe\/#breadcrumb"},"inLanguage":"pl-PL","potentialAction":[{"@type":"ReadAction","target":["https:\/\/www.elementlogic.net\/pl\/rozwiazania-i-uslugi\/oprogramowanie-magazynowe\/"]}]},{"@type":"BreadcrumbList","@id":"https:\/\/www.elementlogic.net\/pl\/rozwiazania-i-uslugi\/oprogramowanie-magazynowe\/#breadcrumb","itemListElement":[{"@type":"ListItem","position":1,"name":"Rozwi\u0105zania i us\u0142ugi New","item":"https:\/\/www.elementlogic.net\/pl\/rozwiazania-i-uslugi\/"},{"@type":"ListItem","position":2,"name":"Oprogramowanie EL"}]},{"@type":"WebSite","@id":"https:\/\/www.elementlogic.net\/pl\/#website","url":"https:\/\/www.elementlogic.net\/pl\/","name":"Element Logic Poland","description":"","potentialAction":[{"@type":"SearchAction","target":{"@type":"EntryPoint","urlTemplate":"https:\/\/www.elementlogic.net\/pl\/?s={search_term_string}"},"query-input":{"@type":"PropertyValueSpecification","valueRequired":true,"valueName":"search_term_string"}}],"inLanguage":"pl-PL"}]}},"_links":{"self":[{"href":"https:\/\/www.elementlogic.net\/pl\/wp-json\/wp\/v2\/pages\/2598"}],"collection":[{"href":"https:\/\/www.elementlogic.net\/pl\/wp-json\/wp\/v2\/pages"}],"about":[{"href":"https:\/\/www.elementlogic.net\/pl\/wp-json\/wp\/v2\/types\/page"}],"author":[{"embeddable":true,"href":"https:\/\/www.elementlogic.net\/pl\/wp-json\/wp\/v2\/users\/58"}],"replies":[{"embeddable":true,"href":"https:\/\/www.elementlogic.net\/pl\/wp-json\/wp\/v2\/comments?post=2598"}],"version-history":[{"count":5,"href":"https:\/\/www.elementlogic.net\/pl\/wp-json\/wp\/v2\/pages\/2598\/revisions"}],"predecessor-version":[{"id":3071,"href":"https:\/\/www.elementlogic.net\/pl\/wp-json\/wp\/v2\/pages\/2598\/revisions\/3071"}],"up":[{"embeddable":true,"href":"https:\/\/www.elementlogic.net\/pl\/wp-json\/wp\/v2\/pages\/2607"}],"wp:attachment":[{"href":"https:\/\/www.elementlogic.net\/pl\/wp-json\/wp\/v2\/media?parent=2598"}],"curies":[{"name":"wp","href":"https:\/\/api.w.org\/{rel}","templated":true}]}}