{"id":2644,"date":"2026-03-04T10:47:00","date_gmt":"2026-03-04T10:47:00","guid":{"rendered":"https:\/\/www.elementlogic.net\/pl\/?page_id=2644"},"modified":"2026-03-31T07:28:31","modified_gmt":"2026-03-31T07:28:31","slug":"element-logic-managed-services","status":"publish","type":"page","link":"https:\/\/www.elementlogic.net\/pl\/rozwiazania-i-uslugi\/element-logic-managed-services\/","title":{"rendered":"Element Logic Managed Services"},"content":{"rendered":"\n\t\t<div style=\"--dekode-hero-dim:0.5; --t2-icon-fill:var(--wp--preset--color--white);\" class=\"alignfull dekode-hero-content-position-center has-media-background wp-block-dekode-hero has-text-color has-white-color\">\n\t\t\t<img loading=\"lazy\" decoding=\"async\" width=\"1024\" height=\"544\" src=\"https:\/\/www.elementlogic.net\/content\/uploads\/sites\/22\/\/2024\/09\/fallback-emanager-1024x544.jpg\" class=\"dekode-hero__image\" alt=\"\" style=\"--focalpoint: 50% 50%;\" srcset=\"https:\/\/www.elementlogic.net\/content\/uploads\/sites\/22\/2024\/09\/fallback-emanager-1024x544.jpg 1024w, https:\/\/www.elementlogic.net\/content\/uploads\/sites\/22\/2024\/09\/fallback-emanager-300x159.jpg 300w, https:\/\/www.elementlogic.net\/content\/uploads\/sites\/22\/2024\/09\/fallback-emanager-768x408.jpg 768w, https:\/\/www.elementlogic.net\/content\/uploads\/sites\/22\/2024\/09\/fallback-emanager-1536x816.jpg 1536w, https:\/\/www.elementlogic.net\/content\/uploads\/sites\/22\/2024\/09\/fallback-emanager.jpg 1600w\" sizes=\"(max-width: 1024px) 100vw, 1024px\" \/>\n\t\t\t<div class=\"dekode-hero__content\">\n\t\t\t\t<div class=\"dekode-hero__container\">\n\t\t\t\t\t\n\n<h1 class=\"wp-block-heading\" id=\"h-element-logic-managed-services\">Element Logic Managed Services<\/h1>\n\n\n<p class=\"t2-ingress wp-block-t2-ingress\">Zdejmij z siebie ci\u0119\u017car zarz\u0105dzania IT i zwi\u0119ksz efektywno\u015b\u0107 swojego magazynu dzi\u0119ki zarz\u0105dzanym us\u0142ugom IT Element Logic \u2014 Twojemu partnerowi w zakresie niezawodnej, skalowalnej i efektywnej kosztowo infrastruktury IT, zar\u00f3wno w chmurze, jak i w \u015brodowisku lokalnym.<\/p>\n\n\t\t\t\t<\/div>\n\t\t\t<\/div>\n\t\t<\/div>\n\t\t\n\n\n<h2 class=\"wp-block-heading\" id=\"h-zostaw-zlozonosc-it-za-soba\"><strong>Zostaw z\u0142o\u017cono\u015b\u0107 IT za sob\u0105<\/strong><\/h2>\n\n\n\n<p>Zarz\u0105dzanie infrastruktur\u0105 IT dla system\u00f3w AutoStore i rozwi\u0105za\u0144 magazynowych bywa wymagaj\u0105ce i kosztowne. Utrzymanie sprz\u0119tu, kopie zapasowe oraz bezpiecze\u0144stwo poch\u0142aniaj\u0105 czas i wymagaj\u0105 specjalistycznej wiedzy, cz\u0119sto odci\u0105gaj\u0105c uwag\u0119 od kluczowych operacji magazynowych.<\/p>\n\n\n\n<p><strong>Element Logic Managed Services<\/strong> przejmuje odpowiedzialno\u015b\u0107 za utrzymanie system\u00f3w magazynowych w pe\u0142nej gotowo\u015bci \u2014 niezale\u017cnie od tego, czy chcesz, aby by\u0142y hostowane w <strong>chmurze<\/strong>, czy zarz\u0105dzane na Twojej <strong>istniej\u0105cej infrastrukturze<\/strong>.<br>Nasi certyfikowani in\u017cynierowie zajmuj\u0105 si\u0119 konfiguracj\u0105, uruchomieniem, monitoringiem i aktualizacjami, dzi\u0119ki czemu systemy pozostaj\u0105 bezpieczne, zgodne z wymaganiami i dzia\u0142aj\u0105 z najwy\u017csz\u0105 wydajno\u015bci\u0105, a Ty mo\u017cesz skupi\u0107 si\u0119 na efektywno\u015bci magazynu.&nbsp;<\/p>\n\n\n\n\t\t<div class=\"alignwide is-mode-constrained is-gap-center wp-block-t2-simple-media-text   \">\n\t\t\t<div class=\"t2-simple-media-text__container\">\n\t\t\t\t<div class=\"t2-simple-media-text__image\"><img loading=\"lazy\" decoding=\"async\" width=\"768\" height=\"512\" src=\"https:\/\/www.elementlogic.net\/content\/uploads\/sites\/22\/2026\/02\/EL_eLogiq_-4-768x512.jpg\" class=\"\" alt=\"\" style=\"--focalpoint: 50% 50%;\" srcset=\"https:\/\/www.elementlogic.net\/content\/uploads\/sites\/22\/2026\/02\/EL_eLogiq_-4-768x512.jpg 768w, https:\/\/www.elementlogic.net\/content\/uploads\/sites\/22\/2026\/02\/EL_eLogiq_-4-300x200.jpg 300w, https:\/\/www.elementlogic.net\/content\/uploads\/sites\/22\/2026\/02\/EL_eLogiq_-4-1024x683.jpg 1024w, https:\/\/www.elementlogic.net\/content\/uploads\/sites\/22\/2026\/02\/EL_eLogiq_-4-1536x1024.jpg 1536w, https:\/\/www.elementlogic.net\/content\/uploads\/sites\/22\/2026\/02\/EL_eLogiq_-4-2048x1365.jpg 2048w\" sizes=\"(max-width: 768px) 100vw, 768px\" \/><\/div>\n\t\t\t\t<div class=\"t2-simple-media-text__content-container\">\n\t\t\t\t\t<div class=\"t2-simple-media-text__content\">\n\t\t\t\t\t\t<div class=\"t2-simple-media-text__content-inner\">\n\t\t\t\t\t\t\t\n\n<h3 class=\"wp-block-heading\" id=\"h-managed-service-cloud\"><strong>Managed Service Cloud<\/strong><\/h3>\n\n\n\n<p>Element Logic dostarcza i obs\u0142uguje ca\u0142e \u015brodowisko IT \u2014 serwery, bazy danych, sie\u0107, bezpiecze\u0144stwo i kopie zapasowe \u2014 w oparciu o <strong>Amazon Web Services (AWS)<\/strong>, dost\u0119pne w 37 regionach na ca\u0142ym \u015bwiecie.<\/p>\n\n\n\n<p>Ka\u017cdy klient otrzymuje <strong>dedykowan\u0105<\/strong>, <strong>prywatn\u0105 <\/strong>chmur\u0119, bezpiecznie po\u0142\u0105czon\u0105 z magazynem za pomoc\u0105 sieci VPN.<\/p>\n\n\n\n<p>Zarz\u0105dzamy ca\u0142o\u015bci\u0105 end-to-end: infrastruktur\u0105, \u015brodowiskami systemowymi, redundancj\u0105 i odtwarzaniem danych, zapewniaj\u0105c wysok\u0105 dost\u0119pno\u015b\u0107, skalowalno\u015b\u0107 i zgodno\u015b\u0107 z wymaganiami \u2014 bez konieczno\u015bci anga\u017cowania lokalnego IT.&nbsp;<\/p>\n\n\n\t\t\t\t\t\t<\/div>\n\t\t\t\t\t<\/div>\n\t\t\t\t<\/div>\n\t\t\t<\/div>\n\t\t<\/div>\n\t\t\n\n\n\t\t<div class=\"alignwide is-mode-constrained is-gap-center has-media-on-the-right wp-block-t2-simple-media-text   \">\n\t\t\t<div class=\"t2-simple-media-text__container\">\n\t\t\t\t<div class=\"t2-simple-media-text__image\"><img loading=\"lazy\" decoding=\"async\" width=\"768\" height=\"512\" src=\"https:\/\/www.elementlogic.net\/content\/uploads\/sites\/22\/2026\/02\/Element-Logic-eLogiq-2-768x512.jpg\" class=\"\" alt=\"\" style=\"--focalpoint: 50% 50%;\" srcset=\"https:\/\/www.elementlogic.net\/content\/uploads\/sites\/22\/2026\/02\/Element-Logic-eLogiq-2-768x512.jpg 768w, https:\/\/www.elementlogic.net\/content\/uploads\/sites\/22\/2026\/02\/Element-Logic-eLogiq-2-1024x683.jpg 1024w\" sizes=\"(max-width: 768px) 100vw, 768px\" \/><\/div>\n\t\t\t\t<div class=\"t2-simple-media-text__content-container\">\n\t\t\t\t\t<div class=\"t2-simple-media-text__content\">\n\t\t\t\t\t\t<div class=\"t2-simple-media-text__content-inner\">\n\t\t\t\t\t\t\t\n\n<h3 class=\"wp-block-heading\" id=\"h-managed-service-on-prem-nbsp\"><strong>Managed Service On-Prem<\/strong>&nbsp;<\/h3>\n\n\n\n<p>Klient <strong>zapewnia i utrzymuje<\/strong> fizyczn\u0105 infrastruktur\u0119 sprz\u0119tow\u0105, pami\u0119\u0107 masow\u0105 oraz zasilanie na miejscu.<\/p>\n\n\n\n<p>Element Logic zarz\u0105dza <strong>systemami <\/strong>i <strong>aplikacjami <\/strong>dzia\u0142aj\u0105cymi na maszynach wirtualnych \u2014 obejmuj\u0105c systemy operacyjne, bazy danych, konfiguracje i aktualizacje.<\/p>\n\n\n\n<p>Dbamy o to, aby Twoja istniej\u0105ca infrastruktura dzia\u0142a\u0142a wydajnie i by\u0142a w pe\u0142ni zgodna z wymaganiami oprogramowania Element Logic.<\/p>\n\n\n\n<p>Poziom dost\u0119pno\u015bci, redundancji oraz zakres kopii zapasowych pozostaj\u0105 decyzj\u0105 klienta.<\/p>\n\n\n\t\t\t\t\t\t<\/div>\n\t\t\t\t\t<\/div>\n\t\t\t\t<\/div>\n\t\t\t<\/div>\n\t\t<\/div>\n\t\t\n\n\n<h2 class=\"wp-block-heading\" id=\"h-niezawodna-siec-i-odpornosc-systemow\"><strong>Niezawodna sie\u0107 i odporno\u015b\u0107 system\u00f3w<\/strong><br><p data-start=\"1972\" data-end=\"2043\"><\/p><\/h2>\n\n\n\n<p>Ka\u017cde zarz\u0105dzane \u015brodowisko projektujemy z my\u015bl\u0105 o ci\u0105g\u0142o\u015bci dzia\u0142ania:<\/p>\n\n\n\n<ul class=\"wp-block-list\">\n<li>ci\u0105g\u0142y nadz\u00f3r system\u00f3w z wykorzystaniem narz\u0119dzi monitoringu wysokiej dost\u0119pno\u015bci,<\/li>\n<\/ul>\n\n\n\n<ul class=\"wp-block-list\">\n<li>automatyczne kopie zapasowe, wersjonowanie i procedury odtwarzania danych w chmurze,<\/li>\n<\/ul>\n\n\n\n<ul class=\"wp-block-list\">\n<li>redundantne tunele VPN i \u0142\u0105cza zapasowe dla \u015brodowisk chmurowych,<\/li>\n<\/ul>\n\n\n\n<ul class=\"wp-block-list\">\n<li>regularne wzmacnianie zabezpiecze\u0144 i aktualizacje system\u00f3w,<\/li>\n<\/ul>\n\n\n\n<ul class=\"wp-block-list\">\n<li>bezpieczny zdalny dost\u0119p i wsparcie poprzez Element Service Platform (ESP).<\/li>\n<\/ul>\n\n\n\n<p>Nasz zesp\u00f3\u0142 monitoruje stan system\u00f3w 24\/7 i dzia\u0142a proaktywnie, eliminuj\u0105c potencjalne problemy, zanim wp\u0142yn\u0105 one na operacje magazynowe.<\/p>\n\n\n<div class=\"t2-accordion wp-block-t2-accordion\" data-allow-multiple=\"1\">\n<div class=\"t2-accordion-item wp-block-t2-accordion-item\">\t<h3 class=\"t2-accordion-title\">\n\t\t<button\n\t\t\taria-controls=\"accordion-panel\"\n\t\t\taria-expanded=\"false\"\n\t\t\tclass=\"t2-accordion-trigger\"\n\t\t\tid=\"kluczowe-korzy\u015bci\"\n\t\t\ttype=\"button\"\n\t\t>\n\t\t\tKluczowe korzy\u015bci\t\t\t<span class=\"t2-accordion-icon is-closed-icon\">\n\t\t\t\t<svg xmlns=\"http:\/\/www.w3.org\/2000\/svg\" viewBox=\"0 0 24 24\" height=\"24\" width=\"24\" class=\"t2-icon t2-icon-theme_plus\" aria-hidden=\"true\" focusable=\"false\"><path d=\"M11.25 12.75H6.25C6.0375 12.75 5.85942 12.6781 5.71575 12.5342C5.57192 12.3904 5.5 12.2122 5.5 11.9997C5.5 11.7871 5.57192 11.609 5.71575 11.4655C5.85942 11.3218 6.0375 11.25 6.25 11.25H11.25V6.25C11.25 6.0375 11.3219 5.85942 11.4658 5.71575C11.6096 5.57192 11.7878 5.5 12.0003 5.5C12.2129 5.5 12.391 5.57192 12.5345 5.71575C12.6782 5.85942 12.75 6.0375 12.75 6.25V11.25H17.75C17.9625 11.25 18.1406 11.3219 18.2843 11.4658C18.4281 11.6096 18.5 11.7878 18.5 12.0003C18.5 12.2129 18.4281 12.391 18.2843 12.5345C18.1406 12.6782 17.9625 12.75 17.75 12.75H12.75V17.75C12.75 17.9625 12.6781 18.1406 12.5342 18.2843C12.3904 18.4281 12.2122 18.5 11.9997 18.5C11.7871 18.5 11.609 18.4281 11.4655 18.2843C11.3218 18.1406 11.25 17.9625 11.25 17.75V12.75Z\" fill=\"var(--t2-icon-fill, #000)\"\/><\/svg>\t\t\t<\/span>\n\t\t\t<span class=\"t2-accordion-icon is-open-icon\">\n\t\t\t\t<svg xmlns=\"http:\/\/www.w3.org\/2000\/svg\" viewBox=\"0 0 24 24\" height=\"24\" width=\"24\" class=\"t2-icon t2-icon-theme_minus\" aria-hidden=\"true\" focusable=\"false\"><path d=\"M6.25 12.75C6.0375 12.75 5.85942 12.6781 5.71575 12.5342C5.57192 12.3904 5.5 12.2122 5.5 11.9997C5.5 11.7871 5.57192 11.609 5.71575 11.4655C5.85942 11.3218 6.0375 11.25 6.25 11.25H17.75C17.9625 11.25 18.1406 11.3219 18.2843 11.4658C18.4281 11.6096 18.5 11.7878 18.5 12.0003C18.5 12.2129 18.4281 12.391 18.2843 12.5345C18.1406 12.6782 17.9625 12.75 17.75 12.75H6.25Z\" fill=\"var(--t2-icon-fill, #1C1B1F)\"\/><\/svg>\t\t\t<\/span>\n\t\t<\/button>\n\t<\/h3>\n\t\t<div\n\t\taria-labelledby=\"kluczowe-korzy\u015bci\"\n\t\tclass=\"t2-accordion-item__inner-container\"\n\t\tid=\"accordion-panel\"\n\t\trole=\"region\"\n\t\thidden\t>\n\t\t\n\n<ul class=\"wp-block-list\">\n<li><strong>Uproszczone IT:<\/strong> eksperci przejmuj\u0105 obs\u0142ug\u0119 system\u00f3w, a Ty koncentrujesz si\u0119 na wydajno\u015bci magazynu.<\/li>\n\n\n\n<li><strong>Przewidywalne koszty:<\/strong> przej\u015bcie od nieprzewidywalnych nak\u0142ad\u00f3w inwestycyjnych do przejrzystego modelu us\u0142ugowego.<\/li>\n\n\n\n<li><strong>Ekspercka wiedza na \u017c\u0105danie:<\/strong> dost\u0119p do certyfikowanych in\u017cynier\u00f3w systemowych i chmurowych wyspecjalizowanych w IT magazynowym.<\/li>\n\n\n\n<li><strong>Niezawodno\u015b\u0107 i bezpiecze\u0144stwo:<\/strong> monitoring 24\/7, automatyczne kopie zapasowe i zgodno\u015b\u0107 z RODO.<\/li>\n\n\n\n<li><strong>Skalowalno\u015b\u0107:<\/strong> \u0142atwa rozbudowa i integracja nowych aplikacji Element Logic wraz z rozwojem biznesu.<\/li>\n\n\n\n<li><strong>Spok\u00f3j operacyjny:<\/strong> niezale\u017cnie od tego, czy systemy s\u0105 hostowane przez nas, czy zarz\u0105dzane na Twoim sprz\u0119cie \u2014 s\u0105 w bezpiecznych r\u0119kach.<\/li>\n<\/ul>\n\n\t<\/div>\n\t<\/div>\n\n<div class=\"t2-accordion-item wp-block-t2-accordion-item\">\t<h2 class=\"t2-accordion-title\">\n\t\t<button\n\t\t\taria-controls=\"accordion-panel-1\"\n\t\t\taria-expanded=\"false\"\n\t\t\tclass=\"t2-accordion-trigger\"\n\t\t\tid=\"na-co-mo\u017cesz-liczy\u0107:\"\n\t\t\ttype=\"button\"\n\t\t>\n\t\t\tNa co mo\u017cesz liczy\u0107:\t\t\t<span class=\"t2-accordion-icon is-closed-icon\">\n\t\t\t\t<svg xmlns=\"http:\/\/www.w3.org\/2000\/svg\" viewBox=\"0 0 24 24\" height=\"24\" width=\"24\" class=\"t2-icon t2-icon-theme_plus\" aria-hidden=\"true\" focusable=\"false\"><path d=\"M11.25 12.75H6.25C6.0375 12.75 5.85942 12.6781 5.71575 12.5342C5.57192 12.3904 5.5 12.2122 5.5 11.9997C5.5 11.7871 5.57192 11.609 5.71575 11.4655C5.85942 11.3218 6.0375 11.25 6.25 11.25H11.25V6.25C11.25 6.0375 11.3219 5.85942 11.4658 5.71575C11.6096 5.57192 11.7878 5.5 12.0003 5.5C12.2129 5.5 12.391 5.57192 12.5345 5.71575C12.6782 5.85942 12.75 6.0375 12.75 6.25V11.25H17.75C17.9625 11.25 18.1406 11.3219 18.2843 11.4658C18.4281 11.6096 18.5 11.7878 18.5 12.0003C18.5 12.2129 18.4281 12.391 18.2843 12.5345C18.1406 12.6782 17.9625 12.75 17.75 12.75H12.75V17.75C12.75 17.9625 12.6781 18.1406 12.5342 18.2843C12.3904 18.4281 12.2122 18.5 11.9997 18.5C11.7871 18.5 11.609 18.4281 11.4655 18.2843C11.3218 18.1406 11.25 17.9625 11.25 17.75V12.75Z\" fill=\"var(--t2-icon-fill, #000)\"\/><\/svg>\t\t\t<\/span>\n\t\t\t<span class=\"t2-accordion-icon is-open-icon\">\n\t\t\t\t<svg xmlns=\"http:\/\/www.w3.org\/2000\/svg\" viewBox=\"0 0 24 24\" height=\"24\" width=\"24\" class=\"t2-icon t2-icon-theme_minus\" aria-hidden=\"true\" focusable=\"false\"><path d=\"M6.25 12.75C6.0375 12.75 5.85942 12.6781 5.71575 12.5342C5.57192 12.3904 5.5 12.2122 5.5 11.9997C5.5 11.7871 5.57192 11.609 5.71575 11.4655C5.85942 11.3218 6.0375 11.25 6.25 11.25H17.75C17.9625 11.25 18.1406 11.3219 18.2843 11.4658C18.4281 11.6096 18.5 11.7878 18.5 12.0003C18.5 12.2129 18.4281 12.391 18.2843 12.5345C18.1406 12.6782 17.9625 12.75 17.75 12.75H6.25Z\" fill=\"var(--t2-icon-fill, #1C1B1F)\"\/><\/svg>\t\t\t<\/span>\n\t\t<\/button>\n\t<\/h2>\n\t\t<div\n\t\taria-labelledby=\"na-co-mo\u017cesz-liczy\u0107:\"\n\t\tclass=\"t2-accordion-item__inner-container\"\n\t\tid=\"accordion-panel-1\"\n\t\trole=\"region\"\n\t\thidden\t>\n\t\t\n\n<ul class=\"wp-block-list\">\n<li><strong>Sta\u0142e wsparcie:<\/strong> ca\u0142odobowe service desk zapewniaj\u0105ce monitoring, rozwi\u0105zywanie problem\u00f3w i doradztwo techniczne.<\/li>\n\n\n\n<li><strong>Przejrzyste umowy:<\/strong> minimalny okres jednego roku, automatyczne odnowienie i brak ukrytych koszt\u00f3w.<\/li>\n\n\n\n<li><strong>Sprawny onboarding:<\/strong> jasne wymagania techniczne, prowadzone wdro\u017cenie i ustandaryzowana konfiguracja.<\/li>\n\n\n\n<li><strong>Proaktywne utrzymanie:<\/strong> regularne kontrole stanu system\u00f3w i aktualizacje zapewniaj\u0105ce p\u0142ynne dzia\u0142anie magazynu.<\/li>\n<\/ul>\n\n\t<\/div>\n\t<\/div>\n\n<div class=\"t2-accordion-item wp-block-t2-accordion-item\">\t<h2 class=\"t2-accordion-title\">\n\t\t<button\n\t\t\taria-controls=\"accordion-panel-2\"\n\t\t\taria-expanded=\"false\"\n\t\t\tclass=\"t2-accordion-trigger\"\n\t\t\tid=\"dla-kogo-to-rozwi\u0105zanie?\"\n\t\t\ttype=\"button\"\n\t\t>\n\t\t\tDla kogo to rozwi\u0105zanie?\t\t\t<span class=\"t2-accordion-icon is-closed-icon\">\n\t\t\t\t<svg xmlns=\"http:\/\/www.w3.org\/2000\/svg\" viewBox=\"0 0 24 24\" height=\"24\" width=\"24\" class=\"t2-icon t2-icon-theme_plus\" aria-hidden=\"true\" focusable=\"false\"><path d=\"M11.25 12.75H6.25C6.0375 12.75 5.85942 12.6781 5.71575 12.5342C5.57192 12.3904 5.5 12.2122 5.5 11.9997C5.5 11.7871 5.57192 11.609 5.71575 11.4655C5.85942 11.3218 6.0375 11.25 6.25 11.25H11.25V6.25C11.25 6.0375 11.3219 5.85942 11.4658 5.71575C11.6096 5.57192 11.7878 5.5 12.0003 5.5C12.2129 5.5 12.391 5.57192 12.5345 5.71575C12.6782 5.85942 12.75 6.0375 12.75 6.25V11.25H17.75C17.9625 11.25 18.1406 11.3219 18.2843 11.4658C18.4281 11.6096 18.5 11.7878 18.5 12.0003C18.5 12.2129 18.4281 12.391 18.2843 12.5345C18.1406 12.6782 17.9625 12.75 17.75 12.75H12.75V17.75C12.75 17.9625 12.6781 18.1406 12.5342 18.2843C12.3904 18.4281 12.2122 18.5 11.9997 18.5C11.7871 18.5 11.609 18.4281 11.4655 18.2843C11.3218 18.1406 11.25 17.9625 11.25 17.75V12.75Z\" fill=\"var(--t2-icon-fill, #000)\"\/><\/svg>\t\t\t<\/span>\n\t\t\t<span class=\"t2-accordion-icon is-open-icon\">\n\t\t\t\t<svg xmlns=\"http:\/\/www.w3.org\/2000\/svg\" viewBox=\"0 0 24 24\" height=\"24\" width=\"24\" class=\"t2-icon t2-icon-theme_minus\" aria-hidden=\"true\" focusable=\"false\"><path d=\"M6.25 12.75C6.0375 12.75 5.85942 12.6781 5.71575 12.5342C5.57192 12.3904 5.5 12.2122 5.5 11.9997C5.5 11.7871 5.57192 11.609 5.71575 11.4655C5.85942 11.3218 6.0375 11.25 6.25 11.25H17.75C17.9625 11.25 18.1406 11.3219 18.2843 11.4658C18.4281 11.6096 18.5 11.7878 18.5 12.0003C18.5 12.2129 18.4281 12.391 18.2843 12.5345C18.1406 12.6782 17.9625 12.75 17.75 12.75H6.25Z\" fill=\"var(--t2-icon-fill, #1C1B1F)\"\/><\/svg>\t\t\t<\/span>\n\t\t<\/button>\n\t<\/h2>\n\t\t<div\n\t\taria-labelledby=\"dla-kogo-to-rozwi\u0105zanie?\"\n\t\tclass=\"t2-accordion-item__inner-container\"\n\t\tid=\"accordion-panel-2\"\n\t\trole=\"region\"\n\t\thidden\t>\n\t\t\n\n<ul class=\"wp-block-list\">\n<li>przedsi\u0119biorstwa z istniej\u0105c\u0105 infrastruktur\u0105 IT, kt\u00f3re chc\u0105 powierzy\u0107 Element Logic zarz\u0105dzanie \u015brodowiskiem wirtualnym,<\/li>\n\n\n\n<li>rozwijaj\u0105ce si\u0119 firmy preferuj\u0105ce gotowe rozwi\u0105zanie chmurowe bez zarz\u0105dzania sprz\u0119tem,<\/li>\n\n\n\n<li>liderzy operacyjni i IT poszukuj\u0105cy stabilnej, skalowalnej infrastruktury przy minimalnym zaanga\u017cowaniu w\u0142asnych zasob\u00f3w.<\/li>\n<\/ul>\n\n\t<\/div>\n\t<\/div>\n<\/div>\n\n\n\t\t<div class=\"wp-block-dekode-simple-cta\">\n\t\t\t<div class=\"dekode-simple-cta__inner\">\n\n<h3 class=\"wp-block-heading\" id=\"chcesz-ograniczyc-obciazenie-it-i-zwiekszyc-wydajnosc-magazynu\"><strong>Chcesz ograniczy\u0107 obci\u0105\u017cenie IT i zwi\u0119kszy\u0107 wydajno\u015b\u0107 magazynu?<\/strong><\/h3>\n\n\n\n<div class=\"wp-block-buttons is-layout-flex wp-block-buttons-is-layout-flex\">\n<div class=\"wp-block-button has-icon has-icon-theme_arrow\"><a class=\"wp-block-button__link wp-element-button\" href=\"https:\/\/www.elementlogic.net\/pl\/kontakt\/\"><strong>Skontaktuj si\u0119 z nami ju\u017c dzi\u015b<\/strong><svg xmlns=\"http:\/\/www.w3.org\/2000\/svg\" viewBox=\"0 0 24 24\" height=\"24\" width=\"24\" class=\"t2-icon t2-icon-theme_arrow\" aria-hidden=\"true\" focusable=\"false\"><path d=\"M16.627 12.75H5.25C5.03717 12.75 4.859 12.6782 4.7155 12.5345C4.57183 12.391 4.5 12.2128 4.5 12C4.5 11.7872 4.57183 11.609 4.7155 11.4655C4.859 11.3218 5.03717 11.25 5.25 11.25H16.627L11.4577 6.08076C11.3091 5.93209 11.2357 5.75809 11.2375 5.55876C11.2395 5.35942 11.318 5.18217 11.473 5.02701C11.6282 4.88217 11.8038 4.80717 12 4.80201C12.1962 4.79684 12.3718 4.87184 12.527 5.02701L18.8673 11.3673C18.9609 11.4609 19.0269 11.5597 19.0652 11.6635C19.1037 11.7673 19.123 11.8795 19.123 12C19.123 12.1205 19.1037 12.2327 19.0652 12.3365C19.0269 12.4403 18.9609 12.5391 18.8673 12.6328L12.527 18.973C12.3885 19.1115 12.217 19.1823 12.0125 19.1855C11.808 19.1887 11.6282 19.1178 11.473 18.973C11.318 18.8178 11.2405 18.6397 11.2405 18.4385C11.2405 18.2372 11.318 18.0589 11.473 17.9038L16.627 12.75Z\" fill=\"var(--t2-icon-fill, #000)\"\/><\/svg><\/a><\/div>\n<\/div>\n\n<\/div>\n\t\t<\/div>\n\n\n<p><\/p>\n","protected":false},"excerpt":{"rendered":"<p>Zostaw z\u0142o\u017cono\u015b\u0107 IT za sob\u0105 Zarz\u0105dzanie infrastruktur\u0105 IT dla system\u00f3w AutoStore i rozwi\u0105za\u0144 magazynowych bywa wymagaj\u0105ce i kosztowne. Utrzymanie sprz\u0119tu, [&hellip;]<\/p>\n","protected":false},"author":58,"featured_media":0,"parent":2607,"menu_order":0,"comment_status":"closed","ping_status":"closed","template":"","meta":{"hreflang_relation":0,"_el_cross_publish_source_blog_url":"","_el_cross_publish_source_blog_id":0,"_el_cross_publish_source_post_id":0,"_el_cross_publish_sync_state":"","exclude_from_search":false,"footnotes":""},"class_list":["post-2644","page","type-page","status-publish","hentry"],"yoast_head":"<!-- This site is optimized with the Yoast SEO Premium plugin v23.9 (Yoast SEO v23.9) - https:\/\/yoast.com\/wordpress\/plugins\/seo\/ -->\n<title>Element Logic Managed Services - Element Logic Poland<\/title>\n<meta name=\"robots\" content=\"index, follow, max-snippet:-1, max-image-preview:large, max-video-preview:-1\" \/>\n<link rel=\"canonical\" href=\"https:\/\/www.elementlogic.net\/pl\/rozwiazania-i-uslugi\/element-logic-managed-services\/\" \/>\n<meta property=\"og:locale\" content=\"pl_PL\" \/>\n<meta property=\"og:type\" content=\"article\" \/>\n<meta property=\"og:title\" content=\"Element Logic Managed Services\" \/>\n<meta property=\"og:description\" content=\"Zostaw z\u0142o\u017cono\u015b\u0107 IT za sob\u0105 Zarz\u0105dzanie infrastruktur\u0105 IT dla system\u00f3w AutoStore i rozwi\u0105za\u0144 magazynowych bywa wymagaj\u0105ce i kosztowne. Utrzymanie sprz\u0119tu, [&hellip;]\" \/>\n<meta property=\"og:url\" content=\"https:\/\/www.elementlogic.net\/pl\/rozwiazania-i-uslugi\/element-logic-managed-services\/\" \/>\n<meta property=\"og:site_name\" content=\"Element Logic Poland\" \/>\n<meta property=\"article:modified_time\" content=\"2026-03-31T07:28:31+00:00\" \/>\n<meta name=\"twitter:card\" content=\"summary_large_image\" \/>\n<meta name=\"twitter:label1\" content=\"Szacowany czas czytania\" \/>\n\t<meta name=\"twitter:data1\" content=\"3 minuty\" \/>\n<script type=\"application\/ld+json\" class=\"yoast-schema-graph\">{\"@context\":\"https:\/\/schema.org\",\"@graph\":[{\"@type\":\"WebPage\",\"@id\":\"https:\/\/www.elementlogic.net\/pl\/rozwiazania-i-uslugi\/element-logic-managed-services\/\",\"url\":\"https:\/\/www.elementlogic.net\/pl\/rozwiazania-i-uslugi\/element-logic-managed-services\/\",\"name\":\"Element Logic Managed Services - Element Logic Poland\",\"isPartOf\":{\"@id\":\"https:\/\/www.elementlogic.net\/pl\/#website\"},\"datePublished\":\"2026-03-04T10:47:00+00:00\",\"dateModified\":\"2026-03-31T07:28:31+00:00\",\"breadcrumb\":{\"@id\":\"https:\/\/www.elementlogic.net\/pl\/rozwiazania-i-uslugi\/element-logic-managed-services\/#breadcrumb\"},\"inLanguage\":\"pl-PL\",\"potentialAction\":[{\"@type\":\"ReadAction\",\"target\":[\"https:\/\/www.elementlogic.net\/pl\/rozwiazania-i-uslugi\/element-logic-managed-services\/\"]}]},{\"@type\":\"BreadcrumbList\",\"@id\":\"https:\/\/www.elementlogic.net\/pl\/rozwiazania-i-uslugi\/element-logic-managed-services\/#breadcrumb\",\"itemListElement\":[{\"@type\":\"ListItem\",\"position\":1,\"name\":\"Rozwi\u0105zania i us\u0142ugi New\",\"item\":\"https:\/\/www.elementlogic.net\/pl\/rozwiazania-i-uslugi\/\"},{\"@type\":\"ListItem\",\"position\":2,\"name\":\"Element Logic Managed Services\"}]},{\"@type\":\"WebSite\",\"@id\":\"https:\/\/www.elementlogic.net\/pl\/#website\",\"url\":\"https:\/\/www.elementlogic.net\/pl\/\",\"name\":\"Element Logic Poland\",\"description\":\"\",\"potentialAction\":[{\"@type\":\"SearchAction\",\"target\":{\"@type\":\"EntryPoint\",\"urlTemplate\":\"https:\/\/www.elementlogic.net\/pl\/?s={search_term_string}\"},\"query-input\":{\"@type\":\"PropertyValueSpecification\",\"valueRequired\":true,\"valueName\":\"search_term_string\"}}],\"inLanguage\":\"pl-PL\"}]}<\/script>\n<!-- \/ Yoast SEO Premium plugin. -->","yoast_head_json":{"title":"Element Logic Managed Services - Element Logic Poland","robots":{"index":"index","follow":"follow","max-snippet":"max-snippet:-1","max-image-preview":"max-image-preview:large","max-video-preview":"max-video-preview:-1"},"canonical":"https:\/\/www.elementlogic.net\/pl\/rozwiazania-i-uslugi\/element-logic-managed-services\/","og_locale":"pl_PL","og_type":"article","og_title":"Element Logic Managed Services","og_description":"Zostaw z\u0142o\u017cono\u015b\u0107 IT za sob\u0105 Zarz\u0105dzanie infrastruktur\u0105 IT dla system\u00f3w AutoStore i rozwi\u0105za\u0144 magazynowych bywa wymagaj\u0105ce i kosztowne. Utrzymanie sprz\u0119tu, [&hellip;]","og_url":"https:\/\/www.elementlogic.net\/pl\/rozwiazania-i-uslugi\/element-logic-managed-services\/","og_site_name":"Element Logic Poland","article_modified_time":"2026-03-31T07:28:31+00:00","twitter_card":"summary_large_image","twitter_misc":{"Szacowany czas czytania":"3 minuty"},"schema":{"@context":"https:\/\/schema.org","@graph":[{"@type":"WebPage","@id":"https:\/\/www.elementlogic.net\/pl\/rozwiazania-i-uslugi\/element-logic-managed-services\/","url":"https:\/\/www.elementlogic.net\/pl\/rozwiazania-i-uslugi\/element-logic-managed-services\/","name":"Element Logic Managed Services - Element Logic Poland","isPartOf":{"@id":"https:\/\/www.elementlogic.net\/pl\/#website"},"datePublished":"2026-03-04T10:47:00+00:00","dateModified":"2026-03-31T07:28:31+00:00","breadcrumb":{"@id":"https:\/\/www.elementlogic.net\/pl\/rozwiazania-i-uslugi\/element-logic-managed-services\/#breadcrumb"},"inLanguage":"pl-PL","potentialAction":[{"@type":"ReadAction","target":["https:\/\/www.elementlogic.net\/pl\/rozwiazania-i-uslugi\/element-logic-managed-services\/"]}]},{"@type":"BreadcrumbList","@id":"https:\/\/www.elementlogic.net\/pl\/rozwiazania-i-uslugi\/element-logic-managed-services\/#breadcrumb","itemListElement":[{"@type":"ListItem","position":1,"name":"Rozwi\u0105zania i us\u0142ugi New","item":"https:\/\/www.elementlogic.net\/pl\/rozwiazania-i-uslugi\/"},{"@type":"ListItem","position":2,"name":"Element Logic Managed Services"}]},{"@type":"WebSite","@id":"https:\/\/www.elementlogic.net\/pl\/#website","url":"https:\/\/www.elementlogic.net\/pl\/","name":"Element Logic Poland","description":"","potentialAction":[{"@type":"SearchAction","target":{"@type":"EntryPoint","urlTemplate":"https:\/\/www.elementlogic.net\/pl\/?s={search_term_string}"},"query-input":{"@type":"PropertyValueSpecification","valueRequired":true,"valueName":"search_term_string"}}],"inLanguage":"pl-PL"}]}},"_links":{"self":[{"href":"https:\/\/www.elementlogic.net\/pl\/wp-json\/wp\/v2\/pages\/2644"}],"collection":[{"href":"https:\/\/www.elementlogic.net\/pl\/wp-json\/wp\/v2\/pages"}],"about":[{"href":"https:\/\/www.elementlogic.net\/pl\/wp-json\/wp\/v2\/types\/page"}],"author":[{"embeddable":true,"href":"https:\/\/www.elementlogic.net\/pl\/wp-json\/wp\/v2\/users\/58"}],"replies":[{"embeddable":true,"href":"https:\/\/www.elementlogic.net\/pl\/wp-json\/wp\/v2\/comments?post=2644"}],"version-history":[{"count":4,"href":"https:\/\/www.elementlogic.net\/pl\/wp-json\/wp\/v2\/pages\/2644\/revisions"}],"predecessor-version":[{"id":2895,"href":"https:\/\/www.elementlogic.net\/pl\/wp-json\/wp\/v2\/pages\/2644\/revisions\/2895"}],"up":[{"embeddable":true,"href":"https:\/\/www.elementlogic.net\/pl\/wp-json\/wp\/v2\/pages\/2607"}],"wp:attachment":[{"href":"https:\/\/www.elementlogic.net\/pl\/wp-json\/wp\/v2\/media?parent=2644"}],"curies":[{"name":"wp","href":"https:\/\/api.w.org\/{rel}","templated":true}]}}