{"id":2717,"date":"2026-03-04T14:45:40","date_gmt":"2026-03-04T14:45:40","guid":{"rendered":"https:\/\/www.elementlogic.net\/pl\/?page_id=2717"},"modified":"2026-03-31T07:13:01","modified_gmt":"2026-03-31T07:13:01","slug":"branze","status":"publish","type":"page","link":"https:\/\/www.elementlogic.net\/pl\/branze\/","title":{"rendered":"Bran\u017ce"},"content":{"rendered":"\n\t\t<div style=\"--dekode-hero-dim:0.5; --t2-icon-fill:var(--wp--preset--color--white);\" class=\"alignfull dekode-hero-content-position-center has-media-background wp-block-dekode-hero has-text-color has-white-color\">\n\t\t\t\t\t<video\n\t\t\tautoplay\n\t\t\tloop\n\t\t\tmuted\n\t\t\tplaysinline\n\t\t\tposter=\"\"\n\t\t\tsrc=\"https:\/\/www.elementlogic.net\/content\/uploads\/2025\/07\/AAAS-topvideo.mp4\">\n\t\t<\/video>\n\t\t\n\t\t\t<div class=\"dekode-hero__content\">\n\t\t\t\t<div class=\"dekode-hero__container\">\n\t\t\t\t\t\n\n<h1 class=\"wp-block-heading\" id=\"h-intralogistyka-ktora-sprawdzi-sie-w-kazdej-branzy\"><strong>Intralogistyka, kt\u00f3ra sprawdzi si\u0119 w ka\u017cdej bran\u017cy<\/strong><\/h1>\n\n\n<p class=\"t2-ingress wp-block-t2-ingress\">Od handlu hurtowego po operator\u00f3w logistycznych 3PL \u2013 wspieramy firmy z r\u00f3\u017cnych sektor\u00f3w w szybszym skalowaniu dzia\u0142alno\u015bci, efektywniejszym magazynowaniu i precyzyjnej realizacji zam\u00f3wie\u0144.<\/p>\n\n\n<div class=\"wp-block-buttons is-layout-flex wp-block-buttons-is-layout-flex\">\n<div class=\"wp-block-button\"><a class=\"wp-block-button__link wp-element-button\" href=\"#branze\">Poznaj wszystkie bran\u017ce<\/a><\/div>\n<\/div>\n\n\n\t\t\t\t<\/div>\n\t\t\t<\/div>\n\t\t<\/div>\n\t\t\n\n\n<h2 class=\"wp-block-heading\" id=\"h-optymalizacja-efektywnosci-magazynu\"><strong>Optymalizacja efektywno\u015bci magazynu<\/strong><\/h2>\n\n\n\n<p>Optymalizacja le\u017cy u podstaw ka\u017cdego dynamicznie rozwijaj\u0105cego si\u0119 przedsi\u0119biorstwa. Niezale\u017cnie od bran\u017cy, wydajno\u015b\u0107 magazynu determinuje Twoj\u0105 zdolno\u015b\u0107 do realizacji zam\u00f3wie\u0144, konkurowania i dalszego rozwoju. Element Logic wsp\u00f3\u0142pracuje z ambitnymi firmami na ca\u0142ym \u015bwiecie, automatyzuj\u0105c i optymalizuj\u0105c ich intralogistyk\u0119, aby minimalizowa\u0107 straty, maksymalizowa\u0107 efektywno\u015b\u0107 i zapewnia\u0107 d\u0142ugoterminow\u0105 rentowno\u015b\u0107.<\/p>\n\n\n\n<h2 class=\"wp-block-heading\" id=\"h-automatyzacja-dopasowana-do-kazdej-branzy\">Automatyzacja dopasowana do ka\u017cdej bran\u017cy<\/h2>\n\n\n\n<p>Ka\u017cda bran\u017ca mierzy si\u0119 z odmiennymi wyzwaniami, dlatego Element Logic dostosowuje rozwi\u0105zania automatyzacyjne do specyfiki Twojego biznesu. Niezale\u017cnie od tego, czy dzia\u0142asz w e-commerce, logistyce kontraktowej (3PL), handlu detalicznym, produkcji, czy w sektorach wyspecjalizowanych \u2013 takich jak farmacja lub magazynowanie w kontrolowanej temperaturze \u2013 projektujemy rozwi\u0105zania odpowiadaj\u0105ce Twoim konkretnym potrzebom.<\/p>\n\n\n\n<p>Dzi\u0119ki wieloletniemu do\u015bwiadczeniu i globalnej bazie klient\u00f3w doskonale rozumiemy specyfik\u0119 poszczeg\u00f3lnych sektor\u00f3w. Od obs\u0142ugi du\u017cych wolumen\u00f3w zwrot\u00f3w w bran\u017cy modowej po zapewnienie najwy\u017cszej dok\u0142adno\u015bci w dystrybucji wyrob\u00f3w medycznych \u2013 dostarczamy automatyzacj\u0119, kt\u00f3ra pozwala obni\u017ca\u0107 koszty, zwi\u0119ksza\u0107 efektywno\u015b\u0107 i rozwija\u0107 si\u0119 w spos\u00f3b skalowalny i bezpieczny.<\/p>\n\n\n\n<h2 class=\"wp-block-heading\" id=\"branze\">Bran\u017ce<\/h2>\n\n\n\n\t\t<div style=\"--link-cards-grid-columns: 3\" class=\"dekode-link-cards has-3-columns wp-block-dekode-link-cards\">\n\t\t\t<div class=\"dekode-link-cards__items\">\n\t\t\t\t\n<a class=\"wp-block-dekode-link-card\" href=\"https:\/\/www.elementlogic.net\/pl\/branze\/logityka-3pl\/\"><img loading=\"lazy\" decoding=\"async\" width=\"768\" height=\"432\" src=\"https:\/\/www.elementlogic.net\/content\/uploads\/sites\/22\/2026\/02\/Wholesale-Automation-768x432-1.png\" class=\"\" alt=\"\" \/>\t<div class=\"dekode-link-card__content\">\n\t\t\t\t<p class=\"dekode-link-card__title\">\n\t\t\t3PL\t\t<\/p>\n\t\t\t<\/div>\n\t<\/a>\n\n<a class=\"wp-block-dekode-link-card\" href=\"https:\/\/www.elementlogic.net\/pl\/branze\/moda-i-odziez\/\"><img loading=\"lazy\" decoding=\"async\" width=\"768\" height=\"432\" src=\"https:\/\/www.elementlogic.net\/content\/uploads\/sites\/22\/2026\/02\/Wholesale-Automation1-2-768x432-1.png\" class=\"\" alt=\"\" \/>\t<div class=\"dekode-link-card__content\">\n\t\t\t\t<p class=\"dekode-link-card__title\">\n\t\t\tModa i odzie\u017c\t\t<\/p>\n\t\t\t<\/div>\n\t<\/a>\n\n<a class=\"wp-block-dekode-link-card\" href=\"https:\/\/www.elementlogic.net\/pl\/branze\/artykuly-sportowe\/\"><img loading=\"lazy\" decoding=\"async\" width=\"768\" height=\"432\" src=\"https:\/\/www.elementlogic.net\/content\/uploads\/sites\/22\/2026\/02\/Wholesale-Automation1-3-768x432-1.png\" class=\"\" alt=\"\" \/>\t<div class=\"dekode-link-card__content\">\n\t\t\t\t<p class=\"dekode-link-card__title\">\n\t\t\tArtyku\u0142y sportowe\t\t<\/p>\n\t\t\t<\/div>\n\t<\/a>\n\n<a class=\"wp-block-dekode-link-card\" href=\"https:\/\/www.elementlogic.net\/pl\/branze\/branza-e-commerce\/\"><img loading=\"lazy\" decoding=\"async\" width=\"768\" height=\"432\" src=\"https:\/\/www.elementlogic.net\/content\/uploads\/sites\/22\/2026\/02\/Wholesale-Automation1-1-768x432-1.png\" class=\"\" alt=\"\" \/>\t<div class=\"dekode-link-card__content\">\n\t\t\t\t<p class=\"dekode-link-card__title\">\n\t\t\tE-commerce\t\t<\/p>\n\t\t\t<\/div>\n\t<\/a>\n\n<a class=\"wp-block-dekode-link-card\" href=\"https:\/\/www.elementlogic.net\/pl\/branze\/podzespoly-elektroniczne\/\"><img loading=\"lazy\" decoding=\"async\" width=\"768\" height=\"432\" src=\"https:\/\/www.elementlogic.net\/content\/uploads\/sites\/22\/2026\/02\/Wholesale-Automation1-4-768x432-1.png\" class=\"\" alt=\"\" \/>\t<div class=\"dekode-link-card__content\">\n\t\t\t\t<p class=\"dekode-link-card__title\">\n\t\t\tPodzespo\u0142y elektroniczne\t\t<\/p>\n\t\t\t<\/div>\n\t<\/a>\n\n<a class=\"wp-block-dekode-link-card\" href=\"https:\/\/www.elementlogic.net\/pl\/branze\/produkcja-i-wytwarzanie\/\"><img loading=\"lazy\" decoding=\"async\" width=\"768\" height=\"432\" src=\"https:\/\/www.elementlogic.net\/content\/uploads\/sites\/22\/2026\/02\/Wholesale-Automation-1-768x432-1.png\" class=\"\" alt=\"\" \/>\t<div class=\"dekode-link-card__content\">\n\t\t\t\t<p class=\"dekode-link-card__title\">\n\t\t\tProdukcja\t\t<\/p>\n\t\t\t<\/div>\n\t<\/a>\n\n<a class=\"wp-block-dekode-link-card\" href=\"https:\/\/www.elementlogic.net\/pl\/branze\/czesci-zamienne\/\"><img loading=\"lazy\" decoding=\"async\" width=\"768\" height=\"432\" src=\"https:\/\/www.elementlogic.net\/content\/uploads\/sites\/22\/2026\/02\/Wholesale-Automation-3-768x432-2.png\" class=\"\" alt=\"\" \/>\t<div class=\"dekode-link-card__content\">\n\t\t\t\t<p class=\"dekode-link-card__title\">\n\t\t\tCz\u0119\u015bci zamienne\t\t<\/p>\n\t\t\t<\/div>\n\t<\/a>\n\n<a class=\"wp-block-dekode-link-card\" href=\"https:\/\/www.elementlogic.net\/pl\/branze\/branza-medyczna-i-farmaceutyczna\/\"><img loading=\"lazy\" decoding=\"async\" width=\"768\" height=\"432\" src=\"https:\/\/www.elementlogic.net\/content\/uploads\/sites\/22\/2026\/02\/Wholesale-Automation-2-768x432-2.png\" class=\"\" alt=\"\" \/>\t<div class=\"dekode-link-card__content\">\n\t\t\t\t<p class=\"dekode-link-card__title\">\n\t\t\tMedycyna i farmacja\t\t<\/p>\n\t\t\t<\/div>\n\t<\/a>\n\n<a class=\"wp-block-dekode-link-card\" href=\"https:\/\/www.elementlogic.net\/pl\/branze\/retail\/\"><img loading=\"lazy\" decoding=\"async\" width=\"768\" height=\"432\" src=\"https:\/\/www.elementlogic.net\/content\/uploads\/sites\/22\/2026\/02\/Wholesale-Automation-6-768x432-1.png\" class=\"\" alt=\"\" \/>\t<div class=\"dekode-link-card__content\">\n\t\t\t\t<p class=\"dekode-link-card__title\">\n\t\t\tRetail\t\t<\/p>\n\t\t\t<\/div>\n\t<\/a>\n\n<a class=\"wp-block-dekode-link-card\" href=\"https:\/\/www.elementlogic.net\/pl\/branze\/hurt\/\"><img loading=\"lazy\" decoding=\"async\" width=\"768\" height=\"432\" src=\"https:\/\/www.elementlogic.net\/content\/uploads\/sites\/22\/2026\/02\/Wholesale-Automation-4-768x432-1.png\" class=\"\" alt=\"\" \/>\t<div class=\"dekode-link-card__content\">\n\t\t\t\t<p class=\"dekode-link-card__title\">\n\t\t\tHandel hurtowy\t\t<\/p>\n\t\t\t<\/div>\n\t<\/a>\n\n<a class=\"wp-block-dekode-link-card\" href=\"https:\/\/www.elementlogic.net\/pl\/branze\/e-grocery\/\"><img loading=\"lazy\" decoding=\"async\" width=\"768\" height=\"432\" src=\"https:\/\/www.elementlogic.net\/content\/uploads\/sites\/22\/2026\/02\/Wholesale-Automation-5-768x432-1.png\" class=\"\" alt=\"\" \/>\t<div class=\"dekode-link-card__content\">\n\t\t\t\t<p class=\"dekode-link-card__title\">\n\t\t\tE-grocery\t\t<\/p>\n\t\t\t<\/div>\n\t<\/a>\n\n\t\t\t<\/div>\n\t\t<\/div>\n\n\n<h2 class=\"wp-block-heading\" id=\"h-wspolne-wyzwania-w-roznych-branzach\">Wsp\u00f3lne wyzwania w r\u00f3\u017cnych bran\u017cach<\/h2>\n\n\n\n<p>Wsp\u00f3\u0142czesne magazyny mierz\u0105 si\u0119 z bezprecedensow\u0105 z\u0142o\u017cono\u015bci\u0105 operacyjn\u0105 i rosn\u0105cymi oczekiwaniami klient\u00f3w. Niezale\u017cnie od sektora firmy musz\u0105 zarz\u0105dza\u0107:<\/p>\n\n\n\n<ul class=\"wp-block-list\">\n<li>niedoborem pracownik\u00f3w i rosn\u0105cymi kosztami operacyjnymi,<\/li>\n<\/ul>\n\n\n\n<ul class=\"wp-block-list\">\n<li>coraz wi\u0119ksz\u0105 liczb\u0105 SKU oraz nieprzewidywalnym popytem,<\/li>\n<\/ul>\n\n\n\n<ul class=\"wp-block-list\">\n<li>presj\u0105 na szybsz\u0105 i bardziej precyzyjn\u0105 realizacj\u0119 zam\u00f3wie\u0144,<\/li>\n<\/ul>\n\n\n\n<ul class=\"wp-block-list\">\n<li>ograniczon\u0105 powierzchni\u0105 magazynow\u0105 oraz potrzeb\u0105 skalowalnych system\u00f3w,<\/li>\n<\/ul>\n\n\n\n<ul class=\"wp-block-list\">\n<li>integracj\u0105 nowych technologii z istniej\u0105c\u0105 infrastruktur\u0105.<\/li>\n<\/ul>\n\n\n\n<p>Te wsp\u00f3lne wyzwania wymagaj\u0105 inteligentnej, elastycznej automatyzacji, kt\u00f3ra p\u0142ynnie wsp\u00f3\u0142pracuje z ju\u017c funkcjonuj\u0105cymi procesami.<\/p>\n\n\n\n\t\t<div class=\"wp-block-dekode-simple-cta\">\n\t\t\t<div class=\"dekode-simple-cta__inner\">\n\n<h3 class=\"wp-block-heading\" id=\"chcesz-dowiedziec-sie-wiecej-o-tym-jak-element-logic-moze-zoptymalizowac-efektywnosc-twojego-magazynu\">Chcesz dowiedzie\u0107 si\u0119 wi\u0119cej o tym, jak Element Logic mo\u017ce zoptymalizowa\u0107 efektywno\u015b\u0107 Twojego magazynu?<\/h3>\n\n\n\n<div class=\"wp-block-buttons is-layout-flex wp-block-buttons-is-layout-flex\">\n<div class=\"wp-block-button\"><a class=\"wp-block-button__link wp-element-button\" href=\"https:\/\/www.elementlogic.net\/pl\/kontakt\/\">Skontaktuj si\u0119 z nami ju\u017c dzi\u015b<\/a><\/div>\n<\/div>\n\n<\/div>\n\t\t<\/div>\n\n\n<p><\/p>\n","protected":false},"excerpt":{"rendered":"<p>Optymalizacja efektywno\u015bci magazynu Optymalizacja le\u017cy u podstaw ka\u017cdego dynamicznie rozwijaj\u0105cego si\u0119 przedsi\u0119biorstwa. Niezale\u017cnie od bran\u017cy, wydajno\u015b\u0107 magazynu determinuje Twoj\u0105 zdolno\u015b\u0107 [&hellip;]<\/p>\n","protected":false},"author":58,"featured_media":0,"parent":0,"menu_order":0,"comment_status":"closed","ping_status":"closed","template":"","meta":{"hreflang_relation":0,"_el_cross_publish_source_blog_url":"","_el_cross_publish_source_blog_id":0,"_el_cross_publish_source_post_id":0,"_el_cross_publish_sync_state":"","exclude_from_search":false,"footnotes":""},"class_list":["post-2717","page","type-page","status-publish","hentry"],"yoast_head":"<!-- This site is optimized with the Yoast SEO Premium plugin v23.9 (Yoast SEO v23.9) - https:\/\/yoast.com\/wordpress\/plugins\/seo\/ -->\n<title>Bran\u017ce - Element Logic Poland<\/title>\n<meta name=\"robots\" content=\"index, follow, max-snippet:-1, max-image-preview:large, max-video-preview:-1\" \/>\n<link rel=\"canonical\" href=\"https:\/\/www.elementlogic.net\/pl\/branze\/\" \/>\n<meta property=\"og:locale\" content=\"pl_PL\" \/>\n<meta property=\"og:type\" content=\"article\" \/>\n<meta property=\"og:title\" content=\"Bran\u017ce\" \/>\n<meta property=\"og:description\" content=\"Optymalizacja efektywno\u015bci magazynu Optymalizacja le\u017cy u podstaw ka\u017cdego dynamicznie rozwijaj\u0105cego si\u0119 przedsi\u0119biorstwa. Niezale\u017cnie od bran\u017cy, wydajno\u015b\u0107 magazynu determinuje Twoj\u0105 zdolno\u015b\u0107 [&hellip;]\" \/>\n<meta property=\"og:url\" content=\"https:\/\/www.elementlogic.net\/pl\/branze\/\" \/>\n<meta property=\"og:site_name\" content=\"Element Logic Poland\" \/>\n<meta property=\"article:modified_time\" content=\"2026-03-31T07:13:01+00:00\" \/>\n<meta name=\"twitter:card\" content=\"summary_large_image\" \/>\n<meta name=\"twitter:label1\" content=\"Szacowany czas czytania\" \/>\n\t<meta name=\"twitter:data1\" content=\"2 minuty\" \/>\n<script type=\"application\/ld+json\" class=\"yoast-schema-graph\">{\"@context\":\"https:\/\/schema.org\",\"@graph\":[{\"@type\":\"WebPage\",\"@id\":\"https:\/\/www.elementlogic.net\/pl\/branze\/\",\"url\":\"https:\/\/www.elementlogic.net\/pl\/branze\/\",\"name\":\"Bran\u017ce - Element Logic Poland\",\"isPartOf\":{\"@id\":\"https:\/\/www.elementlogic.net\/pl\/#website\"},\"datePublished\":\"2026-03-04T14:45:40+00:00\",\"dateModified\":\"2026-03-31T07:13:01+00:00\",\"inLanguage\":\"pl-PL\",\"potentialAction\":[{\"@type\":\"ReadAction\",\"target\":[\"https:\/\/www.elementlogic.net\/pl\/branze\/\"]}]},{\"@type\":\"WebSite\",\"@id\":\"https:\/\/www.elementlogic.net\/pl\/#website\",\"url\":\"https:\/\/www.elementlogic.net\/pl\/\",\"name\":\"Element Logic Poland\",\"description\":\"\",\"potentialAction\":[{\"@type\":\"SearchAction\",\"target\":{\"@type\":\"EntryPoint\",\"urlTemplate\":\"https:\/\/www.elementlogic.net\/pl\/?s={search_term_string}\"},\"query-input\":{\"@type\":\"PropertyValueSpecification\",\"valueRequired\":true,\"valueName\":\"search_term_string\"}}],\"inLanguage\":\"pl-PL\"}]}<\/script>\n<!-- \/ Yoast SEO Premium plugin. -->","yoast_head_json":{"title":"Bran\u017ce - Element Logic Poland","robots":{"index":"index","follow":"follow","max-snippet":"max-snippet:-1","max-image-preview":"max-image-preview:large","max-video-preview":"max-video-preview:-1"},"canonical":"https:\/\/www.elementlogic.net\/pl\/branze\/","og_locale":"pl_PL","og_type":"article","og_title":"Bran\u017ce","og_description":"Optymalizacja efektywno\u015bci magazynu Optymalizacja le\u017cy u podstaw ka\u017cdego dynamicznie rozwijaj\u0105cego si\u0119 przedsi\u0119biorstwa. Niezale\u017cnie od bran\u017cy, wydajno\u015b\u0107 magazynu determinuje Twoj\u0105 zdolno\u015b\u0107 [&hellip;]","og_url":"https:\/\/www.elementlogic.net\/pl\/branze\/","og_site_name":"Element Logic Poland","article_modified_time":"2026-03-31T07:13:01+00:00","twitter_card":"summary_large_image","twitter_misc":{"Szacowany czas czytania":"2 minuty"},"schema":{"@context":"https:\/\/schema.org","@graph":[{"@type":"WebPage","@id":"https:\/\/www.elementlogic.net\/pl\/branze\/","url":"https:\/\/www.elementlogic.net\/pl\/branze\/","name":"Bran\u017ce - Element Logic Poland","isPartOf":{"@id":"https:\/\/www.elementlogic.net\/pl\/#website"},"datePublished":"2026-03-04T14:45:40+00:00","dateModified":"2026-03-31T07:13:01+00:00","inLanguage":"pl-PL","potentialAction":[{"@type":"ReadAction","target":["https:\/\/www.elementlogic.net\/pl\/branze\/"]}]},{"@type":"WebSite","@id":"https:\/\/www.elementlogic.net\/pl\/#website","url":"https:\/\/www.elementlogic.net\/pl\/","name":"Element Logic Poland","description":"","potentialAction":[{"@type":"SearchAction","target":{"@type":"EntryPoint","urlTemplate":"https:\/\/www.elementlogic.net\/pl\/?s={search_term_string}"},"query-input":{"@type":"PropertyValueSpecification","valueRequired":true,"valueName":"search_term_string"}}],"inLanguage":"pl-PL"}]}},"_links":{"self":[{"href":"https:\/\/www.elementlogic.net\/pl\/wp-json\/wp\/v2\/pages\/2717"}],"collection":[{"href":"https:\/\/www.elementlogic.net\/pl\/wp-json\/wp\/v2\/pages"}],"about":[{"href":"https:\/\/www.elementlogic.net\/pl\/wp-json\/wp\/v2\/types\/page"}],"author":[{"embeddable":true,"href":"https:\/\/www.elementlogic.net\/pl\/wp-json\/wp\/v2\/users\/58"}],"replies":[{"embeddable":true,"href":"https:\/\/www.elementlogic.net\/pl\/wp-json\/wp\/v2\/comments?post=2717"}],"version-history":[{"count":5,"href":"https:\/\/www.elementlogic.net\/pl\/wp-json\/wp\/v2\/pages\/2717\/revisions"}],"predecessor-version":[{"id":3010,"href":"https:\/\/www.elementlogic.net\/pl\/wp-json\/wp\/v2\/pages\/2717\/revisions\/3010"}],"wp:attachment":[{"href":"https:\/\/www.elementlogic.net\/pl\/wp-json\/wp\/v2\/media?parent=2717"}],"curies":[{"name":"wp","href":"https:\/\/api.w.org\/{rel}","templated":true}]}}