{"id":2734,"date":"2026-03-30T14:34:49","date_gmt":"2026-03-30T14:34:49","guid":{"rendered":"https:\/\/www.elementlogic.net\/pl\/?page_id=2734"},"modified":"2026-03-30T14:34:50","modified_gmt":"2026-03-30T14:34:50","slug":"branza-e-commerce","status":"publish","type":"page","link":"https:\/\/www.elementlogic.net\/pl\/branze\/branza-e-commerce\/","title":{"rendered":"Bran\u017ca E-Commerce"},"content":{"rendered":"\n\t\t<div style=\"--dekode-hero-dim:0.5; --t2-icon-fill:var(--wp--preset--color--white);\" class=\"alignfull dekode-hero-content-position-center has-media-background wp-block-dekode-hero has-text-color has-white-color\">\n\t\t\t<img loading=\"lazy\" decoding=\"async\" width=\"1024\" height=\"683\" src=\"https:\/\/www.elementlogic.net\/content\/uploads\/sites\/22\/2026\/02\/ecommerce-1-1024x683.png\" class=\"dekode-hero__image\" alt=\"\" style=\"--focalpoint: 69% 94%;\" srcset=\"https:\/\/www.elementlogic.net\/content\/uploads\/sites\/22\/2026\/02\/ecommerce-1-1024x683.png 1024w, https:\/\/www.elementlogic.net\/content\/uploads\/sites\/22\/2026\/02\/ecommerce-1-300x200.png 300w, https:\/\/www.elementlogic.net\/content\/uploads\/sites\/22\/2026\/02\/ecommerce-1-768x512.png 768w, https:\/\/www.elementlogic.net\/content\/uploads\/sites\/22\/2026\/02\/ecommerce-1.png 1536w\" sizes=\"(max-width: 1024px) 100vw, 1024px\" \/>\n\t\t\t<div class=\"dekode-hero__content\">\n\t\t\t\t<div class=\"dekode-hero__container\">\n\t\t\t\t\t\n\n<p><\/p>\n\n\n\n<h1 class=\"wp-block-heading\" id=\"h-e-commerce\">E-Commerce<\/h1>\n\n\n<p class=\"t2-ingress wp-block-t2-ingress\">Automatyzacja magazynu zaprojektowana z my\u015bl\u0105 o szybko\u015bci i skalowalno\u015bci<\/p>\n\n\n<div class=\"wp-block-buttons is-layout-flex wp-block-buttons-is-layout-flex\">\n<div class=\"wp-block-button hs-cta-trigger-button hs-cta-trigger-button-195241208906 has-icon has-icon-theme_arrow\"><a class=\"wp-block-button__link wp-element-button\" href=\"https:\/\/www.elementlogic.net\/pl\/kontakt\/\">Skontaktuj si\u0119 z nami<svg xmlns=\"http:\/\/www.w3.org\/2000\/svg\" viewBox=\"0 0 24 24\" height=\"24\" width=\"24\" class=\"t2-icon t2-icon-theme_arrow\" aria-hidden=\"true\" focusable=\"false\"><path d=\"M16.627 12.75H5.25C5.03717 12.75 4.859 12.6782 4.7155 12.5345C4.57183 12.391 4.5 12.2128 4.5 12C4.5 11.7872 4.57183 11.609 4.7155 11.4655C4.859 11.3218 5.03717 11.25 5.25 11.25H16.627L11.4577 6.08076C11.3091 5.93209 11.2357 5.75809 11.2375 5.55876C11.2395 5.35942 11.318 5.18217 11.473 5.02701C11.6282 4.88217 11.8038 4.80717 12 4.80201C12.1962 4.79684 12.3718 4.87184 12.527 5.02701L18.8673 11.3673C18.9609 11.4609 19.0269 11.5597 19.0652 11.6635C19.1037 11.7673 19.123 11.8795 19.123 12C19.123 12.1205 19.1037 12.2327 19.0652 12.3365C19.0269 12.4403 18.9609 12.5391 18.8673 12.6328L12.527 18.973C12.3885 19.1115 12.217 19.1823 12.0125 19.1855C11.808 19.1887 11.6282 19.1178 11.473 18.973C11.318 18.8178 11.2405 18.6397 11.2405 18.4385C11.2405 18.2372 11.318 18.0589 11.473 17.9038L16.627 12.75Z\" fill=\"var(--t2-icon-fill, #000)\"\/><\/svg><\/a><\/div>\n<\/div>\n\n\n\t\t\t\t<\/div>\n\t\t\t<\/div>\n\t\t<\/div>\n\t\t\n\n<p class=\"t2-ingress wp-block-t2-ingress\">W e-commerce oczekiwania klient\u00f3w mierzone s\u0105 w godzinach \u2013 nie w dniach. Dostawa tego samego lub nast\u0119pnego dnia sta\u0142a si\u0119 standardem, a ka\u017cdy b\u0142\u0105d mo\u017ce oznacza\u0107 utrat\u0119 lojalno\u015bci klienta. Aby utrzyma\u0107 konkurencyjno\u015b\u0107, operacje realizacji zam\u00f3wie\u0144 musz\u0105 by\u0107 szybkie, precyzyjne i w pe\u0142ni skalowalne.<\/p>\n\n\n<p><\/p>\n\n\n\n<p>Element Logic wspiera firmy e-commerce ka\u017cdej wielko\u015bci w sprostaniu tym wymaganiom dzi\u0119ki inteligentnej automatyzacji magazynowej. Ponad 40 lat do\u015bwiadczenia w intralogistyce pozwala nam projektowa\u0107 systemy maksymalizuj\u0105ce efektywno\u015b\u0107, redukuj\u0105ce koszty i umo\u017cliwiaj\u0105ce nieograniczony rozw\u00f3j biznesu.<\/p>\n\n\n\n<div class=\"wp-block-group has-global-padding is-layout-constrained wp-block-group-is-layout-constrained\">\n<h2 class=\"wp-block-heading wp-container-content-1\" id=\"h-wyzwania-liderow-e-commerce\">Wyzwania lider\u00f3w e-commerce<\/h2>\n\n\n\n<ul class=\"wp-block-list\">\n<li>Spe\u0142nianie oczekiwa\u0144 dotycz\u0105cych dostaw tego samego i nast\u0119pnego dnia<\/li>\n\n\n\n<li>Zarz\u0105dzanie gwa\u0142townymi skokami liczby zam\u00f3wie\u0144 w czasie promocji, \u015bwi\u0105t czy sprzeda\u017cy viralowej<\/li>\n\n\n\n<li>Obs\u0142uga szerokiego asortymentu (wysoka liczba SKU) przy z\u0142o\u017conych procesach kompletacji<\/li>\n\n\n\n<li>Rosn\u0105ce koszty pracy i niedob\u00f3r pracownik\u00f3w<\/li>\n\n\n\n<li>Utrzymanie bezb\u0142\u0119dnej i precyzyjnej realizacji zam\u00f3wie\u0144<\/li>\n<\/ul>\n<\/div>\n\n\n\n\t\t<div style=\"--dekode-hero-dim:0.5; --t2-icon-fill:var(--wp--preset--color--white);\" class=\"alignfull dekode-hero-content-position-center has-media-background wp-block-dekode-hero has-text-color has-white-color\">\n\t\t\t\t\t<video\n\t\t\tautoplay\n\t\t\tloop\n\t\t\tmuted\n\t\t\tplaysinline\n\t\t\tposter=\"\"\n\t\t\tsrc=\"https:\/\/www.elementlogic.net\/content\/uploads\/sites\/22\/\/2024\/09\/solutions-and-services.mp4\">\n\t\t<\/video>\n\t\t\n\t\t\t<div class=\"dekode-hero__content\">\n\t\t\t\t<div class=\"dekode-hero__container\">\n\t\t\t\t\t\n\n<h2 class=\"wp-block-heading\" id=\"h-sprawdzone-w-praktyce\"><strong>Sprawdzone w praktyce:<\/strong><\/h2>\n\n\n\n<h2 class=\"wp-block-heading\" id=\"h-zaufali-nam-liderzy-e-commerce\">zaufali nam liderzy e-commerce<\/h2>\n\n\n\t\t\t\t<\/div>\n\t\t\t<\/div>\n\t\t<\/div>\n\t\t\n\n<div class=\"t2-featured-content-layout alignwide wp-block-t2-featured-content-layout\">\n<div class=\"t2-featured-single-post t2-featured-content is-post-type-case case_tax-ecommerce case_tax-retail wp-block-t2-featured-single-post\"><a class=\"t2-post-link wp-block-t2-post-link\" href=\"https:\/\/www.elementlogic.net\/pl\/cases\/finnish-design-shop-rozwija-sie-dzieki-autostore-od-element-logic\/\">\n\t<div class=\"client-logo-image-wrapper\"><img loading=\"lazy\" decoding=\"async\" width=\"300\" height=\"300\" src=\"https:\/\/www.elementlogic.net\/content\/uploads\/sites\/22\/\/2024\/09\/Finnish-Design-Shop-Logo-300x300.jpg\" class=\"client-logo-image\" alt=\"\" \/><\/div>\n\t<figure style=\"--t2-focal-point: 50% 50%;\" class=\"t2-post-featured-image has-image-ratio-3-2 wp-block-t2-post-featured-image\"><img loading=\"lazy\" decoding=\"async\" width=\"2000\" height=\"1334\" src=\"https:\/\/www.elementlogic.net\/content\/uploads\/sites\/22\/\/2024\/09\/Element_Logic_Finnish_Design_Shop_main.jpg\" class=\"attachment-post-thumbnail size-post-thumbnail wp-post-image\" alt=\"\" srcset=\"https:\/\/www.elementlogic.net\/content\/uploads\/sites\/22\/2024\/09\/Element_Logic_Finnish_Design_Shop_main.jpg 2000w, https:\/\/www.elementlogic.net\/content\/uploads\/sites\/22\/2024\/09\/Element_Logic_Finnish_Design_Shop_main-300x200.jpg 300w, https:\/\/www.elementlogic.net\/content\/uploads\/sites\/22\/2024\/09\/Element_Logic_Finnish_Design_Shop_main-1024x683.jpg 1024w, https:\/\/www.elementlogic.net\/content\/uploads\/sites\/22\/2024\/09\/Element_Logic_Finnish_Design_Shop_main-768x512.jpg 768w, https:\/\/www.elementlogic.net\/content\/uploads\/sites\/22\/2024\/09\/Element_Logic_Finnish_Design_Shop_main-1536x1025.jpg 1536w\" sizes=\"(max-width: 2000px) 100vw, 2000px\" \/><\/figure>\n\t\n<\/a>\n\n\t\t<div class=\"card-content wp-block-t2-wrapper\">\n\t<div class=\"wp-block-dekode-post-terms\"><span>E-commerce<\/span><span>Retail<\/span><\/div>\n\t<h3 class=\"t2-post-title wp-block-t2-post-title\"><a href=\"https:\/\/www.elementlogic.net\/pl\/cases\/finnish-design-shop-rozwija-sie-dzieki-autostore-od-element-logic\/\" target=\"_self\" >Finnish Design Shop rozwija si\u0119 dzi\u0119ki AutoStore od Element Logic<\/a><\/h3>\n\t<div class=\"t2-post-excerpt wp-block-t2-post-excerpt\"><p>Fi\u0144ski sklep stale si\u0119 rozwija, czego dowodem jest najnowsze centrum dystrybucyjne firmy, zlokalizowane w Turku na po\u0142udniowo-zachodnim wybrze\u017cu kraju. Potrzeba [&hellip;]<\/p><\/div>\n<\/div>\n<\/div>\n\n<div class=\"t2-featured-single-post t2-featured-content is-post-type-case case_tax-ecommerce case_tax-moda-i-odziez case_tax-wysoka-przepustowosc wp-block-t2-featured-single-post\"><a class=\"t2-post-link wp-block-t2-post-link\" href=\"https:\/\/www.elementlogic.net\/pl\/cases\/jak-automatyzacja-magazynow-wynosi-logistyke-i-e-commerce-na-wyzszy-poziom-przyklad-boozt-com\/\">\n\t<div class=\"client-logo-image-wrapper\"><img loading=\"lazy\" decoding=\"async\" width=\"300\" height=\"172\" src=\"https:\/\/www.elementlogic.net\/content\/uploads\/sites\/22\/\/2024\/09\/Boozt-logo-300x172.png\" class=\"client-logo-image\" alt=\"\" \/><\/div>\n\t<figure style=\"--t2-focal-point: 50% 50%;\" class=\"t2-post-featured-image has-image-ratio-3-2 wp-block-t2-post-featured-image\"><img loading=\"lazy\" decoding=\"async\" width=\"2560\" height=\"1709\" src=\"https:\/\/www.elementlogic.net\/content\/uploads\/sites\/22\/\/2024\/09\/Element-Logic-AutoStore-Grid-@Boozt.jpg\" class=\"attachment-post-thumbnail size-post-thumbnail wp-post-image\" alt=\"\" srcset=\"https:\/\/www.elementlogic.net\/content\/uploads\/sites\/22\/2024\/09\/Element-Logic-AutoStore-Grid-@Boozt.jpg 2560w, https:\/\/www.elementlogic.net\/content\/uploads\/sites\/22\/2024\/09\/Element-Logic-AutoStore-Grid-@Boozt-300x200.jpg 300w, https:\/\/www.elementlogic.net\/content\/uploads\/sites\/22\/2024\/09\/Element-Logic-AutoStore-Grid-@Boozt-1024x684.jpg 1024w, https:\/\/www.elementlogic.net\/content\/uploads\/sites\/22\/2024\/09\/Element-Logic-AutoStore-Grid-@Boozt-768x513.jpg 768w, https:\/\/www.elementlogic.net\/content\/uploads\/sites\/22\/2024\/09\/Element-Logic-AutoStore-Grid-@Boozt-1536x1025.jpg 1536w, https:\/\/www.elementlogic.net\/content\/uploads\/sites\/22\/2024\/09\/Element-Logic-AutoStore-Grid-@Boozt-2048x1367.jpg 2048w\" sizes=\"(max-width: 2560px) 100vw, 2560px\" \/><\/figure>\n\t\n<\/a>\n\n\t\t<div class=\"card-content wp-block-t2-wrapper\">\n\t<div class=\"wp-block-dekode-post-terms\"><span>E-commerce<\/span><span>Moda i odzie\u017c<\/span><span>Operacje o wysokiej przepustowo\u015bci<\/span><\/div>\n\t<h3 class=\"t2-post-title wp-block-t2-post-title\"><a href=\"https:\/\/www.elementlogic.net\/pl\/cases\/jak-automatyzacja-magazynow-wynosi-logistyke-i-e-commerce-na-wyzszy-poziom-przyklad-boozt-com\/\" target=\"_self\" >Jak automatyzacja magazyn\u00f3w wynosi logistyk\u0119 i e-commerce na wy\u017cszy poziom: przyk\u0142ad Boozt.com<\/a><\/h3>\n\t<div class=\"t2-post-excerpt wp-block-t2-post-excerpt\"><p>\u201eNasza wsp\u00f3\u0142praca z Element Logic uk\u0142ada si\u0119 wzorowo, dlatego naturalnym krokiem jest kontynuowanie tej wsp\u00f3lnej drogi\u201d \u2013 m\u00f3wi Niels Hemmingsen, [&hellip;]<\/p><\/div>\n<\/div>\n<\/div>\n\n<div class=\"t2-featured-single-post t2-featured-content is-post-type-case case_tax-wysoka-przepustowosc case_tax-retail wp-block-t2-featured-single-post\"><a class=\"t2-post-link wp-block-t2-post-link\" href=\"https:\/\/www.elementlogic.net\/pl\/cases\/zwrot-z-inwestycji-w-zaledwie-24-miesiace-historia-sukcesu-the-hut-group\/\">\n\t<div class=\"client-logo-image-wrapper\"><img loading=\"lazy\" decoding=\"async\" width=\"300\" height=\"188\" src=\"https:\/\/www.elementlogic.net\/content\/uploads\/sites\/22\/\/2024\/09\/THG-Logo-300x188.jpeg\" class=\"client-logo-image\" alt=\"\" \/><\/div>\n\t<figure style=\"--t2-focal-point: 50% 50%;\" class=\"t2-post-featured-image has-image-ratio-3-2 wp-block-t2-post-featured-image\"><img loading=\"lazy\" decoding=\"async\" width=\"2560\" height=\"940\" src=\"https:\/\/www.elementlogic.net\/content\/uploads\/sites\/22\/\/2024\/09\/The-Hut-Group_Element-Logic-e1693314721671.jpg\" class=\"attachment-post-thumbnail size-post-thumbnail wp-post-image\" alt=\"\" srcset=\"https:\/\/www.elementlogic.net\/content\/uploads\/sites\/22\/2024\/09\/The-Hut-Group_Element-Logic-e1693314721671.jpg 2560w, https:\/\/www.elementlogic.net\/content\/uploads\/sites\/22\/2024\/09\/The-Hut-Group_Element-Logic-e1693314721671-300x110.jpg 300w, https:\/\/www.elementlogic.net\/content\/uploads\/sites\/22\/2024\/09\/The-Hut-Group_Element-Logic-e1693314721671-1024x376.jpg 1024w, https:\/\/www.elementlogic.net\/content\/uploads\/sites\/22\/2024\/09\/The-Hut-Group_Element-Logic-e1693314721671-768x282.jpg 768w, https:\/\/www.elementlogic.net\/content\/uploads\/sites\/22\/2024\/09\/The-Hut-Group_Element-Logic-e1693314721671-1536x564.jpg 1536w, https:\/\/www.elementlogic.net\/content\/uploads\/sites\/22\/2024\/09\/The-Hut-Group_Element-Logic-e1693314721671-2048x752.jpg 2048w\" sizes=\"(max-width: 2560px) 100vw, 2560px\" \/><\/figure>\n\t\n<\/a>\n\n\t\t<div class=\"card-content wp-block-t2-wrapper\">\n\t<div class=\"wp-block-dekode-post-terms\"><span>Operacje o wysokiej przepustowo\u015bci<\/span><span>Retail<\/span><\/div>\n\t<h3 class=\"t2-post-title wp-block-t2-post-title\"><a href=\"https:\/\/www.elementlogic.net\/pl\/cases\/zwrot-z-inwestycji-w-zaledwie-24-miesiace-historia-sukcesu-the-hut-group\/\" target=\"_self\" >Zwrot z inwestycji w zaledwie 24 miesi\u0105ce: historia sukcesu The Hut Group<\/a><\/h3>\n\t<div class=\"t2-post-excerpt wp-block-t2-post-excerpt\"><p>Grupa THG plc (The Hut Group) to znana na ca\u0142ym \u015bwiecie grupa e-commerce z siedzib\u0105 w Wielkiej Brytanii. Jej flagowe [&hellip;]<\/p><\/div>\n<\/div>\n<\/div>\n<\/div>\n\n\n<div class=\"wp-block-buttons is-layout-flex wp-block-buttons-is-layout-flex\">\n<div class=\"wp-block-button\"><a class=\"wp-block-button__link wp-element-button\" href=\"https:\/\/www.elementlogic.net\/pl\/cases\/category\/ecommerce\/\">Zobacz wi\u0119cej przyk\u0142ad\u00f3w z bran\u017cy e-commerce<\/a><\/div>\n<\/div>\n\n\n\n<div class=\"wp-block-group is-layout-flex wp-block-group-is-layout-flex\">\n<h2 class=\"wp-block-heading wp-container-content-2\" id=\"h-dlaczego-marki-e-commerce-wybieraja-element-logic\">Dlaczego marki e-commerce wybieraj\u0105 Element Logic?<\/h2>\n\n\n\n<ul class=\"wp-block-list\">\n<li><strong>Szybka realizacja zam\u00f3wie\u0144<\/strong> w modelu same-day i next-day delivery<\/li>\n\n\n\n<li><strong>Efektywne skalowanie<\/strong> operacji wraz z dynamicznym wzrostem sprzeda\u017cy<\/li>\n\n\n\n<li><strong>Wysoka dok\u0142adno\u015b\u0107 <\/strong>kompletacji i wysy\u0142ek buduj\u0105ca zaufanie klient\u00f3w<\/li>\n\n\n\n<li>Wieloletnie <strong>do\u015bwiadczenie <\/strong>w automatyzacji magazyn\u00f3w dla h<strong>andlu detalicznego i e-commerce<\/strong><\/li>\n<\/ul>\n<\/div>\n\n\n\n<div style=\"height:100px;width:0px\" aria-hidden=\"true\" class=\"wp-block-spacer\"><\/div>\n\n\n\n\t\t<div style=\"--dekode-hero-dim:0.6; --t2-icon-fill:var(--wp--preset--color--white);\" class=\"alignfull dekode-hero-content-position-center has-media-background wp-block-dekode-hero has-text-color has-white-color\">\n\t\t\t<img loading=\"lazy\" decoding=\"async\" width=\"1024\" height=\"1024\" src=\"https:\/\/www.elementlogic.net\/content\/uploads\/sites\/22\/2026\/02\/ecomerce-1.png\" class=\"dekode-hero__image\" alt=\"\" style=\"--focalpoint: 52% 59%;\" srcset=\"https:\/\/www.elementlogic.net\/content\/uploads\/sites\/22\/2026\/02\/ecomerce-1.png 1024w, https:\/\/www.elementlogic.net\/content\/uploads\/sites\/22\/2026\/02\/ecomerce-1-300x300.png 300w, https:\/\/www.elementlogic.net\/content\/uploads\/sites\/22\/2026\/02\/ecomerce-1-150x150.png 150w, https:\/\/www.elementlogic.net\/content\/uploads\/sites\/22\/2026\/02\/ecomerce-1-768x768.png 768w\" sizes=\"(max-width: 1024px) 100vw, 1024px\" \/>\n\t\t\t<div class=\"dekode-hero__content\">\n\t\t\t\t<div class=\"dekode-hero__container\">\n\t\t\t\t\t\n\n<h1 class=\"wp-block-heading\" id=\"h-gotowi-zabezpieczyc-przyszlosc-swojej-logistyki-e-commerce\"><strong>Gotowi zabezpieczy\u0107 przysz\u0142o\u015b\u0107 swojej logistyki e-commerce?<\/strong><\/h1>\n\n\n\n<div class=\"wp-block-buttons is-layout-flex wp-block-buttons-is-layout-flex\">\n<div class=\"wp-block-button http:\/\/hs-cta-trigger-button hs-cta-trigger-button-195241208906\"><a class=\"wp-block-button__link wp-element-button\" href=\"https:\/\/www.elementlogic.net\/pl\/kontakt\/\"><strong>S<\/strong>kontaktuj si\u0119 ju\u017c dzi\u015b<\/a><\/div>\n<\/div>\n\n\n\t\t\t\t<\/div>\n\t\t\t<\/div>\n\t\t<\/div>\n\t\t","protected":false},"excerpt":{"rendered":"<p>Element Logic wspiera firmy e-commerce ka\u017cdej wielko\u015bci w sprostaniu tym wymaganiom dzi\u0119ki inteligentnej automatyzacji magazynowej. Ponad 40 lat do\u015bwiadczenia w [&hellip;]<\/p>\n","protected":false},"author":58,"featured_media":0,"parent":2717,"menu_order":0,"comment_status":"closed","ping_status":"closed","template":"","meta":{"hreflang_relation":0,"_el_cross_publish_source_blog_url":"","_el_cross_publish_source_blog_id":0,"_el_cross_publish_source_post_id":0,"_el_cross_publish_sync_state":"","exclude_from_search":false,"footnotes":""},"class_list":["post-2734","page","type-page","status-publish","hentry"],"yoast_head":"<!-- This site is optimized with the Yoast SEO Premium plugin v23.9 (Yoast SEO v23.9) - https:\/\/yoast.com\/wordpress\/plugins\/seo\/ -->\n<title>Bran\u017ca E-Commerce - Element Logic Poland<\/title>\n<meta name=\"robots\" content=\"index, follow, max-snippet:-1, max-image-preview:large, max-video-preview:-1\" \/>\n<link rel=\"canonical\" href=\"https:\/\/www.elementlogic.net\/pl\/branze\/branza-e-commerce\/\" \/>\n<meta property=\"og:locale\" content=\"pl_PL\" \/>\n<meta property=\"og:type\" content=\"article\" \/>\n<meta property=\"og:title\" content=\"Bran\u017ca E-Commerce\" \/>\n<meta property=\"og:description\" content=\"Element Logic wspiera firmy e-commerce ka\u017cdej wielko\u015bci w sprostaniu tym wymaganiom dzi\u0119ki inteligentnej automatyzacji magazynowej. Ponad 40 lat do\u015bwiadczenia w [&hellip;]\" \/>\n<meta property=\"og:url\" content=\"https:\/\/www.elementlogic.net\/pl\/branze\/branza-e-commerce\/\" \/>\n<meta property=\"og:site_name\" content=\"Element Logic Poland\" \/>\n<meta property=\"article:modified_time\" content=\"2026-03-30T14:34:50+00:00\" \/>\n<meta name=\"twitter:card\" content=\"summary_large_image\" \/>\n<meta name=\"twitter:label1\" content=\"Szacowany czas czytania\" \/>\n\t<meta name=\"twitter:data1\" content=\"1 minuta\" \/>\n<script type=\"application\/ld+json\" class=\"yoast-schema-graph\">{\"@context\":\"https:\/\/schema.org\",\"@graph\":[{\"@type\":\"WebPage\",\"@id\":\"https:\/\/www.elementlogic.net\/pl\/branze\/branza-e-commerce\/\",\"url\":\"https:\/\/www.elementlogic.net\/pl\/branze\/branza-e-commerce\/\",\"name\":\"Bran\u017ca E-Commerce - Element Logic Poland\",\"isPartOf\":{\"@id\":\"https:\/\/www.elementlogic.net\/pl\/#website\"},\"datePublished\":\"2026-03-30T14:34:49+00:00\",\"dateModified\":\"2026-03-30T14:34:50+00:00\",\"breadcrumb\":{\"@id\":\"https:\/\/www.elementlogic.net\/pl\/branze\/branza-e-commerce\/#breadcrumb\"},\"inLanguage\":\"pl-PL\",\"potentialAction\":[{\"@type\":\"ReadAction\",\"target\":[\"https:\/\/www.elementlogic.net\/pl\/branze\/branza-e-commerce\/\"]}]},{\"@type\":\"BreadcrumbList\",\"@id\":\"https:\/\/www.elementlogic.net\/pl\/branze\/branza-e-commerce\/#breadcrumb\",\"itemListElement\":[{\"@type\":\"ListItem\",\"position\":1,\"name\":\"Bran\u017ce\",\"item\":\"https:\/\/www.elementlogic.net\/pl\/branze\/\"},{\"@type\":\"ListItem\",\"position\":2,\"name\":\"Bran\u017ca E-Commerce\"}]},{\"@type\":\"WebSite\",\"@id\":\"https:\/\/www.elementlogic.net\/pl\/#website\",\"url\":\"https:\/\/www.elementlogic.net\/pl\/\",\"name\":\"Element Logic Poland\",\"description\":\"\",\"potentialAction\":[{\"@type\":\"SearchAction\",\"target\":{\"@type\":\"EntryPoint\",\"urlTemplate\":\"https:\/\/www.elementlogic.net\/pl\/?s={search_term_string}\"},\"query-input\":{\"@type\":\"PropertyValueSpecification\",\"valueRequired\":true,\"valueName\":\"search_term_string\"}}],\"inLanguage\":\"pl-PL\"}]}<\/script>\n<!-- \/ Yoast SEO Premium plugin. -->","yoast_head_json":{"title":"Bran\u017ca E-Commerce - Element Logic Poland","robots":{"index":"index","follow":"follow","max-snippet":"max-snippet:-1","max-image-preview":"max-image-preview:large","max-video-preview":"max-video-preview:-1"},"canonical":"https:\/\/www.elementlogic.net\/pl\/branze\/branza-e-commerce\/","og_locale":"pl_PL","og_type":"article","og_title":"Bran\u017ca E-Commerce","og_description":"Element Logic wspiera firmy e-commerce ka\u017cdej wielko\u015bci w sprostaniu tym wymaganiom dzi\u0119ki inteligentnej automatyzacji magazynowej. Ponad 40 lat do\u015bwiadczenia w [&hellip;]","og_url":"https:\/\/www.elementlogic.net\/pl\/branze\/branza-e-commerce\/","og_site_name":"Element Logic Poland","article_modified_time":"2026-03-30T14:34:50+00:00","twitter_card":"summary_large_image","twitter_misc":{"Szacowany czas czytania":"1 minuta"},"schema":{"@context":"https:\/\/schema.org","@graph":[{"@type":"WebPage","@id":"https:\/\/www.elementlogic.net\/pl\/branze\/branza-e-commerce\/","url":"https:\/\/www.elementlogic.net\/pl\/branze\/branza-e-commerce\/","name":"Bran\u017ca E-Commerce - Element Logic Poland","isPartOf":{"@id":"https:\/\/www.elementlogic.net\/pl\/#website"},"datePublished":"2026-03-30T14:34:49+00:00","dateModified":"2026-03-30T14:34:50+00:00","breadcrumb":{"@id":"https:\/\/www.elementlogic.net\/pl\/branze\/branza-e-commerce\/#breadcrumb"},"inLanguage":"pl-PL","potentialAction":[{"@type":"ReadAction","target":["https:\/\/www.elementlogic.net\/pl\/branze\/branza-e-commerce\/"]}]},{"@type":"BreadcrumbList","@id":"https:\/\/www.elementlogic.net\/pl\/branze\/branza-e-commerce\/#breadcrumb","itemListElement":[{"@type":"ListItem","position":1,"name":"Bran\u017ce","item":"https:\/\/www.elementlogic.net\/pl\/branze\/"},{"@type":"ListItem","position":2,"name":"Bran\u017ca E-Commerce"}]},{"@type":"WebSite","@id":"https:\/\/www.elementlogic.net\/pl\/#website","url":"https:\/\/www.elementlogic.net\/pl\/","name":"Element Logic Poland","description":"","potentialAction":[{"@type":"SearchAction","target":{"@type":"EntryPoint","urlTemplate":"https:\/\/www.elementlogic.net\/pl\/?s={search_term_string}"},"query-input":{"@type":"PropertyValueSpecification","valueRequired":true,"valueName":"search_term_string"}}],"inLanguage":"pl-PL"}]}},"_links":{"self":[{"href":"https:\/\/www.elementlogic.net\/pl\/wp-json\/wp\/v2\/pages\/2734"}],"collection":[{"href":"https:\/\/www.elementlogic.net\/pl\/wp-json\/wp\/v2\/pages"}],"about":[{"href":"https:\/\/www.elementlogic.net\/pl\/wp-json\/wp\/v2\/types\/page"}],"author":[{"embeddable":true,"href":"https:\/\/www.elementlogic.net\/pl\/wp-json\/wp\/v2\/users\/58"}],"replies":[{"embeddable":true,"href":"https:\/\/www.elementlogic.net\/pl\/wp-json\/wp\/v2\/comments?post=2734"}],"version-history":[{"count":5,"href":"https:\/\/www.elementlogic.net\/pl\/wp-json\/wp\/v2\/pages\/2734\/revisions"}],"predecessor-version":[{"id":2948,"href":"https:\/\/www.elementlogic.net\/pl\/wp-json\/wp\/v2\/pages\/2734\/revisions\/2948"}],"up":[{"embeddable":true,"href":"https:\/\/www.elementlogic.net\/pl\/wp-json\/wp\/v2\/pages\/2717"}],"wp:attachment":[{"href":"https:\/\/www.elementlogic.net\/pl\/wp-json\/wp\/v2\/media?parent=2734"}],"curies":[{"name":"wp","href":"https:\/\/api.w.org\/{rel}","templated":true}]}}