{"id":2740,"date":"2026-03-30T14:37:21","date_gmt":"2026-03-30T14:37:21","guid":{"rendered":"https:\/\/www.elementlogic.net\/pl\/?page_id=2740"},"modified":"2026-03-30T14:37:22","modified_gmt":"2026-03-30T14:37:22","slug":"e-grocery","status":"publish","type":"page","link":"https:\/\/www.elementlogic.net\/pl\/branze\/e-grocery\/","title":{"rendered":"Bran\u017ca e-grocery"},"content":{"rendered":"\n\t\t<div style=\"--dekode-hero-dim:0.5; --t2-icon-fill:var(--wp--preset--color--white);\" class=\"alignfull dekode-hero-content-position-center has-media-background wp-block-dekode-hero has-text-color has-white-color\">\n\t\t\t<img loading=\"lazy\" decoding=\"async\" width=\"1024\" height=\"1024\" src=\"https:\/\/www.elementlogic.net\/content\/uploads\/sites\/22\/2026\/02\/egrocery-1.png\" class=\"dekode-hero__image\" alt=\"\" style=\"--focalpoint: 63% 74%;\" srcset=\"https:\/\/www.elementlogic.net\/content\/uploads\/sites\/22\/2026\/02\/egrocery-1.png 1024w, https:\/\/www.elementlogic.net\/content\/uploads\/sites\/22\/2026\/02\/egrocery-1-300x300.png 300w, https:\/\/www.elementlogic.net\/content\/uploads\/sites\/22\/2026\/02\/egrocery-1-150x150.png 150w, https:\/\/www.elementlogic.net\/content\/uploads\/sites\/22\/2026\/02\/egrocery-1-768x768.png 768w\" sizes=\"(max-width: 1024px) 100vw, 1024px\" \/>\n\t\t\t<div class=\"dekode-hero__content\">\n\t\t\t\t<div class=\"dekode-hero__container\">\n\t\t\t\t\t\n\n<p><\/p>\n\n\n\n<h1 class=\"wp-block-heading\" id=\"h-e-grocery\">E-grocery<\/h1>\n\n\n<p class=\"t2-ingress wp-block-t2-ingress\">\u015awie\u017co\u015b\u0107 i szybko\u015b\u0107 w wersji zautomatyzowanej<\/p>\n\n\n<div class=\"wp-block-buttons is-layout-flex wp-block-buttons-is-layout-flex\">\n<div class=\"wp-block-button hs-cta-trigger-button hs-cta-trigger-button-195241208906 has-icon has-icon-theme_arrow\"><a class=\"wp-block-button__link wp-element-button\" href=\"https:\/\/www.elementlogic.net\/pl\/kontakt\/\">Skontaktuj si\u0119 z nami<svg xmlns=\"http:\/\/www.w3.org\/2000\/svg\" viewBox=\"0 0 24 24\" height=\"24\" width=\"24\" class=\"t2-icon t2-icon-theme_arrow\" aria-hidden=\"true\" focusable=\"false\"><path d=\"M16.627 12.75H5.25C5.03717 12.75 4.859 12.6782 4.7155 12.5345C4.57183 12.391 4.5 12.2128 4.5 12C4.5 11.7872 4.57183 11.609 4.7155 11.4655C4.859 11.3218 5.03717 11.25 5.25 11.25H16.627L11.4577 6.08076C11.3091 5.93209 11.2357 5.75809 11.2375 5.55876C11.2395 5.35942 11.318 5.18217 11.473 5.02701C11.6282 4.88217 11.8038 4.80717 12 4.80201C12.1962 4.79684 12.3718 4.87184 12.527 5.02701L18.8673 11.3673C18.9609 11.4609 19.0269 11.5597 19.0652 11.6635C19.1037 11.7673 19.123 11.8795 19.123 12C19.123 12.1205 19.1037 12.2327 19.0652 12.3365C19.0269 12.4403 18.9609 12.5391 18.8673 12.6328L12.527 18.973C12.3885 19.1115 12.217 19.1823 12.0125 19.1855C11.808 19.1887 11.6282 19.1178 11.473 18.973C11.318 18.8178 11.2405 18.6397 11.2405 18.4385C11.2405 18.2372 11.318 18.0589 11.473 17.9038L16.627 12.75Z\" fill=\"var(--t2-icon-fill, #000)\"\/><\/svg><\/a><\/div>\n<\/div>\n\n\n\t\t\t\t<\/div>\n\t\t\t<\/div>\n\t\t<\/div>\n\t\t\n\n<p class=\"t2-ingress wp-block-t2-ingress\">W sprzeda\u017cy spo\u017cywczej online licz\u0105 si\u0119 sekundy i temperatura. Klienci oczekuj\u0105 szybkiej oraz bezb\u0142\u0119dnej dostawy produkt\u00f3w \u015bwie\u017cych, mro\u017conych i suchych \u2013 a pomy\u0142ki nie s\u0105 akceptowane. Przy bardzo niskich mar\u017cach i wysokiej rotacji efektywno\u015b\u0107 operacyjna jest kluczowa dla rentowno\u015bci.\u00a0\u00a0<\/p>\n\n\n<p><\/p>\n\n\n\n<p>Element Logic wspiera firmy e-grocery w realizacji zam\u00f3wie\u0144 z zachowaniem <strong>szybko\u015bci<\/strong>, <strong>precyzji <\/strong>i <strong>kontroli temperatury<\/strong>. Dzi\u0119ki ponad 40-letniemu do\u015bwiadczeniu w intralogistyce projektujemy systemy automatyzacji, kt\u00f3re utrzymuj\u0105 \u015bwie\u017co\u015b\u0107 produkt\u00f3w, usprawniaj\u0105 przep\u0142yw zam\u00f3wie\u0144 i redukuj\u0105 koszty operacyjne w strefach suchych, ch\u0142odniczych i mro\u017aniczych.<\/p>\n\n\n\n<div class=\"wp-block-group has-global-padding is-layout-constrained wp-block-group-is-layout-constrained\">\n<h2 class=\"wp-block-heading wp-container-content-1\" id=\"h-wyzwania-w-realizacji-zamowien-e-grocery-nbsp\">Wyzwania w realizacji zam\u00f3wie\u0144 e-grocery&nbsp;<\/h2>\n\n\n\n<ul class=\"wp-block-list\">\n<li>Zarz\u0105dzanie strefami magazynowania: such\u0105, ch\u0142odnicz\u0105 i mro\u017anicz\u0105 w ramach jednej operacji<\/li>\n\n\n\n<li>Utrzymanie kr\u00f3tkiego terminu przydatno\u015bci i rygorystycznych standard\u00f3w \u015bwie\u017co\u015bci<\/li>\n\n\n\n<li>Obs\u0142uga du\u017cej liczby zam\u00f3wie\u0144 o niewielkiej warto\u015bci koszyka i zr\u00f3\u017cnicowanym asortymencie<\/li>\n\n\n\n<li>Rosn\u0105ce koszty pracy oraz wyzwania zwi\u0105zane z utrzymaniem personelu<\/li>\n\n\n\n<li>Spe\u0142nianie oczekiwa\u0144 dotycz\u0105cych dostawy tego samego i nast\u0119pnego dnia<\/li>\n<\/ul>\n<\/div>\n\n\n\n\t\t<div style=\"--dekode-hero-dim:0.5; --t2-icon-fill:var(--wp--preset--color--white);\" class=\"alignfull dekode-hero-content-position-center has-media-background wp-block-dekode-hero has-text-color has-white-color\">\n\t\t\t\t\t<video\n\t\t\tautoplay\n\t\t\tloop\n\t\t\tmuted\n\t\t\tplaysinline\n\t\t\tposter=\"\"\n\t\t\tsrc=\"https:\/\/www.elementlogic.net\/content\/uploads\/sites\/22\/\/2024\/09\/solutions-and-services.mp4\">\n\t\t<\/video>\n\t\t\n\t\t\t<div class=\"dekode-hero__content\">\n\t\t\t\t<div class=\"dekode-hero__container\">\n\t\t\t\t\t\n\n<h2 class=\"wp-block-heading\" id=\"h-zaufali-nam-liderzy-e-grocery\">Zaufali nam liderzy e-grocery:<\/h2>\n\n\n\t\t\t\t<\/div>\n\t\t\t<\/div>\n\t\t<\/div>\n\t\t\n\n<div class=\"t2-featured-content-layout alignwide wp-block-t2-featured-content-layout\">\n<div class=\"t2-featured-single-post t2-featured-content is-post-type-case case_tax-egrocery wp-block-t2-featured-single-post\"><a class=\"t2-post-link wp-block-t2-post-link\" href=\"https:\/\/www.elementlogic.net\/pl\/cases\/szybciej-niz-kiedykolwiek-jak-automatyzacja-pomaga-marce-knuspr-utrzymac-3-godzinny-czas-dostawy\/\">\n\t<div class=\"client-logo-image-wrapper\"><img loading=\"lazy\" decoding=\"async\" width=\"300\" height=\"141\" src=\"https:\/\/www.elementlogic.net\/content\/uploads\/sites\/22\/\/2024\/09\/knuspr.de_-1-300x141.png\" class=\"client-logo-image\" alt=\"\" \/><\/div>\n\t<figure style=\"--t2-focal-point: 50% 50%;\" class=\"t2-post-featured-image has-image-ratio-3-2 wp-block-t2-post-featured-image\"><img loading=\"lazy\" decoding=\"async\" width=\"1600\" height=\"1067\" src=\"https:\/\/www.elementlogic.net\/content\/uploads\/sites\/22\/\/2024\/09\/tti-AutoStore-Grid.jpg\" class=\"attachment-post-thumbnail size-post-thumbnail wp-post-image\" alt=\"\" srcset=\"https:\/\/www.elementlogic.net\/content\/uploads\/sites\/22\/2024\/09\/tti-AutoStore-Grid.jpg 1600w, https:\/\/www.elementlogic.net\/content\/uploads\/sites\/22\/2024\/09\/tti-AutoStore-Grid-300x200.jpg 300w, https:\/\/www.elementlogic.net\/content\/uploads\/sites\/22\/2024\/09\/tti-AutoStore-Grid-1024x683.jpg 1024w, https:\/\/www.elementlogic.net\/content\/uploads\/sites\/22\/2024\/09\/tti-AutoStore-Grid-768x512.jpg 768w, https:\/\/www.elementlogic.net\/content\/uploads\/sites\/22\/2024\/09\/tti-AutoStore-Grid-1536x1024.jpg 1536w\" sizes=\"(max-width: 1600px) 100vw, 1600px\" \/><\/figure>\n\t\n<\/a>\n\n\t\t<div class=\"card-content wp-block-t2-wrapper\">\n\t<div class=\"wp-block-dekode-post-terms\"><span>E-grocery<\/span><\/div>\n\t<h3 class=\"t2-post-title wp-block-t2-post-title\"><a href=\"https:\/\/www.elementlogic.net\/pl\/cases\/szybciej-niz-kiedykolwiek-jak-automatyzacja-pomaga-marce-knuspr-utrzymac-3-godzinny-czas-dostawy\/\" target=\"_self\" >Szybciej ni\u017c kiedykolwiek: Jak automatyzacja pomaga marce Knuspr utrzyma\u0107 3-godzinny czas dostawy<\/a><\/h3>\n\t<div class=\"t2-post-excerpt wp-block-t2-post-excerpt\"><p>W ci\u0105gu dw\u00f3ch lat od uruchomienia pierwszego centrum logistycznego w Monachium, firma osi\u0105gn\u0119\u0142a znacz\u0105cy wzrost spowodowany utworzeniem dodatkowych centr\u00f3w logistycznych [&hellip;]<\/p><\/div>\n<\/div>\n<\/div>\n\n\n<\/div>\n\n\n<div class=\"wp-block-buttons is-layout-flex wp-block-buttons-is-layout-flex\">\n<div class=\"wp-block-button\"><a class=\"wp-block-button__link wp-element-button\" href=\"https:\/\/www.elementlogic.net\/pl\/cases\/category\/egrocery\/\">Zobacz wi\u0119cej przyk\u0142ad\u00f3w z tej bran\u017cy<\/a><\/div>\n<\/div>\n\n\n\n<div class=\"wp-block-group alignwide has-global-padding is-layout-constrained wp-block-group-is-layout-constrained\">\n<h2 class=\"wp-block-heading wp-container-content-2\" id=\"h-dlaczego-firmy-e-grocery-wybieraja-element-logic\">Dlaczego firmy e-grocery wybieraj\u0105 Element Logic?<\/h2>\n\n\n\n<ul class=\"wp-block-list\">\n<li>Utrzymanie \u015bwie\u017co\u015bci w strefach suchych, ch\u0142odniczych i mro\u017aniczych<\/li>\n\n\n\n<li>Szybko\u015b\u0107 i skalowalno\u015b\u0107 umo\u017cliwiaj\u0105ce dotrzymanie obietnic dostaw<\/li>\n\n\n\n<li>Redukcja koszt\u00f3w operacyjnych dzi\u0119ki automatyzacji i wi\u0119kszej wydajno\u015bci pracy<\/li>\n\n\n\n<li>Globalne do\u015bwiadczenie w automatyzacji logistyki spo\u017cywczej i \u0142a\u0144cucha ch\u0142odniczego<\/li>\n<\/ul>\n<\/div>\n\n\n\n<div style=\"height:100px\" aria-hidden=\"true\" class=\"wp-block-spacer\"><\/div>\n\n\n\n\t\t<div style=\"--dekode-hero-dim:0.6; --t2-icon-fill:var(--wp--preset--color--white);\" class=\"alignfull dekode-hero-content-position-center has-media-background wp-block-dekode-hero has-text-color has-white-color\">\n\t\t\t<img loading=\"lazy\" decoding=\"async\" width=\"1024\" height=\"683\" src=\"https:\/\/www.elementlogic.net\/content\/uploads\/sites\/22\/2026\/02\/egrocery3-1-1024x683.png\" class=\"dekode-hero__image\" alt=\"\" style=\"--focalpoint: 75% 71%;\" srcset=\"https:\/\/www.elementlogic.net\/content\/uploads\/sites\/22\/2026\/02\/egrocery3-1-1024x683.png 1024w, https:\/\/www.elementlogic.net\/content\/uploads\/sites\/22\/2026\/02\/egrocery3-1-300x200.png 300w, https:\/\/www.elementlogic.net\/content\/uploads\/sites\/22\/2026\/02\/egrocery3-1-768x512.png 768w, https:\/\/www.elementlogic.net\/content\/uploads\/sites\/22\/2026\/02\/egrocery3-1.png 1536w\" sizes=\"(max-width: 1024px) 100vw, 1024px\" \/>\n\t\t\t<div class=\"dekode-hero__content\">\n\t\t\t\t<div class=\"dekode-hero__container\">\n\t\t\t\t\t\n\n<h1 class=\"wp-block-heading\" id=\"h-dostarczaj-swieze-produkty-dzieki-automatyzacji-magazynu\"><strong>Dostarczaj \u015bwie\u017ce produkty dzi\u0119ki automatyzacji magazynu.<\/strong><\/h1>\n\n\n\n<div class=\"wp-block-buttons is-layout-flex wp-block-buttons-is-layout-flex\">\n<div class=\"wp-block-button http:\/\/hs-cta-trigger-button hs-cta-trigger-button-195241208906 is-style-fill\"><a class=\"wp-block-button__link wp-element-button\" href=\"https:\/\/www.elementlogic.net\/pl\/kontakt\/\">Skontaktuj si\u0119 ju\u017c dzi\u015b<\/a><\/div>\n<\/div>\n\n\n\t\t\t\t<\/div>\n\t\t\t<\/div>\n\t\t<\/div>\n\t\t\n\n\n<p><\/p>\n","protected":false},"excerpt":{"rendered":"<p>Element Logic wspiera firmy e-grocery w realizacji zam\u00f3wie\u0144 z zachowaniem szybko\u015bci, precyzji i kontroli temperatury. Dzi\u0119ki ponad 40-letniemu do\u015bwiadczeniu w [&hellip;]<\/p>\n","protected":false},"author":58,"featured_media":0,"parent":2717,"menu_order":0,"comment_status":"closed","ping_status":"closed","template":"","meta":{"hreflang_relation":0,"_el_cross_publish_source_blog_url":"","_el_cross_publish_source_blog_id":0,"_el_cross_publish_source_post_id":0,"_el_cross_publish_sync_state":"","exclude_from_search":false,"footnotes":""},"class_list":["post-2740","page","type-page","status-publish","hentry"],"yoast_head":"<!-- This site is optimized with the Yoast SEO Premium plugin v23.9 (Yoast SEO v23.9) - https:\/\/yoast.com\/wordpress\/plugins\/seo\/ -->\n<title>Bran\u017ca e-grocery - Element Logic Poland<\/title>\n<meta name=\"robots\" content=\"index, follow, max-snippet:-1, max-image-preview:large, max-video-preview:-1\" \/>\n<link rel=\"canonical\" href=\"https:\/\/www.elementlogic.net\/pl\/branze\/e-grocery\/\" \/>\n<meta property=\"og:locale\" content=\"pl_PL\" \/>\n<meta property=\"og:type\" content=\"article\" \/>\n<meta property=\"og:title\" content=\"Bran\u017ca e-grocery\" \/>\n<meta property=\"og:description\" content=\"Element Logic wspiera firmy e-grocery w realizacji zam\u00f3wie\u0144 z zachowaniem szybko\u015bci, precyzji i kontroli temperatury. Dzi\u0119ki ponad 40-letniemu do\u015bwiadczeniu w [&hellip;]\" \/>\n<meta property=\"og:url\" content=\"https:\/\/www.elementlogic.net\/pl\/branze\/e-grocery\/\" \/>\n<meta property=\"og:site_name\" content=\"Element Logic Poland\" \/>\n<meta property=\"article:modified_time\" content=\"2026-03-30T14:37:22+00:00\" \/>\n<meta name=\"twitter:card\" content=\"summary_large_image\" \/>\n<meta name=\"twitter:label1\" content=\"Szacowany czas czytania\" \/>\n\t<meta name=\"twitter:data1\" content=\"1 minuta\" \/>\n<script type=\"application\/ld+json\" class=\"yoast-schema-graph\">{\"@context\":\"https:\/\/schema.org\",\"@graph\":[{\"@type\":\"WebPage\",\"@id\":\"https:\/\/www.elementlogic.net\/pl\/branze\/e-grocery\/\",\"url\":\"https:\/\/www.elementlogic.net\/pl\/branze\/e-grocery\/\",\"name\":\"Bran\u017ca e-grocery - Element Logic Poland\",\"isPartOf\":{\"@id\":\"https:\/\/www.elementlogic.net\/pl\/#website\"},\"datePublished\":\"2026-03-30T14:37:21+00:00\",\"dateModified\":\"2026-03-30T14:37:22+00:00\",\"breadcrumb\":{\"@id\":\"https:\/\/www.elementlogic.net\/pl\/branze\/e-grocery\/#breadcrumb\"},\"inLanguage\":\"pl-PL\",\"potentialAction\":[{\"@type\":\"ReadAction\",\"target\":[\"https:\/\/www.elementlogic.net\/pl\/branze\/e-grocery\/\"]}]},{\"@type\":\"BreadcrumbList\",\"@id\":\"https:\/\/www.elementlogic.net\/pl\/branze\/e-grocery\/#breadcrumb\",\"itemListElement\":[{\"@type\":\"ListItem\",\"position\":1,\"name\":\"Bran\u017ce\",\"item\":\"https:\/\/www.elementlogic.net\/pl\/branze\/\"},{\"@type\":\"ListItem\",\"position\":2,\"name\":\"Bran\u017ca e-grocery\"}]},{\"@type\":\"WebSite\",\"@id\":\"https:\/\/www.elementlogic.net\/pl\/#website\",\"url\":\"https:\/\/www.elementlogic.net\/pl\/\",\"name\":\"Element Logic Poland\",\"description\":\"\",\"potentialAction\":[{\"@type\":\"SearchAction\",\"target\":{\"@type\":\"EntryPoint\",\"urlTemplate\":\"https:\/\/www.elementlogic.net\/pl\/?s={search_term_string}\"},\"query-input\":{\"@type\":\"PropertyValueSpecification\",\"valueRequired\":true,\"valueName\":\"search_term_string\"}}],\"inLanguage\":\"pl-PL\"}]}<\/script>\n<!-- \/ Yoast SEO Premium plugin. -->","yoast_head_json":{"title":"Bran\u017ca e-grocery - Element Logic Poland","robots":{"index":"index","follow":"follow","max-snippet":"max-snippet:-1","max-image-preview":"max-image-preview:large","max-video-preview":"max-video-preview:-1"},"canonical":"https:\/\/www.elementlogic.net\/pl\/branze\/e-grocery\/","og_locale":"pl_PL","og_type":"article","og_title":"Bran\u017ca e-grocery","og_description":"Element Logic wspiera firmy e-grocery w realizacji zam\u00f3wie\u0144 z zachowaniem szybko\u015bci, precyzji i kontroli temperatury. Dzi\u0119ki ponad 40-letniemu do\u015bwiadczeniu w [&hellip;]","og_url":"https:\/\/www.elementlogic.net\/pl\/branze\/e-grocery\/","og_site_name":"Element Logic Poland","article_modified_time":"2026-03-30T14:37:22+00:00","twitter_card":"summary_large_image","twitter_misc":{"Szacowany czas czytania":"1 minuta"},"schema":{"@context":"https:\/\/schema.org","@graph":[{"@type":"WebPage","@id":"https:\/\/www.elementlogic.net\/pl\/branze\/e-grocery\/","url":"https:\/\/www.elementlogic.net\/pl\/branze\/e-grocery\/","name":"Bran\u017ca e-grocery - Element Logic Poland","isPartOf":{"@id":"https:\/\/www.elementlogic.net\/pl\/#website"},"datePublished":"2026-03-30T14:37:21+00:00","dateModified":"2026-03-30T14:37:22+00:00","breadcrumb":{"@id":"https:\/\/www.elementlogic.net\/pl\/branze\/e-grocery\/#breadcrumb"},"inLanguage":"pl-PL","potentialAction":[{"@type":"ReadAction","target":["https:\/\/www.elementlogic.net\/pl\/branze\/e-grocery\/"]}]},{"@type":"BreadcrumbList","@id":"https:\/\/www.elementlogic.net\/pl\/branze\/e-grocery\/#breadcrumb","itemListElement":[{"@type":"ListItem","position":1,"name":"Bran\u017ce","item":"https:\/\/www.elementlogic.net\/pl\/branze\/"},{"@type":"ListItem","position":2,"name":"Bran\u017ca e-grocery"}]},{"@type":"WebSite","@id":"https:\/\/www.elementlogic.net\/pl\/#website","url":"https:\/\/www.elementlogic.net\/pl\/","name":"Element Logic Poland","description":"","potentialAction":[{"@type":"SearchAction","target":{"@type":"EntryPoint","urlTemplate":"https:\/\/www.elementlogic.net\/pl\/?s={search_term_string}"},"query-input":{"@type":"PropertyValueSpecification","valueRequired":true,"valueName":"search_term_string"}}],"inLanguage":"pl-PL"}]}},"_links":{"self":[{"href":"https:\/\/www.elementlogic.net\/pl\/wp-json\/wp\/v2\/pages\/2740"}],"collection":[{"href":"https:\/\/www.elementlogic.net\/pl\/wp-json\/wp\/v2\/pages"}],"about":[{"href":"https:\/\/www.elementlogic.net\/pl\/wp-json\/wp\/v2\/types\/page"}],"author":[{"embeddable":true,"href":"https:\/\/www.elementlogic.net\/pl\/wp-json\/wp\/v2\/users\/58"}],"replies":[{"embeddable":true,"href":"https:\/\/www.elementlogic.net\/pl\/wp-json\/wp\/v2\/comments?post=2740"}],"version-history":[{"count":5,"href":"https:\/\/www.elementlogic.net\/pl\/wp-json\/wp\/v2\/pages\/2740\/revisions"}],"predecessor-version":[{"id":2885,"href":"https:\/\/www.elementlogic.net\/pl\/wp-json\/wp\/v2\/pages\/2740\/revisions\/2885"}],"up":[{"embeddable":true,"href":"https:\/\/www.elementlogic.net\/pl\/wp-json\/wp\/v2\/pages\/2717"}],"wp:attachment":[{"href":"https:\/\/www.elementlogic.net\/pl\/wp-json\/wp\/v2\/media?parent=2740"}],"curies":[{"name":"wp","href":"https:\/\/api.w.org\/{rel}","templated":true}]}}