{"id":2744,"date":"2026-03-30T14:50:09","date_gmt":"2026-03-30T14:50:09","guid":{"rendered":"https:\/\/www.elementlogic.net\/pl\/?page_id=2744"},"modified":"2026-04-30T13:56:03","modified_gmt":"2026-04-30T13:56:03","slug":"logityka-3pl","status":"publish","type":"page","link":"https:\/\/www.elementlogic.net\/pl\/branze\/logityka-3pl\/","title":{"rendered":"Bran\u017ca 3PL"},"content":{"rendered":"\n\t\t<div style=\"--dekode-hero-dim:0.4; --t2-icon-fill:var(--wp--preset--color--white);\" class=\"alignfull dekode-hero-content-position-center has-media-background wp-block-dekode-hero has-text-color has-white-color\">\n\t\t\t<img loading=\"lazy\" decoding=\"async\" width=\"1024\" height=\"1024\" src=\"https:\/\/www.elementlogic.net\/content\/uploads\/sites\/22\/2026\/02\/3pl-hub.png\" class=\"dekode-hero__image\" alt=\"\" style=\"--focalpoint: 48% 51%;\" srcset=\"https:\/\/www.elementlogic.net\/content\/uploads\/sites\/22\/2026\/02\/3pl-hub.png 1024w, https:\/\/www.elementlogic.net\/content\/uploads\/sites\/22\/2026\/02\/3pl-hub-300x300.png 300w, https:\/\/www.elementlogic.net\/content\/uploads\/sites\/22\/2026\/02\/3pl-hub-150x150.png 150w, https:\/\/www.elementlogic.net\/content\/uploads\/sites\/22\/2026\/02\/3pl-hub-768x768.png 768w\" sizes=\"(max-width: 1024px) 100vw, 1024px\" \/>\n\t\t\t<div class=\"dekode-hero__content\">\n\t\t\t\t<div class=\"dekode-hero__container\">\n\t\t\t\t\t\n\n<p><\/p>\n\n\n\n<h1 class=\"wp-block-heading\" id=\"h-3pl-i-operatorzy-logistyczni\">3PL i operatorzy logistyczni<\/h1>\n\n\n<p class=\"t2-ingress wp-block-t2-ingress\">Inteligentna automatyzacja dla elastycznej realizacji zam\u00f3wie\u0144<\/p>\n\n\n<div class=\"wp-block-buttons is-layout-flex wp-block-buttons-is-layout-flex\">\n<div class=\"wp-block-button hs-cta-trigger-button hs-cta-trigger-button-195241208906 has-icon has-icon-theme_arrow\"><a class=\"wp-block-button__link wp-element-button\" href=\"https:\/\/www.elementlogic.net\/pl\/kontakt\/\">Skontaktuj si\u0119 z nami<svg xmlns=\"http:\/\/www.w3.org\/2000\/svg\" viewBox=\"0 0 24 24\" height=\"24\" width=\"24\" class=\"t2-icon t2-icon-theme_arrow\" aria-hidden=\"true\" focusable=\"false\"><path d=\"M16.627 12.75H5.25C5.03717 12.75 4.859 12.6782 4.7155 12.5345C4.57183 12.391 4.5 12.2128 4.5 12C4.5 11.7872 4.57183 11.609 4.7155 11.4655C4.859 11.3218 5.03717 11.25 5.25 11.25H16.627L11.4577 6.08076C11.3091 5.93209 11.2357 5.75809 11.2375 5.55876C11.2395 5.35942 11.318 5.18217 11.473 5.02701C11.6282 4.88217 11.8038 4.80717 12 4.80201C12.1962 4.79684 12.3718 4.87184 12.527 5.02701L18.8673 11.3673C18.9609 11.4609 19.0269 11.5597 19.0652 11.6635C19.1037 11.7673 19.123 11.8795 19.123 12C19.123 12.1205 19.1037 12.2327 19.0652 12.3365C19.0269 12.4403 18.9609 12.5391 18.8673 12.6328L12.527 18.973C12.3885 19.1115 12.217 19.1823 12.0125 19.1855C11.808 19.1887 11.6282 19.1178 11.473 18.973C11.318 18.8178 11.2405 18.6397 11.2405 18.4385C11.2405 18.2372 11.318 18.0589 11.473 17.9038L16.627 12.75Z\" fill=\"var(--t2-icon-fill, #000)\"\/><\/svg><\/a><\/div>\n<\/div>\n\n\n\t\t\t\t<\/div>\n\t\t\t<\/div>\n\t\t<\/div>\n\t\t\n\n<p class=\"t2-ingress wp-block-t2-ingress\">Jako operator logistyczny (3PL) musisz zapewnia\u0107 szybko\u015b\u0107, precyzj\u0119 i skalowalno\u015b\u0107 \u2013 bez kompromis\u00f3w. Niezale\u017cnie od tego, czy obs\u0142ugujesz e-commerce, uzupe\u0142nianie zapas\u00f3w w handlu detalicznym czy dystrybucj\u0119 B2B, Element Logic dostarcza rozwi\u0105zania automatyzacyjne gwarantuj\u0105ce niezawodno\u015b\u0107, elastyczno\u015b\u0107 i efektywno\u015b\u0107 dla ka\u017cdego klienta.<\/p>\n\n\n<p><\/p>\n\n\n\n<p>Dzi\u0119ki ponad 40-letniemu do\u015bwiadczeniu w intralogistyce pomagamy operatorom 3PL dostosowywa\u0107 si\u0119 do dynamicznie zmieniaj\u0105cego si\u0119 popytu, redukowa\u0107 koszty operacyjne i budowa\u0107 odporne operacje logistyczne.<\/p>\n\n\n\n<div class=\"wp-block-group has-global-padding is-layout-constrained wp-block-group-is-layout-constrained\">\n<h2 class=\"wp-block-heading wp-container-content-1\" id=\"h-wyzwania-przed-ktorymi-stoja-operatorzy-3pl\"><strong>Wyzwania, przed kt\u00f3rymi stoj\u0105 operatorzy 3PL<\/strong><\/h2>\n\n\n\n<ul class=\"wp-block-list\">\n<li>Zarz\u0105dzanie sezonowymi pikami i nieprzewidywalnym popytem<\/li>\n\n\n\n<li>Obs\u0142uga zr\u00f3\u017cnicowanego asortymentu dla wielu klient\u00f3w<\/li>\n\n\n\n<li>Rosn\u0105ce koszty pracy i niedob\u00f3r personelu<\/li>\n\n\n\n<li>Presja na szybsze i bardziej precyzyjne dostawy<\/li>\n\n\n\n<li>Konieczno\u015b\u0107 zapewnienia skalowalnych i elastycznych rozwi\u0105za\u0144 spe\u0142niaj\u0105cych oczekiwania klient\u00f3w<\/li>\n<\/ul>\n<\/div>\n\n\n\n\t\t<div style=\"--dekode-hero-dim:0.5; --t2-icon-fill:var(--wp--preset--color--white);\" class=\"alignfull dekode-hero-content-position-center has-media-background wp-block-dekode-hero has-text-color has-white-color\">\n\t\t\t\t\t<video\n\t\t\tautoplay\n\t\t\tloop\n\t\t\tmuted\n\t\t\tplaysinline\n\t\t\tposter=\"\"\n\t\t\tsrc=\"https:\/\/www.elementlogic.net\/content\/uploads\/sites\/22\/\/2024\/09\/solutions-and-services.mp4\">\n\t\t<\/video>\n\t\t\n\t\t\t<div class=\"dekode-hero__content\">\n\t\t\t\t<div class=\"dekode-hero__container\">\n\t\t\t\t\t\n\n<h2 class=\"wp-block-heading\" id=\"h-zaufali-nam-wiodacy-operatorzy-3pl\">Zaufali nam wiod\u0105cy operatorzy 3PL:<\/h2>\n\n\n\t\t\t\t<\/div>\n\t\t\t<\/div>\n\t\t<\/div>\n\t\t\n\n<div class=\"t2-featured-content-layout alignwide wp-block-t2-featured-content-layout\">\n<div class=\"t2-featured-single-post t2-featured-content is-post-type-case case_tax-3pl wp-block-t2-featured-single-post\"><a class=\"t2-post-link wp-block-t2-post-link\" href=\"https:\/\/www.elementlogic.net\/pl\/cases\/grupa-delta-trans-zwieksza-wydajnosc-i-elastycznosc-dzieki-automatyzacji-z-element-logic\/\">\n\t<div class=\"client-logo-image-wrapper\"><img loading=\"lazy\" decoding=\"async\" width=\"292\" height=\"47\" src=\"https:\/\/www.elementlogic.net\/content\/uploads\/sites\/22\/2026\/04\/logo-delta.png\" class=\"client-logo-image\" alt=\"\" \/><\/div>\n\t<figure style=\"--t2-focal-point: 50% 50%;\" class=\"t2-post-featured-image has-image-ratio-3-2 wp-block-t2-post-featured-image\"><img loading=\"lazy\" decoding=\"async\" width=\"2560\" height=\"1714\" src=\"https:\/\/www.elementlogic.net\/content\/uploads\/sites\/22\/2026\/04\/EL_Grupa-Delta-scaled.jpg\" class=\"attachment-post-thumbnail size-post-thumbnail wp-post-image\" alt=\"\" srcset=\"https:\/\/www.elementlogic.net\/content\/uploads\/sites\/22\/2026\/04\/EL_Grupa-Delta-scaled.jpg 2560w, https:\/\/www.elementlogic.net\/content\/uploads\/sites\/22\/2026\/04\/EL_Grupa-Delta-300x201.jpg 300w, https:\/\/www.elementlogic.net\/content\/uploads\/sites\/22\/2026\/04\/EL_Grupa-Delta-1024x686.jpg 1024w, https:\/\/www.elementlogic.net\/content\/uploads\/sites\/22\/2026\/04\/EL_Grupa-Delta-768x514.jpg 768w, https:\/\/www.elementlogic.net\/content\/uploads\/sites\/22\/2026\/04\/EL_Grupa-Delta-1536x1028.jpg 1536w, https:\/\/www.elementlogic.net\/content\/uploads\/sites\/22\/2026\/04\/EL_Grupa-Delta-2048x1371.jpg 2048w\" sizes=\"(max-width: 2560px) 100vw, 2560px\" \/><\/figure>\n\t\n<\/a>\n\n\t\t<div class=\"card-content wp-block-t2-wrapper\">\n\t<div class=\"wp-block-dekode-post-terms\"><span>3PL<\/span><\/div>\n\t<h3 class=\"t2-post-title wp-block-t2-post-title\"><a href=\"https:\/\/www.elementlogic.net\/pl\/cases\/grupa-delta-trans-zwieksza-wydajnosc-i-elastycznosc-dzieki-automatyzacji-z-element-logic\/\" target=\"_self\" >Grupa Delta Trans zwi\u0119ksza wydajno\u015b\u0107 i elastyczno\u015b\u0107 dzi\u0119ki automatyzacji z Element Logic<\/a><\/h3>\n\t<div class=\"t2-post-excerpt wp-block-t2-post-excerpt\"><p>Kompleksowa logistyka wymaga elastycznych rozwi\u0105za\u0144&nbsp; Grupa Delta Trans nale\u017cy do najwi\u0119kszych operator\u00f3w logistycznych w Polsce, \u0142\u0105cz\u0105c transport drogowy, logistyk\u0119 magazynow\u0105 [&hellip;]<\/p><\/div>\n<\/div>\n<\/div>\n\n<div class=\"t2-featured-single-post t2-featured-content is-post-type-case case_tax-3pl wp-block-t2-featured-single-post\"><a class=\"t2-post-link wp-block-t2-post-link\" href=\"https:\/\/www.elementlogic.net\/pl\/cases\/autostore-z-emanagerem-idealny-system-wspierajacy-rozwoj-firmy\/\">\n\t<div class=\"client-logo-image-wrapper\"><img loading=\"lazy\" decoding=\"async\" width=\"299\" height=\"169\" src=\"https:\/\/www.elementlogic.net\/content\/uploads\/sites\/22\/\/2024\/09\/Logo-Colliflow.png\" class=\"client-logo-image\" alt=\"\" \/><\/div>\n\t<figure style=\"--t2-focal-point: 50% 50%;\" class=\"t2-post-featured-image has-image-ratio-3-2 wp-block-t2-post-featured-image\"><img loading=\"lazy\" decoding=\"async\" width=\"1500\" height=\"819\" src=\"https:\/\/www.elementlogic.net\/content\/uploads\/sites\/22\/\/2024\/09\/Colliflow_3PL_AutoStore_Element-Logic.jpg\" class=\"attachment-post-thumbnail size-post-thumbnail wp-post-image\" alt=\"\" srcset=\"https:\/\/www.elementlogic.net\/content\/uploads\/sites\/22\/2024\/09\/Colliflow_3PL_AutoStore_Element-Logic.jpg 1500w, https:\/\/www.elementlogic.net\/content\/uploads\/sites\/22\/2024\/09\/Colliflow_3PL_AutoStore_Element-Logic-300x164.jpg 300w, https:\/\/www.elementlogic.net\/content\/uploads\/sites\/22\/2024\/09\/Colliflow_3PL_AutoStore_Element-Logic-1024x559.jpg 1024w, https:\/\/www.elementlogic.net\/content\/uploads\/sites\/22\/2024\/09\/Colliflow_3PL_AutoStore_Element-Logic-768x419.jpg 768w\" sizes=\"(max-width: 1500px) 100vw, 1500px\" \/><\/figure>\n\t\n<\/a>\n\n\t\t<div class=\"card-content wp-block-t2-wrapper\">\n\t<div class=\"wp-block-dekode-post-terms\"><span>3PL<\/span><\/div>\n\t<h3 class=\"t2-post-title wp-block-t2-post-title\"><a href=\"https:\/\/www.elementlogic.net\/pl\/cases\/autostore-z-emanagerem-idealny-system-wspierajacy-rozwoj-firmy\/\" target=\"_self\" >AutoStore z eManagerem \u2013 idealny system wspieraj\u0105cy rozw\u00f3j firmy<\/a><\/h3>\n\t<div class=\"t2-post-excerpt wp-block-t2-post-excerpt\"><p>W 2020 roku firma Colliflow sta\u0142a si\u0119 jednym z pierwszych na \u015bwiecie przedsi\u0119biorstw z&nbsp;bran\u017cy logistyki 3PL, kt\u00f3re zautomatyzowa\u0142o operacje magazynowe [&hellip;]<\/p><\/div>\n<\/div>\n<\/div>\n\n\n<\/div>\n\n\n<div class=\"wp-block-buttons is-layout-flex wp-block-buttons-is-layout-flex\">\n<div class=\"wp-block-button\"><a class=\"wp-block-button__link wp-element-button\" href=\"https:\/\/www.elementlogic.net\/pl\/cases\/category\/3pl\/\">Wi\u0119cej przyk\u0142ad\u00f3w z tej bran\u017cy<\/a><\/div>\n<\/div>\n\n\n\n<div class=\"wp-block-group alignwide has-global-padding is-layout-constrained wp-block-group-is-layout-constrained\">\n<h2 class=\"wp-block-heading wp-container-content-2\" id=\"h-dlaczego-operatorzy-3pl-wybieraja-element-logic\">Dlaczego operatorzy 3PL wybieraj\u0105 Element Logic?<\/h2>\n\n\n\n<ul class=\"wp-block-list\">\n<li>Skalowalne systemy dopasowuj\u0105ce si\u0119 do zmiennego popytu klient\u00f3w<\/li>\n\n\n\n<li>Szybki zwrot z inwestycji dzi\u0119ki optymalizacji pracy i oszcz\u0119dno\u015bciom operacyjnym<\/li>\n\n\n\n<li>Technologie gotowe na przysz\u0142o\u015b\u0107, sprawdzone w wielu bran\u017cach<\/li>\n\n\n\n<li>Globalne do\u015bwiadczenie po\u0142\u0105czone z lokalnym wsparciem<\/li>\n<\/ul>\n<\/div>\n\n\n\n<div style=\"height:100px;width:0px\" aria-hidden=\"true\" class=\"wp-block-spacer\"><\/div>\n\n\n\n\t\t<div style=\"--dekode-hero-dim:0.6; --t2-icon-fill:var(--wp--preset--color--white);\" class=\"alignfull dekode-hero-content-position-center has-media-background wp-block-dekode-hero has-text-color has-white-color\">\n\t\t\t<img loading=\"lazy\" decoding=\"async\" width=\"1024\" height=\"683\" src=\"https:\/\/www.elementlogic.net\/content\/uploads\/sites\/22\/2026\/02\/Fiege_1.jpg\" class=\"dekode-hero__image\" alt=\"\" style=\"--focalpoint: 75% 71%;\" srcset=\"https:\/\/www.elementlogic.net\/content\/uploads\/sites\/22\/2026\/02\/Fiege_1.jpg 1024w, https:\/\/www.elementlogic.net\/content\/uploads\/sites\/22\/2026\/02\/Fiege_1-300x200.jpg 300w, https:\/\/www.elementlogic.net\/content\/uploads\/sites\/22\/2026\/02\/Fiege_1-768x512.jpg 768w\" sizes=\"(max-width: 1024px) 100vw, 1024px\" \/>\n\t\t\t<div class=\"dekode-hero__content\">\n\t\t\t\t<div class=\"dekode-hero__container\">\n\t\t\t\t\t\n\n<h1 class=\"wp-block-heading\" id=\"h-pozwol-nam-pomoc-ci-zbudowac-centrum-realizacji-zamowien-przyszlosci\"><strong>Pozw\u00f3l nam pom\u00f3c Ci zbudowa\u0107 centrum realizacji zam\u00f3wie\u0144 przysz\u0142o\u015bci<\/strong><\/h1>\n\n\n\n<div class=\"wp-block-buttons is-layout-flex wp-block-buttons-is-layout-flex\">\n<div class=\"wp-block-button http:\/\/hs-cta-trigger-button hs-cta-trigger-button-195241208906\"><a class=\"wp-block-button__link wp-element-button\" href=\"https:\/\/www.elementlogic.net\/pl\/kontakt\/\">Skontaktuj si\u0119 z nami ju\u017c dzi\u015b<\/a><\/div>\n<\/div>\n\n\n\t\t\t\t<\/div>\n\t\t\t<\/div>\n\t\t<\/div>\n\t\t\n\n\n<p><\/p>\n","protected":false},"excerpt":{"rendered":"<p>Dzi\u0119ki ponad 40-letniemu do\u015bwiadczeniu w intralogistyce pomagamy operatorom 3PL dostosowywa\u0107 si\u0119 do dynamicznie zmieniaj\u0105cego si\u0119 popytu, redukowa\u0107 koszty operacyjne i [&hellip;]<\/p>\n","protected":false},"author":58,"featured_media":0,"parent":2717,"menu_order":0,"comment_status":"closed","ping_status":"closed","template":"","meta":{"hreflang_relation":0,"_el_cross_publish_source_blog_url":"","_el_cross_publish_source_blog_id":0,"_el_cross_publish_source_post_id":0,"_el_cross_publish_sync_state":"","exclude_from_search":false,"footnotes":""},"class_list":["post-2744","page","type-page","status-publish","hentry"],"yoast_head":"<!-- This site is optimized with the Yoast SEO Premium plugin v23.9 (Yoast SEO v23.9) - https:\/\/yoast.com\/wordpress\/plugins\/seo\/ -->\n<title>Bran\u017ca 3PL - Element Logic Poland<\/title>\n<meta name=\"robots\" content=\"index, follow, max-snippet:-1, max-image-preview:large, max-video-preview:-1\" \/>\n<link rel=\"canonical\" href=\"https:\/\/www.elementlogic.net\/pl\/branze\/logityka-3pl\/\" \/>\n<meta property=\"og:locale\" content=\"pl_PL\" \/>\n<meta property=\"og:type\" content=\"article\" \/>\n<meta property=\"og:title\" content=\"Bran\u017ca 3PL\" \/>\n<meta property=\"og:description\" content=\"Dzi\u0119ki ponad 40-letniemu do\u015bwiadczeniu w intralogistyce pomagamy operatorom 3PL dostosowywa\u0107 si\u0119 do dynamicznie zmieniaj\u0105cego si\u0119 popytu, redukowa\u0107 koszty operacyjne i [&hellip;]\" \/>\n<meta property=\"og:url\" content=\"https:\/\/www.elementlogic.net\/pl\/branze\/logityka-3pl\/\" \/>\n<meta property=\"og:site_name\" content=\"Element Logic Poland\" \/>\n<meta property=\"article:modified_time\" content=\"2026-04-30T13:56:03+00:00\" \/>\n<meta name=\"twitter:card\" content=\"summary_large_image\" \/>\n<script type=\"application\/ld+json\" class=\"yoast-schema-graph\">{\"@context\":\"https:\/\/schema.org\",\"@graph\":[{\"@type\":\"WebPage\",\"@id\":\"https:\/\/www.elementlogic.net\/pl\/branze\/logityka-3pl\/\",\"url\":\"https:\/\/www.elementlogic.net\/pl\/branze\/logityka-3pl\/\",\"name\":\"Bran\u017ca 3PL - Element Logic Poland\",\"isPartOf\":{\"@id\":\"https:\/\/www.elementlogic.net\/pl\/#website\"},\"datePublished\":\"2026-03-30T14:50:09+00:00\",\"dateModified\":\"2026-04-30T13:56:03+00:00\",\"breadcrumb\":{\"@id\":\"https:\/\/www.elementlogic.net\/pl\/branze\/logityka-3pl\/#breadcrumb\"},\"inLanguage\":\"pl-PL\",\"potentialAction\":[{\"@type\":\"ReadAction\",\"target\":[\"https:\/\/www.elementlogic.net\/pl\/branze\/logityka-3pl\/\"]}]},{\"@type\":\"BreadcrumbList\",\"@id\":\"https:\/\/www.elementlogic.net\/pl\/branze\/logityka-3pl\/#breadcrumb\",\"itemListElement\":[{\"@type\":\"ListItem\",\"position\":1,\"name\":\"Bran\u017ce\",\"item\":\"https:\/\/www.elementlogic.net\/pl\/branze\/\"},{\"@type\":\"ListItem\",\"position\":2,\"name\":\"Bran\u017ca 3PL\"}]},{\"@type\":\"WebSite\",\"@id\":\"https:\/\/www.elementlogic.net\/pl\/#website\",\"url\":\"https:\/\/www.elementlogic.net\/pl\/\",\"name\":\"Element Logic Poland\",\"description\":\"\",\"potentialAction\":[{\"@type\":\"SearchAction\",\"target\":{\"@type\":\"EntryPoint\",\"urlTemplate\":\"https:\/\/www.elementlogic.net\/pl\/?s={search_term_string}\"},\"query-input\":{\"@type\":\"PropertyValueSpecification\",\"valueRequired\":true,\"valueName\":\"search_term_string\"}}],\"inLanguage\":\"pl-PL\"}]}<\/script>\n<!-- \/ Yoast SEO Premium plugin. -->","yoast_head_json":{"title":"Bran\u017ca 3PL - Element Logic Poland","robots":{"index":"index","follow":"follow","max-snippet":"max-snippet:-1","max-image-preview":"max-image-preview:large","max-video-preview":"max-video-preview:-1"},"canonical":"https:\/\/www.elementlogic.net\/pl\/branze\/logityka-3pl\/","og_locale":"pl_PL","og_type":"article","og_title":"Bran\u017ca 3PL","og_description":"Dzi\u0119ki ponad 40-letniemu do\u015bwiadczeniu w intralogistyce pomagamy operatorom 3PL dostosowywa\u0107 si\u0119 do dynamicznie zmieniaj\u0105cego si\u0119 popytu, redukowa\u0107 koszty operacyjne i [&hellip;]","og_url":"https:\/\/www.elementlogic.net\/pl\/branze\/logityka-3pl\/","og_site_name":"Element Logic Poland","article_modified_time":"2026-04-30T13:56:03+00:00","twitter_card":"summary_large_image","schema":{"@context":"https:\/\/schema.org","@graph":[{"@type":"WebPage","@id":"https:\/\/www.elementlogic.net\/pl\/branze\/logityka-3pl\/","url":"https:\/\/www.elementlogic.net\/pl\/branze\/logityka-3pl\/","name":"Bran\u017ca 3PL - Element Logic Poland","isPartOf":{"@id":"https:\/\/www.elementlogic.net\/pl\/#website"},"datePublished":"2026-03-30T14:50:09+00:00","dateModified":"2026-04-30T13:56:03+00:00","breadcrumb":{"@id":"https:\/\/www.elementlogic.net\/pl\/branze\/logityka-3pl\/#breadcrumb"},"inLanguage":"pl-PL","potentialAction":[{"@type":"ReadAction","target":["https:\/\/www.elementlogic.net\/pl\/branze\/logityka-3pl\/"]}]},{"@type":"BreadcrumbList","@id":"https:\/\/www.elementlogic.net\/pl\/branze\/logityka-3pl\/#breadcrumb","itemListElement":[{"@type":"ListItem","position":1,"name":"Bran\u017ce","item":"https:\/\/www.elementlogic.net\/pl\/branze\/"},{"@type":"ListItem","position":2,"name":"Bran\u017ca 3PL"}]},{"@type":"WebSite","@id":"https:\/\/www.elementlogic.net\/pl\/#website","url":"https:\/\/www.elementlogic.net\/pl\/","name":"Element Logic Poland","description":"","potentialAction":[{"@type":"SearchAction","target":{"@type":"EntryPoint","urlTemplate":"https:\/\/www.elementlogic.net\/pl\/?s={search_term_string}"},"query-input":{"@type":"PropertyValueSpecification","valueRequired":true,"valueName":"search_term_string"}}],"inLanguage":"pl-PL"}]}},"_links":{"self":[{"href":"https:\/\/www.elementlogic.net\/pl\/wp-json\/wp\/v2\/pages\/2744"}],"collection":[{"href":"https:\/\/www.elementlogic.net\/pl\/wp-json\/wp\/v2\/pages"}],"about":[{"href":"https:\/\/www.elementlogic.net\/pl\/wp-json\/wp\/v2\/types\/page"}],"author":[{"embeddable":true,"href":"https:\/\/www.elementlogic.net\/pl\/wp-json\/wp\/v2\/users\/58"}],"replies":[{"embeddable":true,"href":"https:\/\/www.elementlogic.net\/pl\/wp-json\/wp\/v2\/comments?post=2744"}],"version-history":[{"count":4,"href":"https:\/\/www.elementlogic.net\/pl\/wp-json\/wp\/v2\/pages\/2744\/revisions"}],"predecessor-version":[{"id":3111,"href":"https:\/\/www.elementlogic.net\/pl\/wp-json\/wp\/v2\/pages\/2744\/revisions\/3111"}],"up":[{"embeddable":true,"href":"https:\/\/www.elementlogic.net\/pl\/wp-json\/wp\/v2\/pages\/2717"}],"wp:attachment":[{"href":"https:\/\/www.elementlogic.net\/pl\/wp-json\/wp\/v2\/media?parent=2744"}],"curies":[{"name":"wp","href":"https:\/\/api.w.org\/{rel}","templated":true}]}}