{"id":2757,"date":"2026-03-30T14:51:32","date_gmt":"2026-03-30T14:51:32","guid":{"rendered":"https:\/\/www.elementlogic.net\/pl\/?page_id=2757"},"modified":"2026-03-30T14:51:33","modified_gmt":"2026-03-30T14:51:33","slug":"podzespoly-elektroniczne","status":"publish","type":"page","link":"https:\/\/www.elementlogic.net\/pl\/branze\/podzespoly-elektroniczne\/","title":{"rendered":"Podzespo\u0142y elektroniczne"},"content":{"rendered":"\n\t\t<div style=\"--dekode-hero-dim:0.5; --t2-icon-fill:var(--wp--preset--color--white);\" class=\"alignfull dekode-hero-content-position-center has-media-background wp-block-dekode-hero has-text-color has-white-color\">\n\t\t\t<img loading=\"lazy\" decoding=\"async\" width=\"1024\" height=\"1024\" src=\"https:\/\/www.elementlogic.net\/content\/uploads\/sites\/22\/2026\/02\/Gemini_Generated_Image_4f2zeb4f2zeb4f2z-1.png\" class=\"dekode-hero__image\" alt=\"\" style=\"--focalpoint: 50% 34%;\" srcset=\"https:\/\/www.elementlogic.net\/content\/uploads\/sites\/22\/2026\/02\/Gemini_Generated_Image_4f2zeb4f2zeb4f2z-1.png 1024w, https:\/\/www.elementlogic.net\/content\/uploads\/sites\/22\/2026\/02\/Gemini_Generated_Image_4f2zeb4f2zeb4f2z-1-300x300.png 300w, https:\/\/www.elementlogic.net\/content\/uploads\/sites\/22\/2026\/02\/Gemini_Generated_Image_4f2zeb4f2zeb4f2z-1-150x150.png 150w, https:\/\/www.elementlogic.net\/content\/uploads\/sites\/22\/2026\/02\/Gemini_Generated_Image_4f2zeb4f2zeb4f2z-1-768x768.png 768w\" sizes=\"(max-width: 1024px) 100vw, 1024px\" \/>\n\t\t\t<div class=\"dekode-hero__content\">\n\t\t\t\t<div class=\"dekode-hero__container\">\n\t\t\t\t\t\n\n<p><\/p>\n\n\n\n<h1 class=\"wp-block-heading\" id=\"h-podzespoly-elektroniczne\">Podzespo\u0142y elektroniczne<\/h1>\n\n\n<p class=\"t2-ingress wp-block-t2-ingress\">Precyzja, szybko\u015b\u0107 i zerowa tolerancja b\u0142\u0119d\u00f3w<\/p>\n\n\n<div class=\"wp-block-buttons is-layout-flex wp-block-buttons-is-layout-flex\">\n<div class=\"wp-block-button hs-cta-trigger-button hs-cta-trigger-button-195241208906 has-icon has-icon-theme_arrow\"><a class=\"wp-block-button__link wp-element-button\" href=\"https:\/\/www.elementlogic.net\/pl\/kontakt\/\">Skontaktuj si\u0119 z nami<svg xmlns=\"http:\/\/www.w3.org\/2000\/svg\" viewBox=\"0 0 24 24\" height=\"24\" width=\"24\" class=\"t2-icon t2-icon-theme_arrow\" aria-hidden=\"true\" focusable=\"false\"><path d=\"M16.627 12.75H5.25C5.03717 12.75 4.859 12.6782 4.7155 12.5345C4.57183 12.391 4.5 12.2128 4.5 12C4.5 11.7872 4.57183 11.609 4.7155 11.4655C4.859 11.3218 5.03717 11.25 5.25 11.25H16.627L11.4577 6.08076C11.3091 5.93209 11.2357 5.75809 11.2375 5.55876C11.2395 5.35942 11.318 5.18217 11.473 5.02701C11.6282 4.88217 11.8038 4.80717 12 4.80201C12.1962 4.79684 12.3718 4.87184 12.527 5.02701L18.8673 11.3673C18.9609 11.4609 19.0269 11.5597 19.0652 11.6635C19.1037 11.7673 19.123 11.8795 19.123 12C19.123 12.1205 19.1037 12.2327 19.0652 12.3365C19.0269 12.4403 18.9609 12.5391 18.8673 12.6328L12.527 18.973C12.3885 19.1115 12.217 19.1823 12.0125 19.1855C11.808 19.1887 11.6282 19.1178 11.473 18.973C11.318 18.8178 11.2405 18.6397 11.2405 18.4385C11.2405 18.2372 11.318 18.0589 11.473 17.9038L16.627 12.75Z\" fill=\"var(--t2-icon-fill, #000)\"\/><\/svg><\/a><\/div>\n<\/div>\n\n\n\t\t\t\t<\/div>\n\t\t\t<\/div>\n\t\t<\/div>\n\t\t\n\n<p class=\"t2-ingress wp-block-t2-ingress\">W bran\u017cy podzespo\u0142\u00f3w elektronicznych <strong>precyzja nie podlega negocjacjom<\/strong>. Klienci oczekuj\u0105 <strong>bezb\u0142\u0119dnej kompletacji<\/strong>, <strong>b\u0142yskawicznej realizacji zam\u00f3wie\u0144<\/strong> oraz <strong>bezpiecznego obchodzenia si\u0119 z wra\u017cliwymi komponentami o wysokiej warto\u015bci<\/strong>. B\u0142\u0119dy lub op\u00f3\u017anienia mog\u0105 zak\u0142\u00f3ci\u0107 funkcjonowanie ca\u0142ych \u0142a\u0144cuch\u00f3w dostaw \u2013 szczeg\u00f3lnie w sektorach takich jak motoryzacja, przemys\u0142 lotniczy czy elektronika u\u017cytkowa.<\/p>\n\n\n<p>Element Logic wspiera dystrybutor\u00f3w i producent\u00f3w elektroniki w zwi\u0119kszaniu dok\u0142adno\u015bci operacyjnej, redukcji koszt\u00f3w pracy oraz ochronie integralno\u015bci produkt\u00f3w dzi\u0119ki rozwi\u0105zaniom automatyzacyjnym zaprojektowanym dla \u015brodowisk o du\u017cym wolumenie i rozbudowanym portfolio indeks\u00f3w (SKU). Dzi\u0119ki ponad 40-letniemu do\u015bwiadczeniu w intralogistyce dostarczamy rozwi\u0105zania, kt\u00f3re zapewniaj\u0105 niezak\u0142\u00f3cony przep\u0142yw kluczowych komponent\u00f3w.<\/p>\n\n\n\n<div class=\"wp-block-group has-global-padding is-layout-constrained wp-block-group-is-layout-constrained\">\n<h2 class=\"wp-block-heading wp-container-content-1\" id=\"h-wyzwania-w-logistyce-podzespolow-elektronicznych\">Wyzwania w logistyce podzespo\u0142\u00f3w elektronicznych<\/h2>\n\n\n\n<ul class=\"wp-block-list\">\n<li>Zarz\u0105dzanie rozbudowanymi katalogami SKU obejmuj\u0105cymi drobne komponenty o wysokiej warto\u015bci<\/li>\n\n\n\n<li>Utrzymanie rygorystycznych standard\u00f3w dok\u0142adno\u015bci i pe\u0142nej identyfikowalno\u015bci<\/li>\n\n\n\n<li>Ograniczenie wysokich koszt\u00f3w pracy zwi\u0105zanych z manualn\u0105 kompletacj\u0105<\/li>\n\n\n\n<li>Minimalizacja ryzyka uszkodze\u0144 podczas manipulacji i transportu<\/li>\n\n\n\n<li>Realizacja harmonogram\u00f3w produkcji i dostaw w modelu just-in-time<\/li>\n<\/ul>\n<\/div>\n\n\n\n\t\t<div style=\"--dekode-hero-dim:0.5; --t2-icon-fill:var(--wp--preset--color--white);\" class=\"alignfull dekode-hero-content-position-center has-media-background wp-block-dekode-hero has-text-color has-white-color\">\n\t\t\t\t\t<video\n\t\t\tautoplay\n\t\t\tloop\n\t\t\tmuted\n\t\t\tplaysinline\n\t\t\tposter=\"\"\n\t\t\tsrc=\"https:\/\/www.elementlogic.net\/content\/uploads\/sites\/22\/\/2024\/09\/solutions-and-services.mp4\">\n\t\t<\/video>\n\t\t\n\t\t\t<div class=\"dekode-hero__content\">\n\t\t\t\t<div class=\"dekode-hero__container\">\n\t\t\t\t\t\n\n<h2 class=\"wp-block-heading\" id=\"h-zaufali-nam-liderzy-branzy-elektronicznej\">Zaufali nam liderzy bran\u017cy elektronicznej<\/h2>\n\n\n\t\t\t\t<\/div>\n\t\t\t<\/div>\n\t\t<\/div>\n\t\t\n\n<div class=\"t2-featured-content-layout alignwide wp-block-t2-featured-content-layout\">\n<div class=\"t2-featured-single-post t2-featured-content is-post-type-case case_tax-podzespoly-elektroniczne wp-block-t2-featured-single-post\"><a class=\"t2-post-link wp-block-t2-post-link\" href=\"https:\/\/www.elementlogic.net\/pl\/cases\/dhl-supply-chain-automatyzacja-z-mysla-o-ecommerce\/\">\n\t<div class=\"client-logo-image-wrapper\"><img loading=\"lazy\" decoding=\"async\" width=\"300\" height=\"83\" src=\"https:\/\/www.elementlogic.net\/content\/uploads\/sites\/22\/2025\/01\/asaj-300x83.png\" class=\"client-logo-image\" alt=\"\" \/><\/div>\n\t<figure style=\"--t2-focal-point: 50% 50%;\" class=\"t2-post-featured-image has-image-ratio-3-2 wp-block-t2-post-featured-image\"><img loading=\"lazy\" decoding=\"async\" width=\"2560\" height=\"1708\" src=\"https:\/\/www.elementlogic.net\/content\/uploads\/sites\/22\/2025\/01\/Element-Logic-AutoStore-@Boozt-1-scaled.jpg\" class=\"attachment-post-thumbnail size-post-thumbnail wp-post-image\" alt=\"\" srcset=\"https:\/\/www.elementlogic.net\/content\/uploads\/sites\/22\/2025\/01\/Element-Logic-AutoStore-@Boozt-1-scaled.jpg 2560w, https:\/\/www.elementlogic.net\/content\/uploads\/sites\/22\/2025\/01\/Element-Logic-AutoStore-@Boozt-1-300x200.jpg 300w, https:\/\/www.elementlogic.net\/content\/uploads\/sites\/22\/2025\/01\/Element-Logic-AutoStore-@Boozt-1-1024x683.jpg 1024w, https:\/\/www.elementlogic.net\/content\/uploads\/sites\/22\/2025\/01\/Element-Logic-AutoStore-@Boozt-1-768x513.jpg 768w, https:\/\/www.elementlogic.net\/content\/uploads\/sites\/22\/2025\/01\/Element-Logic-AutoStore-@Boozt-1-1536x1025.jpg 1536w, https:\/\/www.elementlogic.net\/content\/uploads\/sites\/22\/2025\/01\/Element-Logic-AutoStore-@Boozt-1-2048x1367.jpg 2048w\" sizes=\"(max-width: 2560px) 100vw, 2560px\" \/><\/figure>\n\t\n<\/a>\n\n\t\t<div class=\"card-content wp-block-t2-wrapper\">\n\t<div class=\"wp-block-dekode-post-terms\"><span>Podzespo\u0142y elektroniczne<\/span><\/div>\n\t<h3 class=\"t2-post-title wp-block-t2-post-title\"><a href=\"https:\/\/www.elementlogic.net\/pl\/cases\/dhl-supply-chain-automatyzacja-z-mysla-o-ecommerce\/\" target=\"_self\" >Transformacja logistyczna ASAJ. Sukces dzi\u0119ki wdro\u017ceniu systemu AutoStore<\/a><\/h3>\n\t<div class=\"t2-post-excerpt wp-block-t2-post-excerpt\"><p>ASAJ to polska firma specjalizuj\u0105ca si\u0119 w bran\u017cy elektrotechnicznej, energetycznej i OZE. Automatyzuj\u0105c swoje procesy logistyczne we wsp\u00f3\u0142pracy z Element [&hellip;]<\/p><\/div>\n<\/div>\n<\/div>\n\n<div class=\"t2-featured-single-post t2-featured-content is-post-type-case case_tax-podzespoly-elektroniczne wp-block-t2-featured-single-post\"><a class=\"t2-post-link wp-block-t2-post-link\" href=\"https:\/\/www.elementlogic.net\/pl\/cases\/rekordowo-szybki-zwrot-z-inwestycji-w-autostore\/\">\n\t<div class=\"client-logo-image-wrapper\"><img loading=\"lazy\" decoding=\"async\" width=\"300\" height=\"77\" src=\"https:\/\/www.elementlogic.net\/content\/uploads\/sites\/22\/\/2024\/09\/Elektroimportoren-Logo-300x77.png\" class=\"client-logo-image\" alt=\"\" \/><\/div>\n\t<figure style=\"--t2-focal-point: 50% 50%;\" class=\"t2-post-featured-image has-image-ratio-3-2 wp-block-t2-post-featured-image\"><img loading=\"lazy\" decoding=\"async\" width=\"1500\" height=\"844\" src=\"https:\/\/www.elementlogic.net\/content\/uploads\/sites\/22\/\/2024\/09\/Elektroimportoren-Autostore-Warehouse-Element-Logic.jpg\" class=\"attachment-post-thumbnail size-post-thumbnail wp-post-image\" alt=\"\" srcset=\"https:\/\/www.elementlogic.net\/content\/uploads\/sites\/22\/2024\/09\/Elektroimportoren-Autostore-Warehouse-Element-Logic.jpg 1500w, https:\/\/www.elementlogic.net\/content\/uploads\/sites\/22\/2024\/09\/Elektroimportoren-Autostore-Warehouse-Element-Logic-300x169.jpg 300w, https:\/\/www.elementlogic.net\/content\/uploads\/sites\/22\/2024\/09\/Elektroimportoren-Autostore-Warehouse-Element-Logic-1024x576.jpg 1024w, https:\/\/www.elementlogic.net\/content\/uploads\/sites\/22\/2024\/09\/Elektroimportoren-Autostore-Warehouse-Element-Logic-768x432.jpg 768w\" sizes=\"(max-width: 1500px) 100vw, 1500px\" \/><\/figure>\n\t\n<\/a>\n\n\t\t<div class=\"card-content wp-block-t2-wrapper\">\n\t<div class=\"wp-block-dekode-post-terms\"><span>Podzespo\u0142y elektroniczne<\/span><\/div>\n\t<h3 class=\"t2-post-title wp-block-t2-post-title\"><a href=\"https:\/\/www.elementlogic.net\/pl\/cases\/rekordowo-szybki-zwrot-z-inwestycji-w-autostore\/\" target=\"_self\" >Rekordowo szybki zwrot z inwestycji w AutoStore<\/a><\/h3>\n\t<div class=\"t2-post-excerpt wp-block-t2-post-excerpt\"><p>Elektroimport\u00f8ren to dostawca pe\u0142nego asortymentu sprz\u0119tu elektrycznego zar\u00f3wno dla klient\u00f3w biznesowych (B2B), jak i indywidualnych (B2C). Firma odnotowa\u0142a ogromny wzrost [&hellip;]<\/p><\/div>\n<\/div>\n<\/div>\n\n<div class=\"t2-featured-single-post t2-featured-content is-post-type-case case_tax-podzespoly-elektroniczne wp-block-t2-featured-single-post\"><a class=\"t2-post-link wp-block-t2-post-link\" href=\"https:\/\/www.elementlogic.net\/pl\/cases\/ramie-robota-polaczone-z-systemem-autostore-w-firmie-solar\/\">\n\t<div class=\"client-logo-image-wrapper\"><img loading=\"lazy\" decoding=\"async\" width=\"300\" height=\"270\" src=\"https:\/\/www.elementlogic.net\/content\/uploads\/sites\/22\/\/2024\/09\/solar-logo-300x270.jpg\" class=\"client-logo-image\" alt=\"\" \/><\/div>\n\t<figure style=\"--t2-focal-point: 50% 50%;\" class=\"t2-post-featured-image has-image-ratio-3-2 wp-block-t2-post-featured-image\"><img loading=\"lazy\" decoding=\"async\" width=\"1500\" height=\"1000\" src=\"https:\/\/www.elementlogic.net\/content\/uploads\/sites\/22\/\/2024\/09\/EL_Solar_eOperator_robot.jpg\" class=\"attachment-post-thumbnail size-post-thumbnail wp-post-image\" alt=\"Red Line Autostore w magazynie firmy Solar\" srcset=\"https:\/\/www.elementlogic.net\/content\/uploads\/sites\/22\/2024\/09\/EL_Solar_eOperator_robot.jpg 1500w, https:\/\/www.elementlogic.net\/content\/uploads\/sites\/22\/2024\/09\/EL_Solar_eOperator_robot-300x200.jpg 300w, https:\/\/www.elementlogic.net\/content\/uploads\/sites\/22\/2024\/09\/EL_Solar_eOperator_robot-1024x683.jpg 1024w, https:\/\/www.elementlogic.net\/content\/uploads\/sites\/22\/2024\/09\/EL_Solar_eOperator_robot-768x512.jpg 768w\" sizes=\"(max-width: 1500px) 100vw, 1500px\" \/><\/figure>\n\t\n<\/a>\n\n\t\t<div class=\"card-content wp-block-t2-wrapper\">\n\t<div class=\"wp-block-dekode-post-terms\"><span>Podzespo\u0142y elektroniczne<\/span><\/div>\n\t<h3 class=\"t2-post-title wp-block-t2-post-title\"><a href=\"https:\/\/www.elementlogic.net\/pl\/cases\/ramie-robota-polaczone-z-systemem-autostore-w-firmie-solar\/\" target=\"_self\" >Rami\u0119 robota po\u0142\u0105czone \nz systemem AutoStore \nw firmie Solar<\/a><\/h3>\n\t<div class=\"t2-post-excerpt wp-block-t2-post-excerpt\"><p>W 1919 roku m\u0142ody wizjoner z Danii przewidzia\u0142, w jaki spos\u00f3b post\u0119p industrializacji i elektryfikacji stworzy zapotrzebowanie na komponenty elektryczne. [&hellip;]<\/p><\/div>\n<\/div>\n<\/div>\n<\/div>\n\n\n<div class=\"wp-block-buttons is-layout-flex wp-block-buttons-is-layout-flex\">\n<div class=\"wp-block-button\"><a class=\"wp-block-button__link wp-element-button\" href=\"https:\/\/www.elementlogic.net\/pl\/cases\/category\/podzespoly-elektroniczne\/\">Wi\u0119cej przyk\u0142ad\u00f3w z tej bran\u017cy<\/a><\/div>\n<\/div>\n\n\n\n<div class=\"wp-block-group alignwide has-global-padding is-layout-constrained wp-block-group-is-layout-constrained\">\n<h2 class=\"wp-block-heading wp-container-content-2\" id=\"h-dlaczego-firmy-z-branzy-elektronicznej-wybieraja-element-logic\">Dlaczego firmy z bran\u017cy elektronicznej wybieraj\u0105 Element Logic<\/h2>\n\n\n\n<ul class=\"wp-block-list\">\n<li>Realizacja zam\u00f3wie\u0144 z zerowym poziomem b\u0142\u0119d\u00f3w \u2013 tak\u017ce dla wra\u017cliwych komponent\u00f3w o wysokiej warto\u015bci<\/li>\n\n\n\n<li>Skalowalno\u015b\u0107 dzi\u0119ki ultra-g\u0119stym, zautomatyzowanym systemom sk\u0142adowania<\/li>\n\n\n\n<li>Zwi\u0119kszenie efektywno\u015bci pracy i ograniczenie operacji manualnych<\/li>\n\n\n\n<li>Pe\u0142na widoczno\u015b\u0107 proces\u00f3w i identyfikowalno\u015b\u0107 w ca\u0142ym \u0142a\u0144cuchu operacyjnym \u2013 zgodno\u015b\u0107 z wymogami jako\u015bci i audyt\u00f3w<\/li>\n<\/ul>\n<\/div>\n\n\n\n<div style=\"height:100px;width:0px\" aria-hidden=\"true\" class=\"wp-block-spacer\"><\/div>\n\n\n\n\t\t<div style=\"--dekode-hero-dim:0.6; --t2-icon-fill:var(--wp--preset--color--white);\" class=\"alignfull dekode-hero-content-position-center has-media-background wp-block-dekode-hero has-text-color has-white-color\">\n\t\t\t<img loading=\"lazy\" decoding=\"async\" width=\"1024\" height=\"1024\" src=\"https:\/\/www.elementlogic.net\/content\/uploads\/sites\/22\/2026\/02\/Electronic-componenets-costumer-1.png\" class=\"dekode-hero__image\" alt=\"\" style=\"--focalpoint: 74% 39%;\" srcset=\"https:\/\/www.elementlogic.net\/content\/uploads\/sites\/22\/2026\/02\/Electronic-componenets-costumer-1.png 1024w, https:\/\/www.elementlogic.net\/content\/uploads\/sites\/22\/2026\/02\/Electronic-componenets-costumer-1-300x300.png 300w, https:\/\/www.elementlogic.net\/content\/uploads\/sites\/22\/2026\/02\/Electronic-componenets-costumer-1-150x150.png 150w, https:\/\/www.elementlogic.net\/content\/uploads\/sites\/22\/2026\/02\/Electronic-componenets-costumer-1-768x768.png 768w\" sizes=\"(max-width: 1024px) 100vw, 1024px\" \/>\n\t\t\t<div class=\"dekode-hero__content\">\n\t\t\t\t<div class=\"dekode-hero__container\">\n\t\t\t\t\t\n\n<h1 class=\"wp-block-heading\" id=\"h-dodaj-precyzje-do-kazdego-zamowienia-dzieki-automatyzacji-magazynu\"><strong>Dodaj precyzj\u0119 do ka\u017cdego zam\u00f3wienia dzi\u0119ki automatyzacji magazynu.<\/strong><\/h1>\n\n\n\n<div class=\"wp-block-buttons is-layout-flex wp-block-buttons-is-layout-flex\">\n<div class=\"wp-block-button http:\/\/hs-cta-trigger-button hs-cta-trigger-button-195241208906\"><a class=\"wp-block-button__link wp-element-button\" href=\"https:\/\/www.elementlogic.net\/pl\/kontakt\/\">Skontaktuj si\u0119 z nami ju\u017c dzi\u015b.<\/a><\/div>\n<\/div>\n\n\n\t\t\t\t<\/div>\n\t\t\t<\/div>\n\t\t<\/div>\n\t\t\n\n\n<p><\/p>\n","protected":false},"excerpt":{"rendered":"<p>Element Logic wspiera dystrybutor\u00f3w i producent\u00f3w elektroniki w zwi\u0119kszaniu dok\u0142adno\u015bci operacyjnej, redukcji koszt\u00f3w pracy oraz ochronie integralno\u015bci produkt\u00f3w dzi\u0119ki rozwi\u0105zaniom [&hellip;]<\/p>\n","protected":false},"author":58,"featured_media":0,"parent":2717,"menu_order":0,"comment_status":"closed","ping_status":"closed","template":"","meta":{"hreflang_relation":0,"_el_cross_publish_source_blog_url":"","_el_cross_publish_source_blog_id":0,"_el_cross_publish_source_post_id":0,"_el_cross_publish_sync_state":"","exclude_from_search":false,"footnotes":""},"class_list":["post-2757","page","type-page","status-publish","hentry"],"yoast_head":"<!-- This site is optimized with the Yoast SEO Premium plugin v23.9 (Yoast SEO v23.9) - https:\/\/yoast.com\/wordpress\/plugins\/seo\/ -->\n<title>Podzespo\u0142y elektroniczne - Element Logic Poland<\/title>\n<meta name=\"robots\" content=\"index, follow, max-snippet:-1, max-image-preview:large, max-video-preview:-1\" \/>\n<link rel=\"canonical\" href=\"https:\/\/www.elementlogic.net\/pl\/branze\/podzespoly-elektroniczne\/\" \/>\n<meta property=\"og:locale\" content=\"pl_PL\" \/>\n<meta property=\"og:type\" content=\"article\" \/>\n<meta property=\"og:title\" content=\"Podzespo\u0142y elektroniczne\" \/>\n<meta property=\"og:description\" content=\"Element Logic wspiera dystrybutor\u00f3w i producent\u00f3w elektroniki w zwi\u0119kszaniu dok\u0142adno\u015bci operacyjnej, redukcji koszt\u00f3w pracy oraz ochronie integralno\u015bci produkt\u00f3w dzi\u0119ki rozwi\u0105zaniom [&hellip;]\" \/>\n<meta property=\"og:url\" content=\"https:\/\/www.elementlogic.net\/pl\/branze\/podzespoly-elektroniczne\/\" \/>\n<meta property=\"og:site_name\" content=\"Element Logic Poland\" \/>\n<meta property=\"article:modified_time\" content=\"2026-03-30T14:51:33+00:00\" \/>\n<meta name=\"twitter:card\" content=\"summary_large_image\" \/>\n<meta name=\"twitter:label1\" content=\"Szacowany czas czytania\" \/>\n\t<meta name=\"twitter:data1\" content=\"2 minuty\" \/>\n<script type=\"application\/ld+json\" class=\"yoast-schema-graph\">{\"@context\":\"https:\/\/schema.org\",\"@graph\":[{\"@type\":\"WebPage\",\"@id\":\"https:\/\/www.elementlogic.net\/pl\/branze\/podzespoly-elektroniczne\/\",\"url\":\"https:\/\/www.elementlogic.net\/pl\/branze\/podzespoly-elektroniczne\/\",\"name\":\"Podzespo\u0142y elektroniczne - Element Logic Poland\",\"isPartOf\":{\"@id\":\"https:\/\/www.elementlogic.net\/pl\/#website\"},\"datePublished\":\"2026-03-30T14:51:32+00:00\",\"dateModified\":\"2026-03-30T14:51:33+00:00\",\"breadcrumb\":{\"@id\":\"https:\/\/www.elementlogic.net\/pl\/branze\/podzespoly-elektroniczne\/#breadcrumb\"},\"inLanguage\":\"pl-PL\",\"potentialAction\":[{\"@type\":\"ReadAction\",\"target\":[\"https:\/\/www.elementlogic.net\/pl\/branze\/podzespoly-elektroniczne\/\"]}]},{\"@type\":\"BreadcrumbList\",\"@id\":\"https:\/\/www.elementlogic.net\/pl\/branze\/podzespoly-elektroniczne\/#breadcrumb\",\"itemListElement\":[{\"@type\":\"ListItem\",\"position\":1,\"name\":\"Bran\u017ce\",\"item\":\"https:\/\/www.elementlogic.net\/pl\/branze\/\"},{\"@type\":\"ListItem\",\"position\":2,\"name\":\"Podzespo\u0142y elektroniczne\"}]},{\"@type\":\"WebSite\",\"@id\":\"https:\/\/www.elementlogic.net\/pl\/#website\",\"url\":\"https:\/\/www.elementlogic.net\/pl\/\",\"name\":\"Element Logic Poland\",\"description\":\"\",\"potentialAction\":[{\"@type\":\"SearchAction\",\"target\":{\"@type\":\"EntryPoint\",\"urlTemplate\":\"https:\/\/www.elementlogic.net\/pl\/?s={search_term_string}\"},\"query-input\":{\"@type\":\"PropertyValueSpecification\",\"valueRequired\":true,\"valueName\":\"search_term_string\"}}],\"inLanguage\":\"pl-PL\"}]}<\/script>\n<!-- \/ Yoast SEO Premium plugin. -->","yoast_head_json":{"title":"Podzespo\u0142y elektroniczne - Element Logic Poland","robots":{"index":"index","follow":"follow","max-snippet":"max-snippet:-1","max-image-preview":"max-image-preview:large","max-video-preview":"max-video-preview:-1"},"canonical":"https:\/\/www.elementlogic.net\/pl\/branze\/podzespoly-elektroniczne\/","og_locale":"pl_PL","og_type":"article","og_title":"Podzespo\u0142y elektroniczne","og_description":"Element Logic wspiera dystrybutor\u00f3w i producent\u00f3w elektroniki w zwi\u0119kszaniu dok\u0142adno\u015bci operacyjnej, redukcji koszt\u00f3w pracy oraz ochronie integralno\u015bci produkt\u00f3w dzi\u0119ki rozwi\u0105zaniom [&hellip;]","og_url":"https:\/\/www.elementlogic.net\/pl\/branze\/podzespoly-elektroniczne\/","og_site_name":"Element Logic Poland","article_modified_time":"2026-03-30T14:51:33+00:00","twitter_card":"summary_large_image","twitter_misc":{"Szacowany czas czytania":"2 minuty"},"schema":{"@context":"https:\/\/schema.org","@graph":[{"@type":"WebPage","@id":"https:\/\/www.elementlogic.net\/pl\/branze\/podzespoly-elektroniczne\/","url":"https:\/\/www.elementlogic.net\/pl\/branze\/podzespoly-elektroniczne\/","name":"Podzespo\u0142y elektroniczne - Element Logic Poland","isPartOf":{"@id":"https:\/\/www.elementlogic.net\/pl\/#website"},"datePublished":"2026-03-30T14:51:32+00:00","dateModified":"2026-03-30T14:51:33+00:00","breadcrumb":{"@id":"https:\/\/www.elementlogic.net\/pl\/branze\/podzespoly-elektroniczne\/#breadcrumb"},"inLanguage":"pl-PL","potentialAction":[{"@type":"ReadAction","target":["https:\/\/www.elementlogic.net\/pl\/branze\/podzespoly-elektroniczne\/"]}]},{"@type":"BreadcrumbList","@id":"https:\/\/www.elementlogic.net\/pl\/branze\/podzespoly-elektroniczne\/#breadcrumb","itemListElement":[{"@type":"ListItem","position":1,"name":"Bran\u017ce","item":"https:\/\/www.elementlogic.net\/pl\/branze\/"},{"@type":"ListItem","position":2,"name":"Podzespo\u0142y elektroniczne"}]},{"@type":"WebSite","@id":"https:\/\/www.elementlogic.net\/pl\/#website","url":"https:\/\/www.elementlogic.net\/pl\/","name":"Element Logic Poland","description":"","potentialAction":[{"@type":"SearchAction","target":{"@type":"EntryPoint","urlTemplate":"https:\/\/www.elementlogic.net\/pl\/?s={search_term_string}"},"query-input":{"@type":"PropertyValueSpecification","valueRequired":true,"valueName":"search_term_string"}}],"inLanguage":"pl-PL"}]}},"_links":{"self":[{"href":"https:\/\/www.elementlogic.net\/pl\/wp-json\/wp\/v2\/pages\/2757"}],"collection":[{"href":"https:\/\/www.elementlogic.net\/pl\/wp-json\/wp\/v2\/pages"}],"about":[{"href":"https:\/\/www.elementlogic.net\/pl\/wp-json\/wp\/v2\/types\/page"}],"author":[{"embeddable":true,"href":"https:\/\/www.elementlogic.net\/pl\/wp-json\/wp\/v2\/users\/58"}],"replies":[{"embeddable":true,"href":"https:\/\/www.elementlogic.net\/pl\/wp-json\/wp\/v2\/comments?post=2757"}],"version-history":[{"count":2,"href":"https:\/\/www.elementlogic.net\/pl\/wp-json\/wp\/v2\/pages\/2757\/revisions"}],"predecessor-version":[{"id":2761,"href":"https:\/\/www.elementlogic.net\/pl\/wp-json\/wp\/v2\/pages\/2757\/revisions\/2761"}],"up":[{"embeddable":true,"href":"https:\/\/www.elementlogic.net\/pl\/wp-json\/wp\/v2\/pages\/2717"}],"wp:attachment":[{"href":"https:\/\/www.elementlogic.net\/pl\/wp-json\/wp\/v2\/media?parent=2757"}],"curies":[{"name":"wp","href":"https:\/\/api.w.org\/{rel}","templated":true}]}}